{"id":23779,"date":"2023-08-28T00:00:00","date_gmt":"2023-08-28T00:00:00","guid":{"rendered":"https:\/\/www.espamob.com\/settori-stage-aziende-erasmusplus\/sanitario\/stage-erasmus-aide-soignant\/"},"modified":"2024-02-23T18:56:57","modified_gmt":"2024-02-23T18:56:57","slug":"stage-erasmus-assistente-di-cura","status":"publish","type":"page","link":"https:\/\/espamob.com\/it\/settori-stage-aziende-erasmusplus\/sanitario\/stage-erasmus-assistente-di-cura\/","title":{"rendered":"Stage Erasmus : Aide soignant"},"content":{"rendered":"<div class=\"wpb-content-wrapper\"><p>[vc_row css=&#8221;.vc_custom_1708634214655{margin-top: -20px !important;margin-bottom: 40px !important;background-image: url(https:\/\/espamob.com\/wp-content\/uploads\/2024\/02\/Cuidador.webp?id=23742) !important;}&#8221; conditional_render=&#8221;%5B%7B%22value_role%22%3A%22administrator%22%7D%5D&#8221;][vc_column css=&#8221;.vc_custom_1687965657482{padding-top: 30px !important;}&#8221; conditional_render=&#8221;%5B%7B%22value_role%22%3A%22administrator%22%7D%5D&#8221;][vc_empty_space height=&#8221;170&#8243;][vc_custom_heading text=&#8221;Stage Erasmus : Assistente di cura&#8221; font_container=&#8221;tag:h1|font_size:27|text_align:center|color:%23ffffff&#8221; use_theme_fonts=&#8221;yes&#8221; css=&#8221;.vc_custom_1708713804515{margin-bottom: 15px !important;background-color: rgba(136,136,136,0.29) !important;*background-color: rgb(136,136,136) !important;}&#8221; animation_type=&#8221;zoomIn&#8221;][vc_empty_space height=&#8221;40&#8243;][\/vc_column][\/vc_row][vc_row wrap_container=&#8221;yes&#8221; text_align=&#8221;justify&#8221;][vc_column text_align=&#8221;justify&#8221;][vc_column_text]<\/p>\n<nav aria-label=\"breadcrumb\">\n<ol class=\"breadcrumb\">\n<li class=\"breadcrumb-item\"><a href=\"https:\/\/espamob.com\/it\">Home<\/a><\/li>\n<li class=\"breadcrumb-item\"><a href=\"https:\/\/espamob.com\/it\/settori-stage-aziende-erasmusplus\">Settori di stage<\/a><\/li>\n<li class=\"breadcrumb-item active\" aria-current=\"page\"><a href=\"https:\/\/espamob.com\/it\/settori-stage-aziende-erasmusplus\/sanitario\/\">Mobilit\u00e0 nelle professioni sanitarie<\/a><\/li>\n<li class=\"breadcrumb-item active\" aria-current=\"page\">Tirocinio Erasmus: Assistente di cura<\/li>\n<\/ol>\n<\/nav>\n<p>[\/vc_column_text][vc_custom_heading text=&#8221;Tirocinio Erasmus come assistente di cura: un&#8217;opportunit\u00e0 unica di sviluppo professionale e personale&#8221; use_theme_fonts=&#8221;yes&#8221; css=&#8221;.vc_custom_1708713841508{margin-top: 20px !important;}&#8221;][vc_separator][vc_row_inner][vc_column_inner width=&#8221;7\/12&#8243;][vc_column_text]<\/p>\n<p style=\"font-weight: 400;\">Il <strong>programma Erasmus<\/strong> \u00e8 ben noto per offrire agli studenti opportunit\u00e0 di scambio universitario all&#8217;estero. Tuttavia, sapevi che esistono anche opportunit\u00e0 di stage Erasmus per gli assistente di cura? Partecipando a uno stage Erasmus per operatori socio-sanitari, avrai l&#8217;opportunit\u00e0 di sviluppare le tue competenze professionali, migliorare le tue abilit\u00e0 linguistiche e scoprire nuove culture. In questo articolo, ti presentiamo i molteplici vantaggi di questi stage e i passi da seguire per beneficiarne.<\/p>\n<h2 style=\"font-weight: 400;\">I vantaggi di uno stage Erasmus per assistente di cura<\/h2>\n<p style=\"font-weight: 400;\">Svolgere uno stage nel contesto del programma Erasmus offre diversi vantaggi significativi per gli assistente di cura:<\/p>\n<ol>\n<li><strong>Sviluppo delle competenze professionali:<\/strong> Sarai chiamato a lavorare in un ambiente diverso, con nuovi metodi di lavoro e nuovi approcci alla professione di operatore socio-sanitario. Questa esperienza ti consentir\u00e0 di acquisire nuove competenze e migliorare quelle che gi\u00e0 possiedi.<\/li>\n<li><strong>Miglioramento delle competenze linguistiche:<\/strong> La pratica quotidiana di una lingua straniera in un contesto professionale \u00e8 uno dei modi migliori per progredire rapidamente. Inoltre, padroneggiare una o pi\u00f9 lingue straniere \u00e8 un vantaggio innegabile sul mercato del lavoro, soprattutto nel settore della salute.<\/li>\n<li><strong>Scoperta di nuove culture:<\/strong> Vivere all&#8217;estero, anche per un breve periodo, ti offre l&#8217;opportunit\u00e0 di esplorare una nuova cultura e incontrare persone provenienti da diverse realt\u00e0. Questa esperienza pu\u00f2 essere arricchente sia dal punto di vista personale che professionale.<\/li>\n<li><strong>Ampliamento della rete professionale:<\/strong> Uno stage Erasmus per assistente di cura \u00e8 anche l&#8217;occasione per stabilire legami con professionisti della salute in un altro paese. Questi contatti potranno essere utili in futuro, specialmente se desideri lavorare all&#8217;estero o in un contesto internazionale<\/li>\n<\/ol>\n<p>[\/vc_column_text][\/vc_column_inner][vc_column_inner width=&#8221;1\/12&#8243;][\/vc_column_inner][vc_column_inner width=&#8221;4\/12&#8243;][vc_single_image image=&#8221;18110&#8243; img_size=&#8221;400*400&#8243; alignment=&#8221;right&#8221; style=&#8221;vc_box_rounded&#8221;][vc_btn title=&#8221;Scoprire di pi\u00f9&#8221; style=&#8221;custom&#8221; custom_background=&#8221;#e20000&#8243; custom_text=&#8221;#ffffff&#8221; align=&#8221;center&#8221; link=&#8221;url:https%3A%2F%2Fespamob.com%2Fit%2Fcontacto-con-nuestro-equipo-de-movilidad%2F|title:Contacto|target:_blank&#8221;][\/vc_column_inner][\/vc_row_inner][vc_custom_heading text=&#8221;Condizioni per beneficiare di uno stage Erasmus come assistente di cura&#8221; font_container=&#8221;tag:h3|text_align:left&#8221; use_theme_fonts=&#8221;yes&#8221; css=&#8221;.vc_custom_1708713996484{margin-top: 20px !important;}&#8221;][vc_separator][vc_row_inner][vc_column_inner width=&#8221;7\/12&#8243;][vc_column_text]<\/p>\n<p style=\"font-weight: 400;\">Per poter partecipare a uno stage Erasmus come assistente di cura, \u00e8 necessario soddisfare alcune condizioni:<\/p>\n<ul>\n<li>Essere iscritto a un corso di formazione per operatori socio-sanitari riconosciuto dal tuo paese d&#8217;origine.<\/li>\n<li>Seguire questa formazione presso un istituto che abbia firmato una carta Erasmus+ con l&#8217;Unione Europea.<\/li>\n<li>Trovare uno stage presso un&#8217;istituzione situata in un paese partecipante al programma Erasmus+. Gli stage possono svolgersi in ospedali, cliniche, case di riposo o altre strutture sanitarie che accolgono pazienti.<\/li>\n<li>Fornire al tuo istituto di origine un progetto di stage dettagliato, specificando gli obiettivi e le attivit\u00e0 previste durante lo stage.<\/li>\n<li>Rispettare la durata minima e massima dello stage, che varia a seconda delle istituzioni e dei paesi.<\/li>\n<\/ul>\n<p style=\"font-weight: 400;\">\u00c8 importante notare che le procedure per trovare uno stage possono essere facilitate utilizzando <strong>piattaforme<\/strong> specializzate negli stage Erasmus, che elencano le offerte di stage disponibili in diversi paesi.<\/p>\n<h3 style=\"font-weight: 400;\">Finanziamenti possibili<\/h3>\n<p style=\"font-weight: 400;\">Il programma Erasmus+ offre finanziamenti per aiutare gli studenti a svolgere il loro stage all&#8217;estero. Le somme assegnate variano a seconda dei paesi di origine e destinazione, nonch\u00e9 della durata dello stage. Queste borse di studio sono assegnate in base a criteri sociali e accademici, quindi \u00e8 importante informarsi bene sulle condizioni di ammissibilit\u00e0 e preparare una documentazione solida.<\/p>\n<h3 style=\"font-weight: 400;\">Riconoscimento dello stage<\/h3>\n<p style=\"font-weight: 400;\">Perch\u00e9 il tuo stage Erasmus per operatori socio-sanitari sia riconosciuto e convalidato nel contesto della tua formazione, \u00e8 essenziale seguire le procedure amministrative imposte dal tuo istituto di origine. Questo di solito include la firma di una convenzione di stage tra il tuo istituto di origine, l&#8217;istituto ospitante e te stesso, oltre alla presentazione di un rapporto di stage alla fine della tua esperienza all&#8217;estero.<\/p>\n<h2 style=\"font-weight: 400;\">Prepararsi adeguatamente per uno stage Erasmus come assistente di cura<\/h2>\n<p style=\"font-weight: 400;\">Per sfruttare appieno questa esperienza unica, ecco alcuni consigli per prepararti bene per il tuo stage Erasmus:<\/p>\n<ul>\n<li><strong>Informarsi sul paese e sulla cultura:<\/strong> Prima di partire, \u00e8 importante familiarizzarsi con le usanze, la lingua e le specificit\u00e0 del sistema sanitario del paese ospitante. Ci\u00f2 faciliter\u00e0 la tua integrazione e ti permetter\u00e0 di affrontare serenamente il tuo stage.<\/li>\n<li><strong>Organizzarsi in anticipo<\/strong>: Trovare un alloggio, stipulare un&#8217;assicurazione sanitaria e pianificare un budget adeguato sono tutte attivit\u00e0 da anticipare prima dell&#8217;inizio del tuo stage Erasmus per operatori socio-sanitari.<\/li>\n<li><strong>Stabilire obiettivi chiari<\/strong>: Per sfruttare appieno questa esperienza professionale e personale, \u00e8 essenziale definire obiettivi precisi in termini di apprendimento e sviluppo delle competenze.<\/li>\n<\/ul>\n<p><span style=\"font-weight: 400;\">In sintesi, svolgere uno stage Erasmus come assistente di cura \u00e8 un&#8217;opportunit\u00e0 unica di sviluppo professionale e personale per gli studenti di questo settore. Affrontando questa sfida, arricchirai il tuo percorso e acquisirai autonomia, scoprendo nuove culture ed espandendo la tua rete professionale.<\/span>[\/vc_column_text][\/vc_column_inner][vc_column_inner width=&#8221;1\/12&#8243;][\/vc_column_inner][vc_column_inner width=&#8221;4\/12&#8243;][vc_raw_html]JTNDZGl2JTIwc3R5bGUlM0QlMjJwYWRkaW5nJTNBJTIwMzBweCUzQmJhY2tncm91bmQtY29sb3IlM0ElMjAlMjNGNEY0RjQlM0IlMjIlM0UlMEElMjAlMjAlMjAlMjAlM0NoNCUzRVNjb3ByaSUyMHR1dHRpJTIwaSUyMHNldHRvcmklMjBkaSUyMHRpcm9jaW5pbyUzQyUyRmg0JTNFJTBBJTIwJTIwJTIwJTIwJTNDcCUzRUwlMjdFc3BhbW9iJTIwJUMzJUE4JTIwc3BlY2lhbGl6emF0byUyMG5lbGwlMjdhc3Npc3RlbnphJTIwYWklMjBncnVwcGklMjBwZXIlMjBsYSUyMG1vYmlsaXQlQzMlQTAlMjBFcmFzbXVzJTIwJTJCLiUyMFNjb3ByaXRlJTIwdHV0dGklMjBpJTIwc2V0dG9yaSUyMGRpJTIwdGlyb2NpbmlvJTIwRXJhc211cyUyMGluJTIwU3BhZ25hJTIwaW4lMjBwb2NoaSUyMGNsaWMuJTNDJTJGcCUzRSUwQSUyMCUyMCUyMCUyMCUzQ2ElMjBjbGFzcyUzRCUyMnZjX2dlbmVyYWwlMjB2Y19idG4zJTIwdmNfYnRuMy1zaXplLW1kJTIwdmNfYnRuMy1zaGFwZS1kZWZhdWx0JTIwdmNfYnRuMy1zdHlsZS1jdXN0b20lMjB3cGJfY3VzdG9tXzY2ODdiMjZmMzk0ODhkZGJiODVkZGIzYzFjZThlMTExJTIwYnRuJTIyJTIwc3R5bGUlM0QlMjJiYWNrZ3JvdW5kLWNvbG9yJTNBJTIzZTIwMDAwJTNCJTIwY29sb3IlM0ElMjNmZmZmZmYlM0IlMjBiYWNrZ3JvdW5kLWNvbG9yJTNBJTIzZTIwMDAwJTNCJTIwY29sb3IlM0ElMjNmZmZmZmYlM0IlMjIlMjBocmVmJTNEJTIyaHR0cHMlM0ElMkYlMkZ3d3cuZXNwYW1vYi5jb20lMkZpdCUyRnNldHRvcmktc3RhZ2UtYXppZW5kZS1lcmFzbXVzcGx1cyUyRiUyMiUyMHRpdGxlJTNEJTIyU2V0dG9yaSUyMGRpJTIwc3RhZ2UlMjIlMjB0YXJnZXQlM0QlMjJfYmxhbmslMjIlM0VTY29wcmlyZSUyMGklMjBzZXR0b3JpJTNDJTJGYSUzRSUwQSUzQyUyRmRpdiUzRQ==[\/vc_raw_html][\/vc_column_inner][\/vc_row_inner][\/vc_column][\/vc_row][vc_row full_width=&#8221;stretch_row&#8221; wrap_container=&#8221;yes&#8221; is_section=&#8221;yes&#8221; css=&#8221;.vc_custom_1708714127298{border-top-width: 0px !important;padding-top: 15px !important;padding-bottom: 15px !important;background-color: #f8f392 !important;}&#8221; conditional_render=&#8221;%5B%7B%22value_role%22%3A%22administrator%22%7D%5D&#8221;][vc_column][vc_row_inner css=&#8221;.vc_custom_1688548648248{background-color: #f8f392 !important;}&#8221;][vc_column_inner][vc_custom_heading text=&#8221;Richiedi un preventivo gratuito&#8221; font_container=&#8221;tag:h2|text_align:center&#8221; use_theme_fonts=&#8221;yes&#8221;][vc_column_text]<\/p>\n<p style=\"text-align: justify;\">Hai un\u2019idea per un progetto Erasmus+ in Spagna e cerchi un partner fidato che ti supporti? <strong>Espamob<\/strong>\u2019 \u00e8 qui per aiutarti! Ti offriamo un preventivo gratuito e senza impegno per aiutarti a gestire il tuo progetto di mobilit\u00e0. Grazie alla nostra competenza e alla nostra rete di aziende partner, siamo in grado di offrirvi un supporto personalizzato per soddisfare le vostre specifiche esigenze. Contattaci ora per discutere del tuo progetto e ottenere il tuo preventivo gratuito.<\/p>\n<p>[\/vc_column_text]<div id=\"modal-trg-txt-wrap-3460\" class=\"ult-modal-input-wrapper ult-adjust-bottom-margin    \" data-keypress-control=\"keypress-control-enable\" data-overlay-control=\"overlay-control-enable\"><style>\n\t\t\t\t\t.btn-modal.btn-id-69e7922a40c234-97634477:hover {\n\t\t\t\t\t\tbackground-color: #e20000 !important;\n\t\t\t\t\t}\n\t\t\t\t\t<\/style><button  data-ultimate-target='#modal-trg-txt-wrap-3460 .btn-modal'  data-responsive-json-new='{\"font-size\":\"\",\"line-height\":\"\"}'  style=\"background:#888888;border-color:#888888;color:#ffffff; \" data-class-id=\"content-69e7922a40c234-97634477\" class=\"btn-modal ult-responsive btn-primary btn-modal-md overlay-show ult-align-center btn-id-69e7922a40c234-97634477\" data-overlay-class=\"overlay-cornerbottomleft\">RICHIEDI PREVENTIVO GRATUITO<\/button><\/div>\n<div class=\"ult-overlay content-69e7922a40c234-97634477 \" data-class=\"content-69e7922a40c234-97634477\" id=\"button-click-overlay\" style=\"background:rgba(51,51,51,0.8); display:none;\">\n\t<div class=\"ult_modal ult-fade ult-medium\">\n\t\t<div id=\"ult-modal-wrap-8992\" class=\"ult_modal-content ult-hide\" style=\"border-style:solid;border-width:2px;border-radius:0px;border-color:#333333;\">\n\t\t\t<div class=\"ult_modal-header\" style=\"color:#333333;border-color:#333333;\">\n\t\t\t\t<h3  data-ultimate-target='#ult-modal-wrap-8992 .ult_modal-title'  data-responsive-json-new='{\"font-size\":\"\",\"line-height\":\"\"}'  class=\"ult_modal-title ult-responsive\">RICHIEDI PREVENTIVO GRATUITO<\/h3>\n\t\t\t<\/div>\n\t\t\t<div  data-ultimate-target='#ult-modal-wrap-8992 .ult_modal-body'  data-responsive-json-new='{\"font-size\":\"\",\"line-height\":\"\"}'  class=\"ult_modal-body ult-responsive ult-html\" style=\"\">\n\t\t\t<\/p>\n<p>[caldera_form id=&#8221;CF61499d9470acd&#8221;]<\/p>\n<p>\n\t\t\t<\/div>\n\t<\/div>\n\t<\/div>\n\t<div class=\"ult-overlay-close top-right\" style=\"width:80px;height:80px; \"><div class=\"ult-overlay-close-inside\">Close<\/div><\/div>\n<\/div>[\/vc_column_inner][\/vc_row_inner][\/vc_column][\/vc_row][vc_row wrap_container=&#8221;yes&#8221; css=&#8221;.vc_custom_1689256499740{margin-top: 15px !important;}&#8221; conditional_render=&#8221;%5B%7B%22value_role%22%3A%22administrator%22%7D%5D&#8221;][vc_column][vc_custom_heading text=&#8221;Domande frequenti&#8221; font_container=&#8221;tag:h2|text_align:center|color:%23000000&#8243; use_theme_fonts=&#8221;yes&#8221;][vc_separator][vc_row_inner][vc_column_inner width=&#8221;7\/12&#8243;][vc_column_text]<\/p>\n<div>\n<h3 class=\"Pardfaut\"><span lang=\"IT\">Quali sono i vantaggi di scegliere Espamob per svolgere uno stage Erasmus in Spagna come assistente di cura?<\/span><\/h3>\n<\/div>\n<div>\n<p class=\"Pardfaut\"><span lang=\"IT\">Scegliendo Espamob per realizzare il tuo stage Erasmus in Spagna come assistente di cura, potrai godere di numerosi vantaggi. Innanzitutto, Espamob ti accompagna nella creazione del tuo progetto, aiutandoti a definire i tuoi obiettivi e a trovare le migliori opportunit\u00e0 di stage presso strutture sanitarie partner. Inoltre, l&#8217;agenzia si occupa della ricerca di finanziamenti per la tua mobilit\u00e0, il che pu\u00f2 ridurre considerevolmente i tuoi costi. Infine, Espamob assicura anche il tuo accoglimento presso le universit\u00e0 e le aziende partner, oltre alla ricerca di alloggi in loco e all&#8217;organizzazione del tuo trasferimento dall&#8217;aeroporto.<\/span><\/p>\n<\/div>\n<div>\n<h3 class=\"Pardfaut\"><span lang=\"IT\">Come Espamob seleziona le strutture sanitarie partner per gli stage Erasmus come assistente di cura?<\/span><\/h3>\n<\/div>\n<div>\n<p class=\"Pardfaut\"><span lang=\"IT\">Espamob attribuisce grande importanza alla qualit\u00e0 delle strutture sanitarie partner per gli stage Erasmus come assistente di cura. L&#8217;agenzia effettua una selezione rigorosa valutando diversi criteri come la reputazione dell&#8217;istituto, la qualit\u00e0 dei servizi offerti, la diversit\u00e0 dei casi clinici e la disponibilit\u00e0 di una supervisione adeguata agli stagisti. In questo modo, Espamob si assicura che gli assistenti sanitari possano beneficiare di un&#8217;esperienza arricchente e formativa in contesti professionali di qualit\u00e0.<\/span><\/p>\n<\/div>\n<div>\n<h3 class=\"Pardfaut\"><span lang=\"IT\">Come Espamob pu\u00f2 aiutarmi a finanziare il mio stage Erasmus in Spagna come assistente di cura?<\/span><\/h3>\n<\/div>\n<div><span lang=\"EN-US\">Espamob ha competenze nella ricerca di finanziamenti per gli stage Erasmus in Spagna. L&#8217;agenzia ti assiste nella ricerca di diverse fonti di finanziamento come le borse Erasmus+, le sovvenzioni nazionali o regionali, nonch\u00e9 le opportunit\u00e0 di finanziamento offerte dal tuo istituto di formazione. Espamob ti guida anche nella redazione delle domande di finanziamento e fornisce tutte le informazioni necessarie per massimizzare le tue possibilit\u00e0 di ottenere finanziamenti per il tuo stage Erasmus come assistente <span lang=\"IT\">di cura.<\/span><\/span><\/div>\n<p>[\/vc_column_text][\/vc_column_inner][vc_column_inner width=&#8221;1\/12&#8243;][\/vc_column_inner][vc_column_inner width=&#8221;4\/12&#8243;][vc_single_image image=&#8221;15074&#8243; img_size=&#8221;full&#8221;][vc_column_text]<\/p>\n<p style=\"font-weight: 400;\"><strong>Informazioni sulle diverse destinazioni Erasmus + in Spagna:<\/strong><\/p>\n<ul>\n<li><a href=\"https:\/\/espamob.com\/it\/settori-stage-aziende-erasmusplus\/sanitario\/stage-erasmus-infermieristica\/\">Stage Erasmus <span lang=\"EN-US\">Infermieristica<\/span><\/a><\/li>\n<li><a href=\"https:\/\/espamob.com\/it\/settori-stage-aziende-erasmusplus\/sanitario\/stage-erasmus-veterinario\/\">Stage Erasmus Veterinario<\/a><\/li>\n<li><a href=\"https:\/\/espamob.com\/it\/settori-stage-aziende-erasmusplus\/sanitario\/stage-erasmus-protesico-dentale\/\">Stage Erasmus Tecnico Protesico Dentale<\/a><\/li>\n<\/ul>\n<p>[\/vc_column_text][\/vc_column_inner][\/vc_row_inner][\/vc_column][\/vc_row]<\/p>\n<\/div>","protected":false},"excerpt":{"rendered":"<p>[vc_row css=&#8221;.vc_custom_1708634214655{margin-top: -20px !important;margin-bottom: 40px !important;background-image: url(https:\/\/espamob.com\/wp-content\/uploads\/2024\/02\/Cuidador.webp?id=23742) !important;}&#8221; conditional_render=&#8221;%5B%7B%22value_role%22%3A%22administrator%22%7D%5D&#8221;][vc_column css=&#8221;.vc_custom_1687965657482{padding-top: 30px !important;}&#8221; conditional_render=&#8221;%5B%7B%22value_role%22%3A%22administrator%22%7D%5D&#8221;][vc_empty_space height=&#8221;170&#8243;][vc_custom_heading text=&#8221;Stage Erasmus : Assistente di cura&#8221; font_container=&#8221;tag:h1|font_size:27|text_align:center|color:%23ffffff&#8221; use_theme_fonts=&#8221;yes&#8221; css=&#8221;.vc_custom_1708713804515{margin-bottom: 15px !important;background-color: rgba(136,136,136,0.29) !important;*background-color: rgb(136,136,136) !important;}&#8221; animation_type=&#8221;zoomIn&#8221;][vc_empty_space height=&#8221;40&#8243;][\/vc_column][\/vc_row][vc_row wrap_container=&#8221;yes&#8221; text_align=&#8221;justify&#8221;][vc_column text_align=&#8221;justify&#8221;][vc_column_text] Home Settori di stage Mobilit\u00e0 nelle professioni sanitarie Tirocinio Erasmus: Assistente di cura [\/vc_column_text][vc_custom_heading text=&#8221;Tirocinio Erasmus come assistente di cura: un&#8217;opportunit\u00e0<\/p>\n","protected":false},"author":2,"featured_media":0,"parent":12723,"menu_order":0,"comment_status":"closed","ping_status":"closed","template":"","meta":{"footnotes":""},"class_list":["post-23779","page","type-page","status-publish","hentry"],"_links":{"self":[{"href":"https:\/\/espamob.com\/it\/wp-json\/wp\/v2\/pages\/23779","targetHints":{"allow":["GET"]}}],"collection":[{"href":"https:\/\/espamob.com\/it\/wp-json\/wp\/v2\/pages"}],"about":[{"href":"https:\/\/espamob.com\/it\/wp-json\/wp\/v2\/types\/page"}],"author":[{"embeddable":true,"href":"https:\/\/espamob.com\/it\/wp-json\/wp\/v2\/users\/2"}],"replies":[{"embeddable":true,"href":"https:\/\/espamob.com\/it\/wp-json\/wp\/v2\/comments?post=23779"}],"version-history":[{"count":0,"href":"https:\/\/espamob.com\/it\/wp-json\/wp\/v2\/pages\/23779\/revisions"}],"up":[{"embeddable":true,"href":"https:\/\/espamob.com\/it\/wp-json\/wp\/v2\/pages\/12723"}],"wp:attachment":[{"href":"https:\/\/espamob.com\/it\/wp-json\/wp\/v2\/media?parent=23779"}],"curies":[{"name":"wp","href":"https:\/\/api.w.org\/{rel}","templated":true}]}}