{"id":23771,"date":"2023-08-28T00:00:00","date_gmt":"2023-08-28T00:00:00","guid":{"rendered":"https:\/\/www.espamob.com\/settori-stage-aziende-erasmusplus\/sanitario\/stage-erasmus-infirmerie\/"},"modified":"2024-02-23T18:53:30","modified_gmt":"2024-02-23T18:53:30","slug":"stage-erasmus-infermieristica","status":"publish","type":"page","link":"https:\/\/espamob.com\/it\/settori-stage-aziende-erasmusplus\/sanitario\/stage-erasmus-infermieristica\/","title":{"rendered":"Stage Erasmus : Infirmerie"},"content":{"rendered":"<div class=\"wpb-content-wrapper\"><p>[vc_row css=&#8221;.vc_custom_1708634158657{margin-top: -20px !important;margin-bottom: 40px !important;background-image: url(https:\/\/espamob.com\/wp-content\/uploads\/2024\/02\/Enfermeria.webp?id=23757) !important;}&#8221; conditional_render=&#8221;%5B%7B%22value_role%22%3A%22administrator%22%7D%5D&#8221;][vc_column css=&#8221;.vc_custom_1687965657482{padding-top: 30px !important;}&#8221; conditional_render=&#8221;%5B%7B%22value_role%22%3A%22administrator%22%7D%5D&#8221;][vc_empty_space height=&#8221;170&#8243;][vc_custom_heading text=&#8221;Stage Erasmus: Infermieristica&#8221; font_container=&#8221;tag:h1|font_size:27|text_align:center|color:%23ffffff&#8221; use_theme_fonts=&#8221;yes&#8221; css=&#8221;.vc_custom_1708711400674{margin-bottom: 15px !important;background-color: rgba(136,136,136,0.29) !important;*background-color: rgb(136,136,136) !important;}&#8221; animation_type=&#8221;zoomIn&#8221;][vc_empty_space height=&#8221;40&#8243;][\/vc_column][\/vc_row][vc_row wrap_container=&#8221;yes&#8221; text_align=&#8221;justify&#8221;][vc_column text_align=&#8221;justify&#8221;][vc_column_text]<\/p>\n<nav aria-label=\"breadcrumb\">\n<ol class=\"breadcrumb\">\n<li class=\"breadcrumb-item\"><a href=\"https:\/\/espamob.com\/it\">Home<\/a><\/li>\n<li class=\"breadcrumb-item\"><a href=\"https:\/\/espamob.com\/it\/settori-stage-aziende-erasmusplus\">Settori di stage<\/a><\/li>\n<li class=\"breadcrumb-item active\" aria-current=\"page\"><a href=\"https:\/\/espamob.com\/it\/settori-stage-aziende-erasmusplus\/sanitario\/\">Mobilit\u00e0 nelle professioni sanitarie<\/a><\/li>\n<li class=\"breadcrumb-item active\" aria-current=\"page\">Tirocinio Erasmus: Infermieristica<\/li>\n<\/ol>\n<\/nav>\n<p>[\/vc_column_text][vc_custom_heading text=&#8221;Tirocini Erasmus in infermieristica: un&#8217;esperienza arricchente per gli studenti di infermieristica&#8221; use_theme_fonts=&#8221;yes&#8221; css=&#8221;.vc_custom_1708711465191{margin-top: 20px !important;}&#8221;][vc_separator][vc_row_inner][vc_column_inner width=&#8221;7\/12&#8243;][vc_column_text]<\/p>\n<p style=\"font-weight: 400;\">In un mondo sempre pi\u00f9 globalizzato e interconnesso, \u00e8 essenziale per i futuri professionisti della salute sviluppare le proprie competenze linguistiche e culturali. \u00c8 in questo contesto che lo <strong>stage Erasmus in infermieristica<\/strong> offre agli studenti di infermieristica l&#8217;opportunit\u00e0 di vivere un&#8217;esperienza formativa unica all&#8217;estero.<\/p>\n<h2 style=\"font-weight: 400;\">Cos&#8217;\u00e8 il programma Erasmus?<\/h2>\n<p style=\"font-weight: 400;\">Il programma Erasmus (European Region Action Scheme for the Mobility of University Students) \u00e8 un&#8217;iniziativa europea che mira a promuovere la mobilit\u00e0 degli studenti e degli insegnanti tra le istituzioni di istruzione superiore all&#8217;interno dell&#8217;Unione europea. Creato nel 1987, questo programma ha permesso a milioni di studenti di studiare o svolgere uno stage all&#8217;estero, favorendo cos\u00ec il loro sviluppo personale e professionale.<\/p>\n<h2 style=\"font-weight: 400;\">I vantaggi dello stage Erasmus in infermieristica<\/h2>\n<p style=\"font-weight: 400;\">Lo stage Erasmus in infermieristica offre numerosi vantaggi agli studenti di infermieristica:<\/p>\n<ul>\n<li><strong>Miglioramento delle competenze linguistiche:<\/strong> svolgere uno stage all&#8217;estero consente agli studenti di migliorare le loro competenze linguistiche, particolarmente utili in un contesto professionale in cui la comunicazione con i pazienti e i colleghi \u00e8 fondamentale.<\/li>\n<li><strong>Scoperta di nuove pratiche professionali<\/strong>: ogni paese ha i propri metodi e protocolli di assistenza infermieristica. Svolgere uno stage all&#8217;estero permette di imparare nuove tecniche ed espandere le proprie competenze.<\/li>\n<li><strong>Sviluppo della capacit\u00e0 di adattamento<\/strong>: adattarsi a un nuovo ambiente, una nuova cultura e una nuova lingua \u00e8 una vera sfida. Superare questi ostacoli rafforza la fiducia in s\u00e9 stessi e la capacit\u00e0 di adattamento degli studenti, qualit\u00e0 indispensabili per la loro futura professione.<\/li>\n<li><strong>Potenziamento della rete professionale<\/strong>: svolgere uno stage in un altro paese consente di stabilire contatti con professionisti locali della salute, utili per la futura carriera dello studente.<\/li>\n<\/ul>\n<h2 style=\"font-weight: 400;\">Come trovare uno stage Erasmus in infermieristica?<\/h2>\n<p style=\"font-weight: 400;\">Per partecipare a uno stage Erasmus in infermieristica, \u00e8 necessario seguire alcune tappe chiave:<\/p>\n<ol>\n<li><strong>Informarsi presso l&#8217;Istituto di Formazione in Infermieristica (IFSI)<\/strong>: gli IFSI sono generalmente partner di diverse universit\u00e0 straniere e possono aiutare gli studenti a trovare uno stage che corrisponda alle loro aspettative.<\/li>\n<li><strong>Preparare il proprio dossier di candidatura<\/strong>: per candidarsi a uno stage Erasmus, \u00e8 necessario fornire un dossier di candidatura contenente i seguenti documenti: CV, lettera di motivazione, certificato di lingua (se necessario) e modulo di richiesta di borsa Erasmus.<\/li>\n<li><strong>Cercare uno stage presso una struttura sanitaria all&#8217;estero<\/strong>: esistono diversi siti web specializzati nella ricerca di stage all&#8217;estero, come ErasmusIntern o AIESEC. Gli studenti possono anche avvicinarsi alle ambasciate e ai consolati dei paesi di loro interesse.<\/li>\n<li><span><strong>Inviare il proprio dossier di candidatura<\/strong><\/span><span>: una volta trovato lo stage, \u00e8 opportuno inviare il proprio dossier di candidatura all&#8217;ente ospitante per ottenere una risposta positiva o negativa. \u00c8 consigliabile candidarsi per pi\u00f9 stage per massimizzare le opportunit\u00e0.<\/span><\/li>\n<\/ol>\n<p>[\/vc_column_text][\/vc_column_inner][vc_column_inner width=&#8221;1\/12&#8243;][\/vc_column_inner][vc_column_inner width=&#8221;4\/12&#8243;][vc_single_image image=&#8221;18215&#8243; img_size=&#8221;400*400&#8243; alignment=&#8221;right&#8221; style=&#8221;vc_box_rounded&#8221;][vc_btn title=&#8221;Scoprire di pi\u00f9&#8221; style=&#8221;custom&#8221; custom_background=&#8221;#e20000&#8243; custom_text=&#8221;#ffffff&#8221; align=&#8221;center&#8221; link=&#8221;url:https%3A%2F%2Fespamob.com%2Fit%2Fcontacto-con-nuestro-equipo-de-movilidad%2F|title:Contacto|target:_blank&#8221;][\/vc_column_inner][\/vc_row_inner][vc_custom_heading text=&#8221;Le condizioni e la durata dello stage Erasmus in infermieristica&#8221; font_container=&#8221;tag:h3|text_align:left&#8221; use_theme_fonts=&#8221;yes&#8221; css=&#8221;.vc_custom_1708711586164{margin-top: 20px !important;}&#8221;][vc_separator][vc_row_inner][vc_column_inner width=&#8221;7\/12&#8243;][vc_column_text]<\/p>\n<p style=\"font-weight: 400;\">Lo stage Erasmus in infermieristica deve rispettare alcune condizioni:<\/p>\n<ul>\n<li>La durata minima dello stage \u00e8 di 2 mesi e quella massima \u00e8 di 12 mesi.<\/li>\n<li>Lo stage deve essere svolto presso una struttura sanitaria situata in un paese membro dell&#8217;Unione europea o in un paese partner del programma Erasmus.<\/li>\n<li>Lo stage deve essere riconosciuto dall&#8217;IFSI di origine e deve comportare l&#8217;ottenimento di crediti ECTS (Sistema europeo di trasferimento e accumulo crediti).<\/li>\n<li>Gli studenti devono beneficiare di una borsa Erasmus per finanziare il loro soggiorno all&#8217;estero. L&#8217;importo di questa borsa varia in base al paese ospitante e alla durata dello stage.<\/li>\n<\/ul>\n<h3 style=\"font-weight: 400;\">Il riconoscimento degli stage Erasmus in infermieristica da parte degli IFSI<\/h3>\n<p style=\"font-weight: 400;\">Perch\u00e9 lo stage Erasmus in infermieristica sia riconosciuto dall&#8217;IFSI, \u00e8 necessario seguire alcune procedure:<\/p>\n<ol>\n<li>Redigere un contratto di studi (Learning Agreement) dettagliando il programma dello stage, gli obiettivi da raggiungere e le competenze da sviluppare.<\/li>\n<li>Far convalidare questo contratto dall&#8217;IFSI di origine e dall&#8217;ente ospitante.<\/li>\n<li>Alla fine dello stage, ottenere un attestato di stage e un rapporto di valutazione dall&#8217;ente ospitante.<\/li>\n<li>Presentare questi documenti all&#8217;IFSI di origine per convalidare lo stage e ottenere i crediti ECTS corrispondenti.<\/li>\n<\/ol>\n<p style=\"font-weight: 400;\">In sintesi, lo stage Erasmus in infermieristica rappresenta un&#8217;opportunit\u00e0 unica per gli studenti di infermieristica di formarsi a livello internazionale, migliorare le proprie competenze linguistiche e professionali e vivere un&#8217;esperienza umana arricchente.<\/p>\n<p>[\/vc_column_text][\/vc_column_inner][vc_column_inner width=&#8221;1\/12&#8243;][\/vc_column_inner][vc_column_inner width=&#8221;4\/12&#8243;][vc_raw_html]JTNDZGl2JTIwc3R5bGUlM0QlMjJwYWRkaW5nJTNBJTIwMzBweCUzQmJhY2tncm91bmQtY29sb3IlM0ElMjAlMjNGNEY0RjQlM0IlMjIlM0UlMEElMjAlMjAlMjAlMjAlM0NoNCUzRVNjb3ByaSUyMHR1dHRpJTIwaSUyMHNldHRvcmklMjBkaSUyMHRpcm9jaW5pbyUzQyUyRmg0JTNFJTBBJTIwJTIwJTIwJTIwJTNDcCUzRUwlMjdFc3BhbW9iJTIwJUMzJUE4JTIwc3BlY2lhbGl6emF0byUyMG5lbGwlMjdhc3Npc3RlbnphJTIwYWklMjBncnVwcGklMjBwZXIlMjBsYSUyMG1vYmlsaXQlQzMlQTAlMjBFcmFzbXVzJTIwJTJCLiUyMFNjb3ByaXRlJTIwdHV0dGklMjBpJTIwc2V0dG9yaSUyMGRpJTIwdGlyb2NpbmlvJTIwRXJhc211cyUyMGluJTIwU3BhZ25hJTIwaW4lMjBwb2NoaSUyMGNsaWMuJTNDJTJGcCUzRSUwQSUyMCUyMCUyMCUyMCUzQ2ElMjBjbGFzcyUzRCUyMnZjX2dlbmVyYWwlMjB2Y19idG4zJTIwdmNfYnRuMy1zaXplLW1kJTIwdmNfYnRuMy1zaGFwZS1kZWZhdWx0JTIwdmNfYnRuMy1zdHlsZS1jdXN0b20lMjB3cGJfY3VzdG9tXzY2ODdiMjZmMzk0ODhkZGJiODVkZGIzYzFjZThlMTExJTIwYnRuJTIyJTIwc3R5bGUlM0QlMjJiYWNrZ3JvdW5kLWNvbG9yJTNBJTIzZTIwMDAwJTNCJTIwY29sb3IlM0ElMjNmZmZmZmYlM0IlMjBiYWNrZ3JvdW5kLWNvbG9yJTNBJTIzZTIwMDAwJTNCJTIwY29sb3IlM0ElMjNmZmZmZmYlM0IlMjIlMjBocmVmJTNEJTIyaHR0cHMlM0ElMkYlMkZ3d3cuZXNwYW1vYi5jb20lMkZpdCUyRnNldHRvcmktc3RhZ2UtYXppZW5kZS1lcmFzbXVzcGx1cyUyRiUyMiUyMHRpdGxlJTNEJTIyU2V0dG9yaSUyMGRpJTIwc3RhZ2UlMjIlMjB0YXJnZXQlM0QlMjJfYmxhbmslMjIlM0VTY29wcmlyZSUyMGklMjBzZXR0b3JpJTNDJTJGYSUzRSUwQSUzQyUyRmRpdiUzRQ==[\/vc_raw_html][\/vc_column_inner][\/vc_row_inner][\/vc_column][\/vc_row][vc_row full_width=&#8221;stretch_row&#8221; wrap_container=&#8221;yes&#8221; is_section=&#8221;yes&#8221; css=&#8221;.vc_custom_1708711644713{border-top-width: 0px !important;padding-top: 15px !important;padding-bottom: 15px !important;background-color: #f8f392 !important;}&#8221; conditional_render=&#8221;%5B%7B%22value_role%22%3A%22administrator%22%7D%5D&#8221;][vc_column][vc_row_inner css=&#8221;.vc_custom_1688548648248{background-color: #f8f392 !important;}&#8221;][vc_column_inner][vc_custom_heading text=&#8221;Richiedi un preventivo gratuito&#8221; font_container=&#8221;tag:h2|text_align:center&#8221; use_theme_fonts=&#8221;yes&#8221;][vc_column_text]<\/p>\n<p style=\"text-align: justify;\">Hai un\u2019idea per un progetto Erasmus+ in Spagna e cerchi un partner fidato che ti supporti? <strong>Espamob<\/strong>\u2019 \u00e8 qui per aiutarti! Ti offriamo un preventivo gratuito e senza impegno per aiutarti a gestire il tuo progetto di mobilit\u00e0. Grazie alla nostra competenza e alla nostra rete di aziende partner, siamo in grado di offrirvi un supporto personalizzato per soddisfare le vostre specifiche esigenze. Contattaci ora per discutere del tuo progetto e ottenere il tuo preventivo gratuito.<\/p>\n<p>[\/vc_column_text]<div id=\"modal-trg-txt-wrap-9244\" class=\"ult-modal-input-wrapper ult-adjust-bottom-margin    \" data-keypress-control=\"keypress-control-enable\" data-overlay-control=\"overlay-control-enable\"><style>\n\t\t\t\t\t.btn-modal.btn-id-69e792548fbf63-75164914:hover {\n\t\t\t\t\t\tbackground-color: #e20000 !important;\n\t\t\t\t\t}\n\t\t\t\t\t<\/style><button  data-ultimate-target='#modal-trg-txt-wrap-9244 .btn-modal'  data-responsive-json-new='{\"font-size\":\"\",\"line-height\":\"\"}'  style=\"background:#888888;border-color:#888888;color:#ffffff; \" data-class-id=\"content-69e792548fbf63-75164914\" class=\"btn-modal ult-responsive btn-primary btn-modal-md overlay-show ult-align-center btn-id-69e792548fbf63-75164914\" data-overlay-class=\"overlay-cornerbottomleft\">RICHIEDI PREVENTIVO GRATUITO<\/button><\/div>\n<div class=\"ult-overlay content-69e792548fbf63-75164914 \" data-class=\"content-69e792548fbf63-75164914\" id=\"button-click-overlay\" style=\"background:rgba(51,51,51,0.8); display:none;\">\n\t<div class=\"ult_modal ult-fade ult-medium\">\n\t\t<div id=\"ult-modal-wrap-6194\" class=\"ult_modal-content ult-hide\" style=\"border-style:solid;border-width:2px;border-radius:0px;border-color:#333333;\">\n\t\t\t<div class=\"ult_modal-header\" style=\"color:#333333;border-color:#333333;\">\n\t\t\t\t<h3  data-ultimate-target='#ult-modal-wrap-6194 .ult_modal-title'  data-responsive-json-new='{\"font-size\":\"\",\"line-height\":\"\"}'  class=\"ult_modal-title ult-responsive\">RICHIEDI PREVENTIVO GRATUITO<\/h3>\n\t\t\t<\/div>\n\t\t\t<div  data-ultimate-target='#ult-modal-wrap-6194 .ult_modal-body'  data-responsive-json-new='{\"font-size\":\"\",\"line-height\":\"\"}'  class=\"ult_modal-body ult-responsive ult-html\" style=\"\">\n\t\t\t[caldera_form id=&#8221;CF61499d9470acd&#8221;]\n\t\t\t<\/div>\n\t<\/div>\n\t<\/div>\n\t<div class=\"ult-overlay-close top-right\" style=\"width:80px;height:80px; \"><div class=\"ult-overlay-close-inside\">Close<\/div><\/div>\n<\/div>[\/vc_column_inner][\/vc_row_inner][\/vc_column][\/vc_row][vc_row wrap_container=&#8221;yes&#8221; css=&#8221;.vc_custom_1689256499740{margin-top: 15px !important;}&#8221; conditional_render=&#8221;%5B%7B%22value_role%22%3A%22administrator%22%7D%5D&#8221;][vc_column][vc_custom_heading text=&#8221;Domande frequenti&#8221; font_container=&#8221;tag:h2|text_align:center|color:%23000000&#8243; use_theme_fonts=&#8221;yes&#8221;][vc_separator][vc_row_inner][vc_column_inner width=&#8221;7\/12&#8243;][vc_column_text]<\/p>\n<div>\n<h3 class=\"Pardfaut\"><span lang=\"IT\">Quali sono i vantaggi di scegliere Espamob per svolgere uno stage Erasmus in infermieristica in Spagna?<\/span><\/h3>\n<\/div>\n<div>\n<p class=\"Pardfaut\"><span lang=\"IT\">Scegliendo Espamob per svolgere uno stage Erasmus in infermieristica in Spagna, beneficerai di un supporto completo in tutte le fasi del tuo progetto. Espamob ti aiuter\u00e0 a creare il tuo progetto, a trovare finanziamenti, a organizzare il tuo soggiorno presso le universit\u00e0 e le aziende partner per il tuo stage. Inoltre, Espamob si occupa di trovare alloggi in loco e di accoglierti all&#8217;aeroporto, offrendoti cos\u00ec un soggiorno confortevole e senza preoccupazioni.<\/span><\/p>\n<\/div>\n<div>\n<h3 class=\"Pardfaut\"><span lang=\"IT\">Come Espamob aiuta a trovare finanziamenti per uno stage Erasmus in infermieristica in Spagna?<\/span><\/h3>\n<\/div>\n<div>\n<p class=\"Pardfaut\"><span lang=\"IT\">Espamob ha una vasta esperienza nella ricerca di finanziamenti per i progetti di mobilit\u00e0 Erasmus. L&#8217;agenzia ti guider\u00e0 nelle pratiche amministrative per ottenere borse di mobilit\u00e0, sovvenzioni o altre forme di finanziamento. Espamob ti aiuter\u00e0 a compilare il tuo fascicolo di richiesta di finanziamento e ti dar\u00e0 consigli per massimizzare le tue possibilit\u00e0 di successo.<\/span><\/p>\n<\/div>\n<div>\n<h3 class=\"Pardfaut\"><span lang=\"IT\">Quali sono le garanzie offerte da Espamob per uno stage Erasmus in infermieristica in Spagna?<\/span><\/h3>\n<\/div>\n<div><span lang=\"EN-US\">Espamob si impegna a offrirti un supporto di qualit\u00e0 durante tutto il tuo progetto di stage Erasmus in infermieristica in Spagna. L&#8217;agenzia collabora strettamente con universit\u00e0 e aziende partner di fiducia, garantendo opportunit\u00e0 di stage rilevanti e arricchenti. Inoltre, Espamob fa il possibile per assicurare il tuo comfort e la tua sicurezza, trovando alloggi adatti alle tue esigenze e accogliendoti all&#8217;aeroporto. Scegliendo Espamob, puoi essere sicuro di un soggiorno di successo e vantaggioso per il tuo percorso professionale.<\/span><\/div>\n<p>[\/vc_column_text][\/vc_column_inner][vc_column_inner width=&#8221;1\/12&#8243;][\/vc_column_inner][vc_column_inner width=&#8221;4\/12&#8243;][vc_single_image image=&#8221;15074&#8243; img_size=&#8221;full&#8221;][vc_column_text]<\/p>\n<p style=\"font-weight: 400;\"><strong>Informazioni sulle diverse destinazioni Erasmus + in Spagna:<\/strong><\/p>\n<ul>\n<li><a href=\"https:\/\/espamob.com\/it\/settori-stage-aziende-erasmusplus\/sanitario\/stage-erasmus-veterinario\/\">Stage Erasmus Veterinario<\/a><\/li>\n<li><a href=\"https:\/\/espamob.com\/it\/settori-stage-aziende-erasmusplus\/sanitario\/stage-erasmus-protesico-dentale\/\">Stage Erasmus Protesista dentale<\/a><\/li>\n<li><a href=\"https:\/\/espamob.com\/it\/settori-stage-aziende-erasmusplus\/sanitario\/stage-erasmus-assistente-di-cura\/\">Stage Erasmus Assistente di cura<\/a><\/li>\n<\/ul>\n<p>[\/vc_column_text][\/vc_column_inner][\/vc_row_inner][\/vc_column][\/vc_row]<\/p>\n<\/div>","protected":false},"excerpt":{"rendered":"<p>[vc_row css=&#8221;.vc_custom_1708634158657{margin-top: -20px !important;margin-bottom: 40px !important;background-image: url(https:\/\/espamob.com\/wp-content\/uploads\/2024\/02\/Enfermeria.webp?id=23757) !important;}&#8221; conditional_render=&#8221;%5B%7B%22value_role%22%3A%22administrator%22%7D%5D&#8221;][vc_column css=&#8221;.vc_custom_1687965657482{padding-top: 30px !important;}&#8221; conditional_render=&#8221;%5B%7B%22value_role%22%3A%22administrator%22%7D%5D&#8221;][vc_empty_space height=&#8221;170&#8243;][vc_custom_heading text=&#8221;Stage Erasmus: Infermieristica&#8221; font_container=&#8221;tag:h1|font_size:27|text_align:center|color:%23ffffff&#8221; use_theme_fonts=&#8221;yes&#8221; css=&#8221;.vc_custom_1708711400674{margin-bottom: 15px !important;background-color: rgba(136,136,136,0.29) !important;*background-color: rgb(136,136,136) !important;}&#8221; animation_type=&#8221;zoomIn&#8221;][vc_empty_space height=&#8221;40&#8243;][\/vc_column][\/vc_row][vc_row wrap_container=&#8221;yes&#8221; text_align=&#8221;justify&#8221;][vc_column text_align=&#8221;justify&#8221;][vc_column_text] Home Settori di stage Mobilit\u00e0 nelle professioni sanitarie Tirocinio Erasmus: Infermieristica [\/vc_column_text][vc_custom_heading text=&#8221;Tirocini Erasmus in infermieristica: un&#8217;esperienza arricchente per gli studenti di infermieristica&#8221; use_theme_fonts=&#8221;yes&#8221;<\/p>\n","protected":false},"author":2,"featured_media":0,"parent":12723,"menu_order":0,"comment_status":"closed","ping_status":"closed","template":"","meta":{"footnotes":""},"class_list":["post-23771","page","type-page","status-publish","hentry"],"_links":{"self":[{"href":"https:\/\/espamob.com\/it\/wp-json\/wp\/v2\/pages\/23771","targetHints":{"allow":["GET"]}}],"collection":[{"href":"https:\/\/espamob.com\/it\/wp-json\/wp\/v2\/pages"}],"about":[{"href":"https:\/\/espamob.com\/it\/wp-json\/wp\/v2\/types\/page"}],"author":[{"embeddable":true,"href":"https:\/\/espamob.com\/it\/wp-json\/wp\/v2\/users\/2"}],"replies":[{"embeddable":true,"href":"https:\/\/espamob.com\/it\/wp-json\/wp\/v2\/comments?post=23771"}],"version-history":[{"count":0,"href":"https:\/\/espamob.com\/it\/wp-json\/wp\/v2\/pages\/23771\/revisions"}],"up":[{"embeddable":true,"href":"https:\/\/espamob.com\/it\/wp-json\/wp\/v2\/pages\/12723"}],"wp:attachment":[{"href":"https:\/\/espamob.com\/it\/wp-json\/wp\/v2\/media?parent=23771"}],"curies":[{"name":"wp","href":"https:\/\/api.w.org\/{rel}","templated":true}]}}