{"id":23608,"date":"2023-08-25T10:49:30","date_gmt":"2023-08-25T10:49:30","guid":{"rendered":"https:\/\/www.espamob.com\/settori-stage-aziende-erasmusplus\/bellezza\/stage-erasmus-parfumerie\/"},"modified":"2024-02-19T21:06:44","modified_gmt":"2024-02-19T21:06:44","slug":"stage-erasmus-profumeria","status":"publish","type":"page","link":"https:\/\/espamob.com\/it\/settori-stage-aziende-erasmusplus\/bellezza\/stage-erasmus-profumeria\/","title":{"rendered":"Stage Erasmus : Parfumerie"},"content":{"rendered":"<div class=\"wpb-content-wrapper\"><p>[vc_row css=&#8221;.vc_custom_1708366717786{margin-top: -20px !important;margin-bottom: 40px !important;background-image: url(https:\/\/espamob.com\/wp-content\/uploads\/2024\/02\/Perfumeria.webp?id=23578) !important;}&#8221; conditional_render=&#8221;%5B%7B%22value_role%22%3A%22administrator%22%7D%5D&#8221;][vc_column css=&#8221;.vc_custom_1687965657482{padding-top: 30px !important;}&#8221; conditional_render=&#8221;%5B%7B%22value_role%22%3A%22administrator%22%7D%5D&#8221;][vc_empty_space height=&#8221;170&#8243;][vc_custom_heading text=&#8221;Stage Erasmus: Profumeria&#8221; font_container=&#8221;tag:h1|font_size:27|text_align:center|color:%23ffffff&#8221; use_theme_fonts=&#8221;yes&#8221; css=&#8221;.vc_custom_1708375541283{margin-bottom: 15px !important;background-color: rgba(136,136,136,0.29) !important;*background-color: rgb(136,136,136) !important;}&#8221; animation_type=&#8221;zoomIn&#8221;][vc_empty_space height=&#8221;40&#8243;][\/vc_column][\/vc_row][vc_row wrap_container=&#8221;yes&#8221; text_align=&#8221;justify&#8221;][vc_column text_align=&#8221;justify&#8221;][vc_column_text]<\/p>\n<nav aria-label=\"breadcrumb\">\n<ol class=\"breadcrumb\">\n<li class=\"breadcrumb-item\"><a href=\"https:\/\/espamob.com\/it\">Home<\/a><\/li>\n<li class=\"breadcrumb-item\"><a href=\"https:\/\/espamob.com\/it\/settori-stage-aziende-erasmusplus\">Settori di stage<\/a><\/li>\n<li class=\"breadcrumb-item active\" aria-current=\"page\"><a href=\"https:\/\/espamob.com\/it\/settori-stage-aziende-erasmusplus\/bellezza\/\">Mobilit\u00e0 nelle professioni di bellezza<\/a><\/li>\n<li class=\"breadcrumb-item active\" aria-current=\"page\">Tirocinio Erasmus: Profumeria<\/li>\n<\/ol>\n<\/nav>\n<p>[\/vc_column_text][vc_custom_heading text=&#8221;Lo stage Erasmus in Profumeria: l&#8217;opportunit\u00e0 perfetta per la tua carriera&#8221; use_theme_fonts=&#8221;yes&#8221; css=&#8221;.vc_custom_1708375582594{margin-top: 20px !important;}&#8221;][vc_separator][vc_row_inner][vc_column_inner width=&#8221;7\/12&#8243;][vc_column_text]<\/p>\n<p style=\"font-weight: 400;\">In un mondo in continua evoluzione, le opportunit\u00e0 di stage sono sempre pi\u00f9 ricercate, soprattutto nel campo della bellezza e della cura personale. Il settore della profumeria \u00e8 in forte crescita, offrendo una moltitudine di professioni appassionanti e diverse. Svolgere uno stage Erasmus in questo settore pu\u00f2 essere un&#8217;esperienza unica e arricchente per sviluppare le tue competenze professionali e, eventualmente, dare una spinta alla tua carriera.<\/p>\n<h2 style=\"font-weight: 400;\">I vantaggi di uno stage Erasmus in profumeria<\/h2>\n<p style=\"font-weight: 400;\">Innanzitutto, \u00e8 importante notare che gli stage Erasmus sono sostenuti dal programma <a href=\"https:\/\/erasmus-plus.ec.europa.eu\/it\" target=\"_blank\" rel=\"noopener\">Erasmus +<\/a>, che mira a promuovere l&#8217;istruzione, la formazione, la giovent\u00f9 e lo sport in Europa. Scegliendo uno stage Erasmus in profumeria, beneficerai non solo di un sostegno finanziario, ma anche di una rete di istituti partner e di un riconoscimento della qualit\u00e0 del tuo stage.<\/p>\n<p style=\"font-weight: 400;\"><strong>Ecco alcuni dei vantaggi di uno stage Erasmus in profumeria:<\/strong><\/p>\n<ul>\n<li>Acquisizione di esperienza professionale internazionale: uno stage Erasmus \u00e8 un&#8217;occasione unica per lavorare in un altro paese e acquisire preziose competenze sul mercato internazionale. Questo pu\u00f2 essere un vantaggio significativo per il tuo curriculum e un&#8217;opportunit\u00e0 per migliorare le tue competenze linguistiche.<\/li>\n<li>Sviluppo delle tue competenze tecniche e creative: lavorare in una profumeria all&#8217;estero ti permette di scoprire nuovi metodi di lavoro, imparare le ultime tendenze e innovazioni in materia di profumi e sviluppare il tuo senso olfattivo.<\/li>\n<li>Ampliamento del tuo network professionale: uno stage Erasmus offre l&#8217;opportunit\u00e0 di incontrare professionisti del settore e di creare contatti che potrebbero rivelarsi preziosi per la tua futura carriera.<\/li>\n<\/ul>\n<p>[\/vc_column_text][\/vc_column_inner][vc_column_inner width=&#8221;1\/12&#8243;][\/vc_column_inner][vc_column_inner width=&#8221;4\/12&#8243;][vc_single_image image=&#8221;18464&#8243; img_size=&#8221;400*400&#8243; alignment=&#8221;right&#8221; style=&#8221;vc_box_rounded&#8221;][vc_btn title=&#8221;Scoprire di pi\u00f9&#8221; style=&#8221;custom&#8221; custom_background=&#8221;#e20000&#8243; custom_text=&#8221;#ffffff&#8221; align=&#8221;center&#8221; link=&#8221;url:https%3A%2F%2Fespamob.com%2Fit%2Fcontacto-con-nuestro-equipo-de-movilidad%2F|title:Contacto|target:_blank&#8221;][\/vc_column_inner][\/vc_row_inner][vc_custom_heading text=&#8221;Le diverse professioni accessibili in profumeria&#8221; font_container=&#8221;tag:h3|text_align:left&#8221; use_theme_fonts=&#8221;yes&#8221; css=&#8221;.vc_custom_1708375737934{margin-top: 20px !important;}&#8221;][vc_separator][vc_row_inner][vc_column_inner width=&#8221;7\/12&#8243;][vc_column_text]<\/p>\n<p style=\"font-weight: 400;\">Il settore della profumeria \u00e8 molto diversificato e offre numerose opportunit\u00e0 di stage in base ai tuoi interessi e alle tue competenze. Ecco alcuni esempi di professioni a cui potresti essere esposto durante il tuo stage:<\/p>\n<ol>\n<li><strong>Profumiere<\/strong>: \u00e8 il creatore di profumi, colui che elabora composizioni olfattive combinando note e accordi armoniosi. Di solito sono necessari diversi anni di formazione per padroneggiare quest&#8217;arte delicata.<\/li>\n<li><strong>Valutatore<\/strong>: ha il compito di testare e convalidare i profumi creati dal profumiere. Il valutatore deve possedere un olfatto molto sviluppato e una conoscenza eccellente delle materie prime utilizzate in profumeria.<\/li>\n<li><strong>Responsabile del marketing<\/strong>: il suo obiettivo \u00e8 promuovere e vendere i profumi ai consumatori. \u00c8 responsabile della strategia di marketing, del posizionamento dei prodotti e della loro comunicazione.<\/li>\n<li><strong>Responsabile della produzione<\/strong>: coordina tutte le fasi di produzione di un profumo, dalla creazione alla messa in vendita. Questa posizione richiede buone competenze organizzative e manageriali.<\/li>\n<\/ol>\n<h3 style=\"font-weight: 400;\">Altre professioni legate al settore della bellezza e della cura personale<\/h3>\n<p style=\"font-weight: 400;\">Oltre alle professioni specifiche della profumeria, uno stage Erasmus in questo settore pu\u00f2 anche permetterti di esplorare altre professioni legate al settore della bellezza e della cura personale, come:<\/p>\n<ul>\n<li>Consulente d&#8217;immagine<\/li>\n<li>Estetista<\/li>\n<li>Cosmetologo<\/li>\n<li>Chimico specializzato in cosmetica<\/li>\n<\/ul>\n<h2 style=\"font-weight: 400;\">Trova lo stage Erasmus in profumeria fatto per te<\/h2>\n<p style=\"font-weight: 400;\">Per trovare l&#8217;opportunit\u00e0 di stage ideale in profumeria, \u00e8 essenziale considerare alcuni criteri come la durata e la sede dello stage, nonch\u00e9 le competenze richieste. Non esitare a consultare le offerte di stage disponibili sui siti specializzati o a contattare direttamente le aziende di profumeria che ti interessano.<\/p>\n<p style=\"font-weight: 400;\">Lo stage Erasmus in profumeria \u00e8 un&#8217;esperienza unica e stimolante che ti consentir\u00e0 di sviluppare le tue competenze professionali mentre scopri nuove culture e metodologie di lavoro. Quindi non aspettare pi\u00f9 e lanciati in questa avventura arricchente!<\/p>\n<p>[\/vc_column_text][\/vc_column_inner][vc_column_inner width=&#8221;1\/12&#8243;][\/vc_column_inner][vc_column_inner width=&#8221;4\/12&#8243;][vc_raw_html]JTNDZGl2JTIwc3R5bGUlM0QlMjJwYWRkaW5nJTNBJTIwMzBweCUzQmJhY2tncm91bmQtY29sb3IlM0ElMjAlMjNGNEY0RjQlM0IlMjIlM0UlMEElMjAlMjAlMjAlMjAlM0NoNCUzRVNjb3ByaSUyMHR1dHRpJTIwaSUyMHNldHRvcmklMjBkaSUyMHRpcm9jaW5pbyUzQyUyRmg0JTNFJTBBJTIwJTIwJTIwJTIwJTNDcCUzRUwlMjdFc3BhbW9iJTIwJUMzJUE4JTIwc3BlY2lhbGl6emF0byUyMG5lbGwlMjdhc3Npc3RlbnphJTIwYWklMjBncnVwcGklMjBwZXIlMjBsYSUyMG1vYmlsaXQlQzMlQTAlMjBFcmFzbXVzJTIwJTJCLiUyMFNjb3ByaXRlJTIwdHV0dGklMjBpJTIwc2V0dG9yaSUyMGRpJTIwdGlyb2NpbmlvJTIwRXJhc211cyUyMGluJTIwU3BhZ25hJTIwaW4lMjBwb2NoaSUyMGNsaWMuJTNDJTJGcCUzRSUwQSUyMCUyMCUyMCUyMCUzQ2ElMjBjbGFzcyUzRCUyMnZjX2dlbmVyYWwlMjB2Y19idG4zJTIwdmNfYnRuMy1zaXplLW1kJTIwdmNfYnRuMy1zaGFwZS1kZWZhdWx0JTIwdmNfYnRuMy1zdHlsZS1jdXN0b20lMjB3cGJfY3VzdG9tXzY2ODdiMjZmMzk0ODhkZGJiODVkZGIzYzFjZThlMTExJTIwYnRuJTIyJTIwc3R5bGUlM0QlMjJiYWNrZ3JvdW5kLWNvbG9yJTNBJTIzZTIwMDAwJTNCJTIwY29sb3IlM0ElMjNmZmZmZmYlM0IlMjBiYWNrZ3JvdW5kLWNvbG9yJTNBJTIzZTIwMDAwJTNCJTIwY29sb3IlM0ElMjNmZmZmZmYlM0IlMjIlMjBocmVmJTNEJTIyaHR0cHMlM0ElMkYlMkZ3d3cuZXNwYW1vYi5jb20lMkZpdCUyRnNldHRvcmktc3RhZ2UtYXppZW5kZS1lcmFzbXVzcGx1cyUyRiUyMiUyMHRpdGxlJTNEJTIyU2V0dG9yaSUyMGRpJTIwc3RhZ2UlMjIlMjB0YXJnZXQlM0QlMjJfYmxhbmslMjIlM0VTY29wcmlyZSUyMGklMjBzZXR0b3JpJTNDJTJGYSUzRSUwQSUzQyUyRmRpdiUzRQ==[\/vc_raw_html][\/vc_column_inner][\/vc_row_inner][\/vc_column][\/vc_row][vc_row full_width=&#8221;stretch_row&#8221; wrap_container=&#8221;yes&#8221; is_section=&#8221;yes&#8221; css=&#8221;.vc_custom_1708375848998{border-top-width: 0px !important;padding-top: 15px !important;padding-bottom: 15px !important;background-color: #f8f392 !important;}&#8221; conditional_render=&#8221;%5B%7B%22value_role%22%3A%22administrator%22%7D%5D&#8221;][vc_column][vc_row_inner css=&#8221;.vc_custom_1688548648248{background-color: #f8f392 !important;}&#8221;][vc_column_inner][vc_custom_heading text=&#8221;Richiedi un preventivo gratuito&#8221; font_container=&#8221;tag:h2|text_align:center&#8221; use_theme_fonts=&#8221;yes&#8221;][vc_column_text]<\/p>\n<p style=\"text-align: justify;\">Hai un\u2019idea per un progetto Erasmus+ in Spagna e cerchi un partner fidato che ti supporti? <strong>Espamob<\/strong>\u2019 \u00e8 qui per aiutarti! Ti offriamo un preventivo gratuito e senza impegno per aiutarti a gestire il tuo progetto di mobilit\u00e0. Grazie alla nostra competenza e alla nostra rete di aziende partner, siamo in grado di offrirvi un supporto personalizzato per soddisfare le vostre specifiche esigenze. Contattaci ora per discutere del tuo progetto e ottenere il tuo preventivo gratuito.<\/p>\n<p>[\/vc_column_text]<div id=\"modal-trg-txt-wrap-5196\" class=\"ult-modal-input-wrapper ult-adjust-bottom-margin    \" data-keypress-control=\"keypress-control-enable\" data-overlay-control=\"overlay-control-enable\"><style>\n\t\t\t\t\t.btn-modal.btn-id-69e7b1d46a8a60-60580165:hover {\n\t\t\t\t\t\tbackground-color: #e20000 !important;\n\t\t\t\t\t}\n\t\t\t\t\t<\/style><button  data-ultimate-target='#modal-trg-txt-wrap-5196 .btn-modal'  data-responsive-json-new='{\"font-size\":\"\",\"line-height\":\"\"}'  style=\"background:#888888;border-color:#888888;color:#ffffff; \" data-class-id=\"content-69e7b1d46a8a60-60580165\" class=\"btn-modal ult-responsive btn-primary btn-modal-md overlay-show ult-align-center btn-id-69e7b1d46a8a60-60580165\" data-overlay-class=\"overlay-cornerbottomleft\">RICHIEDI PREVENTIVO GRATUITO<\/button><\/div>\n<div class=\"ult-overlay content-69e7b1d46a8a60-60580165 \" data-class=\"content-69e7b1d46a8a60-60580165\" id=\"button-click-overlay\" style=\"background:rgba(51,51,51,0.8); display:none;\">\n\t<div class=\"ult_modal ult-fade ult-medium\">\n\t\t<div id=\"ult-modal-wrap-3624\" class=\"ult_modal-content ult-hide\" style=\"border-style:solid;border-width:2px;border-radius:0px;border-color:#333333;\">\n\t\t\t<div class=\"ult_modal-header\" style=\"color:#333333;border-color:#333333;\">\n\t\t\t\t<h3  data-ultimate-target='#ult-modal-wrap-3624 .ult_modal-title'  data-responsive-json-new='{\"font-size\":\"\",\"line-height\":\"\"}'  class=\"ult_modal-title ult-responsive\">RICHIEDI PREVENTIVO GRATUITO<\/h3>\n\t\t\t<\/div>\n\t\t\t<div  data-ultimate-target='#ult-modal-wrap-3624 .ult_modal-body'  data-responsive-json-new='{\"font-size\":\"\",\"line-height\":\"\"}'  class=\"ult_modal-body ult-responsive ult-html\" style=\"\">\n\t\t\t<\/p>\n<p>[caldera_form id=&#8221;CF61499d9470acd&#8221;]<\/p>\n<p>\n\t\t\t<\/div>\n\t<\/div>\n\t<\/div>\n\t<div class=\"ult-overlay-close top-right\" style=\"width:80px;height:80px; \"><div class=\"ult-overlay-close-inside\">Close<\/div><\/div>\n<\/div>[\/vc_column_inner][\/vc_row_inner][\/vc_column][\/vc_row][vc_row wrap_container=&#8221;yes&#8221; css=&#8221;.vc_custom_1689256499740{margin-top: 15px !important;}&#8221; conditional_render=&#8221;%5B%7B%22value_role%22%3A%22administrator%22%7D%5D&#8221;][vc_column][vc_custom_heading text=&#8221;Domande frequenti&#8221; font_container=&#8221;tag:h2|text_align:center|color:%23000000&#8243; use_theme_fonts=&#8221;yes&#8221;][vc_separator][vc_row_inner][vc_column_inner width=&#8221;7\/12&#8243;][vc_column_text]<\/p>\n<h3>Quali sono i vantaggi di scegliere Espamob per svolgere uno stage Erasmus in Spagna nel campo della profumeria?<\/h3>\n<p>Scegliendo Espamob per realizzare uno stage Erasmus nel settore della profumeria in Spagna, potrai godere di diversi vantaggi. Espamob ha una rete di partner nel settore della profumeria in Spagna, semplificando la ricerca e l&#8217;accoglienza presso le aziende partner. Inoltre, Espamob si occupa di trovare alloggi locali, consentendoti di concentrarti sul tuo stage. Infine, Espamob offre un accompagnamento completo nella creazione del tuo progetto e nella ricerca di finanziamenti, garantendoti cos\u00ec un&#8217;esperienza Erasmus di successo.<\/p>\n<h3>Come Espamob assiste i gruppi nella creazione del loro progetto di stage Erasmus in profumeria in Spagna?<\/h3>\n<p>Espamob assiste i gruppi nella creazione del loro progetto di stage Erasmus in profumeria in Spagna fornendo un supporto personalizzato. L&#8217;agenzia ti aiuter\u00e0 a definire i tuoi obiettivi e a scegliere le aziende partner pi\u00f9 adatte al tuo progetto. Espamob ti consiglier\u00e0 anche sulla durata e sul contenuto del tuo stage, tenendo conto delle tue esigenze e aspettative. Grazie alla sua esperienza e alla sua rete di contatti, Espamob ti assicura un progetto di stage Erasmus in profumeria in Spagna di qualit\u00e0.<\/p>\n<h3>Espamob offre un servizio di recupero in aeroporto per i gruppi che svolgono uno stage Erasmus in profumeria in Spagna?<\/h3>\n<p>S\u00ec, Espamob offre un servizio di recupero in aeroporto per i gruppi che svolgono uno stage Erasmus in profumeria in Spagna. L&#8217;agenzia si occupa di organizzare il trasporto dall&#8217;aeroporto al tuo alloggio, facilitando il tuo arrivo e assicurandoti una calorosa accoglienza. Questo servizio ti permetter\u00e0 di sistemarti rapidamente e iniziare la tua esperienza Erasmus in profumeria in Spagna in tutta tranquillit\u00e0.[\/vc_column_text][\/vc_column_inner][vc_column_inner width=&#8221;1\/12&#8243;][\/vc_column_inner][vc_column_inner width=&#8221;4\/12&#8243;][vc_single_image image=&#8221;15074&#8243; img_size=&#8221;full&#8221;][vc_column_text]<strong>Informazioni su diverse destinazioni Erasmus + in Spagna: <\/strong><\/p>\n<ul>\n<li><a href=\"https:\/\/espamob.com\/it\/settori-stage-aziende-erasmusplus\/bellezza\/stage-erasmus-estetica\/\">Stage Erasmus in Estetica<\/a><\/li>\n<li><a href=\"https:\/\/espamob.com\/it\/settori-stage-aziende-erasmusplus\/bellezza\/stage-erasmus-parrucchiere\/\">Stage Erasmus in Parrucchiere<\/a><\/li>\n<li><a href=\"https:\/\/espamob.com\/it\/settori-stage-aziende-erasmusplus\/bellezza\/stage-erasmus-manicure\/\">Stage Erasmus in Manicure<\/a><\/li>\n<li><a href=\"https:\/\/espamob.com\/it\/settori-stage-aziende-erasmusplus\/bellezza\/stage-erasmus-cosmetica\/\">Stage Erasmus in Cosmetica<\/a><\/li>\n<\/ul>\n<p>[\/vc_column_text][\/vc_column_inner][\/vc_row_inner][\/vc_column][\/vc_row]<\/p>\n<\/div>","protected":false},"excerpt":{"rendered":"<p>[vc_row css=&#8221;.vc_custom_1708366717786{margin-top: -20px !important;margin-bottom: 40px !important;background-image: url(https:\/\/espamob.com\/wp-content\/uploads\/2024\/02\/Perfumeria.webp?id=23578) !important;}&#8221; conditional_render=&#8221;%5B%7B%22value_role%22%3A%22administrator%22%7D%5D&#8221;][vc_column css=&#8221;.vc_custom_1687965657482{padding-top: 30px !important;}&#8221; conditional_render=&#8221;%5B%7B%22value_role%22%3A%22administrator%22%7D%5D&#8221;][vc_empty_space height=&#8221;170&#8243;][vc_custom_heading text=&#8221;Stage Erasmus: Profumeria&#8221; font_container=&#8221;tag:h1|font_size:27|text_align:center|color:%23ffffff&#8221; use_theme_fonts=&#8221;yes&#8221; css=&#8221;.vc_custom_1708375541283{margin-bottom: 15px !important;background-color: rgba(136,136,136,0.29) !important;*background-color: rgb(136,136,136) !important;}&#8221; animation_type=&#8221;zoomIn&#8221;][vc_empty_space height=&#8221;40&#8243;][\/vc_column][\/vc_row][vc_row wrap_container=&#8221;yes&#8221; text_align=&#8221;justify&#8221;][vc_column text_align=&#8221;justify&#8221;][vc_column_text] Home Settori di stage Mobilit\u00e0 nelle professioni di bellezza Tirocinio Erasmus: Profumeria [\/vc_column_text][vc_custom_heading text=&#8221;Lo stage Erasmus in Profumeria: l&#8217;opportunit\u00e0 perfetta per la tua carriera&#8221;<\/p>\n","protected":false},"author":2,"featured_media":0,"parent":12710,"menu_order":0,"comment_status":"open","ping_status":"closed","template":"","meta":{"footnotes":""},"class_list":["post-23608","page","type-page","status-publish","hentry"],"_links":{"self":[{"href":"https:\/\/espamob.com\/it\/wp-json\/wp\/v2\/pages\/23608","targetHints":{"allow":["GET"]}}],"collection":[{"href":"https:\/\/espamob.com\/it\/wp-json\/wp\/v2\/pages"}],"about":[{"href":"https:\/\/espamob.com\/it\/wp-json\/wp\/v2\/types\/page"}],"author":[{"embeddable":true,"href":"https:\/\/espamob.com\/it\/wp-json\/wp\/v2\/users\/2"}],"replies":[{"embeddable":true,"href":"https:\/\/espamob.com\/it\/wp-json\/wp\/v2\/comments?post=23608"}],"version-history":[{"count":0,"href":"https:\/\/espamob.com\/it\/wp-json\/wp\/v2\/pages\/23608\/revisions"}],"up":[{"embeddable":true,"href":"https:\/\/espamob.com\/it\/wp-json\/wp\/v2\/pages\/12710"}],"wp:attachment":[{"href":"https:\/\/espamob.com\/it\/wp-json\/wp\/v2\/media?parent=23608"}],"curies":[{"name":"wp","href":"https:\/\/api.w.org\/{rel}","templated":true}]}}