{"id":23604,"date":"2023-08-25T10:49:30","date_gmt":"2023-08-25T10:49:30","guid":{"rendered":"https:\/\/www.espamob.com\/settori-stage-aziende-erasmusplus\/bellezza\/stage-erasmus-cosmetique\/"},"modified":"2024-02-19T21:06:08","modified_gmt":"2024-02-19T21:06:08","slug":"stage-erasmus-cosmetica","status":"publish","type":"page","link":"https:\/\/espamob.com\/it\/settori-stage-aziende-erasmusplus\/bellezza\/stage-erasmus-cosmetica\/","title":{"rendered":"Stage Erasmus : Cosm\u00e9tique"},"content":{"rendered":"<div class=\"wpb-content-wrapper\"><p>[vc_row css=&#8221;.vc_custom_1708366700212{margin-top: -20px !important;margin-bottom: 40px !important;background-image: url(https:\/\/espamob.com\/wp-content\/uploads\/2024\/02\/Cosmetica.webp?id=23573) !important;}&#8221; conditional_render=&#8221;%5B%7B%22value_role%22%3A%22administrator%22%7D%5D&#8221;][vc_column css=&#8221;.vc_custom_1687965657482{padding-top: 30px !important;}&#8221; conditional_render=&#8221;%5B%7B%22value_role%22%3A%22administrator%22%7D%5D&#8221;][vc_empty_space height=&#8221;170&#8243;][vc_custom_heading text=&#8221;Stage Erasmus: Cosmetica&#8221; font_container=&#8221;tag:h1|font_size:27|text_align:center|color:%23ffffff&#8221; use_theme_fonts=&#8221;yes&#8221; css=&#8221;.vc_custom_1708374988086{margin-bottom: 15px !important;background-color: rgba(136,136,136,0.29) !important;*background-color: rgb(136,136,136) !important;}&#8221; animation_type=&#8221;zoomIn&#8221;][vc_empty_space height=&#8221;40&#8243;][\/vc_column][\/vc_row][vc_row wrap_container=&#8221;yes&#8221; text_align=&#8221;justify&#8221;][vc_column text_align=&#8221;justify&#8221;][vc_column_text]<\/p>\n<nav aria-label=\"breadcrumb\">\n<ol class=\"breadcrumb\">\n<li class=\"breadcrumb-item\"><a href=\"https:\/\/espamob.com\/it\">Home<\/a><\/li>\n<li class=\"breadcrumb-item\"><a href=\"https:\/\/espamob.com\/it\/settori-stage-aziende-erasmusplus\">Settori di stage<\/a><\/li>\n<li class=\"breadcrumb-item active\" aria-current=\"page\"><a href=\"https:\/\/espamob.com\/it\/settori-stage-aziende-erasmusplus\/bellezza\/\">Mobilit\u00e0 nelle professioni di bellezza<\/a><\/li>\n<li class=\"breadcrumb-item active\" aria-current=\"page\">Tirocinio Erasmus: Cosmetica<\/li>\n<\/ol>\n<\/nav>\n<p>[\/vc_column_text][vc_custom_heading text=&#8221;Scopri le opportunit\u00e0 offerte dallo stage Erasmus Cosmetica&#8221; use_theme_fonts=&#8221;yes&#8221; css=&#8221;.vc_custom_1708375028847{margin-top: 20px !important;}&#8221;][vc_separator][vc_row_inner][vc_column_inner width=&#8221;7\/12&#8243;][vc_column_text]<\/p>\n<p style=\"font-weight: 400;\">Il settore della cosmetica \u00e8 in continua evoluzione e per coloro che desiderano intraprendere questa carriera, ci sono molte opportunit\u00e0 da cogliere. Tra queste, lo stage Erasmus Cosmetica offre un&#8217;occasione unica per acquisire un&#8217;esperienza internazionale preziosa e migliorare le tue competenze professionali e linguistiche. In questo articolo, ti presenteremo i vantaggi di questo programma e come trarre il massimo da questa esperienza.<\/p>\n<h2 style=\"font-weight: 400;\">Che cos&#8217;\u00e8 lo stage Erasmus Cosmetica?<\/h2>\n<p style=\"font-weight: 400;\">Lo stage Erasmus Cosmetica fa parte del programma Erasmus+, un&#8217;iniziativa dell&#8217;Unione europea volta a promuovere l&#8217;istruzione, la formazione, la giovent\u00f9 e lo sport in Europa. Questo programma consente agli studenti e ai professionisti di svolgere uno stage all&#8217;estero nel campo della cosmetica, che comprende ricerca e sviluppo, produzione, distribuzione o marketing di prodotti di bellezza e cura.<\/p>\n<h2 style=\"font-weight: 400;\">Gli obiettivi e i vantaggi dello stage Erasmus Cosmetica<\/h2>\n<h3 style=\"font-weight: 400;\">Acquisizione di nuove competenze<\/h3>\n<p style=\"font-weight: 400;\">Lo stage Erasmus Cosmetica ha come principale obiettivo permettere ai partecipanti di acquisire nuove competenze e conoscenze nel loro settore di specializzazione. Lavorando con esperti internazionali, hanno l&#8217;opportunit\u00e0 di scoprire nuove tecniche e approcci, sviluppando nel contempo le loro competenze professionali.<\/p>\n<h3 style=\"font-weight: 400;\">Miglioramento delle competenze linguistiche<\/h3>\n<p style=\"font-weight: 400;\">Oltre alle competenze tecniche, lo stage Erasmus Cosmetica offre anche un&#8217;occasione unica per migliorare le competenze linguistiche. Infatti, vivere e lavorare in un paese straniero consente di praticare quotidianamente la lingua locale, facilitando un rapido miglioramento. Questa padronanza linguistica \u00e8 un vantaggio considerevole per progredire nel settore cosmetico internazionale.<\/p>\n<h3 style=\"font-weight: 400;\">Rafforzamento del network professionale<\/h3>\n<p><span style=\"font-weight: 400;\">Svolgere uno stage all&#8217;estero grazie al programma Erasmus+ \u00e8 anche un eccellente modo per rafforzare il proprio network professionale. I contatti stabiliti con colleghi, partner e clienti durante lo stage possono rivelarsi preziosi per la tua futura carriera nel settore cosmetico. <\/span>[\/vc_column_text][\/vc_column_inner][vc_column_inner width=&#8221;1\/12&#8243;][\/vc_column_inner][vc_column_inner width=&#8221;4\/12&#8243;][vc_single_image image=&#8221;18449&#8243; img_size=&#8221;400*400&#8243; alignment=&#8221;right&#8221; style=&#8221;vc_box_rounded&#8221;][vc_btn title=&#8221;Scoprire di pi\u00f9&#8221; style=&#8221;custom&#8221; custom_background=&#8221;#e20000&#8243; custom_text=&#8221;#ffffff&#8221; align=&#8221;center&#8221; link=&#8221;url:https%3A%2F%2Fespamob.com%2Fit%2Fcontacto-con-nuestro-equipo-de-movilidad%2F|title:Contacto|target:_blank&#8221;][\/vc_column_inner][\/vc_row_inner][vc_custom_heading text=&#8221;Come massimizzare i benefici dello stage Erasmus Cosmetica?&#8221; font_container=&#8221;tag:h3|text_align:left&#8221; use_theme_fonts=&#8221;yes&#8221; css=&#8221;.vc_custom_1708375153046{margin-top: 20px !important;}&#8221;][vc_separator][vc_row_inner][vc_column_inner width=&#8221;7\/12&#8243;][vc_column_text]<\/p>\n<h3 style=\"font-weight: 400;\">Mostrarsi proattivi<\/h3>\n<p style=\"font-weight: 400;\">Per trarre il massimo dalla tua esperienza Erasmus+ nel settore cosmetico, \u00e8 essenziale mostrare proattivit\u00e0. Non esitare a prendere l&#8217;iniziativa, a proporre idee e ad impegnarti pienamente nei progetti che ti vengono assegnati. Questa mentalit\u00e0 dimostra non solo la tua motivazione, ma pu\u00f2 anche aprire la porta a nuove opportunit\u00e0 professionali.<\/p>\n<h3 style=\"font-weight: 400;\">Essere curiosi e aperti mentalmente<\/h3>\n<p style=\"font-weight: 400;\">Il successo di uno stage Erasmus Cosmetica si basa in gran parte sulla tua capacit\u00e0 di adattarti a un nuovo ambiente e di essere aperto alle differenze culturali. Mostrati curioso ponendo domande, interagendo con i tuoi colleghi e partecipando attivamente alla vita locale. Questa mentalit\u00e0 ti aiuter\u00e0 non solo a comprendere meglio il mercato cosmetico del paese, ma anche a stabilire relazioni durature con le persone che ti circondano.<\/p>\n<h3 style=\"font-weight: 400;\">Stabilire obiettivi chiari<\/h3>\n<p style=\"font-weight: 400;\">Prima di iniziare lo stage Erasmus Cosmetica, \u00e8 importante stabilire obiettivi chiari e realistici in termini di acquisizione di competenze e conoscenze. Questo ti permetter\u00e0 di rimanere concentrato sulle tue priorit\u00e0 durante tutta l&#8217;esperienza e di misurare i tuoi progressi.<\/p>\n<h2 style=\"font-weight: 400;\">Le professioni accessibili grazie allo stage Erasmus Cosmetica<\/h2>\n<p>In base alle tue competenze e interessi, lo stage Erasmus Cosmetica pu\u00f2 prepararti per diverse professioni nel settore della bellezza e della cura. Ecco alcuni esempi:<\/p>\n<ul>\n<li>Responsabile prodotto cosmetico Responsabile marketing<\/li>\n<li>Addetto alla ricerca e sviluppo<\/li>\n<li>Formulatore cosmetico<\/li>\n<li>Specialista in regolamentazione cosmetica<\/li>\n<li>Responsabile della qualit\u00e0<\/li>\n<li>Commerciale per l&#8217;export<\/li>\n<\/ul>\n<p><span style=\"font-weight: 400;\"><strong>In conclusione, lo stage Erasmus Cosmetica rappresenta un&#8217;opportunit\u00e0 unica per coloro che desiderano intraprendere una carriera nel settore della bellezza e della cura.<\/strong> Sfruttando questa esperienza internazionale, potrai acquisire nuove competenze, ampliare la tua rete professionale e aumentare cos\u00ec le tue possibilit\u00e0 di successo in questo settore in continua crescita.<\/span>[\/vc_column_text][\/vc_column_inner][vc_column_inner width=&#8221;1\/12&#8243;][\/vc_column_inner][vc_column_inner width=&#8221;4\/12&#8243;][vc_raw_html]JTNDZGl2JTIwc3R5bGUlM0QlMjJwYWRkaW5nJTNBJTIwMzBweCUzQmJhY2tncm91bmQtY29sb3IlM0ElMjAlMjNGNEY0RjQlM0IlMjIlM0UlMEElMjAlMjAlMjAlMjAlM0NoNCUzRVNjb3ByaSUyMHR1dHRpJTIwaSUyMHNldHRvcmklMjBkaSUyMHRpcm9jaW5pbyUzQyUyRmg0JTNFJTBBJTIwJTIwJTIwJTIwJTNDcCUzRUwlMjdFc3BhbW9iJTIwJUMzJUE4JTIwc3BlY2lhbGl6emF0byUyMG5lbGwlMjdhc3Npc3RlbnphJTIwYWklMjBncnVwcGklMjBwZXIlMjBsYSUyMG1vYmlsaXQlQzMlQTAlMjBFcmFzbXVzJTIwJTJCLiUyMFNjb3ByaXRlJTIwdHV0dGklMjBpJTIwc2V0dG9yaSUyMGRpJTIwdGlyb2NpbmlvJTIwRXJhc211cyUyMGluJTIwU3BhZ25hJTIwaW4lMjBwb2NoaSUyMGNsaWMuJTNDJTJGcCUzRSUwQSUyMCUyMCUyMCUyMCUzQ2ElMjBjbGFzcyUzRCUyMnZjX2dlbmVyYWwlMjB2Y19idG4zJTIwdmNfYnRuMy1zaXplLW1kJTIwdmNfYnRuMy1zaGFwZS1kZWZhdWx0JTIwdmNfYnRuMy1zdHlsZS1jdXN0b20lMjB3cGJfY3VzdG9tXzY2ODdiMjZmMzk0ODhkZGJiODVkZGIzYzFjZThlMTExJTIwYnRuJTIyJTIwc3R5bGUlM0QlMjJiYWNrZ3JvdW5kLWNvbG9yJTNBJTIzZTIwMDAwJTNCJTIwY29sb3IlM0ElMjNmZmZmZmYlM0IlMjBiYWNrZ3JvdW5kLWNvbG9yJTNBJTIzZTIwMDAwJTNCJTIwY29sb3IlM0ElMjNmZmZmZmYlM0IlMjIlMjBocmVmJTNEJTIyaHR0cHMlM0ElMkYlMkZ3d3cuZXNwYW1vYi5jb20lMkZpdCUyRnNldHRvcmktc3RhZ2UtYXppZW5kZS1lcmFzbXVzcGx1cyUyRiUyMiUyMHRpdGxlJTNEJTIyU2V0dG9yaSUyMGRpJTIwc3RhZ2UlMjIlMjB0YXJnZXQlM0QlMjJfYmxhbmslMjIlM0VTY29wcmlyZSUyMGklMjBzZXR0b3JpJTNDJTJGYSUzRSUwQSUzQyUyRmRpdiUzRQ==[\/vc_raw_html][\/vc_column_inner][\/vc_row_inner][\/vc_column][\/vc_row][vc_row full_width=&#8221;stretch_row&#8221; wrap_container=&#8221;yes&#8221; is_section=&#8221;yes&#8221; css=&#8221;.vc_custom_1708375259784{border-top-width: 0px !important;padding-top: 15px !important;padding-bottom: 15px !important;background-color: #f8f392 !important;}&#8221; conditional_render=&#8221;%5B%7B%22value_role%22%3A%22administrator%22%7D%5D&#8221;][vc_column][vc_row_inner css=&#8221;.vc_custom_1688548648248{background-color: #f8f392 !important;}&#8221;][vc_column_inner][vc_custom_heading text=&#8221;Richiedi un preventivo gratuito&#8221; font_container=&#8221;tag:h2|text_align:center&#8221; use_theme_fonts=&#8221;yes&#8221;][vc_column_text]<\/p>\n<p style=\"text-align: justify;\">Hai un\u2019idea per un progetto Erasmus+ in Spagna e cerchi un partner fidato che ti supporti? <strong>Espamob<\/strong>\u2019 \u00e8 qui per aiutarti! Ti offriamo un preventivo gratuito e senza impegno per aiutarti a gestire il tuo progetto di mobilit\u00e0. Grazie alla nostra competenza e alla nostra rete di aziende partner, siamo in grado di offrirvi un supporto personalizzato per soddisfare le vostre specifiche esigenze. Contattaci ora per discutere del tuo progetto e ottenere il tuo preventivo gratuito.<\/p>\n<p>[\/vc_column_text]<div id=\"modal-trg-txt-wrap-4462\" class=\"ult-modal-input-wrapper ult-adjust-bottom-margin    \" data-keypress-control=\"keypress-control-enable\" data-overlay-control=\"overlay-control-enable\"><style>\n\t\t\t\t\t.btn-modal.btn-id-69e7b2bb40ff72-48905372:hover {\n\t\t\t\t\t\tbackground-color: #e20000 !important;\n\t\t\t\t\t}\n\t\t\t\t\t<\/style><button  data-ultimate-target='#modal-trg-txt-wrap-4462 .btn-modal'  data-responsive-json-new='{\"font-size\":\"\",\"line-height\":\"\"}'  style=\"background:#888888;border-color:#888888;color:#ffffff; \" data-class-id=\"content-69e7b2bb40ff72-48905372\" class=\"btn-modal ult-responsive btn-primary btn-modal-md overlay-show ult-align-center btn-id-69e7b2bb40ff72-48905372\" data-overlay-class=\"overlay-cornerbottomleft\">RICHIEDI PREVENTIVO GRATUITO<\/button><\/div>\n<div class=\"ult-overlay content-69e7b2bb40ff72-48905372 \" data-class=\"content-69e7b2bb40ff72-48905372\" id=\"button-click-overlay\" style=\"background:rgba(51,51,51,0.8); display:none;\">\n\t<div class=\"ult_modal ult-fade ult-medium\">\n\t\t<div id=\"ult-modal-wrap-9541\" class=\"ult_modal-content ult-hide\" style=\"border-style:solid;border-width:2px;border-radius:0px;border-color:#333333;\">\n\t\t\t<div class=\"ult_modal-header\" style=\"color:#333333;border-color:#333333;\">\n\t\t\t\t<h3  data-ultimate-target='#ult-modal-wrap-9541 .ult_modal-title'  data-responsive-json-new='{\"font-size\":\"\",\"line-height\":\"\"}'  class=\"ult_modal-title ult-responsive\">RICHIEDI PREVENTIVO GRATUITO<\/h3>\n\t\t\t<\/div>\n\t\t\t<div  data-ultimate-target='#ult-modal-wrap-9541 .ult_modal-body'  data-responsive-json-new='{\"font-size\":\"\",\"line-height\":\"\"}'  class=\"ult_modal-body ult-responsive ult-html\" style=\"\">\n\t\t\t[caldera_form id=&#8221;CF61499d9470acd&#8221;]\n\t\t\t<\/div>\n\t<\/div>\n\t<\/div>\n\t<div class=\"ult-overlay-close top-right\" style=\"width:80px;height:80px; \"><div class=\"ult-overlay-close-inside\">Close<\/div><\/div>\n<\/div>[\/vc_column_inner][\/vc_row_inner][\/vc_column][\/vc_row][vc_row wrap_container=&#8221;yes&#8221; css=&#8221;.vc_custom_1689256499740{margin-top: 15px !important;}&#8221; conditional_render=&#8221;%5B%7B%22value_role%22%3A%22administrator%22%7D%5D&#8221;][vc_column][vc_custom_heading text=&#8221;Domande frequenti&#8221; font_container=&#8221;tag:h2|text_align:center|color:%23000000&#8243; use_theme_fonts=&#8221;yes&#8221;][vc_separator][vc_row_inner][vc_column_inner width=&#8221;7\/12&#8243;][vc_column_text]<\/p>\n<div>\n<div>\n<h3><span lang=\"IT\">Qual \u00e8 l&#8217;interesse di affidarsi a Espamob per svolgere uno stage Erasmus in cosmetologia? <\/span><\/h3>\n<p><span lang=\"IT\">L&#8217;interesse di affidarsi a Espamob per uno stage Erasmus in cosmetologia risiede nel fatto che l&#8217;agenzia dispone di una rete di partner in questo settore specifico. Sar\u00e0 in grado di aiutarti a trovare aziende partner nel settore della cosmetologia in Spagna per svolgere il tuo stage, consentendoti di acquisire esperienza professionale nel tuo campo di studi.<\/span><\/p>\n<h3><span lang=\"IT\">Come Espamob pu\u00f2 aiutarmi a finanziare il mio stage Erasmus in cosmetologia? <\/span><\/h3>\n<p><span lang=\"IT\">Espamob pu\u00f2 aiutarti a finanziare il tuo stage Erasmus in cosmetologia guidandoti nella ricerca di finanziamenti. L&#8217;agenzia dispone di conoscenze e risorse per indirizzarti verso le diverse possibilit\u00e0 di finanziamento disponibili, come le borse Erasmus+ o altri aiuti finanziari specifici per il tuo campo di studi.<\/span><\/p>\n<h3><span lang=\"IT\">Espamob si occupa anche dell&#8217;alloggio durante il mio stage Erasmus in cosmetologia? <\/span><\/h3>\n<\/div>\n<\/div>\n<div><span lang=\"IT\">S\u00ec, Espamob si occupa anche dell&#8217;alloggio durante il tuo stage Erasmus in cosmetologia. L&#8217;agenzia si occupa di trovare alloggi adatti alle tue esigenze e al tuo budget, che sia in una residenza universitaria, in una casa condivisa o in una famiglia ospitante. Quindi non dovrai preoccuparti di questa parte logistica e potrai concentrarti appieno sulla tua esperienza professionale in cosmetologia.<\/span><\/div>\n<p>[\/vc_column_text][\/vc_column_inner][vc_column_inner width=&#8221;1\/12&#8243;][\/vc_column_inner][vc_column_inner width=&#8221;4\/12&#8243;][vc_single_image image=&#8221;15074&#8243; img_size=&#8221;full&#8221;][vc_column_text]<strong>Informazioni su diverse destinazioni Erasmus + in Spagna: <\/strong><\/p>\n<ul>\n<li><a href=\"https:\/\/espamob.com\/it\/settori-stage-aziende-erasmusplus\/bellezza\/stage-erasmus-estetica\/\">Stage Erasmus in Estetica<\/a><\/li>\n<li><a href=\"https:\/\/espamob.com\/it\/settori-stage-aziende-erasmusplus\/bellezza\/stage-erasmus-parrucchiere\/\">Stage Erasmus in Parrucchiere<\/a><\/li>\n<li><a href=\"https:\/\/espamob.com\/it\/settori-stage-aziende-erasmusplus\/bellezza\/stage-erasmus-manicure\/\">Stage Erasmus in Manicure<\/a><\/li>\n<li><a href=\"https:\/\/espamob.com\/it\/settori-stage-aziende-erasmusplus\/bellezza\/stage-erasmus-profumeria\/\">Stage Erasmus in Profumeria<\/a><\/li>\n<\/ul>\n<p>[\/vc_column_text][\/vc_column_inner][\/vc_row_inner][\/vc_column][\/vc_row]<\/p>\n<\/div>","protected":false},"excerpt":{"rendered":"<p>[vc_row css=&#8221;.vc_custom_1708366700212{margin-top: -20px !important;margin-bottom: 40px !important;background-image: url(https:\/\/espamob.com\/wp-content\/uploads\/2024\/02\/Cosmetica.webp?id=23573) !important;}&#8221; conditional_render=&#8221;%5B%7B%22value_role%22%3A%22administrator%22%7D%5D&#8221;][vc_column css=&#8221;.vc_custom_1687965657482{padding-top: 30px !important;}&#8221; conditional_render=&#8221;%5B%7B%22value_role%22%3A%22administrator%22%7D%5D&#8221;][vc_empty_space height=&#8221;170&#8243;][vc_custom_heading text=&#8221;Stage Erasmus: Cosmetica&#8221; font_container=&#8221;tag:h1|font_size:27|text_align:center|color:%23ffffff&#8221; use_theme_fonts=&#8221;yes&#8221; css=&#8221;.vc_custom_1708374988086{margin-bottom: 15px !important;background-color: rgba(136,136,136,0.29) !important;*background-color: rgb(136,136,136) !important;}&#8221; animation_type=&#8221;zoomIn&#8221;][vc_empty_space height=&#8221;40&#8243;][\/vc_column][\/vc_row][vc_row wrap_container=&#8221;yes&#8221; text_align=&#8221;justify&#8221;][vc_column text_align=&#8221;justify&#8221;][vc_column_text] Home Settori di stage Mobilit\u00e0 nelle professioni di bellezza Tirocinio Erasmus: Cosmetica [\/vc_column_text][vc_custom_heading text=&#8221;Scopri le opportunit\u00e0 offerte dallo stage Erasmus Cosmetica&#8221; use_theme_fonts=&#8221;yes&#8221; css=&#8221;.vc_custom_1708375028847{margin-top: 20px<\/p>\n","protected":false},"author":2,"featured_media":0,"parent":12710,"menu_order":0,"comment_status":"open","ping_status":"closed","template":"","meta":{"footnotes":""},"class_list":["post-23604","page","type-page","status-publish","hentry"],"_links":{"self":[{"href":"https:\/\/espamob.com\/it\/wp-json\/wp\/v2\/pages\/23604","targetHints":{"allow":["GET"]}}],"collection":[{"href":"https:\/\/espamob.com\/it\/wp-json\/wp\/v2\/pages"}],"about":[{"href":"https:\/\/espamob.com\/it\/wp-json\/wp\/v2\/types\/page"}],"author":[{"embeddable":true,"href":"https:\/\/espamob.com\/it\/wp-json\/wp\/v2\/users\/2"}],"replies":[{"embeddable":true,"href":"https:\/\/espamob.com\/it\/wp-json\/wp\/v2\/comments?post=23604"}],"version-history":[{"count":0,"href":"https:\/\/espamob.com\/it\/wp-json\/wp\/v2\/pages\/23604\/revisions"}],"up":[{"embeddable":true,"href":"https:\/\/espamob.com\/it\/wp-json\/wp\/v2\/pages\/12710"}],"wp:attachment":[{"href":"https:\/\/espamob.com\/it\/wp-json\/wp\/v2\/media?parent=23604"}],"curies":[{"name":"wp","href":"https:\/\/api.w.org\/{rel}","templated":true}]}}