{"id":23600,"date":"2023-08-25T10:49:30","date_gmt":"2023-08-25T10:49:30","guid":{"rendered":"https:\/\/www.espamob.com\/settori-stage-aziende-erasmusplus\/bellezza\/stage-erasmus-manucure\/"},"modified":"2024-05-14T11:11:59","modified_gmt":"2024-05-14T11:11:59","slug":"stage-erasmus-manicure","status":"publish","type":"page","link":"https:\/\/espamob.com\/it\/settori-stage-aziende-erasmusplus\/bellezza\/stage-erasmus-manicure\/","title":{"rendered":"Stage Erasmus : Manucure"},"content":{"rendered":"<div class=\"wpb-content-wrapper\"><p>[vc_row css=&#8221;.vc_custom_1708366679073{margin-top: -20px !important;margin-bottom: 40px !important;background-image: url(https:\/\/espamob.com\/wp-content\/uploads\/2024\/02\/Manicura-Pedicura.webp?id=23568) !important;}&#8221; conditional_render=&#8221;%5B%7B%22value_role%22%3A%22administrator%22%7D%5D&#8221;][vc_column css=&#8221;.vc_custom_1687965657482{padding-top: 30px !important;}&#8221; conditional_render=&#8221;%5B%7B%22value_role%22%3A%22administrator%22%7D%5D&#8221;][vc_empty_space height=&#8221;170&#8243;][vc_custom_heading text=&#8221;Stage Erasmus: Manicure&#8221; font_container=&#8221;tag:h1|font_size:27|text_align:center|color:%23ffffff&#8221; use_theme_fonts=&#8221;yes&#8221; css=&#8221;.vc_custom_1708374403601{margin-bottom: 15px !important;background-color: rgba(136,136,136,0.29) !important;*background-color: rgb(136,136,136) !important;}&#8221; animation_type=&#8221;zoomIn&#8221;][vc_empty_space height=&#8221;40&#8243;][\/vc_column][\/vc_row][vc_row wrap_container=&#8221;yes&#8221; text_align=&#8221;justify&#8221;][vc_column text_align=&#8221;justify&#8221;][vc_column_text]<\/p>\n<nav aria-label=\"breadcrumb\">\n<ol class=\"breadcrumb\">\n<li class=\"breadcrumb-item\"><a href=\"https:\/\/espamob.com\/it\">Home<\/a><\/li>\n<li class=\"breadcrumb-item\"><a href=\"https:\/\/espamob.com\/it\/settori-stage-aziende-erasmusplus\">Settori di stage<\/a><\/li>\n<li class=\"breadcrumb-item active\" aria-current=\"page\"><a href=\"https:\/\/espamob.com\/it\/settori-stage-aziende-erasmusplus\/bellezza\/\">Mobilit\u00e0 nelle professioni di bellezza<\/a><\/li>\n<li class=\"breadcrumb-item active\" aria-current=\"page\">Tirocinio Erasmus: Manicure<\/li>\n<\/ol>\n<\/nav>\n<p>[\/vc_column_text][vc_custom_heading text=&#8221;Stage Erasmus Estetica delle Unghie: Amplia le tue competenze a livello internazionale<br \/>\n&#8221; use_theme_fonts=&#8221;yes&#8221; css=&#8221;.vc_custom_1715684755073{margin-top: 20px !important;}&#8221;][vc_separator][vc_row_inner][vc_column_inner width=&#8221;7\/12&#8243;][vc_column_text]<\/p>\n<p style=\"font-weight: 400;\">Nel settore della bellezza e del benessere, i professionisti della estetica delle unghie (manicure\/pedicure) cercano costantemente di perfezionare e migliorare le proprie competenze. Uno stage Erasmus in questo settore rappresenta quindi un&#8217;occasione eccezionale per distinguersi sul mercato del lavoro.<\/p>\n<h2 style=\"font-weight: 400;\">Cos&#8217;\u00e8 lo stage Erasmus in estetica delle unghie<\/h2>\n<p style=\"font-weight: 400;\">Lo stage Erasmus in estetica delle unghie \u00e8 un programma di mobilit\u00e0 europea destinato agli apprendisti di estetica che desiderano specializzarsi nel campo dell&#8217;estetica delle unghie. Questo programma consente agli apprendisti di svolgere uno stage presso un istituto all&#8217;estero. Fa parte del programma Erasmus+, che mira a promuovere la cooperazione tra istituti di istruzione superiore e imprese attraverso stage professionali.<\/p>\n<p>Obiettivi dello stage Erasmus in estetica delle unghie<\/p>\n<p style=\"font-weight: 400;\">I principali obiettivi di questo stage Erasmus sono:<\/p>\n<ul>\n<li>Offrire agli studenti un&#8217;esperienza professionale internazionale.<\/li>\n<li>Permettere loro di familiarizzare con le tecniche e i metodi di lavoro utilizzati negli istituti europei.<\/li>\n<li>Migliorare le loro competenze linguistiche.<\/li>\n<li>Apprendere nuove tecniche e tendenze.<\/li>\n<\/ul>\n<h3 style=\"font-weight: 400;\">Finanziamento dello stage Erasmus Estetica delle Unghie<\/h3>\n<p style=\"font-weight: 400;\">Lo stage Erasmus in estetica delle unghie \u00e8 parzialmente finanziato dal programma Erasmus+, consentendo agli studenti di ricevere una borsa di studio per coprire le spese di sussistenza, come alloggio e trasporti. Possono inoltre richiedere ulteriori aiuti a determinati organismi o autorit\u00e0 locali.<\/p>\n<p>[\/vc_column_text][\/vc_column_inner][vc_column_inner width=&#8221;1\/12&#8243;][\/vc_column_inner][vc_column_inner width=&#8221;4\/12&#8243;][vc_single_image image=&#8221;18459&#8243; img_size=&#8221;400*400&#8243; alignment=&#8221;right&#8221; style=&#8221;vc_box_rounded&#8221;][vc_btn title=&#8221;Scoprire di pi\u00f9&#8221; style=&#8221;custom&#8221; custom_background=&#8221;#e20000&#8243; custom_text=&#8221;#ffffff&#8221; align=&#8221;center&#8221; link=&#8221;url:https%3A%2F%2Fespamob.com%2Fit%2Fcontacto-con-nuestro-equipo-de-movilidad%2F|title:Contacto|target:_blank&#8221;][\/vc_column_inner][\/vc_row_inner][vc_custom_heading text=&#8221;Esperienza dello stage &#8211; Stage Erasmus in Estetica delle Unghie<br \/>\n&#8221; font_container=&#8221;tag:h3|text_align:left&#8221; use_theme_fonts=&#8221;yes&#8221; css=&#8221;.vc_custom_1715684884121{margin-top: 20px !important;}&#8221;][vc_separator][vc_row_inner][vc_column_inner width=&#8221;7\/12&#8243;][vc_column_text]Per illustrare le opportunit\u00e0 offerte da uno stage Erasmus Plus in Spagna, ecco la testimonianza concreta di una apprendista in estetica, specializzata in protesi per unghie.<\/p>\n<h3>Profilo dello studente<\/h3>\n<p>Marie, 20 anni, \u00e8 apprendista al secondo anno di estetica in una scuola francese. La sua scuola ha deciso di offrirle l&#8217;opportunit\u00e0 di partecipare a un programma di mobilit\u00e0 Erasmus per una settimana per scoprire le pratiche e i metodi di un istituto spagnolo.<\/p>\n<h3>Destinazione dello stage<\/h3>\n<p>Per Marie, il destino \u00e8 Barcellona! Il team di Espamob ha trovato un&#8217;azienda specializzata nel settore, pronta ad accoglierla e trasmetterle le competenze spagnole.<\/p>\n<h3>Compiti durante lo stage<\/h3>\n<ul>\n<li>Organizzazione e sistemazione dell&#8217;istituto.<\/li>\n<li>Applicazione del semipermanente.<\/li>\n<li style=\"font-weight: 400;\">Massaggio delle mani e dei piedi.<\/li>\n<li>Esfoliazione delle mani e dei piedi.<\/li>\n<li>Garantire il benessere del cliente.<\/li>\n<\/ul>\n<h3>Risultati dello stage<\/h3>\n<p>La settimana \u00e8 volata via per Marie, che avrebbe voluto rimanere pi\u00f9 a lungo per continuare ad imparare. In questo istituto di Barcellona, ha potuto osservare e mettere in pratica le sue competenze, accompagnata dalla sua tutor sempre presente per sostenerla in caso di necessit\u00e0. Oltre a migliorare il suo metodo, ha anche potuto perfezionare le sue competenze linguistiche lavorando quotidianamente con un team che non condivideva la sua lingua madre<\/p>\n<h2>Vantaggi dello stage Erasmus in Estetica delle Unghie<\/h2>\n<p>Optando per uno stage in Spagna nell&#8217;ambito del programma Erasmus+, godrai di numerosi vantaggi:<\/p>\n<ul>\n<li>Miglioramento delle competenze tecniche grazie all&#8217;apprendimento di nuovi metodi di lavoro da professionisti esperti.<\/li>\n<li>Sviluppo delle competenze linguistiche (spagnolo e inglese) praticandole quotidianamente in contesto professionale.<\/li>\n<li>Ampliamento della rete di contatti incontrando professionisti e studenti provenienti da tutta Europa.<\/li>\n<li>Acquisizione di un&#8217;esperienza professionale arricchente, che valorizza il tuo curriculum e ti distingue tra i futuri datori di lavoro.<\/li>\n<\/ul>\n<p>In sintesi, questo stage rappresenta un&#8217;opportunit\u00e0 preziosa per studenti e apprendisti che desiderano specializzarsi in estetica come protesisti per unghie. Non lasciarti sfuggire questa occasione e informarti ora per organizzare la mobilit\u00e0 ideale per i tuoi apprendisti.[\/vc_column_text][\/vc_column_inner][vc_column_inner width=&#8221;1\/12&#8243;][\/vc_column_inner][vc_column_inner width=&#8221;4\/12&#8243;][vc_raw_html]JTNDZGl2JTIwc3R5bGUlM0QlMjJwYWRkaW5nJTNBJTIwMzBweCUzQmJhY2tncm91bmQtY29sb3IlM0ElMjAlMjNGNEY0RjQlM0IlMjIlM0UlMEElMjAlMjAlMjAlMjAlM0NoNCUzRVNjb3ByaSUyMHR1dHRpJTIwaSUyMHNldHRvcmklMjBkaSUyMHRpcm9jaW5pbyUzQyUyRmg0JTNFJTBBJTIwJTIwJTIwJTIwJTNDcCUzRUwlMjdFc3BhbW9iJTIwJUMzJUE4JTIwc3BlY2lhbGl6emF0byUyMG5lbGwlMjdhc3Npc3RlbnphJTIwYWklMjBncnVwcGklMjBwZXIlMjBsYSUyMG1vYmlsaXQlQzMlQTAlMjBFcmFzbXVzJTIwJTJCLiUyMFNjb3ByaXRlJTIwdHV0dGklMjBpJTIwc2V0dG9yaSUyMGRpJTIwdGlyb2NpbmlvJTIwRXJhc211cyUyMGluJTIwU3BhZ25hJTIwaW4lMjBwb2NoaSUyMGNsaWMuJTNDJTJGcCUzRSUwQSUyMCUyMCUyMCUyMCUzQ2ElMjBjbGFzcyUzRCUyMnZjX2dlbmVyYWwlMjB2Y19idG4zJTIwdmNfYnRuMy1zaXplLW1kJTIwdmNfYnRuMy1zaGFwZS1kZWZhdWx0JTIwdmNfYnRuMy1zdHlsZS1jdXN0b20lMjB3cGJfY3VzdG9tXzY2ODdiMjZmMzk0ODhkZGJiODVkZGIzYzFjZThlMTExJTIwYnRuJTIyJTIwc3R5bGUlM0QlMjJiYWNrZ3JvdW5kLWNvbG9yJTNBJTIzZTIwMDAwJTNCJTIwY29sb3IlM0ElMjNmZmZmZmYlM0IlMjBiYWNrZ3JvdW5kLWNvbG9yJTNBJTIzZTIwMDAwJTNCJTIwY29sb3IlM0ElMjNmZmZmZmYlM0IlMjIlMjBocmVmJTNEJTIyaHR0cHMlM0ElMkYlMkZ3d3cuZXNwYW1vYi5jb20lMkZpdCUyRnNldHRvcmktc3RhZ2UtYXppZW5kZS1lcmFzbXVzcGx1cyUyRiUyMiUyMHRpdGxlJTNEJTIyU2V0dG9yaSUyMGRpJTIwc3RhZ2UlMjIlMjB0YXJnZXQlM0QlMjJfYmxhbmslMjIlM0VTY29wcmlyZSUyMGklMjBzZXR0b3JpJTNDJTJGYSUzRSUwQSUzQyUyRmRpdiUzRQ==[\/vc_raw_html][vc_custom_heading text=&#8221;Scoprite i feedback dei partecipanti al programma Erasmus +:&#8221; font_container=&#8221;tag:h3|text_align:left&#8221; use_theme_fonts=&#8221;yes&#8221;][vc_separator][vc_column_text]<\/p>\n<blockquote class=\"instagram-media\" data-instgrm-permalink=\"https:\/\/www.instagram.com\/reel\/C6OwCJIsb3L\/?utm_source=ig_embed&amp;utm_campaign=loading\" data-instgrm-version=\"14\" style=\" background:#FFF; border:0; border-radius:3px; box-shadow:0 0 1px 0 rgba(0,0,0,0.5),0 1px 10px 0 rgba(0,0,0,0.15); margin: 1px; max-width:540px; min-width:326px; padding:0; width:99.375%; width:-webkit-calc(100% - 2px); width:calc(100% - 2px);\">\n<div style=\"padding:16px;\">\n<p> <a href=\"https:\/\/www.instagram.com\/reel\/C6OwCJIsb3L\/?utm_source=ig_embed&amp;utm_campaign=loading\" style=\" background:#FFFFFF; line-height:0; padding:0 0; text-align:center; text-decoration:none; width:100%;\" target=\"_blank\" rel=\"noopener\"><\/p>\n<div style=\" display: flex; flex-direction: row; align-items: center;\">\n<div style=\"background-color: #F4F4F4; border-radius: 50%; flex-grow: 0; height: 40px; margin-right: 14px; width: 40px;\"><\/div>\n<div style=\"display: flex; flex-direction: column; flex-grow: 1; justify-content: center;\">\n<div style=\" background-color: #F4F4F4; border-radius: 4px; flex-grow: 0; height: 14px; margin-bottom: 6px; width: 100px;\"><\/div>\n<div style=\" background-color: #F4F4F4; border-radius: 4px; flex-grow: 0; height: 14px; width: 60px;\"><\/div>\n<\/div>\n<\/div>\n<div style=\"padding: 19% 0;\"><\/div>\n<div style=\"display:block; height:50px; margin:0 auto 12px; width:50px;\"><svg width=\"50px\" height=\"50px\" viewBox=\"0 0 60 60\" version=\"1.1\" xmlns=\"https:\/\/www.w3.org\/2000\/svg\" xmlns:xlink=\"https:\/\/www.w3.org\/1999\/xlink\"><g stroke=\"none\" stroke-width=\"1\" fill=\"none\" fill-rule=\"evenodd\"><g transform=\"translate(-511.000000, -20.000000)\" fill=\"#000000\"><g><path d=\"M556.869,30.41 C554.814,30.41 553.148,32.076 553.148,34.131 C553.148,36.186 554.814,37.852 556.869,37.852 C558.924,37.852 560.59,36.186 560.59,34.131 C560.59,32.076 558.924,30.41 556.869,30.41 M541,60.657 C535.114,60.657 530.342,55.887 530.342,50 C530.342,44.114 535.114,39.342 541,39.342 C546.887,39.342 551.658,44.114 551.658,50 C551.658,55.887 546.887,60.657 541,60.657 M541,33.886 C532.1,33.886 524.886,41.1 524.886,50 C524.886,58.899 532.1,66.113 541,66.113 C549.9,66.113 557.115,58.899 557.115,50 C557.115,41.1 549.9,33.886 541,33.886 M565.378,62.101 C565.244,65.022 564.756,66.606 564.346,67.663 C563.803,69.06 563.154,70.057 562.106,71.106 C561.058,72.155 560.06,72.803 558.662,73.347 C557.607,73.757 556.021,74.244 553.102,74.378 C549.944,74.521 548.997,74.552 541,74.552 C533.003,74.552 532.056,74.521 528.898,74.378 C525.979,74.244 524.393,73.757 523.338,73.347 C521.94,72.803 520.942,72.155 519.894,71.106 C518.846,70.057 518.197,69.06 517.654,67.663 C517.244,66.606 516.755,65.022 516.623,62.101 C516.479,58.943 516.448,57.996 516.448,50 C516.448,42.003 516.479,41.056 516.623,37.899 C516.755,34.978 517.244,33.391 517.654,32.338 C518.197,30.938 518.846,29.942 519.894,28.894 C520.942,27.846 521.94,27.196 523.338,26.654 C524.393,26.244 525.979,25.756 528.898,25.623 C532.057,25.479 533.004,25.448 541,25.448 C548.997,25.448 549.943,25.479 553.102,25.623 C556.021,25.756 557.607,26.244 558.662,26.654 C560.06,27.196 561.058,27.846 562.106,28.894 C563.154,29.942 563.803,30.938 564.346,32.338 C564.756,33.391 565.244,34.978 565.378,37.899 C565.522,41.056 565.552,42.003 565.552,50 C565.552,57.996 565.522,58.943 565.378,62.101 M570.82,37.631 C570.674,34.438 570.167,32.258 569.425,30.349 C568.659,28.377 567.633,26.702 565.965,25.035 C564.297,23.368 562.623,22.342 560.652,21.575 C558.743,20.834 556.562,20.326 553.369,20.18 C550.169,20.033 549.148,20 541,20 C532.853,20 531.831,20.033 528.631,20.18 C525.438,20.326 523.257,20.834 521.349,21.575 C519.376,22.342 517.703,23.368 516.035,25.035 C514.368,26.702 513.342,28.377 512.574,30.349 C511.834,32.258 511.326,34.438 511.181,37.631 C511.035,40.831 511,41.851 511,50 C511,58.147 511.035,59.17 511.181,62.369 C511.326,65.562 511.834,67.743 512.574,69.651 C513.342,71.625 514.368,73.296 516.035,74.965 C517.703,76.634 519.376,77.658 521.349,78.425 C523.257,79.167 525.438,79.673 528.631,79.82 C531.831,79.965 532.853,80.001 541,80.001 C549.148,80.001 550.169,79.965 553.369,79.82 C556.562,79.673 558.743,79.167 560.652,78.425 C562.623,77.658 564.297,76.634 565.965,74.965 C567.633,73.296 568.659,71.625 569.425,69.651 C570.167,67.743 570.674,65.562 570.82,62.369 C570.966,59.17 571,58.147 571,50 C571,41.851 570.966,40.831 570.82,37.631\"><\/path><\/g><\/g><\/g><\/svg><\/div>\n<div style=\"padding-top: 8px;\">\n<div style=\" color:#3897f0; font-family:Arial,sans-serif; font-size:14px; font-style:normal; font-weight:550; line-height:18px;\">Ver esta publicaci\u00f3n en Instagram<\/div>\n<\/div>\n<div style=\"padding: 12.5% 0;\"><\/div>\n<div style=\"display: flex; flex-direction: row; margin-bottom: 14px; align-items: center;\">\n<div>\n<div style=\"background-color: #F4F4F4; border-radius: 50%; height: 12.5px; width: 12.5px; transform: translateX(0px) translateY(7px);\"><\/div>\n<div style=\"background-color: #F4F4F4; height: 12.5px; transform: rotate(-45deg) translateX(3px) translateY(1px); width: 12.5px; flex-grow: 0; margin-right: 14px; margin-left: 2px;\"><\/div>\n<div style=\"background-color: #F4F4F4; border-radius: 50%; height: 12.5px; width: 12.5px; transform: translateX(9px) translateY(-18px);\"><\/div>\n<\/div>\n<div style=\"margin-left: 8px;\">\n<div style=\" background-color: #F4F4F4; border-radius: 50%; flex-grow: 0; height: 20px; width: 20px;\"><\/div>\n<div style=\" width: 0; height: 0; border-top: 2px solid transparent; border-left: 6px solid #f4f4f4; border-bottom: 2px solid transparent; transform: translateX(16px) translateY(-4px) rotate(30deg)\"><\/div>\n<\/div>\n<div style=\"margin-left: auto;\">\n<div style=\" width: 0px; border-top: 8px solid #F4F4F4; border-right: 8px solid transparent; transform: translateY(16px);\"><\/div>\n<div style=\" background-color: #F4F4F4; flex-grow: 0; height: 12px; width: 16px; transform: translateY(-4px);\"><\/div>\n<div style=\" width: 0; height: 0; border-top: 8px solid #F4F4F4; border-left: 8px solid transparent; transform: translateY(-4px) translateX(8px);\"><\/div>\n<\/div>\n<\/div>\n<div style=\"display: flex; flex-direction: column; flex-grow: 1; justify-content: center; margin-bottom: 24px;\">\n<div style=\" background-color: #F4F4F4; border-radius: 4px; flex-grow: 0; height: 14px; margin-bottom: 6px; width: 224px;\"><\/div>\n<div style=\" background-color: #F4F4F4; border-radius: 4px; flex-grow: 0; height: 14px; width: 144px;\"><\/div>\n<\/div>\n<p><\/a><\/p>\n<p style=\" color:#c9c8cd; font-family:Arial,sans-serif; font-size:14px; line-height:17px; margin-bottom:0; margin-top:8px; overflow:hidden; padding:8px 0 7px; text-align:center; text-overflow:ellipsis; white-space:nowrap;\"><a href=\"https:\/\/www.instagram.com\/reel\/C6OwCJIsb3L\/?utm_source=ig_embed&amp;utm_campaign=loading\" style=\" color:#c9c8cd; font-family:Arial,sans-serif; font-size:14px; font-style:normal; font-weight:normal; line-height:17px; text-decoration:none;\" target=\"_blank\" rel=\"noopener\">Una publicaci\u00f3n compartida de ESPAMOB&#39; &#8211; ERASMUS+ (@espamobspain)<\/a><\/p>\n<\/div>\n<\/blockquote>\n<p><script async src=\"\/\/www.instagram.com\/embed.js\"><\/script>[\/vc_column_text][\/vc_column_inner][\/vc_row_inner][\/vc_column][\/vc_row][vc_row full_width=&#8221;stretch_row&#8221; wrap_container=&#8221;yes&#8221; is_section=&#8221;yes&#8221; css=&#8221;.vc_custom_1708374740647{border-top-width: 0px !important;padding-top: 15px !important;padding-bottom: 15px !important;background-color: #f8f392 !important;}&#8221; conditional_render=&#8221;%5B%7B%22value_role%22%3A%22administrator%22%7D%5D&#8221;][vc_column][vc_row_inner css=&#8221;.vc_custom_1688548648248{background-color: #f8f392 !important;}&#8221;][vc_column_inner][vc_custom_heading text=&#8221;Richiedi un preventivo gratuito&#8221; font_container=&#8221;tag:h2|text_align:center&#8221; use_theme_fonts=&#8221;yes&#8221;][vc_column_text]<\/p>\n<p style=\"text-align: justify;\">Hai un\u2019idea per un progetto Erasmus+ in Spagna e cerchi un partner fidato che ti supporti? <strong>Espamob<\/strong>\u2019 \u00e8 qui per aiutarti! Ti offriamo un preventivo gratuito e senza impegno per aiutarti a gestire il tuo progetto di mobilit\u00e0. Grazie alla nostra competenza e alla nostra rete di aziende partner, siamo in grado di offrirvi un supporto personalizzato per soddisfare le vostre specifiche esigenze. Contattaci ora per discutere del tuo progetto e ottenere il tuo preventivo gratuito.<\/p>\n<p>[\/vc_column_text]<div id=\"modal-trg-txt-wrap-1271\" class=\"ult-modal-input-wrapper ult-adjust-bottom-margin    \" data-keypress-control=\"keypress-control-enable\" data-overlay-control=\"overlay-control-enable\"><style>\n\t\t\t\t\t.btn-modal.btn-id-69e7c442c89047-94698104:hover {\n\t\t\t\t\t\tbackground-color: #e20000 !important;\n\t\t\t\t\t}\n\t\t\t\t\t<\/style><button  data-ultimate-target='#modal-trg-txt-wrap-1271 .btn-modal'  data-responsive-json-new='{\"font-size\":\"\",\"line-height\":\"\"}'  style=\"background:#888888;border-color:#888888;color:#ffffff; \" data-class-id=\"content-69e7c442c89047-94698104\" class=\"btn-modal ult-responsive btn-primary btn-modal-md overlay-show ult-align-center btn-id-69e7c442c89047-94698104\" data-overlay-class=\"overlay-cornerbottomleft\">RICHIEDI PREVENTIVO GRATUITO<\/button><\/div>\n<div class=\"ult-overlay content-69e7c442c89047-94698104 \" data-class=\"content-69e7c442c89047-94698104\" id=\"button-click-overlay\" style=\"background:rgba(51,51,51,0.8); display:none;\">\n\t<div class=\"ult_modal ult-fade ult-medium\">\n\t\t<div id=\"ult-modal-wrap-7820\" class=\"ult_modal-content ult-hide\" style=\"border-style:solid;border-width:2px;border-radius:0px;border-color:#333333;\">\n\t\t\t<div class=\"ult_modal-header\" style=\"color:#333333;border-color:#333333;\">\n\t\t\t\t<h3  data-ultimate-target='#ult-modal-wrap-7820 .ult_modal-title'  data-responsive-json-new='{\"font-size\":\"\",\"line-height\":\"\"}'  class=\"ult_modal-title ult-responsive\">RICHIEDI PREVENTIVO GRATUITO<\/h3>\n\t\t\t<\/div>\n\t\t\t<div  data-ultimate-target='#ult-modal-wrap-7820 .ult_modal-body'  data-responsive-json-new='{\"font-size\":\"\",\"line-height\":\"\"}'  class=\"ult_modal-body ult-responsive ult-html\" style=\"\">\n\t\t\t<\/p>\n<p>[caldera_form id=&#8221;CF61499d9470acd&#8221;]<\/p>\n<p>\n\t\t\t<\/div>\n\t<\/div>\n\t<\/div>\n\t<div class=\"ult-overlay-close top-right\" style=\"width:80px;height:80px; \"><div class=\"ult-overlay-close-inside\">Close<\/div><\/div>\n<\/div>[\/vc_column_inner][\/vc_row_inner][\/vc_column][\/vc_row][vc_row wrap_container=&#8221;yes&#8221; css=&#8221;.vc_custom_1689256499740{margin-top: 15px !important;}&#8221; conditional_render=&#8221;%5B%7B%22value_role%22%3A%22administrator%22%7D%5D&#8221;][vc_column][vc_custom_heading text=&#8221;Domande frequenti&#8221; font_container=&#8221;tag:h2|text_align:center|color:%23000000&#8243; use_theme_fonts=&#8221;yes&#8221;][vc_separator][vc_row_inner][vc_column_inner width=&#8221;7\/12&#8243;][vc_column_text]<\/p>\n<h3>Quali sono i servizi offerti da Espamob per gli stage Erasmus in Spagna?<\/h3>\n<p>Espamob offre un supporto completo per i gruppi che desiderano realizzare uno stage Erasmus in Spagna. L&#8217;agenzia gestisce la creazione del progetto, la ricerca di finanziamenti, l&#8217;accoglienza presso universit\u00e0 e aziende partner, la ricerca di alloggi in loco e garantisce il trasporto dall&#8217;aeroporto.<\/p>\n<h3>Espamob offre stage Erasmus nel campo della manicure?<\/h3>\n<p>S\u00ec, Espamob propone stage Erasmus in diversi settori, compresa la manicure. L&#8217;agenzia pu\u00f2 aiutarti a trovare aziende partner in Spagna specializzate in questo settore e ti accompagner\u00e0 durante tutto il periodo dello stage.<\/p>\n<h3>Come finanziare uno stage Erasmus con Espamob?<\/h3>\n<p><span style=\"font-weight: 400;\">Espamob offre un supporto nella ricerca di finanziamenti per il tuo stage Erasmus. L&#8217;agenzia pu\u00f2 aiutarti a individuare diversi dispositivi di finanziamento disponibili, come le borse Erasmus+ o altre fonti di finanziamento esterne. Ti guider\u00e0 anche nella compilazione delle richieste di finanziamento.<\/span>[\/vc_column_text][\/vc_column_inner][vc_column_inner width=&#8221;1\/12&#8243;][\/vc_column_inner][vc_column_inner width=&#8221;4\/12&#8243;][vc_single_image image=&#8221;15074&#8243; img_size=&#8221;full&#8221;][vc_column_text]<strong>Informazioni su diverse destinazioni Erasmus + in Spagna: <\/strong><\/p>\n<ul>\n<li><a href=\"https:\/\/espamob.com\/it\/settori-stage-aziende-erasmusplus\/bellezza\/stage-erasmus-estetica\/\">Stage Erasmus in Estetica<\/a><\/li>\n<li><a href=\"https:\/\/espamob.com\/it\/settori-stage-aziende-erasmusplus\/bellezza\/stage-erasmus-parrucchiere\/\">Stage Erasmus in Parrucchiere<\/a><\/li>\n<li><a href=\"https:\/\/espamob.com\/it\/settori-stage-aziende-erasmusplus\/bellezza\/stage-erasmus-cosmetica\/\">Stage Erasmus in Cosmetica<\/a><\/li>\n<li><a href=\"https:\/\/espamob.com\/it\/settori-stage-aziende-erasmusplus\/bellezza\/stage-erasmus-profumeria\/\">Stage Erasmus in Profumeria<\/a><\/li>\n<\/ul>\n<p>[\/vc_column_text][\/vc_column_inner][\/vc_row_inner][\/vc_column][\/vc_row]<\/p>\n<\/div>","protected":false},"excerpt":{"rendered":"<p>[vc_row css=&#8221;.vc_custom_1708366679073{margin-top: -20px !important;margin-bottom: 40px !important;background-image: url(https:\/\/espamob.com\/wp-content\/uploads\/2024\/02\/Manicura-Pedicura.webp?id=23568) !important;}&#8221; conditional_render=&#8221;%5B%7B%22value_role%22%3A%22administrator%22%7D%5D&#8221;][vc_column css=&#8221;.vc_custom_1687965657482{padding-top: 30px !important;}&#8221; conditional_render=&#8221;%5B%7B%22value_role%22%3A%22administrator%22%7D%5D&#8221;][vc_empty_space height=&#8221;170&#8243;][vc_custom_heading text=&#8221;Stage Erasmus: Manicure&#8221; font_container=&#8221;tag:h1|font_size:27|text_align:center|color:%23ffffff&#8221; use_theme_fonts=&#8221;yes&#8221; css=&#8221;.vc_custom_1708374403601{margin-bottom: 15px !important;background-color: rgba(136,136,136,0.29) !important;*background-color: rgb(136,136,136) !important;}&#8221; animation_type=&#8221;zoomIn&#8221;][vc_empty_space height=&#8221;40&#8243;][\/vc_column][\/vc_row][vc_row wrap_container=&#8221;yes&#8221; text_align=&#8221;justify&#8221;][vc_column text_align=&#8221;justify&#8221;][vc_column_text] Home Settori di stage Mobilit\u00e0 nelle professioni di bellezza Tirocinio Erasmus: Manicure [\/vc_column_text][vc_custom_heading text=&#8221;Stage Erasmus Estetica delle Unghie: Amplia le tue competenze a livello<\/p>\n","protected":false},"author":2,"featured_media":0,"parent":12710,"menu_order":0,"comment_status":"closed","ping_status":"closed","template":"","meta":{"footnotes":""},"class_list":["post-23600","page","type-page","status-publish","hentry"],"_links":{"self":[{"href":"https:\/\/espamob.com\/it\/wp-json\/wp\/v2\/pages\/23600","targetHints":{"allow":["GET"]}}],"collection":[{"href":"https:\/\/espamob.com\/it\/wp-json\/wp\/v2\/pages"}],"about":[{"href":"https:\/\/espamob.com\/it\/wp-json\/wp\/v2\/types\/page"}],"author":[{"embeddable":true,"href":"https:\/\/espamob.com\/it\/wp-json\/wp\/v2\/users\/2"}],"replies":[{"embeddable":true,"href":"https:\/\/espamob.com\/it\/wp-json\/wp\/v2\/comments?post=23600"}],"version-history":[{"count":0,"href":"https:\/\/espamob.com\/it\/wp-json\/wp\/v2\/pages\/23600\/revisions"}],"up":[{"embeddable":true,"href":"https:\/\/espamob.com\/it\/wp-json\/wp\/v2\/pages\/12710"}],"wp:attachment":[{"href":"https:\/\/espamob.com\/it\/wp-json\/wp\/v2\/media?parent=23600"}],"curies":[{"name":"wp","href":"https:\/\/api.w.org\/{rel}","templated":true}]}}