{"id":23447,"date":"2023-08-28T00:00:00","date_gmt":"2023-08-28T00:00:00","guid":{"rendered":"https:\/\/www.espamob.com\/settori-stage-aziende-erasmusplus\/informatica-multimedia\/stage-erasmus-audiovisuel\/"},"modified":"2024-02-16T12:54:06","modified_gmt":"2024-02-16T12:54:06","slug":"stage-erasmus-audiovisivi","status":"publish","type":"page","link":"https:\/\/espamob.com\/it\/settori-stage-aziende-erasmusplus\/informatica-multimedia\/stage-erasmus-audiovisivi\/","title":{"rendered":"Stage Erasmus : Audiovisuel"},"content":{"rendered":"<div class=\"wpb-content-wrapper\"><p>[vc_row css=&#8221;.vc_custom_1707933944436{margin-top: -20px !important;margin-bottom: 40px !important;background-image: url(https:\/\/espamob.com\/wp-content\/uploads\/2024\/02\/Multimedia-Audiovisual.webp?id=23432) !important;}&#8221; conditional_render=&#8221;%5B%7B%22value_role%22%3A%22administrator%22%7D%5D&#8221;][vc_column css=&#8221;.vc_custom_1687965657482{padding-top: 30px !important;}&#8221; conditional_render=&#8221;%5B%7B%22value_role%22%3A%22administrator%22%7D%5D&#8221;][vc_empty_space height=&#8221;170&#8243;][vc_custom_heading text=&#8221;Stage Erasmus: Multimedia &#8211; Audiovisivi&#8221; font_container=&#8221;tag:h1|font_size:27|text_align:center|color:%23ffffff&#8221; use_theme_fonts=&#8221;yes&#8221; css=&#8221;.vc_custom_1708086488009{margin-bottom: 15px !important;background-color: rgba(136,136,136,0.29) !important;*background-color: rgb(136,136,136) !important;}&#8221; animation_type=&#8221;zoomIn&#8221;][vc_empty_space height=&#8221;40&#8243;][\/vc_column][\/vc_row][vc_row wrap_container=&#8221;yes&#8221; text_align=&#8221;justify&#8221;][vc_column text_align=&#8221;justify&#8221;][vc_column_text]<\/p>\n<nav aria-label=\"breadcrumb\">\n<ol class=\"breadcrumb\">\n<li class=\"breadcrumb-item\"><a href=\"https:\/\/espamob.com\/it\">Home<\/a><\/li>\n<li class=\"breadcrumb-item\"><a href=\"https:\/\/espamob.com\/it\/settori-stage-aziende-erasmusplus\">Settori di stage<\/a><\/li>\n<li class=\"breadcrumb-item active\" aria-current=\"page\"><a href=\"https:\/\/espamob.com\/it\/settori-stage-aziende-erasmusplus\/informatica-multimedia\/\">Mobilit\u00e0 nel settore IT e multimedia<\/a><\/li>\n<li class=\"breadcrumb-item active\" aria-current=\"page\">Tirocinio Erasmus: <span lang=\"ES\"><span lang=\"ES\"><span lang=\"ES\">Multimedia &#8211; Audiovisivi<\/span><\/span><\/span><\/li>\n<\/ol>\n<\/nav>\n<p>[\/vc_column_text][vc_custom_heading text=&#8221;Immergiti nell&#8217;universo della creazione audiovisiva con uno stage Erasmus&#8221; use_theme_fonts=&#8221;yes&#8221; css=&#8221;.vc_custom_1708086526598{margin-top: 20px !important;}&#8221;][vc_separator][vc_row_inner][vc_column_inner width=&#8221;7\/12&#8243;][vc_column_text]Scopri come realizzare il tuo sogno di lavorare nell&#8217;industria audiovisiva svolgendo uno <strong>stage Erasmus dedicato a questa affascinante disciplina<\/strong>. Questo programma europeo ti offre un&#8217;esperienza professionale unica e arricchente all&#8217;interno di un&#8217;azienda specializzata nel settore audiovisivo. Avrai cos\u00ec l&#8217;opportunit\u00e0 di sviluppare le tue competenze tecniche e artistiche, contribuendo alla realizzazione di progetti creativi in Europa.<\/p>\n<h2>Erasmus+: il programma che apre le porte dell&#8217;Europa<\/h2>\n<p>Lanciato nel 1987, Erasmus (European Region Action Scheme for the Mobility of University Students) \u00e8 un programma di scambio universitario che consente agli studenti di vivere un&#8217;esperienza accademica e culturale in un altro paese europeo. Dal 2014, il programma si \u00e8 ampliato diventando Erasmus+, includendo ora opportunit\u00e0 di stage professionale per studenti e giovani laureati.<\/p>\n<p>Questo programma ti offre l&#8217;accesso a una borsa di studio per finanziare il tuo soggiorno e coprire parte delle spese legate alla tua mobilit\u00e0 internazionale. Grazie a questo sostegno finanziario, puoi concentrarti sul tuo stage e trarre pieno vantaggio da questa esperienza unica.<\/p>\n<h2>Lo stage Erasmus in audiovisivi: un&#8217;immersione totale nel mondo professionale<\/h2>\n<p>Svolgere uno stage Erasmus nel campo audiovisivo rappresenta un&#8217;opportunit\u00e0 incredibile per tuffarsi nel cuore del settore e imparare al fianco di professionisti esperti. Durante questo stage, potrai:<\/p>\n<ul>\n<li>Partecipare attivamente alla realizzazione di progetti audiovisivi (film, serie TV, documentari, pubblicit\u00e0, ecc.).<\/li>\n<li>Scoprire le diverse fasi di produzione di un&#8217;opera audiovisiva, dall&#8217;ideazione alla postproduzione.<\/li>\n<li>Approfondire le tue conoscenze sulle tecniche di ripresa, montaggio, audio ed effetti speciali.<\/li>\n<li>Rafforzare le tue competenze linguistiche e interculturali lavorando in un ambiente internazionale.<\/li>\n<\/ul>\n<p>Questo stage ti permetter\u00e0 anche di costruire una solida rete professionale, fondamentale per il successo della tua integrazione nel mondo del lavoro.<\/p>\n<h2>Trova lo stage Erasmus audiovisivo che corrisponde alle tue ambizioni<\/h2>\n<p>Per trovare la migliore opportunit\u00e0 di stage, \u00e8 essenziale preparare attentamente la tua candidatura e mirare a aziende che rispecchino le tue aspirazioni professionali. Ecco alcuni consigli per aiutarti in questo processo:<\/p>\n<ol>\n<li><strong>Identifica le tue competenze<\/strong>: fai un&#8217;analisi delle aree in cui eccelli e di quelle che desideri sviluppare durante lo stage Erasmus audiovisivo. Ci\u00f2 ti aiuter\u00e0 a selezionare le offerte pi\u00f9 pertinenti.<\/li>\n<li><strong>Metti in evidenza la tua motivazione<\/strong>: dimostra ai potenziali datori di lavoro che sei appassionato di audiovisivi e determinato a trarre il massimo da questa esperienza.<\/li>\n<li><strong>Adatta il tuo CV e la lettera di presentazione<\/strong>: ogni azienda ha aspettative specifiche riguardo a competenze e qualifiche. \u00c8 quindi importante adattare la tua candidatura in base alla posizione desiderata.<\/li>\n<li><strong>Informarti sulle aziende<\/strong>: prenditi il tempo di informarti sulle attivit\u00e0 delle aziende che offrono stage Erasmus audiovisivi, per comprendere meglio la loro cultura aziendale e i loro progetti attuali.<\/li>\n<\/ol>\n<h3>I settori chiave per uno stage Erasmus audiovisivi<\/h3>\n<p>L&#8217;industria audiovisiva comprende numerosi mestieri e campi di specializzazione. Ecco alcuni settori in cui svolgere uno stage Erasmus potrebbe essere particolarmente vantaggioso:<\/p>\n<ul>\n<li>Produzione cinematografica e televisiva<\/li>\n<li>Realizzazione di documentari o reportage<\/li>\n<li>Montaggio video e sonoro<\/li>\n<li>Effetti speciali e animazione 2D\/3D<\/li>\n<\/ul>\n<p>[\/vc_column_text][\/vc_column_inner][vc_column_inner width=&#8221;1\/12&#8243;][\/vc_column_inner][vc_column_inner width=&#8221;4\/12&#8243;][vc_single_image image=&#8221;18130&#8243; img_size=&#8221;400*400&#8243; alignment=&#8221;right&#8221; style=&#8221;vc_box_rounded&#8221; label=&#8221;&#8221;][vc_btn title=&#8221;Scoprire di pi\u00f9&#8221; style=&#8221;custom&#8221; custom_background=&#8221;#e20000&#8243; custom_text=&#8221;#ffffff&#8221; align=&#8221;center&#8221; link=&#8221;url:https%3A%2F%2Fespamob.com%2Fit%2Fcontacto-con-nuestro-equipo-de-movilidad%2F|title:Contacto|target:_blank&#8221;][\/vc_column_inner][\/vc_row_inner][vc_custom_heading text=&#8221;Prepara al meglio la tua esperienza Erasmus nell&#8217;audiovisivi&#8221; font_container=&#8221;tag:h3|text_align:left&#8221; use_theme_fonts=&#8221;yes&#8221; css=&#8221;.vc_custom_1708086894819{margin-top: 20px !important;}&#8221;][vc_separator][vc_row_inner][vc_column_inner width=&#8221;7\/12&#8243;][vc_column_text]Per vivere appieno questa avventura internazionale, \u00e8 importante preparare attentamente la tua partenza e adottare tutte le misure necessarie. Ecco alcuni aspetti da non trascurare:<\/p>\n<ol>\n<li>P<strong>revedi le pratiche amministrative<\/strong>: alcune formalit\u00e0 (ottenimento di un visto, ricerca di alloggio, assicurazione sanitaria, ecc.) possono richiedere tempo. \u00c8 quindi essenziale iniziare le procedure con anticipo.<\/li>\n<li><strong>Organizza il tuo budget<\/strong>: anche se la borsa Erasmus+ ti aiuter\u00e0 a finanziare parte delle spese, \u00e8 importante pianificare un budget realistico per coprire le spese locali.<\/li>\n<li><strong>Prendi confidenza con la lingua e la cultura locali<\/strong>: per facilitare la tua integrazione e godere appieno del tuo soggiorno in Europa, approfitta del tempo precedente alla partenza per scoprire le specificit\u00e0 culturali e linguistiche del tuo paese ospitante.<\/li>\n<\/ol>\n<p><span style=\"font-weight: 400;\">Seguendo questi consigli e scegliendo con saggezza il tuo stage Erasmus audiovisivo, sei sicuro di vivere un&#8217;esperienza professionale e personale indimenticabile, che segner\u00e0 duraturamente il tuo percorso e contribuir\u00e0 al successo della tua carriera nell&#8217;industria audiovisiva.<\/span>[\/vc_column_text][\/vc_column_inner][vc_column_inner width=&#8221;1\/12&#8243;][\/vc_column_inner][vc_column_inner width=&#8221;4\/12&#8243;][vc_raw_html]JTNDZGl2JTIwc3R5bGUlM0QlMjJwYWRkaW5nJTNBJTIwMzBweCUzQmJhY2tncm91bmQtY29sb3IlM0ElMjAlMjNGNEY0RjQlM0IlMjIlM0UlMEElMjAlMjAlMjAlMjAlM0NoNCUzRVNjb3ByaSUyMHR1dHRpJTIwaSUyMHNldHRvcmklMjBkaSUyMHRpcm9jaW5pbyUzQyUyRmg0JTNFJTBBJTIwJTIwJTIwJTIwJTNDcCUzRUwlMjdFc3BhbW9iJTIwJUMzJUE4JTIwc3BlY2lhbGl6emF0byUyMG5lbGwlMjdhc3Npc3RlbnphJTIwYWklMjBncnVwcGklMjBwZXIlMjBsYSUyMG1vYmlsaXQlQzMlQTAlMjBFcmFzbXVzJTIwJTJCLiUyMFNjb3ByaXRlJTIwdHV0dGklMjBpJTIwc2V0dG9yaSUyMGRpJTIwdGlyb2NpbmlvJTIwRXJhc211cyUyMGluJTIwU3BhZ25hJTIwaW4lMjBwb2NoaSUyMGNsaWMuJTNDJTJGcCUzRSUwQSUyMCUyMCUyMCUyMCUzQ2ElMjBjbGFzcyUzRCUyMnZjX2dlbmVyYWwlMjB2Y19idG4zJTIwdmNfYnRuMy1zaXplLW1kJTIwdmNfYnRuMy1zaGFwZS1kZWZhdWx0JTIwdmNfYnRuMy1zdHlsZS1jdXN0b20lMjB3cGJfY3VzdG9tXzY2ODdiMjZmMzk0ODhkZGJiODVkZGIzYzFjZThlMTExJTIwYnRuJTIyJTIwc3R5bGUlM0QlMjJiYWNrZ3JvdW5kLWNvbG9yJTNBJTIzZTIwMDAwJTNCJTIwY29sb3IlM0ElMjNmZmZmZmYlM0IlMjBiYWNrZ3JvdW5kLWNvbG9yJTNBJTIzZTIwMDAwJTNCJTIwY29sb3IlM0ElMjNmZmZmZmYlM0IlMjIlMjBocmVmJTNEJTIyaHR0cHMlM0ElMkYlMkZ3d3cuZXNwYW1vYi5jb20lMkZpdCUyRnNldHRvcmktc3RhZ2UtYXppZW5kZS1lcmFzbXVzcGx1cyUyRiUyMiUyMHRpdGxlJTNEJTIyU2V0dG9yaSUyMGRpJTIwc3RhZ2UlMjIlMjB0YXJnZXQlM0QlMjJfYmxhbmslMjIlM0VTY29wcmlyZSUyMGklMjBzZXR0b3JpJTNDJTJGYSUzRSUwQSUzQyUyRmRpdiUzRQ==[\/vc_raw_html][\/vc_column_inner][\/vc_row_inner][\/vc_column][\/vc_row][vc_row full_width=&#8221;stretch_row&#8221; wrap_container=&#8221;yes&#8221; is_section=&#8221;yes&#8221; css=&#8221;.vc_custom_1708086718544{border-top-width: 0px !important;padding-top: 15px !important;padding-bottom: 15px !important;background-color: #f8f392 !important;}&#8221; conditional_render=&#8221;%5B%7B%22value_role%22%3A%22administrator%22%7D%5D&#8221;][vc_column][vc_row_inner css=&#8221;.vc_custom_1688548648248{background-color: #f8f392 !important;}&#8221;][vc_column_inner][vc_custom_heading text=&#8221;Richiedi un preventivo gratuito&#8221; font_container=&#8221;tag:h2|text_align:center&#8221; use_theme_fonts=&#8221;yes&#8221;][vc_column_text]<\/p>\n<p style=\"text-align: justify;\">Hai un\u2019idea per un progetto Erasmus+ in Spagna e cerchi un partner fidato che ti supporti? <strong>Espamob<\/strong>\u2019 \u00e8 qui per aiutarti! Ti offriamo un preventivo gratuito e senza impegno per aiutarti a gestire il tuo progetto di mobilit\u00e0. Grazie alla nostra competenza e alla nostra rete di aziende partner, siamo in grado di offrirvi un supporto personalizzato per soddisfare le vostre specifiche esigenze. Contattaci ora per discutere del tuo progetto e ottenere il tuo preventivo gratuito.<\/p>\n<p>[\/vc_column_text]<div id=\"modal-trg-txt-wrap-7955\" class=\"ult-modal-input-wrapper ult-adjust-bottom-margin    \" data-keypress-control=\"keypress-control-enable\" data-overlay-control=\"overlay-control-enable\"><style>\n\t\t\t\t\t.btn-modal.btn-id-69e79228b0a191-39120619:hover {\n\t\t\t\t\t\tbackground-color: #e20000 !important;\n\t\t\t\t\t}\n\t\t\t\t\t<\/style><button  data-ultimate-target='#modal-trg-txt-wrap-7955 .btn-modal'  data-responsive-json-new='{\"font-size\":\"\",\"line-height\":\"\"}'  style=\"background:#888888;border-color:#888888;color:#ffffff; \" data-class-id=\"content-69e79228b0a191-39120619\" class=\"btn-modal ult-responsive btn-primary btn-modal-md overlay-show ult-align-center btn-id-69e79228b0a191-39120619\" data-overlay-class=\"overlay-cornerbottomleft\">RICHIEDI PREVENTIVO GRATUITO<\/button><\/div>\n<div class=\"ult-overlay content-69e79228b0a191-39120619 \" data-class=\"content-69e79228b0a191-39120619\" id=\"button-click-overlay\" style=\"background:rgba(51,51,51,0.8); display:none;\">\n\t<div class=\"ult_modal ult-fade ult-medium\">\n\t\t<div id=\"ult-modal-wrap-1405\" class=\"ult_modal-content ult-hide\" style=\"border-style:solid;border-width:2px;border-radius:0px;border-color:#333333;\">\n\t\t\t<div class=\"ult_modal-header\" style=\"color:#333333;border-color:#333333;\">\n\t\t\t\t<h3  data-ultimate-target='#ult-modal-wrap-1405 .ult_modal-title'  data-responsive-json-new='{\"font-size\":\"\",\"line-height\":\"\"}'  class=\"ult_modal-title ult-responsive\">RICHIEDI PREVENTIVO GRATUITO<\/h3>\n\t\t\t<\/div>\n\t\t\t<div  data-ultimate-target='#ult-modal-wrap-1405 .ult_modal-body'  data-responsive-json-new='{\"font-size\":\"\",\"line-height\":\"\"}'  class=\"ult_modal-body ult-responsive ult-html\" style=\"\">\n\t\t\t[caldera_form id=&#8221;CF61499d9470acd&#8221;]\n\t\t\t<\/div>\n\t<\/div>\n\t<\/div>\n\t<div class=\"ult-overlay-close top-right\" style=\"width:80px;height:80px; \"><div class=\"ult-overlay-close-inside\">Close<\/div><\/div>\n<\/div>[\/vc_column_inner][\/vc_row_inner][\/vc_column][\/vc_row][vc_row wrap_container=&#8221;yes&#8221; css=&#8221;.vc_custom_1689256499740{margin-top: 15px !important;}&#8221; conditional_render=&#8221;%5B%7B%22value_role%22%3A%22administrator%22%7D%5D&#8221;][vc_column][vc_custom_heading text=&#8221;Domande frequenti&#8221; font_container=&#8221;tag:h2|text_align:center|color:%23000000&#8243; use_theme_fonts=&#8221;yes&#8221;][vc_separator][vc_row_inner][vc_column_inner width=&#8221;7\/12&#8243;][vc_column_text]<\/p>\n<h3>Cos&#8217;\u00e8 Espamob?<\/h3>\n<p>Espamob \u00e8 un sito di supporto per gruppi che desiderano realizzare una mobilit\u00e0 Erasmus+ in Spagna. L&#8217;agenzia gestisce i progetti dall&#8217;inizio alla fine, offrendo un supporto completo.<\/p>\n<h3>Quali servizi offre Espamob per gli stage Erasmus in audiovisivi?<\/h3>\n<p>Espamob offre diversi servizi per gli stage Erasmus in audiovisivi. L&#8217;agenzia aiuta i gruppi a creare il loro progetto, cerca finanziamenti, facilita l&#8217;accoglienza presso universit\u00e0 e aziende partner per gli stage, trova alloggi in loco e si occupa del trasferimento dall&#8217;aeroporto.<\/p>\n<h3>Perch\u00e9 fare appello a Espamob per uno stage Erasmus in audiovisivi?<\/h3>\n<p><span style=\"font-weight: 400;\">Rivolgersi a Espamob per uno stage Erasmus in audiovisivi presenta numerosi vantaggi. L&#8217;agenzia offre un supporto completo e facilita tutte le procedure necessarie per la realizzazione del progetto. Dispone di una rete di partner affidabili ed esperti nel campo audiovisivo, consentendo agli studenti di beneficiare di un&#8217;esperienza arricchente e professionale.<\/span>[\/vc_column_text][\/vc_column_inner][vc_column_inner width=&#8221;1\/12&#8243;][\/vc_column_inner][vc_column_inner width=&#8221;4\/12&#8243;][vc_single_image image=&#8221;15074&#8243; img_size=&#8221;full&#8221;][vc_column_text]<strong>Informazioni sulle diverse destinazioni Erasmus+ in Spagna: <\/strong><\/p>\n<ul>\n<li><a href=\"https:\/\/espamob.com\/it\/settori-stage-aziende-erasmusplus\/informatica-multimedia\/stage-erasmus-informatica\/\">Stage Erasmus Informatica<\/a><\/li>\n<li><a href=\"https:\/\/espamob.com\/it\/settori-stage-aziende-erasmusplus\/informatica-multimedia\/stage-erasmus-arti-grafiche\/\">Stage Erasmus Arti grafiche<\/a><\/li>\n<\/ul>\n<p>[\/vc_column_text][\/vc_column_inner][\/vc_row_inner][\/vc_column][\/vc_row]<\/p>\n<\/div>","protected":false},"excerpt":{"rendered":"<p>[vc_row css=&#8221;.vc_custom_1707933944436{margin-top: -20px !important;margin-bottom: 40px !important;background-image: url(https:\/\/espamob.com\/wp-content\/uploads\/2024\/02\/Multimedia-Audiovisual.webp?id=23432) !important;}&#8221; conditional_render=&#8221;%5B%7B%22value_role%22%3A%22administrator%22%7D%5D&#8221;][vc_column css=&#8221;.vc_custom_1687965657482{padding-top: 30px !important;}&#8221; conditional_render=&#8221;%5B%7B%22value_role%22%3A%22administrator%22%7D%5D&#8221;][vc_empty_space height=&#8221;170&#8243;][vc_custom_heading text=&#8221;Stage Erasmus: Multimedia &#8211; Audiovisivi&#8221; font_container=&#8221;tag:h1|font_size:27|text_align:center|color:%23ffffff&#8221; use_theme_fonts=&#8221;yes&#8221; css=&#8221;.vc_custom_1708086488009{margin-bottom: 15px !important;background-color: rgba(136,136,136,0.29) !important;*background-color: rgb(136,136,136) !important;}&#8221; animation_type=&#8221;zoomIn&#8221;][vc_empty_space height=&#8221;40&#8243;][\/vc_column][\/vc_row][vc_row wrap_container=&#8221;yes&#8221; text_align=&#8221;justify&#8221;][vc_column text_align=&#8221;justify&#8221;][vc_column_text] Home Settori di stage Mobilit\u00e0 nel settore IT e multimedia Tirocinio Erasmus: Multimedia &#8211; Audiovisivi [\/vc_column_text][vc_custom_heading text=&#8221;Immergiti nell&#8217;universo della creazione audiovisiva con<\/p>\n","protected":false},"author":2,"featured_media":0,"parent":12692,"menu_order":0,"comment_status":"closed","ping_status":"closed","template":"","meta":{"footnotes":""},"class_list":["post-23447","page","type-page","status-publish","hentry"],"_links":{"self":[{"href":"https:\/\/espamob.com\/it\/wp-json\/wp\/v2\/pages\/23447","targetHints":{"allow":["GET"]}}],"collection":[{"href":"https:\/\/espamob.com\/it\/wp-json\/wp\/v2\/pages"}],"about":[{"href":"https:\/\/espamob.com\/it\/wp-json\/wp\/v2\/types\/page"}],"author":[{"embeddable":true,"href":"https:\/\/espamob.com\/it\/wp-json\/wp\/v2\/users\/2"}],"replies":[{"embeddable":true,"href":"https:\/\/espamob.com\/it\/wp-json\/wp\/v2\/comments?post=23447"}],"version-history":[{"count":0,"href":"https:\/\/espamob.com\/it\/wp-json\/wp\/v2\/pages\/23447\/revisions"}],"up":[{"embeddable":true,"href":"https:\/\/espamob.com\/it\/wp-json\/wp\/v2\/pages\/12692"}],"wp:attachment":[{"href":"https:\/\/espamob.com\/it\/wp-json\/wp\/v2\/media?parent=23447"}],"curies":[{"name":"wp","href":"https:\/\/api.w.org\/{rel}","templated":true}]}}