{"id":23443,"date":"2023-08-25T00:00:00","date_gmt":"2023-08-25T00:00:00","guid":{"rendered":"https:\/\/www.espamob.com\/settori-stage-aziende-erasmusplus\/informatica-multimedia\/stage-erasmus-informatique\/"},"modified":"2024-02-28T19:34:51","modified_gmt":"2024-02-28T19:34:51","slug":"stage-erasmus-informatica","status":"publish","type":"page","link":"https:\/\/espamob.com\/it\/settori-stage-aziende-erasmusplus\/informatica-multimedia\/stage-erasmus-informatica\/","title":{"rendered":"Stage Erasmus : Informatique"},"content":{"rendered":"<div class=\"wpb-content-wrapper\"><p>[vc_row css=&#8221;.vc_custom_1707933921686{margin-top: -20px !important;margin-bottom: 40px !important;background-image: url(https:\/\/espamob.com\/wp-content\/uploads\/2024\/02\/Informatica-Digital.webp?id=23427) !important;}&#8221; conditional_render=&#8221;%5B%7B%22value_role%22%3A%22administrator%22%7D%5D&#8221;][vc_column css=&#8221;.vc_custom_1687965657482{padding-top: 30px !important;}&#8221; conditional_render=&#8221;%5B%7B%22value_role%22%3A%22administrator%22%7D%5D&#8221;][vc_empty_space height=&#8221;170&#8243;][vc_custom_heading text=&#8221;Stage Erasmus: Informatica\/Digitale&#8221; font_container=&#8221;tag:h1|font_size:27|text_align:center|color:%23ffffff&#8221; use_theme_fonts=&#8221;yes&#8221; css=&#8221;.vc_custom_1708085941332{margin-bottom: 15px !important;background-color: rgba(136,136,136,0.29) !important;*background-color: rgb(136,136,136) !important;}&#8221; animation_type=&#8221;zoomIn&#8221;][vc_empty_space height=&#8221;40&#8243;][\/vc_column][\/vc_row][vc_row wrap_container=&#8221;yes&#8221; text_align=&#8221;justify&#8221;][vc_column text_align=&#8221;justify&#8221;][vc_column_text]<\/p>\n<nav aria-label=\"breadcrumb\">\n<ol class=\"breadcrumb\">\n<li class=\"breadcrumb-item\"><a href=\"https:\/\/espamob.com\/it\">Home<\/a><\/li>\n<li class=\"breadcrumb-item\"><a href=\"https:\/\/espamob.com\/it\/settori-stage-aziende-erasmusplus\">Settori di stage<\/a><\/li>\n<li class=\"breadcrumb-item active\" aria-current=\"page\"><a href=\"https:\/\/espamob.com\/it\/settori-stage-aziende-erasmusplus\/informatica-multimedia\/\">Mobilit\u00e0 nel settore IT e multimedia<\/a><\/li>\n<li class=\"breadcrumb-item active\" aria-current=\"page\">Tirocinio Erasmus: <span lang=\"ES\">Informatica\/Digitale<\/span><\/li>\n<\/ol>\n<\/nav>\n<p>[\/vc_column_text][vc_custom_heading text=&#8221;Stage Erasmus Informatica: Un&#8217;esperienza indimenticabile nel cuore dell&#8217;Europa&#8221; use_theme_fonts=&#8221;yes&#8221; css=&#8221;.vc_custom_1708086015822{margin-top: 20px !important;}&#8221;][vc_separator][vc_row_inner][vc_column_inner width=&#8221;7\/12&#8243;][vc_column_text]Il programma <strong>Erasmus+<\/strong> offre un&#8217;opportunit\u00e0 straordinaria per gli studenti di informatica desiderosi di scoprire nuove culture, migliorare le proprie competenze linguistiche e sviluppare la propria rete professionale. Uno stage Erasmus Informatica consente agli stagisti di vivere un&#8217;esperienza professionale arricchente all&#8217;estero, usufruendo nel contempo del supporto finanziario e amministrativo del programma Erasmus+.<\/p>\n<h2>I vantaggi di uno stage Erasmus Informatica<\/h2>\n<p>Decidere di intraprendere uno stage Erasmus Informatica comporta numerosi vantaggi:<\/p>\n<ul>\n<li><strong>Acquisizione di esperienza professionale internazionale<\/strong>: Gli stage all&#8217;estero sono molto apprezzati dai datori di lavoro, poich\u00e9 dimostrano la capacit\u00e0 di un candidato di lavorare in un ambiente diverso e spesso multiculturale.<\/li>\n<li><strong>Miglioramento delle competenze informatiche:<\/strong> Partecipare a uno stage Erasmus Informatica offre l&#8217;opportunit\u00e0 di apprendere nuovi metodi di lavoro, familiarizzarsi con tecnologie diverse e padroneggiare nuovi linguaggi di programmazione.<\/li>\n<li><strong>Sviluppo della rete professionale<\/strong>: Lavorando presso un&#8217;azienda o un&#8217;organizzazione straniera, gli stagisti stabiliscono relazioni professionali che possono rivelarsi preziose in futuro, sia a livello nazionale che internazionale.<\/li>\n<li><strong>Pratica di una lingua straniera<\/strong>: Una permanenza all&#8217;estero consente di migliorare le competenze linguistiche, un vantaggio indiscutibile sul mercato del lavoro.<\/li>\n<\/ul>\n<h2>Le procedure per ottenere uno stage Erasmus Informatica<\/h2>\n<p>Per beneficiare di uno stage Erasmus Informatica, \u00e8 necessario seguire diverse fasi:<\/p>\n<ol>\n<li><strong>Scegliere la destinazione<\/strong>: \u00c8 essenziale informarsi sui paesi che offrono stage nel campo dell&#8217;informatica. Le opportunit\u00e0 variano a seconda dei paesi e delle istituzioni partner dell&#8217;istituto d&#8217;origine.<\/li>\n<li><strong>Informarsi sulle modalit\u00e0 del programma Erasmus+<\/strong>: Ogni istituto di istruzione superiore ha i propri criteri di selezione e procedure di iscrizione. \u00c8 quindi importante prendere conoscenza delle condizioni specifiche stabilite dalla scuola o dall&#8217;universit\u00e0.<\/li>\n<li><strong>Preparare la propria candidatura<\/strong>: Un curriculum vitae, una lettera di motivazione e talvolta una lettera di raccomandazione sono generalmente richiesti per candidarsi a uno stage Erasmus Informatica. \u00c8 anche necessario fornire la prova delle competenze linguistiche.<\/li>\n<li><strong>Trovare uno stage<\/strong>: Una volta accettata la candidatura, \u00e8 necessario cercare attivamente uno stage in informatica nel paese prescelto. La ricerca pu\u00f2 essere effettuata attraverso piattaforme specializzate, reti professionali o con il supporto del servizio relazioni internazionali dell&#8217;istituto d&#8217;origine.<\/li>\n<li><strong>Firmare una convenzione di stage<\/strong>: Gli stagisti devono firmare una convenzione di stage tripartita con l&#8217;azienda ospitante e l&#8217;istituto d&#8217;origine. Questo documento \u00e8 essenziale per regolare lo svolgimento dello stage e garantire i diritti degli stagisti.<\/li>\n<\/ol>\n<p>[\/vc_column_text][\/vc_column_inner][vc_column_inner width=&#8221;1\/12&#8243;][\/vc_column_inner][vc_column_inner width=&#8221;4\/12&#8243;][vc_single_image image=&#8221;18220&#8243; img_size=&#8221;400*400&#8243; alignment=&#8221;right&#8221; style=&#8221;vc_box_rounded&#8221;][vc_btn title=&#8221;Scoprire di pi\u00f9&#8221; style=&#8221;custom&#8221; custom_background=&#8221;#e20000&#8243; custom_text=&#8221;#ffffff&#8221; align=&#8221;center&#8221; link=&#8221;url:https%3A%2F%2Fespamob.com%2Fit%2Fcontacto-con-nuestro-equipo-de-movilidad%2F|title:Contacto|target:_blank&#8221;][\/vc_column_inner][\/vc_row_inner][vc_custom_heading text=&#8221;Finanziamento e riconoscimento accademico di uno stage Erasmus Informatica&#8221; font_container=&#8221;tag:h3|text_align:left&#8221; use_theme_fonts=&#8221;yes&#8221; css=&#8221;.vc_custom_1708086159674{margin-top: 20px !important;}&#8221;][vc_separator][vc_row_inner][vc_column_inner width=&#8221;7\/12&#8243;][vc_column_text]Per agevolare il soggiorno all&#8217;estero, Erasmus+ prevede un sostegno finanziario destinato a coprire parte delle spese generate dallo stage:<\/p>\n<ul>\n<li><strong>Assegno Erasmus+<\/strong>: L&#8217;importo assegnato agli studenti varia in base a diversi criteri, come la durata dello stage (da 2 a 12 mesi), il costo della vita nel paese ospitante e la situazione finanziaria dello studente.<\/li>\n<li><strong>Aiuti complementari<\/strong>: A seconda del proprio profilo e delle proprie esigenze, gli stagisti possono inoltre accedere a aiuti complementari, come borse di studio regionali o prestiti per studenti a tassi agevolati.<\/li>\n<\/ul>\n<p>Per quanto riguarda il riconoscimento accademico, uno stage Erasmus Informatica d\u00e0 generalmente luogo all&#8217;assegnazione di crediti ECTS (European Credit Transfer System). Questi crediti consentono di convalidare l&#8217;esperienza professionale acquisita all&#8217;estero e di farla riconoscere nel contesto del percorso universitario seguito dallo studente.<\/p>\n<h3>Testimonianze ispiranti di stagisti in informatica che hanno vissuto l&#8217;esperienza Erasmus+<\/h3>\n<p>Gli studenti che hanno svolto uno stage Erasmus Informatica sono spesso concordi sui benefici della loro esperienza:<\/p>\n<blockquote>\n<p>\u00ab Il mio stage Erasmus in informatica mi ha permesso di imparare nuove tecniche di sviluppo e di lavorare su progetti innovativi. \u00c8 stata un&#8217;esperienza incredibile che ha rafforzato la mia fiducia in me stesso e le mie competenze professionali. \u00bb<\/p>\n<p>\u00ab Grazie al mio stage Erasmus, ho potuto acquisire un&#8217;esperienza professionale internazionale e sviluppare la mia rete. Oggi lavoro in un&#8217;azienda prestigiosa e sono convinto che questa esperienza sia stata un vantaggio significativo durante la mia ricerca di lavoro. \u00bb<\/p>\n<\/blockquote>\n<p><span style=\"font-weight: 400;\">In sintesi, svolgere uno stage Erasmus Informatica \u00e8 un&#8217;esperienza unica, sia dal punto di vista personale che professionale. Le opportunit\u00e0 offerte dal programma Erasmus+ consentono agli studenti di informatica di stimolare la propria carriera vivendo un&#8217;avventura umana indimenticabile.<\/span>[\/vc_column_text][\/vc_column_inner][vc_column_inner width=&#8221;1\/12&#8243;][\/vc_column_inner][vc_column_inner width=&#8221;4\/12&#8243;][vc_raw_html]JTNDZGl2JTIwc3R5bGUlM0QlMjJwYWRkaW5nJTNBJTIwMzBweCUzQmJhY2tncm91bmQtY29sb3IlM0ElMjAlMjNGNEY0RjQlM0IlMjIlM0UlMEElMjAlMjAlMjAlMjAlM0NoNCUzRVNjb3ByaSUyMHR1dHRpJTIwaSUyMHNldHRvcmklMjBkaSUyMHRpcm9jaW5pbyUzQyUyRmg0JTNFJTBBJTIwJTIwJTIwJTIwJTNDcCUzRUwlMjdFc3BhbW9iJTIwJUMzJUE4JTIwc3BlY2lhbGl6emF0byUyMG5lbGwlMjdhc3Npc3RlbnphJTIwYWklMjBncnVwcGklMjBwZXIlMjBsYSUyMG1vYmlsaXQlQzMlQTAlMjBFcmFzbXVzJTIwJTJCLiUyMFNjb3ByaXRlJTIwdHV0dGklMjBpJTIwc2V0dG9yaSUyMGRpJTIwdGlyb2NpbmlvJTIwRXJhc211cyUyMGluJTIwU3BhZ25hJTIwaW4lMjBwb2NoaSUyMGNsaWMuJTNDJTJGcCUzRSUwQSUyMCUyMCUyMCUyMCUzQ2ElMjBjbGFzcyUzRCUyMnZjX2dlbmVyYWwlMjB2Y19idG4zJTIwdmNfYnRuMy1zaXplLW1kJTIwdmNfYnRuMy1zaGFwZS1kZWZhdWx0JTIwdmNfYnRuMy1zdHlsZS1jdXN0b20lMjB3cGJfY3VzdG9tXzY2ODdiMjZmMzk0ODhkZGJiODVkZGIzYzFjZThlMTExJTIwYnRuJTIyJTIwc3R5bGUlM0QlMjJiYWNrZ3JvdW5kLWNvbG9yJTNBJTIzZTIwMDAwJTNCJTIwY29sb3IlM0ElMjNmZmZmZmYlM0IlMjBiYWNrZ3JvdW5kLWNvbG9yJTNBJTIzZTIwMDAwJTNCJTIwY29sb3IlM0ElMjNmZmZmZmYlM0IlMjIlMjBocmVmJTNEJTIyaHR0cHMlM0ElMkYlMkZ3d3cuZXNwYW1vYi5jb20lMkZpdCUyRnNldHRvcmktc3RhZ2UtYXppZW5kZS1lcmFzbXVzcGx1cyUyRiUyMiUyMHRpdGxlJTNEJTIyU2V0dG9yaSUyMGRpJTIwc3RhZ2UlMjIlMjB0YXJnZXQlM0QlMjJfYmxhbmslMjIlM0VTY29wcmlyZSUyMGklMjBzZXR0b3JpJTNDJTJGYSUzRSUwQSUzQyUyRmRpdiUzRQ==[\/vc_raw_html][\/vc_column_inner][\/vc_row_inner][\/vc_column][\/vc_row][vc_row full_width=&#8221;stretch_row&#8221; wrap_container=&#8221;yes&#8221; is_section=&#8221;yes&#8221; css=&#8221;.vc_custom_1708086221940{border-top-width: 0px !important;padding-top: 15px !important;padding-bottom: 15px !important;background-color: #f8f392 !important;}&#8221; conditional_render=&#8221;%5B%7B%22value_role%22%3A%22administrator%22%7D%5D&#8221;][vc_column][vc_row_inner css=&#8221;.vc_custom_1688548648248{background-color: #f8f392 !important;}&#8221;][vc_column_inner][vc_custom_heading text=&#8221;Richiedi un preventivo gratuito&#8221; font_container=&#8221;tag:h2|text_align:center&#8221; use_theme_fonts=&#8221;yes&#8221;][vc_column_text]<\/p>\n<p style=\"text-align: justify;\">Hai un\u2019idea per un progetto Erasmus+ in Spagna e cerchi un partner fidato che ti supporti? <strong>Espamob<\/strong>\u2019 \u00e8 qui per aiutarti! Ti offriamo un preventivo gratuito e senza impegno per aiutarti a gestire il tuo progetto di mobilit\u00e0. Grazie alla nostra competenza e alla nostra rete di aziende partner, siamo in grado di offrirvi un supporto personalizzato per soddisfare le vostre specifiche esigenze. Contattaci ora per discutere del tuo progetto e ottenere il tuo preventivo gratuito.<\/p>\n<p>[\/vc_column_text]<div id=\"modal-trg-txt-wrap-7822\" class=\"ult-modal-input-wrapper ult-adjust-bottom-margin    \" data-keypress-control=\"keypress-control-enable\" data-overlay-control=\"overlay-control-enable\"><style>\n\t\t\t\t\t.btn-modal.btn-id-69e792308f03b1-25523225:hover {\n\t\t\t\t\t\tbackground-color: #e20000 !important;\n\t\t\t\t\t}\n\t\t\t\t\t<\/style><button  data-ultimate-target='#modal-trg-txt-wrap-7822 .btn-modal'  data-responsive-json-new='{\"font-size\":\"\",\"line-height\":\"\"}'  style=\"background:#888888;border-color:#888888;color:#ffffff; \" data-class-id=\"content-69e792308f03b1-25523225\" class=\"btn-modal ult-responsive btn-primary btn-modal-md overlay-show ult-align-center btn-id-69e792308f03b1-25523225\" data-overlay-class=\"overlay-cornerbottomleft\">RICHIEDI PREVENTIVO GRATUITO<\/button><\/div>\n<div class=\"ult-overlay content-69e792308f03b1-25523225 \" data-class=\"content-69e792308f03b1-25523225\" id=\"button-click-overlay\" style=\"background:rgba(51,51,51,0.8); display:none;\">\n\t<div class=\"ult_modal ult-fade ult-medium\">\n\t\t<div id=\"ult-modal-wrap-3460\" class=\"ult_modal-content ult-hide\" style=\"border-style:solid;border-width:2px;border-radius:0px;border-color:#333333;\">\n\t\t\t<div class=\"ult_modal-header\" style=\"color:#333333;border-color:#333333;\">\n\t\t\t\t<h3  data-ultimate-target='#ult-modal-wrap-3460 .ult_modal-title'  data-responsive-json-new='{\"font-size\":\"\",\"line-height\":\"\"}'  class=\"ult_modal-title ult-responsive\">RICHIEDI PREVENTIVO GRATUITO<\/h3>\n\t\t\t<\/div>\n\t\t\t<div  data-ultimate-target='#ult-modal-wrap-3460 .ult_modal-body'  data-responsive-json-new='{\"font-size\":\"\",\"line-height\":\"\"}'  class=\"ult_modal-body ult-responsive ult-html\" style=\"\">\n\t\t\t[caldera_form id=&#8221;CF61499d9470acd&#8221;]\n\t\t\t<\/div>\n\t<\/div>\n\t<\/div>\n\t<div class=\"ult-overlay-close top-right\" style=\"width:80px;height:80px; \"><div class=\"ult-overlay-close-inside\">Close<\/div><\/div>\n<\/div>[\/vc_column_inner][\/vc_row_inner][\/vc_column][\/vc_row][vc_row wrap_container=&#8221;yes&#8221; css=&#8221;.vc_custom_1689256499740{margin-top: 15px !important;}&#8221; conditional_render=&#8221;%5B%7B%22value_role%22%3A%22administrator%22%7D%5D&#8221;][vc_column][vc_custom_heading text=&#8221;Domande frequenti&#8221; font_container=&#8221;tag:h2|text_align:center|color:%23000000&#8243; use_theme_fonts=&#8221;yes&#8221;][vc_separator][vc_row_inner][vc_column_inner width=&#8221;7\/12&#8243;][vc_column_text]<\/p>\n<h3>Quali sono i vantaggi di svolgere uno stage Erasmus Informatica con Espamob?<\/h3>\n<p>Scegliendo Espamob per svolgere il tuo stage Erasmus Informatica, beneficerai di numerosi vantaggi. Ti accompagneremo in tutte le fasi del tuo progetto, dalla creazione alla ricerca di finanziamenti, passando per l&#8217;accoglienza nelle universit\u00e0 e nelle aziende partner. Inoltre, ci occupiamo di trovare alloggi in loco e di recuperarti in aeroporto, per assicurarti un soggiorno confortevole e privo di problemi logistici.<\/p>\n<h3>Come Espamob seleziona le universit\u00e0 e le aziende partner per gli stage Erasmus Informatica?<\/h3>\n<p>Da Espamob, attribuiamo grande importanza alla qualit\u00e0 dei partner con cui lavoriamo. Effettuiamo una selezione rigorosa delle universit\u00e0 e delle aziende in base a criteri come la loro reputazione, i loro settori di competenza, la loro esperienza nell&#8217;accoglienza di stagisti e la loro aderenza alle esigenze specifiche dei gruppi. Ci assicuriamo cos\u00ec che i nostri partecipanti possano beneficiare di un ambiente favorevole al loro apprendimento e sviluppo professionale.<\/p>\n<h3>Quali sono le possibilit\u00e0 di finanziamento per gli stage Erasmus Informatica con Espamob?<\/h3>\n<p><span style=\"font-weight: 400;\">Gli stage Erasmus Informatica con Espamob possono essere finanziati in diverse modalit\u00e0. In primo luogo, \u00e8 possibile beneficiare di una borsa Erasmus+ concessa dalla propria istituzione di istruzione. Inoltre, alcune regioni o organizzazioni offrono anche aiuti finanziari per le mobilit\u00e0 internazionali. Infine, \u00e8 possibile considerare la possibilit\u00e0 di richiedere finanziamenti privati o di attuare azioni di raccolta fondi. Ti accompagniamo nella ricerca di finanziamenti adatti al tuo progetto.<\/span>[\/vc_column_text][\/vc_column_inner][vc_column_inner width=&#8221;1\/12&#8243;][\/vc_column_inner][vc_column_inner width=&#8221;4\/12&#8243;][vc_single_image image=&#8221;15074&#8243; img_size=&#8221;full&#8221;][vc_column_text]<strong>Scopri le diverse destinazioni Erasmus+ in Spagna: <\/strong><\/p>\n<ul>\n<li><a href=\"https:\/\/espamob.com\/it\/settori-stage-aziende-erasmusplus\/informatica-multimedia\/stage-erasmus-audiovisivi\/\">Stage Erasmus Audiovisivo<\/a><\/li>\n<li><a href=\"https:\/\/espamob.com\/it\/settori-stage-aziende-erasmusplus\/informatica-multimedia\/stage-erasmus-arti-grafiche\/\">Stage Erasmus Arti grafiche<\/a><\/li>\n<\/ul>\n<p>[\/vc_column_text][\/vc_column_inner][\/vc_row_inner][\/vc_column][\/vc_row]<\/p>\n<\/div>","protected":false},"excerpt":{"rendered":"<p>[vc_row css=&#8221;.vc_custom_1707933921686{margin-top: -20px !important;margin-bottom: 40px !important;background-image: url(https:\/\/espamob.com\/wp-content\/uploads\/2024\/02\/Informatica-Digital.webp?id=23427) !important;}&#8221; conditional_render=&#8221;%5B%7B%22value_role%22%3A%22administrator%22%7D%5D&#8221;][vc_column css=&#8221;.vc_custom_1687965657482{padding-top: 30px !important;}&#8221; conditional_render=&#8221;%5B%7B%22value_role%22%3A%22administrator%22%7D%5D&#8221;][vc_empty_space height=&#8221;170&#8243;][vc_custom_heading text=&#8221;Stage Erasmus: Informatica\/Digitale&#8221; font_container=&#8221;tag:h1|font_size:27|text_align:center|color:%23ffffff&#8221; use_theme_fonts=&#8221;yes&#8221; css=&#8221;.vc_custom_1708085941332{margin-bottom: 15px !important;background-color: rgba(136,136,136,0.29) !important;*background-color: rgb(136,136,136) !important;}&#8221; animation_type=&#8221;zoomIn&#8221;][vc_empty_space height=&#8221;40&#8243;][\/vc_column][\/vc_row][vc_row wrap_container=&#8221;yes&#8221; text_align=&#8221;justify&#8221;][vc_column text_align=&#8221;justify&#8221;][vc_column_text] Home Settori di stage Mobilit\u00e0 nel settore IT e multimedia Tirocinio Erasmus: Informatica\/Digitale [\/vc_column_text][vc_custom_heading text=&#8221;Stage Erasmus Informatica: Un&#8217;esperienza indimenticabile nel cuore dell&#8217;Europa&#8221; use_theme_fonts=&#8221;yes&#8221; css=&#8221;.vc_custom_1708086015822{margin-top:<\/p>\n","protected":false},"author":2,"featured_media":0,"parent":12692,"menu_order":0,"comment_status":"closed","ping_status":"closed","template":"","meta":{"footnotes":""},"class_list":["post-23443","page","type-page","status-publish","hentry"],"_links":{"self":[{"href":"https:\/\/espamob.com\/it\/wp-json\/wp\/v2\/pages\/23443","targetHints":{"allow":["GET"]}}],"collection":[{"href":"https:\/\/espamob.com\/it\/wp-json\/wp\/v2\/pages"}],"about":[{"href":"https:\/\/espamob.com\/it\/wp-json\/wp\/v2\/types\/page"}],"author":[{"embeddable":true,"href":"https:\/\/espamob.com\/it\/wp-json\/wp\/v2\/users\/2"}],"replies":[{"embeddable":true,"href":"https:\/\/espamob.com\/it\/wp-json\/wp\/v2\/comments?post=23443"}],"version-history":[{"count":0,"href":"https:\/\/espamob.com\/it\/wp-json\/wp\/v2\/pages\/23443\/revisions"}],"up":[{"embeddable":true,"href":"https:\/\/espamob.com\/it\/wp-json\/wp\/v2\/pages\/12692"}],"wp:attachment":[{"href":"https:\/\/espamob.com\/it\/wp-json\/wp\/v2\/media?parent=23443"}],"curies":[{"name":"wp","href":"https:\/\/api.w.org\/{rel}","templated":true}]}}