{"id":23382,"date":"2023-08-25T00:00:00","date_gmt":"2023-08-25T00:00:00","guid":{"rendered":"https:\/\/www.espamob.com\/settori-stage-aziende-erasmusplus\/automobilistico-motociclistico\/stage-erasmus-carrosserie\/"},"modified":"2024-02-12T20:19:28","modified_gmt":"2024-02-12T20:19:28","slug":"stage-erasmus-carrozzeria","status":"publish","type":"page","link":"https:\/\/espamob.com\/it\/settori-stage-aziende-erasmusplus\/automobilistico-motociclistico\/stage-erasmus-carrozzeria\/","title":{"rendered":"Stage Erasmus : Carrosserie"},"content":{"rendered":"<div class=\"wpb-content-wrapper\"><p>[vc_row css=&#8221;.vc_custom_1707762604194{margin-top: -20px !important;margin-bottom: 40px !important;background-image: url(https:\/\/espamob.com\/wp-content\/uploads\/2024\/02\/Carroceria.webp?id=23370) !important;}&#8221; conditional_render=&#8221;%5B%7B%22value_role%22%3A%22administrator%22%7D%5D&#8221;][vc_column css=&#8221;.vc_custom_1687965657482{padding-top: 30px !important;}&#8221; conditional_render=&#8221;%5B%7B%22value_role%22%3A%22administrator%22%7D%5D&#8221;][vc_empty_space height=&#8221;170&#8243;][vc_custom_heading text=&#8221;Stage Erasmus : Carrozzeria&#8221; font_container=&#8221;tag:h1|font_size:27|text_align:center|color:%23ffffff&#8221; use_theme_fonts=&#8221;yes&#8221; css=&#8221;.vc_custom_1707768716364{margin-bottom: 15px !important;background-color: rgba(136,136,136,0.29) !important;*background-color: rgb(136,136,136) !important;}&#8221; animation_type=&#8221;zoomIn&#8221;][vc_empty_space height=&#8221;40&#8243;][\/vc_column][\/vc_row][vc_row wrap_container=&#8221;yes&#8221; text_align=&#8221;justify&#8221;][vc_column text_align=&#8221;justify&#8221;][vc_column_text]<\/p>\n<nav aria-label=\"breadcrumb\">\n<ol class=\"breadcrumb\">\n<li class=\"breadcrumb-item\"><a href=\"https:\/\/espamob.com\/it\">Home<\/a><\/li>\n<li class=\"breadcrumb-item\"><a href=\"https:\/\/espamob.com\/it\/settori-stage-aziende-erasmusplus\">Settori di stage<\/a><\/li>\n<li class=\"breadcrumb-item active\" aria-current=\"page\"><a href=\"https:\/\/espamob.com\/it\/settori-stage-aziende-erasmusplus\/automobilistico-motociclistico\/\">Mobilit\u00e0 nel settore automobilistico<\/a><\/li>\n<li class=\"breadcrumb-item active\" aria-current=\"page\">Tirocinio Erasmus: <span lang=\"IT\">Carrozzeria<\/span><\/li>\n<\/ol>\n<\/nav>\n<p>[\/vc_column_text][vc_custom_heading text=&#8221;Lo stage Erasmus Carrozzeria : un&#8217;esperienza professionale unica in Europa&#8221; use_theme_fonts=&#8221;yes&#8221; css=&#8221;.vc_custom_1707768745489{margin-top: 20px !important;}&#8221;][vc_separator][vc_row_inner][vc_column_inner width=&#8221;7\/12&#8243;][vc_column_text]<\/p>\n<div>\n<div>\n<p><span lang=\"IT\">Lo stage Erasmus Carrozzeria rappresenta un&#8217;esperienza professionale unica in Europa per gli studenti e i giovani professionisti del settore automobilistico desiderosi di acquisire nuove competenze e familiarizzare con la cultura europea. Questo programma fa parte dei <strong>programmi Erasmus+<\/strong>, il cui obiettivo principale \u00e8 promuovere la cooperazione tra i paesi europei in vari settori, inclusi l&#8217;istruzione e la formazione professionale.<\/span><\/p>\n<h2><span lang=\"IT\">Cos&#8217;\u00e8 uno stage Erasmus Carrozzeria? <\/span><\/h2>\n<p><span lang=\"IT\">Uno stage Erasmus Carrozzeria consiste nel svolgere un periodo di formazione pratica presso un laboratorio specializzato in carrozzeria automobilistica situato in un paese dell&#8217;Unione Europea diverso da quello in cui hai conseguito il tuo diploma. La durata dello stage pu\u00f2 variare in base alle tue esigenze e a quelle dell&#8217;azienda ospitante, ma solitamente oscilla tra i 3 e i 12 mesi. <\/span><\/p>\n<p><span lang=\"IT\">Questo tipo di stage offre un&#8217;occasione unica per mettere in pratica le conoscenze acquisite durante il percorso di studi o professionale e sviluppare competenze specifiche legate alla carrozzeria. Ci\u00f2 include, in particolare, l&#8217;apprendimento di tecniche di riparazione, sostituzione di parti e verniciatura, oltre alla gestione di attrezzature e macchinari specializzati.<\/span><\/p>\n<h2><span lang=\"IT\">Quali sono i vantaggi di uno stage Erasmus Carrozzeria? <\/span><\/h2>\n<h3><span lang=\"IT\">Acquisizione di competenze professionali <\/span><\/h3>\n<p><span lang=\"IT\">Uno dei principali vantaggi di uno stage Erasmus Carrozzeria \u00e8 la possibilit\u00e0 di acquisire competenze professionali in un contesto internazionale. Lavorando con colleghi e clienti di diverse nazionalit\u00e0, potrai non solo migliorare le tue competenze tecniche in materia di carrozzeria, ma anche sviluppare competenze interculturali e linguistiche.<\/span><\/p>\n<h3><span lang=\"IT\">Potenziamento della rete professionale <\/span><\/h3>\n<p><span class=\"Fuentedeprrafopredeter\"><span lang=\"IT\">Uno stage all&#8217;estero rappresenta anche un&#8217;eccellente opportunit\u00e0 per potenziare la tua rete professionale. Avrai l&#8217;opportunit\u00e0 di incontrare professionisti del settore automobilistico, nonch\u00e9 studenti e stagisti provenienti da altri paesi europei, il che potrebbe essere vantaggioso per la tua futura carriera.<\/span><\/span><\/p>\n<h3><span lang=\"IT\">Scoperta di un&#8217;altra cultura <\/span><\/h3>\n<\/div>\n<\/div>\n<div><span lang=\"IT\">Infine, svolgere uno stage Erasmus Carrozzeria consente di scoprire una nuova cultura e vivere un&#8217;esperienza unica di mobilit\u00e0 internazionale. Potrai immergerti nella vita quotidiana di un altro paese, imparare la sua lingua e le sue usanze, e forse creare legami d&#8217;amicizia duraturi oltre le frontiere.<\/span><\/div>\n<p>[\/vc_column_text][\/vc_column_inner][vc_column_inner width=&#8221;1\/12&#8243;][\/vc_column_inner][vc_column_inner width=&#8221;4\/12&#8243;][vc_single_image image=&#8221;18160&#8243; img_size=&#8221;400*400&#8243; alignment=&#8221;right&#8221; style=&#8221;vc_box_rounded&#8221; label=&#8221;&#8221;][vc_btn title=&#8221;Scoprire di pi\u00f9&#8221; style=&#8221;custom&#8221; custom_background=&#8221;#e20000&#8243; custom_text=&#8221;#ffffff&#8221; align=&#8221;center&#8221; link=&#8221;url:https%3A%2F%2Fespamob.com%2Fit%2Fcontacto-con-nuestro-equipo-de-movilidad%2F|title:Contacto|target:_blank&#8221;][\/vc_column_inner][\/vc_row_inner][vc_custom_heading text=&#8221;Come trovare uno stage Erasmus Carrozzeria?&#8221; font_container=&#8221;tag:h3|text_align:left&#8221; use_theme_fonts=&#8221;yes&#8221; css=&#8221;.vc_custom_1707768873542{margin-top: 20px !important;}&#8221;][vc_separator][vc_row_inner][vc_column_inner width=&#8221;7\/12&#8243;][vc_column_text]Per aiutarti nella ricerca di uno stage Erasmus Carrozzeria, diverse organizzazioni offrono servizi di assistenza alla mobilit\u00e0, come <strong>Espamob<\/strong>. Queste strutture possono accompagnarti in tutte le pratiche amministrative e logistiche legate al tuo stage, tra cui:<\/p>\n<ul>\n<li>La ricerca di un&#8217;azienda ospitante che corrisponda alle tue esigenze e aspettative;<\/li>\n<li>La richiesta di una borsa di studio per finanziare il tuo soggiorno all&#8217;estero;<\/li>\n<li>L&#8217;organizzazione del tuo alloggio e del tuo trasporto;<\/li>\n<li>L&#8217;assistenza pedagogica e amministrativa per tutta la durata dello stage.<\/li>\n<\/ul>\n<p>\u00c8 anche possibile consultare gli annunci di stage su piattaforme online specializzate, come Europass o EURES. Non esitare a candidarti direttamente presso le aziende di tuo interesse e a utilizzare la tua rete professionale per ottenere contatti e raccomandazioni.<\/p>\n<h2>Testimonianze di studenti che hanno svolto uno stage Erasmus Carrozzeria<\/h2>\n<p><strong>Julien, 22 anni, ha svolto il suo stage Erasmus Carrozzeria in Spagna:<\/strong> &#8220;Questo stage mi ha permesso di imparare diverse tecniche di riparazione e verniciatura che non avevo avuto l&#8217;opportunit\u00e0 di praticare durante la mia formazione in Francia. Ho anche potuto migliorare il mio livello di spagnolo e fare amicizia in diversi paesi europei. \u00c8 stata un&#8217;esperienza indimenticabile!&#8221;<\/p>\n<p><strong>Sophie, 24 anni, ha svolto il suo stage Erasmus Carrozzeria in Italia:<\/strong> &#8220;Grazie al mio stage, ho scoperto il settore automobilistico italiano e le sue specificit\u00e0 in termini di carrozzeria. Ho anche potuto visitare diversi laboratori e incontrare professionisti appassionanti. Questa esperienza ha rafforzato la mia scelta di carriera e mi ha ispirato a continuare la mia formazione all&#8217;estero.&#8221;<\/p>\n<p>In sintesi, lo stage Erasmus Carrozzeria offre un&#8217;<strong>opportunit\u00e0 unica<\/strong> per gli studenti e i giovani professionisti del settore automobilistico di formarsi in un contesto internazionale, acquisire nuove competenze e sviluppare la propria rete professionale. Non esitare a informarti sui programmi Erasmus+ disponibili e a candidarti alle offerte che corrispondono alle tue aspettative.[\/vc_column_text][\/vc_column_inner][vc_column_inner width=&#8221;1\/12&#8243;][\/vc_column_inner][vc_column_inner width=&#8221;4\/12&#8243;][vc_raw_html]JTNDZGl2JTIwc3R5bGUlM0QlMjJwYWRkaW5nJTNBJTIwMzBweCUzQmJhY2tncm91bmQtY29sb3IlM0ElMjAlMjNGNEY0RjQlM0IlMjIlM0UlMEElMjAlMjAlMjAlMjAlM0NoNCUzRVNjb3ByaSUyMHR1dHRpJTIwaSUyMHNldHRvcmklMjBkaSUyMHRpcm9jaW5pbyUzQyUyRmg0JTNFJTBBJTIwJTIwJTIwJTIwJTNDcCUzRUwlMjdFc3BhbW9iJTIwJUMzJUE4JTIwc3BlY2lhbGl6emF0byUyMG5lbGwlMjdhc3Npc3RlbnphJTIwYWklMjBncnVwcGklMjBwZXIlMjBsYSUyMG1vYmlsaXQlQzMlQTAlMjBFcmFzbXVzJTIwJTJCLiUyMFNjb3ByaXRlJTIwdHV0dGklMjBpJTIwc2V0dG9yaSUyMGRpJTIwdGlyb2NpbmlvJTIwRXJhc211cyUyMGluJTIwU3BhZ25hJTIwaW4lMjBwb2NoaSUyMGNsaWMuJTNDJTJGcCUzRSUwQSUyMCUyMCUyMCUyMCUzQ2ElMjBjbGFzcyUzRCUyMnZjX2dlbmVyYWwlMjB2Y19idG4zJTIwdmNfYnRuMy1zaXplLW1kJTIwdmNfYnRuMy1zaGFwZS1kZWZhdWx0JTIwdmNfYnRuMy1zdHlsZS1jdXN0b20lMjB3cGJfY3VzdG9tXzY2ODdiMjZmMzk0ODhkZGJiODVkZGIzYzFjZThlMTExJTIwYnRuJTIyJTIwc3R5bGUlM0QlMjJiYWNrZ3JvdW5kLWNvbG9yJTNBJTIzZTIwMDAwJTNCJTIwY29sb3IlM0ElMjNmZmZmZmYlM0IlMjBiYWNrZ3JvdW5kLWNvbG9yJTNBJTIzZTIwMDAwJTNCJTIwY29sb3IlM0ElMjNmZmZmZmYlM0IlMjIlMjBocmVmJTNEJTIyaHR0cHMlM0ElMkYlMkZ3d3cuZXNwYW1vYi5jb20lMkZpdCUyRnNldHRvcmktc3RhZ2UtYXppZW5kZS1lcmFzbXVzcGx1cyUyRiUyMiUyMHRpdGxlJTNEJTIyU2V0dG9yaSUyMGRpJTIwc3RhZ2UlMjIlMjB0YXJnZXQlM0QlMjJfYmxhbmslMjIlM0VTY29wcmlyZSUyMGklMjBzZXR0b3JpJTNDJTJGYSUzRSUwQSUzQyUyRmRpdiUzRQ==[\/vc_raw_html][\/vc_column_inner][\/vc_row_inner][\/vc_column][\/vc_row][vc_row full_width=&#8221;stretch_row&#8221; wrap_container=&#8221;yes&#8221; is_section=&#8221;yes&#8221; css=&#8221;.vc_custom_1707768982358{border-top-width: 0px !important;padding-top: 15px !important;padding-bottom: 15px !important;background-color: #f8f392 !important;}&#8221; conditional_render=&#8221;%5B%7B%22value_role%22%3A%22administrator%22%7D%5D&#8221;][vc_column][vc_row_inner css=&#8221;.vc_custom_1688548648248{background-color: #f8f392 !important;}&#8221;][vc_column_inner][vc_custom_heading text=&#8221;Richiedi un preventivo gratuito&#8221; font_container=&#8221;tag:h2|text_align:center&#8221; use_theme_fonts=&#8221;yes&#8221;][vc_column_text]<\/p>\n<p style=\"text-align: justify;\">Hai un\u2019idea per un progetto Erasmus+ in Spagna e cerchi un partner fidato che ti supporti? <strong>Espamob<\/strong>\u2019 \u00e8 qui per aiutarti! Ti offriamo un preventivo gratuito e senza impegno per aiutarti a gestire il tuo progetto di mobilit\u00e0. Grazie alla nostra competenza e alla nostra rete di aziende partner, siamo in grado di offrirvi un supporto personalizzato per soddisfare le vostre specifiche esigenze. Contattaci ora per discutere del tuo progetto e ottenere il tuo preventivo gratuito.<\/p>\n<p>[\/vc_column_text]<div id=\"modal-trg-txt-wrap-7623\" class=\"ult-modal-input-wrapper ult-adjust-bottom-margin    \" data-keypress-control=\"keypress-control-enable\" data-overlay-control=\"overlay-control-enable\"><style>\n\t\t\t\t\t.btn-modal.btn-id-69e7bb0b730a45-75103601:hover {\n\t\t\t\t\t\tbackground-color: #e20000 !important;\n\t\t\t\t\t}\n\t\t\t\t\t<\/style><button  data-ultimate-target='#modal-trg-txt-wrap-7623 .btn-modal'  data-responsive-json-new='{\"font-size\":\"\",\"line-height\":\"\"}'  style=\"background:#888888;border-color:#888888;color:#ffffff; \" data-class-id=\"content-69e7bb0b730a45-75103601\" class=\"btn-modal ult-responsive btn-primary btn-modal-md overlay-show ult-align-center btn-id-69e7bb0b730a45-75103601\" data-overlay-class=\"overlay-cornerbottomleft\">RICHIEDI PREVENTIVO GRATUITO<\/button><\/div>\n<div class=\"ult-overlay content-69e7bb0b730a45-75103601 \" data-class=\"content-69e7bb0b730a45-75103601\" id=\"button-click-overlay\" style=\"background:rgba(51,51,51,0.8); display:none;\">\n\t<div class=\"ult_modal ult-fade ult-medium\">\n\t\t<div id=\"ult-modal-wrap-3619\" class=\"ult_modal-content ult-hide\" style=\"border-style:solid;border-width:2px;border-radius:0px;border-color:#333333;\">\n\t\t\t<div class=\"ult_modal-header\" style=\"color:#333333;border-color:#333333;\">\n\t\t\t\t<h3  data-ultimate-target='#ult-modal-wrap-3619 .ult_modal-title'  data-responsive-json-new='{\"font-size\":\"\",\"line-height\":\"\"}'  class=\"ult_modal-title ult-responsive\">RICHIEDI PREVENTIVO GRATUITO<\/h3>\n\t\t\t<\/div>\n\t\t\t<div  data-ultimate-target='#ult-modal-wrap-3619 .ult_modal-body'  data-responsive-json-new='{\"font-size\":\"\",\"line-height\":\"\"}'  class=\"ult_modal-body ult-responsive ult-html\" style=\"\">\n\t\t\t[caldera_form id=&#8221;CF61499d9470acd&#8221;]\n\t\t\t<\/div>\n\t<\/div>\n\t<\/div>\n\t<div class=\"ult-overlay-close top-right\" style=\"width:80px;height:80px; \"><div class=\"ult-overlay-close-inside\">Close<\/div><\/div>\n<\/div>[\/vc_column_inner][\/vc_row_inner][\/vc_column][\/vc_row][vc_row wrap_container=&#8221;yes&#8221; css=&#8221;.vc_custom_1689256499740{margin-top: 15px !important;}&#8221; conditional_render=&#8221;%5B%7B%22value_role%22%3A%22administrator%22%7D%5D&#8221;][vc_column][vc_custom_heading text=&#8221;Domande frequenti&#8221; font_container=&#8221;tag:h2|text_align:center|color:%23000000&#8243; use_theme_fonts=&#8221;yes&#8221;][vc_separator][vc_row_inner][vc_column_inner width=&#8221;7\/12&#8243;][vc_column_text]<\/p>\n<div>\n<div>\n<h3><span lang=\"IT\">Quali servizi offre Espamob per i gruppi che desiderano realizzare uno stage Erasmus in carrozzeria? <\/span><\/h3>\n<p><span lang=\"IT\">Espamob offre una gestione completa dei progetti di mobilit\u00e0 Erasmus in carrozzeria. L&#8217;agenzia accompagna i gruppi nella creazione del loro progetto, nella ricerca di finanziamenti, nell&#8217;accoglienza presso le universit\u00e0 e le aziende partner per gli stage in carrozzeria. Si occupa anche di trovare alloggi in loco e di recuperare i gruppi all&#8217;aeroporto.<\/span><\/p>\n<h3><span lang=\"IT\">Come Espamob aiuta i gruppi a trovare finanziamenti per il loro stage Erasmus in carrozzeria? <\/span><\/h3>\n<p><span lang=\"IT\">Espamob ha competenze nella ricerca di finanziamenti per gli stage Erasmus in carrozzeria. L&#8217;agenzia guida i gruppi nelle pratiche amministrative per ottenere sovvenzioni, li informa sulle diverse possibilit\u00e0 di finanziamento e li aiuta a compilare il loro fascicolo di richiesta di finanziamento. Espamob mette a disposizione risorse e contatti per agevolare la ricerca di finanziamenti aggiuntivi.<\/span><\/p>\n<h3><span lang=\"IT\">Quali sono i vantaggi di scegliere Espamob per realizzare uno stage Erasmus in carrozzeria in Spagna?<\/span><\/h3>\n<\/div>\n<\/div>\n<div><span class=\"Fuentedeprrafopredeter\"><span lang=\"IT\">Scegliendo Espamob per realizzare uno stage Erasmus in carrozzeria in Spagna, si ottiene un accompagnamento personalizzato e una gestione completa del progetto. L&#8217;agenzia aiuta a creare il progetto, a trovare finanziamenti, a organizzare il soggiorno in Spagna e a integrarsi presso universit\u00e0 e aziende partner. Espamob facilita anche l&#8217;installazione sul posto, trovando alloggi adatti e garantendo il trasferimento dall&#8217;aeroporto.<\/span><\/span><\/div>\n<p>[\/vc_column_text][\/vc_column_inner][vc_column_inner width=&#8221;1\/12&#8243;][\/vc_column_inner][vc_column_inner width=&#8221;4\/12&#8243;][vc_single_image image=&#8221;15074&#8243; img_size=&#8221;full&#8221;][vc_column_text]<\/p>\n<div>\n<div>\n<p><b><span lang=\"IT\">Informazioni sulle diverse destinazioni Erasmus+ in Spagna: <\/span><\/b><\/p>\n<ul>\n<li><a href=\"https:\/\/espamob.com\/it\/settori-stage-aziende-erasmusplus\/automobilistico-motociclistico\/stage-erasmus-meccanica\/\"><span lang=\"IT\">Stage Erasmus Meccanica<\/span><\/a><\/li>\n<\/ul>\n<\/div>\n<\/div>\n<p>[\/vc_column_text][\/vc_column_inner][\/vc_row_inner][\/vc_column][\/vc_row]<\/p>\n<\/div>","protected":false},"excerpt":{"rendered":"<p>[vc_row css=&#8221;.vc_custom_1707762604194{margin-top: -20px !important;margin-bottom: 40px !important;background-image: url(https:\/\/espamob.com\/wp-content\/uploads\/2024\/02\/Carroceria.webp?id=23370) !important;}&#8221; conditional_render=&#8221;%5B%7B%22value_role%22%3A%22administrator%22%7D%5D&#8221;][vc_column css=&#8221;.vc_custom_1687965657482{padding-top: 30px !important;}&#8221; conditional_render=&#8221;%5B%7B%22value_role%22%3A%22administrator%22%7D%5D&#8221;][vc_empty_space height=&#8221;170&#8243;][vc_custom_heading text=&#8221;Stage Erasmus : Carrozzeria&#8221; font_container=&#8221;tag:h1|font_size:27|text_align:center|color:%23ffffff&#8221; use_theme_fonts=&#8221;yes&#8221; css=&#8221;.vc_custom_1707768716364{margin-bottom: 15px !important;background-color: rgba(136,136,136,0.29) !important;*background-color: rgb(136,136,136) !important;}&#8221; animation_type=&#8221;zoomIn&#8221;][vc_empty_space height=&#8221;40&#8243;][\/vc_column][\/vc_row][vc_row wrap_container=&#8221;yes&#8221; text_align=&#8221;justify&#8221;][vc_column text_align=&#8221;justify&#8221;][vc_column_text] Home Settori di stage Mobilit\u00e0 nel settore automobilistico Tirocinio Erasmus: Carrozzeria [\/vc_column_text][vc_custom_heading text=&#8221;Lo stage Erasmus Carrozzeria : un&#8217;esperienza professionale unica in Europa&#8221; use_theme_fonts=&#8221;yes&#8221;<\/p>\n","protected":false},"author":2,"featured_media":0,"parent":12700,"menu_order":0,"comment_status":"closed","ping_status":"closed","template":"","meta":{"footnotes":""},"class_list":["post-23382","page","type-page","status-publish","hentry"],"_links":{"self":[{"href":"https:\/\/espamob.com\/it\/wp-json\/wp\/v2\/pages\/23382","targetHints":{"allow":["GET"]}}],"collection":[{"href":"https:\/\/espamob.com\/it\/wp-json\/wp\/v2\/pages"}],"about":[{"href":"https:\/\/espamob.com\/it\/wp-json\/wp\/v2\/types\/page"}],"author":[{"embeddable":true,"href":"https:\/\/espamob.com\/it\/wp-json\/wp\/v2\/users\/2"}],"replies":[{"embeddable":true,"href":"https:\/\/espamob.com\/it\/wp-json\/wp\/v2\/comments?post=23382"}],"version-history":[{"count":0,"href":"https:\/\/espamob.com\/it\/wp-json\/wp\/v2\/pages\/23382\/revisions"}],"up":[{"embeddable":true,"href":"https:\/\/espamob.com\/it\/wp-json\/wp\/v2\/pages\/12700"}],"wp:attachment":[{"href":"https:\/\/espamob.com\/it\/wp-json\/wp\/v2\/media?parent=23382"}],"curies":[{"name":"wp","href":"https:\/\/api.w.org\/{rel}","templated":true}]}}