{"id":22983,"date":"2023-08-22T00:00:00","date_gmt":"2023-08-22T00:00:00","guid":{"rendered":"https:\/\/www.espamob.com\/settori-stage-aziende-erasmusplus\/agricoltura-orticoltura\/stage-erasmus-marechal-ferrant\/"},"modified":"2024-01-24T10:12:43","modified_gmt":"2024-01-24T10:12:43","slug":"stage-erasmus-maniscalco","status":"publish","type":"page","link":"https:\/\/espamob.com\/it\/settori-stage-aziende-erasmusplus\/agricoltura-orticoltura\/stage-erasmus-maniscalco\/","title":{"rendered":"Stage Erasmus : Mar\u00e9chal Ferrant"},"content":{"rendered":"<div class=\"wpb-content-wrapper\"><p>[vc_row css=&#8221;.vc_custom_1705948414266{margin-top: -20px !important;margin-bottom: 40px !important;background-image: url(https:\/\/espamob.com\/wp-content\/uploads\/2024\/01\/Herrador.webp?id=22935) !important;}&#8221; conditional_render=&#8221;%5B%7B%22value_role%22%3A%22administrator%22%7D%5D&#8221;][vc_column css=&#8221;.vc_custom_1687965657482{padding-top: 30px !important;}&#8221; conditional_render=&#8221;%5B%7B%22value_role%22%3A%22administrator%22%7D%5D&#8221;][vc_empty_space height=&#8221;170&#8243;][vc_custom_heading text=&#8221;Stage Erasmus : Maniscalco&#8221; font_container=&#8221;tag:h1|font_size:27|text_align:center|color:%23ffffff&#8221; use_theme_fonts=&#8221;yes&#8221; css=&#8221;.vc_custom_1706020266181{margin-bottom: 15px !important;background-color: rgba(136,136,136,0.29) !important;*background-color: rgb(136,136,136) !important;}&#8221; animation_type=&#8221;zoomIn&#8221;][vc_empty_space height=&#8221;40&#8243;][\/vc_column][\/vc_row][vc_row wrap_container=&#8221;yes&#8221; text_align=&#8221;justify&#8221;][vc_column text_align=&#8221;justify&#8221;][vc_column_text]<\/p>\n<nav aria-label=\"breadcrumb\">\n<ol class=\"breadcrumb\">\n<li class=\"breadcrumb-item\"><a href=\"https:\/\/espamob.com\/it\">Home<\/a><\/li>\n<li class=\"breadcrumb-item\"><a href=\"https:\/\/espamob.com\/it\/settori-stage-aziende-erasmusplus\">Settori di stage<\/a><\/li>\n<li class=\"breadcrumb-item active\" aria-current=\"page\"><a href=\"https:\/\/espamob.com\/it\/settori-stage-aziende-erasmusplus\/agricoltura-orticoltura\/\">Mobilit\u00e0 nelle professioni agricole, paesaggistiche ed equine<\/a><\/li>\n<li class=\"breadcrumb-item active\" aria-current=\"page\">Tirocinio Erasmus: Maniscalco<\/li>\n<\/ol>\n<\/nav>\n<p>[\/vc_column_text][vc_custom_heading text=&#8221;Stage Erasmus Maniscalco: un&#8217;esperienza professionale e culturale unica&#8221; use_theme_fonts=&#8221;yes&#8221; css=&#8221;.vc_custom_1706020296223{margin-top: 20px !important;}&#8221;][vc_separator][vc_row_inner][vc_column_inner width=&#8221;7\/12&#8243;][vc_column_text]<\/p>\n<p style=\"font-weight: 400;\">Nel campo del maniscalco, lo sviluppo delle competenze professionali \u00e8 fondamentale per avere successo in questa professione appassionante. Un&#8217;opzione da non trascurare per sviluppare le proprie abilit\u00e0 \u00e8 svolgere uno <strong>stage Erasmus Maniscalco<\/strong> all&#8217;estero. In questo articolo, vi presentiamo i vantaggi di scegliere questa opportunit\u00e0, i requisiti per partecipare e alcuni consigli per ottimizzare la vostra esperienza durante lo stage.<\/p>\n<h2 style=\"font-weight: 400;\">Perch\u00e9 scegliere uno stage Erasmus Maniscalco?<\/h2>\n<p style=\"font-weight: 400;\">Una formazione continua \u00e8 essenziale per perfezionarsi come maniscalco e essere aggiornati sulle ultime tecniche e metodi utilizzati nel settore. Uno stage all&#8217;estero consente non solo di migliorare le competenze linguistiche, ma anche di scoprire nuovi approcci nel lavoro quotidiano. Infatti, ogni paese ha le proprie specificit\u00e0 per quanto riguarda le cure dei cavalli, le attrezzature e le competenze richieste ai maniscalchi.<\/p>\n<h3 style=\"font-weight: 400;\">Acquisire nuove competenze<\/h3>\n<p style=\"font-weight: 400;\"><strong>Svolgere uno stage all&#8217;estero \u00e8 l&#8217;occasione ideale per imparare nuove tecniche<\/strong> utilizzate dai maniscalchi in altri paesi. Ci\u00f2 pu\u00f2 essere prezioso per ampliare le proprie competenze e offrire servizi diversificati ai futuri clienti. Inoltre, consente di familiarizzare con altri tipi di attrezzature specifiche dei paesi ospitanti.<\/p>\n<h3 style=\"font-weight: 400;\">Migliorare le competenze linguistiche<\/h3>\n<p style=\"font-weight: 400;\">Padroneggiare una lingua straniera \u00e8 un vantaggio considerevole per il maniscalco, poich\u00e9 facilita la comunicazione con colleghi internazionali e consente di seguire da vicino le ultime notizie del settore a livello globale. <strong>Uno stage all&#8217;estero offre un&#8217;immersione totale nella lingua e nella cultura del paese ospitante<\/strong>, facilitando notevolmente l&#8217;apprendimento e la pratica di una nuova lingua.<\/p>\n<h3 style=\"font-weight: 400;\">Scoprire nuove culture equestri<\/h3>\n<p style=\"font-weight: 400;\">Infine, svolgere uno stage Erasmus Maniscalco consente di scoprire le tradizioni equestri specifiche di ogni paese. Questa esperienza arricchente pu\u00f2 portare uno sguardo nuovo sul proprio lavoro e aprire nuove prospettive professionali e personali.<\/p>\n<h2 style=\"font-weight: 400;\">Requisiti per partecipare al programma Erasmus<\/h2>\n<p style=\"font-weight: 400;\">Per usufruire di uno stage Erasmus Maniscalco, \u00e8 necessario soddisfare alcuni requisiti:<\/p>\n<ul>\n<li>Essere iscritti come studenti o apprendisti in una formazione di maniscalco<\/li>\n<li>Avere una conoscenza sufficiente della lingua del paese ospitante (solitamente richiesto un livello B1\/B2)<\/li>\n<li>Dimostrare motivazione e autonomia per adattarsi a un nuovo ambiente<\/li>\n<\/ul>\n<p style=\"font-weight: 400;\">\u00c8 consigliabile informarsi presso l&#8217;istituto di formazione sulle opportunit\u00e0 di stage Erasmus e sui passaggi da compiere per partecipare. Inoltre, \u00e8 importante notare che lo stage deve essere approvato dall&#8217;istituto di origine e dall&#8217;azienda ospitante.<\/p>\n<p>[\/vc_column_text][\/vc_column_inner][vc_column_inner width=&#8221;1\/12&#8243;][\/vc_column_inner][vc_column_inner width=&#8221;4\/12&#8243;][vc_single_image image=&#8221;18235&#8243; img_size=&#8221;400*400&#8243; alignment=&#8221;right&#8221; style=&#8221;vc_box_rounded&#8221;][vc_btn title=&#8221;Scoprire di pi\u00f9&#8221; style=&#8221;custom&#8221; custom_background=&#8221;#e20000&#8243; custom_text=&#8221;#ffffff&#8221; align=&#8221;center&#8221; link=&#8221;url:https%3A%2F%2Fespamob.com%2Fit%2Fcontacto-con-nuestro-equipo-de-movilidad%2F|title:Contacto|target:_blank&#8221;][\/vc_column_inner][\/vc_row_inner][vc_custom_heading text=&#8221;Consigli per avere successo nello stage Erasmus Maniscalco&#8221; font_container=&#8221;tag:h3|text_align:left&#8221; use_theme_fonts=&#8221;yes&#8221; css=&#8221;.vc_custom_1706020420049{margin-top: 20px !important;}&#8221;][vc_separator][vc_row_inner][vc_column_inner width=&#8221;7\/12&#8243;][vc_column_text]<\/p>\n<h3 style=\"font-weight: 400;\">Preparare il soggiorno in anticipo<\/h3>\n<p style=\"font-weight: 400;\">\u00c8 essenziale preparare bene il soggiorno all&#8217;estero per trarre il massimo da questa esperienza professionale e personale unica. Ecco alcuni consigli per anticipare al meglio la partenza:<\/p>\n<ul>\n<li>Informarsi sulle usanze e le tradizioni del paese ospitante, cos\u00ec come sulle specificit\u00e0 del mestiere di maniscalco in quel paese<\/li>\n<li>Pianificare le pratiche amministrative legate alla mobilit\u00e0 (assicurazioni, visto, ecc.)<\/li>\n<li>Organizzare l&#8217;alloggio e gli spostamenti sul posto<\/li>\n<li>Familiarizzarsi con la lingua del paese, in particolare con il vocabolario professionale<\/li>\n<\/ul>\n<h3 style=\"font-weight: 400;\">Mostrare apertura mentale e curiosit\u00e0<\/h3>\n<p style=\"font-weight: 400;\">Durante lo stage Erasmus Maniscalco, sarete chiamati a lavorare con colleghi e clienti provenienti da culture diverse. \u00c8 quindi importante mostrare apertura mentale e rispetto per le loro pratiche e credenze. Allo stesso modo, non esitate a fare domande sul loro modo di lavorare e a condividere le vostre conoscenze e competenze. Questa attitudine favorir\u00e0 uno scambio costruttivo e arricchente per tutte le parti.<\/p>\n<h3 style=\"font-weight: 400;\">Approfittare dei vantaggi offerti dal programma Erasmus<\/h3>\n<p style=\"font-weight: 400;\">Il programma Erasmus offre numerosi vantaggi ai partecipanti, tra cui:<\/p>\n<ul>\n<li>Una borsa di studio per coprire parte delle spese di soggiorno (alloggio, trasporto, ecc.)<\/li>\n<li>Supporto logistico e amministrativo per facilitare l&#8217;organizzazione dello stage<\/li>\n<li>Incontri e scambi con altri studenti e professionisti internazionali<\/li>\n<li>Possibilit\u00e0 di seguire corsi di lingua nel paese ospitante<\/li>\n<\/ul>\n<p style=\"font-weight: 400;\">Non esitate a informarvi su questi diversi dispositivi per ottimizzare la vostra esperienza di stage Erasmus Maniscalco e trarne tutti i benefici possibili. In definitiva, svolgere uno stage Erasmus Maniscalco offre l&#8217;opportunit\u00e0 unica di arricchire le proprie competenze professionali e linguistiche, scoprendo al contempo nuove culture equestri. Le condizioni di partecipazione sono accessibili e i vantaggi numerosi, non resta che fare il passo e vivere questa avventura arricchente!<\/p>\n<p>[\/vc_column_text][\/vc_column_inner][vc_column_inner width=&#8221;1\/12&#8243;][\/vc_column_inner][vc_column_inner width=&#8221;4\/12&#8243;][vc_raw_html]JTNDZGl2JTIwc3R5bGUlM0QlMjJwYWRkaW5nJTNBJTIwMzBweCUzQmJhY2tncm91bmQtY29sb3IlM0ElMjAlMjNGNEY0RjQlM0IlMjIlM0UlMEElMjAlMjAlMjAlMjAlM0NoNCUzRVNjb3ByaSUyMHR1dHRpJTIwaSUyMHNldHRvcmklMjBkaSUyMHRpcm9jaW5pbyUzQyUyRmg0JTNFJTBBJTIwJTIwJTIwJTIwJTNDcCUzRUwlMjdFc3BhbW9iJTIwJUMzJUE4JTIwc3BlY2lhbGl6emF0byUyMG5lbGwlMjdhc3Npc3RlbnphJTIwYWklMjBncnVwcGklMjBwZXIlMjBsYSUyMG1vYmlsaXQlQzMlQTAlMjBFcmFzbXVzJTIwJTJCLiUyMFNjb3ByaXRlJTIwdHV0dGklMjBpJTIwc2V0dG9yaSUyMGRpJTIwdGlyb2NpbmlvJTIwRXJhc211cyUyMGluJTIwU3BhZ25hJTIwaW4lMjBwb2NoaSUyMGNsaWMuJTNDJTJGcCUzRSUwQSUyMCUyMCUyMCUyMCUzQ2ElMjBjbGFzcyUzRCUyMnZjX2dlbmVyYWwlMjB2Y19idG4zJTIwdmNfYnRuMy1zaXplLW1kJTIwdmNfYnRuMy1zaGFwZS1kZWZhdWx0JTIwdmNfYnRuMy1zdHlsZS1jdXN0b20lMjB3cGJfY3VzdG9tXzY2ODdiMjZmMzk0ODhkZGJiODVkZGIzYzFjZThlMTExJTIwYnRuJTIyJTIwc3R5bGUlM0QlMjJiYWNrZ3JvdW5kLWNvbG9yJTNBJTIzZTIwMDAwJTNCJTIwY29sb3IlM0ElMjNmZmZmZmYlM0IlMjBiYWNrZ3JvdW5kLWNvbG9yJTNBJTIzZTIwMDAwJTNCJTIwY29sb3IlM0ElMjNmZmZmZmYlM0IlMjIlMjBocmVmJTNEJTIyaHR0cHMlM0ElMkYlMkZ3d3cuZXNwYW1vYi5jb20lMkZpdCUyRnNldHRvcmktc3RhZ2UtYXppZW5kZS1lcmFzbXVzcGx1cyUyRiUyMiUyMHRpdGxlJTNEJTIyU2V0dG9yaSUyMGRpJTIwc3RhZ2UlMjIlMjB0YXJnZXQlM0QlMjJfYmxhbmslMjIlM0VTY29wcmlyZSUyMGklMjBzZXR0b3JpJTNDJTJGYSUzRSUwQSUzQyUyRmRpdiUzRQ==[\/vc_raw_html][vc_custom_heading text=&#8221;Scoprite i feedback dei partecipanti al programma Erasmus +:&#8221; font_container=&#8221;tag:h3|text_align:left&#8221; use_theme_fonts=&#8221;yes&#8221; css=&#8221;.vc_custom_1706020477447{margin-top: 20px !important;}&#8221;][vc_separator][vc_video link=&#8221;https:\/\/www.youtube.com\/watch?v=81yt9YAtdpE&amp;ab_channel=Espamob%27-EuropeanMobilityProgram&#8221; align=&#8221;center&#8221;][\/vc_column_inner][\/vc_row_inner][\/vc_column][\/vc_row][vc_row][vc_column][vc_column_text]<\/p>\n<p>[\/vc_column_text][\/vc_column][\/vc_row][vc_row full_width=&#8221;stretch_row&#8221; wrap_container=&#8221;yes&#8221; is_section=&#8221;yes&#8221; css=&#8221;.vc_custom_1706020491247{border-top-width: 0px !important;padding-top: 15px !important;padding-bottom: 15px !important;background-color: #f8f392 !important;}&#8221; conditional_render=&#8221;%5B%7B%22value_role%22%3A%22administrator%22%7D%5D&#8221;][vc_column][vc_row_inner css=&#8221;.vc_custom_1688548648248{background-color: #f8f392 !important;}&#8221;][vc_column_inner][vc_custom_heading text=&#8221;Richiedi un preventivo gratuito&#8221; font_container=&#8221;tag:h2|text_align:center&#8221; use_theme_fonts=&#8221;yes&#8221;][vc_column_text]<\/p>\n<p style=\"text-align: justify;\">Hai un\u2019idea per un progetto Erasmus+ in Spagna e cerchi un partner fidato che ti supporti? <strong>Espamob<\/strong>\u2019 \u00e8 qui per aiutarti! Ti offriamo un preventivo gratuito e senza impegno per aiutarti a gestire il tuo progetto di mobilit\u00e0. Grazie alla nostra competenza e alla nostra rete di aziende partner, siamo in grado di offrirvi un supporto personalizzato per soddisfare le vostre specifiche esigenze. Contattaci ora per discutere del tuo progetto e ottenere il tuo preventivo gratuito.<\/p>\n<p>[\/vc_column_text]<div id=\"modal-trg-txt-wrap-8202\" class=\"ult-modal-input-wrapper ult-adjust-bottom-margin    \" data-keypress-control=\"keypress-control-enable\" data-overlay-control=\"overlay-control-enable\"><style>\n\t\t\t\t\t.btn-modal.btn-id-69e7a9178eb472-85074612:hover {\n\t\t\t\t\t\tbackground-color: #e20000 !important;\n\t\t\t\t\t}\n\t\t\t\t\t<\/style><button  data-ultimate-target='#modal-trg-txt-wrap-8202 .btn-modal'  data-responsive-json-new='{\"font-size\":\"\",\"line-height\":\"\"}'  style=\"background:#888888;border-color:#888888;color:#ffffff; \" data-class-id=\"content-69e7a9178eb472-85074612\" class=\"btn-modal ult-responsive btn-primary btn-modal-md overlay-show ult-align-center btn-id-69e7a9178eb472-85074612\" data-overlay-class=\"overlay-cornerbottomleft\">RICHIEDI PREVENTIVO GRATUITO<\/button><\/div>\n<div class=\"ult-overlay content-69e7a9178eb472-85074612 \" data-class=\"content-69e7a9178eb472-85074612\" id=\"button-click-overlay\" style=\"background:rgba(51,51,51,0.8); display:none;\">\n\t<div class=\"ult_modal ult-fade ult-medium\">\n\t\t<div id=\"ult-modal-wrap-7529\" class=\"ult_modal-content ult-hide\" style=\"border-style:solid;border-width:2px;border-radius:0px;border-color:#333333;\">\n\t\t\t<div class=\"ult_modal-header\" style=\"color:#333333;border-color:#333333;\">\n\t\t\t\t<h3  data-ultimate-target='#ult-modal-wrap-7529 .ult_modal-title'  data-responsive-json-new='{\"font-size\":\"\",\"line-height\":\"\"}'  class=\"ult_modal-title ult-responsive\">RICHIEDI PREVENTIVO GRATUITO<\/h3>\n\t\t\t<\/div>\n\t\t\t<div  data-ultimate-target='#ult-modal-wrap-7529 .ult_modal-body'  data-responsive-json-new='{\"font-size\":\"\",\"line-height\":\"\"}'  class=\"ult_modal-body ult-responsive ult-html\" style=\"\">\n\t\t\t<\/p>\n<p>[caldera_form id=&#8221;CF61499d9470acd&#8221;]<\/p>\n<p>\n\t\t\t<\/div>\n\t<\/div>\n\t<\/div>\n\t<div class=\"ult-overlay-close top-right\" style=\"width:80px;height:80px; \"><div class=\"ult-overlay-close-inside\">Close<\/div><\/div>\n<\/div>[\/vc_column_inner][\/vc_row_inner][\/vc_column][\/vc_row][vc_row wrap_container=&#8221;yes&#8221; css=&#8221;.vc_custom_1689256499740{margin-top: 15px !important;}&#8221; conditional_render=&#8221;%5B%7B%22value_role%22%3A%22administrator%22%7D%5D&#8221;][vc_column][vc_custom_heading text=&#8221;Domande frequenti&#8221; font_container=&#8221;tag:h2|text_align:center|color:%23000000&#8243; use_theme_fonts=&#8221;yes&#8221;][vc_separator][vc_row_inner][vc_column_inner width=&#8221;7\/12&#8243;][vc_column_text]<\/p>\n<div>\n<div>\n<h3><span lang=\"IT\">Quali servizi offre Espamob per gli stage Erasmus da Maniscalco? <\/span><\/h3>\n<p><span lang=\"IT\">Espamob propone una gestione completa dei progetti di mobilit\u00e0 Erasmus+ in Spagna. Questo include assistenza nella creazione del progetto, ricerca di finanziamenti, accoglienza presso universit\u00e0 e aziende partner per gli stage, ricerca di alloggi in loco e gestione dei trasferimenti dall&#8217;aeroporto. <\/span><\/p>\n<h3><span lang=\"IT\">Come Espamob aiuta i gruppi di Maniscalco a trovare finanziamenti per il loro stage Erasmus? <\/span><\/h3>\n<p><span lang=\"IT\">Espamob offre assistenza nella ricerca di finanziamenti per gli stage Erasmus dei gruppi di Maniscalco. L&#8217;agenzia pu\u00f2 fornire informazioni sulle diverse fonti di finanziamento disponibili, aiutare nella redazione delle domande di finanziamento e offrire consigli per massimizzare le possibilit\u00e0 di ottenere una sovvenzione. <\/span><\/p>\n<h3><span lang=\"IT\">Quali sono i vantaggi di scegliere Espamob per organizzare uno stage Erasmus Maniscalco in Spagna? <\/span><\/h3>\n<p><span lang=\"IT\">Scegliere Espamob per organizzare uno stage Erasmus Maniscalco in Spagna presenta numerosi vantaggi. L&#8217;agenzia gestisce il progetto dall&#8217;inizio alla fine, consentendo ai gruppi di concentrarsi sulla loro esperienza di mobilit\u00e0. Espamob ha una rete di partner in Spagna, garantendo un&#8217;accoglienza di qualit\u00e0 presso universit\u00e0 e aziende. Inoltre, l&#8217;agenzia si occupa di trovare alloggi adeguati in loco e si occupa dei trasferimenti dall&#8217;aeroporto, offrendo un&#8217;esperienza senza preoccupazioni ai partecipanti.<\/span><\/p>\n<\/div>\n<\/div>\n<p>[\/vc_column_text][\/vc_column_inner][vc_column_inner width=&#8221;1\/12&#8243;][\/vc_column_inner][vc_column_inner width=&#8221;4\/12&#8243;][vc_single_image image=&#8221;15074&#8243; img_size=&#8221;full&#8221;][vc_column_text]<strong>Informazioni su diverse destinazioni Erasmus+ in Spagna: <\/strong><\/p>\n<ul>\n<li><a href=\"https:\/\/espamob.com\/it\/settori-stage-aziende-erasmusplus\/agricoltura-orticoltura\/stage-erasmus-produzione-animale\/\">Stage Erasmus Produzione animale<\/a><\/li>\n<li><a href=\"https:\/\/espamob.com\/it\/settori-stage-aziende-erasmusplus\/agricoltura-orticoltura\/stage-erasmus-produzione-vegetale\/\">Stage Erasmus Produzione vegetale<\/a><\/li>\n<li><a href=\"https:\/\/espamob.com\/it\/settori-stage-aziende-erasmusplus\/agricoltura-orticoltura\/stage-erasmus-orticoltura\/\">Stage Erasmus Orticoltura<\/a><\/li>\n<li><a href=\"https:\/\/espamob.com\/it\/settori-stage-aziende-erasmusplus\/agricoltura-orticoltura\/stage-erasmus-fiorista\/\">Stage Erasmus Fiorista<\/a><\/li>\n<li><a href=\"https:\/\/espamob.com\/it\/settori-stage-aziende-erasmusplus\/agricoltura-orticoltura\/stage-erasmus-paesaggista\/\">Stage Erasmus Paesaggista<\/a><\/li>\n<li><a href=\"https:\/\/espamob.com\/it\/settori-stage-aziende-erasmusplus\/agricoltura-orticoltura\/stage-erasmus-meccanico\/\">Stage Erasmus Meccanico<\/a><\/li>\n<li><a href=\"https:\/\/espamob.com\/it\/settori-stage-aziende-erasmusplus\/agricoltura-orticoltura\/stage-erasmus-palafreniere\/\">Stage Erasmus Palafreniere<\/a><\/li>\n<\/ul>\n<p>[\/vc_column_text][\/vc_column_inner][\/vc_row_inner][\/vc_column][\/vc_row]<\/p>\n<\/div>","protected":false},"excerpt":{"rendered":"<p>[vc_row css=&#8221;.vc_custom_1705948414266{margin-top: -20px !important;margin-bottom: 40px !important;background-image: url(https:\/\/espamob.com\/wp-content\/uploads\/2024\/01\/Herrador.webp?id=22935) !important;}&#8221; conditional_render=&#8221;%5B%7B%22value_role%22%3A%22administrator%22%7D%5D&#8221;][vc_column css=&#8221;.vc_custom_1687965657482{padding-top: 30px !important;}&#8221; conditional_render=&#8221;%5B%7B%22value_role%22%3A%22administrator%22%7D%5D&#8221;][vc_empty_space height=&#8221;170&#8243;][vc_custom_heading text=&#8221;Stage Erasmus : Maniscalco&#8221; font_container=&#8221;tag:h1|font_size:27|text_align:center|color:%23ffffff&#8221; use_theme_fonts=&#8221;yes&#8221; css=&#8221;.vc_custom_1706020266181{margin-bottom: 15px !important;background-color: rgba(136,136,136,0.29) !important;*background-color: rgb(136,136,136) !important;}&#8221; animation_type=&#8221;zoomIn&#8221;][vc_empty_space height=&#8221;40&#8243;][\/vc_column][\/vc_row][vc_row wrap_container=&#8221;yes&#8221; text_align=&#8221;justify&#8221;][vc_column text_align=&#8221;justify&#8221;][vc_column_text] Home Settori di stage Mobilit\u00e0 nelle professioni agricole, paesaggistiche ed equine Tirocinio Erasmus: Maniscalco [\/vc_column_text][vc_custom_heading text=&#8221;Stage Erasmus Maniscalco: un&#8217;esperienza professionale e culturale unica&#8221;<\/p>\n","protected":false},"author":2,"featured_media":0,"parent":12625,"menu_order":0,"comment_status":"closed","ping_status":"closed","template":"","meta":{"footnotes":""},"class_list":["post-22983","page","type-page","status-publish","hentry"],"_links":{"self":[{"href":"https:\/\/espamob.com\/it\/wp-json\/wp\/v2\/pages\/22983","targetHints":{"allow":["GET"]}}],"collection":[{"href":"https:\/\/espamob.com\/it\/wp-json\/wp\/v2\/pages"}],"about":[{"href":"https:\/\/espamob.com\/it\/wp-json\/wp\/v2\/types\/page"}],"author":[{"embeddable":true,"href":"https:\/\/espamob.com\/it\/wp-json\/wp\/v2\/users\/2"}],"replies":[{"embeddable":true,"href":"https:\/\/espamob.com\/it\/wp-json\/wp\/v2\/comments?post=22983"}],"version-history":[{"count":0,"href":"https:\/\/espamob.com\/it\/wp-json\/wp\/v2\/pages\/22983\/revisions"}],"up":[{"embeddable":true,"href":"https:\/\/espamob.com\/it\/wp-json\/wp\/v2\/pages\/12625"}],"wp:attachment":[{"href":"https:\/\/espamob.com\/it\/wp-json\/wp\/v2\/media?parent=22983"}],"curies":[{"name":"wp","href":"https:\/\/api.w.org\/{rel}","templated":true}]}}