{"id":22979,"date":"2023-08-22T00:00:00","date_gmt":"2023-08-22T00:00:00","guid":{"rendered":"https:\/\/www.espamob.com\/settori-stage-aziende-erasmusplus\/agricoltura-orticoltura\/stage-erasmus-palefrenier\/"},"modified":"2026-03-30T13:32:08","modified_gmt":"2026-03-30T13:32:08","slug":"stage-erasmus-palafreniere","status":"publish","type":"page","link":"https:\/\/espamob.com\/it\/settori-stage-aziende-erasmusplus\/agricoltura-orticoltura\/stage-erasmus-palafreniere\/","title":{"rendered":"Stage Erasmus : Palefrenier"},"content":{"rendered":"<div class=\"wpb-content-wrapper\"><p>[vc_row css=&#8221;.vc_custom_1705948397039{margin-top: -20px !important;margin-bottom: 40px !important;background-image: url(https:\/\/espamob.com\/wp-content\/uploads\/2024\/01\/Palafrenero.webp?id=22940) !important;}&#8221; conditional_render=&#8221;%5B%7B%22value_role%22%3A%22administrator%22%7D%5D&#8221;][vc_column css=&#8221;.vc_custom_1687965657482{padding-top: 30px !important;}&#8221; conditional_render=&#8221;%5B%7B%22value_role%22%3A%22administrator%22%7D%5D&#8221;][vc_empty_space height=&#8221;170&#8243;][vc_custom_heading text=&#8221;Stage Erasmus : Palafreniere&#8221; font_container=&#8221;tag:h1|font_size:27|text_align:center|color:%23ffffff&#8221; use_theme_fonts=&#8221;yes&#8221; css=&#8221;.vc_custom_1706019702544{margin-bottom: 15px !important;background-color: rgba(136,136,136,0.29) !important;*background-color: rgb(136,136,136) !important;}&#8221; animation_type=&#8221;zoomIn&#8221;][vc_empty_space height=&#8221;40&#8243;][\/vc_column][\/vc_row][vc_row wrap_container=&#8221;yes&#8221; text_align=&#8221;justify&#8221;][vc_column text_align=&#8221;justify&#8221;][vc_column_text]<\/p>\n<nav aria-label=\"breadcrumb\">\n<ol class=\"breadcrumb\">\n<li class=\"breadcrumb-item\"><a href=\"https:\/\/espamob.com\/it\">Home<\/a><\/li>\n<li class=\"breadcrumb-item\"><a href=\"https:\/\/espamob.com\/it\/settori-stage-aziende-erasmusplus\">Settori di stage<\/a><\/li>\n<li class=\"breadcrumb-item active\" aria-current=\"page\"><a href=\"https:\/\/espamob.com\/it\/settori-stage-aziende-erasmusplus\/agricoltura-orticoltura\/\">Mobilit\u00e0 nelle professioni agricole, paesaggistiche ed equine<\/a><\/li>\n<li class=\"breadcrumb-item active\" aria-current=\"page\">Tirocinio Erasmus: <span lang=\"IT\">Palafreniere<\/span><\/li>\n<\/ol>\n<\/nav>\n<p>[\/vc_column_text][vc_custom_heading text=&#8221;Svolgere uno stage Erasmus come Palafreniere: un&#8217;esperienza unica&#8221; use_theme_fonts=&#8221;yes&#8221; css=&#8221;.vc_custom_1706019736141{margin-top: 20px !important;}&#8221;][vc_separator][vc_row_inner][vc_column_inner width=&#8221;7\/12&#8243;][vc_column_text]<\/p>\n<p style=\"font-weight: 400;\">Lo<strong> stage Erasmus Palafreniere<\/strong> offre un&#8217;incredibile opportunit\u00e0 per i giovani desiderosi di arricchire il proprio percorso educativo e professionale nel settore equino. Grazie al programma Erasmus+, gli studenti possono partire all&#8217;estero per vivere un&#8217;esperienza formativa e appassionante. In questo articolo, vi presentiamo gli aspetti principali di questo stage, i vantaggi che offre e i consigli per candidarsi.<\/p>\n<h2 style=\"font-weight: 400;\">Cos&#8217;\u00e8 uno stage Erasmus Palafreniere?<\/h2>\n<p style=\"font-weight: 400;\">Lo stage Erasmus Palafreniere \u00e8 una <strong>formazione professionale<\/strong> nel settore equino, che permette ai partecipanti di imparare e perfezionarsi nella professione di Palafreniere. Questo stage si svolge nell&#8217;ambito del <strong>programma Erasmus+<\/strong>, che mira a promuovere la mobilit\u00e0 dei giovani europei e a favorirne l&#8217;inserimento professionale.<\/p>\n<h3>Il ruolo del Palafreniere<\/h3>\n<p>Il Palafreniere \u00e8 un professionista incaricato di prendersi cura dei cavalli. Le sue principali responsabilit\u00e0 sono:<\/p>\n<ul>\n<li><strong>Garantire l&#8217;alimentazione<\/strong> degli animali in base alle loro esigenze<\/li>\n<li><strong>Mantenere le strutture equestri<\/strong> (box, maneggio, paddock)<\/li>\n<li><strong>Sorvegliare la pulizia e la salute dei cavalli<\/strong> (cura quotidiana, controlli veterinari)<\/li>\n<li><strong>Accompagnare i cavalieri<\/strong> nelle loro attivit\u00e0 e partecipare all&#8217;organizzazione di competizioni<\/li>\n<\/ul>\n<h3>La durata dello stage<\/h3>\n<p>Lo stage Erasmus Palafreniere pu\u00f2 durare da <strong>2 settimane a 12 mes<\/strong>i. La durata varia in base agli obiettivi di formazione, al profilo dello studente e alle esigenze del centro ippico ospitante. Il programma Erasmus+ offre una grande flessibilit\u00e0 per consentire ai partecipanti di trarre il massimo dalla loro esperienza.<\/p>\n<h2>I vantaggi di uno stage Erasmus Palafreniere<\/h2>\n<p>Partecipare a uno stage Erasmus Palafreniere offre numerosi vantaggi:<\/p>\n<ul>\n<li><strong>Scoprire un nuovo paese e la sua cultura equina<\/strong><\/li>\n<li>Acquisire nuove competenze professionali<\/li>\n<li><strong>Creare una rete internazionale<\/strong> nel settore equino<\/li>\n<li><strong>Migliorare le competenze linguistiche<\/strong><\/li>\n<li><strong>Ottenere un finanziamento<\/strong> per coprire i costi legati allo stage (viaggio, alloggio, ecc.)<\/li>\n<\/ul>\n<p><span style=\"font-weight: 400;\">Questa esperienza \u00e8 anche molto apprezzata dai datori di lavoro, che valorizzano i candidati che hanno svolto uno stage all&#8217;estero e che conoscono pi\u00f9 lingue.<br \/>\n<\/span><\/p>\n<h3>Scopri l&#8217;esperienza di Alissia durante il suo stage equestre a Barcellona<\/h3>\n<p>Alissia ha avuto l&#8217;opportunit\u00e0 di svolgere uno stage eccezionale in un centro di polo equestre a Barcellona. Un&#8217;esperienza unica che le ha permesso di unire la sua passione per i cavalli a uno sviluppo personale e professionale arricchente. Immersione culturale, apprendimento tecnico e scoperta di una nuova citt\u00e0: questo stage \u00e8 una vera avventura formativa.<\/p>\n<p>&#8220;Consiglio vivamente questa esperienza, \u00e8 un&#8217;opportunit\u00e0 incredibile! Ti aiuta a sviluppare competenze sia professionali che personali mentre ti godi una citt\u00e0 ricca di scoperte. C&#8217;\u00e8 cos\u00ec tanto da fare e vivere!&#8221;<\/p>\n<p><span style=\"font-weight: 400;\">\u00a0<\/span>[\/vc_column_text][\/vc_column_inner][vc_column_inner width=&#8221;1\/12&#8243;][\/vc_column_inner][vc_column_inner width=&#8221;4\/12&#8243;][vc_single_image image=&#8221;28305&#8243; img_size=&#8221;400*400&#8243; alignment=&#8221;right&#8221; style=&#8221;vc_box_rounded&#8221; label=&#8221;&#8221;][vc_btn title=&#8221;Scoprire di pi\u00f9&#8221; style=&#8221;custom&#8221; custom_background=&#8221;#e20000&#8243; custom_text=&#8221;#ffffff&#8221; align=&#8221;center&#8221; link=&#8221;url:https%3A%2F%2Fespamob.com%2Fit%2Fcontacto-con-nuestro-equipo-de-movilidad%2F|title:Contacto|target:_blank&#8221;][vc_column_text]<\/p>\n<blockquote class=\"instagram-media\" style=\"background: #FFF; border: 0; border-radius: 3px; box-shadow: 0 0 1px 0 rgba(0,0,0,0.5),0 1px 10px 0 rgba(0,0,0,0.15); margin: 1px; max-width: 540px; min-width: 326px; padding: 0; width: calc(100% - 2px);\" data-instgrm-permalink=\"https:\/\/www.instagram.com\/reel\/C-LHQX9M-qD\/?utm_source=ig_embed&amp;utm_campaign=loading\" data-instgrm-version=\"14\">\n<div style=\"padding: 16px;\">\n<p>&nbsp;<\/p>\n<div style=\"display: flex; flex-direction: row; align-items: center;\">\n<div style=\"background-color: #f4f4f4; border-radius: 50%; flex-grow: 0; height: 40px; margin-right: 14px; width: 40px;\"><\/div>\n<div style=\"display: flex; flex-direction: column; flex-grow: 1; justify-content: center;\">\n<div style=\"background-color: #f4f4f4; border-radius: 4px; flex-grow: 0; height: 14px; margin-bottom: 6px; width: 100px;\"><\/div>\n<div style=\"background-color: #f4f4f4; border-radius: 4px; flex-grow: 0; height: 14px; width: 60px;\"><\/div>\n<\/div>\n<\/div>\n<div style=\"padding: 19% 0;\"><\/div>\n<div style=\"display: block; height: 50px; margin: 0 auto 12px; width: 50px;\"><\/div>\n<div style=\"padding-top: 8px;\">\n<div style=\"color: #3897f0; font-family: Arial,sans-serif; font-size: 14px; font-style: normal; font-weight: 550; line-height: 18px;\">Ver esta publicaci\u00f3n en Instagram<\/div>\n<\/div>\n<div style=\"padding: 12.5% 0;\"><\/div>\n<div style=\"display: flex; flex-direction: row; margin-bottom: 14px; align-items: center;\">\n<div>\n<div style=\"background-color: #f4f4f4; border-radius: 50%; height: 12.5px; width: 12.5px; transform: translateX(0px) translateY(7px);\"><\/div>\n<div style=\"background-color: #f4f4f4; height: 12.5px; transform: rotate(-45deg) translateX(3px) translateY(1px); width: 12.5px; flex-grow: 0; margin-right: 14px; margin-left: 2px;\"><\/div>\n<div style=\"background-color: #f4f4f4; border-radius: 50%; height: 12.5px; width: 12.5px; transform: translateX(9px) translateY(-18px);\"><\/div>\n<\/div>\n<div style=\"margin-left: 8px;\">\n<div style=\"background-color: #f4f4f4; border-radius: 50%; flex-grow: 0; height: 20px; width: 20px;\"><\/div>\n<div style=\"width: 0; height: 0; border-top: 2px solid transparent; border-left: 6px solid #f4f4f4; border-bottom: 2px solid transparent; transform: translateX(16px) translateY(-4px) rotate(30deg);\"><\/div>\n<\/div>\n<div style=\"margin-left: auto;\">\n<div style=\"width: 0px; border-top: 8px solid #F4F4F4; border-right: 8px solid transparent; transform: translateY(16px);\"><\/div>\n<div style=\"background-color: #f4f4f4; flex-grow: 0; height: 12px; width: 16px; transform: translateY(-4px);\"><\/div>\n<div style=\"width: 0; height: 0; border-top: 8px solid #F4F4F4; border-left: 8px solid transparent; transform: translateY(-4px) translateX(8px);\"><\/div>\n<\/div>\n<\/div>\n<div style=\"display: flex; flex-direction: column; flex-grow: 1; justify-content: center; margin-bottom: 24px;\">\n<div style=\"background-color: #f4f4f4; border-radius: 4px; flex-grow: 0; height: 14px; margin-bottom: 6px; width: 224px;\"><\/div>\n<div style=\"background-color: #f4f4f4; border-radius: 4px; flex-grow: 0; height: 14px; width: 144px;\"><\/div>\n<\/div>\n<p>&nbsp;<\/p>\n<p style=\"color: #c9c8cd; font-family: Arial,sans-serif; font-size: 14px; line-height: 17px; margin-bottom: 0; margin-top: 8px; overflow: hidden; padding: 8px 0 7px; text-align: center; text-overflow: ellipsis; white-space: nowrap;\"><a style=\"color: #c9c8cd; font-family: Arial,sans-serif; font-size: 14px; font-style: normal; font-weight: normal; line-height: 17px; text-decoration: none;\" href=\"https:\/\/www.instagram.com\/reel\/C-LHQX9M-qD\/?utm_source=ig_embed&amp;utm_campaign=loading\" target=\"_blank\" rel=\"noopener\">Una publicaci\u00f3n compartida de ESPAMOB&#8217; &#8211; ERASMUS+ (@espamobspain)<\/a><\/p>\n<\/div>\n<\/blockquote>\n<p><script async src=\"\/\/www.instagram.com\/embed.js\"><\/script>[\/vc_column_text][\/vc_column_inner][\/vc_row_inner][vc_custom_heading text=&#8221;Come candidarsi per uno stage Erasmus Palafreniere?&#8221; font_container=&#8221;tag:h3|text_align:left&#8221; use_theme_fonts=&#8221;yes&#8221; css=&#8221;.vc_custom_1706019909518{margin-top: 20px !important;}&#8221;][vc_separator][vc_row_inner][vc_column_inner width=&#8221;7\/12&#8243;][vc_column_text]Per candidarsi per uno stage Erasmus Palafreniere, \u00e8 necessario seguire i seguenti passaggi:<\/p>\n<ol>\n<li><strong>Informarsi sui centri ippici stranieri<\/strong> che offrono stage e sui requisiti necessari (livello di equitazione, conoscenze linguistiche, ecc.).<\/li>\n<li><strong>Scegliere un ente formativo<\/strong> o un&#8217;associazione specializzata in stage equini all&#8217;estero. Potranno assistervi nelle vostre procedure e aiutarvi a trovare lo stage che fa per voi.<\/li>\n<li><strong>Preparare la vostra candidatura<\/strong>, includendo un curriculum vitae, una lettera motivazionale e, eventualmente, lettere di raccomandazione. Non esitate a evidenziare le vostre competenze linguistiche ed equitazione, nonch\u00e9 qualsiasi esperienza professionale o volontariato nel settore equino.<\/li>\n<li><strong>Contattare la vostra istituzione di provenienza<\/strong>, che dovr\u00e0 approvare il progetto di stage e firmare una convenzione di stage Erasmus+. Questo passo \u00e8 cruciale per ottenere il finanziamento per il vostro soggiorno.<\/li>\n<li><strong>Inviare la vostra candidatura<\/strong> ai centri ippici interessanti e attendere una risposta.<\/li>\n<\/ol>\n<p>Si consiglia di iniziare la ricerca diversi mesi prima della data prevista per lo stage, al fine di massimizzare le possibilit\u00e0 di trovare un&#8217;offerta adatta e di beneficiare del sostegno finanziario del programma Erasmus+.<\/p>\n<h3>Buono a sapersi: i criteri di ammissibilit\u00e0<\/h3>\n<p>Per essere idonei a uno stage Erasmus Palafreniere, \u00e8 necessario:<\/p>\n<ul>\n<li>Avere almeno <strong>16 anni<\/strong><\/li>\n<li>Essere cittadini di un<strong> paese partecipante al programma Erasmus<\/strong>+ (Stati membri dell&#8217;UE, paesi candidati all&#8217;adesione, Spazio economico europeo, ecc.)<\/li>\n<li>Disporre di un&#8217;<strong>assicurazione responsabilit\u00e0 civile<\/strong> che copra le attivit\u00e0 equestri all&#8217;estero<\/li>\n<\/ul>\n<p><span style=\"font-weight: 400;\">In conclusione, lo stage Erasmus Palafreniere rappresenta un&#8217;opportunit\u00e0 unica per i giovani appassionati di cavalli desiderosi di arricchire la propria esperienza professionale. Grazie al programma Erasmus+, possono beneficiare di un supporto finanziario e logistico per realizzare questo progetto nelle migliori condizioni possibili.<\/span>[\/vc_column_text][\/vc_column_inner][vc_column_inner width=&#8221;1\/12&#8243;][\/vc_column_inner][vc_column_inner width=&#8221;4\/12&#8243;][vc_raw_html]JTNDZGl2JTIwc3R5bGUlM0QlMjJwYWRkaW5nJTNBJTIwMzBweCUzQmJhY2tncm91bmQtY29sb3IlM0ElMjAlMjNGNEY0RjQlM0IlMjIlM0UlMEElMjAlMjAlMjAlMjAlM0NoNCUzRVNjb3ByaSUyMHR1dHRpJTIwaSUyMHNldHRvcmklMjBkaSUyMHRpcm9jaW5pbyUzQyUyRmg0JTNFJTBBJTIwJTIwJTIwJTIwJTNDcCUzRUwlMjdFc3BhbW9iJTIwJUMzJUE4JTIwc3BlY2lhbGl6emF0byUyMG5lbGwlMjdhc3Npc3RlbnphJTIwYWklMjBncnVwcGklMjBwZXIlMjBsYSUyMG1vYmlsaXQlQzMlQTAlMjBFcmFzbXVzJTIwJTJCLiUyMFNjb3ByaXRlJTIwdHV0dGklMjBpJTIwc2V0dG9yaSUyMGRpJTIwdGlyb2NpbmlvJTIwRXJhc211cyUyMGluJTIwU3BhZ25hJTIwaW4lMjBwb2NoaSUyMGNsaWMuJTNDJTJGcCUzRSUwQSUyMCUyMCUyMCUyMCUzQ2ElMjBjbGFzcyUzRCUyMnZjX2dlbmVyYWwlMjB2Y19idG4zJTIwdmNfYnRuMy1zaXplLW1kJTIwdmNfYnRuMy1zaGFwZS1kZWZhdWx0JTIwdmNfYnRuMy1zdHlsZS1jdXN0b20lMjB3cGJfY3VzdG9tXzY2ODdiMjZmMzk0ODhkZGJiODVkZGIzYzFjZThlMTExJTIwYnRuJTIyJTIwc3R5bGUlM0QlMjJiYWNrZ3JvdW5kLWNvbG9yJTNBJTIzZTIwMDAwJTNCJTIwY29sb3IlM0ElMjNmZmZmZmYlM0IlMjBiYWNrZ3JvdW5kLWNvbG9yJTNBJTIzZTIwMDAwJTNCJTIwY29sb3IlM0ElMjNmZmZmZmYlM0IlMjIlMjBocmVmJTNEJTIyaHR0cHMlM0ElMkYlMkZ3d3cuZXNwYW1vYi5jb20lMkZpdCUyRnNldHRvcmktc3RhZ2UtYXppZW5kZS1lcmFzbXVzcGx1cyUyRiUyMiUyMHRpdGxlJTNEJTIyU2V0dG9yaSUyMGRpJTIwc3RhZ2UlMjIlMjB0YXJnZXQlM0QlMjJfYmxhbmslMjIlM0VTY29wcmlyZSUyMGklMjBzZXR0b3JpJTNDJTJGYSUzRSUwQSUzQyUyRmRpdiUzRQ==[\/vc_raw_html][vc_custom_heading text=&#8221;Scoprite i feedback dei partecipanti al programma Erasmus +:&#8221; font_container=&#8221;tag:h3|text_align:left&#8221; use_theme_fonts=&#8221;yes&#8221; css=&#8221;.vc_custom_1706020012410{margin-top: 20px !important;}&#8221;][vc_separator][vc_video link=&#8221;https:\/\/www.youtube.com\/watch?v=_ssECnhV01w&#8221; align=&#8221;center&#8221;][\/vc_column_inner][\/vc_row_inner][\/vc_column][\/vc_row][vc_row][vc_column][vc_column_text]<\/p>\n<p>[\/vc_column_text][\/vc_column][\/vc_row][vc_row full_width=&#8221;stretch_row&#8221; wrap_container=&#8221;yes&#8221; is_section=&#8221;yes&#8221; css=&#8221;.vc_custom_1706020027762{border-top-width: 0px !important;padding-top: 15px !important;padding-bottom: 15px !important;background-color: #f8f392 !important;}&#8221; conditional_render=&#8221;%5B%7B%22value_role%22%3A%22administrator%22%7D%5D&#8221;][vc_column][vc_row_inner css=&#8221;.vc_custom_1688548648248{background-color: #f8f392 !important;}&#8221;][vc_column_inner][vc_custom_heading text=&#8221;Richiedi un preventivo gratuito&#8221; font_container=&#8221;tag:h2|text_align:center&#8221; use_theme_fonts=&#8221;yes&#8221;][vc_column_text]<\/p>\n<p style=\"text-align: justify;\">Hai un\u2019idea per un progetto Erasmus+ in Spagna e cerchi un partner fidato che ti supporti? <strong>Espamob<\/strong>\u2019 \u00e8 qui per aiutarti! Ti offriamo un preventivo gratuito e senza impegno per aiutarti a gestire il tuo progetto di mobilit\u00e0. Grazie alla nostra competenza e alla nostra rete di aziende partner, siamo in grado di offrirvi un supporto personalizzato per soddisfare le vostre specifiche esigenze. Contattaci ora per discutere del tuo progetto e ottenere il tuo preventivo gratuito.<\/p>\n<p>[\/vc_column_text]<div id=\"modal-trg-txt-wrap-3648\" class=\"ult-modal-input-wrapper ult-adjust-bottom-margin    \" data-keypress-control=\"keypress-control-enable\" data-overlay-control=\"overlay-control-enable\"><style>\n\t\t\t\t\t.btn-modal.btn-id-69e7a8f7469777-58009437:hover {\n\t\t\t\t\t\tbackground-color: #e20000 !important;\n\t\t\t\t\t}\n\t\t\t\t\t<\/style><button  data-ultimate-target='#modal-trg-txt-wrap-3648 .btn-modal'  data-responsive-json-new='{\"font-size\":\"\",\"line-height\":\"\"}'  style=\"background:#888888;border-color:#888888;color:#ffffff; \" data-class-id=\"content-69e7a8f7469777-58009437\" class=\"btn-modal ult-responsive btn-primary btn-modal-md overlay-show ult-align-center btn-id-69e7a8f7469777-58009437\" data-overlay-class=\"overlay-cornerbottomleft\">RICHIEDI PREVENTIVO GRATUITO<\/button><\/div>\n<div class=\"ult-overlay content-69e7a8f7469777-58009437 \" data-class=\"content-69e7a8f7469777-58009437\" id=\"button-click-overlay\" style=\"background:rgba(51,51,51,0.8); display:none;\">\n\t<div class=\"ult_modal ult-fade ult-medium\">\n\t\t<div id=\"ult-modal-wrap-306\" class=\"ult_modal-content ult-hide\" style=\"border-style:solid;border-width:2px;border-radius:0px;border-color:#333333;\">\n\t\t\t<div class=\"ult_modal-header\" style=\"color:#333333;border-color:#333333;\">\n\t\t\t\t<h3  data-ultimate-target='#ult-modal-wrap-306 .ult_modal-title'  data-responsive-json-new='{\"font-size\":\"\",\"line-height\":\"\"}'  class=\"ult_modal-title ult-responsive\">RICHIEDI PREVENTIVO GRATUITO<\/h3>\n\t\t\t<\/div>\n\t\t\t<div  data-ultimate-target='#ult-modal-wrap-306 .ult_modal-body'  data-responsive-json-new='{\"font-size\":\"\",\"line-height\":\"\"}'  class=\"ult_modal-body ult-responsive ult-html\" style=\"\">\n\t\t\t<\/p>\n<p>[caldera_form id=&#8221;CF61499d9470acd&#8221;]<\/p>\n<p>\n\t\t\t<\/div>\n\t<\/div>\n\t<\/div>\n\t<div class=\"ult-overlay-close top-right\" style=\"width:80px;height:80px; \"><div class=\"ult-overlay-close-inside\">Close<\/div><\/div>\n<\/div>[\/vc_column_inner][\/vc_row_inner][\/vc_column][\/vc_row][vc_row wrap_container=&#8221;yes&#8221; css=&#8221;.vc_custom_1689256499740{margin-top: 15px !important;}&#8221; conditional_render=&#8221;%5B%7B%22value_role%22%3A%22administrator%22%7D%5D&#8221;][vc_column][vc_custom_heading text=&#8221;Domande frequenti&#8221; font_container=&#8221;tag:h2|text_align:center|color:%23000000&#8243; use_theme_fonts=&#8221;yes&#8221;][vc_separator][vc_row_inner][vc_column_inner width=&#8221;7\/12&#8243;][vc_column_text]<\/p>\n<div>\n<div>\n<h3><span lang=\"IT\">Cosa propone Espamob come supporto per uno stage Erasmus in Spagna come Palafreniere? <\/span><\/h3>\n<p><span class=\"Fuentedeprrafopredeter\"><span lang=\"IT\">Espamob offre un supporto completo per i gruppi che desiderano realizzare uno stage Erasmus in Spagna come Palafreniere. Ti aiutano a creare il tuo progetto, a trovare finanziamenti, ad accoglierti in universit\u00e0 e aziende partner per il tuo stage. Si occupano anche di trovare alloggi in loco e di recuperarti all&#8217;aeroporto.<\/span><\/span><\/p>\n<h3><span lang=\"IT\">Quali sono i vantaggi di scegliere Espamob per uno stage Erasmus in Spagna come Palafreniere? <\/span><\/h3>\n<p><span class=\"Fuentedeprrafopredeter\"><span lang=\"IT\">Scegliere Espamob per il tuo stage Erasmus in Spagna come Palafreniere offre numerosi vantaggi. Hai un supporto personalizzato per tutto il tuo progetto, dalla ricerca di finanziamenti all&#8217;accoglienza in loco. Espamob ha una vasta esperienza nell&#8217;organizzazione di mobilit\u00e0 Erasmus e dispone di una rete di partner affidabili. Inoltre, si occupano di tutti gli aspetti logistici, come la ricerca di alloggi e i trasferimenti dall&#8217;aeroporto, per consentirti di concentrarti completamente sul tuo stage.<\/span><\/span><\/p>\n<h3><span lang=\"IT\">Come posso contattare Espamob per ottenere maggiori informazioni su uno stage Erasmus in Spagna come Palafreniere? <\/span><\/h3>\n<\/div>\n<\/div>\n<div><span class=\"Fuentedeprrafopredeter\"><span lang=\"IT\">Per ottenere ulteriori informazioni su uno stage Erasmus in Spagna come Palafreniere con Espamob, puoi contattarli telefonicamente al <\/span><span lang=\"IT\">(+34) 931 780 015 <\/span><span lang=\"IT\">o via e-mail all&#8217;indirizzo contact@espamob.com. Puoi anche compilare il modulo di contatto disponibile sul loro sito web <\/span><\/span><span lang=\"ES\"><a href=\"http:\/\/www.espmob.com\/\" target=\"_blank\" rel=\"noopener\"><span class=\"Hipervnculo\"><span lang=\"IT\">www.espmob.com<\/span><\/span><\/a><\/span><span class=\"Fuentedeprrafopredeter\"><span lang=\"IT\">. Saranno lieti di rispondere a tutte le tue domande e di fornirti le informazioni di cui hai bisogno.<\/span><\/span><\/div>\n<p>[\/vc_column_text][\/vc_column_inner][vc_column_inner width=&#8221;1\/12&#8243;][\/vc_column_inner][vc_column_inner width=&#8221;4\/12&#8243;][vc_single_image image=&#8221;15076&#8243; img_size=&#8221;full&#8221;][vc_column_text]<strong>Informazioni su diverse destinazioni Erasmus+ in Spagna: <\/strong><\/p>\n<ul>\n<li><a href=\"https:\/\/espamob.com\/it\/settori-stage-aziende-erasmusplus\/agricoltura-orticoltura\/stage-erasmus-produzione-animale\/\">Stage Erasmus Produzione animale<\/a><\/li>\n<li><a href=\"https:\/\/espamob.com\/it\/settori-stage-aziende-erasmusplus\/agricoltura-orticoltura\/stage-erasmus-produzione-vegetale\/\">Stage Erasmus Produzione vegetale<\/a><\/li>\n<li><a href=\"https:\/\/espamob.com\/it\/settori-stage-aziende-erasmusplus\/agricoltura-orticoltura\/stage-erasmus-orticoltura\/\">Stage Erasmus Orticoltura<\/a><\/li>\n<li><a href=\"https:\/\/espamob.com\/it\/settori-stage-aziende-erasmusplus\/agricoltura-orticoltura\/stage-erasmus-fiorista\/\">Stage Erasmus Fiorista<\/a><\/li>\n<li><a href=\"https:\/\/espamob.com\/it\/settori-stage-aziende-erasmusplus\/agricoltura-orticoltura\/stage-erasmus-paesaggista\/\">Stage Erasmus Paesaggista<\/a><\/li>\n<li><a href=\"https:\/\/espamob.com\/it\/settori-stage-aziende-erasmusplus\/agricoltura-orticoltura\/stage-erasmus-meccanico\/\">Stage Erasmus Meccanico<\/a><\/li>\n<li><a href=\"https:\/\/espamob.com\/it\/settori-stage-aziende-erasmusplus\/agricoltura-orticoltura\/stage-erasmus-maniscalco\/\">Stage Erasmus Maniscalo<\/a><\/li>\n<\/ul>\n<p>[\/vc_column_text][\/vc_column_inner][\/vc_row_inner][\/vc_column][\/vc_row]<\/p>\n<\/div>","protected":false},"excerpt":{"rendered":"<p>[vc_row css=&#8221;.vc_custom_1705948397039{margin-top: -20px !important;margin-bottom: 40px !important;background-image: url(https:\/\/espamob.com\/wp-content\/uploads\/2024\/01\/Palafrenero.webp?id=22940) !important;}&#8221; conditional_render=&#8221;%5B%7B%22value_role%22%3A%22administrator%22%7D%5D&#8221;][vc_column css=&#8221;.vc_custom_1687965657482{padding-top: 30px !important;}&#8221; conditional_render=&#8221;%5B%7B%22value_role%22%3A%22administrator%22%7D%5D&#8221;][vc_empty_space height=&#8221;170&#8243;][vc_custom_heading text=&#8221;Stage Erasmus : Palafreniere&#8221; font_container=&#8221;tag:h1|font_size:27|text_align:center|color:%23ffffff&#8221; use_theme_fonts=&#8221;yes&#8221; css=&#8221;.vc_custom_1706019702544{margin-bottom: 15px !important;background-color: rgba(136,136,136,0.29) !important;*background-color: rgb(136,136,136) !important;}&#8221; animation_type=&#8221;zoomIn&#8221;][vc_empty_space height=&#8221;40&#8243;][\/vc_column][\/vc_row][vc_row wrap_container=&#8221;yes&#8221; text_align=&#8221;justify&#8221;][vc_column text_align=&#8221;justify&#8221;][vc_column_text] Home Settori di stage Mobilit\u00e0 nelle professioni agricole, paesaggistiche ed equine Tirocinio Erasmus: Palafreniere [\/vc_column_text][vc_custom_heading text=&#8221;Svolgere uno stage Erasmus come Palafreniere: un&#8217;esperienza unica&#8221;<\/p>\n","protected":false},"author":2,"featured_media":0,"parent":12625,"menu_order":0,"comment_status":"closed","ping_status":"closed","template":"","meta":{"footnotes":""},"class_list":["post-22979","page","type-page","status-publish","hentry"],"_links":{"self":[{"href":"https:\/\/espamob.com\/it\/wp-json\/wp\/v2\/pages\/22979","targetHints":{"allow":["GET"]}}],"collection":[{"href":"https:\/\/espamob.com\/it\/wp-json\/wp\/v2\/pages"}],"about":[{"href":"https:\/\/espamob.com\/it\/wp-json\/wp\/v2\/types\/page"}],"author":[{"embeddable":true,"href":"https:\/\/espamob.com\/it\/wp-json\/wp\/v2\/users\/2"}],"replies":[{"embeddable":true,"href":"https:\/\/espamob.com\/it\/wp-json\/wp\/v2\/comments?post=22979"}],"version-history":[{"count":0,"href":"https:\/\/espamob.com\/it\/wp-json\/wp\/v2\/pages\/22979\/revisions"}],"up":[{"embeddable":true,"href":"https:\/\/espamob.com\/it\/wp-json\/wp\/v2\/pages\/12625"}],"wp:attachment":[{"href":"https:\/\/espamob.com\/it\/wp-json\/wp\/v2\/media?parent=22979"}],"curies":[{"name":"wp","href":"https:\/\/api.w.org\/{rel}","templated":true}]}}