{"id":22971,"date":"2023-08-22T00:00:00","date_gmt":"2023-08-22T00:00:00","guid":{"rendered":"https:\/\/www.espamob.com\/settori-stage-aziende-erasmusplus\/agricoltura-orticoltura\/stage-erasmus-paysagiste\/"},"modified":"2024-02-28T21:54:11","modified_gmt":"2024-02-28T21:54:11","slug":"stage-erasmus-paesaggista","status":"publish","type":"page","link":"https:\/\/espamob.com\/it\/settori-stage-aziende-erasmusplus\/agricoltura-orticoltura\/stage-erasmus-paesaggista\/","title":{"rendered":"Stage Erasmus : Paysagiste"},"content":{"rendered":"<div class=\"wpb-content-wrapper\"><p>[vc_row css=&#8221;.vc_custom_1705948353362{margin-top: -20px !important;margin-bottom: 40px !important;background-image: url(https:\/\/espamob.com\/wp-content\/uploads\/2024\/01\/Paisajista.webp?id=22910) !important;}&#8221; conditional_render=&#8221;%5B%7B%22value_role%22%3A%22administrator%22%7D%5D&#8221;][vc_column css=&#8221;.vc_custom_1687965657482{padding-top: 30px !important;}&#8221; conditional_render=&#8221;%5B%7B%22value_role%22%3A%22administrator%22%7D%5D&#8221;][vc_empty_space height=&#8221;170&#8243;][vc_custom_heading text=&#8221;Stage Erasmus: Paesaggista&#8221; font_container=&#8221;tag:h1|font_size:27|text_align:center|color:%23ffffff&#8221; use_theme_fonts=&#8221;yes&#8221; css=&#8221;.vc_custom_1706018594006{margin-bottom: 15px !important;background-color: rgba(136,136,136,0.29) !important;*background-color: rgb(136,136,136) !important;}&#8221; animation_type=&#8221;zoomIn&#8221;][vc_empty_space height=&#8221;40&#8243;][\/vc_column][\/vc_row][vc_row wrap_container=&#8221;yes&#8221; text_align=&#8221;justify&#8221;][vc_column text_align=&#8221;justify&#8221;][vc_column_text]<\/p>\n<nav aria-label=\"breadcrumb\">\n<ol class=\"breadcrumb\">\n<li class=\"breadcrumb-item\"><a href=\"https:\/\/espamob.com\/it\">Home<\/a><\/li>\n<li class=\"breadcrumb-item\"><a href=\"https:\/\/espamob.com\/it\/settori-stage-aziende-erasmusplus\">Settori di stage<\/a><\/li>\n<li class=\"breadcrumb-item active\" aria-current=\"page\"><a href=\"https:\/\/espamob.com\/it\/settori-stage-aziende-erasmusplus\/agricoltura-orticoltura\/\">Mobilit\u00e0 nelle professioni agricole, paesaggistiche ed equine<\/a><\/li>\n<li class=\"breadcrumb-item active\" aria-current=\"page\">Tirocinio Erasmus: Paesaggista<\/li>\n<\/ol>\n<\/nav>\n<p>[\/vc_column_text][vc_custom_heading text=&#8221;Stage Erasmus Paesaggista: un&#8217;esperienza arricchente per la tua carriera&#8221; use_theme_fonts=&#8221;yes&#8221; css=&#8221;.vc_custom_1706018628490{margin-top: 20px !important;}&#8221;][vc_separator][vc_row_inner][vc_column_inner width=&#8221;7\/12&#8243;][vc_column_text]Desideri svolgere uno <strong>stage Erasmus nel campo del paesaggismo<\/strong> per potenziare le tue competenze nella progettazione del verde? Scopri come partecipare a questo programma europeo, i vantaggi offerti da questa esperienza unica e come rendere il tuo soggiorno all&#8217;estero un successo.<\/p>\n<h2>Programma Erasmus+: un&#8217;opportunit\u00e0 di stage da cogliere<\/h2>\n<p>Il programma<strong> Erasmus+<\/strong> \u00e8 un&#8217;iniziativa europea che mira a promuovere la mobilit\u00e0 degli studenti, degli insegnanti e dei professionisti in Europa. Offre, in particolare, la possibilit\u00e0 di svolgere uno stage all&#8217;estero nel contesto degli studi o della formazione professionale.<\/p>\n<p>Per gli studenti di paesaggismo, questa \u00e8 un&#8217;opportunit\u00e0 unica per acquisire nuove competenze, scoprire nuovi approcci alla progettazione del verde e aprirsi a nuove culture e metodologie di lavoro. Inoltre, questa esperienza internazionale pu\u00f2 rappresentare un vero vantaggio per il tuo curriculum vitae, facilitando cos\u00ec la tua inserzione professionale.<\/p>\n<h3>Come candidarsi per uno stage Erasmus da paesaggista?<\/h3>\n<p>Per poter beneficiare di uno stage Erasmus, devi essere uno studente di un istituto di istruzione superiore partner del programma Erasmus+. Informati presso la tua istituzione per conoscere i loro accordi di partenariato e le modalit\u00e0 di candidatura. In genere, ti sar\u00e0 chiesto di presentare una domanda di candidatura che include un curriculum vitae, una lettera motivazionale e talvolta delle raccomandazioni.<\/p>\n<p>La scelta del paese e dell&#8217;azienda ospitante avviene in base ai tuoi interessi e agli obiettivi professionali. Non esitare a informarti sulle aziende specializzate in paesaggismo nei paesi di tuo interesse e a consultare le offerte di stage disponibili sulla piattaforma europea Erasmus Intern Traineeship Portal.<\/p>\n<h2>I vantaggi di uno stage Erasmus da paesaggista<\/h2>\n<p>Partecipare a uno stage Erasmus durante il tuo percorso di formazione in paesaggismo presenta diversi vantaggi:<\/p>\n<ul>\n<li><strong>Sviluppo delle competenze professionali:<\/strong> sarai esposto a nuove tecniche, approcci e strumenti specifici del paese in cui svolgerai lo stage. Ci\u00f2 ti consentir\u00e0 di ampliare il tuo bagaglio di competenze e aumentare la tua employability.<\/li>\n<li><strong>Apprendimento di una lingua straniera<\/strong>: la pratica quotidiana di una lingua straniera \u00e8 uno dei modi migliori per progredire rapidamente. Il tuo stage Erasmus sar\u00e0 un&#8217;opportunit\u00e0 per perfezionare le tue competenze linguistiche.<\/li>\n<li><strong>Scoperta di nuove culture<\/strong>: vivere all&#8217;estero per alcuni mesi ti permetter\u00e0 di scoprire la cultura, le tradizioni e lo stile di vita di un altro paese, un&#8217;esperienza che pu\u00f2 essere molto arricchente dal punto di vista personale e professionale.<\/li>\n<li><strong>Costruzione di una rete internazionale<\/strong>: durante il tuo stage, incontrerai persone provenienti da diverse parti del mondo, con cui potrai scambiare idee e stabilire contatti professionali. Questa rete potrebbe rivelarsi preziosa per la tua futura carriera.<\/li>\n<\/ul>\n<h3>Finanziamenti e aiuti alla mobilit\u00e0<\/h3>\n<p><span style=\"font-weight: 400;\">Nel contesto del programma Erasmus+, pu\u00f2 essere concessa una borsa di mobilit\u00e0 per aiutarti a finanziare il tuo stage all&#8217;estero. L&#8217;importo di questa borsa varia in base al paese ospitante e alla durata dello stage. Informati presso la tua istituzione per conoscere le condizioni di assegnazione e le procedure da seguire. <\/span><span style=\"font-weight: 400;\">Esistono anche altri aiuti finanziari a livello nazionale, regionale o locale; non esitare a informarti e presentare una domanda.<\/span>[\/vc_column_text][\/vc_column_inner][vc_column_inner width=&#8221;1\/12&#8243;][\/vc_column_inner][vc_column_inner width=&#8221;4\/12&#8243;][vc_single_image image=&#8221;18270&#8243; img_size=&#8221;400*400&#8243; alignment=&#8221;right&#8221; style=&#8221;vc_box_rounded&#8221;][vc_btn title=&#8221;Scoprire di pi\u00f9&#8221; style=&#8221;custom&#8221; custom_background=&#8221;#e20000&#8243; custom_text=&#8221;#ffffff&#8221; align=&#8221;center&#8221; link=&#8221;url:https%3A%2F%2Fespamob.com%2Fit%2Fcontacto-con-nuestro-equipo-de-movilidad%2F|title:Contacto|target:_blank&#8221;][\/vc_column_inner][\/vc_row_inner][vc_custom_heading text=&#8221;Come avere successo nel tuo stage Erasmus da paesaggista: i nostri consigli&#8221; font_container=&#8221;tag:h3|text_align:left&#8221; use_theme_fonts=&#8221;yes&#8221; css=&#8221;.vc_custom_1706018759693{margin-top: 20px !important;}&#8221;][vc_separator][vc_row_inner][vc_column_inner width=&#8221;7\/12&#8243;][vc_column_text]Per trarre il massimo beneficio dalla tua esperienza Erasmus nel campo del paesaggismo, ecco alcuni consigli per preparare bene il tuo soggiorno:<\/p>\n<ol>\n<li><strong>Sii curioso e aperto mentalmente<\/strong>: approfitta di questa esperienza per scoprire nuove tecniche, approcci e strumenti nella progettazione del verde. Sii pronto ad imparare e ad uscire dalla tua zona di comfort.<\/li>\n<li><strong>Preparati a vivere in un ambiente multiculturale<\/strong>: informarti sulla cultura e sulle tradizioni del paese in cui svolgerai lo stage ti aiuter\u00e0 a familiarizzare con il tuo nuovo ambiente e a facilitare la tua integrazione.<\/li>\n<li><strong>Partecipa attivamente alla vita dell&#8217;azienda ospitante<\/strong>: mostrati volontario e prendi l&#8217;iniziativa per essere completamente integrato nel team.<\/li>\n<li><strong>Mantieni il contatto con la tua istituzione di provenienza<\/strong>: comunica regolarmente con il tuo tutor, i tuoi insegnanti e i tuoi compagni di classe per rimanere informato sulle novit\u00e0 del tuo percorso di formazione e condividere la tua esperienza all&#8217;estero.<\/li>\n<li><strong>Conserva un ricordo della tua esperienza<\/strong>: che sia sotto forma di diario, blog o portfolio, documenta il tuo stage Erasmus per conservare un ricordo di questa esperienza e poter trarne un bilancio costruttivo.<\/li>\n<\/ol>\n<p>In sintesi, svolgere uno <strong>stage Erasmus in paesaggismo<\/strong> \u00e8 un&#8217;opportunit\u00e0 unica per potenziare la tua carriera, imparare nuove tecniche e approcci nella progettazione del verde e costruire una rete professionale internazionale. Quindi non esitare a intraprendere questa avventura arricchente![\/vc_column_text][\/vc_column_inner][vc_column_inner width=&#8221;1\/12&#8243;][\/vc_column_inner][vc_column_inner width=&#8221;4\/12&#8243;][vc_raw_html]JTNDZGl2JTIwc3R5bGUlM0QlMjJwYWRkaW5nJTNBJTIwMzBweCUzQmJhY2tncm91bmQtY29sb3IlM0ElMjAlMjNGNEY0RjQlM0IlMjIlM0UlMEElMjAlMjAlMjAlMjAlM0NoNCUzRVNjb3ByaSUyMHR1dHRpJTIwaSUyMHNldHRvcmklMjBkaSUyMHRpcm9jaW5pbyUzQyUyRmg0JTNFJTBBJTIwJTIwJTIwJTIwJTNDcCUzRUwlMjdFc3BhbW9iJTIwJUMzJUE4JTIwc3BlY2lhbGl6emF0byUyMG5lbGwlMjdhc3Npc3RlbnphJTIwYWklMjBncnVwcGklMjBwZXIlMjBsYSUyMG1vYmlsaXQlQzMlQTAlMjBFcmFzbXVzJTIwJTJCLiUyMFNjb3ByaXRlJTIwdHV0dGklMjBpJTIwc2V0dG9yaSUyMGRpJTIwdGlyb2NpbmlvJTIwRXJhc211cyUyMGluJTIwU3BhZ25hJTIwaW4lMjBwb2NoaSUyMGNsaWMuJTNDJTJGcCUzRSUwQSUyMCUyMCUyMCUyMCUzQ2ElMjBjbGFzcyUzRCUyMnZjX2dlbmVyYWwlMjB2Y19idG4zJTIwdmNfYnRuMy1zaXplLW1kJTIwdmNfYnRuMy1zaGFwZS1kZWZhdWx0JTIwdmNfYnRuMy1zdHlsZS1jdXN0b20lMjB3cGJfY3VzdG9tXzY2ODdiMjZmMzk0ODhkZGJiODVkZGIzYzFjZThlMTExJTIwYnRuJTIyJTIwc3R5bGUlM0QlMjJiYWNrZ3JvdW5kLWNvbG9yJTNBJTIzZTIwMDAwJTNCJTIwY29sb3IlM0ElMjNmZmZmZmYlM0IlMjBiYWNrZ3JvdW5kLWNvbG9yJTNBJTIzZTIwMDAwJTNCJTIwY29sb3IlM0ElMjNmZmZmZmYlM0IlMjIlMjBocmVmJTNEJTIyaHR0cHMlM0ElMkYlMkZ3d3cuZXNwYW1vYi5jb20lMkZpdCUyRnNldHRvcmktc3RhZ2UtYXppZW5kZS1lcmFzbXVzcGx1cyUyRiUyMiUyMHRpdGxlJTNEJTIyU2V0dG9yaSUyMGRpJTIwc3RhZ2UlMjIlMjB0YXJnZXQlM0QlMjJfYmxhbmslMjIlM0VTY29wcmlyZSUyMGklMjBzZXR0b3JpJTNDJTJGYSUzRSUwQSUzQyUyRmRpdiUzRQ==[\/vc_raw_html][vc_custom_heading text=&#8221;Scoprite i feedback dei partecipanti al programma Erasmus +:&#8221; font_container=&#8221;tag:h3|text_align:left&#8221; use_theme_fonts=&#8221;yes&#8221; css=&#8221;.vc_custom_1709157247877{margin-top: 20px !important;}&#8221;][vc_separator][vc_video link=&#8221;https:\/\/www.youtube.com\/watch?v=ShAaZKOxjpM&#8221; align=&#8221;center&#8221;][\/vc_column_inner][\/vc_row_inner][\/vc_column][\/vc_row][vc_row full_width=&#8221;stretch_row&#8221; wrap_container=&#8221;yes&#8221; is_section=&#8221;yes&#8221; css=&#8221;.vc_custom_1706018818778{border-top-width: 0px !important;padding-top: 15px !important;padding-bottom: 15px !important;background-color: #f8f392 !important;}&#8221; conditional_render=&#8221;%5B%7B%22value_role%22%3A%22administrator%22%7D%5D&#8221;][vc_column][vc_row_inner css=&#8221;.vc_custom_1688548648248{background-color: #f8f392 !important;}&#8221;][vc_column_inner][vc_custom_heading text=&#8221;Richiedi un preventivo gratuito&#8221; font_container=&#8221;tag:h2|text_align:center&#8221; use_theme_fonts=&#8221;yes&#8221;][vc_column_text]<\/p>\n<p style=\"text-align: justify;\">Hai un\u2019idea per un progetto Erasmus+ in Spagna e cerchi un partner fidato che ti supporti? <strong>Espamob<\/strong>\u2019 \u00e8 qui per aiutarti! Ti offriamo un preventivo gratuito e senza impegno per aiutarti a gestire il tuo progetto di mobilit\u00e0. Grazie alla nostra competenza e alla nostra rete di aziende partner, siamo in grado di offrirvi un supporto personalizzato per soddisfare le vostre specifiche esigenze. Contattaci ora per discutere del tuo progetto e ottenere il tuo preventivo gratuito.<\/p>\n<p>[\/vc_column_text]<div id=\"modal-trg-txt-wrap-9008\" class=\"ult-modal-input-wrapper ult-adjust-bottom-margin    \" data-keypress-control=\"keypress-control-enable\" data-overlay-control=\"overlay-control-enable\"><style>\n\t\t\t\t\t.btn-modal.btn-id-69ed4ce5c538a9-61671688:hover {\n\t\t\t\t\t\tbackground-color: #e20000 !important;\n\t\t\t\t\t}\n\t\t\t\t\t<\/style><button  data-ultimate-target='#modal-trg-txt-wrap-9008 .btn-modal'  data-responsive-json-new='{\"font-size\":\"\",\"line-height\":\"\"}'  style=\"background:#888888;border-color:#888888;color:#ffffff; \" data-class-id=\"content-69ed4ce5c538a9-61671688\" class=\"btn-modal ult-responsive btn-primary btn-modal-md overlay-show ult-align-center btn-id-69ed4ce5c538a9-61671688\" data-overlay-class=\"overlay-cornerbottomleft\">RICHIEDI PREVENTIVO GRATUITO<\/button><\/div>\n<div class=\"ult-overlay content-69ed4ce5c538a9-61671688 \" data-class=\"content-69ed4ce5c538a9-61671688\" id=\"button-click-overlay\" style=\"background:rgba(51,51,51,0.8); display:none;\">\n\t<div class=\"ult_modal ult-fade ult-medium\">\n\t\t<div id=\"ult-modal-wrap-7454\" class=\"ult_modal-content ult-hide\" style=\"border-style:solid;border-width:2px;border-radius:0px;border-color:#333333;\">\n\t\t\t<div class=\"ult_modal-header\" style=\"color:#333333;border-color:#333333;\">\n\t\t\t\t<h3  data-ultimate-target='#ult-modal-wrap-7454 .ult_modal-title'  data-responsive-json-new='{\"font-size\":\"\",\"line-height\":\"\"}'  class=\"ult_modal-title ult-responsive\">RICHIEDI PREVENTIVO GRATUITO<\/h3>\n\t\t\t<\/div>\n\t\t\t<div  data-ultimate-target='#ult-modal-wrap-7454 .ult_modal-body'  data-responsive-json-new='{\"font-size\":\"\",\"line-height\":\"\"}'  class=\"ult_modal-body ult-responsive ult-html\" style=\"\">\n\t\t\t<\/p>\n<p>[caldera_form id=&#8221;CF61499d9470acd&#8221;]<\/p>\n<p>\n\t\t\t<\/div>\n\t<\/div>\n\t<\/div>\n\t<div class=\"ult-overlay-close top-right\" style=\"width:80px;height:80px; \"><div class=\"ult-overlay-close-inside\">Close<\/div><\/div>\n<\/div>[\/vc_column_inner][\/vc_row_inner][\/vc_column][\/vc_row][vc_row wrap_container=&#8221;yes&#8221; css=&#8221;.vc_custom_1689256499740{margin-top: 15px !important;}&#8221; conditional_render=&#8221;%5B%7B%22value_role%22%3A%22administrator%22%7D%5D&#8221;][vc_column][vc_custom_heading text=&#8221;Domande frequenti&#8221; font_container=&#8221;tag:h2|text_align:center|color:%23000000&#8243; use_theme_fonts=&#8221;yes&#8221;][vc_separator][vc_row_inner][vc_column_inner width=&#8221;7\/12&#8243;][vc_column_text]<\/p>\n<div>\n<div>\n<h3><span lang=\"ES\">Quali sono i vantaggi di scegliere Espamob per svolgere uno stage Erasmus in Spagna come paesaggista? <\/span><\/h3>\n<p><span lang=\"ES\">Optando per Espamob per il tuo stage Erasmus in Spagna come paesaggista, avrai accesso a un supporto completo nella creazione del tuo progetto, nella ricerca di finanziamenti, nell&#8217;accoglienza presso le universit\u00e0 e le aziende partner per il tuo stage. Inoltre, Espamob si occupa di trovare alloggi locali e di recuperare i gruppi all&#8217;aeroporto, offrendoti un&#8217;esperienza semplificata e piacevole.<\/span><\/p>\n<h3><span lang=\"ES\">Come Espamob pu\u00f2 aiutarmi nella ricerca di finanziamenti per il mio stage Erasmus come paesaggista? <\/span><\/h3>\n<p><span lang=\"PT\">Espamob ha competenze nella ricerca di finanziamenti per i progetti di mobilit\u00e0 Erasmus +. L&#8217;agenzia ti guider\u00e0 nelle procedure e ti fornir\u00e0 le informazioni necessarie per ottenere finanziamenti dalle istituzioni competenti. Espamob pu\u00f2 anche indirizzarti verso potenziali partner finanziari e aiutarti a redigere la tua richiesta di finanziamento.<\/span><\/p>\n<h3><span lang=\"PT\">Quali tipi di aziende partner \u00e8 possibile trovare tramite Espamob per uno stage Erasmus come paesaggista in Spagna? <\/span><\/h3>\n<\/div>\n<\/div>\n<div><span lang=\"PT\">Espamob dispone di una rete di aziende partner varie in Spagna, in grado di ospitare stagisti paesaggisti. Potrai essere integrato in aziende specializzate nell&#8217;architettura del paesaggio, nella progettazione di giardini, nella manutenzione di spazi verdi, ecc. Queste aziende offrono opportunit\u00e0 di apprendimento e di mettere in pratica le tue competenze come paesaggista, in un ambiente professionale stimolante.<\/span><\/div>\n<p>[\/vc_column_text][\/vc_column_inner][vc_column_inner width=&#8221;1\/12&#8243;][\/vc_column_inner][vc_column_inner width=&#8221;4\/12&#8243;][vc_single_image image=&#8221;15074&#8243; img_size=&#8221;full&#8221;][vc_column_text]<strong>Informazioni su diverse destinazioni Erasmus+ in Spagna: <\/strong><\/p>\n<ul>\n<li><a href=\"https:\/\/espamob.com\/it\/settori-stage-aziende-erasmusplus\/agricoltura-orticoltura\/stage-erasmus-produzione-animale\/\">Stage Erasmus Produzione animale<\/a><\/li>\n<li><a href=\"https:\/\/espamob.com\/it\/settori-stage-aziende-erasmusplus\/agricoltura-orticoltura\/stage-erasmus-produzione-vegetale\/\">Stage Erasmus Produzione vegetale<\/a><\/li>\n<li><a href=\"https:\/\/espamob.com\/it\/settori-stage-aziende-erasmusplus\/agricoltura-orticoltura\/stage-erasmus-orticoltura\/\">Stage Erasmus Orticoltura<\/a><\/li>\n<li><a href=\"https:\/\/espamob.com\/it\/settori-stage-aziende-erasmusplus\/agricoltura-orticoltura\/stage-erasmus-fiorista\/\">Stage Erasmus Fiorista<\/a><\/li>\n<li><a href=\"https:\/\/espamob.com\/it\/settori-stage-aziende-erasmusplus\/agricoltura-orticoltura\/stage-erasmus-meccanico\/\">Stage Erasmus Meccanico<\/a><\/li>\n<li><a href=\"https:\/\/espamob.com\/it\/settori-stage-aziende-erasmusplus\/agricoltura-orticoltura\/stage-erasmus-maniscalco\/\">Stage Erasmus Maniscalco<\/a><\/li>\n<li><a href=\"https:\/\/espamob.com\/it\/settori-stage-aziende-erasmusplus\/agricoltura-orticoltura\/stage-erasmus-palafreniere\/\">Stage Erasmus Palafreniere<\/a><\/li>\n<\/ul>\n<p>[\/vc_column_text][\/vc_column_inner][\/vc_row_inner][\/vc_column][\/vc_row]<\/p>\n<\/div>","protected":false},"excerpt":{"rendered":"<p>[vc_row css=&#8221;.vc_custom_1705948353362{margin-top: -20px !important;margin-bottom: 40px !important;background-image: url(https:\/\/espamob.com\/wp-content\/uploads\/2024\/01\/Paisajista.webp?id=22910) !important;}&#8221; conditional_render=&#8221;%5B%7B%22value_role%22%3A%22administrator%22%7D%5D&#8221;][vc_column css=&#8221;.vc_custom_1687965657482{padding-top: 30px !important;}&#8221; conditional_render=&#8221;%5B%7B%22value_role%22%3A%22administrator%22%7D%5D&#8221;][vc_empty_space height=&#8221;170&#8243;][vc_custom_heading text=&#8221;Stage Erasmus: Paesaggista&#8221; font_container=&#8221;tag:h1|font_size:27|text_align:center|color:%23ffffff&#8221; use_theme_fonts=&#8221;yes&#8221; css=&#8221;.vc_custom_1706018594006{margin-bottom: 15px !important;background-color: rgba(136,136,136,0.29) !important;*background-color: rgb(136,136,136) !important;}&#8221; animation_type=&#8221;zoomIn&#8221;][vc_empty_space height=&#8221;40&#8243;][\/vc_column][\/vc_row][vc_row wrap_container=&#8221;yes&#8221; text_align=&#8221;justify&#8221;][vc_column text_align=&#8221;justify&#8221;][vc_column_text] Home Settori di stage Mobilit\u00e0 nelle professioni agricole, paesaggistiche ed equine Tirocinio Erasmus: Paesaggista [\/vc_column_text][vc_custom_heading text=&#8221;Stage Erasmus Paesaggista: un&#8217;esperienza arricchente per la tua carriera&#8221;<\/p>\n","protected":false},"author":2,"featured_media":0,"parent":12625,"menu_order":0,"comment_status":"closed","ping_status":"closed","template":"","meta":{"footnotes":""},"class_list":["post-22971","page","type-page","status-publish","hentry"],"_links":{"self":[{"href":"https:\/\/espamob.com\/it\/wp-json\/wp\/v2\/pages\/22971","targetHints":{"allow":["GET"]}}],"collection":[{"href":"https:\/\/espamob.com\/it\/wp-json\/wp\/v2\/pages"}],"about":[{"href":"https:\/\/espamob.com\/it\/wp-json\/wp\/v2\/types\/page"}],"author":[{"embeddable":true,"href":"https:\/\/espamob.com\/it\/wp-json\/wp\/v2\/users\/2"}],"replies":[{"embeddable":true,"href":"https:\/\/espamob.com\/it\/wp-json\/wp\/v2\/comments?post=22971"}],"version-history":[{"count":0,"href":"https:\/\/espamob.com\/it\/wp-json\/wp\/v2\/pages\/22971\/revisions"}],"up":[{"embeddable":true,"href":"https:\/\/espamob.com\/it\/wp-json\/wp\/v2\/pages\/12625"}],"wp:attachment":[{"href":"https:\/\/espamob.com\/it\/wp-json\/wp\/v2\/media?parent=22971"}],"curies":[{"name":"wp","href":"https:\/\/api.w.org\/{rel}","templated":true}]}}