{"id":22963,"date":"2023-08-22T00:00:00","date_gmt":"2023-08-22T00:00:00","guid":{"rendered":"https:\/\/www.espamob.com\/settori-stage-aziende-erasmusplus\/agricoltura-orticoltura\/stage-erasmus-maraichage\/"},"modified":"2024-01-24T10:07:19","modified_gmt":"2024-01-24T10:07:19","slug":"stage-erasmus-orticoltura","status":"publish","type":"page","link":"https:\/\/espamob.com\/it\/settori-stage-aziende-erasmusplus\/agricoltura-orticoltura\/stage-erasmus-orticoltura\/","title":{"rendered":"Stage Erasmus : Mara\u00eechage"},"content":{"rendered":"<div class=\"wpb-content-wrapper\"><p>[vc_row css=&#8221;.vc_custom_1705948309161{margin-top: -20px !important;margin-bottom: 40px !important;background-image: url(https:\/\/espamob.com\/wp-content\/uploads\/2024\/01\/Jardineria.webp?id=22920) !important;}&#8221; conditional_render=&#8221;%5B%7B%22value_role%22%3A%22administrator%22%7D%5D&#8221;][vc_column css=&#8221;.vc_custom_1687965657482{padding-top: 30px !important;}&#8221; conditional_render=&#8221;%5B%7B%22value_role%22%3A%22administrator%22%7D%5D&#8221;][vc_empty_space height=&#8221;170&#8243;][vc_custom_heading text=&#8221;Stage Erasmus : Orticoltura&#8221; font_container=&#8221;tag:h1|font_size:27|text_align:center|color:%23ffffff&#8221; use_theme_fonts=&#8221;yes&#8221; css=&#8221;.vc_custom_1706017603739{margin-bottom: 15px !important;background-color: rgba(136,136,136,0.29) !important;*background-color: rgb(136,136,136) !important;}&#8221; animation_type=&#8221;zoomIn&#8221;][vc_empty_space height=&#8221;40&#8243;][\/vc_column][\/vc_row][vc_row wrap_container=&#8221;yes&#8221; text_align=&#8221;justify&#8221;][vc_column text_align=&#8221;justify&#8221;][vc_column_text]<\/p>\n<nav aria-label=\"breadcrumb\">\n<ol class=\"breadcrumb\">\n<li class=\"breadcrumb-item\"><a href=\"https:\/\/espamob.com\/it\">Home<\/a><\/li>\n<li class=\"breadcrumb-item\"><a href=\"https:\/\/espamob.com\/it\/settori-stage-aziende-erasmusplus\">Settori di stage<\/a><\/li>\n<li class=\"breadcrumb-item active\" aria-current=\"page\"><a href=\"https:\/\/espamob.com\/it\/settori-stage-aziende-erasmusplus\/agricoltura-orticoltura\/\">Mobilit\u00e0 nelle professioni agricole, paesaggistiche ed equine<\/a><\/li>\n<li class=\"breadcrumb-item active\" aria-current=\"page\">Tirocinio Erasmus: Orticoltura<\/li>\n<\/ol>\n<\/nav>\n<p>[\/vc_column_text][vc_custom_heading text=&#8221;Stage Erasmus Orticoltura: un&#8217;opportunit\u00e0 per gli studenti di agraria&#8221; use_theme_fonts=&#8221;yes&#8221; css=&#8221;.vc_custom_1706017644725{margin-top: 20px !important;}&#8221;][vc_separator][vc_row_inner][vc_column_inner width=&#8221;7\/12&#8243;][vc_column_text]Lo <strong>stage Erasmus in Orticoltura<\/strong> \u00e8 un programma di scambio che consente agli studenti di formarsi nel campo dell&#8217;agricoltura, pi\u00f9 specificamente nella produzione di frutta e verdura. Questo stage offre un&#8217;esperienza professionale unica e arricchente, favorendo lo sviluppo di competenze tecniche e interculturali. In questo articolo, esploreremo le diverse sfaccettature dello stage Erasmus in Orticoltura e metteremo in evidenza i vantaggi che offre agli studenti.<\/p>\n<h2>Che cos&#8217;\u00e8 lo stage Erasmus in Orticoltura?<\/h2>\n<p>Si tratta di uno stage professionale svolto all&#8217;estero, presso un&#8217;azienda o un&#8217;azienda agricola specializzata nella coltivazione orticola. Gli studenti hanno l&#8217;opportunit\u00e0 di apprendere le tecniche e le pratiche specifiche di questo settore, mentre scoprono un nuovo paese e una nuova cultura. Lo stage Erasmus in Orticoltura si inserisce generalmente nel contesto di un percorso di studi legato all&#8217;agricoltura, all&#8217;urbanistica o all&#8217;allevamento equino.<\/p>\n<h3>Perch\u00e9 scegliere uno stage Erasmus in Orticoltura?<\/h3>\n<p>Le ragioni sono molteplici e possono variare in base agli obiettivi professionali e personali di ciascuno studente. Ecco alcuni dei vantaggi di partecipare a uno stage Erasmus in Orticoltura:<\/p>\n<ul>\n<li><strong>Sviluppare competenze tecniche<\/strong>: l&#8217;orticoltura \u00e8 un settore che richiede conoscenze approfondite e una padronanza di tecniche specifiche. Lo stage Erasmus consente agli studenti di acquisire queste competenze, mettendole in pratica in un contesto professionale.<\/li>\n<li><strong>Vivere un&#8217;esperienza internazionale:<\/strong> svolgere uno stage all&#8217;estero \u00e8 un&#8217;opportunit\u00e0 unica per vivere un&#8217;esperienza interculturale, imparare o perfezionare una lingua straniera e scoprire nuove pratiche agricole.<\/li>\n<li><strong>Creare una rete professionale<\/strong>: essere in contatto con professionisti del settore consente di stringere legami e arricchire il proprio network, il che pu\u00f2 rivelarsi prezioso nella ricerca di un futuro impiego.<\/li>\n<li><strong>Valorizzare il proprio curriculum<\/strong>: uno stage Erasmus in Orticoltura dimostra ai selezionatori che sei in grado di adattarti a un nuovo ambiente e che possiedi competenze tecniche specifiche.<\/li>\n<\/ul>\n<h2>Come trovare uno stage Erasmus in Orticoltura?<\/h2>\n<p>Per accedere a uno stage Erasmus in Orticoltura, \u00e8 prima di tutto necessario informarsi presso il proprio istituto scolastico, che potr\u00e0 indirizzarti verso offerte di stage e organizzazioni partner. Ecco alcuni consigli per aumentare le tue probabilit\u00e0:<\/p>\n<h3>Cerca offerte di stage<\/h3>\n<p>Consulta regolarmente i siti web e i social media delle scuole, universit\u00e0 e organizzazioni agricole che offrono stage Erasmus in Orticoltura. Iscriviti a newsletter o attiva notifiche per essere informato sulle nuove offerte.<\/p>\n<h3>Mobilizza la tua rete<\/h3>\n<p>Parla del tuo progetto di stage Erasmus in Orticoltura con amici, familiari, insegnanti, ex studenti&#8230; Potrebbero essere a conoscenza di offerte di stage o metterti in contatto con professionisti del settore.<\/p>\n<h3>Redigi un curriculum vitae e una lettera di presentazione adatti<\/h3>\n<p><span style=\"font-weight: 400;\">Per candidarti a uno stage Erasmus in Orticoltura, \u00e8 essenziale curare la redazione del tuo curriculum vitae e della tua lettera di presentazione. Metti in evidenza le tue competenze tecniche e linguistiche, cos\u00ec come le esperienze professionali o associative che ti hanno permesso di sviluppare abilit\u00e0 utili in un contesto orticolo.<\/span>[\/vc_column_text][\/vc_column_inner][vc_column_inner width=&#8221;1\/12&#8243;][\/vc_column_inner][vc_column_inner width=&#8221;4\/12&#8243;][vc_single_image image=&#8221;18230&#8243; img_size=&#8221;400*400&#8243; alignment=&#8221;right&#8221; style=&#8221;vc_box_rounded&#8221;][vc_btn title=&#8221;Scoprire di pi\u00f9&#8221; style=&#8221;custom&#8221; custom_background=&#8221;#e20000&#8243; custom_text=&#8221;#ffffff&#8221; align=&#8221;center&#8221; link=&#8221;url:https%3A%2F%2Fespamob.com%2Fit%2Fcontacto-con-nuestro-equipo-de-movilidad%2F|title:Contacto|target:_blank&#8221;][\/vc_column_inner][\/vc_row_inner][vc_custom_heading text=&#8221;Come prepararsi allo stage Erasmus in Orticoltura?&#8221; font_container=&#8221;tag:h3|text_align:left&#8221; use_theme_fonts=&#8221;yes&#8221; css=&#8221;.vc_custom_1706017794525{margin-top: 20px !important;}&#8221;][vc_separator][vc_row_inner][vc_column_inner width=&#8221;7\/12&#8243;][vc_column_text]<\/p>\n<div>\n<div>\n<p><span lang=\"IT\">Una volta trovato lo stage, \u00e8 il momento di prepararti per vivere questa esperienza unica. Ecco alcuni consigli per affrontare bene il tuo stage Erasmus in Orticoltura:<\/span><\/p>\n<\/div>\n<\/div>\n<div>\n<div>\n<h3><span lang=\"IT\">Informarti sulle condizioni di lavoro e sul paese ospitante<\/span><\/h3>\n<p><span lang=\"IT\">Scopri gli orari di lavoro, i compiti che ti saranno assegnati e le condizioni di alloggio. \u00c8 anche importante familiarizzarsi con la cultura e le abitudini del paese ospitante, nonch\u00e9 imparare qualche parola della lingua locale.<\/span><\/p>\n<h3><span lang=\"IT\">Svolgere le pratiche amministrative necessarie<\/span><\/h3>\n<p><span lang=\"IT\">Verifica le formalit\u00e0 da seguire per ottenere un visto, un&#8217;assicurazione sanitaria e un permesso di lavoro se necessario. Iscriviti anche presso il consolato francese nel paese ospitante.<\/span><\/p>\n<h3><span lang=\"IT\">Preparare la partenza<\/span><\/h3>\n<p><span lang=\"IT\">Fai una lista delle cose da portare, tenendo conto delle condizioni climatiche e dei requisiti del tuo stage. Prevedi un budget per coprire le spese in loco (alloggio, cibo, trasporti&#8230;) e preparati a vivere lontano dalla tua famiglia e dai tuoi amici per diversi mesi.<\/span><\/p>\n<\/div>\n<\/div>\n<div>\n<div>\n<p><span lang=\"IT\">In sintesi, lo stage Erasmus in Orticoltura \u00e8 un&#8217;occasione unica per sviluppare competenze professionali e interculturali nel settore dell&#8217;agricoltura. Consente agli studenti di immergersi in un nuovo ambiente e di formarsi sulle tecniche specifiche dell&#8217;orticoltura. Quindi, non esitare pi\u00f9, lancia te stesso in questa avventura arricchente e formativa!<\/span><\/p>\n<\/div>\n<\/div>\n<p>[\/vc_column_text][\/vc_column_inner][vc_column_inner width=&#8221;1\/12&#8243;][\/vc_column_inner][vc_column_inner width=&#8221;4\/12&#8243;][vc_raw_html]JTNDZGl2JTIwc3R5bGUlM0QlMjJwYWRkaW5nJTNBJTIwMzBweCUzQmJhY2tncm91bmQtY29sb3IlM0ElMjAlMjNGNEY0RjQlM0IlMjIlM0UlMEElMjAlMjAlMjAlMjAlM0NoNCUzRVNjb3ByaSUyMHR1dHRpJTIwaSUyMHNldHRvcmklMjBkaSUyMHRpcm9jaW5pbyUzQyUyRmg0JTNFJTBBJTIwJTIwJTIwJTIwJTNDcCUzRUwlMjdFc3BhbW9iJTIwJUMzJUE4JTIwc3BlY2lhbGl6emF0byUyMG5lbGwlMjdhc3Npc3RlbnphJTIwYWklMjBncnVwcGklMjBwZXIlMjBsYSUyMG1vYmlsaXQlQzMlQTAlMjBFcmFzbXVzJTIwJTJCLiUyMFNjb3ByaXRlJTIwdHV0dGklMjBpJTIwc2V0dG9yaSUyMGRpJTIwdGlyb2NpbmlvJTIwRXJhc211cyUyMGluJTIwU3BhZ25hJTIwaW4lMjBwb2NoaSUyMGNsaWMuJTNDJTJGcCUzRSUwQSUyMCUyMCUyMCUyMCUzQ2ElMjBjbGFzcyUzRCUyMnZjX2dlbmVyYWwlMjB2Y19idG4zJTIwdmNfYnRuMy1zaXplLW1kJTIwdmNfYnRuMy1zaGFwZS1kZWZhdWx0JTIwdmNfYnRuMy1zdHlsZS1jdXN0b20lMjB3cGJfY3VzdG9tXzY2ODdiMjZmMzk0ODhkZGJiODVkZGIzYzFjZThlMTExJTIwYnRuJTIyJTIwc3R5bGUlM0QlMjJiYWNrZ3JvdW5kLWNvbG9yJTNBJTIzZTIwMDAwJTNCJTIwY29sb3IlM0ElMjNmZmZmZmYlM0IlMjBiYWNrZ3JvdW5kLWNvbG9yJTNBJTIzZTIwMDAwJTNCJTIwY29sb3IlM0ElMjNmZmZmZmYlM0IlMjIlMjBocmVmJTNEJTIyaHR0cHMlM0ElMkYlMkZ3d3cuZXNwYW1vYi5jb20lMkZpdCUyRnNldHRvcmktc3RhZ2UtYXppZW5kZS1lcmFzbXVzcGx1cyUyRiUyMiUyMHRpdGxlJTNEJTIyU2V0dG9yaSUyMGRpJTIwc3RhZ2UlMjIlMjB0YXJnZXQlM0QlMjJfYmxhbmslMjIlM0VTY29wcmlyZSUyMGklMjBzZXR0b3JpJTNDJTJGYSUzRSUwQSUzQyUyRmRpdiUzRQ==[\/vc_raw_html][\/vc_column_inner][\/vc_row_inner][\/vc_column][\/vc_row][vc_row full_width=&#8221;stretch_row&#8221; wrap_container=&#8221;yes&#8221; is_section=&#8221;yes&#8221; css=&#8221;.vc_custom_1706017861411{border-top-width: 0px !important;padding-top: 15px !important;padding-bottom: 15px !important;background-color: #f8f392 !important;}&#8221; conditional_render=&#8221;%5B%7B%22value_role%22%3A%22administrator%22%7D%5D&#8221;][vc_column][vc_row_inner css=&#8221;.vc_custom_1688548648248{background-color: #f8f392 !important;}&#8221;][vc_column_inner][vc_custom_heading text=&#8221;Richiedi un preventivo gratuito&#8221; font_container=&#8221;tag:h2|text_align:center&#8221; use_theme_fonts=&#8221;yes&#8221;][vc_column_text]<\/p>\n<p style=\"text-align: justify;\">Hai un\u2019idea per un progetto Erasmus+ in Spagna e cerchi un partner fidato che ti supporti? <strong>Espamob<\/strong>\u2019 \u00e8 qui per aiutarti! Ti offriamo un preventivo gratuito e senza impegno per aiutarti a gestire il tuo progetto di mobilit\u00e0. Grazie alla nostra competenza e alla nostra rete di aziende partner, siamo in grado di offrirvi un supporto personalizzato per soddisfare le vostre specifiche esigenze. Contattaci ora per discutere del tuo progetto e ottenere il tuo preventivo gratuito.<\/p>\n<p>[\/vc_column_text]<div id=\"modal-trg-txt-wrap-8092\" class=\"ult-modal-input-wrapper ult-adjust-bottom-margin    \" data-keypress-control=\"keypress-control-enable\" data-overlay-control=\"overlay-control-enable\"><style>\n\t\t\t\t\t.btn-modal.btn-id-69e798c44d14a0-36998373:hover {\n\t\t\t\t\t\tbackground-color: #e20000 !important;\n\t\t\t\t\t}\n\t\t\t\t\t<\/style><button  data-ultimate-target='#modal-trg-txt-wrap-8092 .btn-modal'  data-responsive-json-new='{\"font-size\":\"\",\"line-height\":\"\"}'  style=\"background:#888888;border-color:#888888;color:#ffffff; \" data-class-id=\"content-69e798c44d14a0-36998373\" class=\"btn-modal ult-responsive btn-primary btn-modal-md overlay-show ult-align-center btn-id-69e798c44d14a0-36998373\" data-overlay-class=\"overlay-cornerbottomleft\">RICHIEDI PREVENTIVO GRATUITO<\/button><\/div>\n<div class=\"ult-overlay content-69e798c44d14a0-36998373 \" data-class=\"content-69e798c44d14a0-36998373\" id=\"button-click-overlay\" style=\"background:rgba(51,51,51,0.8); display:none;\">\n\t<div class=\"ult_modal ult-fade ult-medium\">\n\t\t<div id=\"ult-modal-wrap-1419\" class=\"ult_modal-content ult-hide\" style=\"border-style:solid;border-width:2px;border-radius:0px;border-color:#333333;\">\n\t\t\t<div class=\"ult_modal-header\" style=\"color:#333333;border-color:#333333;\">\n\t\t\t\t<h3  data-ultimate-target='#ult-modal-wrap-1419 .ult_modal-title'  data-responsive-json-new='{\"font-size\":\"\",\"line-height\":\"\"}'  class=\"ult_modal-title ult-responsive\">RICHIEDI PREVENTIVO GRATUITO<\/h3>\n\t\t\t<\/div>\n\t\t\t<div  data-ultimate-target='#ult-modal-wrap-1419 .ult_modal-body'  data-responsive-json-new='{\"font-size\":\"\",\"line-height\":\"\"}'  class=\"ult_modal-body ult-responsive ult-html\" style=\"\">\n\t\t\t<\/p>\n<p>[caldera_form id=&#8221;CF61499d9470acd&#8221;]<\/p>\n<p>\n\t\t\t<\/div>\n\t<\/div>\n\t<\/div>\n\t<div class=\"ult-overlay-close top-right\" style=\"width:80px;height:80px; \"><div class=\"ult-overlay-close-inside\">Close<\/div><\/div>\n<\/div>[\/vc_column_inner][\/vc_row_inner][\/vc_column][\/vc_row][vc_row wrap_container=&#8221;yes&#8221; css=&#8221;.vc_custom_1689256499740{margin-top: 15px !important;}&#8221; conditional_render=&#8221;%5B%7B%22value_role%22%3A%22administrator%22%7D%5D&#8221;][vc_column][vc_custom_heading text=&#8221;Domande frequenti&#8221; font_container=&#8221;tag:h2|text_align:center|color:%23000000&#8243; use_theme_fonts=&#8221;yes&#8221;][vc_separator][vc_row_inner][vc_column_inner width=&#8221;7\/12&#8243;][vc_column_text]<\/p>\n<div>\n<div>\n<h3><span lang=\"IT\">Quali servizi offre Espamob per gli stage Erasmus nell&#8217;orticoltura? <\/span><\/h3>\n<p><span lang=\"IT\">Espamob fornisce una gestione completa dei progetti di mobilit\u00e0 Erasmus nell&#8217;orticoltura. Ci\u00f2 include assistenza nella creazione del progetto, ricerca di finanziamenti, accoglienza presso universit\u00e0 e aziende partner per gli stage, ricerca di alloggi in loco e trasferimento dall&#8217;aeroporto. <\/span><\/p>\n<h3><span lang=\"IT\">Come Espamob aiuta a trovare finanziamenti per gli stage Erasmus nell&#8217;orticoltura? <\/span><\/h3>\n<p><span lang=\"IT\">Espamob mette a disposizione dei gruppi informazioni e consigli per aiutarli a trovare finanziamenti per il loro stage Erasmus nell&#8217;orticoltura. L&#8217;agenzia pu\u00f2 anche indirizzarli verso organizzazioni o programmi di finanziamento adatti al loro progetto. <\/span><\/p>\n<h3><span lang=\"IT\">Come avviene l&#8217;accoglienza presso universit\u00e0 e aziende partner per gli stage Erasmus nell&#8217;orticoltura? <\/span><\/h3>\n<\/div>\n<\/div>\n<div><span lang=\"IT\">Espamob si occupa dell&#8217;organizzazione dell&#8217;accoglienza presso universit\u00e0 e aziende partner per gli stage Erasmus nell&#8217;orticoltura. L&#8217;agenzia facilita le pratiche amministrative, coordina con le istituzioni ospitanti e garantisce il corretto svolgimento del soggiorno dei gruppi.<\/span><\/div>\n<p>[\/vc_column_text][\/vc_column_inner][vc_column_inner width=&#8221;1\/12&#8243;][\/vc_column_inner][vc_column_inner width=&#8221;4\/12&#8243;][vc_single_image image=&#8221;15074&#8243; img_size=&#8221;full&#8221;][vc_column_text]<strong>Informazioni su diverse destinazioni Erasmus+ in Spagna: <\/strong><\/p>\n<ul>\n<li><a href=\"https:\/\/espamob.com\/it\/settori-stage-aziende-erasmusplus\/agricoltura-orticoltura\/stage-erasmus-produzione-animale\/\">Stage Erasmus Produzione animale<\/a><\/li>\n<li><a href=\"https:\/\/espamob.com\/it\/settori-stage-aziende-erasmusplus\/agricoltura-orticoltura\/stage-erasmus-produzione-vegetale\/\">Stage Erasmus Produzione vegetale<\/a><\/li>\n<li><a href=\"https:\/\/espamob.com\/it\/settori-stage-aziende-erasmusplus\/agricoltura-orticoltura\/stage-erasmus-fiorista\/\">Stage Erasmus Fiorista<\/a><\/li>\n<li><a href=\"https:\/\/espamob.com\/it\/settori-stage-aziende-erasmusplus\/agricoltura-orticoltura\/stage-erasmus-paesaggista\/\">Stage Erasmus Paesaggista<\/a><\/li>\n<li><a href=\"https:\/\/espamob.com\/it\/settori-stage-aziende-erasmusplus\/agricoltura-orticoltura\/stage-erasmus-meccanico\/\">Stage Erasmus Meccanico<\/a><\/li>\n<li><a href=\"https:\/\/espamob.com\/it\/settori-stage-aziende-erasmusplus\/agricoltura-orticoltura\/stage-erasmus-maniscalco\/\">Stage Erasmus Maniscalco<\/a><\/li>\n<li><a href=\"https:\/\/espamob.com\/it\/settori-stage-aziende-erasmusplus\/agricoltura-orticoltura\/stage-erasmus-palafreniere\/\">Stage Erasmus Palafreniere<\/a><\/li>\n<\/ul>\n<p>[\/vc_column_text][\/vc_column_inner][\/vc_row_inner][\/vc_column][\/vc_row]<\/p>\n<\/div>","protected":false},"excerpt":{"rendered":"<p>[vc_row css=&#8221;.vc_custom_1705948309161{margin-top: -20px !important;margin-bottom: 40px !important;background-image: url(https:\/\/espamob.com\/wp-content\/uploads\/2024\/01\/Jardineria.webp?id=22920) !important;}&#8221; conditional_render=&#8221;%5B%7B%22value_role%22%3A%22administrator%22%7D%5D&#8221;][vc_column css=&#8221;.vc_custom_1687965657482{padding-top: 30px !important;}&#8221; conditional_render=&#8221;%5B%7B%22value_role%22%3A%22administrator%22%7D%5D&#8221;][vc_empty_space height=&#8221;170&#8243;][vc_custom_heading text=&#8221;Stage Erasmus : Orticoltura&#8221; font_container=&#8221;tag:h1|font_size:27|text_align:center|color:%23ffffff&#8221; use_theme_fonts=&#8221;yes&#8221; css=&#8221;.vc_custom_1706017603739{margin-bottom: 15px !important;background-color: rgba(136,136,136,0.29) !important;*background-color: rgb(136,136,136) !important;}&#8221; animation_type=&#8221;zoomIn&#8221;][vc_empty_space height=&#8221;40&#8243;][\/vc_column][\/vc_row][vc_row wrap_container=&#8221;yes&#8221; text_align=&#8221;justify&#8221;][vc_column text_align=&#8221;justify&#8221;][vc_column_text] Home Settori di stage Mobilit\u00e0 nelle professioni agricole, paesaggistiche ed equine Tirocinio Erasmus: Orticoltura [\/vc_column_text][vc_custom_heading text=&#8221;Stage Erasmus Orticoltura: un&#8217;opportunit\u00e0 per gli studenti di<\/p>\n","protected":false},"author":2,"featured_media":0,"parent":12625,"menu_order":0,"comment_status":"closed","ping_status":"closed","template":"","meta":{"footnotes":""},"class_list":["post-22963","page","type-page","status-publish","hentry"],"_links":{"self":[{"href":"https:\/\/espamob.com\/it\/wp-json\/wp\/v2\/pages\/22963","targetHints":{"allow":["GET"]}}],"collection":[{"href":"https:\/\/espamob.com\/it\/wp-json\/wp\/v2\/pages"}],"about":[{"href":"https:\/\/espamob.com\/it\/wp-json\/wp\/v2\/types\/page"}],"author":[{"embeddable":true,"href":"https:\/\/espamob.com\/it\/wp-json\/wp\/v2\/users\/2"}],"replies":[{"embeddable":true,"href":"https:\/\/espamob.com\/it\/wp-json\/wp\/v2\/comments?post=22963"}],"version-history":[{"count":0,"href":"https:\/\/espamob.com\/it\/wp-json\/wp\/v2\/pages\/22963\/revisions"}],"up":[{"embeddable":true,"href":"https:\/\/espamob.com\/it\/wp-json\/wp\/v2\/pages\/12625"}],"wp:attachment":[{"href":"https:\/\/espamob.com\/it\/wp-json\/wp\/v2\/media?parent=22963"}],"curies":[{"name":"wp","href":"https:\/\/api.w.org\/{rel}","templated":true}]}}