{"id":22959,"date":"2023-08-22T00:00:00","date_gmt":"2023-08-22T00:00:00","guid":{"rendered":"https:\/\/www.espamob.com\/settori-stage-aziende-erasmusplus\/agricoltura-orticoltura\/stage-erasmus-production-vegetale\/"},"modified":"2024-01-24T10:06:09","modified_gmt":"2024-01-24T10:06:09","slug":"stage-erasmus-produzione-vegetale","status":"publish","type":"page","link":"https:\/\/espamob.com\/it\/settori-stage-aziende-erasmusplus\/agricoltura-orticoltura\/stage-erasmus-produzione-vegetale\/","title":{"rendered":"Stage Erasmus : Production v\u00e9g\u00e9tale"},"content":{"rendered":"<div class=\"wpb-content-wrapper\"><p>[vc_row css=&#8221;.vc_custom_1705948274239{margin-top: -20px !important;margin-bottom: 40px !important;background-image: url(https:\/\/espamob.com\/wp-content\/uploads\/2024\/01\/Produccion-de-cultivos.webp?id=22925) !important;}&#8221; conditional_render=&#8221;%5B%7B%22value_role%22%3A%22administrator%22%7D%5D&#8221;][vc_column css=&#8221;.vc_custom_1687965657482{padding-top: 30px !important;}&#8221; conditional_render=&#8221;%5B%7B%22value_role%22%3A%22administrator%22%7D%5D&#8221;][vc_empty_space height=&#8221;170&#8243;][vc_custom_heading text=&#8221;Stage Erasmus : Produzione vegetale&#8221; font_container=&#8221;tag:h1|font_size:27|text_align:center|color:%23ffffff&#8221; use_theme_fonts=&#8221;yes&#8221; css=&#8221;.vc_custom_1706016989916{margin-bottom: 15px !important;background-color: rgba(136,136,136,0.29) !important;*background-color: rgb(136,136,136) !important;}&#8221; animation_type=&#8221;zoomIn&#8221;][vc_empty_space height=&#8221;40&#8243;][\/vc_column][\/vc_row][vc_row wrap_container=&#8221;yes&#8221; text_align=&#8221;justify&#8221;][vc_column text_align=&#8221;justify&#8221;][vc_column_text]<\/p>\n<nav aria-label=\"breadcrumb\">\n<ol class=\"breadcrumb\">\n<li class=\"breadcrumb-item\"><a href=\"https:\/\/espamob.com\/it\">Home<\/a><\/li>\n<li class=\"breadcrumb-item\"><a href=\"https:\/\/espamob.com\/it\/settori-stage-aziende-erasmusplus\">Settori di stage<\/a><\/li>\n<li class=\"breadcrumb-item active\" aria-current=\"page\"><a href=\"https:\/\/espamob.com\/it\/settori-stage-aziende-erasmusplus\/agricoltura-orticoltura\/\">Mobilit\u00e0 nelle professioni agricole, paesaggistiche ed equine<\/a><\/li>\n<li class=\"breadcrumb-item active\" aria-current=\"page\">Tirocinio Erasmus: Produzione vegetale<\/li>\n<\/ol>\n<\/nav>\n<p>[\/vc_column_text][vc_custom_heading text=&#8221;Approfitta di un&#8217;esperienza unica con lo stage Erasmus in Produzione vegetale&#8221; use_theme_fonts=&#8221;yes&#8221; css=&#8221;.vc_custom_1706017033380{margin-top: 20px !important;}&#8221;][vc_separator][vc_row_inner][vc_column_inner width=&#8221;7\/12&#8243;][vc_column_text]Lo <strong>stage Erasmus in Produzione vegetale<\/strong> \u00e8 un&#8217;opportunit\u00e0 imperdibile per gli studenti che desiderano specializzarsi nel campo dell&#8217;agricoltura e del paesaggismo. Grazie a questo programma europeo, avrai la possibilit\u00e0 di acquisire nuove competenze professionali ed espandere la tua rete lavorando all&#8217;estero.<\/p>\n<h2>Scopri i settori chiave della produzione vegetale<\/h2>\n<p>Il mondo della produzione vegetale comprende diversi settori che contribuiscono tutti allo sviluppo e alla crescita delle piante. Tra questi settori troviamo:<\/p>\n<ul>\n<li><strong>Agronomia<\/strong>: studio delle tecniche e dei metodi per ottimizzare la crescita delle piante preservando l&#8217;ambiente;<\/li>\n<li><strong>Protezione delle colture<\/strong>: lotta contro vari parassiti e malattie che possono danneggiare le piante;<\/li>\n<li><strong>Selezione vegetale<\/strong>: creazione di nuove variet\u00e0 di piante pi\u00f9 resistenti e produttive attraverso la genetica;<\/li>\n<li><strong>Architettura del paesaggio<\/strong>: progettazione e realizzazione di progetti volti a migliorare l&#8217;aspetto estetico e funzionale di uno spazio verde.<\/li>\n<\/ul>\n<h2>I vantaggi dello stage Erasmus in Produzione vegetale<\/h2>\n<p>Scegliendo di svolgere uno stage Erasmus nel campo della produzione vegetale, gli studenti godono di numerosi vantaggi:<\/p>\n<ol>\n<li><strong>Acquisizione di esperienza professionale<\/strong> all&#8217;estero, migliorando cos\u00ec le prospettive di carriera;<\/li>\n<li><strong>Sviluppo delle competenze linguistiche<\/strong> praticando una lingua straniera quotidianamente, sia nel contesto lavorativo che personale;<\/li>\n<li><strong>Scoperta di una nuova cultura<\/strong> e adattamento a un ambiente diverso, promuovendo apertura mentale e maturit\u00e0;<\/li>\n<li><strong>Beneficio di una borsa di studio Erasmus+<\/strong>, che contribuisce a finanziare il soggiorno all&#8217;estero agevolando l&#8217;accesso a questa esperienza unica.<\/li>\n<\/ol>\n<h2>Come trovare uno stage Erasmus in Produzione vegetale?<\/h2>\n<p>Per ottenere uno stage Erasmus, \u00e8 essenziale <strong>prepararsi in anticipo<\/strong> e seguire alcune fasi:<\/p>\n<ul>\n<li>Informarsi sulle condizioni e modalit\u00e0 del programma Erasmus+ presso la propria istituzione di istruzione superiore;<\/li>\n<li>Effettuare ricerche per identificare aziende e organizzazioni che potrebbero accogliere stagisti Erasmus nel campo della produzione vegetale;<\/li>\n<li>Redigere un curriculum vitae e una lettera di presentazione adatti all&#8217;azienda e alla posizione desiderata, evidenziando competenze in materia di produzione vegetale e punti di forza come studente Erasmus;<\/li>\n<li>Inviare la candidatura alle aziende selezionate e prepararsi a un eventuale colloquio, anche familiarizzando con la lingua del paese ospitante.<\/li>\n<\/ul>\n<h3>Suggerimento:<\/h3>\n<p>Per massimizzare le possibilit\u00e0 di successo, non esitare a chiedere aiuto alla tua scuola o universit\u00e0, che spesso ha contatti privilegiati con aziende partner nel contesto del programma Erasmus+.[\/vc_column_text][\/vc_column_inner][vc_column_inner width=&#8221;1\/12&#8243;][\/vc_column_inner][vc_column_inner width=&#8221;4\/12&#8243;][vc_single_image image=&#8221;18300&#8243; img_size=&#8221;400*400&#8243; alignment=&#8221;right&#8221; style=&#8221;vc_box_rounded&#8221;][vc_btn title=&#8221;Scoprire di pi\u00f9&#8221; style=&#8221;custom&#8221; custom_background=&#8221;#e20000&#8243; custom_text=&#8221;#ffffff&#8221; align=&#8221;center&#8221; link=&#8221;url:https%3A%2F%2Fespamob.com%2Fit%2Fcontacto-con-nuestro-equipo-de-movilidad%2F|title:Contacto|target:_blank&#8221;][\/vc_column_inner][\/vc_row_inner][vc_custom_heading text=&#8221;Competenze chiave per avere successo in uno stage in Produzione vegetale&#8221; font_container=&#8221;tag:h3|text_align:left&#8221; use_theme_fonts=&#8221;yes&#8221; css=&#8221;.vc_custom_1706017209538{margin-top: 20px !important;}&#8221;][vc_separator][vc_row_inner][vc_column_inner width=&#8221;7\/12&#8243;][vc_column_text]Per trarre pieno vantaggio da questa esperienza all&#8217;estero, \u00e8 necessario sviluppare alcune competenze fondamentali nel settore della produzione vegetale:<\/p>\n<ul>\n<li><strong>Conoscenze tecniche<\/strong>: padronanza dei principali concetti e metodi legati alla crescita delle piante, alla loro protezione e al loro miglioramento;<\/li>\n<li><strong>Capacit\u00e0 di adattamento<\/strong>: essere in grado di integrarsi rapidamente in una nuova azienda, un nuovo paese e una nuova cultura;<\/li>\n<li><strong>Spirito d&#8217;iniziativa<\/strong>: saper prendere decisioni pertinenti e proporre soluzioni innovative ai problemi incontrati;<\/li>\n<li><strong>Comunicazione interpersonale<\/strong>: capacit\u00e0 di lavorare in team e interagire efficacemente con colleghi di diverse nazionalit\u00e0 e culture.<\/li>\n<\/ul>\n<h2>Prospettive di lavoro dopo uno stage Erasmus in Produzione vegetale<\/h2>\n<p>Una volta terminato lo stage Erasmus, gli studenti di solito hanno migliori opportunit\u00e0 professionali grazie all&#8217;esperienza internazionale e alle competenze acquisite. Tra le possibili carriere nel campo della produzione vegetale, troviamo:<\/p>\n<ul>\n<li>Agronomo;<\/li>\n<li>Ingegnere nella protezione delle colture;<\/li>\n<li>Project manager nell&#8217;architettura del paesaggio;<\/li>\n<li>Responsabile della produzione in orticoltura.<\/li>\n<\/ul>\n<p>In sintesi, svolgere uno stage Erasmus in Produzione vegetale \u00e8 un ottimo modo per arricchire il proprio percorso accademico e professionale godendo di un&#8217;esperienza unica all&#8217;estero. Non esitare a informarti su questo programma e a presentare la tua candidatura per dare una spinta alla tua carriera nel settore della produzione vegetale.[\/vc_column_text][\/vc_column_inner][vc_column_inner width=&#8221;1\/12&#8243;][\/vc_column_inner][vc_column_inner width=&#8221;4\/12&#8243;][vc_raw_html]JTNDZGl2JTIwc3R5bGUlM0QlMjJwYWRkaW5nJTNBJTIwMzBweCUzQmJhY2tncm91bmQtY29sb3IlM0ElMjAlMjNGNEY0RjQlM0IlMjIlM0UlMEElMjAlMjAlMjAlMjAlM0NoNCUzRVNjb3ByaSUyMHR1dHRpJTIwaSUyMHNldHRvcmklMjBkaSUyMHRpcm9jaW5pbyUzQyUyRmg0JTNFJTBBJTIwJTIwJTIwJTIwJTNDcCUzRUwlMjdFc3BhbW9iJTIwJUMzJUE4JTIwc3BlY2lhbGl6emF0byUyMG5lbGwlMjdhc3Npc3RlbnphJTIwYWklMjBncnVwcGklMjBwZXIlMjBsYSUyMG1vYmlsaXQlQzMlQTAlMjBFcmFzbXVzJTIwJTJCLiUyMFNjb3ByaXRlJTIwdHV0dGklMjBpJTIwc2V0dG9yaSUyMGRpJTIwdGlyb2NpbmlvJTIwRXJhc211cyUyMGluJTIwU3BhZ25hJTIwaW4lMjBwb2NoaSUyMGNsaWMuJTNDJTJGcCUzRSUwQSUyMCUyMCUyMCUyMCUzQ2ElMjBjbGFzcyUzRCUyMnZjX2dlbmVyYWwlMjB2Y19idG4zJTIwdmNfYnRuMy1zaXplLW1kJTIwdmNfYnRuMy1zaGFwZS1kZWZhdWx0JTIwdmNfYnRuMy1zdHlsZS1jdXN0b20lMjB3cGJfY3VzdG9tXzY2ODdiMjZmMzk0ODhkZGJiODVkZGIzYzFjZThlMTExJTIwYnRuJTIyJTIwc3R5bGUlM0QlMjJiYWNrZ3JvdW5kLWNvbG9yJTNBJTIzZTIwMDAwJTNCJTIwY29sb3IlM0ElMjNmZmZmZmYlM0IlMjBiYWNrZ3JvdW5kLWNvbG9yJTNBJTIzZTIwMDAwJTNCJTIwY29sb3IlM0ElMjNmZmZmZmYlM0IlMjIlMjBocmVmJTNEJTIyaHR0cHMlM0ElMkYlMkZ3d3cuZXNwYW1vYi5jb20lMkZpdCUyRnNldHRvcmktc3RhZ2UtYXppZW5kZS1lcmFzbXVzcGx1cyUyRiUyMiUyMHRpdGxlJTNEJTIyU2V0dG9yaSUyMGRpJTIwc3RhZ2UlMjIlMjB0YXJnZXQlM0QlMjJfYmxhbmslMjIlM0VTY29wcmlyZSUyMGklMjBzZXR0b3JpJTNDJTJGYSUzRSUwQSUzQyUyRmRpdiUzRQ==[\/vc_raw_html][\/vc_column_inner][\/vc_row_inner][\/vc_column][\/vc_row][vc_row full_width=&#8221;stretch_row&#8221; wrap_container=&#8221;yes&#8221; is_section=&#8221;yes&#8221; css=&#8221;.vc_custom_1706017367946{border-top-width: 0px !important;padding-top: 15px !important;padding-bottom: 15px !important;background-color: #f8f392 !important;}&#8221; conditional_render=&#8221;%5B%7B%22value_role%22%3A%22administrator%22%7D%5D&#8221;][vc_column][vc_row_inner css=&#8221;.vc_custom_1688548648248{background-color: #f8f392 !important;}&#8221;][vc_column_inner][vc_custom_heading text=&#8221;Richiedi un preventivo gratuito&#8221; font_container=&#8221;tag:h2|text_align:center&#8221; use_theme_fonts=&#8221;yes&#8221;][vc_column_text]<\/p>\n<p style=\"text-align: justify;\">Hai un\u2019idea per un progetto Erasmus+ in Spagna e cerchi un partner fidato che ti supporti? <strong>Espamob<\/strong>\u2019 \u00e8 qui per aiutarti! Ti offriamo un preventivo gratuito e senza impegno per aiutarti a gestire il tuo progetto di mobilit\u00e0. Grazie alla nostra competenza e alla nostra rete di aziende partner, siamo in grado di offrirvi un supporto personalizzato per soddisfare le vostre specifiche esigenze. Contattaci ora per discutere del tuo progetto e ottenere il tuo preventivo gratuito.<\/p>\n<p>[\/vc_column_text]<div id=\"modal-trg-txt-wrap-3183\" class=\"ult-modal-input-wrapper ult-adjust-bottom-margin    \" data-keypress-control=\"keypress-control-enable\" data-overlay-control=\"overlay-control-enable\"><style>\n\t\t\t\t\t.btn-modal.btn-id-69e7922883b945-38777649:hover {\n\t\t\t\t\t\tbackground-color: #e20000 !important;\n\t\t\t\t\t}\n\t\t\t\t\t<\/style><button  data-ultimate-target='#modal-trg-txt-wrap-3183 .btn-modal'  data-responsive-json-new='{\"font-size\":\"\",\"line-height\":\"\"}'  style=\"background:#888888;border-color:#888888;color:#ffffff; \" data-class-id=\"content-69e7922883b945-38777649\" class=\"btn-modal ult-responsive btn-primary btn-modal-md overlay-show ult-align-center btn-id-69e7922883b945-38777649\" data-overlay-class=\"overlay-cornerbottomleft\">RICHIEDI PREVENTIVO GRATUITO<\/button><\/div>\n<div class=\"ult-overlay content-69e7922883b945-38777649 \" data-class=\"content-69e7922883b945-38777649\" id=\"button-click-overlay\" style=\"background:rgba(51,51,51,0.8); display:none;\">\n\t<div class=\"ult_modal ult-fade ult-medium\">\n\t\t<div id=\"ult-modal-wrap-9125\" class=\"ult_modal-content ult-hide\" style=\"border-style:solid;border-width:2px;border-radius:0px;border-color:#333333;\">\n\t\t\t<div class=\"ult_modal-header\" style=\"color:#333333;border-color:#333333;\">\n\t\t\t\t<h3  data-ultimate-target='#ult-modal-wrap-9125 .ult_modal-title'  data-responsive-json-new='{\"font-size\":\"\",\"line-height\":\"\"}'  class=\"ult_modal-title ult-responsive\">RICHIEDI PREVENTIVO GRATUITO<\/h3>\n\t\t\t<\/div>\n\t\t\t<div  data-ultimate-target='#ult-modal-wrap-9125 .ult_modal-body'  data-responsive-json-new='{\"font-size\":\"\",\"line-height\":\"\"}'  class=\"ult_modal-body ult-responsive ult-html\" style=\"\">\n\t\t\t<\/p>\n<p>[caldera_form id=&#8221;CF61499d9470acd&#8221;]<\/p>\n<p>\n\t\t\t<\/div>\n\t<\/div>\n\t<\/div>\n\t<div class=\"ult-overlay-close top-right\" style=\"width:80px;height:80px; \"><div class=\"ult-overlay-close-inside\">Close<\/div><\/div>\n<\/div>[\/vc_column_inner][\/vc_row_inner][\/vc_column][\/vc_row][vc_row wrap_container=&#8221;yes&#8221; css=&#8221;.vc_custom_1689256499740{margin-top: 15px !important;}&#8221; conditional_render=&#8221;%5B%7B%22value_role%22%3A%22administrator%22%7D%5D&#8221;][vc_column][vc_custom_heading text=&#8221;Domande frecuenti&#8221; font_container=&#8221;tag:h2|text_align:center|color:%23000000&#8243; use_theme_fonts=&#8221;yes&#8221;][vc_separator][vc_row_inner][vc_column_inner width=&#8221;7\/12&#8243;][vc_column_text]<\/p>\n<div>\n<div>\n<h3><span lang=\"IT\">Quali sono i vantaggi di scegliere Espamob per svolgere uno stage Erasmus nel campo della produzione vegetale? <\/span><\/h3>\n<p><span lang=\"IT\">Scegliendo Espamob per il tuo stage Erasmus nel settore della produzione vegetale, beneficerai dell&#8217;esperienza di un&#8217;agenzia specializzata nell&#8217;accompagnamento di gruppi in mobilit\u00e0. Espamob ti assister\u00e0 nella creazione del tuo progetto specifico per la produzione vegetale, fornendoti consigli e risorse adattati alle tue esigenze. Inoltre, Espamob dispone di una rete di partner universitari e aziende nel settore della produzione vegetale in Spagna, consentendoti di godere di un&#8217;accoglienza di qualit\u00e0 e di stage pertinenti. <\/span><\/p>\n<h3><span lang=\"IT\">Come Espamob ti aiuta a trovare finanziamenti per il tuo stage Erasmus nella produzione vegetale? <\/span><\/h3>\n<p><span lang=\"IT\">Espamob ti accompagna nella ricerca di finanziamenti per il tuo stage Erasmus nella produzione vegetale. L&#8217;agenzia ti fornir\u00e0 informazioni su diverse possibilit\u00e0 di finanziamento disponibili, come le borse Erasmus+ o altre fonti di finanziamento esterne. Espamob pu\u00f2 anche aiutarti a redigere richieste di finanziamento e a compilare un dossier solido per aumentare le tue possibilit\u00e0 di successo. <\/span><\/p>\n<h3><span lang=\"IT\">Come Espamob facilita il tuo soggiorno in Spagna durante il tuo stage Erasmus nella produzione vegetale? <\/span><\/h3>\n<\/div>\n<\/div>\n<div><span class=\"Fuentedeprrafopredeter\"><span lang=\"IT\">Espamob semplifica il tuo soggiorno in Spagna gestendo l&#8217;organizzazione logistica della tua mobilit\u00e0. L&#8217;agenzia si occupa di trovare alloggi adatti alle tue esigenze e al tuo budget, sia in residenze universitarie che in appartamenti. Inoltre, Espamob si occupa del trasferimento dall&#8217;aeroporto al tuo luogo di alloggio. Durante il tuo soggiorno, l&#8217;agenzia resta a tua disposizione per qualsiasi domanda o problema, garantendoti un soggiorno piacevole e senza preoccupazioni.<\/span><\/span><\/div>\n<p>[\/vc_column_text][\/vc_column_inner][vc_column_inner width=&#8221;1\/12&#8243;][\/vc_column_inner][vc_column_inner width=&#8221;4\/12&#8243;][vc_single_image image=&#8221;15074&#8243; img_size=&#8221;full&#8221;][vc_column_text]<strong>Informazioni su diverse destinazioni Erasmus+ in Spagna: <\/strong><\/p>\n<ul>\n<li><a href=\"https:\/\/espamob.com\/it\/settori-stage-aziende-erasmusplus\/agricoltura-orticoltura\/stage-erasmus-produzione-animale\/\">Stage Erasmus Produzione animale<\/a><\/li>\n<li><a href=\"https:\/\/espamob.com\/it\/settori-stage-aziende-erasmusplus\/agricoltura-orticoltura\/stage-erasmus-orticoltura\/\">Stage Erasmus Orticoltura<\/a><\/li>\n<li><a href=\"https:\/\/espamob.com\/it\/settori-stage-aziende-erasmusplus\/agricoltura-orticoltura\/stage-erasmus-fiorista\/\">Stage Erasmus Fiorista<\/a><\/li>\n<li><a href=\"https:\/\/espamob.com\/it\/settori-stage-aziende-erasmusplus\/agricoltura-orticoltura\/stage-erasmus-paesaggista\/\">Stage Erasmus Paesaggista<\/a><\/li>\n<li><a href=\"https:\/\/espamob.com\/it\/settori-stage-aziende-erasmusplus\/agricoltura-orticoltura\/stage-erasmus-meccanico\/\">Stage Erasmus Meccanico<\/a><\/li>\n<li><a href=\"https:\/\/espamob.com\/it\/settori-stage-aziende-erasmusplus\/agricoltura-orticoltura\/stage-erasmus-maniscalco\/\">Stage Erasmus Maniscalco<\/a><\/li>\n<li><a href=\"https:\/\/espamob.com\/it\/settori-stage-aziende-erasmusplus\/agricoltura-orticoltura\/stage-erasmus-palafreniere\/\">Stage Erasmus Palafreniere<\/a><\/li>\n<\/ul>\n<p>[\/vc_column_text][\/vc_column_inner][\/vc_row_inner][\/vc_column][\/vc_row]<\/p>\n<\/div>","protected":false},"excerpt":{"rendered":"<p>[vc_row css=&#8221;.vc_custom_1705948274239{margin-top: -20px !important;margin-bottom: 40px !important;background-image: url(https:\/\/espamob.com\/wp-content\/uploads\/2024\/01\/Produccion-de-cultivos.webp?id=22925) !important;}&#8221; conditional_render=&#8221;%5B%7B%22value_role%22%3A%22administrator%22%7D%5D&#8221;][vc_column css=&#8221;.vc_custom_1687965657482{padding-top: 30px !important;}&#8221; conditional_render=&#8221;%5B%7B%22value_role%22%3A%22administrator%22%7D%5D&#8221;][vc_empty_space height=&#8221;170&#8243;][vc_custom_heading text=&#8221;Stage Erasmus : Produzione vegetale&#8221; font_container=&#8221;tag:h1|font_size:27|text_align:center|color:%23ffffff&#8221; use_theme_fonts=&#8221;yes&#8221; css=&#8221;.vc_custom_1706016989916{margin-bottom: 15px !important;background-color: rgba(136,136,136,0.29) !important;*background-color: rgb(136,136,136) !important;}&#8221; animation_type=&#8221;zoomIn&#8221;][vc_empty_space height=&#8221;40&#8243;][\/vc_column][\/vc_row][vc_row wrap_container=&#8221;yes&#8221; text_align=&#8221;justify&#8221;][vc_column text_align=&#8221;justify&#8221;][vc_column_text] Home Settori di stage Mobilit\u00e0 nelle professioni agricole, paesaggistiche ed equine Tirocinio Erasmus: Produzione vegetale [\/vc_column_text][vc_custom_heading text=&#8221;Approfitta di un&#8217;esperienza unica con lo<\/p>\n","protected":false},"author":2,"featured_media":0,"parent":12625,"menu_order":0,"comment_status":"closed","ping_status":"closed","template":"","meta":{"footnotes":""},"class_list":["post-22959","page","type-page","status-publish","hentry"],"_links":{"self":[{"href":"https:\/\/espamob.com\/it\/wp-json\/wp\/v2\/pages\/22959","targetHints":{"allow":["GET"]}}],"collection":[{"href":"https:\/\/espamob.com\/it\/wp-json\/wp\/v2\/pages"}],"about":[{"href":"https:\/\/espamob.com\/it\/wp-json\/wp\/v2\/types\/page"}],"author":[{"embeddable":true,"href":"https:\/\/espamob.com\/it\/wp-json\/wp\/v2\/users\/2"}],"replies":[{"embeddable":true,"href":"https:\/\/espamob.com\/it\/wp-json\/wp\/v2\/comments?post=22959"}],"version-history":[{"count":0,"href":"https:\/\/espamob.com\/it\/wp-json\/wp\/v2\/pages\/22959\/revisions"}],"up":[{"embeddable":true,"href":"https:\/\/espamob.com\/it\/wp-json\/wp\/v2\/pages\/12625"}],"wp:attachment":[{"href":"https:\/\/espamob.com\/it\/wp-json\/wp\/v2\/media?parent=22959"}],"curies":[{"name":"wp","href":"https:\/\/api.w.org\/{rel}","templated":true}]}}