{"id":22764,"date":"2023-08-18T00:00:00","date_gmt":"2023-08-18T00:00:00","guid":{"rendered":"https:\/\/www.espamob.com\/settori-stage-aziende-erasmusplus\/servizio-alla-persona\/stage-erasmus-petite-enfance\/"},"modified":"2024-07-01T14:22:43","modified_gmt":"2024-07-01T14:22:43","slug":"stage-erasmus-infanzia","status":"publish","type":"page","link":"https:\/\/espamob.com\/it\/settori-stage-aziende-erasmusplus\/servizio-alla-persona\/stage-erasmus-infanzia\/","title":{"rendered":"Stage Erasmus : Petite enfance"},"content":{"rendered":"<div class=\"wpb-content-wrapper\"><p>[vc_row css=&#8221;.vc_custom_1705342961713{margin-top: -20px !important;margin-bottom: 40px !important;background-image: url(https:\/\/espamob.com\/wp-content\/uploads\/2024\/01\/Primera-infancia.webp?id=22746) !important;}&#8221; conditional_render=&#8221;%5B%7B%22value_role%22%3A%22administrator%22%7D%5D&#8221;][vc_column css=&#8221;.vc_custom_1687965657482{padding-top: 30px !important;}&#8221; conditional_render=&#8221;%5B%7B%22value_role%22%3A%22administrator%22%7D%5D&#8221;][vc_empty_space height=&#8221;170&#8243;][vc_custom_heading text=&#8221;Stage Erasmus: Infanzia&#8221; font_container=&#8221;tag:h1|font_size:27|text_align:center|color:%23ffffff&#8221; use_theme_fonts=&#8221;yes&#8221; css=&#8221;.vc_custom_1705494295630{margin-bottom: 15px !important;background-color: rgba(136,136,136,0.29) !important;*background-color: rgb(136,136,136) !important;}&#8221; animation_type=&#8221;zoomIn&#8221;][vc_empty_space height=&#8221;40&#8243;][\/vc_column][\/vc_row][vc_row wrap_container=&#8221;yes&#8221; text_align=&#8221;justify&#8221;][vc_column text_align=&#8221;justify&#8221;][vc_column_text]<\/p>\n<nav aria-label=\"breadcrumb\">\n<ol class=\"breadcrumb\">\n<li class=\"breadcrumb-item\"><a href=\"https:\/\/espamob.com\/it\">Home<\/a><\/li>\n<li class=\"breadcrumb-item\"><a href=\"https:\/\/espamob.com\/it\/settori-stage-aziende-erasmusplus\">Settori di stage<\/a><\/li>\n<li class=\"breadcrumb-item active\" aria-current=\"page\"><a href=\"https:\/\/espamob.com\/it\/settori-stage-aziende-erasmusplus\/servizio-alla-persona\/\">Mobilit\u00e0 nel settore dei servizi alla persona<\/a><\/li>\n<li class=\"breadcrumb-item active\" aria-current=\"page\">Tirocinio Erasmus: <span lang=\"IT\">Infanzia<\/span><\/li>\n<\/ol>\n<\/nav>\n<p>[\/vc_column_text][vc_custom_heading text=&#8221;Tirocinio Erasmus in Asilo nido: Scambio e Apprendimento per i Futuri Professionisti<\/p>\n<p>&#8221; use_theme_fonts=&#8221;yes&#8221; css=&#8221;.vc_custom_1719843241490{margin-top: 20px !important;}&#8221;][vc_separator][vc_row_inner][vc_column_inner width=&#8221;7\/12&#8243;][vc_column_text]<span lang=\"IT\">Il settore dell\u2019asilo nido \u00e8 in continua trasformazione, richiedendo ai professionisti un adattamento costante ai nuovi metodi pedagogici e ai bisogni sempre mutevoli dei bambini. Un tirocinio Erasmus in asilo nido rappresenta un\u2019opportunit\u00e0 inestimabile per sviluppare le proprie competenze e acquisire un\u2019esperienza internazionale.<\/span><\/p>\n<h2><span lang=\"IT\">Cos\u2019\u00e8 il tirocinio Erasmus in asilo nido?<\/span><\/h2>\n<p><span lang=\"IT\">Il tirocinio Erasmus in asilo nido \u00e8 un\u2019opportunit\u00e0 offerta dal programma Erasmus+ dell\u2019Unione Europea, volta ad arricchire le competenze dei professionisti e degli studenti nel campo dell\u2019educazione e della cura dei bambini piccoli. Questo tirocinio permette ai partecipanti di vivere un\u2019esperienza lavorativa all\u2019estero, presso istituzioni specializzate, come asili nido, scuole materne e altre strutture educative.<\/span><\/p>\n<h3><span lang=\"IT\">Gli obiettivi del tirocinio Erasmus in asili nidi<\/span><\/h3>\n<p><span lang=\"IT\">I principali obiettivi di questo tirocinio Erasmus sono:<\/span><\/p>\n<ul>\n<li>Promuovere lo scambio di buone pratiche tra i professionisti<\/li>\n<li>Rafforzare la cooperazione transnazionale nel campo dell\u2019educazione precoce.<\/li>\n<li>Scoprire nuovi approcci pedagogici e familiarizzarsi con nuove metodologie.<\/li>\n<li>Immergersi in ambienti educativi diversificati.<\/li>\n<\/ul>\n<h3><span lang=\"IT\">Finanziamento del tirocinio Erasmus<\/span><\/h3>\n<p><span lang=\"IT\">Il budget per un tirocinio Erasmus \u00e8 finanziato dal programma Erasmus+. La borsa assegnata alle istituzioni pu\u00f2 variare in base a diversi fattori, come il paese di origine, il paese di destinazione e la durata della mobilit\u00e0. Sono le stesse istituzioni a presentare le domande di borsa per i loro progetti, al fine di coprire i costi associati<\/span>[\/vc_column_text][\/vc_column_inner][vc_column_inner width=&#8221;1\/12&#8243;][\/vc_column_inner][vc_column_inner width=&#8221;4\/12&#8243;][vc_single_image image=&#8221;18280&#8243; img_size=&#8221;400*400&#8243; alignment=&#8221;right&#8221; style=&#8221;vc_box_rounded&#8221;][vc_btn title=&#8221;Scoprire di pi\u00f9&#8221; style=&#8221;custom&#8221; custom_background=&#8221;#e20000&#8243; custom_text=&#8221;#ffffff&#8221; align=&#8221;center&#8221; link=&#8221;url:https%3A%2F%2Fespamob.com%2Fit%2Fcontacto-con-nuestro-equipo-de-movilidad%2F|title:Contacto|target:_blank&#8221;][vc_video link=&#8221;https:\/\/www.youtube.com\/watch?v=zXcmpSY-iHo&#8221; align=&#8221;center&#8221;][\/vc_column_inner][\/vc_row_inner][vc_custom_heading text=&#8221;Testimonianza di esperienza &#8211; Tirocinio Erasmus in un asilo nido<\/p>\n<p>&#8221; font_container=&#8221;tag:h3|text_align:left&#8221; use_theme_fonts=&#8221;yes&#8221; css=&#8221;.vc_custom_1719843546563{margin-top: 20px !important;}&#8221;][vc_separator][vc_row_inner][vc_column_inner width=&#8221;7\/12&#8243;][vc_column_text]<span lang=\"IT\">Per illustrare le opportunit\u00e0 offerte da un tirocinio Erasmus+ in Spagna, presentiamo la testimonianza di tre apprendiste francese:<\/span><\/p>\n<h3><span lang=\"IT\">Profilo delle studentesse<\/span><\/h3>\n<p><span lang=\"IT\">Incontriamo Oc\u00e9ane, Louise e Ma\u00eblysse, tutte e tre apprendiste in un corso di laurea professionale in Servizi alle Persone e ai Territori (SAPAT). Dinamiche e appassionate del lavoro con i bambini, hanno svolto un tirocinio in una scuola materna. Ecco una panoramica della loro esperienza:<\/span><\/p>\n<h3><span lang=\"IT\">Destinazione del tirocinio<\/span><\/h3>\n<p><span lang=\"IT\">A Barcellona, il team di Espamob ha collocato queste apprendiste in una scuola materna per due settimane. Questa scuola era pronta ad accoglierle con l\u2019obiettivo di insegnare loro le pratiche pedagogiche della Spagna.<\/span><\/p>\n<h3><span lang=\"IT\">Compiti durante il tirocinio<\/span><\/h3>\n<ul>\n<li>Aiutare gli insegnanti nella preparazione e organizzazione delle attivit\u00e0 didattiche.<\/li>\n<li>Garantire il benessere dei bambini.<\/li>\n<li>Partecipare a giochi e attivit\u00e0 ludiche con i bambini.<\/li>\n<li>Assistere i bambini nelle routine di igiene (lavarsi le mani, lavarsi i denti, ecc.).<\/li>\n<li>Partecipare alla vestizione e svestizione dei bambini, se necessario.<\/li>\n<\/ul>\n<h2><span lang=\"IT\">\u00a0<\/span><span lang=\"IT\">Vantaggi del tirocinio Erasmus in educazione<\/span><\/h2>\n<p><span lang=\"IT\">Optando per un tirocinio in Spagna nell\u2019ambito del programma Erasmus+, si possono ottenere numerosi vantaggi professionali e personali:<\/span><\/p>\n<ul>\n<li><b>Apprendimento della lingua e della cultura:<\/b> gli studenti\/apprendisti hanno l\u2019opportunit\u00e0 di praticare una nuova lingua e approfondire la comprensione della cultura di un altro ambiente e paese.<\/li>\n<li><b>Immersione totale:<\/b> gli studenti\/apprendisti beneficiano di una pratica completamente diversa all\u2019estero, dove lo stile di vita e lo svolgimento della giornata tipo variano a seconda dei paesi. In Spagna, risponderanno ai bisogni dei bambini in modo diverso rispetto a quanto praticato nel loro paese.<\/li>\n<li><b>Un\u2019esperienza unica all\u2019estero:<\/b>\u00a0permette di rafforzare la capacit\u00e0 di adattamento e di uscire dalla propria zona di comfort, queste esperienze favoriscono la maturit\u00e0 e rafforzano la fiducia in s\u00e9 stessi.<\/li>\n<\/ul>\n<p>[\/vc_column_text][\/vc_column_inner][vc_column_inner width=&#8221;1\/12&#8243;][\/vc_column_inner][vc_column_inner width=&#8221;4\/12&#8243;][vc_raw_html]JTNDZGl2JTIwc3R5bGUlM0QlMjJwYWRkaW5nJTNBJTIwMzBweCUzQmJhY2tncm91bmQtY29sb3IlM0ElMjAlMjNGNEY0RjQlM0IlMjIlM0UlMEElMjAlMjAlMjAlMjAlM0NoNCUzRVNjb3ByaSUyMHR1dHRpJTIwaSUyMHNldHRvcmklMjBkaSUyMHRpcm9jaW5pbyUzQyUyRmg0JTNFJTBBJTIwJTIwJTIwJTIwJTNDcCUzRUwlMjdFc3BhbW9iJTIwJUMzJUE4JTIwc3BlY2lhbGl6emF0byUyMG5lbGwlMjdhc3Npc3RlbnphJTIwYWklMjBncnVwcGklMjBwZXIlMjBsYSUyMG1vYmlsaXQlQzMlQTAlMjBFcmFzbXVzJTIwJTJCLiUyMFNjb3ByaXRlJTIwdHV0dGklMjBpJTIwc2V0dG9yaSUyMGRpJTIwdGlyb2NpbmlvJTIwRXJhc211cyUyMGluJTIwU3BhZ25hJTIwaW4lMjBwb2NoaSUyMGNsaWMuJTNDJTJGcCUzRSUwQSUyMCUyMCUyMCUyMCUzQ2ElMjBjbGFzcyUzRCUyMnZjX2dlbmVyYWwlMjB2Y19idG4zJTIwdmNfYnRuMy1zaXplLW1kJTIwdmNfYnRuMy1zaGFwZS1kZWZhdWx0JTIwdmNfYnRuMy1zdHlsZS1jdXN0b20lMjB3cGJfY3VzdG9tXzY2ODdiMjZmMzk0ODhkZGJiODVkZGIzYzFjZThlMTExJTIwYnRuJTIyJTIwc3R5bGUlM0QlMjJiYWNrZ3JvdW5kLWNvbG9yJTNBJTIzZTIwMDAwJTNCJTIwY29sb3IlM0ElMjNmZmZmZmYlM0IlMjBiYWNrZ3JvdW5kLWNvbG9yJTNBJTIzZTIwMDAwJTNCJTIwY29sb3IlM0ElMjNmZmZmZmYlM0IlMjIlMjBocmVmJTNEJTIyaHR0cHMlM0ElMkYlMkZ3d3cuZXNwYW1vYi5jb20lMkZpdCUyRnNldHRvcmktc3RhZ2UtYXppZW5kZS1lcmFzbXVzcGx1cyUyRiUyMiUyMHRpdGxlJTNEJTIyU2V0dG9yaSUyMGRpJTIwc3RhZ2UlMjIlMjB0YXJnZXQlM0QlMjJfYmxhbmslMjIlM0VTY29wcmlyZSUyMGklMjBzZXR0b3JpJTNDJTJGYSUzRSUwQSUzQyUyRmRpdiUzRQ==[\/vc_raw_html][vc_custom_heading text=&#8221;Scoprite i feedback dei partecipanti al programma Erasmus +:&#8221; font_container=&#8221;tag:h3|text_align:left&#8221; use_theme_fonts=&#8221;yes&#8221; css=&#8221;.vc_custom_1705494574714{margin-top: 20px !important;}&#8221;][vc_separator][vc_video link=&#8221;https:\/\/www.youtube.com\/watch?v=u39dLh9GgdA&#8221; align=&#8221;center&#8221;][\/vc_column_inner][\/vc_row_inner][\/vc_column][\/vc_row][vc_row][vc_column][vc_column_text]<\/p>\n<p>[\/vc_column_text][\/vc_column][\/vc_row][vc_row full_width=&#8221;stretch_row&#8221; wrap_container=&#8221;yes&#8221; is_section=&#8221;yes&#8221; css=&#8221;.vc_custom_1705494592970{border-top-width: 0px !important;padding-top: 15px !important;padding-bottom: 15px !important;background-color: #f8f392 !important;}&#8221; conditional_render=&#8221;%5B%7B%22value_role%22%3A%22administrator%22%7D%5D&#8221;][vc_column][vc_row_inner css=&#8221;.vc_custom_1688548648248{background-color: #f8f392 !important;}&#8221;][vc_column_inner][vc_custom_heading text=&#8221;Richiedi un preventivo gratuito&#8221; font_container=&#8221;tag:h2|text_align:center&#8221; use_theme_fonts=&#8221;yes&#8221;][vc_column_text]<\/p>\n<p style=\"text-align: justify;\">Hai un\u2019idea per un progetto Erasmus+ in Spagna e cerchi un partner fidato che ti supporti? <strong>Espamob<\/strong>\u2019 \u00e8 qui per aiutarti! Ti offriamo un preventivo gratuito e senza impegno per aiutarti a gestire il tuo progetto di mobilit\u00e0. Grazie alla nostra competenza e alla nostra rete di aziende partner, siamo in grado di offrirvi un supporto personalizzato per soddisfare le vostre specifiche esigenze. Contattaci ora per discutere del tuo progetto e ottenere il tuo preventivo gratuito.<\/p>\n<p>[\/vc_column_text]<div id=\"modal-trg-txt-wrap-6458\" class=\"ult-modal-input-wrapper ult-adjust-bottom-margin    \" data-keypress-control=\"keypress-control-enable\" data-overlay-control=\"overlay-control-enable\"><style>\n\t\t\t\t\t.btn-modal.btn-id-69e790b6ef1d29-93406656:hover {\n\t\t\t\t\t\tbackground-color: #e20000 !important;\n\t\t\t\t\t}\n\t\t\t\t\t<\/style><button  data-ultimate-target='#modal-trg-txt-wrap-6458 .btn-modal'  data-responsive-json-new='{\"font-size\":\"\",\"line-height\":\"\"}'  style=\"background:#888888;border-color:#888888;color:#ffffff; \" data-class-id=\"content-69e790b6ef1d29-93406656\" class=\"btn-modal ult-responsive btn-primary btn-modal-md overlay-show ult-align-center btn-id-69e790b6ef1d29-93406656\" data-overlay-class=\"overlay-cornerbottomleft\">RICHIEDI PREVENTIVO GRATUITO<\/button><\/div>\n<div class=\"ult-overlay content-69e790b6ef1d29-93406656 \" data-class=\"content-69e790b6ef1d29-93406656\" id=\"button-click-overlay\" style=\"background:rgba(51,51,51,0.8); display:none;\">\n\t<div class=\"ult_modal ult-fade ult-medium\">\n\t\t<div id=\"ult-modal-wrap-1610\" class=\"ult_modal-content ult-hide\" style=\"border-style:solid;border-width:2px;border-radius:0px;border-color:#333333;\">\n\t\t\t<div class=\"ult_modal-header\" style=\"color:#333333;border-color:#333333;\">\n\t\t\t\t<h3  data-ultimate-target='#ult-modal-wrap-1610 .ult_modal-title'  data-responsive-json-new='{\"font-size\":\"\",\"line-height\":\"\"}'  class=\"ult_modal-title ult-responsive\">RICHIEDI PREVENTIVO GRATUITO<\/h3>\n\t\t\t<\/div>\n\t\t\t<div  data-ultimate-target='#ult-modal-wrap-1610 .ult_modal-body'  data-responsive-json-new='{\"font-size\":\"\",\"line-height\":\"\"}'  class=\"ult_modal-body ult-responsive ult-html\" style=\"\">\n\t\t\t<\/p>\n<p>[caldera_form id=&#8221;CF61499d9470acd&#8221;]<\/p>\n<p>\n\t\t\t<\/div>\n\t<\/div>\n\t<\/div>\n\t<div class=\"ult-overlay-close top-right\" style=\"width:80px;height:80px; \"><div class=\"ult-overlay-close-inside\">Close<\/div><\/div>\n<\/div>[\/vc_column_inner][\/vc_row_inner][\/vc_column][\/vc_row][vc_row wrap_container=&#8221;yes&#8221; css=&#8221;.vc_custom_1689256499740{margin-top: 15px !important;}&#8221; conditional_render=&#8221;%5B%7B%22value_role%22%3A%22administrator%22%7D%5D&#8221;][vc_column][vc_custom_heading text=&#8221;Domande frequenti&#8221; font_container=&#8221;tag:h2|text_align:center|color:%23000000&#8243; use_theme_fonts=&#8221;yes&#8221;][vc_separator][vc_row_inner][vc_column_inner width=&#8221;7\/12&#8243;][vc_column_text]<\/p>\n<div>\n<div>\n<h3><span lang=\"PT\">Quali sono i vantaggi di scegliere Espamob per svolgere uno stage Erasmus nell&#8217;infanzia? <\/span><\/h3>\n<p><span class=\"Fuentedeprrafopredeter\"><span lang=\"PT\">Optando per Espamob per realizzare uno stage Erasmus nell&#8217;infanzia, potrai beneficiare dell&#8217;esperienza di un&#8217;agenzia specializzata nell&#8217;accompagnamento di gruppi in questo settore. Espamob ti aiuta a creare il tuo progetto su misura, a trovare finanziamenti adeguati e ad essere accolto in universit\u00e0 e aziende partner di qualit\u00e0. <\/span><\/span><span class=\"Fuentedeprrafopredeter\"><span lang=\"IT\">Inoltre, Espamob si occupa della ricerca di alloggi in loco e dell&#8217;assistenza all&#8217;aeroporto, offrendoti un&#8217;esperienza senza preoccupazioni. <\/span><\/span><\/p>\n<h3><span lang=\"IT\">Come Espamob ti assiste nella ricerca di finanziamenti per il tuo stage Erasmus nell&#8217;infanzia? <\/span><\/h3>\n<p><span lang=\"IT\">Espamob dispone di un team esperto nella ricerca di finanziamenti per gli stage Erasmus nell&#8217;infanzia. L&#8217;agenzia ti accompagna nella redazione della tua richiesta di finanziamento e ti guida nelle diverse fonti di finanziamento possibili, come le borse Erasmus, i finanziamenti dell&#8217;Unione europea o le partnership con le aziende. Espamob fa il massimo per aiutarti a ottenere le risorse finanziarie necessarie per portare a termine il tuo stage. <\/span><\/p>\n<h3><span lang=\"IT\">Quali sono le garanzie offerte da Espamob per il tuo stage Erasmus nell&#8217;infanzia? <\/span><\/h3>\n<\/div>\n<\/div>\n<div><span lang=\"IT\">Espamob ti fornisce diverse garanzie per assicurare il buon esito del tuo stage Erasmus nell&#8217;infanzia. L&#8217;agenzia si impegna ad accompagnarti dall&#8217;inizio alla fine, occupandosi di tutti gli aspetti logistici della tua mobilit\u00e0. Espamob seleziona partner affidabili, come universit\u00e0 e aziende specializzate nell&#8217;infanzia, per garantirti un ambiente professionale di qualit\u00e0. Inoltre, l&#8217;agenzia si occupa anche del monitoraggio del tuo stage e rimane disponibile per rispondere alle tue esigenze e fornirti supporto durante tutta la tua esperienza.<\/span><\/div>\n<p>[\/vc_column_text][\/vc_column_inner][vc_column_inner width=&#8221;1\/12&#8243;][\/vc_column_inner][vc_column_inner width=&#8221;4\/12&#8243;][vc_single_image image=&#8221;15074&#8243; img_size=&#8221;full&#8221;][vc_column_text]<strong>Informatevi sulle diverse destinazioni Erasmus+ in Spagna: <\/strong><\/p>\n<ul>\n<li><a href=\"https:\/\/espamob.com\/it\/settori-stage-aziende-erasmusplus\/servizio-alla-persona\/stage-erasmus-assistente-di-vita\/\">Stage Erasmus Assistente di Vita<\/a><\/li>\n<li><a href=\"https:\/\/espamob.com\/it\/settori-stage-aziende-erasmusplus\/servizio-alla-persona\/stage-erasmus-assistenza-agli-anziani\/\">Stage Erasmus Assistenza agli Anziani<\/a><\/li>\n<li><a href=\"https:\/\/espamob.com\/it\/settori-stage-aziende-erasmusplus\/servizio-alla-persona\/stage-erasmus-assistente-asilo\/\">Stage Erasmus Assistente asilo<\/a><\/li>\n<\/ul>\n<p>[\/vc_column_text][\/vc_column_inner][\/vc_row_inner][\/vc_column][\/vc_row]<\/p>\n<\/div>","protected":false},"excerpt":{"rendered":"<p>[vc_row css=&#8221;.vc_custom_1705342961713{margin-top: -20px !important;margin-bottom: 40px !important;background-image: url(https:\/\/espamob.com\/wp-content\/uploads\/2024\/01\/Primera-infancia.webp?id=22746) !important;}&#8221; conditional_render=&#8221;%5B%7B%22value_role%22%3A%22administrator%22%7D%5D&#8221;][vc_column css=&#8221;.vc_custom_1687965657482{padding-top: 30px !important;}&#8221; conditional_render=&#8221;%5B%7B%22value_role%22%3A%22administrator%22%7D%5D&#8221;][vc_empty_space height=&#8221;170&#8243;][vc_custom_heading text=&#8221;Stage Erasmus: Infanzia&#8221; font_container=&#8221;tag:h1|font_size:27|text_align:center|color:%23ffffff&#8221; use_theme_fonts=&#8221;yes&#8221; css=&#8221;.vc_custom_1705494295630{margin-bottom: 15px !important;background-color: rgba(136,136,136,0.29) !important;*background-color: rgb(136,136,136) !important;}&#8221; animation_type=&#8221;zoomIn&#8221;][vc_empty_space height=&#8221;40&#8243;][\/vc_column][\/vc_row][vc_row wrap_container=&#8221;yes&#8221; text_align=&#8221;justify&#8221;][vc_column text_align=&#8221;justify&#8221;][vc_column_text] Home Settori di stage Mobilit\u00e0 nel settore dei servizi alla persona Tirocinio Erasmus: Infanzia [\/vc_column_text][vc_custom_heading text=&#8221;Tirocinio Erasmus in Asilo nido: Scambio e Apprendimento per<\/p>\n","protected":false},"author":2,"featured_media":0,"parent":12726,"menu_order":0,"comment_status":"closed","ping_status":"closed","template":"","meta":{"footnotes":""},"class_list":["post-22764","page","type-page","status-publish","hentry"],"_links":{"self":[{"href":"https:\/\/espamob.com\/it\/wp-json\/wp\/v2\/pages\/22764","targetHints":{"allow":["GET"]}}],"collection":[{"href":"https:\/\/espamob.com\/it\/wp-json\/wp\/v2\/pages"}],"about":[{"href":"https:\/\/espamob.com\/it\/wp-json\/wp\/v2\/types\/page"}],"author":[{"embeddable":true,"href":"https:\/\/espamob.com\/it\/wp-json\/wp\/v2\/users\/2"}],"replies":[{"embeddable":true,"href":"https:\/\/espamob.com\/it\/wp-json\/wp\/v2\/comments?post=22764"}],"version-history":[{"count":0,"href":"https:\/\/espamob.com\/it\/wp-json\/wp\/v2\/pages\/22764\/revisions"}],"up":[{"embeddable":true,"href":"https:\/\/espamob.com\/it\/wp-json\/wp\/v2\/pages\/12726"}],"wp:attachment":[{"href":"https:\/\/espamob.com\/it\/wp-json\/wp\/v2\/media?parent=22764"}],"curies":[{"name":"wp","href":"https:\/\/api.w.org\/{rel}","templated":true}]}}