{"id":22760,"date":"2023-08-18T00:00:00","date_gmt":"2023-08-18T00:00:00","guid":{"rendered":"https:\/\/www.espamob.com\/settori-stage-aziende-erasmusplus\/servizio-alla-persona\/stage-erasmus-assistance-maternelle\/"},"modified":"2024-01-21T14:02:36","modified_gmt":"2024-01-21T14:02:36","slug":"stage-erasmus-assistente-asilo","status":"publish","type":"page","link":"https:\/\/espamob.com\/it\/settori-stage-aziende-erasmusplus\/servizio-alla-persona\/stage-erasmus-assistente-asilo\/","title":{"rendered":"Stage Erasmus : Assistance maternelle"},"content":{"rendered":"<div class=\"wpb-content-wrapper\"><p>[vc_row css=&#8221;.vc_custom_1705342960376{margin-top: -20px !important;margin-bottom: 40px !important;background-image: url(https:\/\/espamob.com\/wp-content\/uploads\/2024\/01\/Asistencia-a-la-maternidad.webp?id=22741) !important;}&#8221; conditional_render=&#8221;%5B%7B%22value_role%22%3A%22administrator%22%7D%5D&#8221;][vc_column css=&#8221;.vc_custom_1687965657482{padding-top: 30px !important;}&#8221; conditional_render=&#8221;%5B%7B%22value_role%22%3A%22administrator%22%7D%5D&#8221;][vc_empty_space height=&#8221;170&#8243;][vc_custom_heading text=&#8221;Stage Erasmus: Assistente asilo&#8221; font_container=&#8221;tag:h1|font_size:27|text_align:center|color:%23ffffff&#8221; use_theme_fonts=&#8221;yes&#8221; css=&#8221;.vc_custom_1705486533602{margin-bottom: 15px !important;background-color: rgba(136,136,136,0.29) !important;*background-color: rgb(136,136,136) !important;}&#8221; animation_type=&#8221;zoomIn&#8221;][vc_empty_space height=&#8221;40&#8243;][\/vc_column][\/vc_row][vc_row wrap_container=&#8221;yes&#8221; text_align=&#8221;justify&#8221;][vc_column text_align=&#8221;justify&#8221;][vc_column_text]<\/p>\n<nav aria-label=\"breadcrumb\">\n<ol class=\"breadcrumb\">\n<li class=\"breadcrumb-item\"><a href=\"https:\/\/espamob.com\/it\">Home<\/a><\/li>\n<li class=\"breadcrumb-item\"><a href=\"https:\/\/espamob.com\/it\/settori-stage-aziende-erasmusplus\">Settori di stage<\/a><\/li>\n<li class=\"breadcrumb-item active\" aria-current=\"page\"><a href=\"https:\/\/espamob.com\/it\/settori-stage-aziende-erasmusplus\/servizio-alla-persona\/\">Mobilit\u00e0 nel settore dei servizi alla persona<\/a><\/li>\n<li class=\"breadcrumb-item active\" aria-current=\"page\">Tirocinio Erasmus: <span lang=\"IT\">Assistente asilo<\/span><\/li>\n<\/ol>\n<\/nav>\n<p>[\/vc_column_text][vc_custom_heading text=&#8221;Lo stage Erasmus come assistente asilo: un&#8217;esperienza arricchente&#8221; use_theme_fonts=&#8221;yes&#8221; css=&#8221;.vc_custom_1705486608245{margin-top: 20px !important;}&#8221;][vc_separator][vc_row_inner][vc_column_inner width=&#8221;7\/12&#8243;][vc_column_text]Il programma Erasmus \u00e8 noto per offrire agli studenti l&#8217;opportunit\u00e0 di studiare o lavorare all&#8217;estero. Una delle opzioni per acquisire esperienza professionale nel campo della prima infanzia \u00e8 lo<strong> stage Erasmus come assistente asilo<\/strong>. Questo articolo fornir\u00e0 una panoramica dei compiti e delle responsabilit\u00e0 dell&#8217;assistente asilo, nonch\u00e9 delle competenze da sviluppare durante questo stage.<\/p>\n<h2>I compiti dell&#8217;assistente asilo<\/h2>\n<p>L&#8217;assistente asilo svolge un ruolo importante nello sviluppo dei bambini dai 0 ai 6 anni. I suoi compiti principali sono:<\/p>\n<ol>\n<li>Accogliere, guidare e sorvegliare i bambini.<\/li>\n<li>Creare un ambiente sicuro e adatto allo sviluppo dei bambini.<\/li>\n<li>Partecipare all&#8217;apertura e allo sviluppo psicomotorio ed emotivo dei bambini attraverso attivit\u00e0 educative, ludiche e creative.<\/li>\n<li>Garantire il loro benessere, in particolare prestando attenzione alla loro igiene e alimentazione.<\/li>\n<li>Collaborare con i genitori e gli altri professionisti coinvolti con i bambini (educatori specializzati, psicologi, ecc.).<\/li>\n<\/ol>\n<p>Va notato che i compiti dell&#8217;assistente asilo possono variare a seconda del contesto e delle specificit\u00e0 dello stage Erasmus. Tuttavia, queste responsabilit\u00e0 sono generalmente condivise dagli assistenti materni indipendentemente dal paese di accoglienza.<\/p>\n<h2>Le competenze richieste per uno stage come assistente asilo<\/h2>\n<p>Lo stage Erasmus come assistente asilo richiede un certo numero di competenze e qualit\u00e0:<\/p>\n<ul>\n<li><strong>Affetto<\/strong>: l&#8217;assistente asilo deve essere in grado di creare una relazione sicura con i bambini, basata sulla fiducia e il rispetto.<\/li>\n<li><strong>Pedagogia<\/strong>: saper proporre attivit\u00e0 adatte alle esigenze e al livello di sviluppo di ciascun bambino \u00e8 essenziale. Lo stage permetter\u00e0 di sviluppare questa competenza attraverso la diversit\u00e0 delle situazioni incontrate.<\/li>\n<li><strong>Adattabilit\u00e0<\/strong>: di fronte all&#8217;imprevisto, l&#8217;assistente asilo deve saper reagire rapidamente ed efficacemente mantenendo la calma. Questa capacit\u00e0 sar\u00e0 particolarmente richiesta durante uno stage all&#8217;estero.<\/li>\n<li><strong>Comunicazione<\/strong>: \u00e8 importante essere in grado di comunicare chiaramente e semplicemente con i bambini, ma anche con i loro genitori e gli altri professionisti coinvolti. La padronanza della lingua del paese di accoglienza sar\u00e0 quindi fondamentale.<\/li>\n<\/ul>\n<h3>Lavorare in un contesto internazionale: i vantaggi dello stage Erasmus<\/h3>\n<p>Svolgere uno stage Erasmus come assistente asilo presenta diversi vantaggi non trascurabili:<\/p>\n<ol>\n<li><strong>Scoprire una nuova cultura<\/strong>: essere immersi in un altro paese consente di ampliare i propri orizzonti e di arricchirsi personalmente e professionalmente.<\/li>\n<li><strong>Migliorare le competenze linguistiche<\/strong>: la pratica quotidiana della lingua del paese ospitante facilita notevolmente l&#8217;apprendimento e il controllo di essa.<\/li>\n<li><strong>Sviluppare il proprio network professionale<\/strong>: lavorare con professionisti stranieri consente di scambiare pratiche, ma anche di stringere contatti utili per la propria futura carriera.<\/li>\n<li><strong>Acquisire un&#8217;esperienza valorizzata dai datori di lavoro<\/strong>: uno stage all&#8217;estero \u00e8 spesso considerato un vantaggio sul curriculum, testimonianza di capacit\u00e0 di adattamento e apertura mentale.<\/li>\n<\/ol>\n<p>[\/vc_column_text][\/vc_column_inner][vc_column_inner width=&#8221;1\/12&#8243;][\/vc_column_inner][vc_column_inner width=&#8221;4\/12&#8243;][vc_single_image image=&#8221;18125&#8243; img_size=&#8221;400*400&#8243; alignment=&#8221;right&#8221; style=&#8221;vc_box_rounded&#8221;][vc_btn title=&#8221;Scoprire di pi\u00f9&#8221; style=&#8221;custom&#8221; custom_background=&#8221;#e20000&#8243; custom_text=&#8221;#ffffff&#8221; align=&#8221;center&#8221; link=&#8221;url:https%3A%2F%2Fespamob.com%2Fit%2Fcontacto-con-nuestro-equipo-de-movilidad%2F|title:Contacto|target:_blank&#8221;][\/vc_column_inner][\/vc_row_inner][vc_custom_heading text=&#8221;Come trovare uno stage Erasmus come assistente asilo?&#8221; font_container=&#8221;tag:h3|text_align:left&#8221; use_theme_fonts=&#8221;yes&#8221; css=&#8221;.vc_custom_1705486821915{margin-top: 20px !important;}&#8221;][vc_separator][vc_row_inner][vc_column_inner width=&#8221;7\/12&#8243;][vc_column_text]Per candidarsi a uno stage Erasmus come assistente asilo, \u00e8 opportuno seguire alcune fasi:<\/p>\n<ol>\n<li><strong>Informarsi presso la propria istituzione scolastica<\/strong>: le scuole specializzate nell&#8217;infanzia possono proporre partenariati con strutture straniere. \u00c8 quindi importante informarsi presso il servizio delle relazioni internazionali.<\/li>\n<li><strong>Consultare le offerte sulle piattaforme dedicate<\/strong>: diversi siti web raccolgono offerte di stage Erasmus in vari settori, compresa la prima infanzia. Si consiglia di consultare regolarmente queste piattaforme per non perdere opportunit\u00e0.<\/li>\n<li><strong>Preparare la propria candidatura<\/strong>: \u00e8 importante curare la lettera di motivazione e il curriculum, mettendo in evidenza le competenze ed esperienze rilevanti per il ruolo di assistente asilo.<\/li>\n<li><strong>Prepararsi per i colloqui<\/strong>: un colloquio, spesso condotto tramite videoconferenza, consentir\u00e0 di verificare il proprio livello di lingua e valutare le motivazioni per lo stage Erasmus.<\/li>\n<\/ol>\n<p><span style=\"font-weight: 400;\">In sintesi, lo stage Erasmus come assistente asilo \u00e8 un&#8217;esperienza arricchente che consente di acquisire competenze professionali sviluppando al contempo adattabilit\u00e0 e apertura mentale. \u00c8 opportuno prepararsi adeguatamente per massimizzare le probabilit\u00e0 di successo.<\/span>[\/vc_column_text][\/vc_column_inner][vc_column_inner width=&#8221;1\/12&#8243;][\/vc_column_inner][vc_column_inner width=&#8221;4\/12&#8243;][vc_raw_html]JTNDZGl2JTIwc3R5bGUlM0QlMjJwYWRkaW5nJTNBJTIwMzBweCUzQmJhY2tncm91bmQtY29sb3IlM0ElMjAlMjNGNEY0RjQlM0IlMjIlM0UlMEElMjAlMjAlMjAlMjAlM0NoNCUzRVNjb3ByaSUyMHR1dHRpJTIwaSUyMHNldHRvcmklMjBkaSUyMHRpcm9jaW5pbyUzQyUyRmg0JTNFJTBBJTIwJTIwJTIwJTIwJTNDcCUzRUwlMjdFc3BhbW9iJTIwJUMzJUE4JTIwc3BlY2lhbGl6emF0byUyMG5lbGwlMjdhc3Npc3RlbnphJTIwYWklMjBncnVwcGklMjBwZXIlMjBsYSUyMG1vYmlsaXQlQzMlQTAlMjBFcmFzbXVzJTIwJTJCLiUyMFNjb3ByaXRlJTIwdHV0dGklMjBpJTIwc2V0dG9yaSUyMGRpJTIwdGlyb2NpbmlvJTIwRXJhc211cyUyMGluJTIwU3BhZ25hJTIwaW4lMjBwb2NoaSUyMGNsaWMuJTNDJTJGcCUzRSUwQSUyMCUyMCUyMCUyMCUzQ2ElMjBjbGFzcyUzRCUyMnZjX2dlbmVyYWwlMjB2Y19idG4zJTIwdmNfYnRuMy1zaXplLW1kJTIwdmNfYnRuMy1zaGFwZS1kZWZhdWx0JTIwdmNfYnRuMy1zdHlsZS1jdXN0b20lMjB3cGJfY3VzdG9tXzY2ODdiMjZmMzk0ODhkZGJiODVkZGIzYzFjZThlMTExJTIwYnRuJTIyJTIwc3R5bGUlM0QlMjJiYWNrZ3JvdW5kLWNvbG9yJTNBJTIzZTIwMDAwJTNCJTIwY29sb3IlM0ElMjNmZmZmZmYlM0IlMjBiYWNrZ3JvdW5kLWNvbG9yJTNBJTIzZTIwMDAwJTNCJTIwY29sb3IlM0ElMjNmZmZmZmYlM0IlMjIlMjBocmVmJTNEJTIyaHR0cHMlM0ElMkYlMkZ3d3cuZXNwYW1vYi5jb20lMkZpdCUyRnNldHRvcmktc3RhZ2UtYXppZW5kZS1lcmFzbXVzcGx1cyUyRiUyMiUyMHRpdGxlJTNEJTIyU2V0dG9yaSUyMGRpJTIwc3RhZ2UlMjIlMjB0YXJnZXQlM0QlMjJfYmxhbmslMjIlM0VTY29wcmlyZSUyMGklMjBzZXR0b3JpJTNDJTJGYSUzRSUwQSUzQyUyRmRpdiUzRQ==[\/vc_raw_html][vc_custom_heading text=&#8221;Scoprite i feedback dei partecipanti al programma Erasmus +:&#8221; font_container=&#8221;tag:h3|text_align:left&#8221; use_theme_fonts=&#8221;yes&#8221; css=&#8221;.vc_custom_1705487146644{margin-top: 20px !important;}&#8221;][vc_separator][vc_video link=&#8221;https:\/\/www.youtube.com\/watch?v=Dx1jPHXroSQ&#8221; align=&#8221;center&#8221;][\/vc_column_inner][\/vc_row_inner][\/vc_column][\/vc_row][vc_row full_width=&#8221;stretch_row&#8221; wrap_container=&#8221;yes&#8221; is_section=&#8221;yes&#8221; css=&#8221;.vc_custom_1705487160380{border-top-width: 0px !important;padding-top: 15px !important;padding-bottom: 15px !important;background-color: #f8f392 !important;}&#8221; conditional_render=&#8221;%5B%7B%22value_role%22%3A%22administrator%22%7D%5D&#8221;][vc_column][vc_row_inner css=&#8221;.vc_custom_1688548648248{background-color: #f8f392 !important;}&#8221;][vc_column_inner][vc_custom_heading text=&#8221;Richiedi un preventivo gratuito&#8221; font_container=&#8221;tag:h2|text_align:center&#8221; use_theme_fonts=&#8221;yes&#8221;][vc_column_text]<\/p>\n<p style=\"text-align: justify;\">Hai un\u2019idea per un progetto Erasmus+ in Spagna e cerchi un partner fidato che ti supporti? <strong>Espamob<\/strong>\u2019 \u00e8 qui per aiutarti! Ti offriamo un preventivo gratuito e senza impegno per aiutarti a gestire il tuo progetto di mobilit\u00e0. Grazie alla nostra competenza e alla nostra rete di aziende partner, siamo in grado di offrirvi un supporto personalizzato per soddisfare le vostre specifiche esigenze. Contattaci ora per discutere del tuo progetto e ottenere il tuo preventivo gratuito.<\/p>\n<p>[\/vc_column_text]<div id=\"modal-trg-txt-wrap-6707\" class=\"ult-modal-input-wrapper ult-adjust-bottom-margin    \" data-keypress-control=\"keypress-control-enable\" data-overlay-control=\"overlay-control-enable\"><style>\n\t\t\t\t\t.btn-modal.btn-id-69e79252bb9e78-01426702:hover {\n\t\t\t\t\t\tbackground-color: #e20000 !important;\n\t\t\t\t\t}\n\t\t\t\t\t<\/style><button  data-ultimate-target='#modal-trg-txt-wrap-6707 .btn-modal'  data-responsive-json-new='{\"font-size\":\"\",\"line-height\":\"\"}'  style=\"background:#888888;border-color:#888888;color:#ffffff; \" data-class-id=\"content-69e79252bb9e78-01426702\" class=\"btn-modal ult-responsive btn-primary btn-modal-md overlay-show ult-align-center btn-id-69e79252bb9e78-01426702\" data-overlay-class=\"overlay-cornerbottomleft\">RICHIEDI PREVENTIVO GRATUITO<\/button><\/div>\n<div class=\"ult-overlay content-69e79252bb9e78-01426702 \" data-class=\"content-69e79252bb9e78-01426702\" id=\"button-click-overlay\" style=\"background:rgba(51,51,51,0.8); display:none;\">\n\t<div class=\"ult_modal ult-fade ult-medium\">\n\t\t<div id=\"ult-modal-wrap-3909\" class=\"ult_modal-content ult-hide\" style=\"border-style:solid;border-width:2px;border-radius:0px;border-color:#333333;\">\n\t\t\t<div class=\"ult_modal-header\" style=\"color:#333333;border-color:#333333;\">\n\t\t\t\t<h3  data-ultimate-target='#ult-modal-wrap-3909 .ult_modal-title'  data-responsive-json-new='{\"font-size\":\"\",\"line-height\":\"\"}'  class=\"ult_modal-title ult-responsive\">RICHIEDI PREVENTIVO GRATUITO<\/h3>\n\t\t\t<\/div>\n\t\t\t<div  data-ultimate-target='#ult-modal-wrap-3909 .ult_modal-body'  data-responsive-json-new='{\"font-size\":\"\",\"line-height\":\"\"}'  class=\"ult_modal-body ult-responsive ult-html\" style=\"\">\n\t\t\t<\/p>\n<p>[caldera_form id=&#8221;CF61499d9470acd&#8221;]<\/p>\n<p>\n\t\t\t<\/div>\n\t<\/div>\n\t<\/div>\n\t<div class=\"ult-overlay-close top-right\" style=\"width:80px;height:80px; \"><div class=\"ult-overlay-close-inside\">Close<\/div><\/div>\n<\/div>[\/vc_column_inner][\/vc_row_inner][\/vc_column][\/vc_row][vc_row wrap_container=&#8221;yes&#8221; css=&#8221;.vc_custom_1689256499740{margin-top: 15px !important;}&#8221; conditional_render=&#8221;%5B%7B%22value_role%22%3A%22administrator%22%7D%5D&#8221;][vc_column][vc_custom_heading text=&#8221;Domande frequenti&#8221; font_container=&#8221;tag:h2|text_align:center|color:%23000000&#8243; use_theme_fonts=&#8221;yes&#8221;][vc_separator][vc_row_inner][vc_column_inner width=&#8221;7\/12&#8243;][vc_column_text]<\/p>\n<div>\n<div>\n<h3><span lang=\"IT\">Quali servizi offre Espamob per i gruppi che desiderano svolgere uno stage Erasmus in Spagna? <\/span><\/h3>\n<p><span lang=\"IT\">Espamob offre un supporto completo ai gruppi che desiderano svolgere uno stage Erasmus in Spagna. Gestiscono i progetti dall&#8217;inizio alla fine, aiutando nella creazione del progetto, nella ricerca di finanziamenti, nell&#8217;accoglienza presso universit\u00e0 e aziende partner, nonch\u00e9 nella ricerca di alloggi in loco e nel recupero dei gruppi all&#8217;aeroporto.<\/span><\/p>\n<h3><span lang=\"IT\">Quali sono i vantaggi di rivolgersi a Espamob per svolgere uno stage Erasmus in Spagna? <\/span><\/h3>\n<p><span lang=\"IT\">Rivolgersi a Espamob per svolgere uno stage Erasmus in Spagna offre numerosi vantaggi. L&#8217;agenzia si occupa di tutte le pratiche amministrative e logistiche, consentendo ai gruppi di concentrarsi sul proprio progetto e sull&#8217;esperienza all&#8217;estero. Inoltre, Espamob dispone di una rete di partner affidabili ed esperti, garantendo cos\u00ec un&#8217;esperienza di stage di qualit\u00e0.<\/span><\/p>\n<h3><span lang=\"IT\">Espamob offre anche assistenza per gli stage legati all&#8217;assistenza asilo? <\/span><\/h3>\n<\/div>\n<\/div>\n<div><span lang=\"IT\">S\u00ec, Espamob offre anche assistenza per gli stage legati all&#8217;assistenza asilo. L&#8217;agenzia pu\u00f2 aiutare i gruppi a trovare aziende partner specializzate in questo settore, nonch\u00e9 a organizzare l&#8217;accoglienza e l&#8217;accompagnamento degli stagisti. Espamob si adatta alle esigenze specifiche di ogni gruppo e fa tutto il possibile per assicurare un&#8217;esperienza di stage arricchente nel campo dell&#8217;assistenza asilo in Spagna. <\/span><\/div>\n<p>[\/vc_column_text][\/vc_column_inner][vc_column_inner width=&#8221;1\/12&#8243;][\/vc_column_inner][vc_column_inner width=&#8221;4\/12&#8243;][vc_single_image image=&#8221;15074&#8243; img_size=&#8221;full&#8221;][vc_column_text]<strong>Informatevi sulle diverse destinazioni Erasmus+ in Spagna: <\/strong><\/p>\n<ul>\n<li><a href=\"https:\/\/espamob.com\/it\/settori-stage-aziende-erasmusplus\/servizio-alla-persona\/stage-erasmus-assistente-di-vita\/\">Stage Erasmus Assistente di Vita<\/a><\/li>\n<li><a href=\"https:\/\/espamob.com\/it\/settori-stage-aziende-erasmusplus\/servizio-alla-persona\/stage-erasmus-assistenza-agli-anziani\/\">Stage Erasmus Assistenza agli Anziani<\/a><\/li>\n<li><a href=\"https:\/\/espamob.com\/it\/settori-stage-aziende-erasmusplus\/servizio-alla-persona\/stage-erasmus-infanzia\/\">Stage Erasmus Prima infanzia<\/a><\/li>\n<\/ul>\n<p>[\/vc_column_text][\/vc_column_inner][\/vc_row_inner][\/vc_column][\/vc_row]<\/p>\n<\/div>","protected":false},"excerpt":{"rendered":"<p>[vc_row css=&#8221;.vc_custom_1705342960376{margin-top: -20px !important;margin-bottom: 40px !important;background-image: url(https:\/\/espamob.com\/wp-content\/uploads\/2024\/01\/Asistencia-a-la-maternidad.webp?id=22741) !important;}&#8221; conditional_render=&#8221;%5B%7B%22value_role%22%3A%22administrator%22%7D%5D&#8221;][vc_column css=&#8221;.vc_custom_1687965657482{padding-top: 30px !important;}&#8221; conditional_render=&#8221;%5B%7B%22value_role%22%3A%22administrator%22%7D%5D&#8221;][vc_empty_space height=&#8221;170&#8243;][vc_custom_heading text=&#8221;Stage Erasmus: Assistente asilo&#8221; font_container=&#8221;tag:h1|font_size:27|text_align:center|color:%23ffffff&#8221; use_theme_fonts=&#8221;yes&#8221; css=&#8221;.vc_custom_1705486533602{margin-bottom: 15px !important;background-color: rgba(136,136,136,0.29) !important;*background-color: rgb(136,136,136) !important;}&#8221; animation_type=&#8221;zoomIn&#8221;][vc_empty_space height=&#8221;40&#8243;][\/vc_column][\/vc_row][vc_row wrap_container=&#8221;yes&#8221; text_align=&#8221;justify&#8221;][vc_column text_align=&#8221;justify&#8221;][vc_column_text] Home Settori di stage Mobilit\u00e0 nel settore dei servizi alla persona Tirocinio Erasmus: Assistente asilo [\/vc_column_text][vc_custom_heading text=&#8221;Lo stage Erasmus come assistente asilo: un&#8217;esperienza<\/p>\n","protected":false},"author":2,"featured_media":0,"parent":12726,"menu_order":0,"comment_status":"closed","ping_status":"closed","template":"","meta":{"footnotes":""},"class_list":["post-22760","page","type-page","status-publish","hentry"],"_links":{"self":[{"href":"https:\/\/espamob.com\/it\/wp-json\/wp\/v2\/pages\/22760","targetHints":{"allow":["GET"]}}],"collection":[{"href":"https:\/\/espamob.com\/it\/wp-json\/wp\/v2\/pages"}],"about":[{"href":"https:\/\/espamob.com\/it\/wp-json\/wp\/v2\/types\/page"}],"author":[{"embeddable":true,"href":"https:\/\/espamob.com\/it\/wp-json\/wp\/v2\/users\/2"}],"replies":[{"embeddable":true,"href":"https:\/\/espamob.com\/it\/wp-json\/wp\/v2\/comments?post=22760"}],"version-history":[{"count":0,"href":"https:\/\/espamob.com\/it\/wp-json\/wp\/v2\/pages\/22760\/revisions"}],"up":[{"embeddable":true,"href":"https:\/\/espamob.com\/it\/wp-json\/wp\/v2\/pages\/12726"}],"wp:attachment":[{"href":"https:\/\/espamob.com\/it\/wp-json\/wp\/v2\/media?parent=22760"}],"curies":[{"name":"wp","href":"https:\/\/api.w.org\/{rel}","templated":true}]}}