{"id":22756,"date":"2023-08-18T00:00:00","date_gmt":"2023-08-18T00:00:00","guid":{"rendered":"https:\/\/www.espamob.com\/settori-stage-aziende-erasmusplus\/servizio-alla-persona\/stage-erasmus-assistance-aux-personnes-agees\/"},"modified":"2025-10-27T20:29:30","modified_gmt":"2025-10-27T20:29:30","slug":"stage-erasmus-assistenza-agli-anziani","status":"publish","type":"page","link":"https:\/\/espamob.com\/it\/settori-stage-aziende-erasmusplus\/servizio-alla-persona\/stage-erasmus-assistenza-agli-anziani\/","title":{"rendered":"Stage Erasmus : Assistance aux personnes \u00e2g\u00e9es"},"content":{"rendered":"<div class=\"wpb-content-wrapper\"><p>[vc_row css=&#8221;.vc_custom_1705342958920{margin-top: -20px !important;margin-bottom: 40px !important;background-image: url(https:\/\/espamob.com\/wp-content\/uploads\/2024\/01\/Asistencia-a-las-personas-mayores.webp?id=22736) !important;}&#8221; conditional_render=&#8221;%5B%7B%22value_role%22%3A%22administrator%22%7D%5D&#8221;][vc_column css=&#8221;.vc_custom_1687965657482{padding-top: 30px !important;}&#8221; conditional_render=&#8221;%5B%7B%22value_role%22%3A%22administrator%22%7D%5D&#8221;][vc_empty_space height=&#8221;170&#8243;][vc_custom_heading text=&#8221;Stage Erasmus: Assistenza agli Anziani&#8221; font_container=&#8221;tag:h1|font_size:27|text_align:center|color:%23ffffff&#8221; use_theme_fonts=&#8221;yes&#8221; css=&#8221;.vc_custom_1705484970989{margin-bottom: 15px !important;background-color: rgba(136,136,136,0.29) !important;*background-color: rgb(136,136,136) !important;}&#8221; animation_type=&#8221;zoomIn&#8221;][vc_empty_space height=&#8221;40&#8243;][\/vc_column][\/vc_row][vc_row wrap_container=&#8221;yes&#8221; text_align=&#8221;justify&#8221;][vc_column text_align=&#8221;justify&#8221;][vc_column_text]<\/p>\n<nav aria-label=\"breadcrumb\">\n<ol class=\"breadcrumb\">\n<li class=\"breadcrumb-item\"><a href=\"https:\/\/espamob.com\/it\">Home<\/a><\/li>\n<li class=\"breadcrumb-item\"><a href=\"https:\/\/espamob.com\/it\/settori-stage-aziende-erasmusplus\">Settori di stage<\/a><\/li>\n<li class=\"breadcrumb-item active\" aria-current=\"page\"><a href=\"https:\/\/espamob.com\/it\/settori-stage-aziende-erasmusplus\/servizio-alla-persona\/\">Mobilit\u00e0 nel settore dei servizi alla persona<\/a><\/li>\n<li class=\"breadcrumb-item active\" aria-current=\"page\">Tirocinio Erasmus: <span lang=\"IT\">Assistenza agli Anziani<\/span><\/li>\n<\/ol>\n<\/nav>\n<p>[\/vc_column_text][vc_custom_heading text=&#8221;Approfitta di un&#8217;esperienza arricchente con uno stage Erasmus nell&#8217;ambito dell&#8217;assistenza agli anziani&#8221; use_theme_fonts=&#8221;yes&#8221; css=&#8221;.vc_custom_1705485270758{margin-top: 20px !important;}&#8221;][vc_separator][vc_row_inner][vc_column_inner width=&#8221;7\/12&#8243;][vc_column_text]<\/p>\n<p style=\"font-weight: 400;\">Il <strong>programma europeo Erasmus+<\/strong> offre agli studenti e agli apprendisti l&#8217;opportunit\u00e0 di svolgere uno stage professionale all&#8217;estero. Questa esperienza consente loro di acquisire competenze aggiuntive, migliorare le loro conoscenze linguistiche e culturali, nonch\u00e9 sviluppare la loro rete professionale. Tra i numerosi settori in cui \u00e8 possibile svolgere uno stage Erasmus, l&#8217;assistenza agli anziani \u00e8 un settore in crescita che offre molte opportunit\u00e0 per i giovani professionisti.<\/p>\n<h2 style=\"font-weight: 400;\">Come beneficiare di uno stage Erasmus nell&#8217;assistenza agli anziani?<\/h2>\n<p style=\"font-weight: 400;\">Per poter svolgere uno stage Erasmus nell&#8217;assistenza agli anziani, \u00e8 necessario essere iscritti a un istituto di istruzione superiore o di formazione professionale partecipante al programma Erasmus+. Gli stage possono durare da 2 a 12 mesi e sono aperti agli studenti in formazione iniziale, in formazione continua o in apprendistato.<\/p>\n<p style=\"font-weight: 400;\">Una volta trovata la tua istituzione, dovrai scegliere il paese e l&#8217;organizzazione ospitante in cui svolgerai il tuo stage professionale. Esistono vari tipi di organizzazioni che offrono stage nell&#8217;ambito dell&#8217;assistenza agli anziani:<\/p>\n<ul>\n<li>Case di riposo e residenze per anziani<\/li>\n<li>Servizi di assistenza domiciliare<\/li>\n<li>Centri diurni e club ricreativi per anziani<\/li>\n<li>Associazioni e organizzazioni non governative che operano a favore del benessere degli anziani<\/li>\n<\/ul>\n<p style=\"font-weight: 400;\">Una volta che il tuo progetto di stage \u00e8 stato approvato dalla tua istituzione di origine e dall&#8217;organizzazione ospitante, riceverai una borsa di studio Erasmus+ per coprire parte dei costi legati alla tua mobilit\u00e0 internazionale.<\/p>\n<h2 style=\"font-weight: 400;\">Quali competenze possono essere sviluppate durante uno stage Erasmus nell&#8217;assistenza agli anziani?<\/h2>\n<h3 style=\"font-weight: 400;\">Competenze tecniche e professionali<\/h3>\n<p style=\"font-weight: 400;\">Durante il tuo stage, avrai l&#8217;opportunit\u00e0 di imparare e mettere in pratica diverse competenze specifiche del settore dell&#8217;assistenza agli anziani:<\/p>\n<ul>\n<li><strong>Gestione dei bisogni essenziali<\/strong>: igiene, alimentazione, mobilit\u00e0, ecc.<\/li>\n<li><strong>Supporto psicosociale<\/strong>: sostegno morale e affettivo, stimolazione cognitiva, prevenzione dell&#8217;isolamento sociale, ecc.<\/li>\n<li><strong>Coordinamento con altri professionisti<\/strong>: medici, infermieri, fisioterapisti, assistenti sociali, ecc.<\/li>\n<li><strong>Gestione amministrativa e finanziaria<\/strong>: cartella clinica, richieste di aiuti finanziari, monitoraggio dei bilanci, ecc.<\/li>\n<\/ul>\n<h3 style=\"font-weight: 400;\">Competenze interculturali e linguistiche<\/h3>\n<p style=\"font-weight: 400;\">Svolgendo uno stage all&#8217;estero, sarai chiamato a lavorare in un ambiente multiculturale e a comunicare in una lingua straniera. Ci\u00f2 ti permetter\u00e0 di:<\/p>\n<ul>\n<li><strong>Migliorare le tue competenze linguistiche<\/strong>: comprensione, espressione orale e scritta, vocabolario professionale, ecc.<\/li>\n<li><strong>Sviluppare la tua adattabilit\u00e0 culturale<\/strong>: rispetto delle usanze, valori e codici sociali del paese ospitante, apertura mentale, tolleranza, ecc.<\/li>\n<li><strong>Creare una rete internazionale<\/strong>: contatti professionali, amichevoli e culturali all&#8217;interno dell&#8217;organizzazione ospitante e con gli altri partecipanti Erasmus.<\/li>\n<\/ul>\n<p>[\/vc_column_text][\/vc_column_inner][vc_column_inner width=&#8221;1\/12&#8243;][\/vc_column_inner][vc_column_inner width=&#8221;4\/12&#8243;][vc_single_image image=&#8221;18120&#8243; img_size=&#8221;400*400&#8243; alignment=&#8221;right&#8221; style=&#8221;vc_box_rounded&#8221;][vc_btn title=&#8221;Scoprire di pi\u00f9&#8221; style=&#8221;custom&#8221; custom_background=&#8221;#e20000&#8243; custom_text=&#8221;#ffffff&#8221; align=&#8221;center&#8221; link=&#8221;url:https%3A%2F%2Fespamob.com%2Fit%2Fcontacto-con-nuestro-equipo-de-movilidad%2F|title:Contacto|target:_blank&#8221;][vc_column_text]<\/p>\n<blockquote class=\"instagram-media\" style=\"background: #FFF; border: 0; border-radius: 3px; box-shadow: 0 0 1px 0 rgba(0,0,0,0.5),0 1px 10px 0 rgba(0,0,0,0.15); margin: 1px; max-width: 540px; min-width: 326px; padding: 0; width: calc(100% - 2px);\" data-instgrm-permalink=\"https:\/\/www.instagram.com\/reel\/DPVfmutDPC3\/?utm_source=ig_embed&amp;utm_campaign=loading\" data-instgrm-version=\"14\">\n<div style=\"padding: 16px;\">\n<p>&nbsp;<\/p>\n<div style=\"display: flex; flex-direction: row; align-items: center;\">\n<div style=\"background-color: #f4f4f4; border-radius: 50%; flex-grow: 0; height: 40px; margin-right: 14px; width: 40px;\"><\/div>\n<div style=\"display: flex; flex-direction: column; flex-grow: 1; justify-content: center;\">\n<div style=\"background-color: #f4f4f4; border-radius: 4px; flex-grow: 0; height: 14px; margin-bottom: 6px; width: 100px;\"><\/div>\n<div style=\"background-color: #f4f4f4; border-radius: 4px; flex-grow: 0; height: 14px; width: 60px;\"><\/div>\n<\/div>\n<\/div>\n<div style=\"padding: 19% 0;\"><\/div>\n<div style=\"display: block; height: 50px; margin: 0 auto 12px; width: 50px;\"><\/div>\n<div style=\"padding-top: 8px;\">\n<div style=\"color: #3897f0; font-family: Arial,sans-serif; font-size: 14px; font-style: normal; font-weight: 550; line-height: 18px;\">Ver esta publicaci\u00f3n en Instagram<\/div>\n<\/div>\n<div style=\"padding: 12.5% 0;\"><\/div>\n<div style=\"display: flex; flex-direction: row; margin-bottom: 14px; align-items: center;\">\n<div>\n<div style=\"background-color: #f4f4f4; border-radius: 50%; height: 12.5px; width: 12.5px; transform: translateX(0px) translateY(7px);\"><\/div>\n<div style=\"background-color: #f4f4f4; height: 12.5px; transform: rotate(-45deg) translateX(3px) translateY(1px); width: 12.5px; flex-grow: 0; margin-right: 14px; margin-left: 2px;\"><\/div>\n<div style=\"background-color: #f4f4f4; border-radius: 50%; height: 12.5px; width: 12.5px; transform: translateX(9px) translateY(-18px);\"><\/div>\n<\/div>\n<div style=\"margin-left: 8px;\">\n<div style=\"background-color: #f4f4f4; border-radius: 50%; flex-grow: 0; height: 20px; width: 20px;\"><\/div>\n<div style=\"width: 0; height: 0; border-top: 2px solid transparent; border-left: 6px solid #f4f4f4; border-bottom: 2px solid transparent; transform: translateX(16px) translateY(-4px) rotate(30deg);\"><\/div>\n<\/div>\n<div style=\"margin-left: auto;\">\n<div style=\"width: 0px; border-top: 8px solid #F4F4F4; border-right: 8px solid transparent; transform: translateY(16px);\"><\/div>\n<div style=\"background-color: #f4f4f4; flex-grow: 0; height: 12px; width: 16px; transform: translateY(-4px);\"><\/div>\n<div style=\"width: 0; height: 0; border-top: 8px solid #F4F4F4; border-left: 8px solid transparent; transform: translateY(-4px) translateX(8px);\"><\/div>\n<\/div>\n<\/div>\n<div style=\"display: flex; flex-direction: column; flex-grow: 1; justify-content: center; margin-bottom: 24px;\">\n<div style=\"background-color: #f4f4f4; border-radius: 4px; flex-grow: 0; height: 14px; margin-bottom: 6px; width: 224px;\"><\/div>\n<div style=\"background-color: #f4f4f4; border-radius: 4px; flex-grow: 0; height: 14px; width: 144px;\"><\/div>\n<\/div>\n<p>&nbsp;<\/p>\n<p style=\"color: #c9c8cd; font-family: Arial,sans-serif; font-size: 14px; line-height: 17px; margin-bottom: 0; margin-top: 8px; overflow: hidden; padding: 8px 0 7px; text-align: center; text-overflow: ellipsis; white-space: nowrap;\"><a style=\"color: #c9c8cd; font-family: Arial,sans-serif; font-size: 14px; font-style: normal; font-weight: normal; line-height: 17px; text-decoration: none;\" href=\"https:\/\/www.instagram.com\/reel\/DPVfmutDPC3\/?utm_source=ig_embed&amp;utm_campaign=loading\" target=\"_blank\" rel=\"noopener\">Una publicaci\u00f3n compartida de ESPAMOB&#8217; &#8211; ERASMUS+ (@espamobspain)<\/a><\/p>\n<\/div>\n<\/blockquote>\n<p><script async src=\"\/\/www.instagram.com\/embed.js\"><\/script>[\/vc_column_text][\/vc_column_inner][\/vc_row_inner][vc_custom_heading text=&#8221;Quali prospettive future dopo uno stage Erasmus nell&#8217;assistenza agli anziani?&#8221; font_container=&#8221;tag:h3|text_align:left&#8221; use_theme_fonts=&#8221;yes&#8221; css=&#8221;.vc_custom_1705485542936{margin-top: 20px !important;}&#8221;][vc_separator][vc_row_inner][vc_column_inner width=&#8221;7\/12&#8243;][vc_column_text]<\/p>\n<p style=\"font-weight: 400;\">L&#8217;invecchiamento della popolazione e l&#8217;evoluzione delle esigenze legate all&#8217;assistenza agli anziani creano una crescente domanda di professionisti qualificati in questo settore. Uno stage Erasmus nell&#8217;assistenza agli anziani pu\u00f2 quindi essere un vantaggio significativo per la tua carriera professionale:<\/p>\n<ul>\n<li><strong>Valorizzazione del tuo curriculum<\/strong>: esperienza internazionale, competenze interculturali e linguistiche, apprendimento di metodi di lavoro diversi, ecc.<\/li>\n<li><strong>Apertura al mercato del lavoro europeo<\/strong>: conoscenza delle specificit\u00e0 del settore in diversi paesi, possibilit\u00e0 di trovare lavoro all&#8217;estero, ecc.<\/li>\n<li><strong>Sviluppo professionale<\/strong>: possibilit\u00e0 di diventare coordinatore di progetti o responsabile di una struttura, specializzazione in un settore specifico (cure palliative, demenza, disabilit\u00e0, ecc.), formazione continua e diplomi aggiuntivi, ecc.<\/li>\n<\/ul>\n<p style=\"font-weight: 400;\">In sintesi, svolgere uno stage Erasmus nell&#8217;assistenza agli anziani \u00e8 un&#8217;opportunit\u00e0 unica per acquisire nuove competenze, scoprire altre culture e migliorare le prospettive di lavoro. Non esitare a informarti presso la tua istituzione di istruzione o formazione professionale per saperne di pi\u00f9 sulle modalit\u00e0 di partecipazione al programma Erasmus+.<\/p>\n<p>[\/vc_column_text][\/vc_column_inner][vc_column_inner width=&#8221;1\/12&#8243;][\/vc_column_inner][vc_column_inner width=&#8221;4\/12&#8243;][vc_raw_html]JTNDZGl2JTIwc3R5bGUlM0QlMjJwYWRkaW5nJTNBJTIwMzBweCUzQmJhY2tncm91bmQtY29sb3IlM0ElMjAlMjNGNEY0RjQlM0IlMjIlM0UlMEElMjAlMjAlMjAlMjAlM0NoNCUzRVNjb3ByaSUyMHR1dHRpJTIwaSUyMHNldHRvcmklMjBkaSUyMHRpcm9jaW5pbyUzQyUyRmg0JTNFJTBBJTIwJTIwJTIwJTIwJTNDcCUzRUwlMjdFc3BhbW9iJTIwJUMzJUE4JTIwc3BlY2lhbGl6emF0byUyMG5lbGwlMjdhc3Npc3RlbnphJTIwYWklMjBncnVwcGklMjBwZXIlMjBsYSUyMG1vYmlsaXQlQzMlQTAlMjBFcmFzbXVzJTIwJTJCLiUyMFNjb3ByaXRlJTIwdHV0dGklMjBpJTIwc2V0dG9yaSUyMGRpJTIwdGlyb2NpbmlvJTIwRXJhc211cyUyMGluJTIwU3BhZ25hJTIwaW4lMjBwb2NoaSUyMGNsaWMuJTNDJTJGcCUzRSUwQSUyMCUyMCUyMCUyMCUzQ2ElMjBjbGFzcyUzRCUyMnZjX2dlbmVyYWwlMjB2Y19idG4zJTIwdmNfYnRuMy1zaXplLW1kJTIwdmNfYnRuMy1zaGFwZS1kZWZhdWx0JTIwdmNfYnRuMy1zdHlsZS1jdXN0b20lMjB3cGJfY3VzdG9tXzY2ODdiMjZmMzk0ODhkZGJiODVkZGIzYzFjZThlMTExJTIwYnRuJTIyJTIwc3R5bGUlM0QlMjJiYWNrZ3JvdW5kLWNvbG9yJTNBJTIzZTIwMDAwJTNCJTIwY29sb3IlM0ElMjNmZmZmZmYlM0IlMjBiYWNrZ3JvdW5kLWNvbG9yJTNBJTIzZTIwMDAwJTNCJTIwY29sb3IlM0ElMjNmZmZmZmYlM0IlMjIlMjBocmVmJTNEJTIyaHR0cHMlM0ElMkYlMkZ3d3cuZXNwYW1vYi5jb20lMkZpdCUyRnNldHRvcmktc3RhZ2UtYXppZW5kZS1lcmFzbXVzcGx1cyUyRiUyMiUyMHRpdGxlJTNEJTIyU2V0dG9yaSUyMGRpJTIwc3RhZ2UlMjIlMjB0YXJnZXQlM0QlMjJfYmxhbmslMjIlM0VTY29wcmlyZSUyMGklMjBzZXR0b3JpJTNDJTJGYSUzRSUwQSUzQyUyRmRpdiUzRQ==[\/vc_raw_html][vc_custom_heading text=&#8221;Scoprite i feedback dei partecipanti al programma Erasmus +:&#8221; font_container=&#8221;tag:h3|text_align:left&#8221; use_theme_fonts=&#8221;yes&#8221; css=&#8221;.vc_custom_1705485671767{margin-top: 20px !important;}&#8221;][vc_separator][vc_video link=&#8221;https:\/\/youtu.be\/RKSNzG8MRmA&#8221; align=&#8221;center&#8221;][\/vc_column_inner][\/vc_row_inner][\/vc_column][\/vc_row][vc_row][vc_column][vc_column_text]<\/p>\n<p>[\/vc_column_text][\/vc_column][\/vc_row][vc_row full_width=&#8221;stretch_row&#8221; wrap_container=&#8221;yes&#8221; is_section=&#8221;yes&#8221; css=&#8221;.vc_custom_1705485711923{border-top-width: 0px !important;padding-top: 15px !important;padding-bottom: 15px !important;background-color: #f8f392 !important;}&#8221; conditional_render=&#8221;%5B%7B%22value_role%22%3A%22administrator%22%7D%5D&#8221;][vc_column][vc_row_inner css=&#8221;.vc_custom_1688548648248{background-color: #f8f392 !important;}&#8221;][vc_column_inner][vc_custom_heading text=&#8221;Richiedi un preventivo gratuito&#8221; font_container=&#8221;tag:h2|text_align:center&#8221; use_theme_fonts=&#8221;yes&#8221;][vc_column_text]<\/p>\n<p style=\"text-align: justify;\">Hai un\u2019idea per un progetto Erasmus+ in Spagna e cerchi un partner fidato che ti supporti? <strong>Espamob<\/strong>\u2019 \u00e8 qui per aiutarti! Ti offriamo un preventivo gratuito e senza impegno per aiutarti a gestire il tuo progetto di mobilit\u00e0. Grazie alla nostra competenza e alla nostra rete di aziende partner, siamo in grado di offrirvi un supporto personalizzato per soddisfare le vostre specifiche esigenze. Contattaci ora per discutere del tuo progetto e ottenere il tuo preventivo gratuito.<\/p>\n<p>[\/vc_column_text]<div id=\"modal-trg-txt-wrap-2224\" class=\"ult-modal-input-wrapper ult-adjust-bottom-margin    \" data-keypress-control=\"keypress-control-enable\" data-overlay-control=\"overlay-control-enable\"><style>\n\t\t\t\t\t.btn-modal.btn-id-69e7b6f8154a64-81848255:hover {\n\t\t\t\t\t\tbackground-color: #e20000 !important;\n\t\t\t\t\t}\n\t\t\t\t\t<\/style><button  data-ultimate-target='#modal-trg-txt-wrap-2224 .btn-modal'  data-responsive-json-new='{\"font-size\":\"\",\"line-height\":\"\"}'  style=\"background:#888888;border-color:#888888;color:#ffffff; \" data-class-id=\"content-69e7b6f8154a64-81848255\" class=\"btn-modal ult-responsive btn-primary btn-modal-md overlay-show ult-align-center btn-id-69e7b6f8154a64-81848255\" data-overlay-class=\"overlay-cornerbottomleft\">RICHIEDI PREVENTIVO GRATUITO<\/button><\/div>\n<div class=\"ult-overlay content-69e7b6f8154a64-81848255 \" data-class=\"content-69e7b6f8154a64-81848255\" id=\"button-click-overlay\" style=\"background:rgba(51,51,51,0.8); display:none;\">\n\t<div class=\"ult_modal ult-fade ult-medium\">\n\t\t<div id=\"ult-modal-wrap-8149\" class=\"ult_modal-content ult-hide\" style=\"border-style:solid;border-width:2px;border-radius:0px;border-color:#333333;\">\n\t\t\t<div class=\"ult_modal-header\" style=\"color:#333333;border-color:#333333;\">\n\t\t\t\t<h3  data-ultimate-target='#ult-modal-wrap-8149 .ult_modal-title'  data-responsive-json-new='{\"font-size\":\"\",\"line-height\":\"\"}'  class=\"ult_modal-title ult-responsive\">RICHIEDI PREVENTIVO GRATUITO<\/h3>\n\t\t\t<\/div>\n\t\t\t<div  data-ultimate-target='#ult-modal-wrap-8149 .ult_modal-body'  data-responsive-json-new='{\"font-size\":\"\",\"line-height\":\"\"}'  class=\"ult_modal-body ult-responsive ult-html\" style=\"\">\n\t\t\t<\/p>\n<p>[caldera_form id=&#8221;CF61499d9470acd&#8221;]<\/p>\n<p>\n\t\t\t<\/div>\n\t<\/div>\n\t<\/div>\n\t<div class=\"ult-overlay-close top-right\" style=\"width:80px;height:80px; \"><div class=\"ult-overlay-close-inside\">Close<\/div><\/div>\n<\/div>[\/vc_column_inner][\/vc_row_inner][\/vc_column][\/vc_row][vc_row wrap_container=&#8221;yes&#8221; css=&#8221;.vc_custom_1689256499740{margin-top: 15px !important;}&#8221; conditional_render=&#8221;%5B%7B%22value_role%22%3A%22administrator%22%7D%5D&#8221;][vc_column][vc_custom_heading text=&#8221;Domande frequenti&#8221; font_container=&#8221;tag:h2|text_align:center|color:%23000000&#8243; use_theme_fonts=&#8221;yes&#8221;][vc_separator][vc_row_inner][vc_column_inner width=&#8221;7\/12&#8243;][vc_column_text]<\/p>\n<h3 style=\"font-weight: 400;\">Quali sono i servizi offerti da Espamob per i gruppi che desiderano svolgere uno stage Erasmus nell&#8217;ambito dell&#8217;assistenza agli anziani?<\/h3>\n<p style=\"font-weight: 400;\">Espamob offre un supporto completo per i gruppi che vogliono realizzare uno stage Erasmus nel settore dell&#8217;assistenza agli anziani in Spagna. L&#8217;agenzia gestisce i progetti dall&#8217;inizio alla fine, aiutando i gruppi nella creazione del loro progetto, nella ricerca di finanziamenti, nell&#8217;accoglienza presso universit\u00e0 e aziende partner per gli stage. Inoltre, Espamob si occupa di trovare alloggi in loco e di recuperare i gruppi all&#8217;aeroporto.<\/p>\n<h3 style=\"font-weight: 400;\">Quali sono i vantaggi di affidarsi a Espamob per uno stage Erasmus nell&#8217;ambito dell&#8217;assistenza agli anziani in Spagna?<\/h3>\n<p style=\"font-weight: 400;\">Rivolgersi a Espamob per svolgere uno stage Erasmus nell&#8217;ambito dell&#8217;assistenza agli anziani in Spagna comporta numerosi vantaggi. Innanzitutto, l&#8217;agenzia ha competenze specifiche in questo settore, consentendo ai gruppi di beneficiare di un supporto adattato alle loro esigenze. Inoltre, Espamob ha una rete di partner affidabili nel settore dell&#8217;assistenza agli anziani, semplificando la ricerca di stage di qualit\u00e0. Infine, l&#8217;agenzia si occupa di tutti gli aspetti logistici, consentendo ai gruppi di concentrarsi pienamente sulla loro esperienza di stage.<\/p>\n<h3 style=\"font-weight: 400;\">Come finanziare uno stage Erasmus nell&#8217;ambito dell&#8217;assistenza agli anziani in Spagna con l&#8217;aiuto di Espamob?<\/h3>\n<p><span style=\"font-weight: 400;\">\u00a0Espamob offre assistenza nella ricerca di finanziamenti per gli stage Erasmus nell&#8217;ambito dell&#8217;assistenza agli anziani in Spagna. L&#8217;agenzia pu\u00f2 fornire consigli su diverse fonti di finanziamento disponibili, come le borse di studio Erasmus+ o altri programmi di finanziamento europei. Espamob pu\u00f2 anche aiutare i gruppi a redigere richieste di finanziamento e a presentare il loro progetto in modo convincente agli enti finanziatori. Grazie a questo supporto, i gruppi hanno maggiori possibilit\u00e0 di ottenere i fondi necessari per realizzare il loro stage<\/span>[\/vc_column_text][\/vc_column_inner][vc_column_inner width=&#8221;1\/12&#8243;][\/vc_column_inner][vc_column_inner width=&#8221;4\/12&#8243;][vc_single_image image=&#8221;15076&#8243; img_size=&#8221;full&#8221;][vc_column_text]<strong>Informatevi sulle diverse destinazioni Erasmus+ in Spagna: <\/strong><\/p>\n<ul>\n<li><a href=\"https:\/\/espamob.com\/it\/settori-stage-aziende-erasmusplus\/servizio-alla-persona\/stage-erasmus-assistente-di-vita\/\">Stage Erasmus Assistente di Vita<\/a><\/li>\n<li><a href=\"https:\/\/espamob.com\/it\/settori-stage-aziende-erasmusplus\/servizio-alla-persona\/stage-erasmus-assistente-asilo\/\">Stage Erasmus Assistenza materna<\/a><\/li>\n<li><a href=\"https:\/\/espamob.com\/it\/settori-stage-aziende-erasmusplus\/servizio-alla-persona\/stage-erasmus-infanzia\/\">Stage Erasmus Prima infanzia<\/a><\/li>\n<\/ul>\n<p>[\/vc_column_text][\/vc_column_inner][\/vc_row_inner][\/vc_column][\/vc_row]<\/p>\n<\/div>","protected":false},"excerpt":{"rendered":"<p>[vc_row css=&#8221;.vc_custom_1705342958920{margin-top: -20px !important;margin-bottom: 40px !important;background-image: url(https:\/\/espamob.com\/wp-content\/uploads\/2024\/01\/Asistencia-a-las-personas-mayores.webp?id=22736) !important;}&#8221; conditional_render=&#8221;%5B%7B%22value_role%22%3A%22administrator%22%7D%5D&#8221;][vc_column css=&#8221;.vc_custom_1687965657482{padding-top: 30px !important;}&#8221; conditional_render=&#8221;%5B%7B%22value_role%22%3A%22administrator%22%7D%5D&#8221;][vc_empty_space height=&#8221;170&#8243;][vc_custom_heading text=&#8221;Stage Erasmus: Assistenza agli Anziani&#8221; font_container=&#8221;tag:h1|font_size:27|text_align:center|color:%23ffffff&#8221; use_theme_fonts=&#8221;yes&#8221; css=&#8221;.vc_custom_1705484970989{margin-bottom: 15px !important;background-color: rgba(136,136,136,0.29) !important;*background-color: rgb(136,136,136) !important;}&#8221; animation_type=&#8221;zoomIn&#8221;][vc_empty_space height=&#8221;40&#8243;][\/vc_column][\/vc_row][vc_row wrap_container=&#8221;yes&#8221; text_align=&#8221;justify&#8221;][vc_column text_align=&#8221;justify&#8221;][vc_column_text] Home Settori di stage Mobilit\u00e0 nel settore dei servizi alla persona Tirocinio Erasmus: Assistenza agli Anziani [\/vc_column_text][vc_custom_heading text=&#8221;Approfitta di un&#8217;esperienza arricchente con<\/p>\n","protected":false},"author":2,"featured_media":0,"parent":12726,"menu_order":0,"comment_status":"closed","ping_status":"closed","template":"","meta":{"footnotes":""},"class_list":["post-22756","page","type-page","status-publish","hentry"],"_links":{"self":[{"href":"https:\/\/espamob.com\/it\/wp-json\/wp\/v2\/pages\/22756","targetHints":{"allow":["GET"]}}],"collection":[{"href":"https:\/\/espamob.com\/it\/wp-json\/wp\/v2\/pages"}],"about":[{"href":"https:\/\/espamob.com\/it\/wp-json\/wp\/v2\/types\/page"}],"author":[{"embeddable":true,"href":"https:\/\/espamob.com\/it\/wp-json\/wp\/v2\/users\/2"}],"replies":[{"embeddable":true,"href":"https:\/\/espamob.com\/it\/wp-json\/wp\/v2\/comments?post=22756"}],"version-history":[{"count":0,"href":"https:\/\/espamob.com\/it\/wp-json\/wp\/v2\/pages\/22756\/revisions"}],"up":[{"embeddable":true,"href":"https:\/\/espamob.com\/it\/wp-json\/wp\/v2\/pages\/12726"}],"wp:attachment":[{"href":"https:\/\/espamob.com\/it\/wp-json\/wp\/v2\/media?parent=22756"}],"curies":[{"name":"wp","href":"https:\/\/api.w.org\/{rel}","templated":true}]}}