{"id":22575,"date":"2023-08-14T00:00:00","date_gmt":"2023-08-14T00:00:00","guid":{"rendered":"https:\/\/www.espamob.com\/settori-stage-aziende-erasmusplus\/costruzioni\/stage-erasmus-plomberie\/"},"modified":"2024-02-29T17:11:56","modified_gmt":"2024-02-29T17:11:56","slug":"stage-erasmus-idraulica","status":"publish","type":"page","link":"https:\/\/espamob.com\/it\/settori-stage-aziende-erasmusplus\/costruzioni\/stage-erasmus-idraulica\/","title":{"rendered":"Stage Erasmus : Plomberie"},"content":{"rendered":"<div class=\"wpb-content-wrapper\"><p>[vc_row css=&#8221;.vc_custom_1705069641058{margin-top: -20px !important;margin-bottom: 40px !important;background-image: url(https:\/\/espamob.com\/wp-content\/uploads\/2024\/01\/Fontaneria.webp?id=22567) !important;}&#8221; conditional_render=&#8221;%5B%7B%22value_role%22%3A%22administrator%22%7D%5D&#8221;][vc_column css=&#8221;.vc_custom_1687965657482{padding-top: 30px !important;}&#8221; conditional_render=&#8221;%5B%7B%22value_role%22%3A%22administrator%22%7D%5D&#8221;][vc_empty_space height=&#8221;170&#8243;][vc_custom_heading text=&#8221;Stage Erasmus: Idraulica&#8221; font_container=&#8221;tag:h1|font_size:27|text_align:center|color:%23ffffff&#8221; use_theme_fonts=&#8221;yes&#8221; css=&#8221;.vc_custom_1705078405673{margin-bottom: 15px !important;background-color: rgba(136,136,136,0.29) !important;*background-color: rgb(136,136,136) !important;}&#8221; animation_type=&#8221;zoomIn&#8221;][vc_empty_space height=&#8221;40&#8243;][\/vc_column][\/vc_row][vc_row wrap_container=&#8221;yes&#8221; text_align=&#8221;justify&#8221;][vc_column text_align=&#8221;justify&#8221;][vc_column_text]<\/p>\n<nav aria-label=\"breadcrumb\">\n<ol class=\"breadcrumb\">\n<li class=\"breadcrumb-item\"><a href=\"https:\/\/espamob.com\/it\">Home<\/a><\/li>\n<li class=\"breadcrumb-item\"><a href=\"https:\/\/espamob.com\/it\/settori-stage-aziende-erasmusplus\">Settori di stage<\/a><\/li>\n<li class=\"breadcrumb-item active\" aria-current=\"page\"><a href=\"https:\/\/espamob.com\/it\/settori-stage-aziende-erasmusplus\/costruzioni\/\">Mobilit\u00e0 Erasmus Plus nel settore delle costruzioni<\/a><\/li>\n<li class=\"breadcrumb-item active\" aria-current=\"page\">Tirocinio Erasmus: Idraulica<\/li>\n<\/ol>\n<\/nav>\n<p>[\/vc_column_text][vc_custom_heading text=&#8221;Tirocinio Erasmus Idraulico: un&#8217;esperienza gratificante&#8221; use_theme_fonts=&#8221;yes&#8221; css=&#8221;.vc_custom_1705078480005{margin-top: 20px !important;}&#8221;][vc_separator][vc_row_inner][vc_column_inner width=&#8221;7\/12&#8243;][vc_column_text]<span style=\"font-weight: 400;\">Lo <strong>stage Erasmus in idraulica<\/strong> offre un&#8217;opportunit\u00e0 unica agli studenti e ai professionisti del settore idraulico. Questo programma consente di acquisire nuove competenze e di scoprire nuovi modi di lavorare immergendosi nel cuore dei mestieri edili all&#8217;estero. In questo articolo, scopri i vantaggi di questa esperienza senza precedenti e impara come ottimizzare il tuo stage per ottenere il massimo beneficio.<\/span><\/p>\n<h2>Un apprendimento di qualit\u00e0 e diversificato<\/h2>\n<p><span style=\"font-weight: 400;\">Lo stage Erasmus in idraulica offre una formazione di qualit\u00e0 ai partecipanti, consentendo loro di acquisire competenze specifiche in vari settori dell&#8217;idraulica. Tra questi settori, troviamo in particolare:\u00a0<\/span><\/p>\n<ul>\n<li style=\"font-weight: 400;\" aria-level=\"1\"><span style=\"font-weight: 400;\"><strong>Installazione sanitaria<\/strong>: posa e manutenzione di tubazioni, raccordi e apparecchi igienici (lavandini, docce, WC, ecc.)\u00a0<\/span><\/li>\n<li style=\"font-weight: 400;\" aria-level=\"1\"><span style=\"font-weight: 400;\"><strong>Riscaldamento<\/strong>: installazione, regolazione e manutenzione di sistemi di riscaldamento centralizzato e apparecchi di climatizzazione\u00a0<\/span><\/li>\n<li style=\"font-weight: 400;\" aria-level=\"1\"><span style=\"font-weight: 400;\"><strong>Zinco<\/strong>: lavorazione dello zinco e altri metalli per la realizzazione di grondaie, abbaini ed elementi di copertura\u00a0<\/span><\/li>\n<li style=\"font-weight: 400;\" aria-level=\"1\"><span style=\"font-weight: 400;\"><strong>Gestione dell&#8217;acqua<\/strong>: progettazione, installazione e manutenzione di sistemi di approvvigionamento, trattamento e smaltimento dell&#8217;acqua\u00a0<\/span><\/li>\n<\/ul>\n<p><span style=\"font-weight: 400;\">I tirocinanti hanno l&#8217;opportunit\u00e0 di imparare da professionisti esperti e mettere in pratica le loro conoscenze in un ambiente di lavoro concreto.<\/span><\/p>\n<h2>Un&#8217;esperienza internazionale gratificante<\/h2>\n<p><span style=\"font-weight: 400;\">Il programma Erasmus consente ai partecipanti di svolgere il loro stage presso un&#8217;azienda situata in uno dei paesi membri dell&#8217;Unione europea. Questa esperienza internazionale offre numerosi vantaggi:\u00a0<\/span><\/p>\n<h3>La scoperta di nuovi metodi di lavoro<\/h3>\n<p><span style=\"font-weight: 400;\">Uno stage all&#8217;estero \u00e8 un&#8217;occasione unica per scoprire come viene praticata l&#8217;idraulica in altri paesi e aprirsi a nuove tecniche di lavoro. I tirocinanti possono cos\u00ec imparare nuovi metodi e strumenti che potranno successivamente riutilizzare nella loro carriera professionale.\u00a0<\/span><\/p>\n<h3>Il miglioramento delle competenze linguistiche<\/h3>\n<p><span style=\"font-weight: 400;\">Lavorare in un paese straniero implica generalmente familiarizzarsi con una lingua diversa dalla propria lingua madre. Lo stage Erasmus in idraulica rappresenta quindi un&#8217;eccellente opportunit\u00e0 per migliorare le proprie competenze linguistiche, un vantaggio innegabile sul mercato del lavoro.\u00a0<\/span><\/p>\n<h3>Lo sviluppo di una rete professionale internazionale<\/h3>\n<p><span style=\"font-weight: 400;\">Svolgendo uno stage all&#8217;estero, i tirocinanti hanno l&#8217;opportunit\u00e0 di incontrare professionisti del settore idraulico provenienti da diverse parti del mondo. Ci\u00f2 consente di creare legami e sviluppare una rete professionale che potr\u00e0 essere utile per tutta la loro carriera.<\/span>[\/vc_column_text][\/vc_column_inner][vc_column_inner width=&#8221;1\/12&#8243;][\/vc_column_inner][vc_column_inner width=&#8221;4\/12&#8243;][vc_single_image image=&#8221;18285&#8243; img_size=&#8221;400*400&#8243; alignment=&#8221;right&#8221; style=&#8221;vc_box_rounded&#8221;][vc_btn title=&#8221;Scoprire di pi\u00f9&#8221; style=&#8221;custom&#8221; custom_background=&#8221;#e20000&#8243; custom_text=&#8221;#ffffff&#8221; align=&#8221;center&#8221; link=&#8221;url:https%3A%2F%2Fespamob.com%2Fit%2Fcontacto-con-nuestro-equipo-de-movilidad%2F|title:Contacto|target:_blank&#8221;][\/vc_column_inner][\/vc_row_inner][vc_custom_heading text=&#8221;Come avere successo nello stage Erasmus in idraulica?&#8221; font_container=&#8221;tag:h3|text_align:left&#8221; use_theme_fonts=&#8221;yes&#8221; css=&#8221;.vc_custom_1705078604029{margin-top: 20px !important;}&#8221;][vc_separator][vc_row_inner][vc_column_inner width=&#8221;7\/12&#8243;][vc_column_text]Per trarre il massimo da questa esperienza, siate proattivi e ben preparati. Ecco alcuni consigli utili:<\/p>\n<p><strong>\u2022 Informarsi sull&#8217;azienda ospitante:<\/strong> Informatevi sulle loro attivit\u00e0 principali e sui loro progetti.<br \/>\n<strong>\u2022 Preparare la partenza<\/strong>: Assicuratevi di avere tutti i documenti necessari (passaporto, visto, contratto di stage, ecc.) e informatevi sulle formalit\u00e0 da completare prima del vostro arrivo nel paese ospitante.<br \/>\n<strong>\u2022 Adattarsi alla cultura locale:<\/strong> Ogni paese ha la propria cultura e specificit\u00e0. Informatevi sulle abitudini locali e mostratevi aperti mentalmente per scoprire nuovi modi di vivere e lavorare.<br \/>\n<strong>\u2022 Essere curiosi e motivati<\/strong>: Non esitate a fare domande per dimostrare interesse per la vostra professione.<\/p>\n<p>In sintesi, lo stage Erasmus Idraulico offre un&#8217;opportunit\u00e0 eccezionale agli studenti e ai professionisti di questo settore. Consente loro di acquisire nuove competenze, scoprire diversi approcci al lavoro e sviluppare una rete professionale a livello internazionale. Per trarre il massimo da questa esperienza arricchente, \u00e8 essenziale una preparazione accurata e un&#8217;attitudine curiosa e motivata durante tutto lo stage.<\/p>\n<p><strong><u>Ritorno sull&#8217;esperienza di Edouard e Wiktor:<\/u><\/strong><\/p>\n<p>Questi studenti hanno trascorso due settimane in uno stage Erasmus+ presso un&#8217;azienda idraulica a Barcellona, dove hanno svolto varie attivit\u00e0 come l&#8217;installazione di una doccia, di un sistema di aria condizionata, di un boiler e la creazione di tubature nuove. Questa esperienza ha permesso loro di scoprire nuovi processi e imparare una nuova lingua, uscendo dalla propria zona di comfort. In sintesi, questo stage \u00e8 stato molto arricchente per questi giovani.[\/vc_column_text][\/vc_column_inner][vc_column_inner width=&#8221;1\/12&#8243;][\/vc_column_inner][vc_column_inner width=&#8221;4\/12&#8243;][vc_raw_html]JTNDZGl2JTIwc3R5bGUlM0QlMjJwYWRkaW5nJTNBJTIwMzBweCUzQmJhY2tncm91bmQtY29sb3IlM0ElMjAlMjNGNEY0RjQlM0IlMjIlM0UlMEElMjAlMjAlMjAlMjAlM0NoNCUzRVNjb3ByaSUyMHR1dHRpJTIwaSUyMHNldHRvcmklMjBkaSUyMHRpcm9jaW5pbyUzQyUyRmg0JTNFJTBBJTIwJTIwJTIwJTIwJTNDcCUzRUwlMjdFc3BhbW9iJTIwJUMzJUE4JTIwc3BlY2lhbGl6emF0byUyMG5lbGwlMjdhc3Npc3RlbnphJTIwYWklMjBncnVwcGklMjBwZXIlMjBsYSUyMG1vYmlsaXQlQzMlQTAlMjBFcmFzbXVzJTIwJTJCLiUyMFNjb3ByaXRlJTIwdHV0dGklMjBpJTIwc2V0dG9yaSUyMGRpJTIwdGlyb2NpbmlvJTIwRXJhc211cyUyMGluJTIwU3BhZ25hJTIwaW4lMjBwb2NoaSUyMGNsaWMuJTNDJTJGcCUzRSUwQSUyMCUyMCUyMCUyMCUzQ2ElMjBjbGFzcyUzRCUyMnZjX2dlbmVyYWwlMjB2Y19idG4zJTIwdmNfYnRuMy1zaXplLW1kJTIwdmNfYnRuMy1zaGFwZS1kZWZhdWx0JTIwdmNfYnRuMy1zdHlsZS1jdXN0b20lMjB3cGJfY3VzdG9tXzY2ODdiMjZmMzk0ODhkZGJiODVkZGIzYzFjZThlMTExJTIwYnRuJTIyJTIwc3R5bGUlM0QlMjJiYWNrZ3JvdW5kLWNvbG9yJTNBJTIzZTIwMDAwJTNCJTIwY29sb3IlM0ElMjNmZmZmZmYlM0IlMjBiYWNrZ3JvdW5kLWNvbG9yJTNBJTIzZTIwMDAwJTNCJTIwY29sb3IlM0ElMjNmZmZmZmYlM0IlMjIlMjBocmVmJTNEJTIyaHR0cHMlM0ElMkYlMkZ3d3cuZXNwYW1vYi5jb20lMkZpdCUyRnNldHRvcmktc3RhZ2UtYXppZW5kZS1lcmFzbXVzcGx1cyUyRiUyMiUyMHRpdGxlJTNEJTIyU2V0dG9yaSUyMGRpJTIwc3RhZ2UlMjIlMjB0YXJnZXQlM0QlMjJfYmxhbmslMjIlM0VTY29wcmlyZSUyMGklMjBzZXR0b3JpJTNDJTJGYSUzRSUwQSUzQyUyRmRpdiUzRQ==[\/vc_raw_html][vc_custom_heading text=&#8221;Scoprite i feedback dei partecipanti al programma Erasmus +:&#8221; font_container=&#8221;tag:h3|text_align:left&#8221; use_theme_fonts=&#8221;yes&#8221;][vc_video link=&#8221;https:\/\/www.youtube.com\/watch?v=Xp8mBRc69BU&#8221;][\/vc_column_inner][\/vc_row_inner][\/vc_column][\/vc_row][vc_row full_width=&#8221;stretch_row&#8221; wrap_container=&#8221;yes&#8221; is_section=&#8221;yes&#8221; css=&#8221;.vc_custom_1705078658363{border-top-width: 0px !important;padding-top: 15px !important;padding-bottom: 15px !important;background-color: #f8f392 !important;}&#8221; conditional_render=&#8221;%5B%7B%22value_role%22%3A%22administrator%22%7D%5D&#8221;][vc_column][vc_row_inner css=&#8221;.vc_custom_1688548648248{background-color: #f8f392 !important;}&#8221;][vc_column_inner][vc_custom_heading text=&#8221;Richiedi un preventivo gratuito&#8221; font_container=&#8221;tag:h2|text_align:center&#8221; use_theme_fonts=&#8221;yes&#8221;][vc_column_text]<\/p>\n<p style=\"text-align: justify;\">Hai un\u2019idea per un progetto Erasmus+ in Spagna e cerchi un partner fidato che ti supporti? <strong>Espamob<\/strong>\u2019 \u00e8 qui per aiutarti! Ti offriamo un preventivo gratuito e senza impegno per aiutarti a gestire il tuo progetto di mobilit\u00e0. Grazie alla nostra competenza e alla nostra rete di aziende partner, siamo in grado di offrirvi un supporto personalizzato per soddisfare le vostre specifiche esigenze. Contattaci ora per discutere del tuo progetto e ottenere il tuo preventivo gratuito.<\/p>\n<p>[\/vc_column_text]<div id=\"modal-trg-txt-wrap-9704\" class=\"ult-modal-input-wrapper ult-adjust-bottom-margin    \" data-keypress-control=\"keypress-control-enable\" data-overlay-control=\"overlay-control-enable\"><style>\n\t\t\t\t\t.btn-modal.btn-id-69e7989f1bb918-15785215:hover {\n\t\t\t\t\t\tbackground-color: #e20000 !important;\n\t\t\t\t\t}\n\t\t\t\t\t<\/style><button  data-ultimate-target='#modal-trg-txt-wrap-9704 .btn-modal'  data-responsive-json-new='{\"font-size\":\"\",\"line-height\":\"\"}'  style=\"background:#888888;border-color:#888888;color:#ffffff; \" data-class-id=\"content-69e7989f1bb918-15785215\" class=\"btn-modal ult-responsive btn-primary btn-modal-md overlay-show ult-align-center btn-id-69e7989f1bb918-15785215\" data-overlay-class=\"overlay-cornerbottomleft\">RICHIEDI PREVENTIVO GRATUITO<\/button><\/div>\n<div class=\"ult-overlay content-69e7989f1bb918-15785215 \" data-class=\"content-69e7989f1bb918-15785215\" id=\"button-click-overlay\" style=\"background:rgba(51,51,51,0.8); display:none;\">\n\t<div class=\"ult_modal ult-fade ult-medium\">\n\t\t<div id=\"ult-modal-wrap-19\" class=\"ult_modal-content ult-hide\" style=\"border-style:solid;border-width:2px;border-radius:0px;border-color:#333333;\">\n\t\t\t<div class=\"ult_modal-header\" style=\"color:#333333;border-color:#333333;\">\n\t\t\t\t<h3  data-ultimate-target='#ult-modal-wrap-19 .ult_modal-title'  data-responsive-json-new='{\"font-size\":\"\",\"line-height\":\"\"}'  class=\"ult_modal-title ult-responsive\">RICHIEDI PREVENTIVO GRATUITO<\/h3>\n\t\t\t<\/div>\n\t\t\t<div  data-ultimate-target='#ult-modal-wrap-19 .ult_modal-body'  data-responsive-json-new='{\"font-size\":\"\",\"line-height\":\"\"}'  class=\"ult_modal-body ult-responsive ult-html\" style=\"\">\n\t\t\t[caldera_form id=&#8221;CF61499d9470acd&#8221;]\n\t\t\t<\/div>\n\t<\/div>\n\t<\/div>\n\t<div class=\"ult-overlay-close top-right\" style=\"width:80px;height:80px; \"><div class=\"ult-overlay-close-inside\">Close<\/div><\/div>\n<\/div>[\/vc_column_inner][\/vc_row_inner][\/vc_column][\/vc_row][vc_row wrap_container=&#8221;yes&#8221; css=&#8221;.vc_custom_1689256499740{margin-top: 15px !important;}&#8221; conditional_render=&#8221;%5B%7B%22value_role%22%3A%22administrator%22%7D%5D&#8221;][vc_column][vc_custom_heading text=&#8221;Domande frequenti&#8221; font_container=&#8221;tag:h2|text_align:center|color:%23000000&#8243; use_theme_fonts=&#8221;yes&#8221;][vc_separator][vc_row_inner][vc_column_inner width=&#8221;7\/12&#8243;][vc_column_text]<\/p>\n<h3>Quali sono i vantaggi di scegliere Espamob per svolgere uno stage Erasmus in idraulica in Spagna?<\/h3>\n<p><span style=\"font-weight: 400;\">Scegliendo Espamob per svolgere uno stage Erasmus in idraulica in Spagna, beneficerai di numerosi vantaggi:\u00a0<\/span><\/p>\n<ul>\n<li style=\"font-weight: 400;\" aria-level=\"1\"><span style=\"font-weight: 400;\">Assistenza completa per il progetto dall&#8217;inizio alla fine\u00a0<\/span><\/li>\n<li style=\"font-weight: 400;\" aria-level=\"1\"><span style=\"font-weight: 400;\">Aiuto nella ricerca di finanziamenti\u00a0<\/span><\/li>\n<li style=\"font-weight: 400;\" aria-level=\"1\"><span style=\"font-weight: 400;\">Accoglienza personalizzata presso le universit\u00e0 e le aziende partner\u00a0<\/span><\/li>\n<li style=\"font-weight: 400;\" aria-level=\"1\"><span style=\"font-weight: 400;\">Abitazioni sul posto trovate e prenotate da Espamob\u00a0<\/span><\/li>\n<li style=\"font-weight: 400;\" aria-level=\"1\"><span style=\"font-weight: 400;\">Servizio di recupero dei gruppi in aeroporto\u00a0<\/span><\/li>\n<\/ul>\n<h3>Come Espamob pu\u00f2 aiutarmi a trovare uno stage in idraulica in Spagna nel contesto di un programma Erasmus?<\/h3>\n<p><span style=\"font-weight: 400;\">Espamob dispone di una rete di partner universitari e aziendali in Spagna, il che gli consente di aiutarti a trovare uno stage in idraulica che corrisponda alle tue aspettative nel contesto di un programma Erasmus. L&#8217;agenzia far\u00e0 tutto il possibile per proporti opportunit\u00e0 di stage in linea con il tuo profilo e i tuoi obiettivi.\u00a0<\/span><\/p>\n<h3>Che tipo di alloggi offre Espamob ai partecipanti a uno stage Erasmus in idraulica in Spagna?<\/h3>\n<p><span style=\"font-weight: 400;\">Espamob offre diversi tipi di alloggi adatti ai partecipanti a uno stage Erasmus in idraulica in Spagna. Potrai usufruire di alloggi in residenza universitaria, in appartamento condiviso o in famiglia ospitante, a seconda delle tue preferenze e del tuo budget. L&#8217;agenzia si occupa di trovare e prenotare l&#8217;alloggio che meglio si adatter\u00e0 alle tue esigenze.<\/span>[\/vc_column_text][\/vc_column_inner][vc_column_inner width=&#8221;1\/12&#8243;][\/vc_column_inner][vc_column_inner width=&#8221;4\/12&#8243;][vc_single_image image=&#8221;15074&#8243; img_size=&#8221;full&#8221;][vc_column_text]<strong>Scopri le diverse destinazioni Erasmus+ in Spagna: <\/strong><\/p>\n<ul>\n<li><a href=\"https:\/\/espamob.com\/it\/settori-stage-aziende-erasmusplus\/costruzioni\/stage-erasmus-piastrellatura\/\">Stage Erasmus Piastrellatura<\/a><\/li>\n<li><a href=\"https:\/\/espamob.com\/it\/settori-stage-aziende-erasmusplus\/costruzioni\/stage-erasmus-muratura\/\">Stage Erasmus Muratura<\/a><\/li>\n<li><a href=\"https:\/\/espamob.com\/it\/settori-stage-aziende-erasmusplus\/costruzioni\/stage-erasmus-elettricita\/\">Stage Erasmus Elettricit\u00e0<\/a><\/li>\n<li><a href=\"https:\/\/espamob.com\/it\/settori-stage-aziende-erasmusplus\/costruzioni\/stage-erasmus-pittura-per-edifici\/\">Stage Erasmus Pittura per edifici<\/a><\/li>\n<li><a href=\"https:\/\/espamob.com\/it\/settori-stage-aziende-erasmusplus\/costruzioni\/stage-erasmus-falegnameria\/\">Stage Erasmus Falegnameria<\/a><\/li>\n<li><a href=\"https:\/\/espamob.com\/it\/settori-stage-aziende-erasmusplus\/costruzioni\/stage-erasmus-ebanisteria\/\">Stage Erasmus Ebanisteria<\/a><\/li>\n<\/ul>\n<p>[\/vc_column_text][\/vc_column_inner][\/vc_row_inner][\/vc_column][\/vc_row]<\/p>\n<\/div>","protected":false},"excerpt":{"rendered":"<p>[vc_row css=&#8221;.vc_custom_1705069641058{margin-top: -20px !important;margin-bottom: 40px !important;background-image: url(https:\/\/espamob.com\/wp-content\/uploads\/2024\/01\/Fontaneria.webp?id=22567) !important;}&#8221; conditional_render=&#8221;%5B%7B%22value_role%22%3A%22administrator%22%7D%5D&#8221;][vc_column css=&#8221;.vc_custom_1687965657482{padding-top: 30px !important;}&#8221; conditional_render=&#8221;%5B%7B%22value_role%22%3A%22administrator%22%7D%5D&#8221;][vc_empty_space height=&#8221;170&#8243;][vc_custom_heading text=&#8221;Stage Erasmus: Idraulica&#8221; font_container=&#8221;tag:h1|font_size:27|text_align:center|color:%23ffffff&#8221; use_theme_fonts=&#8221;yes&#8221; css=&#8221;.vc_custom_1705078405673{margin-bottom: 15px !important;background-color: rgba(136,136,136,0.29) !important;*background-color: rgb(136,136,136) !important;}&#8221; animation_type=&#8221;zoomIn&#8221;][vc_empty_space height=&#8221;40&#8243;][\/vc_column][\/vc_row][vc_row wrap_container=&#8221;yes&#8221; text_align=&#8221;justify&#8221;][vc_column text_align=&#8221;justify&#8221;][vc_column_text] Home Settori di stage Mobilit\u00e0 Erasmus Plus nel settore delle costruzioni Tirocinio Erasmus: Idraulica [\/vc_column_text][vc_custom_heading text=&#8221;Tirocinio Erasmus Idraulico: un&#8217;esperienza gratificante&#8221; use_theme_fonts=&#8221;yes&#8221; css=&#8221;.vc_custom_1705078480005{margin-top: 20px !important;}&#8221;][vc_separator][vc_row_inner][vc_column_inner<\/p>\n","protected":false},"author":2,"featured_media":0,"parent":12707,"menu_order":0,"comment_status":"closed","ping_status":"closed","template":"","meta":{"footnotes":""},"class_list":["post-22575","page","type-page","status-publish","hentry"],"_links":{"self":[{"href":"https:\/\/espamob.com\/it\/wp-json\/wp\/v2\/pages\/22575","targetHints":{"allow":["GET"]}}],"collection":[{"href":"https:\/\/espamob.com\/it\/wp-json\/wp\/v2\/pages"}],"about":[{"href":"https:\/\/espamob.com\/it\/wp-json\/wp\/v2\/types\/page"}],"author":[{"embeddable":true,"href":"https:\/\/espamob.com\/it\/wp-json\/wp\/v2\/users\/2"}],"replies":[{"embeddable":true,"href":"https:\/\/espamob.com\/it\/wp-json\/wp\/v2\/comments?post=22575"}],"version-history":[{"count":0,"href":"https:\/\/espamob.com\/it\/wp-json\/wp\/v2\/pages\/22575\/revisions"}],"up":[{"embeddable":true,"href":"https:\/\/espamob.com\/it\/wp-json\/wp\/v2\/pages\/12707"}],"wp:attachment":[{"href":"https:\/\/espamob.com\/it\/wp-json\/wp\/v2\/media?parent=22575"}],"curies":[{"name":"wp","href":"https:\/\/api.w.org\/{rel}","templated":true}]}}