{"id":22507,"date":"2023-08-14T00:00:00","date_gmt":"2023-08-14T00:00:00","guid":{"rendered":"https:\/\/www.espamob.com\/settori-stage-aziende-erasmusplus\/costruzioni\/stage-erasmus-ebenisterie\/"},"modified":"2024-02-29T17:07:32","modified_gmt":"2024-02-29T17:07:32","slug":"stage-erasmus-ebanisteria","status":"publish","type":"page","link":"https:\/\/espamob.com\/it\/settori-stage-aziende-erasmusplus\/costruzioni\/stage-erasmus-ebanisteria\/","title":{"rendered":"Stage Erasmus : Eb\u00e9nisterie"},"content":{"rendered":"<div class=\"wpb-content-wrapper\"><p>[vc_row css=&#8221;.vc_custom_1704997840750{margin-top: -20px !important;margin-bottom: 40px !important;background-image: url(https:\/\/espamob.com\/wp-content\/uploads\/2024\/01\/Ebanisteria.webp?id=22479) !important;}&#8221; conditional_render=&#8221;%5B%7B%22value_role%22%3A%22administrator%22%7D%5D&#8221;][vc_column css=&#8221;.vc_custom_1687965657482{padding-top: 30px !important;}&#8221; conditional_render=&#8221;%5B%7B%22value_role%22%3A%22administrator%22%7D%5D&#8221;][vc_empty_space height=&#8221;170&#8243;][vc_custom_heading text=&#8221;Stage Erasmus: Ebanisteria&#8221; font_container=&#8221;tag:h1|font_size:27|text_align:center|color:%23ffffff&#8221; use_theme_fonts=&#8221;yes&#8221; css=&#8221;.vc_custom_1705064916385{margin-bottom: 15px !important;background-color: rgba(136,136,136,0.29) !important;*background-color: rgb(136,136,136) !important;}&#8221; animation_type=&#8221;zoomIn&#8221;][vc_empty_space height=&#8221;40&#8243;][\/vc_column][\/vc_row][vc_row wrap_container=&#8221;yes&#8221; text_align=&#8221;justify&#8221;][vc_column text_align=&#8221;justify&#8221;][vc_column_text]<\/p>\n<nav aria-label=\"breadcrumb\">\n<ol class=\"breadcrumb\">\n<li class=\"breadcrumb-item\"><a href=\"https:\/\/espamob.com\/it\">Home<\/a><\/li>\n<li class=\"breadcrumb-item\"><a href=\"https:\/\/espamob.com\/it\/settori-stage-aziende-erasmusplus\">Settori di stage<\/a><\/li>\n<li class=\"breadcrumb-item active\" aria-current=\"page\"><a href=\"https:\/\/espamob.com\/it\/settori-stage-aziende-erasmusplus\/costruzioni\/\">Mobilit\u00e0 Erasmus Plus nel settore delle costruzioni<\/a><\/li>\n<li class=\"breadcrumb-item active\" aria-current=\"page\">Stage Erasmus: Ebanisteria<\/li>\n<\/ol>\n<\/nav>\n<p>[\/vc_column_text][vc_custom_heading text=&#8221;Stage Erasmus Ebanisteria: sviluppa le tue competenze in falegnameria all&#8217;estero&#8221; use_theme_fonts=&#8221;yes&#8221; css=&#8221;.vc_custom_1705064978647{margin-top: 20px !important;}&#8221;][vc_separator][vc_row_inner][vc_column_inner width=&#8221;7\/12&#8243;][vc_column_text]<span style=\"font-weight: 400;\">Il programma <strong>Erasmus+<\/strong> \u00e8 un&#8217;ottima opportunit\u00e0 per gli studenti di tutto il mondo di vivere un&#8217;esperienza unica e arricchente. Per coloro che desiderano specializzarsi in ebanisteria, uno stage Erasmus in ebanisteria potrebbe essere la chiave per acquisire nuove competenze e approfondire le proprie conoscenze in questo campo. Questo articolo presenta i vari aspetti di questa avventura appassionante.<\/span><\/p>\n<h2>Perch\u00e9 scegliere uno stage Erasmus in ebanisteria?<\/h2>\n<p><span style=\"font-weight: 400;\">La scelta di uno stage Erasmus in ebanisteria offre diversi vantaggi:\u00a0<\/span><\/p>\n<ul>\n<li style=\"font-weight: 400;\" aria-level=\"1\"><span style=\"font-weight: 400;\"><strong>Scopri nuove tecniche e metodi di lavoro<\/strong>: ogni paese ha le proprie tradizioni e metodologie in materia di ebanisteria. Partecipare a uno stage Erasmus ti permetter\u00e0 di imparare nuove tecniche e di trarre ispirazione dai maestri artigiani locali.\u00a0<\/span><\/li>\n<li style=\"font-weight: 400;\" aria-level=\"1\"><span style=\"font-weight: 400;\"><strong>Amplia la tua rete professionale<\/strong>: lavorare all&#8217;estero ti dar\u00e0 la possibilit\u00e0 di incontrare numerosi professionisti del settore, scambiare idee con loro e creare relazioni durature che potranno essere utili per tutta la tua carriera.\u00a0<\/span><\/li>\n<li style=\"font-weight: 400;\" aria-level=\"1\"><span style=\"font-weight: 400;\"><strong>Migliora le tue competenze linguistiche<\/strong>: oltre a imparare i termini specifici legati all&#8217;ebanisteria, avrai anche l&#8217;opportunit\u00e0 di praticare la lingua locale, che sar\u00e0 un vantaggio prezioso sul mercato del lavoro.\u00a0<\/span><\/li>\n<li style=\"font-weight: 400;\" aria-level=\"1\"><span style=\"font-weight: 400;\"><strong>Approfitta di un&#8217;esperienza culturale unica<\/strong>: vivere e lavorare in un altro paese ti permetter\u00e0 di scoprire la sua cultura, le sue tradizioni e il suo stile di vita. Potrai arricchirti sia personalmente che professionalmente.\u00a0<\/span><\/li>\n<\/ul>\n<h2>Come trovare uno stage Erasmus in ebanisteria?<\/h2>\n<p><span style=\"font-weight: 400;\">Per trovare uno stage Erasmus in ebanisteria, segui alcune fasi:<\/span><\/p>\n<ol>\n<li style=\"font-weight: 400;\" aria-level=\"1\"><span style=\"font-weight: 400;\"><strong>Informarti presso il tuo istituto:<\/strong> la tua scuola o universit\u00e0 potrebbe avere partenariati con istituzioni straniere che offrono stage in ebanisteria. Possono anche aiutarti a compilare la tua candidatura e indirizzarti verso gli enti competenti.<\/span><\/li>\n<li style=\"font-weight: 400;\" aria-level=\"1\"><span style=\"font-weight: 400;\"><strong>Consultare siti web specializzati<\/strong>: alcuni siti web elencano offerte di stage all&#8217;estero in vari settori, compresa l&#8217;ebanisteria. Non esitare a consultarli regolarmente e a candidarti per le offerte che corrispondono al tuo profilo.<\/span><\/li>\n<li style=\"font-weight: 400;\" aria-level=\"1\"><span style=\"font-weight: 400;\"><strong>Contattare le aziende<\/strong>: se hai in mente un&#8217;azienda presso la quale vorresti svolgere il tuo stage, non esitare a metterti in contatto direttamente con loro per manifestare il tuo interesse e presentare la tua candidatura.<\/span><\/li>\n<li style=\"font-weight: 400;\" aria-level=\"1\"><span style=\"font-weight: 400;\"><strong>Utilizzare i social media professionali<\/strong>: piattaforme come LinkedIn possono essere utili per entrare in contatto con professionisti del settore o per trovare offerte di stage pubblicate da aziende all&#8217;estero. <\/span><\/li>\n<\/ol>\n<p>[\/vc_column_text][\/vc_column_inner][vc_column_inner width=&#8221;1\/12&#8243;][\/vc_column_inner][vc_column_inner width=&#8221;4\/12&#8243;][vc_single_image image=&#8221;18190&#8243; img_size=&#8221;400*400&#8243; alignment=&#8221;right&#8221; style=&#8221;vc_box_rounded&#8221;][vc_btn title=&#8221;Scoprire di pi\u00f9&#8221; style=&#8221;custom&#8221; custom_background=&#8221;#e20000&#8243; custom_text=&#8221;#ffffff&#8221; align=&#8221;center&#8221; link=&#8221;url:https%3A%2F%2Fespamob.com%2Fit%2Fcontacto-con-nuestro-equipo-de-movilidad%2F|title:Contacto|target:_blank&#8221;][\/vc_column_inner][\/vc_row_inner][vc_custom_heading text=&#8221;Preparare la tua candidatura per uno stage Erasmus in ebanisteria&#8221; font_container=&#8221;tag:h3|text_align:left&#8221; use_theme_fonts=&#8221;yes&#8221; css=&#8221;.vc_custom_1705065155883{margin-top: 20px !important;}&#8221;][vc_separator][vc_row_inner][vc_column_inner width=&#8221;7\/12&#8243;][vc_column_text]<span style=\"font-weight: 400;\">Per aumentare le tue possibilit\u00e0 nella ricerca di uno stage Erasmus in ebanisteria, \u00e8 essenziale preparare accuratamente la tua candidatura. Ecco alcuni consigli per aiutarti:\u00a0<\/span><\/p>\n<ul>\n<li style=\"font-weight: 400;\" aria-level=\"1\"><span style=\"font-weight: 400;\"><strong>Scrivi un CV adatto:<\/strong> metti in evidenza le tue competenze in ebanisteria e le tue esperienze professionali o extracurriculari legate a questo campo. Non dimenticare di adattare il tuo CV al paese in cui stai presentando la candidatura (formato, lingua, ecc.).\u00a0<\/span><\/li>\n<li style=\"font-weight: 400;\" aria-level=\"1\"><span style=\"font-weight: 400;\"><strong>Cura la tua lettera di motivazione:<\/strong> spiega perch\u00e9 desideri svolgere uno stage Erasmus in ebanisteria, quali sono i tuoi obiettivi professionali e come pensi che questa esperienza possa aiutarti a raggiungerli. Assicurati anche di personalizzare la tua lettera in base all&#8217;azienda a cui stai inviando la candidatura.\u00a0<\/span><\/li>\n<li style=\"font-weight: 400;\" aria-level=\"1\"><span style=\"font-weight: 400;\"><strong>Presenta un portfolio<\/strong>: se possibile, mostra un portfolio delle tue realizzazioni in ebanisteria per dimostrare le tue competenze concrete e il tuo know-how. Questo pu\u00f2 essere sotto forma di foto, video o persino piani di progetti su cui hai lavorato.\u00a0<\/span><\/li>\n<li style=\"font-weight: 400;\" aria-level=\"1\"><span style=\"font-weight: 400;\"><strong>Fornisci referenze:<\/strong> se hai gi\u00e0 svolto stage o lavorato nel settore, non esitare a fornire referenze che possano testimoniare la tua seriet\u00e0 e le tue competenze in ebanisteria.\u00a0<\/span><\/li>\n<\/ul>\n<h2>Sfruttare al massimo il tuo stage Erasmus in ebanisteria<\/h2>\n<p><span style=\"font-weight: 400;\">Una volta ottenuto lo stage Erasmus in ebanisteria, \u00e8 importante godersi appieno questa esperienza. Ecco alcuni consigli per trarre il massimo dal tuo soggiorno all&#8217;estero:\u00a0<\/span><\/p>\n<ul>\n<li><span style=\"font-weight: 400;\"><strong> Adattati rapidamente<\/strong>: appena arrivi, cerca di familiarizzarti con i metodi di lavoro locali e impara velocemente le tecniche specifiche del paese in cui ti trovi.\u00a0<\/span><\/li>\n<\/ul>\n<ul>\n<li style=\"font-weight: 400;\" aria-level=\"1\"><span style=\"font-weight: 400;\"><strong>Condividi le tue conoscenze:<\/strong> non esitare a condividere le tue tecniche e il tuo know-how con i tuoi colleghi stranieri per scambiare conoscenze e arricchire reciprocamente le vostre competenze.\u00a0<\/span><\/li>\n<li style=\"font-weight: 400;\" aria-level=\"1\"><span style=\"font-weight: 400;\"><strong>Non avere paura di fare domande<\/strong>: se non capisci alcune cose o hai bisogno di aiuto, non esitare a chiedere ai tuoi colleghi o al tuo maestro di stage. Saranno generalmente felici di aiutarti e condividere le loro conoscenze con te.\u00a0<\/span><\/li>\n<li style=\"font-weight: 400;\" aria-level=\"1\"><span style=\"font-weight: 400;\"><strong>Coinvolgiti nella vita locale<\/strong>: partecipa agli eventi culturali, ai workshop o alle formazioni offerte dalla tua azienda o dalla tua citt\u00e0 ospitante. Ci\u00f2 ti permetter\u00e0 di capire meglio la cultura locale e di creare legami con gli abitanti.\u00a0<\/span><\/li>\n<li style=\"font-weight: 400;\" aria-level=\"1\"><span style=\"font-weight: 400;\"><strong>Rimani in contatto<\/strong>: mantieni i contatti professionali e amichevoli che hai stretto durante il tuo stage. Non sai mai quando questi contatti potrebbero rivelarsi utili in futuro.\u00a0<\/span><\/li>\n<\/ul>\n<p><span style=\"font-weight: 400;\">Seguendo questi consigli, il tuo <strong>stage Erasmus in ebanisteria<\/strong> sar\u00e0 un&#8217;esperienza arricchente e indimenticabile che ti permetter\u00e0 di sviluppare le tue competenze in falegnameria mentre scopri una nuova cultura. Quindi, non esitare e lanciati in questa avventura unica!<\/span>[\/vc_column_text][\/vc_column_inner][vc_column_inner width=&#8221;1\/12&#8243;][\/vc_column_inner][vc_column_inner width=&#8221;4\/12&#8243;][vc_raw_html]JTNDZGl2JTIwc3R5bGUlM0QlMjJwYWRkaW5nJTNBJTIwMzBweCUzQmJhY2tncm91bmQtY29sb3IlM0ElMjAlMjNGNEY0RjQlM0IlMjIlM0UlMEElMjAlMjAlMjAlMjAlM0NoNCUzRVNjb3ByaSUyMHR1dHRpJTIwaSUyMHNldHRvcmklMjBkaSUyMHRpcm9jaW5pbyUzQyUyRmg0JTNFJTBBJTIwJTIwJTIwJTIwJTNDcCUzRUwlMjdFc3BhbW9iJTIwJUMzJUE4JTIwc3BlY2lhbGl6emF0byUyMG5lbGwlMjdhc3Npc3RlbnphJTIwYWklMjBncnVwcGklMjBwZXIlMjBsYSUyMG1vYmlsaXQlQzMlQTAlMjBFcmFzbXVzJTIwJTJCLiUyMFNjb3ByaXRlJTIwdHV0dGklMjBpJTIwc2V0dG9yaSUyMGRpJTIwdGlyb2NpbmlvJTIwRXJhc211cyUyMGluJTIwU3BhZ25hJTIwaW4lMjBwb2NoaSUyMGNsaWMuJTNDJTJGcCUzRSUwQSUyMCUyMCUyMCUyMCUzQ2ElMjBjbGFzcyUzRCUyMnZjX2dlbmVyYWwlMjB2Y19idG4zJTIwdmNfYnRuMy1zaXplLW1kJTIwdmNfYnRuMy1zaGFwZS1kZWZhdWx0JTIwdmNfYnRuMy1zdHlsZS1jdXN0b20lMjB3cGJfY3VzdG9tXzY2ODdiMjZmMzk0ODhkZGJiODVkZGIzYzFjZThlMTExJTIwYnRuJTIyJTIwc3R5bGUlM0QlMjJiYWNrZ3JvdW5kLWNvbG9yJTNBJTIzZTIwMDAwJTNCJTIwY29sb3IlM0ElMjNmZmZmZmYlM0IlMjBiYWNrZ3JvdW5kLWNvbG9yJTNBJTIzZTIwMDAwJTNCJTIwY29sb3IlM0ElMjNmZmZmZmYlM0IlMjIlMjBocmVmJTNEJTIyaHR0cHMlM0ElMkYlMkZ3d3cuZXNwYW1vYi5jb20lMkZpdCUyRnNldHRvcmktc3RhZ2UtYXppZW5kZS1lcmFzbXVzcGx1cyUyRiUyMiUyMHRpdGxlJTNEJTIyU2V0dG9yaSUyMGRpJTIwc3RhZ2UlMjIlMjB0YXJnZXQlM0QlMjJfYmxhbmslMjIlM0VTY29wcmlyZSUyMGklMjBzZXR0b3JpJTNDJTJGYSUzRSUwQSUzQyUyRmRpdiUzRQ==[\/vc_raw_html][\/vc_column_inner][\/vc_row_inner][\/vc_column][\/vc_row][vc_row full_width=&#8221;stretch_row&#8221; wrap_container=&#8221;yes&#8221; is_section=&#8221;yes&#8221; css=&#8221;.vc_custom_1705065261863{padding-top: 15px !important;padding-bottom: 15px !important;background-color: #f8f392 !important;}&#8221; conditional_render=&#8221;%5B%7B%22value_role%22%3A%22administrator%22%7D%5D&#8221;][vc_column][vc_row_inner css=&#8221;.vc_custom_1688548648248{background-color: #f8f392 !important;}&#8221;][vc_column_inner][vc_custom_heading text=&#8221;Richiedi un preventivo gratuito&#8221; font_container=&#8221;tag:h2|text_align:center&#8221; use_theme_fonts=&#8221;yes&#8221;][vc_column_text]<\/p>\n<p style=\"text-align: justify;\">Hai un\u2019idea per un progetto Erasmus+ in Spagna e cerchi un partner fidato che ti supporti? <strong>Espamob<\/strong>\u2019 \u00e8 qui per aiutarti! Ti offriamo un preventivo gratuito e senza impegno per aiutarti a gestire il tuo progetto di mobilit\u00e0. Grazie alla nostra competenza e alla nostra rete di aziende partner, siamo in grado di offrirvi un supporto personalizzato per soddisfare le vostre specifiche esigenze. Contattaci ora per discutere del tuo progetto e ottenere il tuo preventivo gratuito.<\/p>\n<p>[\/vc_column_text]<div id=\"modal-trg-txt-wrap-7559\" class=\"ult-modal-input-wrapper ult-adjust-bottom-margin    \" data-keypress-control=\"keypress-control-enable\" data-overlay-control=\"overlay-control-enable\"><style>\n\t\t\t\t\t.btn-modal.btn-id-69e7989f1f2a90-82524681:hover {\n\t\t\t\t\t\tbackground-color: #e20000 !important;\n\t\t\t\t\t}\n\t\t\t\t\t<\/style><button  data-ultimate-target='#modal-trg-txt-wrap-7559 .btn-modal'  data-responsive-json-new='{\"font-size\":\"\",\"line-height\":\"\"}'  style=\"background:#888888;border-color:#888888;color:#ffffff; \" data-class-id=\"content-69e7989f1f2a90-82524681\" class=\"btn-modal ult-responsive btn-primary btn-modal-md overlay-show ult-align-center btn-id-69e7989f1f2a90-82524681\" data-overlay-class=\"overlay-cornerbottomleft\">RICHIEDI PREVENTIVO GRATUITO<\/button><\/div>\n<div class=\"ult-overlay content-69e7989f1f2a90-82524681 \" data-class=\"content-69e7989f1f2a90-82524681\" id=\"button-click-overlay\" style=\"background:rgba(51,51,51,0.8); display:none;\">\n\t<div class=\"ult_modal ult-fade ult-medium\">\n\t\t<div id=\"ult-modal-wrap-7885\" class=\"ult_modal-content ult-hide\" style=\"border-style:solid;border-width:2px;border-radius:0px;border-color:#333333;\">\n\t\t\t<div class=\"ult_modal-header\" style=\"color:#333333;border-color:#333333;\">\n\t\t\t\t<h3  data-ultimate-target='#ult-modal-wrap-7885 .ult_modal-title'  data-responsive-json-new='{\"font-size\":\"\",\"line-height\":\"\"}'  class=\"ult_modal-title ult-responsive\">RICHIEDI PREVENTIVO GRATUITO<\/h3>\n\t\t\t<\/div>\n\t\t\t<div  data-ultimate-target='#ult-modal-wrap-7885 .ult_modal-body'  data-responsive-json-new='{\"font-size\":\"\",\"line-height\":\"\"}'  class=\"ult_modal-body ult-responsive ult-html\" style=\"\">\n\t\t\t<\/p>\n<p>[caldera_form id=&#8221;CF61499d9470acd&#8221;]<\/p>\n<p>\n\t\t\t<\/div>\n\t<\/div>\n\t<\/div>\n\t<div class=\"ult-overlay-close top-right\" style=\"width:80px;height:80px; \"><div class=\"ult-overlay-close-inside\">Close<\/div><\/div>\n<\/div>[\/vc_column_inner][\/vc_row_inner][\/vc_column][\/vc_row][vc_row wrap_container=&#8221;yes&#8221; css=&#8221;.vc_custom_1689256499740{margin-top: 15px !important;}&#8221; conditional_render=&#8221;%5B%7B%22value_role%22%3A%22administrator%22%7D%5D&#8221;][vc_column][vc_custom_heading text=&#8221;Domande frequenti&#8221; font_container=&#8221;tag:h2|text_align:center|color:%23000000&#8243; use_theme_fonts=&#8221;yes&#8221;][vc_separator][vc_row_inner][vc_column_inner width=&#8221;7\/12&#8243;][vc_column_text]<\/p>\n<h3>Quali sono i vantaggi di scegliere Espamob per uno stage Erasmus in Ebanisteria?<\/h3>\n<p><span style=\"font-weight: 400;\">I vantaggi di scegliere Espamob per uno stage Erasmus in Ebanisteria sono molteplici. Innanzitutto, Espamob possiede una competenza specifica in questo settore, il che significa che hanno partenariati solidi con aziende e universit\u00e0 specializzate in ebanisteria in Spagna. Ci\u00f2 garantisce ai partecipanti un ambiente favorevole all&#8217;apprendimento e allo sviluppo delle loro competenze in questo campo. Inoltre, Espamob si occupa di tutti gli aspetti logistici, come la ricerca di finanziamenti, la gestione degli alloggi e l&#8217;accoglienza in aeroporto, consentendo ai partecipanti di concentrarsi completamente sul loro stage.\u00a0<\/span><\/p>\n<h3>Come Espamob assiste i gruppi nella creazione del loro progetto di stage Erasmus in Ebanisteria?<\/h3>\n<p><span style=\"font-weight: 400;\">Espamob assiste i gruppi nella creazione del loro progetto di stage Erasmus in Ebanisteria fornendo consigli e risorse preziose. Aiutano i partecipanti a definire i loro obiettivi e a formulare il progetto in modo chiaro e coerente. Inoltre, Espamob mette a disposizione strumenti e modelli di documenti per agevolare la creazione del progetto. Sono anche disponibili per rispondere alle domande e fornire supporto durante l&#8217;intero processo di creazione del progetto.\u00a0<\/span><\/p>\n<h3>Espamob offre stage in Ebanisteria presso aziende partner in Spagna?<\/h3>\n<p><span style=\"font-weight: 400;\">S\u00ec, Espamob offre stage in Ebanisteria presso aziende partner in Spagna. Grazie alla loro rete di partner, sono in grado di trovare opportunit\u00e0 di stage in aziende specializzate in ebanisteria. Questi stage consentono ai partecipanti di acquisire esperienza pratica e mettere in pratica le competenze acquisite durante la loro formazione. Espamob si assicura che gli stage siano adattati alle esigenze e agli interessi dei partecipanti, al fine di massimizzare la loro esperienza e apprendimento.<\/span>[\/vc_column_text][\/vc_column_inner][vc_column_inner width=&#8221;1\/12&#8243;][\/vc_column_inner][vc_column_inner width=&#8221;4\/12&#8243;][vc_single_image image=&#8221;15074&#8243; img_size=&#8221;full&#8221;][vc_column_text]<strong>Scopri le diverse destinazioni Erasmus+ in Spagna: <\/strong><\/p>\n<ul>\n<li><a href=\"https:\/\/espamob.com\/it\/settori-stage-aziende-erasmusplus\/costruzioni\/stage-erasmus-piastrellatura\/\">Stage Erasmus Piastrellatura<\/a><\/li>\n<li><a href=\"https:\/\/espamob.com\/it\/settori-stage-aziende-erasmusplus\/costruzioni\/stage-erasmus-muratura\/\">Stage Erasmus Muratura<\/a><\/li>\n<li><a href=\"https:\/\/espamob.com\/it\/settori-stage-aziende-erasmusplus\/costruzioni\/stage-erasmus-elettricita\/\">Stage Erasmus Elettricit\u00e0<\/a><\/li>\n<li><a href=\"https:\/\/espamob.com\/it\/settori-stage-aziende-erasmusplus\/costruzioni\/stage-erasmus-pittura-per-edifici\/\">Stage Erasmus Pittura per edifici<\/a><\/li>\n<li><a href=\"https:\/\/espamob.com\/it\/settori-stage-aziende-erasmusplus\/costruzioni\/stage-erasmus-falegnameria\/\">Stage Erasmus Falegnameria<\/a><\/li>\n<li><a href=\"https:\/\/espamob.com\/it\/settori-stage-aziende-erasmusplus\/costruzioni\/stage-erasmus-idraulica\/\">Stage Erasmus Idraulica<\/a><\/li>\n<\/ul>\n<p>[\/vc_column_text][\/vc_column_inner][\/vc_row_inner][\/vc_column][\/vc_row]<\/p>\n<\/div>","protected":false},"excerpt":{"rendered":"<p>[vc_row css=&#8221;.vc_custom_1704997840750{margin-top: -20px !important;margin-bottom: 40px !important;background-image: url(https:\/\/espamob.com\/wp-content\/uploads\/2024\/01\/Ebanisteria.webp?id=22479) !important;}&#8221; conditional_render=&#8221;%5B%7B%22value_role%22%3A%22administrator%22%7D%5D&#8221;][vc_column css=&#8221;.vc_custom_1687965657482{padding-top: 30px !important;}&#8221; conditional_render=&#8221;%5B%7B%22value_role%22%3A%22administrator%22%7D%5D&#8221;][vc_empty_space height=&#8221;170&#8243;][vc_custom_heading text=&#8221;Stage Erasmus: Ebanisteria&#8221; font_container=&#8221;tag:h1|font_size:27|text_align:center|color:%23ffffff&#8221; use_theme_fonts=&#8221;yes&#8221; css=&#8221;.vc_custom_1705064916385{margin-bottom: 15px !important;background-color: rgba(136,136,136,0.29) !important;*background-color: rgb(136,136,136) !important;}&#8221; animation_type=&#8221;zoomIn&#8221;][vc_empty_space height=&#8221;40&#8243;][\/vc_column][\/vc_row][vc_row wrap_container=&#8221;yes&#8221; text_align=&#8221;justify&#8221;][vc_column text_align=&#8221;justify&#8221;][vc_column_text] Home Settori di stage Mobilit\u00e0 Erasmus Plus nel settore delle costruzioni Stage Erasmus: Ebanisteria [\/vc_column_text][vc_custom_heading text=&#8221;Stage Erasmus Ebanisteria: sviluppa le tue competenze in falegnameria<\/p>\n","protected":false},"author":2,"featured_media":0,"parent":12707,"menu_order":0,"comment_status":"closed","ping_status":"closed","template":"","meta":{"footnotes":""},"class_list":["post-22507","page","type-page","status-publish","hentry"],"_links":{"self":[{"href":"https:\/\/espamob.com\/it\/wp-json\/wp\/v2\/pages\/22507","targetHints":{"allow":["GET"]}}],"collection":[{"href":"https:\/\/espamob.com\/it\/wp-json\/wp\/v2\/pages"}],"about":[{"href":"https:\/\/espamob.com\/it\/wp-json\/wp\/v2\/types\/page"}],"author":[{"embeddable":true,"href":"https:\/\/espamob.com\/it\/wp-json\/wp\/v2\/users\/2"}],"replies":[{"embeddable":true,"href":"https:\/\/espamob.com\/it\/wp-json\/wp\/v2\/comments?post=22507"}],"version-history":[{"count":0,"href":"https:\/\/espamob.com\/it\/wp-json\/wp\/v2\/pages\/22507\/revisions"}],"up":[{"embeddable":true,"href":"https:\/\/espamob.com\/it\/wp-json\/wp\/v2\/pages\/12707"}],"wp:attachment":[{"href":"https:\/\/espamob.com\/it\/wp-json\/wp\/v2\/media?parent=22507"}],"curies":[{"name":"wp","href":"https:\/\/api.w.org\/{rel}","templated":true}]}}