{"id":22491,"date":"2023-08-14T00:00:00","date_gmt":"2023-08-14T00:00:00","guid":{"rendered":"https:\/\/www.espamob.com\/settori-stage-aziende-erasmusplus\/costruzioni\/stage-erasmus-maconnerie\/"},"modified":"2024-01-14T12:01:29","modified_gmt":"2024-01-14T12:01:29","slug":"stage-erasmus-muratura","status":"publish","type":"page","link":"https:\/\/espamob.com\/it\/settori-stage-aziende-erasmusplus\/costruzioni\/stage-erasmus-muratura\/","title":{"rendered":"Stage Erasmus : Ma\u00e7onnerie"},"content":{"rendered":"<div class=\"wpb-content-wrapper\"><p>[vc_row css=&#8221;.vc_custom_1704997686865{margin-top: -20px !important;margin-bottom: 40px !important;background-image: url(https:\/\/espamob.com\/wp-content\/uploads\/2024\/01\/Mamposteria.webp?id=22456) !important;}&#8221; conditional_render=&#8221;%5B%7B%22value_role%22%3A%22administrator%22%7D%5D&#8221;][vc_column css=&#8221;.vc_custom_1687965657482{padding-top: 30px !important;}&#8221; conditional_render=&#8221;%5B%7B%22value_role%22%3A%22administrator%22%7D%5D&#8221;][vc_empty_space height=&#8221;170&#8243;][vc_custom_heading text=&#8221;Stage Erasmus: Muratura&#8221; font_container=&#8221;tag:h1|font_size:27|text_align:center|color:%23ffffff&#8221; use_theme_fonts=&#8221;yes&#8221; css=&#8221;.vc_custom_1705057742502{margin-bottom: 15px !important;background-color: rgba(136,136,136,0.29) !important;*background-color: rgb(136,136,136) !important;}&#8221; animation_type=&#8221;zoomIn&#8221;][vc_empty_space height=&#8221;40&#8243;][\/vc_column][\/vc_row][vc_row wrap_container=&#8221;yes&#8221; text_align=&#8221;justify&#8221;][vc_column text_align=&#8221;justify&#8221;][vc_column_text]<\/p>\n<nav aria-label=\"breadcrumb\">\n<ol class=\"breadcrumb\">\n<li class=\"breadcrumb-item\"><a href=\"https:\/\/espamob.com\/it\">Home<\/a><\/li>\n<li class=\"breadcrumb-item\"><a href=\"https:\/\/espamob.com\/it\/settori-stage-aziende-erasmusplus\">Settori di stage<\/a><\/li>\n<li class=\"breadcrumb-item active\" aria-current=\"page\"><a href=\"https:\/\/espamob.com\/it\/settori-stage-aziende-erasmusplus\/costruzioni\/\">Mobilit\u00e0 Erasmus Plus nel settore delle costruzioni<\/a><\/li>\n<li class=\"breadcrumb-item active\" aria-current=\"page\">Tirocinio Erasmus: Muratura<\/li>\n<\/ol>\n<\/nav>\n<p>[\/vc_column_text][vc_custom_heading text=&#8221;Stage Erasmus Muratura: un&#8217;esperienza professionale arricchente&#8221; use_theme_fonts=&#8221;yes&#8221; css=&#8221;.vc_custom_1705057767296{margin-top: 20px !important;}&#8221;][vc_separator][vc_row_inner][vc_column_inner width=&#8221;7\/12&#8243;][vc_column_text]Se sei uno studente di muratura e cerchi un&#8217;esperienza internazionale, lo stage Erasmus Muratura \u00e8 la soluzione ideale per te! In questo articolo esploreremo insieme le opportunit\u00e0 offerte da uno stage del genere, nonch\u00e9 le professioni legate alla muratura nel settore edile.<\/p>\n<h2>Il programma Erasmus+: opportunit\u00e0 per i giovani professionisti del settore edile<\/h2>\n<p>Il programma Erasmus+ \u00e8 un&#8217;iniziativa europea che consente agli studenti e ai giovani professionisti di svolgere un periodo di formazione all&#8217;estero nel contesto del loro percorso formativo. Offre, in particolare, la possibilit\u00e0 di effettuare uno stage presso un&#8217;azienda situata in un altro paese europeo, rappresentando un valore aggiunto significativo sul mercato del lavoro.<\/p>\n<p>Per le professioni del settore edile, come la muratura, ci\u00f2 pu\u00f2 costituire un&#8217;opportunit\u00e0 unica per imparare nuove tecniche e approfondire le proprie competenze, tutto questo scoprendo una nuova cultura. <strong>Lo stage Erasmus Muratura rappresenta, quindi, un&#8217;occasione da cogliere per dare una spinta alla propria carriera nel settore edile.<\/strong><\/p>\n<h3>I vantaggi di uno stage in muratura all&#8217;estero<\/h3>\n<p>Svolgere uno stage Erasmus in muratura offre diversi vantaggi:<\/p>\n<ul>\n<li><strong>Scoprire nuovi metodi di lavoro<\/strong>: ogni paese ha le proprie specificit\u00e0 in termini di costruzione. Uno stage all&#8217;estero ti permette di familiarizzare con nuove tecniche e materiali.<\/li>\n<li><strong>Migliorare le competenze linguistiche<\/strong>: la conoscenza di una lingua straniera \u00e8 un vantaggio fondamentale per i muratori che cercano opportunit\u00e0 professionali internazionali. Lo stage Erasmus ti mette in totale immersione, favorendo cos\u00ec il miglioramento delle tue competenze linguistiche.<\/li>\n<li><strong>Espandere la propria rete professionale<\/strong>: partire per l&#8217;estero \u00e8 anche l&#8217;opportunit\u00e0 di incontrare professionisti del settore edile e condividere con loro le proprie esperienze. Una rete solida pu\u00f2 rivelarsi molto utile nella ricerca di un futuro impiego.<\/li>\n<\/ul>\n<p>[\/vc_column_text][\/vc_column_inner][vc_column_inner width=&#8221;1\/12&#8243;][\/vc_column_inner][vc_column_inner width=&#8221;4\/12&#8243;][vc_single_image image=&#8221;18225&#8243; img_size=&#8221;400*400&#8243; alignment=&#8221;right&#8221; style=&#8221;vc_box_rounded&#8221;][vc_btn title=&#8221;Scoprire di pi\u00f9&#8221; style=&#8221;custom&#8221; custom_background=&#8221;#e20000&#8243; custom_text=&#8221;#ffffff&#8221; align=&#8221;center&#8221; link=&#8221;url:https%3A%2F%2Fespamob.com%2Fit%2Fcontacto-con-nuestro-equipo-de-movilidad%2F|title:Contacto|target:_blank&#8221;][\/vc_column_inner][\/vc_row_inner][vc_custom_heading text=&#8221;Le professioni della muratura: un settore diversificato&#8221; font_container=&#8221;tag:h3|text_align:left&#8221; use_theme_fonts=&#8221;yes&#8221; css=&#8221;.vc_custom_1705057876023{margin-top: 20px !important;}&#8221;][vc_separator][vc_row_inner][vc_column_inner width=&#8221;7\/12&#8243;][vc_column_text]La muratura comprende diverse professioni legate alla costruzione, alla ristrutturazione o al restauro di edifici. Tra queste professioni, troviamo:<\/p>\n<ul>\n<li>Il muratore tradizionale: questo professionista realizza lavori di grande portata come la costruzione di muri portanti, pareti divisorie o pavimenti. Lavora generalmente con materiali come il cemento, il mattone o la pietra.<\/li>\n<li>Il muratore specializzato negli interventi di urbanizzazione, opera nella costruzione di strade, marciapiedi o canalizzazioni, ad esempio.<\/li>\n<li>Il tagliapietre: questa professione d&#8217;arte consiste nel lavorare la pietra per trasformarla in elementi architettonici o decorativi. Il tagliapietre interviene soprattutto nei cantieri di restauro di monumenti storici.<\/li>\n<li>Il costruttore di cemento armato: realizza strutture in cemento armato, come travi, lastre o colonne, rispettando piani precisi e utilizzando attrezzature specifiche.<\/li>\n<\/ul>\n<h2>Le competenze necessarie per lavorare nel settore della muratura<\/h2>\n<p>Per svolgere una professione nel campo della muratura, \u00e8 necessario possedere alcune competenze:<\/p>\n<ul>\n<li><strong>Precisione<\/strong>: la qualit\u00e0 e la solidit\u00e0 delle opere realizzate dipendono dal rispetto delle regole dell&#8217;arte e delle norme vigenti.<\/li>\n<li><strong>Spirito di squadra<\/strong>: i muratori lavorano generalmente all&#8217;interno di un team su un cantiere, \u00e8 quindi essenziale saper collaborare con i colleghi per portare a termine i vari progetti.<\/li>\n<li><strong>Polivalenza<\/strong>: ogni cantiere \u00e8 diverso e talvolta richiede di adattarsi a nuove tecniche o materiali. Inoltre, le professioni della muratura possono richiedere competenze nella lettura di piani, nei calcoli o nel disegno tecnico.<\/li>\n<li><strong>Resistenza fisica<\/strong>: i muratori sono chiamati a maneggiare pesi considerevoli e a lavorare in altezza o in posizioni scomode. Una buona condizione fisica \u00e8 quindi necessaria per svolgere queste professioni.<\/li>\n<\/ul>\n<h2>Scegliere uno stage Erasmus Muratura per distinguersi sul mercato del lavoro<\/h2>\n<p>In sintesi, svolgere uno stage Erasmus Muratura offre numerosi vantaggi agli studenti e ai giovani professionisti desiderosi di sviluppare le proprie competenze e acquisire un&#8217;esperienza gratificante a livello internazionale. <strong>Questo tipo di stage consente non solo di migliorare le competenze tecniche e linguistiche, ma anche di costruire una rete professionale solida e diversificata<\/strong>. Quindi, non esitare e cogli questa opportunit\u00e0 per distinguerti sul mercato del lavoro nel settore edile![\/vc_column_text][\/vc_column_inner][vc_column_inner width=&#8221;1\/12&#8243;][\/vc_column_inner][vc_column_inner width=&#8221;4\/12&#8243;][vc_raw_html]JTNDZGl2JTIwc3R5bGUlM0QlMjJwYWRkaW5nJTNBJTIwMzBweCUzQmJhY2tncm91bmQtY29sb3IlM0ElMjAlMjNGNEY0RjQlM0IlMjIlM0UlMEElMjAlMjAlMjAlMjAlM0NoNCUzRVNjb3ByaSUyMHR1dHRpJTIwaSUyMHNldHRvcmklMjBkaSUyMHRpcm9jaW5pbyUzQyUyRmg0JTNFJTBBJTIwJTIwJTIwJTIwJTNDcCUzRUwlMjdFc3BhbW9iJTIwJUMzJUE4JTIwc3BlY2lhbGl6emF0byUyMG5lbGwlMjdhc3Npc3RlbnphJTIwYWklMjBncnVwcGklMjBwZXIlMjBsYSUyMG1vYmlsaXQlQzMlQTAlMjBFcmFzbXVzJTIwJTJCLiUyMFNjb3ByaXRlJTIwdHV0dGklMjBpJTIwc2V0dG9yaSUyMGRpJTIwdGlyb2NpbmlvJTIwRXJhc211cyUyMGluJTIwU3BhZ25hJTIwaW4lMjBwb2NoaSUyMGNsaWMuJTNDJTJGcCUzRSUwQSUyMCUyMCUyMCUyMCUzQ2ElMjBjbGFzcyUzRCUyMnZjX2dlbmVyYWwlMjB2Y19idG4zJTIwdmNfYnRuMy1zaXplLW1kJTIwdmNfYnRuMy1zaGFwZS1kZWZhdWx0JTIwdmNfYnRuMy1zdHlsZS1jdXN0b20lMjB3cGJfY3VzdG9tXzY2ODdiMjZmMzk0ODhkZGJiODVkZGIzYzFjZThlMTExJTIwYnRuJTIyJTIwc3R5bGUlM0QlMjJiYWNrZ3JvdW5kLWNvbG9yJTNBJTIzZTIwMDAwJTNCJTIwY29sb3IlM0ElMjNmZmZmZmYlM0IlMjBiYWNrZ3JvdW5kLWNvbG9yJTNBJTIzZTIwMDAwJTNCJTIwY29sb3IlM0ElMjNmZmZmZmYlM0IlMjIlMjBocmVmJTNEJTIyaHR0cHMlM0ElMkYlMkZ3d3cuZXNwYW1vYi5jb20lMkZpdCUyRnNldHRvcmktc3RhZ2UtYXppZW5kZS1lcmFzbXVzcGx1cyUyRiUyMiUyMHRpdGxlJTNEJTIyU2V0dG9yaSUyMGRpJTIwc3RhZ2UlMjIlMjB0YXJnZXQlM0QlMjJfYmxhbmslMjIlM0VTY29wcmlyZSUyMGklMjBzZXR0b3JpJTNDJTJGYSUzRSUwQSUzQyUyRmRpdiUzRQ==[\/vc_raw_html][\/vc_column_inner][\/vc_row_inner][\/vc_column][\/vc_row][vc_row full_width=&#8221;stretch_row&#8221; wrap_container=&#8221;yes&#8221; is_section=&#8221;yes&#8221; css=&#8221;.vc_custom_1705057998692{padding-top: 15px !important;padding-bottom: 15px !important;background-color: #f8f392 !important;}&#8221; conditional_render=&#8221;%5B%7B%22value_role%22%3A%22administrator%22%7D%5D&#8221;][vc_column][vc_row_inner css=&#8221;.vc_custom_1688548648248{background-color: #f8f392 !important;}&#8221;][vc_column_inner][vc_custom_heading text=&#8221;Richiedi un preventivo gratuito&#8221; font_container=&#8221;tag:h2|text_align:center&#8221; use_theme_fonts=&#8221;yes&#8221;][vc_column_text]<\/p>\n<p style=\"text-align: justify;\">Hai un\u2019idea per un progetto Erasmus+ in Spagna e cerchi un partner fidato che ti supporti? <strong>Espamob<\/strong>\u2019 \u00e8 qui per aiutarti! Ti offriamo un preventivo gratuito e senza impegno per aiutarti a gestire il tuo progetto di mobilit\u00e0. Grazie alla nostra competenza e alla nostra rete di aziende partner, siamo in grado di offrirvi un supporto personalizzato per soddisfare le vostre specifiche esigenze. Contattaci ora per discutere del tuo progetto e ottenere il tuo preventivo gratuito.<\/p>\n<p>[\/vc_column_text]<div id=\"modal-trg-txt-wrap-5708\" class=\"ult-modal-input-wrapper ult-adjust-bottom-margin    \" data-keypress-control=\"keypress-control-enable\" data-overlay-control=\"overlay-control-enable\"><style>\n\t\t\t\t\t.btn-modal.btn-id-69e7bad80df499-27631902:hover {\n\t\t\t\t\t\tbackground-color: #e20000 !important;\n\t\t\t\t\t}\n\t\t\t\t\t<\/style><button  data-ultimate-target='#modal-trg-txt-wrap-5708 .btn-modal'  data-responsive-json-new='{\"font-size\":\"\",\"line-height\":\"\"}'  style=\"background:#888888;border-color:#888888;color:#ffffff; \" data-class-id=\"content-69e7bad80df499-27631902\" class=\"btn-modal ult-responsive btn-primary btn-modal-md overlay-show ult-align-center btn-id-69e7bad80df499-27631902\" data-overlay-class=\"overlay-cornerbottomleft\">RICHIEDI PREVENTIVO GRATUITO<\/button><\/div>\n<div class=\"ult-overlay content-69e7bad80df499-27631902 \" data-class=\"content-69e7bad80df499-27631902\" id=\"button-click-overlay\" style=\"background:rgba(51,51,51,0.8); display:none;\">\n\t<div class=\"ult_modal ult-fade ult-medium\">\n\t\t<div id=\"ult-modal-wrap-9121\" class=\"ult_modal-content ult-hide\" style=\"border-style:solid;border-width:2px;border-radius:0px;border-color:#333333;\">\n\t\t\t<div class=\"ult_modal-header\" style=\"color:#333333;border-color:#333333;\">\n\t\t\t\t<h3  data-ultimate-target='#ult-modal-wrap-9121 .ult_modal-title'  data-responsive-json-new='{\"font-size\":\"\",\"line-height\":\"\"}'  class=\"ult_modal-title ult-responsive\">RICHIEDI PREVENTIVO GRATUITO<\/h3>\n\t\t\t<\/div>\n\t\t\t<div  data-ultimate-target='#ult-modal-wrap-9121 .ult_modal-body'  data-responsive-json-new='{\"font-size\":\"\",\"line-height\":\"\"}'  class=\"ult_modal-body ult-responsive ult-html\" style=\"\">\n\t\t\t[caldera_form id=&#8221;CF61499d9470acd&#8221;]\n\t\t\t<\/div>\n\t<\/div>\n\t<\/div>\n\t<div class=\"ult-overlay-close top-right\" style=\"width:80px;height:80px; \"><div class=\"ult-overlay-close-inside\">Close<\/div><\/div>\n<\/div>[\/vc_column_inner][\/vc_row_inner][\/vc_column][\/vc_row][vc_row wrap_container=&#8221;yes&#8221; css=&#8221;.vc_custom_1689256499740{margin-top: 15px !important;}&#8221; conditional_render=&#8221;%5B%7B%22value_role%22%3A%22administrator%22%7D%5D&#8221;][vc_column][vc_custom_heading text=&#8221;Domande frequenti&#8221; font_container=&#8221;tag:h2|text_align:center|color:%23000000&#8243; use_theme_fonts=&#8221;yes&#8221;][vc_separator][vc_row_inner][vc_column_inner width=&#8221;7\/12&#8243;][vc_column_text]<\/p>\n<h3>Quali sono i vantaggi di scegliere Espamob per effettuare uno stage Erasmus nel settore della muratura?<\/h3>\n<p>Scegliere Espamob per uno stage Erasmus nel settore della muratura offre numerosi vantaggi. In quanto agenzia specializzata, Espamob dispone di una solida rete di partner nel settore delle costruzioni in Spagna, semplificando la ricerca di stage di qualit\u00e0. Inoltre, Espamob assiste i gruppi in tutte le fasi del progetto, dalla creazione alla realizzazione, garantendo un&#8217;esperienza di stage Erasmus fluida e ben organizzata.<\/p>\n<h3>Come Espamob aiuta i gruppi a trovare finanziamenti per il loro stage Erasmus in muratura?<\/h3>\n<p>Espamob offre un servizio di assistenza nella ricerca di finanziamenti per gli stage Erasmus in muratura. L&#8217;agenzia fornisce consigli e risorse per aiutare i gruppi a identificare diverse opportunit\u00e0 di finanziamento, sia attraverso borse di studio Erasmus che sovvenzioni nazionali o regionali, o attraverso collaborazioni con aziende. Espamob guida anche i gruppi nella redazione delle domande di finanziamento e li aiuta a massimizzare le loro possibilit\u00e0 di successo.<\/p>\n<h3>Come \u00e8 organizzato l&#8217;accoglienza dei gruppi di stagisti in muratura da parte di Espamob?<\/h3>\n<p>Espamob si occupa dell&#8217;accoglienza dei gruppi di stagisti in muratura gi\u00e0 dal loro arrivo in Spagna. L&#8217;agenzia si occupa della prenotazione di alloggi adatti alle esigenze del gruppo, che siano in residenze per studenti, appartamenti condivisi o famiglie ospitanti. Inoltre, Espamob gestisce il trasporto dall&#8217;aeroporto al luogo di alloggio. Per tutta la durata dello stage, l&#8217;agenzia rimane disponibile per rispondere alle domande e fornire supporto logistico agli stagisti[\/vc_column_text][\/vc_column_inner][vc_column_inner width=&#8221;1\/12&#8243;][\/vc_column_inner][vc_column_inner width=&#8221;4\/12&#8243;][vc_single_image image=&#8221;15074&#8243; img_size=&#8221;full&#8221;][vc_column_text]<strong>Scopri le diverse destinazioni Erasmus+ in Spagna: <\/strong><\/p>\n<ul>\n<li><a href=\"https:\/\/espamob.com\/it\/settori-stage-aziende-erasmusplus\/costruzioni\/stage-erasmus-piastrellatura\/\">Stage Erasmus Piastrellatura<\/a><\/li>\n<li><a href=\"https:\/\/espamob.com\/it\/settori-stage-aziende-erasmusplus\/costruzioni\/stage-erasmus-elettricita\/\">Stage Erasmus Elettricit\u00e0<\/a><\/li>\n<li><a href=\"https:\/\/espamob.com\/it\/settori-stage-aziende-erasmusplus\/costruzioni\/stage-erasmus-pittura-per-edifici\/\">Stage Erasmus Pittura edile<\/a><\/li>\n<li><a href=\"https:\/\/espamob.com\/it\/settori-stage-aziende-erasmusplus\/costruzioni\/stage-erasmus-falegnameria\/\">Stage Erasmus Falegnameria<\/a><\/li>\n<li><a href=\"https:\/\/espamob.com\/it\/settori-stage-aziende-erasmusplus\/costruzioni\/stage-erasmus-ebanisteria\/\">Stage Erasmus Ebanisteria<\/a><\/li>\n<li><a href=\"https:\/\/espamob.com\/it\/settori-stage-aziende-erasmusplus\/costruzioni\/stage-erasmus-idraulica\/\">Stage Erasmus Idraulica<\/a><\/li>\n<\/ul>\n<p>[\/vc_column_text][\/vc_column_inner][\/vc_row_inner][\/vc_column][\/vc_row]<\/p>\n<\/div>","protected":false},"excerpt":{"rendered":"<p>[vc_row css=&#8221;.vc_custom_1704997686865{margin-top: -20px !important;margin-bottom: 40px !important;background-image: url(https:\/\/espamob.com\/wp-content\/uploads\/2024\/01\/Mamposteria.webp?id=22456) !important;}&#8221; conditional_render=&#8221;%5B%7B%22value_role%22%3A%22administrator%22%7D%5D&#8221;][vc_column css=&#8221;.vc_custom_1687965657482{padding-top: 30px !important;}&#8221; conditional_render=&#8221;%5B%7B%22value_role%22%3A%22administrator%22%7D%5D&#8221;][vc_empty_space height=&#8221;170&#8243;][vc_custom_heading text=&#8221;Stage Erasmus: Muratura&#8221; font_container=&#8221;tag:h1|font_size:27|text_align:center|color:%23ffffff&#8221; use_theme_fonts=&#8221;yes&#8221; css=&#8221;.vc_custom_1705057742502{margin-bottom: 15px !important;background-color: rgba(136,136,136,0.29) !important;*background-color: rgb(136,136,136) !important;}&#8221; animation_type=&#8221;zoomIn&#8221;][vc_empty_space height=&#8221;40&#8243;][\/vc_column][\/vc_row][vc_row wrap_container=&#8221;yes&#8221; text_align=&#8221;justify&#8221;][vc_column text_align=&#8221;justify&#8221;][vc_column_text] Home Settori di stage Mobilit\u00e0 Erasmus Plus nel settore delle costruzioni Tirocinio Erasmus: Muratura [\/vc_column_text][vc_custom_heading text=&#8221;Stage Erasmus Muratura: un&#8217;esperienza professionale arricchente&#8221; use_theme_fonts=&#8221;yes&#8221; css=&#8221;.vc_custom_1705057767296{margin-top: 20px<\/p>\n","protected":false},"author":2,"featured_media":0,"parent":12707,"menu_order":0,"comment_status":"closed","ping_status":"closed","template":"","meta":{"footnotes":""},"class_list":["post-22491","page","type-page","status-publish","hentry"],"_links":{"self":[{"href":"https:\/\/espamob.com\/it\/wp-json\/wp\/v2\/pages\/22491","targetHints":{"allow":["GET"]}}],"collection":[{"href":"https:\/\/espamob.com\/it\/wp-json\/wp\/v2\/pages"}],"about":[{"href":"https:\/\/espamob.com\/it\/wp-json\/wp\/v2\/types\/page"}],"author":[{"embeddable":true,"href":"https:\/\/espamob.com\/it\/wp-json\/wp\/v2\/users\/2"}],"replies":[{"embeddable":true,"href":"https:\/\/espamob.com\/it\/wp-json\/wp\/v2\/comments?post=22491"}],"version-history":[{"count":0,"href":"https:\/\/espamob.com\/it\/wp-json\/wp\/v2\/pages\/22491\/revisions"}],"up":[{"embeddable":true,"href":"https:\/\/espamob.com\/it\/wp-json\/wp\/v2\/pages\/12707"}],"wp:attachment":[{"href":"https:\/\/espamob.com\/it\/wp-json\/wp\/v2\/media?parent=22491"}],"curies":[{"name":"wp","href":"https:\/\/api.w.org\/{rel}","templated":true}]}}