{"id":22230,"date":"2023-08-08T00:00:00","date_gmt":"2023-08-08T00:00:00","guid":{"rendered":"https:\/\/www.espamob.com\/settori-stage-aziende-erasmusplus\/settore-terziario\/stage-erasmus-communication\/"},"modified":"2024-07-21T16:01:40","modified_gmt":"2024-07-21T16:01:40","slug":"stage-erasmus-comunicazione","status":"publish","type":"page","link":"https:\/\/espamob.com\/it\/settori-stage-aziende-erasmusplus\/settore-terziario\/stage-erasmus-comunicazione\/","title":{"rendered":"Stage Erasmus : Communication"},"content":{"rendered":"<div class=\"wpb-content-wrapper\"><p>[vc_row css=&#8221;.vc_custom_1703789335720{margin-top: -20px !important;margin-bottom: 40px !important;background-image: url(https:\/\/espamob.com\/wp-content\/uploads\/2023\/12\/Comunicacion.webp?id=22193) !important;}&#8221; conditional_render=&#8221;%5B%7B%22value_role%22%3A%22administrator%22%7D%5D&#8221;][vc_column css=&#8221;.vc_custom_1687965657482{padding-top: 30px !important;}&#8221; conditional_render=&#8221;%5B%7B%22value_role%22%3A%22administrator%22%7D%5D&#8221;][vc_empty_space height=&#8221;170&#8243;][vc_custom_heading text=&#8221;Stage Erasmus: Comunicazione&#8221; font_container=&#8221;tag:h1|font_size:27|text_align:center|color:%23ffffff&#8221; use_theme_fonts=&#8221;yes&#8221; css=&#8221;.vc_custom_1704717737060{margin-bottom: 15px !important;background-color: rgba(136,136,136,0.29) !important;*background-color: rgb(136,136,136) !important;}&#8221; animation_type=&#8221;zoomIn&#8221;][vc_empty_space height=&#8221;40&#8243;][\/vc_column][\/vc_row][vc_row wrap_container=&#8221;yes&#8221; text_align=&#8221;justify&#8221;][vc_column text_align=&#8221;justify&#8221;][vc_column_text]<\/p>\n<nav aria-label=\"breadcrumb\">\n<ol class=\"breadcrumb\">\n<li class=\"breadcrumb-item\"><a href=\"https:\/\/espamob.com\/it\">Home<\/a><\/li>\n<li class=\"breadcrumb-item\"><a href=\"https:\/\/espamob.com\/it\/settori-stage-aziende-erasmusplus\">Settori di stage<\/a><\/li>\n<li class=\"breadcrumb-item active\" aria-current=\"page\"><a href=\"https:\/\/espamob.com\/it\/settori-stage-aziende-erasmusplus\/settore-terziario\/\">Mobilit\u00e0 nelle professioni di servizio<\/a><\/li>\n<li class=\"breadcrumb-item active\" aria-current=\"page\">Stage Erasmus : Comunicazione<\/li>\n<\/ol>\n<\/nav>\n<p>[\/vc_column_text][vc_custom_heading text=&#8221;Lo stage Erasmus in comunicazione: un&#8217;esperienza unica da non perdere&#8221; use_theme_fonts=&#8221;yes&#8221; css=&#8221;.vc_custom_1704717793100{margin-top: 20px !important;}&#8221;][vc_separator][vc_row_inner][vc_column_inner width=&#8221;7\/12&#8243;][vc_column_text]Il programma <strong>Erasmus<\/strong> \u00e8 un&#8217;opportunit\u00e0 eccezionale per gli studenti desiderosi di arricchire le proprie competenze e vivere un&#8217;esperienza indimenticabile all&#8217;estero. Se sei appassionato di comunicazione, ci sono numerose offerte di stage che ti permetteranno di sviluppare le tue conoscenze in questo campo sfruttando i vantaggi del programma Erasmus. In questo articolo, ti forniremo consigli per trovare lo stage Erasmus in comunicazione ideale e ti presenteremo le principali attivit\u00e0 che sarai chiamato a svolgere durante questa avventura.<\/p>\n<h2>Come trovare uno stage Erasmus in comunicazione?<\/h2>\n<p>Trovare uno stage Erasmus in comunicazione non \u00e8 sempre facile, ma con perseveranza e seguendo i nostri consigli, aumenterai le tue possibilit\u00e0 di trovare l&#8217;opportunit\u00e0 perfetta per il tuo progetto professionale.<\/p>\n<h3>Utilizza le risorse della tua istituzione<\/h3>\n<p>Per iniziare, non esitare a consultare le offerte di stage proposte dalla tua istituzione. Le universit\u00e0 e le scuole partner del programma Erasmus spesso dispongono di un servizio dedicato agli stage all&#8217;estero, che pu\u00f2 informarti sulle opportunit\u00e0 esistenti e fornirti un elenco di aziende partner. Se ci\u00f2 non \u00e8 sufficiente, pensa anche a consultare regolarmente le piattaforme online specializzate nelle offerte di stage Erasmus, come<strong> ErasmusIntern.org.<\/strong><\/p>\n<h3>Sfrutta i social media e i siti di lavoro<\/h3>\n<p>I social media professionali, come LinkedIn, sono anche una fonte eccellente per cercare offerte di stage all&#8217;estero. Non esitare ad iscriverti alle pagine delle aziende che ti interessano e a unirti a gruppi dedicati agli stage Erasmus per essere informato sulle ultime opportunit\u00e0 disponibili. Infine, ricorda di consultare regolarmente i siti di lavoro generalisti e specializzati nella comunicazione, come <strong>APEC<\/strong> o <strong>Indeed<\/strong>, per non perdere alcuna offerta.[\/vc_column_text][\/vc_column_inner][vc_column_inner width=&#8221;1\/12&#8243;][\/vc_column_inner][vc_column_inner width=&#8221;4\/12&#8243;][vc_single_image image=&#8221;18180&#8243; img_size=&#8221;400*400&#8243; alignment=&#8221;right&#8221; style=&#8221;vc_box_rounded&#8221;][vc_btn title=&#8221;Scoprire di pi\u00f9&#8221; style=&#8221;custom&#8221; custom_background=&#8221;#e20000&#8243; custom_text=&#8221;#ffffff&#8221; align=&#8221;center&#8221; link=&#8221;url:https%3A%2F%2Fespamob.com%2Fit%2Fcontacto-con-nuestro-equipo-de-movilidad%2F|title:Contacto|target:_blank&#8221;][vc_video link=&#8221;https:\/\/www.youtube.com\/watch?v=iAeYxCy66dQ&#8221; align=&#8221;center&#8221;][\/vc_column_inner][\/vc_row_inner][vc_custom_heading text=&#8221;Quali competenze svilupperai durante il tuo stage Erasmus in comunicazione?&#8221; font_container=&#8221;tag:h3|text_align:left&#8221; use_theme_fonts=&#8221;yes&#8221; css=&#8221;.vc_custom_1704717899865{margin-top: 20px !important;}&#8221;][vc_separator][vc_row_inner][vc_column_inner width=&#8221;7\/12&#8243;][vc_column_text]Lo stage Erasmus in comunicazione \u00e8 l&#8217;occasione ideale per sviluppare competenze professionali e acquisire nuove conoscenze. Ecco alcune delle principali competenze che potrai mettere in pratica e migliorare durante questa esperienza:<\/p>\n<ul>\n<li><strong>Redazione di contenuti<\/strong>: scrivere articoli, comunicati stampa, newsletter o post per i social media fa parte delle attivit\u00e0 quotidiane di uno stagista in comunicazione.<\/li>\n<li><strong>Gestione di progetti<\/strong>: organizzare ed pianificare eventi, coordinare campagne di comunicazione o gestire progetti web sono responsabilit\u00e0 che ti permetteranno di sviluppare le tue capacit\u00e0 organizzative e manageriali.<\/li>\n<li><strong>Relazioni pubbliche<\/strong>: stabilire e mantenere relazioni con i media, i partner o i clienti \u00e8 essenziale per garantire la visibilit\u00e0 e il successo di un&#8217;azienda. Uno stage Erasmus in comunicazione ti dar\u00e0 l&#8217;opportunit\u00e0 di lavorare su questi aspetti.<\/li>\n<\/ul>\n<h2>Quali vantaggi otterrai dal tuo stage Erasmus in comunicazione?<\/h2>\n<p>Svolgere uno stage Erasmus in comunicazione offre numerosi vantaggi che ti saranno utili sia dal punto di vista professionale che personale:<\/p>\n<ol>\n<li><strong>Scoperta di una nuova cultura<\/strong>: vivere e lavorare all&#8217;estero ti permetter\u00e0 di immergerti in una nuova cultura e ampliare i tuoi orizzonti.<\/li>\n<li><strong>Miglioramento del tuo livello di lingua<\/strong>: essere confrontato quotidianamente con una lingua straniera ti permetter\u00e0 di progredire rapidamente e acquisire solide competenze linguistiche.<\/li>\n<li><strong>Potenziamento della tua rete professionale<\/strong>: lavorare in un contesto internazionale ti offrir\u00e0 l&#8217;opportunit\u00e0 di creare contatti preziosi per la tua futura carriera.<\/li>\n<li><strong>Fare la differenza nel tuo curriculum vitae:<\/strong> un&#8217;esperienza Erasmus dimostra ai recruiter che sei in grado di adattarti, hai una mentalit\u00e0 aperta e una certa autonomia, qualit\u00e0 ricercate dai datori di lavoro.<\/li>\n<\/ol>\n<p>Pertanto, uno stage Erasmus in comunicazione \u00e8 un&#8217;opportunit\u00e0 unica per sviluppare le tue competenze mentre vivi un&#8217;esperienza arricchente all&#8217;estero. Non esitare a seguire i nostri consigli per trovare lo stage ideale e preparati a vivere un&#8217;avventura indimenticabile![\/vc_column_text][\/vc_column_inner][vc_column_inner width=&#8221;1\/12&#8243;][\/vc_column_inner][vc_column_inner width=&#8221;4\/12&#8243;][vc_raw_html]JTNDZGl2JTIwc3R5bGUlM0QlMjJwYWRkaW5nJTNBJTIwMzBweCUzQmJhY2tncm91bmQtY29sb3IlM0ElMjAlMjNGNEY0RjQlM0IlMjIlM0UlMEElMjAlMjAlMjAlMjAlM0NoNCUzRVNjb3ByaSUyMHR1dHRpJTIwaSUyMHNldHRvcmklMjBkaSUyMHRpcm9jaW5pbyUzQyUyRmg0JTNFJTBBJTIwJTIwJTIwJTIwJTNDcCUzRUwlMjdFc3BhbW9iJTIwJUMzJUE4JTIwc3BlY2lhbGl6emF0byUyMG5lbGwlMjdhc3Npc3RlbnphJTIwYWklMjBncnVwcGklMjBwZXIlMjBsYSUyMG1vYmlsaXQlQzMlQTAlMjBFcmFzbXVzJTIwJTJCLiUyMFNjb3ByaXRlJTIwdHV0dGklMjBpJTIwc2V0dG9yaSUyMGRpJTIwdGlyb2NpbmlvJTIwRXJhc211cyUyMGluJTIwU3BhZ25hJTIwaW4lMjBwb2NoaSUyMGNsaWMuJTNDJTJGcCUzRSUwQSUyMCUyMCUyMCUyMCUzQ2ElMjBjbGFzcyUzRCUyMnZjX2dlbmVyYWwlMjB2Y19idG4zJTIwdmNfYnRuMy1zaXplLW1kJTIwdmNfYnRuMy1zaGFwZS1kZWZhdWx0JTIwdmNfYnRuMy1zdHlsZS1jdXN0b20lMjB3cGJfY3VzdG9tXzY2ODdiMjZmMzk0ODhkZGJiODVkZGIzYzFjZThlMTExJTIwYnRuJTIyJTIwc3R5bGUlM0QlMjJiYWNrZ3JvdW5kLWNvbG9yJTNBJTIzZTIwMDAwJTNCJTIwY29sb3IlM0ElMjNmZmZmZmYlM0IlMjBiYWNrZ3JvdW5kLWNvbG9yJTNBJTIzZTIwMDAwJTNCJTIwY29sb3IlM0ElMjNmZmZmZmYlM0IlMjIlMjBocmVmJTNEJTIyaHR0cHMlM0ElMkYlMkZ3d3cuZXNwYW1vYi5jb20lMkZpdCUyRnNldHRvcmktc3RhZ2UtYXppZW5kZS1lcmFzbXVzcGx1cyUyRiUyMiUyMHRpdGxlJTNEJTIyU2V0dG9yaSUyMGRpJTIwc3RhZ2UlMjIlMjB0YXJnZXQlM0QlMjJfYmxhbmslMjIlM0VTY29wcmlyZSUyMGklMjBzZXR0b3JpJTNDJTJGYSUzRSUwQSUzQyUyRmRpdiUzRQ==[\/vc_raw_html][vc_custom_heading text=&#8221;Scoprite i feedback dei partecipanti al programma Erasmus +:&#8221; font_container=&#8221;tag:h3|text_align:left&#8221; use_theme_fonts=&#8221;yes&#8221; css=&#8221;.vc_custom_1704718015944{margin-top: 20px !important;}&#8221;][vc_separator][vc_video link=&#8221;https:\/\/youtu.be\/ljvPjftunnk?si=HPoMLNi2Gn8X8D0y&#8221; align=&#8221;center&#8221;][\/vc_column_inner][\/vc_row_inner][\/vc_column][\/vc_row][vc_row full_width=&#8221;stretch_row&#8221; wrap_container=&#8221;yes&#8221; is_section=&#8221;yes&#8221; css=&#8221;.vc_custom_1704718039968{padding-top: 15px !important;padding-bottom: 15px !important;background-color: #f8f392 !important;}&#8221; conditional_render=&#8221;%5B%7B%22value_role%22%3A%22administrator%22%7D%5D&#8221;][vc_column][vc_row_inner css=&#8221;.vc_custom_1688548648248{background-color: #f8f392 !important;}&#8221;][vc_column_inner][vc_custom_heading text=&#8221;Richiedi un preventivo gratuito&#8221; font_container=&#8221;tag:h2|text_align:center&#8221; use_theme_fonts=&#8221;yes&#8221;][vc_column_text]<\/p>\n<p style=\"text-align: justify;\">Hai un\u2019idea per un progetto Erasmus+ in Spagna e cerchi un partner fidato che ti supporti?\u00a0<strong>Espamob<\/strong>\u2019 \u00e8 qui per aiutarti! Ti offriamo un preventivo gratuito e senza impegno per aiutarti a gestire il tuo progetto di mobilit\u00e0. Grazie alla nostra competenza e alla nostra rete di aziende partner, siamo in grado di offrirvi un supporto personalizzato per soddisfare le vostre specifiche esigenze. Contattaci ora per discutere del tuo progetto e ottenere il tuo preventivo gratuito.<\/p>\n<p>[\/vc_column_text]<div id=\"modal-trg-txt-wrap-9739\" class=\"ult-modal-input-wrapper ult-adjust-bottom-margin    \" data-keypress-control=\"keypress-control-enable\" data-overlay-control=\"overlay-control-enable\"><style>\n\t\t\t\t\t.btn-modal.btn-id-69e817d80afc32-13711244:hover {\n\t\t\t\t\t\tbackground-color: #e20000 !important;\n\t\t\t\t\t}\n\t\t\t\t\t<\/style><button  data-ultimate-target='#modal-trg-txt-wrap-9739 .btn-modal'  data-responsive-json-new='{\"font-size\":\"\",\"line-height\":\"\"}'  style=\"background:#888888;border-color:#888888;color:#ffffff; \" data-class-id=\"content-69e817d80afc32-13711244\" class=\"btn-modal ult-responsive btn-primary btn-modal-md overlay-show ult-align-center btn-id-69e817d80afc32-13711244\" data-overlay-class=\"overlay-cornerbottomleft\">RICHIEDI PREVENTIVO GRATUITO<\/button><\/div>\n<div class=\"ult-overlay content-69e817d80afc32-13711244 \" data-class=\"content-69e817d80afc32-13711244\" id=\"button-click-overlay\" style=\"background:rgba(51,51,51,0.8); display:none;\">\n\t<div class=\"ult_modal ult-fade ult-medium\">\n\t\t<div id=\"ult-modal-wrap-5287\" class=\"ult_modal-content ult-hide\" style=\"border-style:solid;border-width:2px;border-radius:0px;border-color:#333333;\">\n\t\t\t<div class=\"ult_modal-header\" style=\"color:#333333;border-color:#333333;\">\n\t\t\t\t<h3  data-ultimate-target='#ult-modal-wrap-5287 .ult_modal-title'  data-responsive-json-new='{\"font-size\":\"\",\"line-height\":\"\"}'  class=\"ult_modal-title ult-responsive\">RICHIEDI PREVENTIVO GRATUITO<\/h3>\n\t\t\t<\/div>\n\t\t\t<div  data-ultimate-target='#ult-modal-wrap-5287 .ult_modal-body'  data-responsive-json-new='{\"font-size\":\"\",\"line-height\":\"\"}'  class=\"ult_modal-body ult-responsive ult-html\" style=\"\">\n\t\t\t<\/p>\n<p>[caldera_form id=&#8221;CF61499d9470acd&#8221;]<\/p>\n<p>\n\t\t\t<\/div>\n\t<\/div>\n\t<\/div>\n\t<div class=\"ult-overlay-close top-right\" style=\"width:80px;height:80px; \"><div class=\"ult-overlay-close-inside\">Close<\/div><\/div>\n<\/div>[\/vc_column_inner][\/vc_row_inner][\/vc_column][\/vc_row][vc_row wrap_container=&#8221;yes&#8221; css=&#8221;.vc_custom_1689256499740{margin-top: 15px !important;}&#8221; conditional_render=&#8221;%5B%7B%22value_role%22%3A%22administrator%22%7D%5D&#8221;][vc_column][vc_custom_heading text=&#8221;Domande frequenti&#8221; font_container=&#8221;tag:h2|text_align:center|color:%23000000&#8243; use_theme_fonts=&#8221;yes&#8221;][vc_separator][vc_row_inner][vc_column_inner width=&#8221;7\/12&#8243;][vc_column_text]<\/p>\n<h3>Quali sono i servizi offerti da Espamob per i gruppi che desiderano svolgere uno stage Erasmus in Spagna?<\/h3>\n<p>Espamob offre un supporto completo per i gruppi che intendono svolgere uno stage Erasmus in Spagna. L&#8217;agenzia gestisce i progetti dall&#8217;inizio alla fine, aiutando i gruppi nella creazione del loro progetto, nella ricerca di finanziamenti, nell&#8217;accoglienza presso le universit\u00e0 e le aziende partner per gli stage. Espamob si occupa anche di trovare alloggi in loco e di accogliere i gruppi all&#8217;aeroporto.<\/p>\n<h3>Come Espamob aiuta i gruppi a trovare finanziamenti per il loro stage Erasmus?<\/h3>\n<p>Espamob fornisce un prezioso supporto ai gruppi nella ricerca di finanziamenti per il loro stage Erasmus. L&#8217;agenzia offre consigli e risorse per trovare borse di studio e sovvenzioni disponibili per i progetti di mobilit\u00e0 internazionale. Espamob assiste i gruppi nella redazione delle domande di finanziamento e li guida nelle pratiche amministrative necessarie.<\/p>\n<h3>Quali sono i vantaggi di scegliere Espamob per organizzare uno stage Erasmus in Spagna?<\/h3>\n<p>Scegliere Espamob per organizzare uno stage Erasmus in Spagna comporta numerosi vantaggi. L&#8217;agenzia offre un supporto completo e personalizzato, occupandosi di tutti gli aspetti logistici del progetto. Espamob ha una rete affidabile di universit\u00e0 e aziende partner, garantendo cos\u00ec stage di qualit\u00e0. Inoltre, l&#8217;agenzia facilita l&#8217;integrazione dei gruppi nel loro nuovo ambiente occupandosi della ricerca di alloggi in loco e dell&#8217;accoglienza all&#8217;aeroporto.[\/vc_column_text][\/vc_column_inner][vc_column_inner width=&#8221;1\/12&#8243;][\/vc_column_inner][vc_column_inner width=&#8221;4\/12&#8243;][vc_single_image image=&#8221;15074&#8243; img_size=&#8221;full&#8221;][vc_column_text]<strong>Scopri le diverse destinazioni Erasmus+ in Spagna: <\/strong><\/p>\n<ul>\n<li><a href=\"https:\/\/espamob.com\/it\/settori-stage-aziende-erasmusplus\/settore-terziario\/stage-erasmus-vendite\/\">Stage Erasmus in Vendite<\/a><\/li>\n<li><a href=\"https:\/\/espamob.com\/it\/settori-stage-aziende-erasmusplus\/settore-terziario\/stage-erasmus-commercio\/\">Stage Erasmus in Commercio<\/a><\/li>\n<li><a href=\"https:\/\/espamob.com\/it\/settori-stage-aziende-erasmusplus\/settore-terziario\/stage-erasmus-ricezione\/\">Stage Erasmus in Ricezione<\/a><\/li>\n<li><a href=\"https:\/\/espamob.com\/it\/settori-stage-aziende-erasmusplus\/settore-terziario\/stage-erasmus-gestione-amministrativa\/\">Stage Erasmus in Gestione amministrativa<\/a><\/li>\n<li><a href=\"https:\/\/espamob.com\/it\/settori-stage-aziende-erasmusplus\/settore-terziario\/stage-erasmus-marketing\/\">Stage Erasmus in Marketing<\/a><\/li>\n<\/ul>\n<p>[\/vc_column_text][\/vc_column_inner][\/vc_row_inner][\/vc_column][\/vc_row]<\/p>\n<\/div>","protected":false},"excerpt":{"rendered":"<p>[vc_row css=&#8221;.vc_custom_1703789335720{margin-top: -20px !important;margin-bottom: 40px !important;background-image: url(https:\/\/espamob.com\/wp-content\/uploads\/2023\/12\/Comunicacion.webp?id=22193) !important;}&#8221; conditional_render=&#8221;%5B%7B%22value_role%22%3A%22administrator%22%7D%5D&#8221;][vc_column css=&#8221;.vc_custom_1687965657482{padding-top: 30px !important;}&#8221; conditional_render=&#8221;%5B%7B%22value_role%22%3A%22administrator%22%7D%5D&#8221;][vc_empty_space height=&#8221;170&#8243;][vc_custom_heading text=&#8221;Stage Erasmus: Comunicazione&#8221; font_container=&#8221;tag:h1|font_size:27|text_align:center|color:%23ffffff&#8221; use_theme_fonts=&#8221;yes&#8221; css=&#8221;.vc_custom_1704717737060{margin-bottom: 15px !important;background-color: rgba(136,136,136,0.29) !important;*background-color: rgb(136,136,136) !important;}&#8221; animation_type=&#8221;zoomIn&#8221;][vc_empty_space height=&#8221;40&#8243;][\/vc_column][\/vc_row][vc_row wrap_container=&#8221;yes&#8221; text_align=&#8221;justify&#8221;][vc_column text_align=&#8221;justify&#8221;][vc_column_text] Home Settori di stage Mobilit\u00e0 nelle professioni di servizio Stage Erasmus : Comunicazione [\/vc_column_text][vc_custom_heading text=&#8221;Lo stage Erasmus in comunicazione: un&#8217;esperienza unica da non perdere&#8221;<\/p>\n","protected":false},"author":2,"featured_media":0,"parent":12729,"menu_order":0,"comment_status":"closed","ping_status":"closed","template":"","meta":{"footnotes":""},"class_list":["post-22230","page","type-page","status-publish","hentry"],"_links":{"self":[{"href":"https:\/\/espamob.com\/it\/wp-json\/wp\/v2\/pages\/22230","targetHints":{"allow":["GET"]}}],"collection":[{"href":"https:\/\/espamob.com\/it\/wp-json\/wp\/v2\/pages"}],"about":[{"href":"https:\/\/espamob.com\/it\/wp-json\/wp\/v2\/types\/page"}],"author":[{"embeddable":true,"href":"https:\/\/espamob.com\/it\/wp-json\/wp\/v2\/users\/2"}],"replies":[{"embeddable":true,"href":"https:\/\/espamob.com\/it\/wp-json\/wp\/v2\/comments?post=22230"}],"version-history":[{"count":0,"href":"https:\/\/espamob.com\/it\/wp-json\/wp\/v2\/pages\/22230\/revisions"}],"up":[{"embeddable":true,"href":"https:\/\/espamob.com\/it\/wp-json\/wp\/v2\/pages\/12729"}],"wp:attachment":[{"href":"https:\/\/espamob.com\/it\/wp-json\/wp\/v2\/media?parent=22230"}],"curies":[{"name":"wp","href":"https:\/\/api.w.org\/{rel}","templated":true}]}}