{"id":22222,"date":"2023-08-08T00:00:00","date_gmt":"2023-08-08T00:00:00","guid":{"rendered":"https:\/\/www.espamob.com\/settori-stage-aziende-erasmusplus\/settore-terziario\/stage-erasmus-gestion-administration\/"},"modified":"2024-01-10T11:21:42","modified_gmt":"2024-01-10T11:21:42","slug":"stage-erasmus-gestione-amministrativa","status":"publish","type":"page","link":"https:\/\/espamob.com\/it\/settori-stage-aziende-erasmusplus\/settore-terziario\/stage-erasmus-gestione-amministrativa\/","title":{"rendered":"Stage Erasmus : Gestion administration"},"content":{"rendered":"<div class=\"wpb-content-wrapper\"><p>[vc_row css=&#8221;.vc_custom_1703789293459{margin-top: -20px !important;margin-bottom: 40px !important;background-image: url(https:\/\/espamob.com\/wp-content\/uploads\/2023\/12\/Gestion-administrativa.webp?id=22173) !important;}&#8221; conditional_render=&#8221;%5B%7B%22value_role%22%3A%22administrator%22%7D%5D&#8221;][vc_column css=&#8221;.vc_custom_1687965657482{padding-top: 30px !important;}&#8221; conditional_render=&#8221;%5B%7B%22value_role%22%3A%22administrator%22%7D%5D&#8221;][vc_empty_space height=&#8221;170&#8243;][vc_custom_heading text=&#8221;Stage Erasmus: Gestione Amministrativa&#8221; font_container=&#8221;tag:h1|font_size:27|text_align:center|color:%23ffffff&#8221; use_theme_fonts=&#8221;yes&#8221; css=&#8221;.vc_custom_1704715850456{margin-bottom: 15px !important;background-color: rgba(136,136,136,0.29) !important;*background-color: rgb(136,136,136) !important;}&#8221; animation_type=&#8221;zoomIn&#8221;][vc_empty_space height=&#8221;40&#8243;][\/vc_column][\/vc_row][vc_row wrap_container=&#8221;yes&#8221; text_align=&#8221;justify&#8221;][vc_column text_align=&#8221;justify&#8221;][vc_column_text]<\/p>\n<nav aria-label=\"breadcrumb\">\n<ol class=\"breadcrumb\">\n<li class=\"breadcrumb-item\"><a href=\"https:\/\/espamob.com\/it\">Home<\/a><\/li>\n<li class=\"breadcrumb-item\"><a href=\"https:\/\/espamob.com\/it\/settori-stage-aziende-erasmusplus\">Settori di stage<\/a><\/li>\n<li class=\"breadcrumb-item active\" aria-current=\"page\"><a href=\"https:\/\/espamob.com\/it\/settori-stage-aziende-erasmusplus\/settore-terziario\/\">Mobilit\u00e0 nelle professioni di servizio<\/a><\/li>\n<li class=\"breadcrumb-item active\" aria-current=\"page\">Stage Erasmus : Gestione Amministrativa<\/li>\n<\/ol>\n<\/nav>\n<p>[\/vc_column_text][vc_custom_heading text=&#8221;Lo stage Erasmus in gestione amministrativa: un&#8217;opportunit\u00e0 da cogliere&#8221; use_theme_fonts=&#8221;yes&#8221; css=&#8221;.vc_custom_1704715908480{margin-top: 20px !important;}&#8221;][vc_separator][vc_row_inner][vc_column_inner width=&#8221;7\/12&#8243;][vc_column_text]Il programma Erasmus+ rappresenta oggi una vera opportunit\u00e0 per i giovani studenti desiderosi di acquisire nuove competenze ed esperienze internazionali. Tra i settori che beneficiano di questa opportunit\u00e0, la gestione amministrativa occupa un posto di rilievo. Viaggiare, scoprire nuove culture e imparare sul campo sono solo alcuni dei vantaggi offerti da uno <strong>stage Erasmus in gestione amministrativa<\/strong>.<\/p>\n<h2>Cos&#8217;\u00e8 uno stage Erasmus in gestione amministrativa?<\/h2>\n<p>Uno stage Erasmus in gestione amministrativa \u00e8 un&#8217;esperienza professionale realizzata nell&#8217;ambito del programma europeo Erasmus+. Consente agli studenti di gestione amministrativa di svolgere uno stage all&#8217;estero presso un&#8217;azienda o un&#8217;organizzazione. I tirocinanti hanno cos\u00ec l&#8217;opportunit\u00e0 di migliorare le proprie competenze professionali e linguistiche, scoprendo contemporaneamente una nuova cultura.<\/p>\n<h3>Perch\u00e9 scegliere uno stage Erasmus in gestione amministrativa?<\/h3>\n<ul>\n<li><strong>Sviluppare competenze:<\/strong> Uno stage Erasmus in gestione amministrativa offre agli studenti la possibilit\u00e0 di sviluppare competenze tecniche e relazionali in un contesto internazionale.<\/li>\n<li><strong>Migliorare l&#8217;employability<\/strong>: La realizzazione di uno stage all&#8217;estero \u00e8 un elemento di valore nel curriculum e pu\u00f2 facilitare l&#8217;accesso al mercato del lavoro.<\/li>\n<li><strong>Vivere un&#8217;esperienza unica<\/strong>: Vivere all&#8217;estero, immergersi in una nuova cultura e lavorare con colleghi provenienti da diversi paesi arricchisce il percorso personale e professionale.<\/li>\n<li><strong>Apprendere una nuova lingua:<\/strong> Un soggiorno all&#8217;estero \u00e8 l&#8217;occasione per praticare e migliorare una lingua straniera, rappresentando un vantaggio innegabile sul mercato del lavoro.<\/li>\n<\/ul>\n<h2>Come ottenere uno stage Erasmus in gestione amministrativa?<\/h2>\n<h3>Informarsi presso la propria istituzione<\/h3>\n<p>Il primo passo per trovare uno stage Erasmus in gestione amministrativa \u00e8 informarsi presso la propria istituzione scolastica o universitaria. Infatti, le scuole e le universit\u00e0 sono in contatto con aziende e organizzazioni partner in vari paesi, e potrebbero quindi proporre offerte di stage adatte alle esigenze e alle competenze degli studenti.<\/p>\n<h3>Ricerca online<\/h3>\n<p>Numerose piattaforme online consentono di consultare annunci di stage all&#8217;estero. Tra i principali siti da consultare:<\/p>\n<ul>\n<li>Il portale europeo per la mobilit\u00e0 in azienda (EURES): una rete che riunisce organizzazioni e istituzioni europee che lavorano per facilitare la mobilit\u00e0 professionale in Europa.<\/li>\n<li>Siti specializzati in stage all&#8217;estero come Internshipmapper o Stages-Emplois.com.<\/li>\n<li>Social network professionali come LinkedIn o Viadeo, che consentono di seguire le notizie delle aziende e consultare offerte di stage.<\/li>\n<\/ul>\n<h3>Costruire una rete<\/h3>\n<p>\u00c8 importante creare una rete professionale per facilitare la ricerca di uno stage. Partecipare a forum, fiere o eventi dedicati all&#8217;occupazione e agli stage pu\u00f2 aiutare a stabilire contatti con aziende e organizzazioni disposte ad accogliere tirocinanti.[\/vc_column_text][\/vc_column_inner][vc_column_inner width=&#8221;1\/12&#8243;][\/vc_column_inner][vc_column_inner width=&#8221;4\/12&#8243;][vc_single_image image=&#8221;18205&#8243; img_size=&#8221;400*400&#8243; alignment=&#8221;right&#8221; style=&#8221;vc_box_rounded&#8221;][vc_btn title=&#8221;Scoprire di pi\u00f9&#8221; style=&#8221;custom&#8221; custom_background=&#8221;#e20000&#8243; custom_text=&#8221;#ffffff&#8221; align=&#8221;center&#8221; link=&#8221;url:https%3A%2F%2Fespamob.com%2Fit%2Fcontacto-con-nuestro-equipo-de-movilidad%2F|title:Contacto|target:_blank&#8221;][\/vc_column_inner][\/vc_row_inner][vc_custom_heading text=&#8221;Procedure amministrative per partire in uno stage Erasmus in gestione amministrativa&#8221; font_container=&#8221;tag:h3|text_align:left&#8221; use_theme_fonts=&#8221;yes&#8221; css=&#8221;.vc_custom_1704716080764{margin-top: 20px !important;}&#8221;][vc_separator][vc_row_inner][vc_column_inner width=&#8221;7\/12&#8243;][vc_column_text]<\/p>\n<h3>Informarsi sulle condizioni di ammissibilit\u00e0<\/h3>\n<p>Per usufruire di uno stage Erasmus in gestione amministrativa, \u00e8 necessario essere iscritti a un istituto di istruzione superiore partecipante al programma Erasmus+ e studiare nel campo della gestione amministrativa. Inoltre, \u00e8 necessario verificare le condizioni di ammissibilit\u00e0 specifiche di ciascun paese, riguardanti ad esempio la durata dello stage, l&#8217;et\u00e0 minima richiesta o la necessit\u00e0 di possedere un visto o un permesso di lavoro.<\/p>\n<h3>Svolgere le formalit\u00e0 amministrative<\/h3>\n<p>Una volta trovato lo stage, \u00e8 necessario svolgere le formalit\u00e0 amministrative necessarie. Ci\u00f2 include:<\/p>\n<ol>\n<li>La firma di una convenzione di stage tra il tirocinante, l&#8217;istituzione di invio e l&#8217;azienda ospitante.<\/li>\n<li>La presentazione di un dossier di candidatura presso l&#8217;istituzione di provenienza per ottenere una borsa Erasmus+.<\/li>\n<li>L&#8217;acquisto di un&#8217;assicurazione responsabilit\u00e0 civile, malattia e rimpatrio per la durata dello stage.<\/li>\n<\/ol>\n<p>In sintesi, svolgere uno stage Erasmus in gestione amministrativa offre un&#8217;esperienza arricchente sia dal punto di vista professionale che personale. Consente ai tirocinanti di sviluppare competenze e aumentare le proprie opportunit\u00e0 lavorative, vivendo un&#8217;esperienza unica all&#8217;estero. Quindi, non esitare e cogli questa opportunit\u00e0![\/vc_column_text][\/vc_column_inner][vc_column_inner width=&#8221;1\/12&#8243;][\/vc_column_inner][vc_column_inner width=&#8221;4\/12&#8243;][vc_raw_html]JTNDZGl2JTIwc3R5bGUlM0QlMjJwYWRkaW5nJTNBJTIwMzBweCUzQmJhY2tncm91bmQtY29sb3IlM0ElMjAlMjNGNEY0RjQlM0IlMjIlM0UlMEElMjAlMjAlMjAlMjAlM0NoNCUzRVNjb3ByaSUyMHR1dHRpJTIwaSUyMHNldHRvcmklMjBkaSUyMHRpcm9jaW5pbyUzQyUyRmg0JTNFJTBBJTIwJTIwJTIwJTIwJTNDcCUzRUwlMjdFc3BhbW9iJTIwJUMzJUE4JTIwc3BlY2lhbGl6emF0byUyMG5lbGwlMjdhc3Npc3RlbnphJTIwYWklMjBncnVwcGklMjBwZXIlMjBsYSUyMG1vYmlsaXQlQzMlQTAlMjBFcmFzbXVzJTIwJTJCLiUyMFNjb3ByaXRlJTIwdHV0dGklMjBpJTIwc2V0dG9yaSUyMGRpJTIwdGlyb2NpbmlvJTIwRXJhc211cyUyMGluJTIwU3BhZ25hJTIwaW4lMjBwb2NoaSUyMGNsaWMuJTNDJTJGcCUzRSUwQSUyMCUyMCUyMCUyMCUzQ2ElMjBjbGFzcyUzRCUyMnZjX2dlbmVyYWwlMjB2Y19idG4zJTIwdmNfYnRuMy1zaXplLW1kJTIwdmNfYnRuMy1zaGFwZS1kZWZhdWx0JTIwdmNfYnRuMy1zdHlsZS1jdXN0b20lMjB3cGJfY3VzdG9tXzY2ODdiMjZmMzk0ODhkZGJiODVkZGIzYzFjZThlMTExJTIwYnRuJTIyJTIwc3R5bGUlM0QlMjJiYWNrZ3JvdW5kLWNvbG9yJTNBJTIzZTIwMDAwJTNCJTIwY29sb3IlM0ElMjNmZmZmZmYlM0IlMjBiYWNrZ3JvdW5kLWNvbG9yJTNBJTIzZTIwMDAwJTNCJTIwY29sb3IlM0ElMjNmZmZmZmYlM0IlMjIlMjBocmVmJTNEJTIyaHR0cHMlM0ElMkYlMkZ3d3cuZXNwYW1vYi5jb20lMkZpdCUyRnNldHRvcmktc3RhZ2UtYXppZW5kZS1lcmFzbXVzcGx1cyUyRiUyMiUyMHRpdGxlJTNEJTIyU2V0dG9yaSUyMGRpJTIwc3RhZ2UlMjIlMjB0YXJnZXQlM0QlMjJfYmxhbmslMjIlM0VTY29wcmlyZSUyMGklMjBzZXR0b3JpJTNDJTJGYSUzRSUwQSUzQyUyRmRpdiUzRQ==[\/vc_raw_html][vc_custom_heading text=&#8221;Scoprite i feedback dei partecipanti al programma Erasmus +:&#8221; font_container=&#8221;tag:h3|text_align:left&#8221; use_theme_fonts=&#8221;yes&#8221; css=&#8221;.vc_custom_1704716163205{margin-top: 20px !important;}&#8221;][vc_separator][vc_video link=&#8221;https:\/\/youtu.be\/iAeYxCy66dQ&#8221; align=&#8221;center&#8221;][\/vc_column_inner][\/vc_row_inner][\/vc_column][\/vc_row][vc_row full_width=&#8221;stretch_row&#8221; wrap_container=&#8221;yes&#8221; is_section=&#8221;yes&#8221; css=&#8221;.vc_custom_1704716195786{padding-top: 15px !important;padding-bottom: 15px !important;background-color: #f8f392 !important;}&#8221; conditional_render=&#8221;%5B%7B%22value_role%22%3A%22administrator%22%7D%5D&#8221;][vc_column][vc_row_inner css=&#8221;.vc_custom_1688548648248{background-color: #f8f392 !important;}&#8221;][vc_column_inner][vc_custom_heading text=&#8221;Richiedi un preventivo gratuito&#8221; font_container=&#8221;tag:h2|text_align:center&#8221; use_theme_fonts=&#8221;yes&#8221;][vc_column_text]<\/p>\n<p style=\"text-align: justify;\">Hai un\u2019idea per un progetto Erasmus+ in Spagna e cerchi un partner fidato che ti supporti?\u00a0<strong>Espamob<\/strong>\u2019 \u00e8 qui per aiutarti! Ti offriamo un preventivo gratuito e senza impegno per aiutarti a gestire il tuo progetto di mobilit\u00e0. Grazie alla nostra competenza e alla nostra rete di aziende partner, siamo in grado di offrirvi un supporto personalizzato per soddisfare le vostre specifiche esigenze. Contattaci ora per discutere del tuo progetto e ottenere il tuo preventivo gratuito.<\/p>\n<p>[\/vc_column_text]<div id=\"modal-trg-txt-wrap-5287\" class=\"ult-modal-input-wrapper ult-adjust-bottom-margin    \" data-keypress-control=\"keypress-control-enable\" data-overlay-control=\"overlay-control-enable\"><style>\n\t\t\t\t\t.btn-modal.btn-id-69e817d9782a08-51670628:hover {\n\t\t\t\t\t\tbackground-color: #e20000 !important;\n\t\t\t\t\t}\n\t\t\t\t\t<\/style><button  data-ultimate-target='#modal-trg-txt-wrap-5287 .btn-modal'  data-responsive-json-new='{\"font-size\":\"\",\"line-height\":\"\"}'  style=\"background:#888888;border-color:#888888;color:#ffffff; \" data-class-id=\"content-69e817d9782a08-51670628\" class=\"btn-modal ult-responsive btn-primary btn-modal-md overlay-show ult-align-center btn-id-69e817d9782a08-51670628\" data-overlay-class=\"overlay-cornerbottomleft\">RICHIEDI PREVENTIVO GRATUITO<\/button><\/div>\n<div class=\"ult-overlay content-69e817d9782a08-51670628 \" data-class=\"content-69e817d9782a08-51670628\" id=\"button-click-overlay\" style=\"background:rgba(51,51,51,0.8); display:none;\">\n\t<div class=\"ult_modal ult-fade ult-medium\">\n\t\t<div id=\"ult-modal-wrap-7318\" class=\"ult_modal-content ult-hide\" style=\"border-style:solid;border-width:2px;border-radius:0px;border-color:#333333;\">\n\t\t\t<div class=\"ult_modal-header\" style=\"color:#333333;border-color:#333333;\">\n\t\t\t\t<h3  data-ultimate-target='#ult-modal-wrap-7318 .ult_modal-title'  data-responsive-json-new='{\"font-size\":\"\",\"line-height\":\"\"}'  class=\"ult_modal-title ult-responsive\">RICHIEDI PREVENTIVO GRATUITO<\/h3>\n\t\t\t<\/div>\n\t\t\t<div  data-ultimate-target='#ult-modal-wrap-7318 .ult_modal-body'  data-responsive-json-new='{\"font-size\":\"\",\"line-height\":\"\"}'  class=\"ult_modal-body ult-responsive ult-html\" style=\"\">\n\t\t\t<\/p>\n<p>[caldera_form id=&#8221;CF61499d9470acd&#8221;]<\/p>\n<p>\n\t\t\t<\/div>\n\t<\/div>\n\t<\/div>\n\t<div class=\"ult-overlay-close top-right\" style=\"width:80px;height:80px; \"><div class=\"ult-overlay-close-inside\">Close<\/div><\/div>\n<\/div>[\/vc_column_inner][\/vc_row_inner][\/vc_column][\/vc_row][vc_row wrap_container=&#8221;yes&#8221; css=&#8221;.vc_custom_1689256499740{margin-top: 15px !important;}&#8221; conditional_render=&#8221;%5B%7B%22value_role%22%3A%22administrator%22%7D%5D&#8221;][vc_column][vc_custom_heading text=&#8221;Domande frequenti&#8221; font_container=&#8221;tag:h2|text_align:center|color:%23000000&#8243; use_theme_fonts=&#8221;yes&#8221;][vc_separator][vc_row_inner][vc_column_inner width=&#8221;7\/12&#8243;][vc_column_text]<\/p>\n<h3>Quali servizi offre Espamob per la realizzazione di uno stage Erasmus in Spagna?<\/h3>\n<p>Espamob offre una gestione completa del progetto di mobilit\u00e0 Erasmus+ in Spagna. Ci\u00f2 include assistenza nella creazione del progetto, ricerca di finanziamenti, accoglienza presso universit\u00e0 e aziende partner per gli stage, ricerca di alloggi in loco e gestione dei trasferimenti dall&#8217;aeroporto.<\/p>\n<h3>Come pu\u00f2 Espamob aiutare nella ricerca di finanziamenti per uno stage Erasmus in Spagna?<\/h3>\n<p>Espamob ha un&#8217;esperienza nella ricerca di finanziamenti per progetti di mobilit\u00e0. L&#8217;agenzia pu\u00f2 aiutare i gruppi a individuare diverse fonti di finanziamento, assistere nella redazione della richiesta di sovvenzione e accompagnare nelle procedure amministrative necessarie per ottenere il finanziamento.<\/p>\n<h3>Quali sono i vantaggi di rivolgersi a Espamob per la gestione amministrativa di uno stage Erasmus in Spagna?<\/h3>\n<p>Rivolgersi a Espamob per la gestione amministrativa di uno stage Erasmus in Spagna offre diversi vantaggi. L&#8217;agenzia ha una conoscenza approfondita del programma Erasmus+ e delle procedure amministrative legate alla mobilit\u00e0. Ci\u00f2 consente ai gruppi di risparmiare tempo e di usufruire di un supporto personalizzato durante l&#8217;intero processo. Inoltre, Espamob ha gi\u00e0 stabilito partenariati con universit\u00e0 e aziende in Spagna, semplificando l&#8217;organizzazione degli stage e garantendo un&#8217;esperienza di qualit\u00e0 per i partecipanti.[\/vc_column_text][\/vc_column_inner][vc_column_inner width=&#8221;1\/12&#8243;][\/vc_column_inner][vc_column_inner width=&#8221;4\/12&#8243;][vc_single_image image=&#8221;15074&#8243; img_size=&#8221;full&#8221;][vc_column_text]<strong>Scopri le diverse destinazioni Erasmus+ in Spagna: <\/strong><\/p>\n<ul>\n<li><a href=\"https:\/\/espamob.com\/it\/settori-stage-aziende-erasmusplus\/settore-terziario\/stage-erasmus-vendite\/\">Stage Erasmus in Vendite<\/a><\/li>\n<li><a href=\"https:\/\/espamob.com\/it\/settori-stage-aziende-erasmusplus\/settore-terziario\/stage-erasmus-commercio\/\">Stage Erasmus in Commercio<\/a><\/li>\n<li><a href=\"https:\/\/espamob.com\/it\/settori-stage-aziende-erasmusplus\/settore-terziario\/stage-erasmus-ricezione\/\">Stage Erasmus in Ricezione<\/a><\/li>\n<li><a href=\"https:\/\/espamob.com\/it\/settori-stage-aziende-erasmusplus\/settore-terziario\/stage-erasmus-marketing\/\">Stage Erasmus in Marketing<\/a><\/li>\n<li><a href=\"https:\/\/espamob.com\/it\/settori-stage-aziende-erasmusplus\/settore-terziario\/stage-erasmus-comunicazione\/\">Stage Erasmus in Comunicazione<\/a><\/li>\n<\/ul>\n<p>[\/vc_column_text][\/vc_column_inner][\/vc_row_inner][\/vc_column][\/vc_row]<\/p>\n<\/div>","protected":false},"excerpt":{"rendered":"<p>[vc_row css=&#8221;.vc_custom_1703789293459{margin-top: -20px !important;margin-bottom: 40px !important;background-image: url(https:\/\/espamob.com\/wp-content\/uploads\/2023\/12\/Gestion-administrativa.webp?id=22173) !important;}&#8221; conditional_render=&#8221;%5B%7B%22value_role%22%3A%22administrator%22%7D%5D&#8221;][vc_column css=&#8221;.vc_custom_1687965657482{padding-top: 30px !important;}&#8221; conditional_render=&#8221;%5B%7B%22value_role%22%3A%22administrator%22%7D%5D&#8221;][vc_empty_space height=&#8221;170&#8243;][vc_custom_heading text=&#8221;Stage Erasmus: Gestione Amministrativa&#8221; font_container=&#8221;tag:h1|font_size:27|text_align:center|color:%23ffffff&#8221; use_theme_fonts=&#8221;yes&#8221; css=&#8221;.vc_custom_1704715850456{margin-bottom: 15px !important;background-color: rgba(136,136,136,0.29) !important;*background-color: rgb(136,136,136) !important;}&#8221; animation_type=&#8221;zoomIn&#8221;][vc_empty_space height=&#8221;40&#8243;][\/vc_column][\/vc_row][vc_row wrap_container=&#8221;yes&#8221; text_align=&#8221;justify&#8221;][vc_column text_align=&#8221;justify&#8221;][vc_column_text] Home Settori di stage Mobilit\u00e0 nelle professioni di servizio Stage Erasmus : Gestione Amministrativa [\/vc_column_text][vc_custom_heading text=&#8221;Lo stage Erasmus in gestione amministrativa: un&#8217;opportunit\u00e0 da<\/p>\n","protected":false},"author":2,"featured_media":0,"parent":12729,"menu_order":0,"comment_status":"closed","ping_status":"closed","template":"","meta":{"footnotes":""},"class_list":["post-22222","page","type-page","status-publish","hentry"],"_links":{"self":[{"href":"https:\/\/espamob.com\/it\/wp-json\/wp\/v2\/pages\/22222","targetHints":{"allow":["GET"]}}],"collection":[{"href":"https:\/\/espamob.com\/it\/wp-json\/wp\/v2\/pages"}],"about":[{"href":"https:\/\/espamob.com\/it\/wp-json\/wp\/v2\/types\/page"}],"author":[{"embeddable":true,"href":"https:\/\/espamob.com\/it\/wp-json\/wp\/v2\/users\/2"}],"replies":[{"embeddable":true,"href":"https:\/\/espamob.com\/it\/wp-json\/wp\/v2\/comments?post=22222"}],"version-history":[{"count":0,"href":"https:\/\/espamob.com\/it\/wp-json\/wp\/v2\/pages\/22222\/revisions"}],"up":[{"embeddable":true,"href":"https:\/\/espamob.com\/it\/wp-json\/wp\/v2\/pages\/12729"}],"wp:attachment":[{"href":"https:\/\/espamob.com\/it\/wp-json\/wp\/v2\/media?parent=22222"}],"curies":[{"name":"wp","href":"https:\/\/api.w.org\/{rel}","templated":true}]}}