{"id":21554,"date":"2023-08-04T00:00:00","date_gmt":"2023-08-04T00:00:00","guid":{"rendered":"https:\/\/www.espamob.com\/settori-stage-aziende-erasmusplus\/professioni-alimentari\/stage-erasmus-glacier\/"},"modified":"2024-03-02T15:01:39","modified_gmt":"2024-03-02T15:01:39","slug":"stage-erasmus-gelateria","status":"publish","type":"page","link":"https:\/\/espamob.com\/it\/settori-stage-aziende-erasmusplus\/professioni-alimentari\/stage-erasmus-gelateria\/","title":{"rendered":"Stage Erasmus : Glacier"},"content":{"rendered":"<div class=\"wpb-content-wrapper\"><p>[vc_row css=&#8221;.vc_custom_1703414078259{margin-top: -20px !important;margin-bottom: 40px !important;background-image: url(https:\/\/espamob.com\/wp-content\/uploads\/2023\/12\/Heladero.webp?id=22149) !important;}&#8221; conditional_render=&#8221;%5B%7B%22value_role%22%3A%22administrator%22%7D%5D&#8221;][vc_column css=&#8221;.vc_custom_1687965657482{padding-top: 30px !important;}&#8221; conditional_render=&#8221;%5B%7B%22value_role%22%3A%22administrator%22%7D%5D&#8221;][vc_empty_space height=&#8221;170&#8243;][vc_custom_heading text=&#8221;Tirocinio Erasmus: Gelateria&#8221; font_container=&#8221;tag:h1|font_size:27|text_align:center|color:%23ffffff&#8221; use_theme_fonts=&#8221;yes&#8221; css=&#8221;.vc_custom_1702910904561{margin-bottom: 15px !important;background-color: rgba(136,136,136,0.29) !important;*background-color: rgb(136,136,136) !important;}&#8221; animation_type=&#8221;zoomIn&#8221;][vc_empty_space height=&#8221;40&#8243;][\/vc_column][\/vc_row][vc_row wrap_container=&#8221;yes&#8221; text_align=&#8221;justify&#8221;][vc_column text_align=&#8221;justify&#8221;][vc_column_text]<\/p>\n<nav aria-label=\"breadcrumb\">\n<ol class=\"breadcrumb\">\n<li class=\"breadcrumb-item\"><a href=\"https:\/\/espamob.com\/it\">Home<\/a><\/li>\n<li class=\"breadcrumb-item\"><a href=\"https:\/\/espamob.com\/it\/settori-stage-aziende-erasmusplus\">Settori di stage<\/a><\/li>\n<li class=\"breadcrumb-item active\" aria-current=\"page\"><a href=\"https:\/\/espamob.com\/it\/settori-stage-aziende-erasmusplus\/professioni-alimentari\">Mobilit\u00e0 Erasmus Plus nell&#8217;industria alimentare<\/a><\/li>\n<li class=\"breadcrumb-item active\" aria-current=\"page\">Tirocinio Erasmus: gelateria<\/li>\n<\/ol>\n<\/nav>\n<p>[\/vc_column_text][vc_custom_heading text=&#8221;Approfitta di un&#8217;esperienza unica con uno stage Erasmus presso una gelateria.&#8221; use_theme_fonts=&#8221;yes&#8221; css=&#8221;.vc_custom_1702550740681{margin-top: 20px !important;}&#8221;][vc_separator][vc_row_inner][vc_column_inner width=&#8221;7\/12&#8243;][vc_column_text]Lo <strong>stage Erasmus Gelateria<\/strong> rappresenta un&#8217;opportunit\u00e0 straordinaria per gli studenti e gli apprendisti di pasticceria, cioccolateria, confetteria o gelateria. Questa formazione internazionale consente di sviluppare competenze, scoprire nuove tecniche ed espandere gli orizzonti professionali.<\/p>\n<h2>Perch\u00e9 scegliere lo stage Erasmus Gelateria?<\/h2>\n<p>Lo stage Erasmus Gelateria offre diversi vantaggi per coloro che desiderano specializzarsi nel mondo del gelato e dei dessert gelati:<\/p>\n<ul>\n<li><strong>Scoperta di nuovi metodi di produzione<\/strong>: Apprendi da professionisti esperti e padroneggia le tecniche di produzione specifiche dei paesi partner del programma.<\/li>\n<li><strong>Arricchimento culturale:<\/strong> Vivi un&#8217;esperienza indimenticabile esplorando nuovi paesi, la loro cultura, lingua e tradizioni culinarie. Praticare una lingua straniera quotidianamente migliora anche le tue competenze linguistiche.<\/li>\n<li><strong>Rete professionale estesa<\/strong>: Incontra e scambia idee con colleghi, formatori e imprenditori durante il tuo stage, creando cos\u00ec una solida rete di contatti a livello europeo.<\/li>\n<li><strong>Valorizzazione del tuo curriculum vitae:<\/strong> Partecipare a uno stage Erasmus Gelateria \u00e8 un elemento chiave per la tua occupabilit\u00e0, dimostrando la tua volont\u00e0 di crescere e la tua adattabilit\u00e0.<\/li>\n<\/ul>\n<h2>Le specificit\u00e0 dello stage Erasmus Gelateria<\/h2>\n<p>Lo stage Erasmus Gelateria si distingue per diversi aspetti:<\/p>\n<h3>Durata adattata alle tue esigenze<\/h3>\n<p>La durata dello stage varia in base agli obiettivi didattici e alla disponibilit\u00e0 dello studente o dell&#8217;apprendista. Pu\u00f2 essere una formazione di alcune settimane fino a diversi mesi, consentendo un&#8217;immersione completa nel contesto professionale straniero.<\/p>\n<h3>Finanziamento accessibile<\/h3>\n<p>Grazie al sostegno finanziario dell&#8217;Unione europea e delle istituzioni nazionali, gli stage Erasmus sono accessibili a un vasto pubblico. Spesso, i costi di viaggio, alloggio e sostentamento sono coperti, cos\u00ec come i corsi di lingua prima della partenza.<\/p>\n<h3>Supporto personalizzato<\/h3>\n<p>Oltre all&#8217;accoglienza presso l&#8217;azienda ospitante, riceverai un monitoraggio regolare da parte di un tutor professionale e di un coordinatore accademico. Queste due figure chiave ti accompagneranno per tutta la durata della tua esperienza, facilitando la tua integrazione e assicurando il successo del tuo stage.[\/vc_column_text][\/vc_column_inner][vc_column_inner width=&#8221;1\/12&#8243;][\/vc_column_inner][vc_column_inner width=&#8221;4\/12&#8243;][vc_single_image image=&#8221;18210&#8243; img_size=&#8221;400*400&#8243; alignment=&#8221;right&#8221; style=&#8221;vc_box_rounded&#8221;][vc_btn title=&#8221;Scoprire di pi\u00f9&#8221; style=&#8221;custom&#8221; custom_background=&#8221;#e20000&#8243; custom_text=&#8221;#ffffff&#8221; align=&#8221;center&#8221; link=&#8221;url:https%3A%2F%2Fespamob.com%2Fit%2Fcontacto-con-nuestro-equipo-de-movilidad|title:Contacto|target:_blank&#8221;][\/vc_column_inner][\/vc_row_inner][vc_custom_heading text=&#8221;Come ottenere uno stage Erasmus in gelateria?&#8221; font_container=&#8221;tag:h3|text_align:left&#8221; use_theme_fonts=&#8221;yes&#8221; css=&#8221;.vc_custom_1708442335221{margin-top: 20px !important;}&#8221;][vc_separator][vc_row_inner][vc_column_inner width=&#8221;7\/12&#8243;][vc_column_text]<\/p>\n<p style=\"font-weight: 400;\">Perch\u00e9 lo stage nella gelateria sia validato all&#8217;interno del programma Erasmus+, \u00e8 essenziale che la scuola segua questi passaggi:<\/p>\n<ul>\n<li style=\"font-weight: 400;\"><strong>Finanziamento:<\/strong> La scuola deve informarsi sulle procedure per ottenere il finanziamento Erasmus+ per preparare il proprio bilancio.<\/li>\n<li><strong>Validazione del progetto:<\/strong> La scuola deve assicurarsi che il progetto di stage corrisponda alle proprie aspettative (obiettivi educativi, durata, contenuti, ecc.).<\/li>\n<li><strong>Contattare Espamob:<\/strong> Questo \u00e8 il momento in cui la scuola ci informa del suo progetto. (Bilancio, periodo, durata, elenco degli studenti, tipo di alloggio desiderato&#8230;)<\/li>\n<li style=\"font-weight: 400;\"><strong>Preparazione del dossier di candidatura:<\/strong> La scuola deve aiutare lo studente a preparare un dossier di candidatura completo (curriculum vitae, lettera di motivazione, ecc.) mettendo in evidenza le sue competenze specifiche nel settore dei gelati e dei dessert gelati, nonch\u00e9 il suo progetto professionale.<\/li>\n<\/ul>\n<h3 style=\"font-weight: 400;\">Prepararsi al meglio per il proprio stage in gelateria<\/h3>\n<p>Per vivere al meglio questa esperienza, vogliamo condividere con voi alcuni consigli per aumentare le vostre possibilit\u00e0 di successo:<\/p>\n<ul>\n<li><strong>Fare delle ricerche:<\/strong> familiarizzatevi con l&#8217;azienda ospitante, i suoi prodotti, i suoi metodi di lavoro, la sua reputazione e il suo ambiente competitivo.<\/li>\n<li><strong>Pianificare la vostra partenza:<\/strong> preparate una lista esaustiva degli elementi essenziali per il giorno della vostra partenza, come il passaporto, la tessera europea di assicurazione sanitaria, la convenzione di stage, ecc.<\/li>\n<li><strong>Preparare il vostro soggiorno linguistico:<\/strong> cercate di migliorare il vostro livello di lingua, prendete nota del vocabolario specifico di cui avrete bisogno ogni giorno nel vostro luogo di stage e al di fuori.<\/li>\n<li><strong>Mostrarsi professionale:<\/strong> fate attenzione al vostro comportamento e dimostrate il vostro interesse per la professione.<\/li>\n<\/ul>\n<p>Lo stage Erasmus Glacier \u00e8 un&#8217;occasione unica per sviluppare le vostre competenze nel campo del gelato e dei dolci ghiacciati e al contempo vivere un&#8217;esperienza internazionale arricchente. Non esitate pi\u00f9 e immergetevi in questa avventura professionale e personale!<\/p>\n<p><strong><u>Ritorno sull&#8217;esperienza di Amina:<\/u><\/strong><\/p>\n<p style=\"font-weight: 400;\">Amina \u00e8 una studentessa e apprendista in Francia. Durante il suo stage, ha avuto l&#8217;opportunit\u00e0 di applicare tutte le sue competenze presso un fornitore di gelato a Barcellona. Questa esperienza all&#8217;estero le ha permesso di scoprire un nuovo ritmo di vita e metodi di lavoro diversi da quelli che conosceva gi\u00e0. Questa esperienza unica e arricchente ha contribuito ad ampliare i suoi orizzonti professionali.<\/p>\n<p style=\"font-weight: 400;\"><u>Le sue missioni:<\/u><\/p>\n<ul>\n<li>Selezionare gli ingredienti di base per elaborare i profumi.<\/li>\n<li>Eseguire mescolanze e dosaggi.<\/li>\n<li>Comprendere il funzionamento delle macchine.<\/li>\n<li>Rispettare le regole elementari di igiene e sicurezza.<\/li>\n<\/ul>\n<p>[\/vc_column_text][\/vc_column_inner][vc_column_inner width=&#8221;1\/12&#8243;][\/vc_column_inner][vc_column_inner width=&#8221;4\/12&#8243;][vc_raw_html]JTNDZGl2JTIwc3R5bGUlM0QlMjJwYWRkaW5nJTNBJTIwMzBweCUzQmJhY2tncm91bmQtY29sb3IlM0ElMjAlMjNGNEY0RjQlM0IlMjIlM0UlMEElMjAlMjAlMjAlMjAlM0NoNCUzRVNjb3ByaSUyMHR1dHRpJTIwaSUyMHNldHRvcmklMjBkaSUyMHRpcm9jaW5pbyUzQyUyRmg0JTNFJTBBJTIwJTIwJTIwJTIwJTNDcCUzRUwlMjdFc3BhbW9iJTIwJUMzJUE4JTIwc3BlY2lhbGl6emF0byUyMG5lbGwlMjdhc3Npc3RlbnphJTIwYWklMjBncnVwcGklMjBwZXIlMjBsYSUyMG1vYmlsaXQlQzMlQTAlMjBFcmFzbXVzJTIwJTJCLiUyMFNjb3ByaXRlJTIwdHV0dGklMjBpJTIwc2V0dG9yaSUyMGRpJTIwdGlyb2NpbmlvJTIwRXJhc211cyUyMGluJTIwU3BhZ25hJTIwaW4lMjBwb2NoaSUyMGNsaWMuJTNDJTJGcCUzRSUwQSUyMCUyMCUyMCUyMCUzQ2ElMjBjbGFzcyUzRCUyMnZjX2dlbmVyYWwlMjB2Y19idG4zJTIwdmNfYnRuMy1zaXplLW1kJTIwdmNfYnRuMy1zaGFwZS1kZWZhdWx0JTIwdmNfYnRuMy1zdHlsZS1jdXN0b20lMjB3cGJfY3VzdG9tXzY2ODdiMjZmMzk0ODhkZGJiODVkZGIzYzFjZThlMTExJTIwYnRuJTIyJTIwc3R5bGUlM0QlMjJiYWNrZ3JvdW5kLWNvbG9yJTNBJTIzZTIwMDAwJTNCJTIwY29sb3IlM0ElMjNmZmZmZmYlM0IlMjBiYWNrZ3JvdW5kLWNvbG9yJTNBJTIzZTIwMDAwJTNCJTIwY29sb3IlM0ElMjNmZmZmZmYlM0IlMjIlMjBocmVmJTNEJTIyaHR0cHMlM0ElMkYlMkZ3d3cuZXNwYW1vYi5jb20lMkZpdCUyRnNldHRvcmktc3RhZ2UtYXppZW5kZS1lcmFzbXVzcGx1cyUyRiUyMiUyMHRpdGxlJTNEJTIyU2V0dG9yaSUyMGRpJTIwc3RhZ2UlMjIlMjB0YXJnZXQlM0QlMjJfYmxhbmslMjIlM0VTY29wcmlyZSUyMGklMjBzZXR0b3JpJTNDJTJGYSUzRSUwQSUzQyUyRmRpdiUzRQ==[\/vc_raw_html][vc_custom_heading text=&#8221;Esperienza Erasmus+ :&#8221; font_container=&#8221;tag:h3|text_align:left&#8221; use_theme_fonts=&#8221;yes&#8221;][vc_column_text]<\/p>\n<blockquote class=\"instagram-media\" style=\"background: #FFF; border: 0; border-radius: 3px; box-shadow: 0 0 1px 0 rgba(0,0,0,0.5),0 1px 10px 0 rgba(0,0,0,0.15); margin: 1px; max-width: 540px; min-width: 326px; padding: 0; width: calc(100% - 2px);\" data-instgrm-permalink=\"https:\/\/www.instagram.com\/reel\/C3VkTLPMgO0\/?utm_source=ig_embed&amp;utm_campaign=loading\" data-instgrm-version=\"14\">\n<div style=\"padding: 16px;\">\n<p>&nbsp;<\/p>\n<div style=\"display: flex; flex-direction: row; align-items: center;\">\n<div style=\"background-color: #f4f4f4; border-radius: 50%; flex-grow: 0; height: 40px; margin-right: 14px; width: 40px;\"><\/div>\n<div style=\"display: flex; flex-direction: column; flex-grow: 1; justify-content: center;\">\n<div style=\"background-color: #f4f4f4; border-radius: 4px; flex-grow: 0; height: 14px; margin-bottom: 6px; width: 100px;\"><\/div>\n<div style=\"background-color: #f4f4f4; border-radius: 4px; flex-grow: 0; height: 14px; width: 60px;\"><\/div>\n<\/div>\n<\/div>\n<div style=\"padding: 19% 0;\"><\/div>\n<div style=\"display: block; height: 50px; margin: 0 auto 12px; width: 50px;\"><\/div>\n<div style=\"padding-top: 8px;\">\n<div style=\"color: #3897f0; font-family: Arial,sans-serif; font-size: 14px; font-style: normal; font-weight: 550; line-height: 18px;\">Ver esta publicaci\u00f3n en Instagram<\/div>\n<\/div>\n<div style=\"padding: 12.5% 0;\"><\/div>\n<div style=\"display: flex; flex-direction: row; margin-bottom: 14px; align-items: center;\">\n<div>\n<div style=\"background-color: #f4f4f4; border-radius: 50%; height: 12.5px; width: 12.5px; transform: translateX(0px) translateY(7px);\"><\/div>\n<div style=\"background-color: #f4f4f4; height: 12.5px; transform: rotate(-45deg) translateX(3px) translateY(1px); width: 12.5px; flex-grow: 0; margin-right: 14px; margin-left: 2px;\"><\/div>\n<div style=\"background-color: #f4f4f4; border-radius: 50%; height: 12.5px; width: 12.5px; transform: translateX(9px) translateY(-18px);\"><\/div>\n<\/div>\n<div style=\"margin-left: 8px;\">\n<div style=\"background-color: #f4f4f4; border-radius: 50%; flex-grow: 0; height: 20px; width: 20px;\"><\/div>\n<div style=\"width: 0; height: 0; border-top: 2px solid transparent; border-left: 6px solid #f4f4f4; border-bottom: 2px solid transparent; transform: translateX(16px) translateY(-4px) rotate(30deg);\"><\/div>\n<\/div>\n<div style=\"margin-left: auto;\">\n<div style=\"width: 0px; border-top: 8px solid #F4F4F4; border-right: 8px solid transparent; transform: translateY(16px);\"><\/div>\n<div style=\"background-color: #f4f4f4; flex-grow: 0; height: 12px; width: 16px; transform: translateY(-4px);\"><\/div>\n<div style=\"width: 0; height: 0; border-top: 8px solid #F4F4F4; border-left: 8px solid transparent; transform: translateY(-4px) translateX(8px);\"><\/div>\n<\/div>\n<\/div>\n<div style=\"display: flex; flex-direction: column; flex-grow: 1; justify-content: center; margin-bottom: 24px;\">\n<div style=\"background-color: #f4f4f4; border-radius: 4px; flex-grow: 0; height: 14px; margin-bottom: 6px; width: 224px;\"><\/div>\n<div style=\"background-color: #f4f4f4; border-radius: 4px; flex-grow: 0; height: 14px; width: 144px;\"><\/div>\n<\/div>\n<p>&nbsp;<\/p>\n<p style=\"color: #c9c8cd; font-family: Arial,sans-serif; font-size: 14px; line-height: 17px; margin-bottom: 0; margin-top: 8px; overflow: hidden; padding: 8px 0 7px; text-align: center; text-overflow: ellipsis; white-space: nowrap;\"><a style=\"color: #c9c8cd; font-family: Arial,sans-serif; font-size: 14px; font-style: normal; font-weight: normal; line-height: 17px; text-decoration: none;\" href=\"https:\/\/www.instagram.com\/reel\/C3VkTLPMgO0\/?utm_source=ig_embed&amp;utm_campaign=loading\" target=\"_blank\" rel=\"noopener\">Una publicaci\u00f3n compartida de ESPAMOB&#8217; &#8211; ERASMUS+ (@espamobspain)<\/a><\/p>\n<\/div>\n<\/blockquote>\n<p><script async src=\"\/\/www.instagram.com\/embed.js\"><\/script>[\/vc_column_text][\/vc_column_inner][\/vc_row_inner][\/vc_column][\/vc_row][vc_row full_width=&#8221;stretch_row&#8221; wrap_container=&#8221;yes&#8221; is_section=&#8221;yes&#8221; css=&#8221;.vc_custom_1702551202231{padding-top: 15px !important;padding-bottom: 15px !important;background-color: #f8f392 !important;}&#8221; conditional_render=&#8221;%5B%7B%22value_role%22%3A%22administrator%22%7D%5D&#8221;][vc_column][vc_row_inner css=&#8221;.vc_custom_1688548648248{background-color: #f8f392 !important;}&#8221;][vc_column_inner][vc_custom_heading text=&#8221;Richiedi un preventivo gratuito&#8221; font_container=&#8221;tag:h2|text_align:center&#8221; use_theme_fonts=&#8221;yes&#8221;][vc_column_text]<\/p>\n<p style=\"text-align: justify;\">Hai un\u2019idea per un progetto Erasmus+ in Spagna e cerchi un partner fidato che ti supporti?\u00a0<strong>Espamob<\/strong>\u2019 \u00e8 qui per aiutarti! Ti offriamo un preventivo gratuito e senza impegno per aiutarti a gestire il tuo progetto di mobilit\u00e0. Grazie alla nostra competenza e alla nostra rete di aziende partner, siamo in grado di offrirvi un supporto personalizzato per soddisfare le vostre specifiche esigenze. Contattaci ora per discutere del tuo progetto e ottenere il tuo preventivo gratuito.<\/p>\n<p>[\/vc_column_text]<div id=\"modal-trg-txt-wrap-8074\" class=\"ult-modal-input-wrapper ult-adjust-bottom-margin    \" data-keypress-control=\"keypress-control-enable\" data-overlay-control=\"overlay-control-enable\"><style>\n\t\t\t\t\t.btn-modal.btn-id-69e78120ca10a8-28155729:hover {\n\t\t\t\t\t\tbackground-color: #e20000 !important;\n\t\t\t\t\t}\n\t\t\t\t\t<\/style><button  data-ultimate-target='#modal-trg-txt-wrap-8074 .btn-modal'  data-responsive-json-new='{\"font-size\":\"\",\"line-height\":\"\"}'  style=\"background:#888888;border-color:#888888;color:#ffffff; \" data-class-id=\"content-69e78120ca10a8-28155729\" class=\"btn-modal ult-responsive btn-primary btn-modal-md overlay-show ult-align-center btn-id-69e78120ca10a8-28155729\" data-overlay-class=\"overlay-cornerbottomleft\">RICHIEDI PREVENTIVO GRATUITO<\/button><\/div>\n<div class=\"ult-overlay content-69e78120ca10a8-28155729 \" data-class=\"content-69e78120ca10a8-28155729\" id=\"button-click-overlay\" style=\"background:rgba(51,51,51,0.8); display:none;\">\n\t<div class=\"ult_modal ult-fade ult-medium\">\n\t\t<div id=\"ult-modal-wrap-9472\" class=\"ult_modal-content ult-hide\" style=\"border-style:solid;border-width:2px;border-radius:0px;border-color:#333333;\">\n\t\t\t<div class=\"ult_modal-header\" style=\"color:#333333;border-color:#333333;\">\n\t\t\t\t<h3  data-ultimate-target='#ult-modal-wrap-9472 .ult_modal-title'  data-responsive-json-new='{\"font-size\":\"\",\"line-height\":\"\"}'  class=\"ult_modal-title ult-responsive\">RICHIEDI PREVENTIVO GRATUITO<\/h3>\n\t\t\t<\/div>\n\t\t\t<div  data-ultimate-target='#ult-modal-wrap-9472 .ult_modal-body'  data-responsive-json-new='{\"font-size\":\"\",\"line-height\":\"\"}'  class=\"ult_modal-body ult-responsive ult-html\" style=\"\">\n\t\t\t<\/p>\n<p>[caldera_form id=&#8221;CF61499d9470acd&#8221;]<\/p>\n<p>\n\t\t\t<\/div>\n\t<\/div>\n\t<\/div>\n\t<div class=\"ult-overlay-close top-right\" style=\"width:80px;height:80px; \"><div class=\"ult-overlay-close-inside\">Close<\/div><\/div>\n<\/div>[\/vc_column_inner][\/vc_row_inner][\/vc_column][\/vc_row][vc_row wrap_container=&#8221;yes&#8221; css=&#8221;.vc_custom_1689256499740{margin-top: 15px !important;}&#8221; conditional_render=&#8221;%5B%7B%22value_role%22%3A%22administrator%22%7D%5D&#8221;][vc_column][vc_custom_heading text=&#8221;Domande frequenti&#8221; font_container=&#8221;tag:h2|text_align:center|color:%23000000&#8243; use_theme_fonts=&#8221;yes&#8221;][vc_separator][vc_row_inner][vc_column_inner width=&#8221;7\/12&#8243;][vc_column_text]<\/p>\n<h3>Quali servizi offre Espamob per i gruppi che desiderano svolgere uno stage Erasmus in Spagna?<\/h3>\n<p>Espamob offre una gestione completa dei progetti di mobilit\u00e0 Erasmus in Spagna, compresa la creazione del progetto, la ricerca di finanziamenti, l&#8217;accoglienza presso universit\u00e0 e aziende partner per gli stage, la ricerca di alloggi in loco e il trasferimento dall&#8217;aeroporto.<\/p>\n<h3>Come pu\u00f2 Espamob aiutare a finanziare uno stage Erasmus in Spagna?<\/h3>\n<p>Espamob assiste i gruppi nella ricerca di finanziamenti per il loro stage Erasmus in Spagna. L&#8217;agenzia ha competenze nell&#8217;individuare diverse fonti di finanziamento disponibili, come le borse Erasmus+, i finanziamenti nazionali e regionali, le partnership con le aziende, ecc.<\/p>\n<h3>Quali sono i vantaggi di scegliere Espamob per realizzare uno stage Erasmus Glacier in Spagna?<\/h3>\n<p>Scegliendo Espamob per uno stage Erasmus Glacier in Spagna, si ottiene un accompagnamento personalizzato e una gestione completa del progetto. L&#8217;agenzia si occupa di tutte le fasi, dalla creazione del progetto all&#8217;accoglienza sul posto, passando per la ricerca di finanziamenti e di alloggi. In questo modo, puoi concentrarti completamente sulla tua esperienza di mobilit\u00e0 e godere appieno del tuo stage in Spagna.[\/vc_column_text][\/vc_column_inner][vc_column_inner width=&#8221;1\/12&#8243;][\/vc_column_inner][vc_column_inner width=&#8221;4\/12&#8243;][vc_single_image image=&#8221;15074&#8243; img_size=&#8221;full&#8221;][vc_column_text]<strong>Informazioni sulle diverse destinazioni Erasmus + in Spagna:<\/strong><\/p>\n<ul>\n<li><a href=\"https:\/\/espamob.com\/it\/settori-stage-aziende-erasmusplus\/professioni-alimentari\/stage-erasmus-macelleria\">StageErasmus di macelleria<\/a><\/li>\n<li><a href=\"https:\/\/espamob.com\/it\/settori-stage-aziende-erasmusplus\/professioni-alimentari\/stage-erasmus-salumeria\">Stage Erasmus in salumeria<\/a><\/li>\n<li><a href=\"https:\/\/espamob.com\/it\/settori-stage-aziende-erasmusplus\/professioni-alimentari\/stage-erasmus-sommelier\">Stage Erasmus di sommelier<\/a><\/li>\n<li><a href=\"https:\/\/espamob.com\/it\/settori-stage-aziende-erasmusplus\/professioni-alimentari\/stage-erasmus-pescheria\">Stage Erasmus di pescheria<\/a><\/li>\n<li><a href=\"https:\/\/espamob.com\/it\/settori-stage-aziende-erasmusplus\/professioni-alimentari\/stage-erasmus-panetteria\">Stage Erasmus di panatteria<\/a><\/li>\n<li><a href=\"https:\/\/espamob.com\/it\/settori-stage-aziende-erasmusplus\/professioni-alimentari\/stage-erasmus-pasticceria\">Stage Erasmus di pasticceria<\/a><\/li>\n<li><a href=\"https:\/\/espamob.com\/it\/settori-stage-aziende-erasmusplus\/professioni-alimentari\/stage-erasmus-cioccolateria\">Stage Erasmus di cioccolateria<\/a><\/li>\n<li><a href=\"https:\/\/espamob.com\/it\/settori-stage-aziende-erasmusplus\/professioni-alimentari\/stage-erasmus-cucina\">Stage Erasmus di cucina<\/a><\/li>\n<\/ul>\n<p>[\/vc_column_text][\/vc_column_inner][\/vc_row_inner][\/vc_column][\/vc_row]<\/p>\n<\/div>","protected":false},"excerpt":{"rendered":"<p>[vc_row css=&#8221;.vc_custom_1703414078259{margin-top: -20px !important;margin-bottom: 40px !important;background-image: url(https:\/\/espamob.com\/wp-content\/uploads\/2023\/12\/Heladero.webp?id=22149) !important;}&#8221; conditional_render=&#8221;%5B%7B%22value_role%22%3A%22administrator%22%7D%5D&#8221;][vc_column css=&#8221;.vc_custom_1687965657482{padding-top: 30px !important;}&#8221; conditional_render=&#8221;%5B%7B%22value_role%22%3A%22administrator%22%7D%5D&#8221;][vc_empty_space height=&#8221;170&#8243;][vc_custom_heading text=&#8221;Tirocinio Erasmus: Gelateria&#8221; font_container=&#8221;tag:h1|font_size:27|text_align:center|color:%23ffffff&#8221; use_theme_fonts=&#8221;yes&#8221; css=&#8221;.vc_custom_1702910904561{margin-bottom: 15px !important;background-color: rgba(136,136,136,0.29) !important;*background-color: rgb(136,136,136) !important;}&#8221; animation_type=&#8221;zoomIn&#8221;][vc_empty_space height=&#8221;40&#8243;][\/vc_column][\/vc_row][vc_row wrap_container=&#8221;yes&#8221; text_align=&#8221;justify&#8221;][vc_column text_align=&#8221;justify&#8221;][vc_column_text] Home Settori di stage Mobilit\u00e0 Erasmus Plus nell&#8217;industria alimentare Tirocinio Erasmus: gelateria [\/vc_column_text][vc_custom_heading text=&#8221;Approfitta di un&#8217;esperienza unica con uno stage Erasmus presso una gelateria.&#8221;<\/p>\n","protected":false},"author":2,"featured_media":0,"parent":12704,"menu_order":0,"comment_status":"closed","ping_status":"closed","template":"","meta":{"footnotes":""},"class_list":["post-21554","page","type-page","status-publish","hentry"],"_links":{"self":[{"href":"https:\/\/espamob.com\/it\/wp-json\/wp\/v2\/pages\/21554","targetHints":{"allow":["GET"]}}],"collection":[{"href":"https:\/\/espamob.com\/it\/wp-json\/wp\/v2\/pages"}],"about":[{"href":"https:\/\/espamob.com\/it\/wp-json\/wp\/v2\/types\/page"}],"author":[{"embeddable":true,"href":"https:\/\/espamob.com\/it\/wp-json\/wp\/v2\/users\/2"}],"replies":[{"embeddable":true,"href":"https:\/\/espamob.com\/it\/wp-json\/wp\/v2\/comments?post=21554"}],"version-history":[{"count":0,"href":"https:\/\/espamob.com\/it\/wp-json\/wp\/v2\/pages\/21554\/revisions"}],"up":[{"embeddable":true,"href":"https:\/\/espamob.com\/it\/wp-json\/wp\/v2\/pages\/12704"}],"wp:attachment":[{"href":"https:\/\/espamob.com\/it\/wp-json\/wp\/v2\/media?parent=21554"}],"curies":[{"name":"wp","href":"https:\/\/api.w.org\/{rel}","templated":true}]}}