{"id":21550,"date":"2023-08-04T00:00:00","date_gmt":"2023-08-04T00:00:00","guid":{"rendered":"https:\/\/www.espamob.com\/settori-stage-aziende-erasmusplus\/professioni-alimentari\/stage-erasmus-chocolaterie\/"},"modified":"2025-04-21T20:13:24","modified_gmt":"2025-04-21T20:13:24","slug":"stage-erasmus-cioccolateria","status":"publish","type":"page","link":"https:\/\/espamob.com\/it\/settori-stage-aziende-erasmusplus\/professioni-alimentari\/stage-erasmus-cioccolateria\/","title":{"rendered":"Stage Erasmus : Chocolaterie"},"content":{"rendered":"<div class=\"wpb-content-wrapper\"><p>[vc_row css=&#8221;.vc_custom_1703413973787{margin-top: -20px !important;margin-bottom: 40px !important;background-image: url(https:\/\/espamob.com\/wp-content\/uploads\/2023\/12\/Chocolateria-Confiteria.webp?id=22138) !important;}&#8221; conditional_render=&#8221;%5B%7B%22value_role%22%3A%22administrator%22%7D%5D&#8221;][vc_column css=&#8221;.vc_custom_1687965657482{padding-top: 30px !important;}&#8221; conditional_render=&#8221;%5B%7B%22value_role%22%3A%22administrator%22%7D%5D&#8221;][vc_empty_space height=&#8221;170&#8243;][vc_custom_heading text=&#8221;Tirocinio Erasmus: Cioccolateria&#8221; font_container=&#8221;tag:h1|font_size:27|text_align:center|color:%23ffffff&#8221; use_theme_fonts=&#8221;yes&#8221; css=&#8221;.vc_custom_1702910795565{margin-bottom: 15px !important;background-color: rgba(136,136,136,0.29) !important;*background-color: rgb(136,136,136) !important;}&#8221; animation_type=&#8221;zoomIn&#8221;][vc_empty_space height=&#8221;40&#8243;][\/vc_column][\/vc_row][vc_row wrap_container=&#8221;yes&#8221; text_align=&#8221;justify&#8221;][vc_column text_align=&#8221;justify&#8221;][vc_column_text]<\/p>\n<nav aria-label=\"breadcrumb\">\n<ol class=\"breadcrumb\">\n<li class=\"breadcrumb-item\"><a href=\"https:\/\/espamob.com\/it\">Home<\/a><\/li>\n<li class=\"breadcrumb-item\"><a href=\"https:\/\/espamob.com\/it\/settori-stage-aziende-erasmusplus\/\">Settori di stage<\/a><\/li>\n<li class=\"breadcrumb-item active\" aria-current=\"page\"><a href=\"https:\/\/espamob.com\/it\/settori-stage-aziende-erasmusplus\/professioni-alimentari\/\">Mobilit\u00e0 Erasmus Plus nell&#8217;industria alimentare<\/a><\/li>\n<li class=\"breadcrumb-item active\" aria-current=\"page\">Tirocinio Erasmus: cioccolateria<\/li>\n<\/ol>\n<\/nav>\n<p>[\/vc_column_text][vc_custom_heading text=&#8221;Rendi la tua passione per il cioccolato un&#8217;esperienza indimenticabile con uno stage Erasmus in Cioccolateria&#8221; use_theme_fonts=&#8221;yes&#8221; css=&#8221;.vc_custom_1702547824772{margin-top: 20px !important;}&#8221;][vc_separator][vc_row_inner][vc_column_inner width=&#8221;7\/12&#8243;][vc_column_text]Lo <strong>stage Erasmus in Cioccolateria<\/strong> \u00e8 un&#8217;opportunit\u00e0 unica per gli studenti e gli apprendisti desiderosi di acquisire un&#8217;esperienza professionale arricchente in questo delizioso settore. Questo programma europeo, che si estende per diversi mesi, consente di scoprire non solo le tecniche di produzione del cioccolato, ma anche la cultura e le tradizioni dei paesi partecipanti. Quindi, immergiti in questo universo goloso e scopri come ottenere uno stage Erasmus in Cioccolateria.<\/p>\n<h2>Cos&#8217;\u00e8 il programma Erasmus?<\/h2>\n<p>Erasmus \u00e8 un <strong>programma europeo di scambio di studenti e apprendisti<\/strong>, creato nel 1987 dall&#8217;Unione Europea. Ha lo scopo di promuovere la mobilit\u00e0 e la cooperazione tra istituti di istruzione superiore e aziende. Il programma Erasmus offre quindi ai giovani l&#8217;opportunit\u00e0 di vivere un&#8217;esperienza professionale e interculturale in un altro paese europeo, e ci\u00f2 in vari settori, tra cui la Cioccolateria.<\/p>\n<h3>Perch\u00e9 scegliere uno stage Erasmus in Cioccolateria?<\/h3>\n<p>La Cioccolateria \u00e8 un <strong>mestiere d&#8217;arte e passione<\/strong> in cui creativit\u00e0, abilit\u00e0 e precisione sono essenziali. Uno stage Erasmus in Cioccolateria consente di acquisire un&#8217;esperienza internazionale preziosa e di sviluppare competenze tecniche e professionali in questo campo. Inoltre, questa esperienza permette di arricchire il proprio curriculum vitae e di distinguersi sul mercato del lavoro.<\/p>\n<h2>Le fasi per ottenere uno stage Erasmus in Cioccolateria<\/h2>\n<p>Per partecipare a uno stage Erasmus in Cioccolateria, \u00e8 necessario seguire alcune fasi chiave:<\/p>\n<ol>\n<li><strong>Trovare un&#8217;azienda ospitante<\/strong>: pu\u00f2 trattarsi di un&#8217;azienda, di un negozio o di un laboratorio artigianale specializzato nella produzione di cioccolato. La ricerca pu\u00f2 essere fatta presso gli organismi partner del programma Erasmus, attraverso reti professionali o grazie ai consigli della tua istituzione scolastica.<\/li>\n<li><strong>Verificare le condizioni di ammissibilit\u00e0:<\/strong> lo stage Erasmus in Cioccolateria \u00e8 accessibile agli studenti e apprendisti iscritti in un&#8217;istituzione di istruzione superiore che hanno gi\u00e0 completato un anno di studi. \u00c8 importante anche verificare se la tua istituzione e quella che ti interessa fanno parte del programma Erasmus.<\/li>\n<li><strong>Compilare un dossier di candidatura:<\/strong> questo dossier deve contenere un curriculum vitae, una lettera di motivazione e i contatti di due referenti (docenti o datori di lavoro) che possano raccomandare il tuo profilo. Il dossier sar\u00e0 presentato all&#8217;azienda ospitante che esaminer\u00e0 la tua candidatura.<\/li>\n<li><strong>Preparare i documenti amministrativi:<\/strong> una volta accettato lo stage, sar\u00e0 necessario compilare un dossier amministrativo che includa una convenzione di stage e un contratto di formazione firmati dalle diverse parti.<\/li>\n<li><strong>Organizzare il tuo soggiorno<\/strong>: infine, \u00e8 importante pianificare il tuo alloggio, il tuo trasporto e la tua copertura sanitaria per la durata dello stage.<\/li>\n<\/ol>\n<p>[\/vc_column_text][\/vc_column_inner][vc_column_inner width=&#8221;1\/12&#8243;][\/vc_column_inner][vc_column_inner width=&#8221;4\/12&#8243;][vc_single_image image=&#8221;18170&#8243; img_size=&#8221;400*400&#8243; alignment=&#8221;right&#8221; style=&#8221;vc_box_rounded&#8221;][vc_btn title=&#8221;Scoprire di pi\u00f9&#8221; style=&#8221;custom&#8221; custom_background=&#8221;#e20000&#8243; custom_text=&#8221;#ffffff&#8221; align=&#8221;center&#8221; link=&#8221;url:https%3A%2F%2Fespamob.com%2Fit%2Fcontacto-con-nuestro-equipo-de-movilidad|title:Contacto|target:_blank&#8221;][vc_column_text]<iframe loading=\"lazy\" width=\"560\" height=\"315\" src=\"https:\/\/www.youtube.com\/embed\/YbPBIzvIuO4?si=eU2IFa5MGzscrg5z\" title=\"YouTube video player\" frameborder=\"0\" allow=\"accelerometer; autoplay; clipboard-write; encrypted-media; gyroscope; picture-in-picture; web-share\" referrerpolicy=\"strict-origin-when-cross-origin\" allowfullscreen><\/iframe>[\/vc_column_text][\/vc_column_inner][\/vc_row_inner][vc_custom_heading text=&#8221;Le formazioni in cioccolateria compatibili con il programma Erasmus&#8221; font_container=&#8221;tag:h3|text_align:left&#8221; use_theme_fonts=&#8221;yes&#8221; css=&#8221;.vc_custom_1702548015405{margin-top: 20px !important;}&#8221;][vc_separator][vc_row_inner][vc_column_inner width=&#8221;7\/12&#8243;][vc_column_text]Per accedere a uno stage Erasmus in Cioccolateria, \u00e8 importante essere iscritti a una formazione adeguata. Ecco alcuni esempi di formazioni compatibili:<\/p>\n<ul>\n<li><strong>Studi di Pasticcere-Cioccolatiere-Confettiere-Gelatiere:<\/strong> questa formazione polivalente consente di acquisire competenze tecniche nella creazione di pasticceria, cioccolatini, confetteria e gelati.<\/li>\n<li><strong>Studi di Panettiere-Pasticcere:<\/strong> questo diploma offre una specializzazione in panetteria e pasticceria, sviluppando anche competenze in gestione e imprenditorialit\u00e0.<\/li>\n<li><strong>Studi Industria alimentare opzione Cioccolateria:<\/strong> accessibile dopo un diploma di istruzione superiore professionale o tecnologico, questa formazione di due anni offre una specializzazione in Chocolaterie e consente di accedere a posizioni di responsabilit\u00e0.<\/li>\n<\/ul>\n<h2>I paesi europei in cui svolgere uno stage Erasmus in Cioccolateria<\/h2>\n<p>Essendo la Cioccolateria un mestiere dalle tradizioni millenarie, alcuni paesi sono particolarmente noti per la loro maestria. Pertanto, uno stage Erasmus in Cioccolateria pu\u00f2 essere realizzato nei seguenti paesi:<\/p>\n<ul>\n<li><strong>Belgio<\/strong>, rinomato a livello mondiale per le sue praline e i suoi cioccolatieri famosi come Pierre Marcolini o Neuhaus.<\/li>\n<li><strong>Francia<\/strong>, con i suoi maestri cioccolatieri come Patrick Roger o Jean-Paul H\u00e9vin, che hanno saputo coniugare tradizione e innovazione.<\/li>\n<li><strong>Svizzera<\/strong>, culla del cioccolato al latte e del cioccolato ripieno grazie a marchi iconici come Lindt o Toblerone.<\/li>\n<li><strong> Regno Unito<\/strong>, dove si trovano numerosi cioccolatieri innovativi e creativi come Rococo Chocolates o Paul A. Young.<\/li>\n<\/ul>\n<p>In definitiva, uno stage Erasmus in Cioccolateria \u00e8 un&#8217;esperienza unica per formarsi accanto ai migliori artigiani e approfondire la propria passione per il cioccolato, scoprendo allo stesso tempo altre culture e tradizioni. Quindi, non esitare pi\u00f9 e lanciati in questa avventura golosa![\/vc_column_text][\/vc_column_inner][vc_column_inner width=&#8221;1\/12&#8243;][\/vc_column_inner][vc_column_inner width=&#8221;4\/12&#8243;][vc_raw_html]JTNDZGl2JTIwc3R5bGUlM0QlMjJwYWRkaW5nJTNBJTIwMzBweCUzQmJhY2tncm91bmQtY29sb3IlM0ElMjAlMjNGNEY0RjQlM0IlMjIlM0UlMEElMjAlMjAlMjAlMjAlM0NoNCUzRVNjb3ByaSUyMHR1dHRpJTIwaSUyMHNldHRvcmklMjBkaSUyMHRpcm9jaW5pbyUzQyUyRmg0JTNFJTBBJTIwJTIwJTIwJTIwJTNDcCUzRUwlMjdFc3BhbW9iJTIwJUMzJUE4JTIwc3BlY2lhbGl6emF0byUyMG5lbGwlMjdhc3Npc3RlbnphJTIwYWklMjBncnVwcGklMjBwZXIlMjBsYSUyMG1vYmlsaXQlQzMlQTAlMjBFcmFzbXVzJTIwJTJCLiUyMFNjb3ByaXRlJTIwdHV0dGklMjBpJTIwc2V0dG9yaSUyMGRpJTIwdGlyb2NpbmlvJTIwRXJhc211cyUyMGluJTIwU3BhZ25hJTIwaW4lMjBwb2NoaSUyMGNsaWMuJTNDJTJGcCUzRSUwQSUyMCUyMCUyMCUyMCUzQ2ElMjBjbGFzcyUzRCUyMnZjX2dlbmVyYWwlMjB2Y19idG4zJTIwdmNfYnRuMy1zaXplLW1kJTIwdmNfYnRuMy1zaGFwZS1kZWZhdWx0JTIwdmNfYnRuMy1zdHlsZS1jdXN0b20lMjB3cGJfY3VzdG9tXzY2ODdiMjZmMzk0ODhkZGJiODVkZGIzYzFjZThlMTExJTIwYnRuJTIyJTIwc3R5bGUlM0QlMjJiYWNrZ3JvdW5kLWNvbG9yJTNBJTIzZTIwMDAwJTNCJTIwY29sb3IlM0ElMjNmZmZmZmYlM0IlMjBiYWNrZ3JvdW5kLWNvbG9yJTNBJTIzZTIwMDAwJTNCJTIwY29sb3IlM0ElMjNmZmZmZmYlM0IlMjIlMjBocmVmJTNEJTIyaHR0cHMlM0ElMkYlMkZ3d3cuZXNwYW1vYi5jb20lMkZpdCUyRnNldHRvcmktc3RhZ2UtYXppZW5kZS1lcmFzbXVzcGx1cyUyRiUyMiUyMHRpdGxlJTNEJTIyU2V0dG9yaSUyMGRpJTIwc3RhZ2UlMjIlMjB0YXJnZXQlM0QlMjJfYmxhbmslMjIlM0VTY29wcmlyZSUyMGklMjBzZXR0b3JpJTNDJTJGYSUzRSUwQSUzQyUyRmRpdiUzRQ==[\/vc_raw_html][\/vc_column_inner][\/vc_row_inner][\/vc_column][\/vc_row][vc_row full_width=&#8221;stretch_row&#8221; wrap_container=&#8221;yes&#8221; is_section=&#8221;yes&#8221; css=&#8221;.vc_custom_1702548547924{padding-top: 15px !important;padding-bottom: 15px !important;background-color: #f8f392 !important;}&#8221; conditional_render=&#8221;%5B%7B%22value_role%22%3A%22administrator%22%7D%5D&#8221;][vc_column][vc_row_inner css=&#8221;.vc_custom_1688548648248{background-color: #f8f392 !important;}&#8221;][vc_column_inner][vc_custom_heading text=&#8221;Richiedi un preventivo gratuito&#8221; font_container=&#8221;tag:h2|text_align:center&#8221; use_theme_fonts=&#8221;yes&#8221;][vc_column_text]<\/p>\n<div class=\"wpb_text_column wpb_content_element \">\n<div class=\"wpb_wrapper\">\n<p>Hai un\u2019idea per un progetto Erasmus+ in Spagna e cerchi un partner fidato che ti supporti?\u00a0<strong>Espamob<\/strong>\u2019 \u00e8 qui per aiutarti! Ti offriamo un preventivo gratuito e senza impegno per aiutarti a gestire il tuo progetto di mobilit\u00e0. Grazie alla nostra competenza e alla nostra rete di aziende partner, siamo in grado di offrirvi un supporto personalizzato per soddisfare le vostre specifiche esigenze. Contattaci ora per discutere del tuo progetto e ottenere il tuo preventivo gratuito.<\/div>\n<\/div>\n<p>[\/vc_column_text]<div id=\"modal-trg-txt-wrap-1245\" class=\"ult-modal-input-wrapper ult-adjust-bottom-margin    \" data-keypress-control=\"keypress-control-enable\" data-overlay-control=\"overlay-control-enable\"><style>\n\t\t\t\t\t.btn-modal.btn-id-69e7b02e374199-24741549:hover {\n\t\t\t\t\t\tbackground-color: #e20000 !important;\n\t\t\t\t\t}\n\t\t\t\t\t<\/style><button  data-ultimate-target='#modal-trg-txt-wrap-1245 .btn-modal'  data-responsive-json-new='{\"font-size\":\"\",\"line-height\":\"\"}'  style=\"background:#888888;border-color:#888888;color:#ffffff; \" data-class-id=\"content-69e7b02e374199-24741549\" class=\"btn-modal ult-responsive btn-primary btn-modal-md overlay-show ult-align-center btn-id-69e7b02e374199-24741549\" data-overlay-class=\"overlay-cornerbottomleft\">RICHIEDI PREVENTIVO GRATUITO<\/button><\/div>\n<div class=\"ult-overlay content-69e7b02e374199-24741549 \" data-class=\"content-69e7b02e374199-24741549\" id=\"button-click-overlay\" style=\"background:rgba(51,51,51,0.8); display:none;\">\n\t<div class=\"ult_modal ult-fade ult-medium\">\n\t\t<div id=\"ult-modal-wrap-880\" class=\"ult_modal-content ult-hide\" style=\"border-style:solid;border-width:2px;border-radius:0px;border-color:#333333;\">\n\t\t\t<div class=\"ult_modal-header\" style=\"color:#333333;border-color:#333333;\">\n\t\t\t\t<h3  data-ultimate-target='#ult-modal-wrap-880 .ult_modal-title'  data-responsive-json-new='{\"font-size\":\"\",\"line-height\":\"\"}'  class=\"ult_modal-title ult-responsive\">RICHIEDI PREVENTIVO GRATUITO<\/h3>\n\t\t\t<\/div>\n\t\t\t<div  data-ultimate-target='#ult-modal-wrap-880 .ult_modal-body'  data-responsive-json-new='{\"font-size\":\"\",\"line-height\":\"\"}'  class=\"ult_modal-body ult-responsive ult-html\" style=\"\">\n\t\t\t<\/p>\n<p>[caldera_form id=&#8221;CF61499d9470acd&#8221;]<\/p>\n<p>\n\t\t\t<\/div>\n\t<\/div>\n\t<\/div>\n\t<div class=\"ult-overlay-close top-right\" style=\"width:80px;height:80px; \"><div class=\"ult-overlay-close-inside\">Close<\/div><\/div>\n<\/div>[\/vc_column_inner][\/vc_row_inner][\/vc_column][\/vc_row][vc_row wrap_container=&#8221;yes&#8221; css=&#8221;.vc_custom_1689256499740{margin-top: 15px !important;}&#8221; conditional_render=&#8221;%5B%7B%22value_role%22%3A%22administrator%22%7D%5D&#8221;][vc_column][vc_custom_heading text=&#8221;Domande frequenti&#8221; font_container=&#8221;tag:h2|text_align:center|color:%23000000&#8243; use_theme_fonts=&#8221;yes&#8221;][vc_separator][vc_row_inner][vc_column_inner width=&#8221;7\/12&#8243;][vc_column_text]<\/p>\n<h3>Quali servizi offre Espamob per gli stage Erasmus in Spagna?<\/h3>\n<p>Espamob offre una gamma completa di servizi per gli stage Erasmus in Spagna. Ti accompagnano nella creazione del tuo progetto, nella ricerca di finanziamenti, nell&#8217;accoglienza presso le universit\u00e0 e le aziende partner, nella ricerca di alloggi in loco e nell&#8217;organizzazione del tuo trasferimento dall&#8217;aeroporto.<\/p>\n<h3>Come pu\u00f2 Espamob aiutarti a realizzare uno stage Erasmus in cioccolateria in Spagna?<\/h3>\n<p>Espamob dispone di una vasta rete di partner in Spagna, incluso nel settore della cioccolateria. Possono aiutarti a trovare aziende partner specializzate nella produzione di cioccolato, dove potrai svolgere il tuo stage Erasmus. Ti accompagneranno anche in tutte le fasi del processo, dalla creazione del tuo progetto all&#8217;accoglienza in azienda.<\/p>\n<h3>Quali sono i vantaggi di scegliere Espamob per uno stage Erasmus in Spagna?<\/h3>\n<p>Scegliendo Espamob per uno stage Erasmus in Spagna, avrai un aiuto completo e personalizzato. La loro esperienza nella gestione di progetti Erasmus assicura un&#8217;esperienza senza preoccupazioni. Inoltre, la loro vasta rete di partner ti consente di trovare opportunit\u00e0 di stage in settori specifici, come la cioccolateria, e di godere di un supporto locale per tutta la durata del tuo soggiorno.[\/vc_column_text][\/vc_column_inner][vc_column_inner width=&#8221;1\/12&#8243;][\/vc_column_inner][vc_column_inner width=&#8221;4\/12&#8243;][vc_single_image image=&#8221;15074&#8243; img_size=&#8221;full&#8221;][vc_column_text]<strong>Scopri le diverse destinazioni Erasmus + in Spagna:<\/strong><\/p>\n<ul>\n<li><a href=\"https:\/\/espamob.com\/it\/settori-stage-aziende-erasmusplus\/professioni-alimentari\/stage-erasmus-macelleria\/\">StageErasmus di macelleria<\/a><\/li>\n<li><a href=\"https:\/\/espamob.com\/it\/settori-stage-aziende-erasmusplus\/professioni-alimentari\/stage-erasmus-salumeria\/\">Stage Erasmus in salumeria<\/a><\/li>\n<li><a href=\"https:\/\/espamob.com\/it\/settori-stage-aziende-erasmusplus\/professioni-alimentari\/stage-erasmus-sommelier\/\">Stage Erasmus di sommelier<\/a><\/li>\n<li><a href=\"https:\/\/espamob.com\/it\/settori-stage-aziende-erasmusplus\/professioni-alimentari\/stage-erasmus-pescheria\/\">Stage Erasmus di pescheria<\/a><\/li>\n<li><a href=\"https:\/\/espamob.com\/it\/settori-stage-aziende-erasmusplus\/professioni-alimentari\/stage-erasmus-panetteria\/\">Stage Erasmus di panatteria<\/a><\/li>\n<li><a href=\"https:\/\/espamob.com\/it\/settori-stage-aziende-erasmusplus\/professioni-alimentari\/stage-erasmus-pasticceria\/\">Stage Erasmus di pasticceria<\/a><\/li>\n<li><a href=\"https:\/\/espamob.com\/it\/settori-stage-aziende-erasmusplus\/professioni-alimentari\/stage-erasmus-gelateria\/\">Stage Erasmus di Gelateria<\/a><\/li>\n<li><a href=\"https:\/\/espamob.com\/it\/settori-stage-aziende-erasmusplus\/professioni-alimentari\/stage-erasmus-cucina\/\">Stage Erasmus di cucina<\/a><\/li>\n<\/ul>\n<p>[\/vc_column_text][\/vc_column_inner][\/vc_row_inner][\/vc_column][\/vc_row]<\/p>\n<\/div>","protected":false},"excerpt":{"rendered":"<p>[vc_row css=&#8221;.vc_custom_1703413973787{margin-top: -20px !important;margin-bottom: 40px !important;background-image: url(https:\/\/espamob.com\/wp-content\/uploads\/2023\/12\/Chocolateria-Confiteria.webp?id=22138) !important;}&#8221; conditional_render=&#8221;%5B%7B%22value_role%22%3A%22administrator%22%7D%5D&#8221;][vc_column css=&#8221;.vc_custom_1687965657482{padding-top: 30px !important;}&#8221; conditional_render=&#8221;%5B%7B%22value_role%22%3A%22administrator%22%7D%5D&#8221;][vc_empty_space height=&#8221;170&#8243;][vc_custom_heading text=&#8221;Tirocinio Erasmus: Cioccolateria&#8221; font_container=&#8221;tag:h1|font_size:27|text_align:center|color:%23ffffff&#8221; use_theme_fonts=&#8221;yes&#8221; css=&#8221;.vc_custom_1702910795565{margin-bottom: 15px !important;background-color: rgba(136,136,136,0.29) !important;*background-color: rgb(136,136,136) !important;}&#8221; animation_type=&#8221;zoomIn&#8221;][vc_empty_space height=&#8221;40&#8243;][\/vc_column][\/vc_row][vc_row wrap_container=&#8221;yes&#8221; text_align=&#8221;justify&#8221;][vc_column text_align=&#8221;justify&#8221;][vc_column_text] Home Settori di stage Mobilit\u00e0 Erasmus Plus nell&#8217;industria alimentare Tirocinio Erasmus: cioccolateria [\/vc_column_text][vc_custom_heading text=&#8221;Rendi la tua passione per il cioccolato un&#8217;esperienza indimenticabile con uno<\/p>\n","protected":false},"author":2,"featured_media":0,"parent":12704,"menu_order":0,"comment_status":"closed","ping_status":"closed","template":"","meta":{"footnotes":""},"class_list":["post-21550","page","type-page","status-publish","hentry"],"_links":{"self":[{"href":"https:\/\/espamob.com\/it\/wp-json\/wp\/v2\/pages\/21550","targetHints":{"allow":["GET"]}}],"collection":[{"href":"https:\/\/espamob.com\/it\/wp-json\/wp\/v2\/pages"}],"about":[{"href":"https:\/\/espamob.com\/it\/wp-json\/wp\/v2\/types\/page"}],"author":[{"embeddable":true,"href":"https:\/\/espamob.com\/it\/wp-json\/wp\/v2\/users\/2"}],"replies":[{"embeddable":true,"href":"https:\/\/espamob.com\/it\/wp-json\/wp\/v2\/comments?post=21550"}],"version-history":[{"count":0,"href":"https:\/\/espamob.com\/it\/wp-json\/wp\/v2\/pages\/21550\/revisions"}],"up":[{"embeddable":true,"href":"https:\/\/espamob.com\/it\/wp-json\/wp\/v2\/pages\/12704"}],"wp:attachment":[{"href":"https:\/\/espamob.com\/it\/wp-json\/wp\/v2\/media?parent=21550"}],"curies":[{"name":"wp","href":"https:\/\/api.w.org\/{rel}","templated":true}]}}