{"id":21538,"date":"2023-07-13T14:41:12","date_gmt":"2023-07-13T14:41:12","guid":{"rendered":"https:\/\/www.espamob.com\/settori-stage-aziende-erasmusplus\/professioni-alimentari\/stage-erasmus-poissonnerie\/"},"modified":"2023-12-24T10:26:37","modified_gmt":"2023-12-24T10:26:37","slug":"stage-erasmus-pescheria","status":"publish","type":"page","link":"https:\/\/espamob.com\/it\/settori-stage-aziende-erasmusplus\/professioni-alimentari\/stage-erasmus-pescheria\/","title":{"rendered":"Stage Erasmus: Pescheria"},"content":{"rendered":"<div class=\"wpb-content-wrapper\"><p>[vc_row css=&#8221;.vc_custom_1703413579124{margin-top: -20px !important;margin-bottom: 40px !important;background-image: url(https:\/\/espamob.com\/wp-content\/uploads\/2023\/12\/Pescaderia.webp?id=22102) !important;}&#8221; conditional_render=&#8221;%5B%7B%22value_role%22%3A%22administrator%22%7D%5D&#8221;][vc_column css=&#8221;.vc_custom_1687965657482{padding-top: 30px !important;}&#8221; conditional_render=&#8221;%5B%7B%22value_role%22%3A%22administrator%22%7D%5D&#8221;][vc_empty_space height=&#8221;170&#8243;][vc_custom_heading text=&#8221;Tirocinio Erasmus: Pescheria&#8221; font_container=&#8221;tag:h1|font_size:27|text_align:center|color:%23ffffff&#8221; use_theme_fonts=&#8221;yes&#8221; css=&#8221;.vc_custom_1702910401492{margin-bottom: 15px !important;background-color: rgba(136,136,136,0.29) !important;*background-color: rgb(136,136,136) !important;}&#8221; animation_type=&#8221;zoomIn&#8221;][vc_empty_space height=&#8221;40&#8243;][\/vc_column][\/vc_row][vc_row wrap_container=&#8221;yes&#8221; text_align=&#8221;justify&#8221;][vc_column text_align=&#8221;justify&#8221;][vc_column_text]<\/p>\n<nav aria-label=\"breadcrumb\">\n<ol class=\"breadcrumb\">\n<li class=\"breadcrumb-item\"><a href=\"https:\/\/espamob.com\/it\">Home<\/a><\/li>\n<li class=\"breadcrumb-item\"><a href=\"https:\/\/espamob.com\/it\/settori-stage-aziende-erasmusplus\">Settori di stage<\/a><\/li>\n<li class=\"breadcrumb-item active\" aria-current=\"page\"><a href=\"https:\/\/espamob.com\/it\/settori-stage-aziende-erasmusplus\/professioni-alimentari\">Mobilit\u00e0 Erasmus Plus nell&#8217;industria alimentare<\/a><\/li>\n<li class=\"breadcrumb-item active\" aria-current=\"page\">Stage Erasmus: Pescheria<\/li>\n<\/ol>\n<\/nav>\n<p>[\/vc_column_text][vc_custom_heading text=&#8221;Lo stage Erasmus in pescheria: un&#8217;esperienza unica per i futuri professionisti&#8221; use_theme_fonts=&#8221;yes&#8221; css=&#8221;.vc_custom_1702485007493{margin-top: 20px !important;}&#8221;][vc_separator][vc_row_inner][vc_column_inner width=&#8221;7\/12&#8243;][vc_column_text]Nel contesto di una formazione professionale o di studi universitari, svolgere uno<strong> stage all&#8217;estero<\/strong> \u00e8 un&#8217;opportunit\u00e0 arricchente che consente di sviluppare nuove competenze e acquisire un&#8217;esperienza significativa. Il programma europeo Erasmus+ offre agli studenti e agli apprendisti la possibilit\u00e0 di svolgere uno stage professionale in vari settori, beneficiando nel contempo di un sostegno finanziario. Tra le molteplici opzioni disponibili, vi \u00e8 la possibilit\u00e0 di effettuare uno stage Erasmus in pescheria, una scelta originale che presenta numerosi vantaggi per i futuri professionisti del settore.<\/p>\n<h2>Le professioni legate alla pescheria: un settore ricco di opportunit\u00e0<\/h2>\n<p>Il mondo della pescheria comprende una vasta gamma di professioni, dal semplice impiegato di reparto a ruoli di responsabilit\u00e0 come quello di caporeparto o responsabile approvvigionamento. Il settore offre un ampio ventaglio di opportunit\u00e0 professionali con prospettive di carriera interessanti. La pescheria include anche attivit\u00e0 legate alla trasformazione e distribuzione dei prodotti ittici.<\/p>\n<h3>Alcune professioni chiave del settore:<\/h3>\n<ul>\n<li><strong>Pescivendolo<\/strong>: si occupa principalmente della preparazione e vendita di pesci, crostacei e altri prodotti del mare. Pu\u00f2 lavorare in negozi, nei mercati o nella grande distribuzione.<\/li>\n<li><strong>Persona specializzata in molluschi e crostacei<\/strong>, apre le ostriche e prepara i vassoi di frutti di mare per la vendita o il consumo sul posto.<\/li>\n<li><strong> Chef specializzato in prodotti ittici: <\/strong>propone una variegata gamma di piatti cucinati a base di pesce e frutti di mare, spesso preparati con ricette locali e tradizionali. Pu\u00f2 svolgere la sua attivit\u00e0 in negozi, in un ristorante o come catering per eventi.<\/li>\n<\/ul>\n<p>[\/vc_column_text][\/vc_column_inner][vc_column_inner width=&#8221;1\/12&#8243;][\/vc_column_inner][vc_column_inner width=&#8221;4\/12&#8243;][vc_single_image image=&#8221;18290&#8243; img_size=&#8221;400*400&#8243; alignment=&#8221;right&#8221; style=&#8221;vc_box_rounded&#8221;][vc_btn title=&#8221;Scoprire di pi\u00f9&#8221; style=&#8221;custom&#8221; custom_background=&#8221;#e20000&#8243; custom_text=&#8221;#ffffff&#8221; align=&#8221;center&#8221; link=&#8221;url:https%3A%2F%2Fespamob.com%2Fit%2Fcontacto-con-nuestro-equipo-de-movilidad|title:Contacto|target:_blank&#8221;][\/vc_column_inner][\/vc_row_inner][vc_custom_heading text=&#8221;Perch\u00e9 scegliere uno stage Erasmus in pescheria?&#8221; font_container=&#8221;tag:h3|text_align:left&#8221; use_theme_fonts=&#8221;yes&#8221; css=&#8221;.vc_custom_1702485219742{margin-top: 20px !important;}&#8221;][vc_separator][vc_row_inner][vc_column_inner width=&#8221;7\/12&#8243;][vc_column_text]Svolgere uno stage Erasmus in pescheria offre diversi vantaggi agli studenti desiderosi di formarsi nelle professioni di questo settore. Infatti, questo tipo di stage consente di:<\/p>\n<ol>\n<li><strong>Scoprire nuove tecniche<\/strong>: ogni paese ha i propri metodi e know-how per la preparazione e la vendita dei prodotti ittici. Uno stage all&#8217;estero offre quindi l&#8217;opportunit\u00e0 di arricchirsi professionalmente e imparare nuove tecniche di lavoro.<\/li>\n<li><strong>Ampliare le competenze linguistiche<\/strong>: padroneggiare una o pi\u00f9 lingue straniere \u00e8 un vantaggio indiscutibile nel mondo del lavoro. Uno stage Erasmus+ contribuisce quindi a migliorare le competenze linguistiche e a sviluppare le competenze interculturali.<\/li>\n<li><strong>Valorizzare il proprio curriculum vitae<\/strong>: menzionare un&#8217;esperienza di stage all&#8217;estero nel campo della pescheria \u00e8 sicuramente un vantaggio per i futuri cercatori di lavoro. Dimostra infatti capacit\u00e0 di adattamento e apertura mentale apprezzate dai selezionatori.<\/li>\n<\/ol>\n<h2>I programmi Erasmus+ legati alla mobilit\u00e0 professionale<\/h2>\n<p>Il programma europeo Erasmus+ finanzia progetti di mobilit\u00e0 per studenti, apprendisti e giovani lavoratori desiderosi di acquisire esperienza professionale all&#8217;estero. Esistono diversi dispositivi che consentono di svolgere uno stage in pescheria:<\/p>\n<ul>\n<li><strong> Erasmus+ studio:<\/strong> destinato agli studenti iscritti in un istituto di istruzione superiore, questo programma consente di svolgere uno stage professionale della durata di due a dodici mesi.<\/li>\n<li><strong> Erasmus+ alternanza:<\/strong> offre la possibilit\u00e0 agli apprendisti di svolgere parte della loro formazione in un&#8217;azienda all&#8217;estero per una durata che varia da due settimane a sei mesi.<\/li>\n<li><strong> ErasmusPro:<\/strong> questo dispositivo si rivolge specificamente ai giovani in formazione professionale iniziale. Propone stage a lungo termine, dalla durata di tre a sei mesi.<\/li>\n<\/ul>\n<h3>Come trovare uno stage Erasmus in pescheria?<\/h3>\n<p>Per cercare uno stage Erasmus in pescheria, \u00e8 consigliabile avvicinarsi al proprio istituto di istruzione che potr\u00e0 informarti sui partenariati esistenti e sulle procedure da seguire. Le reti professionali e le piattaforme online specializzate nella ricerca di stage all&#8217;estero possono essere eccellenti strumenti per trovare offerte che corrispondano alle tue aspettative.<\/p>\n<p>In sintesi, svolgere uno <strong>stage Erasmus in pescheria<\/strong> rappresenta un&#8217;occasione unica per i futuri professionisti del settore di formarsi nelle professioni, scoprire nuove tecniche di lavoro e migliorare le proprie competenze linguistiche, il tutto vivendo un&#8217;esperienza indimenticabile all&#8217;estero.[\/vc_column_text][\/vc_column_inner][vc_column_inner width=&#8221;1\/12&#8243;][\/vc_column_inner][vc_column_inner width=&#8221;4\/12&#8243;][vc_raw_html]JTNDZGl2JTIwc3R5bGUlM0QlMjJwYWRkaW5nJTNBJTIwMzBweCUzQmJhY2tncm91bmQtY29sb3IlM0ElMjAlMjNGNEY0RjQlM0IlMjIlM0UlMEElMjAlMjAlMjAlMjAlM0NoNCUzRVNjb3ByaSUyMHR1dHRpJTIwaSUyMHNldHRvcmklMjBkaSUyMHRpcm9jaW5pbyUzQyUyRmg0JTNFJTBBJTIwJTIwJTIwJTIwJTNDcCUzRUwlMjdFc3BhbW9iJTIwJUMzJUE4JTIwc3BlY2lhbGl6emF0byUyMG5lbGwlMjdhc3Npc3RlbnphJTIwYWklMjBncnVwcGklMjBwZXIlMjBsYSUyMG1vYmlsaXQlQzMlQTAlMjBFcmFzbXVzJTIwJTJCLiUyMFNjb3ByaXRlJTIwdHV0dGklMjBpJTIwc2V0dG9yaSUyMGRpJTIwdGlyb2NpbmlvJTIwRXJhc211cyUyMGluJTIwU3BhZ25hJTIwaW4lMjBwb2NoaSUyMGNsaWMuJTNDJTJGcCUzRSUwQSUyMCUyMCUyMCUyMCUzQ2ElMjBjbGFzcyUzRCUyMnZjX2dlbmVyYWwlMjB2Y19idG4zJTIwdmNfYnRuMy1zaXplLW1kJTIwdmNfYnRuMy1zaGFwZS1kZWZhdWx0JTIwdmNfYnRuMy1zdHlsZS1jdXN0b20lMjB3cGJfY3VzdG9tXzY2ODdiMjZmMzk0ODhkZGJiODVkZGIzYzFjZThlMTExJTIwYnRuJTIyJTIwc3R5bGUlM0QlMjJiYWNrZ3JvdW5kLWNvbG9yJTNBJTIzZTIwMDAwJTNCJTIwY29sb3IlM0ElMjNmZmZmZmYlM0IlMjBiYWNrZ3JvdW5kLWNvbG9yJTNBJTIzZTIwMDAwJTNCJTIwY29sb3IlM0ElMjNmZmZmZmYlM0IlMjIlMjBocmVmJTNEJTIyaHR0cHMlM0ElMkYlMkZ3d3cuZXNwYW1vYi5jb20lMkZpdCUyRnNldHRvcmktc3RhZ2UtYXppZW5kZS1lcmFzbXVzcGx1cyUyRiUyMiUyMHRpdGxlJTNEJTIyU2V0dG9yaSUyMGRpJTIwc3RhZ2UlMjIlMjB0YXJnZXQlM0QlMjJfYmxhbmslMjIlM0VTY29wcmlyZSUyMGklMjBzZXR0b3JpJTNDJTJGYSUzRSUwQSUzQyUyRmRpdiUzRQ==[\/vc_raw_html][vc_custom_heading text=&#8221;Scoprite i feedback dei partecipanti al programma Erasmus +:&#8221; font_container=&#8221;tag:h3|text_align:left&#8221; use_theme_fonts=&#8221;yes&#8221; css=&#8221;.vc_custom_1702485513159{margin-top: 20px !important;}&#8221;][vc_separator][vc_video link=&#8221;https:\/\/www.youtube.com\/watch?v=qdSTZpUC0ks&#038;t=12s&#038;ab_channel=Espamob%27-EuropeanMobilityProgram&#8221; align=&#8221;center&#8221;][\/vc_column_inner][\/vc_row_inner][\/vc_column][\/vc_row][vc_row full_width=&#8221;stretch_row&#8221; wrap_container=&#8221;yes&#8221; is_section=&#8221;yes&#8221; css=&#8221;.vc_custom_1702485730790{padding-top: 15px !important;padding-bottom: 15px !important;background-color: #f8f392 !important;}&#8221; conditional_render=&#8221;%5B%7B%22value_role%22%3A%22administrator%22%7D%5D&#8221;][vc_column][vc_row_inner css=&#8221;.vc_custom_1688548648248{background-color: #f8f392 !important;}&#8221;][vc_column_inner][vc_custom_heading text=&#8221;Richiedi un preventivo gratuito&#8221; font_container=&#8221;tag:h2|text_align:center&#8221; use_theme_fonts=&#8221;yes&#8221;][vc_column_text]<\/p>\n<p style=\"text-align: justify;\">Hai un\u2019idea per un progetto Erasmus+ in Spagna e cerchi un partner fidato che ti supporti? <strong>Espamob<\/strong>\u2019 \u00e8 qui per aiutarti! Ti offriamo un preventivo gratuito e senza impegno per aiutarti a gestire il tuo progetto di mobilit\u00e0. Grazie alla nostra competenza e alla nostra rete di aziende partner, siamo in grado di offrirvi un supporto personalizzato per soddisfare le vostre specifiche esigenze. Contattaci ora per discutere del tuo progetto e ottenere il tuo preventivo gratuito.<\/p>\n<p>[\/vc_column_text]<div id=\"modal-trg-txt-wrap-3167\" class=\"ult-modal-input-wrapper ult-adjust-bottom-margin    \" data-keypress-control=\"keypress-control-enable\" data-overlay-control=\"overlay-control-enable\"><style>\n\t\t\t\t\t.btn-modal.btn-id-69e780f2163276-53406172:hover {\n\t\t\t\t\t\tbackground-color: #e20000 !important;\n\t\t\t\t\t}\n\t\t\t\t\t<\/style><button  data-ultimate-target='#modal-trg-txt-wrap-3167 .btn-modal'  data-responsive-json-new='{\"font-size\":\"\",\"line-height\":\"\"}'  style=\"background:#888888;border-color:#888888;color:#ffffff; \" data-class-id=\"content-69e780f2163276-53406172\" class=\"btn-modal ult-responsive btn-primary btn-modal-md overlay-show ult-align-center btn-id-69e780f2163276-53406172\" data-overlay-class=\"overlay-cornerbottomleft\">RICHIEDI PREVENTIVO GRATUITO<\/button><\/div>\n<div class=\"ult-overlay content-69e780f2163276-53406172 \" data-class=\"content-69e780f2163276-53406172\" id=\"button-click-overlay\" style=\"background:rgba(51,51,51,0.8); display:none;\">\n\t<div class=\"ult_modal ult-fade ult-medium\">\n\t\t<div id=\"ult-modal-wrap-6239\" class=\"ult_modal-content ult-hide\" style=\"border-style:solid;border-width:2px;border-radius:0px;border-color:#333333;\">\n\t\t\t<div class=\"ult_modal-header\" style=\"color:#333333;border-color:#333333;\">\n\t\t\t\t<h3  data-ultimate-target='#ult-modal-wrap-6239 .ult_modal-title'  data-responsive-json-new='{\"font-size\":\"\",\"line-height\":\"\"}'  class=\"ult_modal-title ult-responsive\">RICHIEDI PREVENTIVO GRATUITO<\/h3>\n\t\t\t<\/div>\n\t\t\t<div  data-ultimate-target='#ult-modal-wrap-6239 .ult_modal-body'  data-responsive-json-new='{\"font-size\":\"\",\"line-height\":\"\"}'  class=\"ult_modal-body ult-responsive ult-html\" style=\"\">\n\t\t\t[caldera_form id=&#8221;CF61499d9470acd&#8221;]\n\t\t\t<\/div>\n\t<\/div>\n\t<\/div>\n\t<div class=\"ult-overlay-close top-right\" style=\"width:80px;height:80px; \"><div class=\"ult-overlay-close-inside\">Close<\/div><\/div>\n<\/div>[\/vc_column_inner][\/vc_row_inner][\/vc_column][\/vc_row][vc_row wrap_container=&#8221;yes&#8221; css=&#8221;.vc_custom_1689256499740{margin-top: 15px !important;}&#8221; conditional_render=&#8221;%5B%7B%22value_role%22%3A%22administrator%22%7D%5D&#8221;][vc_column][vc_custom_heading text=&#8221;Domande frequenti&#8221; font_container=&#8221;tag:h2|text_align:center|color:%23000000&#8243; use_theme_fonts=&#8221;yes&#8221;][vc_separator][vc_row_inner][vc_column_inner width=&#8221;7\/12&#8243;][vc_column_text]<\/p>\n<h3>Quali servizi offre Espamob per gli stage Erasmus in Spagna?<\/h3>\n<p>Espamob offre una gestione completa dei progetti di mobilit\u00e0 Erasmus in Spagna. Questo include l&#8217;assistenza nella creazione del progetto, la ricerca di finanziamenti, l&#8217;accoglienza presso universit\u00e0 e aziende partner per gli stage, la ricerca di alloggi in loco e la gestione dei trasferimenti dall&#8217;aeroporto.<\/p>\n<h3>Come pu\u00f2 Espamob aiutare i gruppi che desiderano realizzare uno stage Erasmus in Spagna nel settore della pescheria?<\/h3>\n<p>Espamob dispone di una rete di partner in Spagna, inclusi nel settore della pescheria. L&#8217;agenzia pu\u00f2 agevolare la ricerca di stage in questo settore specifico e accompagnare i gruppi nell&#8217;accoglienza presso le aziende partner specializzate in pescheria.<\/p>\n<h3>Quali sono i vantaggi di scegliere Espamob per organizzare uno stage Erasmus in Spagna nel settore della pescheria?<\/h3>\n<p>Scegliendo Espamob, i gruppi beneficiano di competenza nell&#8217;organizzazione degli stage Erasmus in Spagna. L&#8217;agenzia si occupa di tutte le pratiche amministrative, della ricerca di finanziamenti e della logistica in loco, consentendo ai partecipanti di concentrarsi appieno sulla loro esperienza in pescheria. Inoltre, la rete di partner di Espamob facilita la ricerca di stage in questo settore specifico, offrendo opportunit\u00e0 uniche ai partecipanti.[\/vc_column_text][\/vc_column_inner][vc_column_inner width=&#8221;1\/12&#8243;][\/vc_column_inner][vc_column_inner width=&#8221;4\/12&#8243;][vc_single_image image=&#8221;15074&#8243; img_size=&#8221;full&#8221;][vc_column_text]<strong>Informatevi sulle diverse destinazioni Erasmus + in Spagna:<\/strong><\/p>\n<ul>\n<li><a href=\"https:\/\/espamob.com\/it\/settori-stage-aziende-erasmusplus\/professioni-alimentari\/stage-erasmus-macelleria\">StageErasmus di macelleria<\/a><\/li>\n<li><a href=\"https:\/\/espamob.com\/it\/settori-stage-aziende-erasmusplus\/professioni-alimentari\/stage-erasmus-salumeria\">Stage Erasmus in salumeria<\/a><\/li>\n<li><a href=\"https:\/\/espamob.com\/it\/settori-stage-aziende-erasmusplus\/professioni-alimentari\/stage-erasmus-sommelier\">Stage Erasmus di sommelier<\/a><\/li>\n<li><a href=\"https:\/\/espamob.com\/it\/settori-stage-aziende-erasmusplus\/professioni-alimentari\/stage-erasmus-panetteria\">Stage Erasmus di panetteria<\/a><\/li>\n<li><a href=\"https:\/\/espamob.com\/it\/settori-stage-aziende-erasmusplus\/professioni-alimentari\/stage-erasmus-pasticceria\">Stage Erasmus di Pasticceria<\/a><\/li>\n<li><a href=\"https:\/\/espamob.com\/it\/settori-stage-aziende-erasmusplus\/professioni-alimentari\/stage-erasmus-cioccolateria\">Stage Erasmus di Cioccolateria<\/a><\/li>\n<li><a href=\"https:\/\/espamob.com\/it\/settori-stage-aziende-erasmusplus\/professioni-alimentari\/stage-erasmus-gelateria\">Stage Erasmus di Gelateria<\/a><\/li>\n<li><a href=\"https:\/\/espamob.com\/it\/settori-stage-aziende-erasmusplus\/professioni-alimentari\/stage-erasmus-cucina\">Stage Erasmus di cucina<\/a><\/li>\n<\/ul>\n<p>[\/vc_column_text][\/vc_column_inner][\/vc_row_inner][\/vc_column][\/vc_row]<\/p>\n<\/div>","protected":false},"excerpt":{"rendered":"<p>[vc_row css=&#8221;.vc_custom_1703413579124{margin-top: -20px !important;margin-bottom: 40px !important;background-image: url(https:\/\/espamob.com\/wp-content\/uploads\/2023\/12\/Pescaderia.webp?id=22102) !important;}&#8221; conditional_render=&#8221;%5B%7B%22value_role%22%3A%22administrator%22%7D%5D&#8221;][vc_column css=&#8221;.vc_custom_1687965657482{padding-top: 30px !important;}&#8221; conditional_render=&#8221;%5B%7B%22value_role%22%3A%22administrator%22%7D%5D&#8221;][vc_empty_space height=&#8221;170&#8243;][vc_custom_heading text=&#8221;Tirocinio Erasmus: Pescheria&#8221; font_container=&#8221;tag:h1|font_size:27|text_align:center|color:%23ffffff&#8221; use_theme_fonts=&#8221;yes&#8221; css=&#8221;.vc_custom_1702910401492{margin-bottom: 15px !important;background-color: rgba(136,136,136,0.29) !important;*background-color: rgb(136,136,136) !important;}&#8221; animation_type=&#8221;zoomIn&#8221;][vc_empty_space height=&#8221;40&#8243;][\/vc_column][\/vc_row][vc_row wrap_container=&#8221;yes&#8221; text_align=&#8221;justify&#8221;][vc_column text_align=&#8221;justify&#8221;][vc_column_text] Home Settori di stage Mobilit\u00e0 Erasmus Plus nell&#8217;industria alimentare Stage Erasmus: Pescheria [\/vc_column_text][vc_custom_heading text=&#8221;Lo stage Erasmus in pescheria: un&#8217;esperienza unica per i futuri professionisti&#8221;<\/p>\n","protected":false},"author":2,"featured_media":0,"parent":12704,"menu_order":0,"comment_status":"closed","ping_status":"closed","template":"","meta":{"footnotes":""},"class_list":["post-21538","page","type-page","status-publish","hentry"],"_links":{"self":[{"href":"https:\/\/espamob.com\/it\/wp-json\/wp\/v2\/pages\/21538","targetHints":{"allow":["GET"]}}],"collection":[{"href":"https:\/\/espamob.com\/it\/wp-json\/wp\/v2\/pages"}],"about":[{"href":"https:\/\/espamob.com\/it\/wp-json\/wp\/v2\/types\/page"}],"author":[{"embeddable":true,"href":"https:\/\/espamob.com\/it\/wp-json\/wp\/v2\/users\/2"}],"replies":[{"embeddable":true,"href":"https:\/\/espamob.com\/it\/wp-json\/wp\/v2\/comments?post=21538"}],"version-history":[{"count":0,"href":"https:\/\/espamob.com\/it\/wp-json\/wp\/v2\/pages\/21538\/revisions"}],"up":[{"embeddable":true,"href":"https:\/\/espamob.com\/it\/wp-json\/wp\/v2\/pages\/12704"}],"wp:attachment":[{"href":"https:\/\/espamob.com\/it\/wp-json\/wp\/v2\/media?parent=21538"}],"curies":[{"name":"wp","href":"https:\/\/api.w.org\/{rel}","templated":true}]}}