{"id":21534,"date":"2023-08-04T00:00:00","date_gmt":"2023-08-04T00:00:00","guid":{"rendered":"https:\/\/www.espamob.com\/settori-stage-aziende-erasmusplus\/professioni-alimentari\/stage-erasmus-sommelier\/"},"modified":"2024-02-28T21:22:59","modified_gmt":"2024-02-28T21:22:59","slug":"stage-erasmus-sommelier","status":"publish","type":"page","link":"https:\/\/espamob.com\/it\/settori-stage-aziende-erasmusplus\/professioni-alimentari\/stage-erasmus-sommelier\/","title":{"rendered":"Stage Erasmus : Sommelier-Enotecario"},"content":{"rendered":"<div class=\"wpb-content-wrapper\"><p>[vc_row css=&#8221;.vc_custom_1703413432800{margin-top: -20px !important;margin-bottom: 40px !important;background-image: url(https:\/\/espamob.com\/wp-content\/uploads\/2023\/12\/Camarero-de-vinos-Bodeguero.webp?id=22088) !important;}&#8221; conditional_render=&#8221;%5B%7B%22value_role%22%3A%22administrator%22%7D%5D&#8221;][vc_column css=&#8221;.vc_custom_1687965657482{padding-top: 30px !important;}&#8221; conditional_render=&#8221;%5B%7B%22value_role%22%3A%22administrator%22%7D%5D&#8221;][vc_empty_space height=&#8221;170&#8243;][vc_custom_heading text=&#8221;Tirocinio Erasmus : Sommelier &#8211; Enotecario&#8221; font_container=&#8221;tag:h1|font_size:27|text_align:center|color:%23ffffff&#8221; use_theme_fonts=&#8221;yes&#8221; css=&#8221;.vc_custom_1702910265374{margin-bottom: 15px !important;background-color: rgba(136,136,136,0.29) !important;*background-color: rgb(136,136,136) !important;}&#8221; animation_type=&#8221;zoomIn&#8221;][vc_empty_space height=&#8221;40&#8243;][\/vc_column][\/vc_row][vc_row wrap_container=&#8221;yes&#8221; text_align=&#8221;justify&#8221;][vc_column text_align=&#8221;justify&#8221;][vc_column_text]<\/p>\n<nav aria-label=\"breadcrumb\">\n<ol class=\"breadcrumb\">\n<li class=\"breadcrumb-item\"><a href=\"https:\/\/espamob.com\/it\">Home<\/a><\/li>\n<li class=\"breadcrumb-item\"><a href=\"https:\/\/espamob.com\/it\/settori-stage-aziende-erasmusplus\">Settori di stage<\/a><\/li>\n<li class=\"breadcrumb-item\"><a title=\"IT \u2013 stage erasmusplus metiers bouche\" href=\"https:\/\/espamob.com\/it\/settori-stage-aziende-erasmusplus\/professioni-alimentari\">Professioni della ristorazione<\/a><\/li>\n<li class=\"breadcrumb-item active\" aria-current=\"page\">Stage Erasmus : Sommelier-Enotecario<\/li>\n<\/ol>\n<\/nav>\n<p>[\/vc_column_text][vc_custom_heading text=&#8221;Lo stage Erasmus Sommelier: un&#8217;esperienza unica per i futuri professionisti del vino&#8221; use_theme_fonts=&#8221;yes&#8221; css=&#8221;.vc_custom_1702469914497{margin-top: 20px !important;}&#8221;][vc_separator][vc_row_inner][vc_column_inner width=&#8221;7\/12&#8243;][vc_column_text]Lo <strong>stage Erasmus Sommelier<\/strong> \u00e8 una delle opportunit\u00e0 offerte dal programma Erasmus+ per consentire agli studenti e ai giovani professionisti di acquisire esperienza internazionale nel campo dell&#8217;enologia. Questa formazione offre non solo l&#8217;opportunit\u00e0 di apprendere e perfezionarsi con professionisti riconosciuti, ma anche di scoprire nuove culture e stabilire contatti preziosi per il proprio percorso professionale futuro.<\/p>\n<h2>L&#8217;essenza dello stage Erasmus Sommelier<\/h2>\n<p>Lo stage Erasmus Sommelier \u00e8 rivolto a coloro che stanno seguendo una <strong>formazione in enologia o ristorazione<\/strong>, desiderosi di ampliare le proprie competenze e acquisire esperienza professionale all&#8217;estero. Grazie al programma Erasmus+, i partecipanti ricevono una borsa di studio che consente loro di finanziare il loro soggiorno e di godere appieno dell&#8217;immersione in un altro paese europeo.<\/p>\n<h3>Gli obiettivi dello stage<\/h3>\n<p>Il principale obiettivo dello stage Erasmus Sommelier \u00e8 consentire ai partecipanti di sviluppare e approfondire le loro conoscenze nel campo dell\u2019enoteca, scoprendo contemporaneamente le specificit\u00e0 vitivinicole e culturali del paese ospitante. Oltre alle competenze tecniche legate alla degustazione, selezione e servizio dei vini, i partecipanti saranno chiamati a evolvere in un ambiente multiculturale e a lavorare con colleghi di nazionalit\u00e0 diverse.<\/p>\n<h3>I vantaggi per gli stagisti<\/h3>\n<p>Oltre all&#8217;acquisizione di competenze professionali in vini, lo stage Erasmus Sommelier offre diversi vantaggi ai partecipanti:<\/p>\n<ul>\n<li><strong>Scoperta di una nuova cultura:<\/strong> vivere e lavorare in un altro paese consente di aprirsi a nuove tradizioni, usanze e mentalit\u00e0. \u00c8 un&#8217;esperienza arricchente sia personalmente che professionalmente.<\/li>\n<li><strong>Miglioramento delle competenze linguistiche:<\/strong> la pratica quotidiana di una lingua straniera durante lo stage \u00e8 essenziale per sviluppare la propria competenza orale e scritta, cos\u00ec come la comprensione interculturale.<\/li>\n<li><strong>Rafforzamento della rete professionale:<\/strong> collaborando con colleghi e partner internazionali, gli stagisti hanno l&#8217;opportunit\u00e0 di creare legami e costruire un prezioso network per la loro futura carriera.<\/li>\n<\/ul>\n<h2>Trova lo stage Erasmus Sommelier adatto alle tue esigenze<\/h2>\n<p>Per sfruttare appieno questa opportunit\u00e0 unica, \u00e8 importante scegliere attentamente lo stage Erasmus Sommelier in base alle proprie aspettative e obiettivi professionali. Ecco alcuni consigli per trovare lo stage pi\u00f9 adatto a te:<\/p>\n<h3>Informarsi sulle opportunit\u00e0 offerte dalla propria istituzione<\/h3>\n<p>La prima cosa da fare \u00e8 consultare la tua istituzione formativa (scuola di sommellerie, universit\u00e0, ecc.) per conoscere i partenariati e le specializzazioni offerte nell&#8217;ambito del programma Erasmus+. Alcune istituzioni sono pi\u00f9 focalizzate sulla formazione di sommelier nel settore della ristorazione, mentre altre si concentrano di pi\u00f9 sul commercio o sulla produzione vitivinicola.<\/p>\n<h3>Cercare stage tra le aziende partner<\/h3>\n<p>Il programma Erasmus+ collabora con <strong>numerose aziende partner<\/strong>, dalle grandi aziende vinicole alle piccole aziende familiari. Non esitare a cercare sulle loro pagine web o sui social media per individuare quelle che corrispondono meglio alle tue aspirazioni professionali e personali.<\/p>\n<h3>Contattare ex partecipanti<\/h3>\n<p>Per ottenere feedback concreti e consigli utili, niente \u00e8 meglio che parlare con persone che hanno gi\u00e0 svolto uno stage Erasmus Sommelier. Saranno in grado di fornirti indicazioni preziose sulla qualit\u00e0 dell&#8217;accoglienza, sulle condizioni di lavoro, sulle opportunit\u00e0 di apprendimento e sulle sfide affrontate durante il loro soggiorno.[\/vc_column_text][\/vc_column_inner][vc_column_inner width=&#8221;1\/12&#8243;][\/vc_column_inner][vc_column_inner width=&#8221;4\/12&#8243;][vc_single_image image=&#8221;18325&#8243; img_size=&#8221;400*400&#8243; alignment=&#8221;right&#8221; style=&#8221;vc_box_rounded&#8221; label=&#8221;&#8221;][vc_btn title=&#8221;Scoprire di pi\u00f9&#8221; style=&#8221;custom&#8221; custom_background=&#8221;#e20000&#8243; custom_text=&#8221;#ffffff&#8221; align=&#8221;center&#8221; link=&#8221;url:https%3A%2F%2Fespamob.com%2Fit%2Fcontacto-con-nuestro-equipo-de-movilidad|title:Contacto|target:_blank&#8221;][\/vc_column_inner][\/vc_row_inner][vc_custom_heading text=&#8221;Preparare la partenza per lo stage Erasmus Sommelier&#8221; font_container=&#8221;tag:h3|text_align:left&#8221; use_theme_fonts=&#8221;yes&#8221; css=&#8221;.vc_custom_1702470492304{margin-top: 20px !important;}&#8221;][vc_separator][vc_row_inner][vc_column_inner width=&#8221;7\/12&#8243;][vc_column_text]Una volta scelta la destinazione e ottenuta la conferma dell&#8217;assegnazione, \u00e8 importante preparare bene il proprio soggiorno per godere appieno di questa esperienza. Ecco alcune fasi chiave da non trascurare:<\/p>\n<ol>\n<li><strong>Raccogliere i documenti necessari:<\/strong> assicurati di richiedere un passaporto o una carta d&#8217;identit\u00e0 valida e di effettuare le pratiche amministrative legate al programma Erasmus+ (contratto di stage, convenzione di borsa di studio, ecc.).<\/li>\n<li><strong>Organizzare alloggio e trasporti<\/strong>: informarti sulle opzioni di alloggio nella citt\u00e0 dello stage e effettua le prenotazioni in anticipo. Pensa anche a verificare le modalit\u00e0 di trasporto per raggiungere il luogo e spostarti durante il soggiorno.<\/li>\n<li><strong>Conoscere la lingua e la cultura del paese ospitante:<\/strong> per facilitare la tua integrazione, \u00e8 consigliabile acquisire le basi della lingua locale e informarti sulle specificit\u00e0 culturali (codici sociali, tradizioni culinarie, ecc.).<\/li>\n<li><strong>Prevedere gli aspetti finanziari:<\/strong> anche se la borsa Erasmus+ copre parte delle spese legate allo stage, non dimenticare di pianificare un budget per coprire le tue spese personali (cibo, svaghi, ecc.). \u00c8 anche consigliabile sottoscrivere un&#8217;assicurazione sanitaria adatta alla tua situazione.<\/li>\n<\/ol>\n<p>In sintesi, lo stage Erasmus Sommelier rappresenta un&#8217;opportunit\u00e0 straordinaria per sviluppare competenze professionali mentre si vive un&#8217;esperienza arricchente personalmente. Con una buona preparazione e una scelta adatta alle tue aspirazioni, questa avventura internazionale sar\u00e0 senza dubbio benefica per la tua futura carriera.[\/vc_column_text][\/vc_column_inner][vc_column_inner width=&#8221;1\/12&#8243;][\/vc_column_inner][vc_column_inner width=&#8221;4\/12&#8243;][vc_raw_html]JTNDZGl2JTIwc3R5bGUlM0QlMjJwYWRkaW5nJTNBJTIwMzBweCUzQmJhY2tncm91bmQtY29sb3IlM0ElMjAlMjNGNEY0RjQlM0IlMjIlM0UlMEElMjAlMjAlMjAlMjAlM0NoNCUzRVNjb3ByaSUyMHR1dHRpJTIwaSUyMHNldHRvcmklMjBkaSUyMHRpcm9jaW5pbyUzQyUyRmg0JTNFJTBBJTIwJTIwJTIwJTIwJTNDcCUzRUwlMjdFc3BhbW9iJTIwJUMzJUE4JTIwc3BlY2lhbGl6emF0byUyMG5lbGwlMjdhc3Npc3RlbnphJTIwYWklMjBncnVwcGklMjBwZXIlMjBsYSUyMG1vYmlsaXQlQzMlQTAlMjBFcmFzbXVzJTIwJTJCLiUyMFNjb3ByaXRlJTIwdHV0dGklMjBpJTIwc2V0dG9yaSUyMGRpJTIwdGlyb2NpbmlvJTIwRXJhc211cyUyMGluJTIwU3BhZ25hJTIwaW4lMjBwb2NoaSUyMGNsaWMuJTNDJTJGcCUzRSUwQSUyMCUyMCUyMCUyMCUzQ2ElMjBjbGFzcyUzRCUyMnZjX2dlbmVyYWwlMjB2Y19idG4zJTIwdmNfYnRuMy1zaXplLW1kJTIwdmNfYnRuMy1zaGFwZS1kZWZhdWx0JTIwdmNfYnRuMy1zdHlsZS1jdXN0b20lMjB3cGJfY3VzdG9tXzY2ODdiMjZmMzk0ODhkZGJiODVkZGIzYzFjZThlMTExJTIwYnRuJTIyJTIwc3R5bGUlM0QlMjJiYWNrZ3JvdW5kLWNvbG9yJTNBJTIzZTIwMDAwJTNCJTIwY29sb3IlM0ElMjNmZmZmZmYlM0IlMjBiYWNrZ3JvdW5kLWNvbG9yJTNBJTIzZTIwMDAwJTNCJTIwY29sb3IlM0ElMjNmZmZmZmYlM0IlMjIlMjBocmVmJTNEJTIyaHR0cHMlM0ElMkYlMkZ3d3cuZXNwYW1vYi5jb20lMkZpdCUyRnNldHRvcmktc3RhZ2UtYXppZW5kZS1lcmFzbXVzcGx1cyUyRiUyMiUyMHRpdGxlJTNEJTIyU2V0dG9yaSUyMGRpJTIwc3RhZ2UlMjIlMjB0YXJnZXQlM0QlMjJfYmxhbmslMjIlM0VTY29wcmlyZSUyMGklMjBzZXR0b3JpJTNDJTJGYSUzRSUwQSUzQyUyRmRpdiUzRQ==[\/vc_raw_html][vc_custom_heading text=&#8221;Scoprite i feedback dei partecipanti al programma Erasmus +:&#8221; font_container=&#8221;tag:h3|text_align:left&#8221; use_theme_fonts=&#8221;yes&#8221; css=&#8221;.vc_custom_1702471406922{margin-top: 20px !important;}&#8221;][vc_separator][vc_video link=&#8221;https:\/\/youtu.be\/UaZKB-VQQOw&#8221; align=&#8221;center&#8221;][\/vc_column_inner][\/vc_row_inner][\/vc_column][\/vc_row][vc_row][vc_column][vc_column_text]<\/p>\n<p>[\/vc_column_text][\/vc_column][\/vc_row][vc_row full_width=&#8221;stretch_row&#8221; wrap_container=&#8221;yes&#8221; is_section=&#8221;yes&#8221; css=&#8221;.vc_custom_1702471154601{padding-top: 15px !important;padding-bottom: 15px !important;background-color: #f8f392 !important;}&#8221; conditional_render=&#8221;%5B%7B%22value_role%22%3A%22administrator%22%7D%5D&#8221;][vc_column][vc_row_inner css=&#8221;.vc_custom_1688548648248{background-color: #f8f392 !important;}&#8221;][vc_column_inner][vc_custom_heading text=&#8221;Richiedi un preventivo gratuito&#8221; font_container=&#8221;tag:h2|text_align:center&#8221; use_theme_fonts=&#8221;yes&#8221;][vc_column_text]<\/p>\n<p style=\"text-align: justify;\">Hai un\u2019idea per un progetto Erasmus+ in Spagna e cerchi un partner fidato che ti supporti? <strong>Espamob<\/strong>\u2019 \u00e8 qui per aiutarti! Ti offriamo un preventivo gratuito e senza impegno per aiutarti a gestire il tuo progetto di mobilit\u00e0. Grazie alla nostra competenza e alla nostra rete di aziende partner, siamo in grado di offrirvi un supporto personalizzato per soddisfare le vostre specifiche esigenze. Contattaci ora per discutere del tuo progetto e ottenere il tuo preventivo gratuito.<\/p>\n<p>[\/vc_column_text]<div id=\"modal-trg-txt-wrap-2267\" class=\"ult-modal-input-wrapper ult-adjust-bottom-margin    \" data-keypress-control=\"keypress-control-enable\" data-overlay-control=\"overlay-control-enable\"><style>\n\t\t\t\t\t.btn-modal.btn-id-69e76d8db9a630-50692183:hover {\n\t\t\t\t\t\tbackground-color: #e20000 !important;\n\t\t\t\t\t}\n\t\t\t\t\t<\/style><button  data-ultimate-target='#modal-trg-txt-wrap-2267 .btn-modal'  data-responsive-json-new='{\"font-size\":\"\",\"line-height\":\"\"}'  style=\"background:#888888;border-color:#888888;color:#ffffff; \" data-class-id=\"content-69e76d8db9a630-50692183\" class=\"btn-modal ult-responsive btn-primary btn-modal-md overlay-show ult-align-center btn-id-69e76d8db9a630-50692183\" data-overlay-class=\"overlay-cornerbottomleft\">RICHIEDI PREVENTIVO GRATUITO<\/button><\/div>\n<div class=\"ult-overlay content-69e76d8db9a630-50692183 \" data-class=\"content-69e76d8db9a630-50692183\" id=\"button-click-overlay\" style=\"background:rgba(51,51,51,0.8); display:none;\">\n\t<div class=\"ult_modal ult-fade ult-medium\">\n\t\t<div id=\"ult-modal-wrap-6831\" class=\"ult_modal-content ult-hide\" style=\"border-style:solid;border-width:2px;border-radius:0px;border-color:#333333;\">\n\t\t\t<div class=\"ult_modal-header\" style=\"color:#333333;border-color:#333333;\">\n\t\t\t\t<h3  data-ultimate-target='#ult-modal-wrap-6831 .ult_modal-title'  data-responsive-json-new='{\"font-size\":\"\",\"line-height\":\"\"}'  class=\"ult_modal-title ult-responsive\">RICHIEDI PREVENTIVO GRATUITO<\/h3>\n\t\t\t<\/div>\n\t\t\t<div  data-ultimate-target='#ult-modal-wrap-6831 .ult_modal-body'  data-responsive-json-new='{\"font-size\":\"\",\"line-height\":\"\"}'  class=\"ult_modal-body ult-responsive ult-html\" style=\"\">\n\t\t\t[caldera_form id=&#8221;CF61499d9470acd&#8221;]\n\t\t\t<\/div>\n\t<\/div>\n\t<\/div>\n\t<div class=\"ult-overlay-close top-right\" style=\"width:80px;height:80px; \"><div class=\"ult-overlay-close-inside\">Close<\/div><\/div>\n<\/div>[\/vc_column_inner][\/vc_row_inner][\/vc_column][\/vc_row][vc_row wrap_container=&#8221;yes&#8221; css=&#8221;.vc_custom_1689256499740{margin-top: 15px !important;}&#8221; conditional_render=&#8221;%5B%7B%22value_role%22%3A%22administrator%22%7D%5D&#8221;][vc_column][vc_custom_heading text=&#8221;Domande frequenti&#8221; font_container=&#8221;tag:h2|text_align:center|color:%23000000&#8243; use_theme_fonts=&#8221;yes&#8221;][vc_separator][vc_row_inner][vc_column_inner width=&#8221;7\/12&#8243;][vc_column_text]<\/p>\n<h3>Quali sono i vantaggi di svolgere uno stage Erasmus Sommelier con Espamob?<\/h3>\n<p>Svolgere uno stage Erasmus Sommelier con Espamob offre numerosi vantaggi. Innanzitutto, Espamob \u00e8 specializzato nell&#8217;assistenza a gruppi che desiderano svolgere una mobilit\u00e0 Erasmus in Spagna, il che significa che hanno una vasta esperienza in questo settore. Inoltre, Espamob si occupa di tutte le fasi del progetto, dalla creazione alla ricerca di finanziamenti, passando per l&#8217;accoglienza nelle universit\u00e0 e nelle aziende partner. Scegliendo Espamob, si usufruisce anche di un servizio di ricerca di alloggi in loco e di trasferimenti dall&#8217;aeroporto, semplificando notevolmente il soggiorno.<\/p>\n<h3>Come Espamob aiuta a trovare uno stage Erasmus Sommelier in Spagna?<\/h3>\n<p>Espamob fa tutto il possibile per aiutarti a trovare uno stage Erasmus Sommelier in Spagna. Dispongono di una vasta rete di partner, tra cui universit\u00e0 e aziende specializzate nel settore dei vini. Grazie alla loro competenza e conoscenza del mercato, sono in grado di indirizzarti verso le migliori opportunit\u00e0 di stage. Inoltre, Espamob ti assiste in tutte le pratiche amministrative legate alla ricerca dello stage, consentendoti di concentrarti sul tuo progetto professionale.<\/p>\n<h3>Qual \u00e8 il ruolo di Espamob durante uno stage Erasmus Sommelier in Spagna?<\/h3>\n<p>Durante il tuo stage Erasmus Sommelier in Spagna, Espamob svolge un ruolo chiave nel tuo accompagnamento. Rimangono in contatto regolare con te per tutta la durata del tuo soggiorno, garantendo che tutto proceda bene. Espamob \u00e8 anche disponibile per rispondere a tutte le tue domande e aiutarti in caso di necessit\u00e0. Si assicurano che tu sia ben accolto nell&#8217;universit\u00e0 o nell&#8217;azienda partner e verificano che tu disponga di un alloggio confortevole in loco. In sintesi, Espamob \u00e8 l\u00ec per supportarti e guidarti lungo tutta la tua esperienza Erasmus Sommelier in Spagna.[\/vc_column_text][\/vc_column_inner][vc_column_inner width=&#8221;1\/12&#8243;][\/vc_column_inner][vc_column_inner width=&#8221;4\/12&#8243;][vc_single_image image=&#8221;15074&#8243; img_size=&#8221;full&#8221;][vc_column_text]<strong>Informazioni sulle diverse destinazioni Erasmus + in Spagna: <\/strong><\/p>\n<ul>\n<li><a href=\"https:\/\/espamob.com\/it\/settori-stage-aziende-erasmusplus\/professioni-alimentari\/stage-erasmus-macelleria\">StageErasmus di macelleria<\/a><\/li>\n<li><a href=\"https:\/\/espamob.com\/it\/settori-stage-aziende-erasmusplus\/professioni-alimentari\/stage-erasmus-salumeria\">Stage Erasmus in salumeria<\/a><\/li>\n<li><a href=\"https:\/\/espamob.com\/it\/settori-stage-aziende-erasmusplus\/professioni-alimentari\/stage-erasmus-pescheria\">Stage Erasmus di Pescheria<\/a><\/li>\n<li><a href=\"https:\/\/espamob.com\/it\/settori-stage-aziende-erasmusplus\/professioni-alimentari\/stage-erasmus-panetteria\">Stage Erasmus di panetteria<\/a><\/li>\n<li><a href=\"https:\/\/espamob.com\/it\/settori-stage-aziende-erasmusplus\/professioni-alimentari\/stage-erasmus-pasticceria\">Stage Erasmus di Pasticceria<\/a><\/li>\n<li><a href=\"https:\/\/espamob.com\/it\/settori-stage-aziende-erasmusplus\/professioni-alimentari\/stage-erasmus-cioccolateria\">Stage Erasmus di Cioccolateria<\/a><\/li>\n<li><a href=\"https:\/\/espamob.com\/it\/settori-stage-aziende-erasmusplus\/professioni-alimentari\/stage-erasmus-gelateria\">Stage Erasmus di Gelateria<\/a><\/li>\n<li><a href=\"https:\/\/espamob.com\/it\/settori-stage-aziende-erasmusplus\/professioni-alimentari\/stage-erasmus-cucina\">Stage Erasmus di cucina<\/a><\/li>\n<\/ul>\n<p>[\/vc_column_text][\/vc_column_inner][\/vc_row_inner][\/vc_column][\/vc_row]<\/p>\n<\/div>","protected":false},"excerpt":{"rendered":"<p>[vc_row css=&#8221;.vc_custom_1703413432800{margin-top: -20px !important;margin-bottom: 40px !important;background-image: url(https:\/\/espamob.com\/wp-content\/uploads\/2023\/12\/Camarero-de-vinos-Bodeguero.webp?id=22088) !important;}&#8221; conditional_render=&#8221;%5B%7B%22value_role%22%3A%22administrator%22%7D%5D&#8221;][vc_column css=&#8221;.vc_custom_1687965657482{padding-top: 30px !important;}&#8221; conditional_render=&#8221;%5B%7B%22value_role%22%3A%22administrator%22%7D%5D&#8221;][vc_empty_space height=&#8221;170&#8243;][vc_custom_heading text=&#8221;Tirocinio Erasmus : Sommelier &#8211; Enotecario&#8221; font_container=&#8221;tag:h1|font_size:27|text_align:center|color:%23ffffff&#8221; use_theme_fonts=&#8221;yes&#8221; css=&#8221;.vc_custom_1702910265374{margin-bottom: 15px !important;background-color: rgba(136,136,136,0.29) !important;*background-color: rgb(136,136,136) !important;}&#8221; animation_type=&#8221;zoomIn&#8221;][vc_empty_space height=&#8221;40&#8243;][\/vc_column][\/vc_row][vc_row wrap_container=&#8221;yes&#8221; text_align=&#8221;justify&#8221;][vc_column text_align=&#8221;justify&#8221;][vc_column_text] Home Settori di stage Professioni della ristorazione Stage Erasmus : Sommelier-Enotecario [\/vc_column_text][vc_custom_heading text=&#8221;Lo stage Erasmus Sommelier: un&#8217;esperienza unica per i futuri<\/p>\n","protected":false},"author":2,"featured_media":0,"parent":12704,"menu_order":0,"comment_status":"closed","ping_status":"closed","template":"","meta":{"footnotes":""},"class_list":["post-21534","page","type-page","status-publish","hentry"],"_links":{"self":[{"href":"https:\/\/espamob.com\/it\/wp-json\/wp\/v2\/pages\/21534","targetHints":{"allow":["GET"]}}],"collection":[{"href":"https:\/\/espamob.com\/it\/wp-json\/wp\/v2\/pages"}],"about":[{"href":"https:\/\/espamob.com\/it\/wp-json\/wp\/v2\/types\/page"}],"author":[{"embeddable":true,"href":"https:\/\/espamob.com\/it\/wp-json\/wp\/v2\/users\/2"}],"replies":[{"embeddable":true,"href":"https:\/\/espamob.com\/it\/wp-json\/wp\/v2\/comments?post=21534"}],"version-history":[{"count":0,"href":"https:\/\/espamob.com\/it\/wp-json\/wp\/v2\/pages\/21534\/revisions"}],"up":[{"embeddable":true,"href":"https:\/\/espamob.com\/it\/wp-json\/wp\/v2\/pages\/12704"}],"wp:attachment":[{"href":"https:\/\/espamob.com\/it\/wp-json\/wp\/v2\/media?parent=21534"}],"curies":[{"name":"wp","href":"https:\/\/api.w.org\/{rel}","templated":true}]}}