{"id":21526,"date":"2023-08-04T00:00:00","date_gmt":"2023-08-04T00:00:00","guid":{"rendered":"https:\/\/www.espamob.com\/settori-stage-aziende-erasmusplus\/professioni-alimentari\/stage-erasmus-boucherie\/"},"modified":"2025-07-28T06:29:15","modified_gmt":"2025-07-28T06:29:15","slug":"stage-erasmus-macelleria","status":"publish","type":"page","link":"https:\/\/espamob.com\/it\/settori-stage-aziende-erasmusplus\/professioni-alimentari\/stage-erasmus-macelleria\/","title":{"rendered":"Tirocinio Erasmus: macelleria"},"content":{"rendered":"<div class=\"wpb-content-wrapper\"><p>[vc_row css=&#8221;.vc_custom_1701370513706{margin-top: -20px !important;margin-bottom: 40px !important;background-image: url(https:\/\/espamob.com\/wp-content\/uploads\/2023\/11\/Profesiones-culinarias.webp?id=21208) !important;}&#8221; conditional_render=&#8221;%5B%7B%22value_role%22%3A%22administrator%22%7D%5D&#8221;][vc_column css=&#8221;.vc_custom_1687965657482{padding-top: 30px !important;}&#8221; conditional_render=&#8221;%5B%7B%22value_role%22%3A%22administrator%22%7D%5D&#8221;][vc_empty_space height=&#8221;170&#8243;][vc_custom_heading text=&#8221;Tirocinio Erasmus: macelleria&#8221; font_container=&#8221;tag:h1|font_size:27|text_align:center|color:%23ffffff&#8221; use_theme_fonts=&#8221;yes&#8221; css=&#8221;.vc_custom_1702471922218{margin-bottom: 15px !important;background-color: rgba(136,136,136,0.29) !important;*background-color: rgb(136,136,136) !important;}&#8221; animation_type=&#8221;zoomIn&#8221;][vc_empty_space height=&#8221;40&#8243;][\/vc_column][\/vc_row][vc_row wrap_container=&#8221;yes&#8221; text_align=&#8221;justify&#8221;][vc_column text_align=&#8221;justify&#8221;][vc_column_text]<\/p>\n<nav aria-label=\"breadcrumb\">\n<ol class=\"breadcrumb\">\n<li class=\"breadcrumb-item\"><a href=\"https:\/\/espamob.com\/it\">Home<\/a><\/li>\n<li class=\"breadcrumb-item\"><a href=\"https:\/\/espamob.com\/it\/settori-stage-aziende-erasmusplus\/\">Settori di stage<\/a><\/li>\n<li class=\"breadcrumb-item active\" aria-current=\"page\"><a href=\"https:\/\/espamob.com\/it\/settori-stage-aziende-erasmusplus\/professioni-alimentari\/\">Mobilit\u00e0 Erasmus Plus nell&#8217;industria alimentare<\/a><\/li>\n<li class=\"breadcrumb-item active\" aria-current=\"page\">Tirocinio Erasmus: macelleria<\/li>\n<\/ol>\n<\/nav>\n<p>[\/vc_column_text][vc_custom_heading text=&#8221;Un tirocinio Erasmus in macelleria: un&#8217;esperienza gratificante&#8221; use_theme_fonts=&#8221;yes&#8221; css=&#8221;.vc_custom_1702472027481{margin-top: 20px !important;}&#8221;][vc_separator][vc_row_inner][vc_column_inner width=&#8221;7\/12&#8243;][vc_column_text]Un <strong>tirocinio Erasmus in macelleria<\/strong> \u00e8 un&#8217;ottima opportunit\u00e0 per i giovani apprendisti di sviluppare le proprie competenze e ampliare i propri orizzonti professionali. Grazie al programma Erasmus, gli studenti possono svolgere un tirocinio all&#8217;estero nel settore della macelleria, beneficiare di una formazione di alta qualit\u00e0 e scoprire nuove pratiche professionali.<\/p>\n<h2>Perch\u00e9 scegliere un tirocinio Erasmus in macelleria?<\/h2>\n<p>Il settore della macelleria \u00e8 in continua evoluzione e richiede professionisti qualificati. Un tirocinio Erasmus in macelleria consente agli apprendisti di:<\/p>\n<ul>\n<li>acquisire un&#8217;esperienza lavorativa internazionale<\/li>\n<li>sviluppare le proprie competenze linguistiche<\/li>\n<li>adattarsi a nuovi ambienti di lavoro<\/li>\n<li>familiarizzare con le diverse tecniche di taglio e preparazione.<\/li>\n<\/ul>\n<p>Questo tipo di tirocinio offre anche la possibilit\u00e0 di stringere legami con professionisti del settore e di ampliare la propria rete professionale.<\/p>\n<h2>I vantaggi del programma Erasmus<\/h2>\n<p>Il programma Erasmus offre una serie di vantaggi agli studenti che desiderano svolgere un tirocinio in una macelleria:<\/p>\n<ol>\n<li><strong>Una borsa di mobilit\u00e0:<\/strong> per aiutare gli studenti a finanziare il loro soggiorno all&#8217;estero, il programma Erasmus assegna borse di mobilit\u00e0. L&#8217;importo della borsa varia a seconda del Paese di destinazione e della durata del tirocinio.<\/li>\n<li><strong>Riconoscimento accademico:<\/strong> i tirocini Erasmus sono riconosciuti come parte degli studi e possono essere convalidati da crediti ECTS (European Credits Transfer System).<\/li>\n<li><strong>Supporto logistico e amministrativo:<\/strong> le strutture di invio e di accoglienza e le agenzie nazionali Erasmus aiutano gli studenti a prepararsi per il soggiorno (ricerca dell&#8217;alloggio, registrazione, ecc.).<\/li>\n<li><strong>Assicurazione:<\/strong> gli studenti in Erasmus sono coperti per la salute, gli infortuni e la responsabilit\u00e0 civile.<\/li>\n<\/ol>\n<p>[\/vc_column_text][\/vc_column_inner][vc_column_inner width=&#8221;1\/12&#8243;][\/vc_column_inner][vc_column_inner width=&#8221;4\/12&#8243;][vc_single_image image=&#8221;18145&#8243; img_size=&#8221;400*400&#8243; alignment=&#8221;right&#8221; style=&#8221;vc_box_rounded&#8221;][vc_btn title=&#8221;Scoprire di pi\u00f9&#8221; style=&#8221;custom&#8221; custom_background=&#8221;#e20000&#8243; custom_text=&#8221;#ffffff&#8221; align=&#8221;center&#8221; link=&#8221;url:https%3A%2F%2Fespamob.com%2Fit%2Fcontacto-con-nuestro-equipo-de-movilidad%2F|title:Contacto|target:_blank&#8221;][\/vc_column_inner][\/vc_row_inner][vc_custom_heading text=&#8221;Alcuni esempi di tirocini Erasmus in macelleria&#8221; font_container=&#8221;tag:h3|text_align:left&#8221; use_theme_fonts=&#8221;yes&#8221; css=&#8221;.vc_custom_1702472287418{margin-top: 20px !important;}&#8221;][vc_separator][vc_row_inner][vc_column_inner width=&#8221;7\/12&#8243;][vc_column_text]Ci sono molte destinazioni diverse per un tirocinio Erasmus in macelleria. Ecco alcuni esempi di tirocini svolti da apprendisti:<\/p>\n<h3>Tirocinio presso la macelleria Smokin&#8217; Butcher di Ashbourne, Irlanda<\/h3>\n<p>Questa macelleria tradizionale di Ashbourne, in Irlanda, offre tirocini agli studenti che desiderano specializzarsi nelle tecniche di affumicatura della carne. Gli apprendisti hanno l&#8217;opportunit\u00e0 di imparare diversi metodi di affumicatura, lavorare con prodotti locali e scoprire le specialit\u00e0 della macelleria irlandese.<\/p>\n<h3>Stage in una macelleria francese a Londra, Regno Unito<\/h3>\n<p>Alcune macellerie francesi a Londra offrono tirocini agli studenti che desiderano scoprire il mestiere di macellaio in un contesto internazionale. Gli apprendisti hanno l&#8217;opportunit\u00e0 di familiarizzare con le tecniche di taglio e preparazione specifiche della macelleria francese, sviluppando al contempo le proprie competenze linguistiche.<\/p>\n<h3>Tirocinio in una macelleria specializzata in carni esotiche in Spagna<\/h3>\n<p>Gli studenti che vogliono imparare a tagliare e preparare carni esotiche possono svolgere un tirocinio in una macelleria spagnola. Gli apprendisti imparano a lavorare con prodotti come canguro, coccodrillo e struzzo e scoprono nuovi sapori e metodi di cottura.<\/p>\n<h2>Come posso trovare un tirocinio Erasmus in macelleria?<\/h2>\n<p>Per trovare un tirocinio Erasmus in macelleria, dovete<\/p>\n<ol>\n<li>informarsi presso il proprio istituto di formazione (centri di formazione, scuola professionale, ecc.), che di solito ha un dipartimento dedicato ai tirocini e alla mobilit\u00e0 internazionale,<\/li>\n<li>consultare le offerte di tirocinio sul <strong>portale Erasmus Intern Traineeship<\/strong>,<\/li>\n<li>utilizzare i social network professionali per entrare in contatto con aziende e organizzazioni che possono ospitare tirocinanti,<\/li>\n<li>chiedere aiuto alle agenzie nazionali Erasmus e alle associazioni studentesche coinvolte nel programma.<\/li>\n<\/ol>\n<p>Nel complesso, un tirocinio Erasmus nel settore della macelleria \u00e8 un&#8217;esperienza che arricchisce sia professionalmente che personalmente. Grazie al programma Erasmus, gli apprendisti hanno l&#8217;opportunit\u00e0 di sviluppare le proprie competenze e di ampliare i propri orizzonti scoprendo nuove pratiche professionali all&#8217;estero.[\/vc_column_text][\/vc_column_inner][vc_column_inner width=&#8221;1\/12&#8243;][\/vc_column_inner][vc_column_inner width=&#8221;4\/12&#8243;][vc_raw_html]JTNDZGl2JTIwc3R5bGUlM0QlMjJwYWRkaW5nJTNBJTIwMzBweCUzQmJhY2tncm91bmQtY29sb3IlM0ElMjAlMjNGNEY0RjQlM0IlMjIlM0UlMEElMjAlMjAlMjAlMjAlM0NoNCUzRVNjb3ByaSUyMHR1dHRpJTIwaSUyMHNldHRvcmklMjBkaSUyMHRpcm9jaW5pbyUzQyUyRmg0JTNFJTBBJTIwJTIwJTIwJTIwJTNDcCUzRUwlMjdFc3BhbW9iJTIwJUMzJUE4JTIwc3BlY2lhbGl6emF0byUyMG5lbGwlMjdhc3Npc3RlbnphJTIwYWklMjBncnVwcGklMjBwZXIlMjBsYSUyMG1vYmlsaXQlQzMlQTAlMjBFcmFzbXVzJTIwJTJCLiUyMFNjb3ByaXRlJTIwdHV0dGklMjBpJTIwc2V0dG9yaSUyMGRpJTIwdGlyb2NpbmlvJTIwRXJhc211cyUyMGluJTIwU3BhZ25hJTIwaW4lMjBwb2NoaSUyMGNsaWMuJTNDJTJGcCUzRSUwQSUyMCUyMCUyMCUyMCUzQ2ElMjBjbGFzcyUzRCUyMnZjX2dlbmVyYWwlMjB2Y19idG4zJTIwdmNfYnRuMy1zaXplLW1kJTIwdmNfYnRuMy1zaGFwZS1kZWZhdWx0JTIwdmNfYnRuMy1zdHlsZS1jdXN0b20lMjB3cGJfY3VzdG9tXzY2ODdiMjZmMzk0ODhkZGJiODVkZGIzYzFjZThlMTExJTIwYnRuJTIyJTIwc3R5bGUlM0QlMjJiYWNrZ3JvdW5kLWNvbG9yJTNBJTIzZTIwMDAwJTNCJTIwY29sb3IlM0ElMjNmZmZmZmYlM0IlMjBiYWNrZ3JvdW5kLWNvbG9yJTNBJTIzZTIwMDAwJTNCJTIwY29sb3IlM0ElMjNmZmZmZmYlM0IlMjIlMjBocmVmJTNEJTIyaHR0cHMlM0ElMkYlMkZ3d3cuZXNwYW1vYi5jb20lMkZpdCUyRnNldHRvcmktc3RhZ2UtYXppZW5kZS1lcmFzbXVzcGx1cyUyRiUyMiUyMHRpdGxlJTNEJTIyU2V0dG9yaSUyMGRpJTIwc3RhZ2UlMjIlMjB0YXJnZXQlM0QlMjJfYmxhbmslMjIlM0VTY29wcmlyZSUyMGklMjBzZXR0b3JpJTNDJTJGYSUzRSUwQSUzQyUyRmRpdiUzRQ==[\/vc_raw_html][vc_custom_heading text=&#8221;Scoprite i feedback dei partecipanti al programma Erasmus +:&#8221; font_container=&#8221;tag:h3|text_align:left&#8221; use_theme_fonts=&#8221;yes&#8221; css=&#8221;.vc_custom_1702478425472{margin-top: 20px !important;}&#8221;][vc_separator][vc_column_text]<iframe loading=\"lazy\" width=\"560\" height=\"315\" src=\"https:\/\/www.youtube.com\/embed\/9eZJp7qP9s0?si=dvK8OSDkr2NmffjQ\" title=\"YouTube video player\" frameborder=\"0\" allow=\"accelerometer; autoplay; clipboard-write; encrypted-media; gyroscope; picture-in-picture; web-share\" referrerpolicy=\"strict-origin-when-cross-origin\" allowfullscreen><\/iframe>[\/vc_column_text][\/vc_column_inner][\/vc_row_inner][\/vc_column][\/vc_row][vc_row][vc_column][vc_column_text]<\/p>\n<p>[\/vc_column_text][\/vc_column][\/vc_row][vc_row full_width=&#8221;stretch_row&#8221; wrap_container=&#8221;yes&#8221; is_section=&#8221;yes&#8221; css=&#8221;.vc_custom_1702478783053{padding-top: 15px !important;padding-bottom: 15px !important;background-color: #f8f392 !important;}&#8221; conditional_render=&#8221;%5B%7B%22value_role%22%3A%22administrator%22%7D%5D&#8221;][vc_column][vc_row_inner css=&#8221;.vc_custom_1688548648248{background-color: #f8f392 !important;}&#8221;][vc_column_inner][vc_custom_heading text=&#8221;Richiedi un preventivo gratuito&#8221; font_container=&#8221;tag:h2|text_align:center&#8221; use_theme_fonts=&#8221;yes&#8221;][vc_column_text]<\/p>\n<p style=\"text-align: justify;\">Hai un\u2019idea per un progetto Erasmus+ in Spagna e cerchi un partner fidato che ti supporti? <strong>Espamob<\/strong>\u2019 \u00e8 qui per aiutarti! Ti offriamo un preventivo gratuito e senza impegno per aiutarti a gestire il tuo progetto di mobilit\u00e0. Grazie alla nostra competenza e alla nostra rete di aziende partner, siamo in grado di offrirvi un supporto personalizzato per soddisfare le vostre specifiche esigenze. Contattaci ora per discutere del tuo progetto e ottenere il tuo preventivo gratuito.<\/p>\n<p>[\/vc_column_text]<div id=\"modal-trg-txt-wrap-1601\" class=\"ult-modal-input-wrapper ult-adjust-bottom-margin    \" data-keypress-control=\"keypress-control-enable\" data-overlay-control=\"overlay-control-enable\"><style>\n\t\t\t\t\t.btn-modal.btn-id-69e780f04f7d12-80587677:hover {\n\t\t\t\t\t\tbackground-color: #e20000 !important;\n\t\t\t\t\t}\n\t\t\t\t\t<\/style><button  data-ultimate-target='#modal-trg-txt-wrap-1601 .btn-modal'  data-responsive-json-new='{\"font-size\":\"\",\"line-height\":\"\"}'  style=\"background:#888888;border-color:#888888;color:#ffffff; \" data-class-id=\"content-69e780f04f7d12-80587677\" class=\"btn-modal ult-responsive btn-primary btn-modal-md overlay-show ult-align-center btn-id-69e780f04f7d12-80587677\" data-overlay-class=\"overlay-cornerbottomleft\">RICHIEDI PREVENTIVO GRATUITO<\/button><\/div>\n<div class=\"ult-overlay content-69e780f04f7d12-80587677 \" data-class=\"content-69e780f04f7d12-80587677\" id=\"button-click-overlay\" style=\"background:rgba(51,51,51,0.8); display:none;\">\n\t<div class=\"ult_modal ult-fade ult-medium\">\n\t\t<div id=\"ult-modal-wrap-9384\" class=\"ult_modal-content ult-hide\" style=\"border-style:solid;border-width:2px;border-radius:0px;border-color:#333333;\">\n\t\t\t<div class=\"ult_modal-header\" style=\"color:#333333;border-color:#333333;\">\n\t\t\t\t<h3  data-ultimate-target='#ult-modal-wrap-9384 .ult_modal-title'  data-responsive-json-new='{\"font-size\":\"\",\"line-height\":\"\"}'  class=\"ult_modal-title ult-responsive\">RICHIEDI PREVENTIVO GRATUITO<\/h3>\n\t\t\t<\/div>\n\t\t\t<div  data-ultimate-target='#ult-modal-wrap-9384 .ult_modal-body'  data-responsive-json-new='{\"font-size\":\"\",\"line-height\":\"\"}'  class=\"ult_modal-body ult-responsive ult-html\" style=\"\">\n\t\t\t[caldera_form id=&#8221;CF61499d9470acd&#8221;]\n\t\t\t<\/div>\n\t<\/div>\n\t<\/div>\n\t<div class=\"ult-overlay-close top-right\" style=\"width:80px;height:80px; \"><div class=\"ult-overlay-close-inside\">Close<\/div><\/div>\n<\/div>[\/vc_column_inner][\/vc_row_inner][\/vc_column][\/vc_row][vc_row wrap_container=&#8221;yes&#8221; css=&#8221;.vc_custom_1689256499740{margin-top: 15px !important;}&#8221; conditional_render=&#8221;%5B%7B%22value_role%22%3A%22administrator%22%7D%5D&#8221;][vc_column][vc_custom_heading text=&#8221;Domande frequenti&#8221; font_container=&#8221;tag:h2|text_align:center|color:%23000000&#8243; use_theme_fonts=&#8221;yes&#8221;][vc_separator][vc_row_inner][vc_column_inner width=&#8221;7\/12&#8243;][vc_column_text]<\/p>\n<h3>Qual \u00e8 il vantaggio di utilizzare Espamob per svolgere un tirocinio Erasmus in Spagna?<\/h3>\n<p>Il vantaggio di utilizzare Espamob per svolgere un tirocinio Erasmus in Spagna \u00e8 che l&#8217;agenzia gestisce il vostro progetto dalla A alla Z. Vi aiuter\u00e0 a creare il vostro progetto, a trovare i finanziamenti e ad accogliervi nelle universit\u00e0 e nelle aziende partner per il vostro tirocinio. Inoltre, Espamob si occupa di trovare un alloggio locale e di ritirare il vostro gruppo dall&#8217;aeroporto, offrendovi un&#8217;esperienza senza problemi e un&#8217;immersione totale nella cultura spagnola.<\/p>\n<h3>Quali sono i passi da compiere per beneficiare del supporto di Espamob per un tirocinio Erasmus in Spagna?<\/h3>\n<p>Per beneficiare del supporto di Espamob per un tirocinio Erasmus in Spagna, dovete innanzitutto contattare l&#8217;agenzia e comunicare il vostro progetto. L&#8217;agenzia vi guider\u00e0 attraverso i passi da seguire, in particolare per la creazione del progetto e la ricerca di finanziamenti. Una volta convalidato il progetto, Espamob vi assister\u00e0 per tutta la durata della mobilit\u00e0, aiutandovi a trovare un alloggio, organizzando il vostro arrivo presso le universit\u00e0 e le aziende partner e fornendovi il trasporto dall&#8217;aeroporto.<\/p>\n<h3>Espamob offre tirocini in macelleria per un tirocinio Erasmus in Spagna?<\/h3>\n<p>S\u00ec, Espamob offre tirocini in vari settori, tra cui la macelleria, per un tirocinio Erasmus in Spagna. L&#8217;agenzia ha una rete di partner in Spagna che le permette di trovare aziende in diversi settori. Al momento della domanda di sostegno, potete specificare il vostro interesse per un tirocinio in macelleria ed Espamob far\u00e0 del suo meglio per trovare un&#8217;azienda partner che corrisponda alle vostre esigenze.[\/vc_column_text][\/vc_column_inner][vc_column_inner width=&#8221;1\/12&#8243;][\/vc_column_inner][vc_column_inner width=&#8221;4\/12&#8243;][vc_single_image image=&#8221;15074&#8243; img_size=&#8221;full&#8221;][vc_column_text]<strong>Per saperne di pi\u00f9 sulle diverse destinazioni Erasmus + in Spagna:<\/strong><\/p>\n<ul>\n<li><a href=\"https:\/\/espamob.com\/it\/settori-stage-aziende-erasmusplus\/professioni-alimentari\/stage-erasmus-salumeria\/\">Stage Erasmus in salumeria<\/a><\/li>\n<li><a href=\"https:\/\/espamob.com\/it\/settori-stage-aziende-erasmusplus\/professioni-alimentari\/stage-erasmus-sommelier\/\">StageErasmus di sommelier<\/a><\/li>\n<li><a href=\"https:\/\/espamob.com\/it\/settori-stage-aziende-erasmusplus\/professioni-alimentari\/stage-erasmus-pescheria\/\">Stage Erasmus di Pescheria<\/a><\/li>\n<li><a href=\"https:\/\/espamob.com\/it\/settori-stage-aziende-erasmusplus\/professioni-alimentari\/stage-erasmus-panetteria\/\">Stage Erasmus di panetteria<\/a><\/li>\n<li><a href=\"https:\/\/espamob.com\/it\/settori-stage-aziende-erasmusplus\/professioni-alimentari\/stage-erasmus-pasticceria\/\">Stage Erasmus di Pasticceria<\/a><\/li>\n<li><a href=\"https:\/\/espamob.com\/it\/settori-stage-aziende-erasmusplus\/professioni-alimentari\/stage-erasmus-cioccolateria\/\">Stage Erasmus di Cioccolateria<\/a><\/li>\n<li><a href=\"https:\/\/espamob.com\/it\/settori-stage-aziende-erasmusplus\/professioni-alimentari\/stage-erasmus-gelateria\/\">Stage Erasmus di Gelateria<\/a><\/li>\n<li><a href=\"https:\/\/espamob.com\/it\/settori-stage-aziende-erasmusplus\/professioni-alimentari\/stage-erasmus-cucina\/\">Stage Erasmus di cucina<\/a><\/li>\n<\/ul>\n<p>[\/vc_column_text][\/vc_column_inner][\/vc_row_inner][\/vc_column][\/vc_row]<\/p>\n<\/div>","protected":false},"excerpt":{"rendered":"<p>[vc_row css=&#8221;.vc_custom_1701370513706{margin-top: -20px !important;margin-bottom: 40px !important;background-image: url(https:\/\/espamob.com\/wp-content\/uploads\/2023\/11\/Profesiones-culinarias.webp?id=21208) !important;}&#8221; conditional_render=&#8221;%5B%7B%22value_role%22%3A%22administrator%22%7D%5D&#8221;][vc_column css=&#8221;.vc_custom_1687965657482{padding-top: 30px !important;}&#8221; conditional_render=&#8221;%5B%7B%22value_role%22%3A%22administrator%22%7D%5D&#8221;][vc_empty_space height=&#8221;170&#8243;][vc_custom_heading text=&#8221;Tirocinio Erasmus: macelleria&#8221; font_container=&#8221;tag:h1|font_size:27|text_align:center|color:%23ffffff&#8221; use_theme_fonts=&#8221;yes&#8221; css=&#8221;.vc_custom_1702471922218{margin-bottom: 15px !important;background-color: rgba(136,136,136,0.29) !important;*background-color: rgb(136,136,136) !important;}&#8221; animation_type=&#8221;zoomIn&#8221;][vc_empty_space height=&#8221;40&#8243;][\/vc_column][\/vc_row][vc_row wrap_container=&#8221;yes&#8221; text_align=&#8221;justify&#8221;][vc_column text_align=&#8221;justify&#8221;][vc_column_text] Home Settori di stage Mobilit\u00e0 Erasmus Plus nell&#8217;industria alimentare Tirocinio Erasmus: macelleria [\/vc_column_text][vc_custom_heading text=&#8221;Un tirocinio Erasmus in macelleria: un&#8217;esperienza gratificante&#8221; use_theme_fonts=&#8221;yes&#8221; css=&#8221;.vc_custom_1702472027481{margin-top: 20px !important;}&#8221;][vc_separator][vc_row_inner][vc_column_inner<\/p>\n","protected":false},"author":2,"featured_media":0,"parent":12704,"menu_order":0,"comment_status":"closed","ping_status":"closed","template":"","meta":{"footnotes":""},"class_list":["post-21526","page","type-page","status-publish","hentry"],"_links":{"self":[{"href":"https:\/\/espamob.com\/it\/wp-json\/wp\/v2\/pages\/21526","targetHints":{"allow":["GET"]}}],"collection":[{"href":"https:\/\/espamob.com\/it\/wp-json\/wp\/v2\/pages"}],"about":[{"href":"https:\/\/espamob.com\/it\/wp-json\/wp\/v2\/types\/page"}],"author":[{"embeddable":true,"href":"https:\/\/espamob.com\/it\/wp-json\/wp\/v2\/users\/2"}],"replies":[{"embeddable":true,"href":"https:\/\/espamob.com\/it\/wp-json\/wp\/v2\/comments?post=21526"}],"version-history":[{"count":0,"href":"https:\/\/espamob.com\/it\/wp-json\/wp\/v2\/pages\/21526\/revisions"}],"up":[{"embeddable":true,"href":"https:\/\/espamob.com\/it\/wp-json\/wp\/v2\/pages\/12704"}],"wp:attachment":[{"href":"https:\/\/espamob.com\/it\/wp-json\/wp\/v2\/media?parent=21526"}],"curies":[{"name":"wp","href":"https:\/\/api.w.org\/{rel}","templated":true}]}}