{"id":20512,"date":"2023-05-24T15:04:58","date_gmt":"2023-05-24T15:04:58","guid":{"rendered":"https:\/\/www.espamob.com\/spagna\/valence\/"},"modified":"2023-11-22T13:45:09","modified_gmt":"2023-11-22T13:45:09","slug":"valencia","status":"publish","type":"page","link":"https:\/\/espamob.com\/it\/spagna\/valencia\/","title":{"rendered":"1 &#8211; IT &#8211; VALENCIA"},"content":{"rendered":"<div class=\"wpb-content-wrapper\"><p>[vc_row css=&#8221;.vc_custom_1700511708721{margin-top: -20px !important;background-image: url(https:\/\/espamob.com\/wp-content\/uploads\/2023\/11\/Explore-Valencia.webp?id=20670) !important;background-position: center !important;background-repeat: no-repeat !important;background-size: cover !important;}&#8221; conditional_render=&#8221;%5B%7B%22value_role%22%3A%22administrator%22%7D%5D&#8221;][vc_column][vc_empty_space height=&#8221;220&#8243;][vc_custom_heading text=&#8221;Mobilit\u00e0 e tirocini Erasmus Plus a Valencia&#8221; font_container=&#8221;tag:h1|font_size:27|text_align:center|color:%23ffffff&#8221; use_theme_fonts=&#8221;yes&#8221; el_class=&#8221;h1blancocentro&#8221; css=&#8221;.vc_custom_1700582520364{background-color: rgba(136,136,136,0.3) !important;*background-color: rgb(136,136,136) !important;}&#8221;][vc_empty_space height=&#8221;15&#8243;][\/vc_column][\/vc_row][vc_row wrap_container=&#8221;yes&#8221; is_section=&#8221;yes&#8221; section_skin=&#8221;parallax&#8221; remove_margin_top=&#8221;yes&#8221; remove_margin_bottom=&#8221;yes&#8221; remove_padding_bottom=&#8221;yes&#8221; remove_border=&#8221;yes&#8221; el_id=&#8221;destino&#8221;][vc_column][vc_column_text]<\/p>\n<nav aria-label=\"breadcrumb\">\n<ol class=\"breadcrumb\">\n<li class=\"breadcrumb-item\"><a href=\"https:\/\/espamob.com\/it\">Home<\/a><\/li>\n<li class=\"breadcrumb-item\"><a href=\"https:\/\/espamob.com\/it\/spagna\">Tirocinio Erasmus Plus in Spagna<\/a><\/li>\n<li class=\"breadcrumb-item active\" aria-current=\"page\">Tirocinio Erasmus Plus in Valencia<\/li>\n<\/ol>\n<\/nav>\n<p>[\/vc_column_text][vc_custom_heading text=&#8221;Scoprite le opportunit\u00e0 di mobilit\u00e0 e tirocinio Erasmus Plus a Valencia!&#8221; font_container=&#8221;tag:h2|text_align:center|color:%23000000&#8243; use_theme_fonts=&#8221;yes&#8221;][vc_custom_heading text=&#8221;Valencia, situata nel cuore dell&#8217;Europa, \u00e8 una destinazione scelta da studenti e apprendisti di diversi Paesi, che offrono un ambiente dinamico per la loro formazione. Grazie al programma Erasmus+, hanno l&#8217;opportunit\u00e0 di svolgere tirocini arricchenti all&#8217;estero, migliorando le loro competenze professionali e i loro studi. I vostri studenti avranno accesso a un&#8217;ampia gamma di settori e aziende a Valencia, che offrono opportunit\u00e0 di stage in diversi campi.<\/p>\n<p>Partecipando a un tirocinio Erasmus Plus a Valencia, potranno acquisire una preziosa esperienza lavorativa, scoprendo la cultura spagnola, perfezionando la lingua spagnola e immergendosi nella vita quotidiana di questa splendida citt\u00e0 mediterranea.&#8221; font_container=&#8221;tag:p|text_align:justify&#8221; use_theme_fonts=&#8221;yes&#8221;][vc_custom_heading text=&#8221;Ad Espamob siamo qui per aiutarvi a organizzare la vostra mobilit\u00e0 Erasmus+, grazie ai nostri servizi personalizzati e al nostro attento follow-up per aiutarvi a trovare il tirocinio ideale e a vivere una bella esperienza. In qualit\u00e0 di partner internazionali, ci assicuriamo di trovare un alloggio confortevole per il soggiorno e vi aiutiamo a preparare il vostro progetto per il prossimo semestre.<\/p>\n<p>Contattateci e preparatevi a vivere un&#8217;esperienza indimenticabile a Valencia grazie a Erasmus+! Approfittate di questa opportunit\u00e0 unica offerta dalla cooperazione europea per migliorare la vostra formazione e realizzare progetti gratificanti.&#8221; font_container=&#8221;tag:p|text_align:justify&#8221; use_theme_fonts=&#8221;yes&#8221;][vc_row_inner][vc_column_inner width=&#8221;1\/2&#8243;][vc_btn title=&#8221;Settori di stage&#8221; style=&#8221;flat&#8221; color=&#8221;inverse&#8221; size=&#8221;lg&#8221; align=&#8221;center&#8221; link=&#8221;url:https%3A%2F%2Fespamob.com%2Fit%2Fsettori-stage-aziende-erasmusplus|title:Settori%20di%20stage|rel:nofollow&#8221; el_class=&#8221;.botonrojo&#8221;][\/vc_column_inner][vc_column_inner width=&#8221;1\/2&#8243;][vc_btn title=&#8221;\u00a1Contattiamo!&#8221; style=&#8221;flat&#8221; color=&#8221;inverse&#8221; size=&#8221;lg&#8221; align=&#8221;center&#8221; link=&#8221;url:https%3A%2F%2Fespamob.com%2Fit%2Fcontacto-con-nuestro-equipo-de-movilidad|title:Contacto|rel:nofollow&#8221; el_class=&#8221;botonrojo&#8221;][\/vc_column_inner][vc_column_inner][vc_empty_space][\/vc_column_inner][\/vc_row_inner][vc_custom_heading text=&#8221;Perch\u00e9 fare un tirocinio Erasmus Plus a <strong>Valencia<\/strong> ?&#8221; font_container=&#8221;tag:h2|text_align:center&#8221; use_theme_fonts=&#8221;yes&#8221;][vc_row_inner][vc_column_inner width=&#8221;1\/3&#8243;]<div class=\"aio-icon-component    style_1\"><div id=\"Info-box-wrap-7743\" class=\"aio-icon-box default-icon\" style=\"\"  ><div class=\"aio-icon-default\"><div class=\"ult-just-icon-wrapper  \"><div class=\"align-icon\" style=\"text-align:center;\">\n<div class=\"aio-icon none \"  style=\"color:#e2001a;font-size:44px;display:inline-block;\">\n\t<i class=\"Defaults-user\"><\/i>\n<\/div><\/div><\/div><\/div><div class=\"aio-icon-header\" ><h3 class=\"aio-icon-title ult-responsive\"  data-ultimate-target='#Info-box-wrap-7743 .aio-icon-title'  data-responsive-json-new='{\"font-size\":\"desktop:20px;\",\"line-height\":\"\"}'  style=\"\">Tessuti economici<\/h3><\/div> <!-- header --><div class=\"aio-icon-description ult-responsive\"  data-ultimate-target='#Info-box-wrap-7743 .aio-icon-description'  data-responsive-json-new='{\"font-size\":\"\",\"line-height\":\"\"}'  style=\"\"><\/p>\n<p style=\"text-align: justify;\"><a href=\"https:\/\/erasmus-plus.ec.europa.eu\/it\" target=\"_blank\" rel=\"noopener\"><strong><i>ERASMUS PLUS<\/i><\/strong><\/a> a Valencia: famosa per la sua futuristica Citt\u00e0 delle Arti e delle Scienze, questa citt\u00e0 dinamica e cosmopolita ha una popolazione di 797.665 abitanti. \u00c8 di sicuro interesse per gli studenti e offre una variet\u00e0 di settori economici adatti a stagisti e apprendisti di diverse scuole che vengono a Valencia per un&#8217;esperienza di lavoro arricchente. Se la <a href=\"https:\/\/espamob.com\/it\/spagna\">Spagna<\/a>, e pi\u00f9 precisamente Valencia, \u00e8 la vostra destinazione Erasmus, ne sarete entusiasti.<\/p>\n<p><\/div> <!-- description --><\/div> <!-- aio-icon-box --><\/div> <!-- aio-icon-component -->[\/vc_column_inner][vc_column_inner width=&#8221;1\/3&#8243;]<div class=\"aio-icon-component    style_1\"><div id=\"Info-box-wrap-6240\" class=\"aio-icon-box default-icon\" style=\"\"  ><div class=\"aio-icon-default\"><div class=\"ult-just-icon-wrapper  \"><div class=\"align-icon\" style=\"text-align:center;\">\n<div class=\"aio-icon none \"  style=\"color:#e2001a;font-size:44px;display:inline-block;\">\n\t<i class=\"Defaults-globe\"><\/i>\n<\/div><\/div><\/div><\/div><div class=\"aio-icon-header\" ><h3 class=\"aio-icon-title ult-responsive\"  data-ultimate-target='#Info-box-wrap-6240 .aio-icon-title'  data-responsive-json-new='{\"font-size\":\"desktop:20px;\",\"line-height\":\"\"}'  style=\"\">La logistica<\/h3><\/div> <!-- header --><div class=\"aio-icon-description ult-responsive\"  data-ultimate-target='#Info-box-wrap-6240 .aio-icon-description'  data-responsive-json-new='{\"font-size\":\"\",\"line-height\":\"\"}'  style=\"\"><\/p>\n<p style=\"text-align: justify;\">Espamob si occupa della vostra mobilit\u00e0 internazionale a Valencia dalla A alla Z. Vi offriamo un&#8217;accoglienza calorosa e personale, con alloggi adeguati e opzioni di trasporto pubblico. Valencia, con i suoi luoghi affascinanti e le sue prestigiose universit\u00e0, pu\u00f2 sembrare intimidatoria, ma il nostro team Espamob sar\u00e0 con voi in ogni momento per mettervi a vostro agio dal momento del vostro arrivo e per tutta la durata del vostro soggiorno Erasmus Plus a Valencia.<\/div> <!-- description --><\/div> <!-- aio-icon-box --><\/div> <!-- aio-icon-component -->[\/vc_column_inner][vc_column_inner width=&#8221;1\/3&#8243;]<div class=\"aio-icon-component    style_1\"><div id=\"Info-box-wrap-8208\" class=\"aio-icon-box default-icon\" style=\"\"  ><div class=\"aio-icon-default\"><div class=\"ult-just-icon-wrapper  \"><div class=\"align-icon\" style=\"text-align:center;\">\n<div class=\"aio-icon none \"  style=\"color:#e2001a;font-size:44px;display:inline-block;\">\n\t<i class=\"Defaults-sun-o\"><\/i>\n<\/div><\/div><\/div><\/div><div class=\"aio-icon-header\" ><h3 class=\"aio-icon-title ult-responsive\"  data-ultimate-target='#Info-box-wrap-8208 .aio-icon-title'  data-responsive-json-new='{\"font-size\":\"desktop:20px;\",\"line-height\":\"\"}'  style=\"\">Ambiente e clima<\/h3><\/div> <!-- header --><div class=\"aio-icon-description ult-responsive\"  data-ultimate-target='#Info-box-wrap-8208 .aio-icon-description'  data-responsive-json-new='{\"font-size\":\"\",\"line-height\":\"\"}'  style=\"\"><\/p>\n<p style=\"text-align: justify;\">Il clima piacevole e tipicamente mediterraneo di Valencia vi invita a godervi appieno la citt\u00e0. I suoi diversi paesaggi, tra mare e montagna, sono uno dei suoi numerosi punti di forza. Grazie alla sua attraente posizione geografica, Valencia \u00e8 una destinazione popolare per i gruppi di studenti che svolgono un tirocinio nell&#8217;ambito del programma Erasmus Plus.<\/div> <!-- description --><\/div> <!-- aio-icon-box --><\/div> <!-- aio-icon-component -->[\/vc_column_inner][\/vc_row_inner][vc_row_inner][vc_column_inner width=&#8221;1\/3&#8243;]<div class=\"aio-icon-component    style_1\"><div id=\"Info-box-wrap-4821\" class=\"aio-icon-box default-icon\" style=\"\"  ><div class=\"aio-icon-default\"><div class=\"ult-just-icon-wrapper  \"><div class=\"align-icon\" style=\"text-align:center;\">\n<div class=\"aio-icon none \"  style=\"color:#e2001a;font-size:44px;display:inline-block;\">\n\t<i class=\"Defaults-building-o\"><\/i>\n<\/div><\/div><\/div><\/div><div class=\"aio-icon-header\" ><h3 class=\"aio-icon-title ult-responsive\"  data-ultimate-target='#Info-box-wrap-4821 .aio-icon-title'  data-responsive-json-new='{\"font-size\":\"desktop:20px;\",\"line-height\":\"\"}'  style=\"\">Attrazioni turistiche<\/h3><\/div> <!-- header --><div class=\"aio-icon-description ult-responsive\"  data-ultimate-target='#Info-box-wrap-4821 .aio-icon-description'  data-responsive-json-new='{\"font-size\":\"\",\"line-height\":\"\"}'  style=\"\"><\/p>\n<p style=\"text-align: justify;\">Valencia \u00e8 una citt\u00e0 accogliente che offre un&#8217;esperienza unica grazie alla sua architettura emblematica. Adatta ai gruppi di mobilit\u00e0 Erasmus Plus, Valencia \u00e8 ricca di luoghi insoliti come la cattedrale di Santa Mar\u00eda de Valencia, la Plaza de la Virgen, la Citt\u00e0 delle Arti e delle Scienze e <a href=\"https:\/\/www.uv.es\" target=\"_blank\" rel=\"noopener\">la sua universit\u00e0<\/a>, una delle pi\u00f9 antiche della Spagna. Valencia \u00e8 una destinazione imperdibile che offre un&#8217;esperienza indimenticabile a tutti coloro che la visitano.<\/div> <!-- description --><\/div> <!-- aio-icon-box --><\/div> <!-- aio-icon-component -->[\/vc_column_inner][vc_column_inner width=&#8221;1\/3&#8243;]<div class=\"aio-icon-component    style_1\"><div id=\"Info-box-wrap-4357\" class=\"aio-icon-box default-icon\" style=\"\"  ><div class=\"aio-icon-default\"><div class=\"ult-just-icon-wrapper  \"><div class=\"align-icon\" style=\"text-align:center;\">\n<div class=\"aio-icon none \"  style=\"color:#e2001a;font-size:44px;display:inline-block;\">\n\t<i class=\"Defaults-language\"><\/i>\n<\/div><\/div><\/div><\/div><div class=\"aio-icon-header\" ><h3 class=\"aio-icon-title ult-responsive\"  data-ultimate-target='#Info-box-wrap-4357 .aio-icon-title'  data-responsive-json-new='{\"font-size\":\"desktop:20px;\",\"line-height\":\"\"}'  style=\"\">Le lingue<\/h3><\/div> <!-- header --><div class=\"aio-icon-description ult-responsive\"  data-ultimate-target='#Info-box-wrap-4357 .aio-icon-description'  data-responsive-json-new='{\"font-size\":\"\",\"line-height\":\"\"}'  style=\"\"><\/p>\n<p style=\"text-align: justify;\">Le lingue ufficiali della Comunit\u00e0 Valenciana sono due: il valenciano e lo spagnolo. Tuttavia, durante un tirocinio Erasmus Plus a Valencia, avrete anche l&#8217;opportunit\u00e0 di esplorare altre lingue, come l&#8217;inglese, per arricchire la vostra esperienza linguistica. Sono disponibili tirocini in diverse lingue per soddisfare al meglio le esigenze degli studenti in mobilit\u00e0 Erasmus Plus.<\/div> <!-- description --><\/div> <!-- aio-icon-box --><\/div> <!-- aio-icon-component -->[\/vc_column_inner][vc_column_inner width=&#8221;1\/3&#8243;]<div class=\"aio-icon-component    style_1\"><div id=\"Info-box-wrap-5014\" class=\"aio-icon-box default-icon\" style=\"\"  ><div class=\"aio-icon-default\"><div class=\"ult-just-icon-wrapper  \"><div class=\"align-icon\" style=\"text-align:center;\">\n<div class=\"aio-icon none \"  style=\"color:#e2001a;font-size:44px;display:inline-block;\">\n\t<i class=\"Defaults-slideshare\"><\/i>\n<\/div><\/div><\/div><\/div><div class=\"aio-icon-header\" ><h3 class=\"aio-icon-title ult-responsive\"  data-ultimate-target='#Info-box-wrap-5014 .aio-icon-title'  data-responsive-json-new='{\"font-size\":\"desktop:20px;\",\"line-height\":\"\"}'  style=\"\">Feste popolari<\/h3><\/div> <!-- header --><div class=\"aio-icon-description ult-responsive\"  data-ultimate-target='#Info-box-wrap-5014 .aio-icon-description'  data-responsive-json-new='{\"font-size\":\"\",\"line-height\":\"\"}'  style=\"\"><\/p>\n<p style=\"text-align: justify;\">La Comunit\u00e0 Valenciana celebra ogni anno un festival emblematico, che offre un&#8217;opportunit\u00e0 unica di immergersi nella ricchezza culturale della regione. Las Fallas si svolge a marzo e occupa un posto speciale nel cuore della popolazione locale. Questo importante evento spagnolo, perpetua le tradizioni locali e le trasmette alle generazioni future, rendendo le Fallas un vero e proprio patrimonio vivo.<\/div> <!-- description --><\/div> <!-- aio-icon-box --><\/div> <!-- aio-icon-component -->[\/vc_column_inner][\/vc_row_inner]<div id=\"modal-trg-txt-wrap-1407\" class=\"ult-modal-input-wrapper ult-adjust-bottom-margin    \" data-keypress-control=\"keypress-control-enable\" data-overlay-control=\"overlay-control-enable\"><button  data-ultimate-target='#modal-trg-txt-wrap-1407 .btn-modal'  data-responsive-json-new='{\"font-size\":\"\",\"line-height\":\"\"}'  style=\"background:#555555;border-color:#555555;color:#ffffff; \" data-class-id=\"content-69e91aa36c3632-94770789\" class=\"btn-modal ult-responsive btn-primary btn-modal-lg overlay-show ult-align-center btn-id-69e91aa36c3632-94770789\" data-overlay-class=\"overlay-cornerbottomleft\">Richiedi un preventivo gratuito<\/button><\/div>\n<div class=\"ult-overlay content-69e91aa36c3632-94770789 \" data-class=\"content-69e91aa36c3632-94770789\" id=\"button-click-overlay\" style=\"background:rgba(51,51,51,0.8); display:none;\">\n\t<div class=\"ult_modal ult-fade ult-medium\">\n\t\t<div id=\"ult-modal-wrap-2548\" class=\"ult_modal-content ult-hide\" style=\"border-style:solid;border-width:2px;border-radius:0px;border-color:#333333;\">\n\t\t\t<div class=\"ult_modal-header\" style=\"color:#333333;border-color:#333333;\">\n\t\t\t\t<div class=\"modal-icon\"><i class=\"Defaults-envelope-o\"><\/i><\/div><h3  data-ultimate-target='#ult-modal-wrap-2548 .ult_modal-title'  data-responsive-json-new='{\"font-size\":\"\",\"line-height\":\"\"}'  class=\"ult_modal-title ult-responsive\">Richiedi un preventivo gratuito<\/h3>\n\t\t\t<\/div>\n\t\t\t<div  data-ultimate-target='#ult-modal-wrap-2548 .ult_modal-body'  data-responsive-json-new='{\"font-size\":\"\",\"line-height\":\"\"}'  class=\"ult_modal-body ult-responsive ult-html\" style=\"\">\n\t\t\t<\/p>\n<p>[caldera_form id=&#8221;CF61499d9470acd&#8221;]<\/p>\n<p>\n\t\t\t<\/div>\n\t<\/div>\n\t<\/div>\n\t<div class=\"ult-overlay-close top-right\" style=\"width:80px;height:80px; \"><div class=\"ult-overlay-close-inside\">Close<\/div><\/div>\n<\/div>[\/vc_column][\/vc_row][vc_row full_width=&#8221;stretch_row&#8221; wrap_container=&#8221;yes&#8221; is_section=&#8221;yes&#8221; section_skin=&#8221;parallax&#8221; remove_margin_top=&#8221;yes&#8221; remove_margin_bottom=&#8221;yes&#8221; remove_padding_bottom=&#8221;yes&#8221; el_id=&#8221;informacion&#8221; css=&#8221;.vc_custom_1700232119469{margin-bottom: -35px !important;background-color: #f4f4f4 !important;}&#8221; conditional_render=&#8221;%5B%7B%22value_role%22%3A%22administrator%22%7D%5D&#8221;][vc_column][vc_custom_heading text=&#8221;Domande frequenti sui tirocini Erasmus a Valencia&#8221; font_container=&#8221;tag:h2|text_align:center&#8221; use_theme_fonts=&#8221;yes&#8221;][vc_row_inner][vc_column_inner width=&#8221;2\/3&#8243;][vc_custom_heading text=&#8221;Quali sono i vantaggi di un tirocinio Erasmus Plus a Valencia?&#8221; font_container=&#8221;tag:h3|font_size:18|text_align:left&#8221; use_theme_fonts=&#8221;yes&#8221; css=&#8221;.vc_custom_1700582916163{margin-bottom: 15px !important;}&#8221;][vc_column_text css=&#8221;.vc_custom_1700583019097{margin-top: -10px !important;}&#8221;]<\/p>\n<p style=\"text-align: justify;\">Un tirocinio Erasmus Plus a Valencia offre molti vantaggi. Potrete acquisire una preziosa esperienza professionale in un ambiente internazionale e migliorare le vostre competenze. Inoltre, potrete scoprire una nuova cultura, migliorare le vostre conoscenze linguistiche e beneficiare del sostegno finanziario del programma Erasmus+. \u00c8 un&#8217;opportunit\u00e0 unica per il vostro sviluppo personale e professionale.<\/p>\n<p>Fare uno stage all&#8217;estero pu\u00f2 migliorare le vostre conoscenze linguistiche, farvi fare un&#8217;esperienza di lavoro internazionale e aiutarvi a sviluppare preziose competenze interculturali.[\/vc_column_text][vc_custom_heading text=&#8221;Perch\u00e9 fare un tirocinio Erasmus Plus a Valencia?&#8221; font_container=&#8221;tag:h3|font_size:18|text_align:left&#8221; use_theme_fonts=&#8221;yes&#8221; css=&#8221;.vc_custom_1700582935579{margin-bottom: 15px !important;}&#8221;][vc_column_text css=&#8221;.vc_custom_1700583028065{margin-top: -10px !important;}&#8221;]<\/p>\n<p style=\"text-align: justify;\">Fare un tirocinio a Valencia offre molti vantaggi interessanti. Potrete godere di una vita studentesca dinamica, scoprire una ricca cultura e svilupparvi in un contesto geografico straordinario. Inoltre, la vicinanza di altre destinazioni in Spagna e in Europa vi permetter\u00e0 di spostarvi pi\u00f9 facilmente. Questa esperienza sar\u00e0 un&#8217;opportunit\u00e0 unica per arricchire in modo significativo la vostra carriera accademica e personale.[\/vc_column_text][vc_custom_heading text=&#8221;Qual \u00e8 la procedura per un tirocinio Erasmus Plus a Valencia?&#8221; font_container=&#8221;tag:h3|font_size:18|text_align:left&#8221; use_theme_fonts=&#8221;yes&#8221; css=&#8221;.vc_custom_1700582964075{margin-bottom: 15px !important;}&#8221;][vc_column_text css=&#8221;.vc_custom_1700583037563{margin-top: -10px !important;}&#8221;]<\/p>\n<p style=\"text-align: justify;\">Qual \u00e8 la procedura per un tirocinio Erasmus Plus a Valencia con Espamob? \u00c8 semplicissimo! Contattateci per un preventivo, indicando le vostre esigenze. Una volta accettata la nostra offerta, ci occuperemo di tutto, dalla pianificazione alla realizzazione, supportandovi in ogni fase del percorso.[\/vc_column_text][vc_custom_heading text=&#8221;Che cos&#8217;\u00e8 un tirocinio Erasmus Plus a Valencia?&#8221; font_container=&#8221;tag:h3|font_size:18|text_align:left&#8221; use_theme_fonts=&#8221;yes&#8221; css=&#8221;.vc_custom_1700582982451{margin-bottom: 15px !important;}&#8221;][vc_column_text css=&#8221;.vc_custom_1700583049225{margin-top: -10px !important;}&#8221;]<\/p>\n<p style=\"text-align: justify;\">Il tirocinio Erasmus Plus a Valencia \u00e8 un&#8217;opportunit\u00e0 offerta agli studenti dell&#8217;Unione Europea per arricchire la propria formazione acquisendo un&#8217;esperienza pratica nel proprio campo di studi e vivendo un&#8217;immersione culturale in Spagna.<\/p>\n<p>Il programma Erasmus Plus copre tutti i Paesi dell&#8217;Unione Europea, oltre ad altri Paesi partner in tutto il mondo. Valencia, in Spagna, \u00e8 una delle destinazioni pi\u00f9 popolari.[\/vc_column_text][\/vc_column_inner][vc_column_inner width=&#8221;1\/3&#8243;][vc_single_image image=&#8221;16293&#8243; img_size=&#8221;300&#215;300&#8243; alignment=&#8221;center&#8221; style=&#8221;vc_box_rounded&#8221; hover_effect=&#8221;yes&#8221; title=&#8221;Erasmus Plus Valencia&#8221;][vc_column_text]<strong>Per saperne di pi\u00f9 sulle diverse destinazioni Erasmus Plus in Spagna:<\/strong><\/p>\n<ul>\n<li><a href=\"https:\/\/espamob.com\/it\/spagna\/isole-baleari\">Tirocinio Erasmus Plus nelle Isole Baleari<\/a><\/li>\n<li><a href=\"https:\/\/espamob.com\/it\/spagna\/islas-canarias\">Tirocinio Erasmus Plus nelle Isole Canarie<\/a><\/li>\n<li><a href=\"https:\/\/espamob.com\/it\/spagna\/barcellona\">Tirocinio Erasmus Plus a Barcellona<\/a><\/li>\n<\/ul>\n<p>[\/vc_column_text][\/vc_column_inner][\/vc_row_inner][vc_btn title=&#8221;\u00a1Contattiamo!&#8221; style=&#8221;flat&#8221; color=&#8221;inverse&#8221; size=&#8221;lg&#8221; align=&#8221;center&#8221; link=&#8221;url:https%3A%2F%2Fespamob.com%2Fit%2Fcontacto-con-nuestro-equipo-de-movilidad|title:Contacto|rel:nofollow&#8221; el_class=&#8221;botonrojo&#8221;][vc_column_text]<script type=\"application\/ld+json\">{\"@context\":\"https:\/\/schema.org\",\"@type\":\"FAQPage\",\"mainEntity\":[{\"@type\":\"Question\",\"name\":\"Quels avantages pouvez-vous tirer d'une mobilit\u00e9 de stage Erasmus Plus \u00e0 Valence?\",\"acceptedAnswer\":{\"@type\":\"Answer\",\"text\":\"Une mobilit\u00e9 de stage Erasmus Plus \u00e0 Valence offre de nombreux avantages. Vous pourrez acqu\u00e9rir une pr\u00e9cieuse exp\u00e9rience professionnelle dans un environnement international et am\u00e9liorer vos comp\u00e9tences. De plus, vous d\u00e9couvrirez une nouvelle culture, am\u00e9liorerez vos comp\u00e9tences linguistiques et b\u00e9n\u00e9ficierez d\u2019un soutien financier du programme Erasmus+. C\u2019est une opportunit\u00e9 unique pour votre d\u00e9veloppement personnel et professionnel.\\n\\nFaire un stage \u00e0 l\u2019\u00e9tranger peut am\u00e9liorer vos comp\u00e9tences linguistiques, vous donner une exp\u00e9rience professionnelle internationale, et vous aider \u00e0 d\u00e9velopper des comp\u00e9tences interculturelles pr\u00e9cieuses.\"}},{\"@type\":\"Question\",\"name\":\"Pourquoi faire une mobilit\u00e9 de stage Erasmus Plus \u00e0 Valence?\",\"acceptedAnswer\":{\"@type\":\"Answer\",\"text\":\"Faire une mobilit\u00e9 \u00e0 Valence offre de nombreux avantages attrayants. Vous pourrez profiter d\u2019une vie \u00e9tudiante dynamique, d\u00e9couvrir une culture riche et \u00e9voluer dans un cadre g\u00e9ographique remarquable. De plus, la proximit\u00e9 d\u2019autres destinations en Espagne et en Europe facilitera vos d\u00e9placements. Cette exp\u00e9rience sera une occasion unique d\u2019enrichir votre parcours acad\u00e9mique et personnel de mani\u00e8re significative.\"}},{\"@type\":\"Question\",\"name\":\"Quel est le processus d\u2019une mobilit\u00e9 de stage Erasmus Plus \u00e0 Valence?\",\"acceptedAnswer\":{\"@type\":\"Answer\",\"text\":\"Quel est le processus d\u2019une mobilit\u00e9 de stage Erasmus Plus \u00e0 Valence avec Espamob ? C\u2019est simple ! Contactez-nous pour obtenir un devis en indiquant vos besoins. Une fois notre offre accept\u00e9e, nous nous occupons de tout, de la planification \u00e0 la r\u00e9alisation, en vous accompagnant \u00e0 chaque \u00e9tape du processus.\"}},{\"@type\":\"Question\",\"name\":\"Qu'est-ce qu'un stage Erasmus Plus \u00e0 Valencia ?\",\"acceptedAnswer\":{\"@type\":\"Answer\",\"text\":\"Le stage Erasmus Plus \u00e0 Valence est une opportunit\u00e9 offerte aux \u00e9tudiants de l\u2019Union Europ\u00e9enne pour enrichir leur formation en acqu\u00e9rant une exp\u00e9rience pratique dans leur domaine d\u2019\u00e9tudes, tout en vivant une immersion culturelle en Espagne.\\n\\nLe programme Erasmus Plus couvre tous les pays de l\u2019Union europ\u00e9enne, ainsi que d\u2019autres pays partenaires dans le monde entier. Valencia, en Espagne, est l\u2019une des destinations populaires.\"}}]}<\/script>[\/vc_column_text][\/vc_column][\/vc_row]<\/p>\n<\/div>","protected":false},"excerpt":{"rendered":"<p>[vc_row css=&#8221;.vc_custom_1700511708721{margin-top: -20px !important;background-image: url(https:\/\/espamob.com\/wp-content\/uploads\/2023\/11\/Explore-Valencia.webp?id=20670) !important;background-position: center !important;background-repeat: no-repeat !important;background-size: cover !important;}&#8221; conditional_render=&#8221;%5B%7B%22value_role%22%3A%22administrator%22%7D%5D&#8221;][vc_column][vc_empty_space height=&#8221;220&#8243;][vc_custom_heading text=&#8221;Mobilit\u00e0 e tirocini Erasmus Plus a Valencia&#8221; font_container=&#8221;tag:h1|font_size:27|text_align:center|color:%23ffffff&#8221; use_theme_fonts=&#8221;yes&#8221; el_class=&#8221;h1blancocentro&#8221; css=&#8221;.vc_custom_1700582520364{background-color: rgba(136,136,136,0.3) !important;*background-color: rgb(136,136,136) !important;}&#8221;][vc_empty_space height=&#8221;15&#8243;][\/vc_column][\/vc_row][vc_row wrap_container=&#8221;yes&#8221; is_section=&#8221;yes&#8221; section_skin=&#8221;parallax&#8221; remove_margin_top=&#8221;yes&#8221; remove_margin_bottom=&#8221;yes&#8221; remove_padding_bottom=&#8221;yes&#8221; remove_border=&#8221;yes&#8221; el_id=&#8221;destino&#8221;][vc_column][vc_column_text] Home Tirocinio Erasmus Plus in Spagna Tirocinio Erasmus Plus in Valencia [\/vc_column_text][vc_custom_heading text=&#8221;Scoprite le opportunit\u00e0 di mobilit\u00e0<\/p>\n","protected":false},"author":2,"featured_media":17013,"parent":8971,"menu_order":0,"comment_status":"closed","ping_status":"closed","template":"","meta":{"footnotes":""},"class_list":["post-20512","page","type-page","status-publish","has-post-thumbnail","hentry"],"_links":{"self":[{"href":"https:\/\/espamob.com\/it\/wp-json\/wp\/v2\/pages\/20512","targetHints":{"allow":["GET"]}}],"collection":[{"href":"https:\/\/espamob.com\/it\/wp-json\/wp\/v2\/pages"}],"about":[{"href":"https:\/\/espamob.com\/it\/wp-json\/wp\/v2\/types\/page"}],"author":[{"embeddable":true,"href":"https:\/\/espamob.com\/it\/wp-json\/wp\/v2\/users\/2"}],"replies":[{"embeddable":true,"href":"https:\/\/espamob.com\/it\/wp-json\/wp\/v2\/comments?post=20512"}],"version-history":[{"count":0,"href":"https:\/\/espamob.com\/it\/wp-json\/wp\/v2\/pages\/20512\/revisions"}],"up":[{"embeddable":true,"href":"https:\/\/espamob.com\/it\/wp-json\/wp\/v2\/pages\/8971"}],"wp:featuredmedia":[{"embeddable":true,"href":"https:\/\/espamob.com\/it\/wp-json\/wp\/v2\/media\/17013"}],"wp:attachment":[{"href":"https:\/\/espamob.com\/it\/wp-json\/wp\/v2\/media?parent=20512"}],"curies":[{"name":"wp","href":"https:\/\/api.w.org\/{rel}","templated":true}]}}