{"id":19011,"date":"2023-05-08T14:02:31","date_gmt":"2023-05-08T14:02:31","guid":{"rendered":"https:\/\/www.espamob.com\/les-mobilites-des-enseignants-erasmusplus\/"},"modified":"2023-11-07T14:52:08","modified_gmt":"2023-11-07T14:52:08","slug":"mobilita-degli-insegnanti-con-erasmus-plus","status":"publish","type":"page","link":"https:\/\/espamob.com\/it\/mobilita-degli-insegnanti-con-erasmus-plus\/","title":{"rendered":"Mobilit\u00e0 degli insegnanti con Erasmus Plus"},"content":{"rendered":"<div class=\"wpb-content-wrapper\"><p>[vc_row css=&#8221;.vc_custom_1699201265688{margin-top: -20px !important;background-image: url(https:\/\/espamob.com\/wp-content\/uploads\/2023\/11\/Mobilita-del-personale-docente-della-formazione-professionale-con-Erasmus-Plus.jpg?id=19652) !important;background-position: center !important;background-repeat: no-repeat !important;background-size: cover !important;}&#8221; conditional_render=&#8221;%5B%7B%22value_role%22%3A%22administrator%22%7D%5D&#8221;][vc_column][vc_empty_space height=&#8221;240&#8243;][vc_custom_heading text=&#8221;Mobilit\u00e0 del personale docente della formazione professionale con Erasmus Plus&#8221; font_container=&#8221;tag:h1|font_size:27|text_align:center|color:%23ffffff&#8221; use_theme_fonts=&#8221;yes&#8221; css=&#8221;.vc_custom_1698764246589{margin-bottom: 15px !important;background-color: rgba(136,136,136,0.29) !important;*background-color: rgb(136,136,136) !important;}&#8221;][vc_empty_space height=&#8221;60&#8243;][\/vc_column][\/vc_row][vc_row wrap_container=&#8221;yes&#8221; text_align=&#8221;justify&#8221;][vc_column text_align=&#8221;justify&#8221;][vc_empty_space height=&#8221;50&#8243;][vc_custom_heading text=&#8221;Mobilit\u00e0 degli insegnanti con Erasmus Plus&#8221; use_theme_fonts=&#8221;yes&#8221; css=&#8221;.vc_custom_1698764254556{margin-top: 20px !important;}&#8221;][vc_custom_heading text=&#8221;Cosa sono le mobilit\u00e0 Erasmus+ per gli insegnanti?&#8221; font_container=&#8221;tag:h3|text_align:justify&#8221; use_theme_fonts=&#8221;yes&#8221; css=&#8221;.vc_custom_1698764261614{margin-top: 20px !important;}&#8221;][vc_row_inner][vc_column_inner width=&#8221;7\/12&#8243;][vc_column_text]La mobilit\u00e0 Erasmus+ per il personale docente consente di organizzare soggiorni in un paese aderente al programma il cui obiettivo \u00e8 condividere competenze e conoscenze, metodi e\/o strumenti.<\/p>\n<p><strong>La mobilit\u00e0 degli insegnanti Erasmus Plus<\/strong> si inseriscono dentro del progetto educativo europeo. Erasmus Plus offre agli insegnanti o alle persone che lavorano nel settore dell&#8217;educazione l&#8217;opportunit\u00e0 di viaggiare in Europa per acquisire una nuova esperienza. <strong>L&#8217;obiettivo di questo programma<\/strong> \u00e8 incoraggiare gli istituti di istruzione ad impegnarsi in scambi transfrontalieri e a realizzare progetti di mobilit\u00e0.<\/p>\n<p>Grazie a questo aiuto europeo, gli insegnanti e il personale educativo possono beneficiare di diverse opportunit\u00e0 di mobilit\u00e0 come formazione, scambi di buone pratiche, tirocini professionali o anche missioni didattiche all\u2019estero.<\/p>\n<p>Questa esperienza ti permette di adattarti a nuovi metodi di insegnamento, svolgere formazione, scoprire nuovi metodi di lavoro o migliorare le tue competenze linguistiche.[\/vc_column_text][\/vc_column_inner][vc_column_inner width=&#8221;1\/12&#8243;][\/vc_column_inner][vc_column_inner width=&#8221;4\/12&#8243;][vc_single_image image=&#8221;16407&#8243; img_size=&#8221;400*200&#8243; alignment=&#8221;right&#8221; style=&#8221;vc_box_rounded&#8221;][\/vc_column_inner][\/vc_row_inner][vc_custom_heading text=&#8221;Chi pu\u00f2 beneficiare di Erasmus Plus Teacher?&#8221; font_container=&#8221;tag:h3|text_align:right&#8221; use_theme_fonts=&#8221;yes&#8221; css=&#8221;.vc_custom_1698764286544{margin-top: 20px !important;}&#8221;][vc_row_inner][vc_column_inner width=&#8221;4\/12&#8243;][vc_single_image image=&#8221;16417&#8243; img_size=&#8221;400*200&#8243; style=&#8221;vc_box_rounded&#8221;][\/vc_column_inner][vc_column_inner width=&#8221;1\/12&#8243;][\/vc_column_inner][vc_column_inner width=&#8221;7\/12&#8243;][vc_column_text]I programmi di mobilit\u00e0 docenti Erasmus Plus sono destinati a tutto il personale docente. Ecco l\u2019elenco delle professioni ammissibili alla borsa di mobilit\u00e0 Erasmus Plus:<\/p>\n<ol>\n<li>Insegnanti dell&#8217;istruzione primaria, secondaria e superiore<\/li>\n<li>Dirigenti scolastici<\/li>\n<li>Dirigenti scolastici o CPE<\/li>\n<li>Ispettori<\/li>\n<li>Formatori del settore professionale<\/li>\n<\/ol>\n<p>L&#8217;unica condizione \u00e8 che il soggiorno abbia un obiettivo di apprendimento, condivisione di conoscenze o formazione.[\/vc_column_text][\/vc_column_inner][\/vc_row_inner][vc_custom_heading text=&#8221;Perch\u00e9 ricevere supporto da Espamob?&#8221; font_container=&#8221;tag:h3|text_align:justify&#8221; use_theme_fonts=&#8221;yes&#8221; css=&#8221;.vc_custom_1698764312992{margin-top: 20px !important;}&#8221;][vc_row_inner][vc_column_inner width=&#8221;7\/12&#8243;][vc_column_text]<\/p>\n<p style=\"text-align: center;\"><strong>Sei un corpo docente e vorresti acquisire nuove competenze e conoscenze?<\/strong><\/p>\n<p>La mobilit\u00e0 Erasmus plus \u00e8 fatta per te! Con <strong>espamob\u2019<\/strong>, organizza il tuo soggiorno in Spagna e beneficia di un\u2019esperienza unica di apprendimento di metodi e strumenti innovativi. Unisciti ora alla comunit\u00e0 di docenti che hanno scelto Erasmus Plus per il loro sviluppo professionale.<\/p>\n<p style=\"text-align: left;\">Concediti l&#8217;opportunit\u00e0 di formarti come docente in <strong>Spagna<\/strong>! Con <strong>espamob\u2019<\/strong>, approfitta di un periodo di osservazione o partecipa ad un corso strutturato nel campo dell\u2019educazione. Approfitta di un&#8217;esperienza pratica e arricchente per il tuo sviluppo professionale. Registrati subito per scoprire le nostre offerte mobilit\u00e0 Erasmus plus.<\/p>\n<p>[\/vc_column_text][\/vc_column_inner][vc_column_inner width=&#8221;1\/12&#8243;][\/vc_column_inner][vc_column_inner width=&#8221;4\/12&#8243;][vc_single_image image=&#8221;17097&#8243; img_size=&#8221;400*200&#8243; alignment=&#8221;right&#8221; style=&#8221;vc_box_rounded&#8221;][vc_btn title=&#8221;Contatto espamob&#8221; style=&#8221;custom&#8221; custom_background=&#8221;#e20000&#8243; custom_text=&#8221;#ffffff&#8221; align=&#8221;center&#8221; link=&#8221;url:https%3A%2F%2Fespamob.com%2Fit%2Fcontacto-con-nuestro-equipo-de-movilidad|title:Contacto|target:_blank&#8221;][\/vc_column_inner][\/vc_row_inner][vc_empty_space][\/vc_column][\/vc_row][vc_row full_width=&#8221;stretch_row&#8221; css=&#8221;.vc_custom_1688536136507{margin-bottom: 20px !important;background-color: #f9f892 !important;}&#8221; conditional_render=&#8221;%5B%7B%22value_role%22%3A%22administrator%22%7D%5D&#8221;][vc_column][vc_row_inner][vc_column_inner][vc_empty_space height=&#8221;50&#8243;][vc_custom_heading text=&#8221;Richiedi un preventivo gratuito&#8221; font_container=&#8221;tag:h2|text_align:center&#8221; use_theme_fonts=&#8221;yes&#8221;][vc_column_text]Hai un&#8217;idea per un progetto Erasmus+ in Spagna e cerchi un partner affidabile che ti aiuti? Scegli di lavorare con <strong>Espamob<\/strong>\u2019! Ti offriamo un preventivo gratuito e senza impegno per aiutarti a gestire il tuo progetto di mobilit\u00e0. Grazie alla nostra competenza e alla nostra rete di aziende partner, siamo in grado di offrirvi un supporto personalizzato per rispondere alle vostre specifiche esigenze. Contattaci ora per discutere del tuo progetto e ottenere il tuo preventivo gratuito.[\/vc_column_text]<div id=\"modal-trg-txt-wrap-7492\" class=\"ult-modal-input-wrapper ult-adjust-bottom-margin    \" data-keypress-control=\"keypress-control-enable\" data-overlay-control=\"overlay-control-enable\"><style>\n\t\t\t\t\t.btn-modal.btn-id-69e77349c50e39-73654863:hover {\n\t\t\t\t\t\tbackground-color: #e20000 !important;\n\t\t\t\t\t}\n\t\t\t\t\t<\/style><button  data-ultimate-target='#modal-trg-txt-wrap-7492 .btn-modal'  data-responsive-json-new='{\"font-size\":\"\",\"line-height\":\"\"}'  style=\"background:#888888;border-color:#888888;color:#ffffff; \" data-class-id=\"content-69e77349c50e39-73654863\" class=\"btn-modal ult-responsive btn-primary btn-modal-md overlay-show ult-align-center btn-id-69e77349c50e39-73654863\" data-overlay-class=\"overlay-cornerbottomleft\">RICHIEDI PREVENTIVO GRATUITO<\/button><\/div>\n<div class=\"ult-overlay content-69e77349c50e39-73654863 \" data-class=\"content-69e77349c50e39-73654863\" id=\"button-click-overlay\" style=\"background:rgba(51,51,51,0.8); display:none;\">\n\t<div class=\"ult_modal ult-fade ult-medium\">\n\t\t<div id=\"ult-modal-wrap-1456\" class=\"ult_modal-content ult-hide\" style=\"border-style:solid;border-width:2px;border-radius:0px;border-color:#333333;\">\n\t\t\t<div class=\"ult_modal-header\" style=\"color:#333333;border-color:#333333;\">\n\t\t\t\t<h3  data-ultimate-target='#ult-modal-wrap-1456 .ult_modal-title'  data-responsive-json-new='{\"font-size\":\"\",\"line-height\":\"\"}'  class=\"ult_modal-title ult-responsive\">RICHIEDI PREVENTIVO GRATUITO<\/h3>\n\t\t\t<\/div>\n\t\t\t<div  data-ultimate-target='#ult-modal-wrap-1456 .ult_modal-body'  data-responsive-json-new='{\"font-size\":\"\",\"line-height\":\"\"}'  class=\"ult_modal-body ult-responsive ult-html\" style=\"\">\n\t\t\t[caldera_form id=&#8221;CF61499d9470acd&#8221;]\n\t\t\t<\/div>\n\t<\/div>\n\t<\/div>\n\t<div class=\"ult-overlay-close top-right\" style=\"width:80px;height:80px; \"><div class=\"ult-overlay-close-inside\">Close<\/div><\/div>\n<\/div>[\/vc_column_inner][\/vc_row_inner][\/vc_column][\/vc_row][vc_row][vc_column width=&#8221;7\/12&#8243;][vc_custom_heading text=&#8221;Scopri le nostre soluzioni di mobilit\u00e0 per gli insegnanti&#8221; font_container=&#8221;tag:h3|text_align:justify&#8221; use_theme_fonts=&#8221;yes&#8221; css=&#8221;.vc_custom_1698764410752{margin-top: 20px !important;}&#8221;][vc_column_text]Ad<strong> Espamob<\/strong> siamo qui per supportarti nell\u2019organizzazione dei tuoi progetti di mobilit\u00e0 professionale in Spagna. Ti permettiamo di concentrarti sul tuo sviluppo professionale e personale. Grazie al programma Erasmus Plus hai a disposizione diverse opzioni:<\/p>\n<ol>\n<li><strong>Mobilit\u00e0 di Job Shadowing<\/strong> nelle aziende per acquisire nuove competenze pratiche.<\/li>\n<li><a href=\"https:\/\/espamob.com\/it\/settori-stage-aziende-erasmusplus\"><strong>Stage<\/strong> <\/a>per sviluppare le tue capacit\u00e0 professionali.<\/li>\n<li><strong>Incontri <\/strong>con professionisti per confrontarsi con esperti del vostro settore.<\/li>\n<li><strong>Corsi di lingua<\/strong> per migliorare il tuo livello linguistico e facilitare la tua comunicazione.<\/li>\n<li><strong>Vari corsi di formazione<\/strong> per formarti e specializzarti in un settore particolare.<\/li>\n<\/ol>\n<p>Ci impegniamo a offrirti un&#8217;esperienza di mobilit\u00e0 professionale in Spagna su misura, adattata alle tue aspirazioni. Non esitare pi\u00f9 e <a href=\"https:\/\/espamob.com\/it\/contacto-con-nuestro-equipo-de-movilidad\">contattaci<\/a> per portare a compimento il tuo progetto con successo![\/vc_column_text][\/vc_column][vc_column width=&#8221;1\/12&#8243;][\/vc_column][vc_column width=&#8221;4\/12&#8243;][vc_empty_space][vc_images_carousel images=&#8221;7658,7602,7598,7618,7670,11991,17121,17095&#8243; img_size=&#8221;400*400&#8243; onclick=&#8221;custom_link&#8221; custom_links_target=&#8221;_blank&#8221; speed=&#8221;1000&#8243; slides_per_view=&#8221;2&#8243; autoplay=&#8221;yes&#8221; wrap=&#8221;yes&#8221; custom_links=&#8221;#E-8_aHR0cHMlM0ElMkYlMkZ3d3cuZXNwYW1vYi5jb20lMkZmciUyRnNlY3RldXItc3RhZ2UtZW50cmVwcmlzZS1lcmFzbXVzcGx1cyUyRg==&#8221;][vc_btn title=&#8221;scopri i nostri settori di stage!&#8221; style=&#8221;custom&#8221; custom_background=&#8221;#e20000&#8243; custom_text=&#8221;#ffffff&#8221; align=&#8221;center&#8221; link=&#8221;url:https%3A%2F%2Fespamob.com%2Fit%2Fsettori-stage-aziende-erasmusplus|title:i%20nostri%20settori%20di%20stage|target:_blank&#8221;][\/vc_column][\/vc_row][vc_row full_width=&#8221;stretch_row&#8221; wrap_container=&#8221;yes&#8221; is_section=&#8221;yes&#8221; css=&#8221;.vc_custom_1684857344078{margin-top: 20px !important;}&#8221;][vc_column width=&#8221;7\/12&#8243;][vc_column_text]<a href=\"https:\/\/erasmus-plus.ec.europa.eu\/it\/programme-guide\/part-b\/key-action-1\/key-action-1-learning-mobility-of-individuals\" target=\"_blank\" rel=\"noopener\">PROGRAMMA ERASMUS+ KA1<\/a>[\/vc_column_text][vc_custom_heading text=&#8221;MOBILIT\u00c0 STUDENTI&#8221; font_container=&#8221;tag:h2|text_align:center&#8221; use_theme_fonts=&#8221;yes&#8221;][vc_column_text]Offri un&#8217;esperienza indimenticabile a un gruppo di giovani grazie alla tua borsa di studio Erasmus+ organizzando la mobilit\u00e0 professionale all&#8217;estero con Espamob, il tuo partner preferito in Spagna. Siamo qui per aiutarti a pianificare e realizzare il tuo progetto di mobilit\u00e0, offrendo competenze e soluzioni personalizzate per garantire il successo del tuo programma.[\/vc_column_text][vc_btn title=&#8221;SAPERNE DI PI\u00d9&#8221; style=&#8221;custom&#8221; custom_background=&#8221;#e20000&#8243; custom_text=&#8221;#ffffff&#8221; align=&#8221;center&#8221; link=&#8221;url:https%3A%2F%2Fespamob.com%2Fit%2Fstage-erasmus-plus-studenti-e-apprendisti|title:Mobilit%C3%A0%20degli%20studenti&#8221;][\/vc_column][vc_column width=&#8221;5\/12&#8243;][vc_single_image image=&#8221;19393&#8243; img_size=&#8221;full&#8221; style=&#8221;vc_box_rounded&#8221; animation_type=&#8221;zoomIn&#8221;][\/vc_column][\/vc_row][vc_row wrap_container=&#8221;yes&#8221;][vc_column][vc_empty_space height=&#8221;60&#8243;][vc_custom_heading text=&#8221;Domande frequenti sulla mobilit\u00e0 Erasmus+ per docenti&#8221; font_container=&#8221;tag:h2|text_align:center|color:%23000000&#8243; use_theme_fonts=&#8221;yes&#8221;][vc_separator][vc_row_inner][vc_column_inner width=&#8221;2\/3&#8243;][vc_custom_heading text=&#8221;Perch\u00e9 partecipare alla mobilit\u00e0 Erasmus plus come insegnante?&#8221; font_container=&#8221;tag:h3|text_align:justify&#8221; use_theme_fonts=&#8221;yes&#8221;][vc_column_text]<\/p>\n<p style=\"text-align: justify;\"><a href=\"https:\/\/erasmus-plus.ec.europa.eu\/it\/opportunities\/opportunities-for-individuals\/training-opportunities-for-staff\" target=\"_blank\" rel=\"noopener\">La mobilit\u00e0 Erasmus plus per insegnanti<\/a>\u00a0offre l&#8217;opportunit\u00e0 di sviluppare le proprie competenze professionali e di scambiare per migliorare tutte le competenze linguistiche e interculturali.<\/p>\n<p>La mobilit\u00e0 Erasmus+ per docenti consente:<\/p>\n<ol>\n<li>Per il personale docente che svolge una missione pedagogica in un istituto scolastico europeo.<\/li>\n<li>Per il personale docente per svolgere formazione in una scuola o altra organizzazione educativa.<\/li>\n<\/ol>\n<p>[\/vc_column_text][vc_custom_heading text=&#8221;Come impostare la mobilit\u00e0 Erasmus plus per i Docenti?&#8221; font_container=&#8221;tag:h3|text_align:justify&#8221; use_theme_fonts=&#8221;yes&#8221; css=&#8221;.vc_custom_1698764706879{margin-top: -20px !important;}&#8221;][vc_column_text]Per organizzare la mobilit\u00e0 Erasmus plus con Espamob \u00e8 sufficiente contattare la nostra agenzia cos\u00ec potremo proporti un preventivo gratuito personalizzato in base alle tue esigenze e aspettative. La nostra organizzazione ti permetter\u00e0 di pianificare gli obiettivi, la durata, il finanziamento e la struttura ospitante ideale per il tuo progetto.[\/vc_column_text][vc_custom_heading text=&#8221;Perch\u00e9 fare mobilit\u00e0 Erasmus plus in Spagna?&#8221; font_container=&#8221;tag:h3|text_align:justify&#8221; use_theme_fonts=&#8221;yes&#8221; css=&#8221;.vc_custom_1698764717679{margin-top: -10px !important;}&#8221;][vc_column_text]La Spagna \u00e8 uno dei 33 paesi che partecipano al programma Erasmus+.<\/p>\n<p>Partecipare ad una mobilit\u00e0 Erasmus in Spagna offrir\u00e0 un&#8217;esperienza all&#8217;estero che arricchir\u00e0 le competenze professionali e personali dei partecipanti. Inoltre, la Spagna \u00e8 la destinazione preferita per chi cerca mobilit\u00e0 internazionale.[\/vc_column_text][vc_custom_heading text=&#8221;Quali sono le condizioni per partecipare alla mobilit\u00e0 degli insegnanti?&#8221; font_container=&#8221;tag:h3|text_align:justify&#8221; use_theme_fonts=&#8221;yes&#8221; css=&#8221;.vc_custom_1698764738743{margin-top: -10px !important;}&#8221;][vc_column_text]L&#8217;unica condizione per l&#8217;accesso a questo aiuto europeo alla mobilit\u00e0 degli insegnanti \u00e8 che il progetto abbia uno scopo di apprendimento, formazione o scambio di conoscenze.<\/p>\n<p>Inoltre, i beneficiari devono far parte del personale docente di un istituto scolastico pubblico o privato (insegnanti, personale amministrativo, personale dirigente).[\/vc_column_text][vc_custom_heading text=&#8221;Quanto dura il soggiorno di scambio Erasmus Plus per docenti?&#8221; font_container=&#8221;tag:h3|text_align:justify&#8221; use_theme_fonts=&#8221;yes&#8221; css=&#8221;.vc_custom_1698764765208{margin-top: -10px !important;}&#8221;][vc_column_text]La durata di un&#8217;esperienza Erasmus Plus dipende dal progetto scelto. Pu\u00f2 durare da pochi giorni fino a diversi mesi.<\/p>\n<p>Non esiste una durata obbligatoria, tuttavia, a seconda del paese scelto, potrebbe essere opportuno restare diverse settimane durante l&#8217;anno scolastico. La nostra agenzia Espamob pu\u00f2 aiutarti a definire la giusta durata del tuo soggiorno di mobilit\u00e0 Erasmus Plus.[\/vc_column_text][\/vc_column_inner][vc_column_inner width=&#8221;1\/3&#8243;][vc_single_image image=&#8221;15074&#8243; img_size=&#8221;full&#8221;][\/vc_column_inner][\/vc_row_inner][\/vc_column][\/vc_row][vc_row full_width=&#8221;stretch_row&#8221; wrap_container=&#8221;yes&#8221; is_section=&#8221;yes&#8221; css=&#8221;.vc_custom_1684857374728{margin-bottom: -10px !important;}&#8221;][vc_column][vc_custom_heading text=&#8221;Ascolta le opinioni dei partecipanti!&#8221; font_container=&#8221;tag:h2|text_align:center&#8221; use_theme_fonts=&#8221;yes&#8221;][vc_separator][vc_row_inner][vc_column_inner width=&#8221;1\/2&#8243;][vc_video link=&#8221;https:\/\/youtu.be\/e-gNzNoV1GY?si=Sd0Hr4LhQfKMWkzX&#8221;][\/vc_column_inner][vc_column_inner width=&#8221;1\/2&#8243;][vc_custom_heading text=&#8221;I nostri settori di tirocinio Erasmus+&#8221; font_container=&#8221;tag:h3|text_align:center&#8221; use_theme_fonts=&#8221;yes&#8221;][vc_column_text]<\/p>\n<p style=\"text-align: justify;\">Espamob\u2019 offre stage in aziende di formazione professionale situate in Spagna. Selezioniamo noi stessi le aziende ospitanti, al fine di garantire una perfetta corrispondenza tra l\u2019azienda e il candidato apprendista. Scoprite alcune delle nostre aree di stage!<\/p>\n<p>[\/vc_column_text][vc_empty_space][vc_empty_space][vc_btn title=&#8221;Scoprire di pi\u00f9&#8221; style=&#8221;custom&#8221; custom_background=&#8221;#e20000&#8243; custom_text=&#8221;#ffffff&#8221; align=&#8221;center&#8221; link=&#8221;url:https%3A%2F%2Fwww.youtube.com%2Fchannel%2FUCYbzctjjUIpDPx1KyWQtzKA|title:Espamob%20youtube|target:_blank&#8221; css=&#8221;.vc_custom_1699368710512{margin-top: -5px !important;}&#8221;][\/vc_column_inner][\/vc_row_inner][vc_separator css=&#8221;.vc_custom_1682525908504{margin-top: 30px !important;margin-bottom: 15px !important;}&#8221;][vc_column_text]<\/p>\n<div align=\"center\"><video style=\"width: 100%; height: 300px;\" autoplay=\"autoplay\" loop=\"loop\" muted=\"\" controls=\"controls\" width=\"300\" height=\"150\"><br \/><source src=\"https:\/\/espamob.com\/wp-content\/uploads\/2016\/12\/entradilla_espamob.mp4\" type=\"video\/mp4\" \/><br \/><\/video><\/div>\n<p>&nbsp;<\/p>\n<p>[\/vc_column_text][\/vc_column][\/vc_row]<\/p>\n<\/div>","protected":false},"excerpt":{"rendered":"<p>[vc_row css=&#8221;.vc_custom_1699201265688{margin-top: -20px !important;background-image: url(https:\/\/espamob.com\/wp-content\/uploads\/2023\/11\/Mobilita-del-personale-docente-della-formazione-professionale-con-Erasmus-Plus.jpg?id=19652) !important;background-position: center !important;background-repeat: no-repeat !important;background-size: cover !important;}&#8221; conditional_render=&#8221;%5B%7B%22value_role%22%3A%22administrator%22%7D%5D&#8221;][vc_column][vc_empty_space height=&#8221;240&#8243;][vc_custom_heading text=&#8221;Mobilit\u00e0 del personale docente della formazione professionale con Erasmus Plus&#8221; font_container=&#8221;tag:h1|font_size:27|text_align:center|color:%23ffffff&#8221; use_theme_fonts=&#8221;yes&#8221; css=&#8221;.vc_custom_1698764246589{margin-bottom: 15px !important;background-color: rgba(136,136,136,0.29) !important;*background-color: rgb(136,136,136) !important;}&#8221;][vc_empty_space height=&#8221;60&#8243;][\/vc_column][\/vc_row][vc_row wrap_container=&#8221;yes&#8221; text_align=&#8221;justify&#8221;][vc_column text_align=&#8221;justify&#8221;][vc_empty_space height=&#8221;50&#8243;][vc_custom_heading text=&#8221;Mobilit\u00e0 degli insegnanti con Erasmus Plus&#8221; use_theme_fonts=&#8221;yes&#8221; css=&#8221;.vc_custom_1698764254556{margin-top: 20px !important;}&#8221;][vc_custom_heading text=&#8221;Cosa sono le mobilit\u00e0 Erasmus+ per gli<\/p>\n","protected":false},"author":1,"featured_media":16312,"parent":0,"menu_order":0,"comment_status":"closed","ping_status":"closed","template":"","meta":{"footnotes":""},"class_list":["post-19011","page","type-page","status-publish","has-post-thumbnail","hentry"],"_links":{"self":[{"href":"https:\/\/espamob.com\/it\/wp-json\/wp\/v2\/pages\/19011","targetHints":{"allow":["GET"]}}],"collection":[{"href":"https:\/\/espamob.com\/it\/wp-json\/wp\/v2\/pages"}],"about":[{"href":"https:\/\/espamob.com\/it\/wp-json\/wp\/v2\/types\/page"}],"author":[{"embeddable":true,"href":"https:\/\/espamob.com\/it\/wp-json\/wp\/v2\/users\/1"}],"replies":[{"embeddable":true,"href":"https:\/\/espamob.com\/it\/wp-json\/wp\/v2\/comments?post=19011"}],"version-history":[{"count":0,"href":"https:\/\/espamob.com\/it\/wp-json\/wp\/v2\/pages\/19011\/revisions"}],"wp:featuredmedia":[{"embeddable":true,"href":"https:\/\/espamob.com\/it\/wp-json\/wp\/v2\/media\/16312"}],"wp:attachment":[{"href":"https:\/\/espamob.com\/it\/wp-json\/wp\/v2\/media?parent=19011"}],"curies":[{"name":"wp","href":"https:\/\/api.w.org\/{rel}","templated":true}]}}