{"id":19000,"date":"2023-05-15T15:50:31","date_gmt":"2023-05-15T15:50:31","guid":{"rendered":"https:\/\/www.espamob.com\/stage-erasmus-plus-etudiants-et-apprentis\/"},"modified":"2023-11-07T11:57:12","modified_gmt":"2023-11-07T11:57:12","slug":"stage-erasmus-plus-studenti-e-apprendisti","status":"publish","type":"page","link":"https:\/\/espamob.com\/it\/stage-erasmus-plus-studenti-e-apprendisti\/","title":{"rendered":"Stage Erasmus Plus: studenti e apprendisti"},"content":{"rendered":"<div class=\"wpb-content-wrapper\"><p>[vc_row css=&#8221;.vc_custom_1699201228266{margin-top: -20px !important;background-image: url(https:\/\/espamob.com\/wp-content\/uploads\/2023\/11\/Stage-Erasmus-Plus-studenti-e-apprendisti.jpg?id=19645) !important;background-position: 0 0 !important;background-repeat: no-repeat !important;}&#8221; conditional_render=&#8221;%5B%7B%22value_role%22%3A%22administrator%22%7D%5D&#8221;][vc_column][vc_empty_space height=&#8221;220&#8243;][vc_custom_heading text=&#8221;Stage Erasmus Plus: studenti e apprendisti&#8221; font_container=&#8221;tag:h1|font_size:27|text_align:center|color:%23ffffff&#8221; use_theme_fonts=&#8221;yes&#8221; css=&#8221;.vc_custom_1698765033656{margin-bottom: 15px !important;background-color: rgba(136,136,136,0.3) !important;*background-color: rgb(136,136,136) !important;}&#8221;][vc_empty_space height=&#8221;20&#8243;][\/vc_column][\/vc_row][vc_row wrap_container=&#8221;yes&#8221; text_align=&#8221;justify&#8221;][vc_column text_align=&#8221;justify&#8221;][vc_empty_space height=&#8221;50&#8243;][vc_custom_heading text=&#8221;Stage per apprendisti e studenti: realizza il tuo progetto Erasmus Plus con Espamob!&#8221; use_theme_fonts=&#8221;yes&#8221; css=&#8221;.vc_custom_1698765045175{margin-top: 20px !important;}&#8221;][vc_separator][vc_row_inner][vc_column_inner width=&#8221;7\/12&#8243;][vc_column_text]Hai ottenuto una borsa di studio e vorresti organizzare uno stage Erasmus Plus per un gruppo di apprendisti o studenti? Fare uno stage Erasmus Plus all&#8217;estero \u00e8 un&#8217;incredibile opportunit\u00e0 per arricchire le tue esperienze e scoprire nuovi paesi. Noi di Espamob siamo qui per supportarti in ogni fase del percorso.<\/p>\n<p>Dalla definizione e fattibilit\u00e0 del progetto al monitoraggio della mobilit\u00e0 in loco, il nostro team si prende cura dell&#8217;organizzazione completa del tuo programma.<\/p>\n<p>Per portare a termine con successo il tuo progetto, Espamob si occupa di:<\/p>\n<ol>\n<li>Collocamento in azienda<\/li>\n<li>Calcolo del finanziamento e dell&#8217;assicurazione (assicurazione Erasmus + e assicurazione della scuola)<\/li>\n<li>Gestione della logistica compreso alloggio e trasporto in loco<\/li>\n<li>tutte le procedure amministrative necessarie in Spagna<\/li>\n<\/ol>\n<p style=\"text-align: justify;\">Il nostro obiettivo \u00e8 offrirti un&#8217;esperienza su misura, privilegiando una rete di aziende accuratamente selezionate.<\/p>\n<p>[\/vc_column_text][\/vc_column_inner][vc_column_inner width=&#8221;1\/12&#8243;][\/vc_column_inner][vc_column_inner width=&#8221;4\/12&#8243;][vc_single_image image=&#8221;17123&#8243; img_size=&#8221;400*200&#8243; alignment=&#8221;right&#8221; style=&#8221;vc_box_rounded&#8221;][vc_btn title=&#8221;Saperne di pi\u00f9&#8221; style=&#8221;custom&#8221; custom_background=&#8221;#e20000&#8243; custom_text=&#8221;#ffffff&#8221; align=&#8221;center&#8221; link=&#8221;url:https%3A%2F%2Fespamob.com%2Fit%2Fcontacto-con-nuestro-equipo-de-movilidad|title:Contacto|target:_blank&#8221;][\/vc_column_inner][\/vc_row_inner][vc_custom_heading text=&#8221;Studenti e apprendisti Erasmus Plus&#8221; font_container=&#8221;tag:h3|text_align:left&#8221; use_theme_fonts=&#8221;yes&#8221; css=&#8221;.vc_custom_1698765121636{margin-top: 20px !important;}&#8221;][vc_row_inner][vc_column_inner width=&#8221;4\/12&#8243;][vc_single_image image=&#8221;17129&#8243; img_size=&#8221;400*200&#8243; style=&#8221;vc_box_rounded&#8221;][vc_btn title=&#8221;Scoprire i servizzi&#8221; style=&#8221;custom&#8221; custom_background=&#8221;#e20000&#8243; custom_text=&#8221;#ffffff&#8221; align=&#8221;center&#8221; link=&#8221;url:https%3A%2F%2Fespamob.com%2Fit%2Ffasi-della-mobilita-erasmus%2F|title:fasi%20della%20mobilit%C3%A0|target:_blank&#8221;][\/vc_column_inner][vc_column_inner width=&#8221;1\/12&#8243;][\/vc_column_inner][vc_column_inner width=&#8221;7\/12&#8243;][vc_column_text]Ad <strong>Espamob <\/strong>siamo qui per guidarti nell&#8217;ambito del tuo progetto Erasmus Plus per offrire un&#8217;esperienza arricchente agli studenti o apprendisti della tua struttura.<\/p>\n<p>Comprendiamo le sfide e le domande che devi affrontare e siamo qui per aiutarti a rispondere. Grazie alla nostra competenza e al nostro impegno, siamo in grado di creare un programma su misura che soddisfer\u00e0 le vostre esigenze specifiche.<\/p>\n<p>Il nostro obiettivo \u00e8 offrirti un supporto completo e personalizzato durante tutto il tuo tirocinio Erasmus Plus.<\/p>\n<p>Lavoriamo a stretto contatto con te per identificare i tuoi obiettivi e preferenze e facciamo tutto il possibile per fornirti le migliori opzioni di stage.<\/p>\n<p>Che si tratti di migliorare le competenze professionali dei tuoi studenti e apprendisti o di esplorare nuovi campi o scoprire nuove culture, la nostra agenzia \u00e8 l\u00ec per aiutarti a raggiungere la tua mobilit\u00e0.<\/p>\n<p>Con Espamob beneficerai di un supporto costante, sia per la ricerca di stage, l&#8217;organizzazione logistica, l&#8217;alloggio o qualsiasi altro aspetto della tua mobilit\u00e0. Saremo presenti in ogni fase del percorso, assicurandoci che tu ti senta supportato e offrendoti preziosi consigli e risorse.<\/p>\n<p>Affidati al nostro team di professionisti per organizzare la tua mobilit\u00e0 di stage Erasmus Plus e vivere un&#8217;esperienza arricchente e memorabile. Contattaci oggi e lasciati accompagnare in questa emozionante avventura!<\/p>\n<p><span style=\"font-weight: 400;\">Faites confiance \u00e0 notre \u00e9quipe de professionnels pour mettre en place votre mobilit\u00e9 de stage Erasmus Plus et vivez une exp\u00e9rience enrichissante et m\u00e9morable. Contactez-nous d\u00e8s aujourd&#8217;hui et laissez-nous vous accompagner dans cette aventure passionnante !<\/span>[\/vc_column_text][\/vc_column_inner][\/vc_row_inner][vc_empty_space][vc_custom_heading text=&#8221;9 domande essenziali per prepararti alla mobilit\u00e0&#8221; font_container=&#8221;tag:h3|text_align:left&#8221; use_theme_fonts=&#8221;yes&#8221; css=&#8221;.vc_custom_1698765197816{margin-top: 20px !important;}&#8221;][vc_row_inner][vc_column_inner width=&#8221;7\/12&#8243;][vc_column_text]Nell&#8217;ambito del nostro supporto per il tuo progetto di mobilit\u00e0, comprendiamo l&#8217;importanza di aiutarti a prepararti adeguatamente per la tua esperienza.<\/p>\n<p>Ecco un elenco delle domande essenziali da tenere in considerazione prima di svolgere un programma <a href=\"https:\/\/erasmus-plus.ec.europa.eu\/it\" target=\"_blank\" rel=\"noopener\">Erasmus +<\/a> :<\/p>\n<ol>\n<li>Qual \u00e8 la formazione, il settore degli studenti e degli apprendisti?<\/li>\n<li>Quanti anni hanno?<\/li>\n<li>Quando vuoi svolgere il tirocinio Erasmus Plus?<\/li>\n<li>Qual \u00e8 la durata prevista del tuo progetto?<\/li>\n<li>Quanti accompagnatori saranno presenti per supervisionare il gruppo?<\/li>\n<li>Desideri beneficiare di un servizio di trasferimento aeroportuale andata e ritorno?<\/li>\n<li>Hai bisogno di supporto per il trasporto pubblico?<\/li>\n<li>Ti piacerebbe partecipare ad attivit\u00e0 culturali specifiche?<\/li>\n<li>Che tipo di alloggio preferisci?<\/li>\n<\/ol>\n<p><strong>Espamob<\/strong>\u2019 ti invita anche a scoprire nel dettaglio le <a href=\"https:\/\/espamob.com\/it\/fasi-della-mobilita-erasmus\">f<u>asi della mobilit\u00e0 Erasmus Plus.<\/u><\/a>[\/vc_column_text][\/vc_column_inner][vc_column_inner width=&#8221;1\/12&#8243;][\/vc_column_inner][vc_column_inner width=&#8221;4\/12&#8243;][vc_images_carousel images=&#8221;7658,7614,7602,7598,7610,7618,7670,12266,12074,11991&#8243; img_size=&#8221;400*400&#8243; onclick=&#8221;custom_link&#8221; custom_links_target=&#8221;_blank&#8221; speed=&#8221;1000&#8243; slides_per_view=&#8221;2&#8243; autoplay=&#8221;yes&#8221; wrap=&#8221;yes&#8221; custom_links=&#8221;#E-8_aHR0cHMlM0ElMkYlMkZ3d3cuZXNwYW1vYi5jb20lMkZmciUyRnNlY3RldXItc3RhZ2UtZW50cmVwcmlzZS1lcmFzbXVzcGx1cyUyRg==&#8221;][vc_btn title=&#8221;Scoprire i settori di tirocinio !&#8221; style=&#8221;custom&#8221; custom_background=&#8221;#e20000&#8243; custom_text=&#8221;#ffffff&#8221; align=&#8221;center&#8221; link=&#8221;url:https%3A%2F%2Fespamob.com%2Fit%2Fsettori-stage-aziende-erasmusplus|title:Scoprire%20i%20settori%20di%20tirocinio%20!|target:_blank&#8221;][\/vc_column_inner][\/vc_row_inner][\/vc_column][\/vc_row][vc_row full_width=&#8221;stretch_row&#8221; wrap_container=&#8221;yes&#8221; is_section=&#8221;yes&#8221; css=&#8221;.vc_custom_1688548809334{margin-top: 20px !important;border-top-width: 0px !important;background-color: #f8f392 !important;}&#8221; conditional_render=&#8221;%5B%7B%22value_role%22%3A%22administrator%22%7D%5D&#8221;][vc_column][vc_row_inner css=&#8221;.vc_custom_1688548648248{background-color: #f8f392 !important;}&#8221;][vc_column_inner][vc_custom_heading text=&#8221;Richiedi un preventivo gratuito&#8221; font_container=&#8221;tag:h2|text_align:center&#8221; use_theme_fonts=&#8221;yes&#8221;][vc_column_text]Hai un&#8217;idea per un progetto Erasmus+ in Spagna e cerchi un partner fidato che ti supporti? Espamob\u2019 \u00e8 qui per aiutarti! Ti offriamo un preventivo gratuito e senza impegno per aiutarti a gestire il tuo progetto di mobilit\u00e0. Grazie alla nostra competenza e alla nostra rete di aziende partner, siamo in grado di offrirvi un supporto personalizzato per soddisfare le vostre specifiche esigenze. Contattaci ora per discutere del tuo progetto e ottenere il tuo preventivo gratuito.[\/vc_column_text]<div id=\"modal-trg-txt-wrap-3021\" class=\"ult-modal-input-wrapper ult-adjust-bottom-margin    \" data-keypress-control=\"keypress-control-enable\" data-overlay-control=\"overlay-control-enable\"><style>\n\t\t\t\t\t.btn-modal.btn-id-69e80eb57a6d86-38560156:hover {\n\t\t\t\t\t\tbackground-color: #e20000 !important;\n\t\t\t\t\t}\n\t\t\t\t\t<\/style><button  data-ultimate-target='#modal-trg-txt-wrap-3021 .btn-modal'  data-responsive-json-new='{\"font-size\":\"\",\"line-height\":\"\"}'  style=\"background:#888888;border-color:#888888;color:#ffffff; \" data-class-id=\"content-69e80eb57a6d86-38560156\" class=\"btn-modal ult-responsive btn-primary btn-modal-md overlay-show ult-align-center btn-id-69e80eb57a6d86-38560156\" data-overlay-class=\"overlay-cornerbottomleft\">RICHIEDI PREVENTIVO GRATUITO<\/button><\/div>\n<div class=\"ult-overlay content-69e80eb57a6d86-38560156 \" data-class=\"content-69e80eb57a6d86-38560156\" id=\"button-click-overlay\" style=\"background:rgba(51,51,51,0.8); display:none;\">\n\t<div class=\"ult_modal ult-fade ult-medium\">\n\t\t<div id=\"ult-modal-wrap-4055\" class=\"ult_modal-content ult-hide\" style=\"border-style:solid;border-width:2px;border-radius:0px;border-color:#333333;\">\n\t\t\t<div class=\"ult_modal-header\" style=\"color:#333333;border-color:#333333;\">\n\t\t\t\t<h3  data-ultimate-target='#ult-modal-wrap-4055 .ult_modal-title'  data-responsive-json-new='{\"font-size\":\"\",\"line-height\":\"\"}'  class=\"ult_modal-title ult-responsive\">RICHIEDI PREVENTIVO GRATUITO<\/h3>\n\t\t\t<\/div>\n\t\t\t<div  data-ultimate-target='#ult-modal-wrap-4055 .ult_modal-body'  data-responsive-json-new='{\"font-size\":\"\",\"line-height\":\"\"}'  class=\"ult_modal-body ult-responsive ult-html\" style=\"\">\n\t\t\t<\/p>\n<p>[caldera_form id=&#8221;CF61499d9470acd&#8221;]<\/p>\n<p>\n\t\t\t<\/div>\n\t<\/div>\n\t<\/div>\n\t<div class=\"ult-overlay-close top-right\" style=\"width:80px;height:80px; \"><div class=\"ult-overlay-close-inside\">Close<\/div><\/div>\n<\/div>[\/vc_column_inner][\/vc_row_inner][\/vc_column][\/vc_row][vc_row full_width=&#8221;stretch_row&#8221; wrap_container=&#8221;yes&#8221; is_section=&#8221;yes&#8221; css=&#8221;.vc_custom_1688548008128{margin-top: 0px !important;}&#8221; conditional_render=&#8221;%5B%7B%22value_role%22%3A%22administrator%22%7D%5D&#8221;][vc_column][vc_row_inner][vc_column_inner width=&#8221;1\/2&#8243;][vc_column_text]<a href=\"https:\/\/erasmus-plus.ec.europa.eu\/it\/programme-guide\/part-b\/key-action-2\" target=\"_blank\" rel=\"noopener\">PROGRAMMA ERASMUS+ KA2<\/a>[\/vc_column_text][vc_custom_heading text=&#8221;MOBILIT\u00c0 DI PROFESSORI&#8221; font_container=&#8221;tag:h2|text_align:center&#8221; use_theme_fonts=&#8221;yes&#8221;][vc_column_text]Sei un <strong>corpo docente<\/strong> e vorresti acquisire nuove competenze e conoscenze? La mobilit\u00e0 Erasmus plus \u00e8 fatta per te! Con <strong>espamob\u2019<\/strong>, organizza il tuo soggiorno in Spagna e beneficia di un\u2019esperienza unica di apprendimento di metodi e strumenti innovativi. Unisciti ora alla community di docenti che hanno scelto Erasmus Plus per il loro sviluppo professionale.[\/vc_column_text][vc_btn title=&#8221;SAPERNE DI PI\u00d9&#8221; style=&#8221;custom&#8221; custom_background=&#8221;#e20000&#8243; custom_text=&#8221;#ffffff&#8221; align=&#8221;center&#8221; link=&#8221;url:https%3A%2F%2Fespamob.com%2Fit%2Fmobilita-degli-insegnanti-con-erasmus-plus|title:Mobilit%C3%A0%20dei%20docenti&#8221;][\/vc_column_inner][vc_column_inner width=&#8221;1\/2&#8243;][vc_single_image image=&#8221;19429&#8243; img_size=&#8221;full&#8221; style=&#8221;vc_box_rounded&#8221; animation_type=&#8221;zoomIn&#8221;][\/vc_column_inner][\/vc_row_inner][\/vc_column][\/vc_row][vc_row wrap_container=&#8221;yes&#8221;][vc_column][vc_empty_space height=&#8221;60&#8243;][vc_custom_heading text=&#8221;Domande frequenti sulla mobilit\u00e0 Erasmus+&#8221; font_container=&#8221;tag:h2|text_align:center|color:%23000000&#8243; use_theme_fonts=&#8221;yes&#8221;][vc_separator][vc_row_inner][vc_column_inner width=&#8221;2\/3&#8243;][vc_custom_heading text=&#8221;Cos&#8217;\u00e8 il programma Erasmus + e come sostiene i tirocini nei Paesi europei?&#8221; font_container=&#8221;tag:h3|text_align:left&#8221; use_theme_fonts=&#8221;yes&#8221;][vc_column_text]Il programma Erasmus+ \u00e8 un&#8217;iniziativa dell&#8217;Unione europea che sostiene l&#8217;istruzione, la formazione, la giovent\u00f9 e lo sport in Europa.<\/p>\n<p>Offre a studenti, tirocinanti, personale educativo e altri soggetti l&#8217;opportunit\u00e0 di fare esperienza all&#8217;estero, in particolare attraverso tirocini in vari Paesi europei.<\/p>\n<p>In Francia Erasmus+ sostiene una serie di progetti in diversi settori. Tra questi figurano scambi di giovani, partenariati strategici tra organizzazioni, tirocini per studenti e giovani lavoratori e molto altro ancora.[\/vc_column_text][vc_custom_heading text=&#8221;Quali criteri devono soddisfare gli studenti che vogliono partecipare a un programma di mobilit\u00e0 Erasmus+?&#8221; font_container=&#8221;tag:h3|text_align:left&#8221; use_theme_fonts=&#8221;yes&#8221;][vc_column_text]<\/p>\n<p style=\"text-align: justify;\">Per poter partecipare a un tirocinio Erasmus+ all&#8217;estero, \u00e8 necessario essere iscritti a un istituto di istruzione e studiare per ottenere una qualifica riconosciuta di insegnante.<\/p>\n<p>[\/vc_column_text][vc_custom_heading text=&#8221;Come posso pianificare un tirocinio Erasmus plus per studenti\/apprendisti con Espamob?&#8221; font_container=&#8221;tag:h3|text_align:left&#8221; use_theme_fonts=&#8221;yes&#8221; css=&#8221;.vc_custom_1698765573119{margin-top: -20px !important;}&#8221;][vc_column_text]Per organizzare un programma di mobilit\u00e0 Erasmus+ per gruppi di studenti o apprendisti con Espamob, non dovete fare altro che contattarci per ottenere un preventivo personalizzato in base alle vostre esigenze specifiche.<\/p>\n<p>Insieme stabiliremo la durata, le date, il finanziamento e la struttura del progetto. Vi aiuteremo anche a definire l&#8217;importo della borsa di studio Erasmus + per studente, che dipende da diversi fattori (la durata del tirocinio, il costo della vita nel Paese ospitante e le spese di viaggio).[\/vc_column_text][vc_custom_heading text=&#8221;Quali sono i vantaggi di scegliere la mobilit\u00e0 Erasmus+ in Spagna con Espamob?&#8221; font_container=&#8221;tag:h3|text_align:left&#8221; use_theme_fonts=&#8221;yes&#8221; css=&#8221;.vc_custom_1698765607431{margin-top: -10px !important;}&#8221;][vc_column_text]Scegliere di partecipare a un programma di mobilit\u00e0 Erasmus+ in Spagna offre un&#8217;esperienza arricchente all&#8217;estero, che favorisce lo sviluppo delle competenze professionali e personali dei partecipanti.<\/p>\n<p>Il programma Erasmus+ promuove l&#8217;occupazione fornendo una preziosa esperienza lavorativa in un contesto europeo. I tirocini consentono ai partecipanti di acquisire competenze specifiche, migliorare la lingua straniera e comprendere la cultura del Paese ospitante. Tutte queste competenze sono molto apprezzate dai datori di lavoro.<\/p>\n<p style=\"text-align: justify;\"><span style=\"font-weight: 400;\">De plus, l&#8217;Espagne est un choix privil\u00e9gi\u00e9 parmi les pays europ\u00e9ens pour ceux qui aspirent \u00e0 une mobilit\u00e9 professionnelle internationale, en raison de la qualit\u00e9 de vie qu&#8217;elle offre et de l&#8217;excellence de ses entreprises<\/span><\/p>\n<p>[\/vc_column_text][\/vc_column_inner][vc_column_inner width=&#8221;1\/3&#8243;][vc_single_image image=&#8221;15074&#8243; img_size=&#8221;full&#8221;][\/vc_column_inner][\/vc_row_inner][\/vc_column][\/vc_row][vc_row full_width=&#8221;stretch_row&#8221; wrap_container=&#8221;yes&#8221; css=&#8221;.vc_custom_1688548457446{margin-bottom: -11px !important;background-color: #f4f4f4 !important;}&#8221; conditional_render=&#8221;%5B%7B%22value_role%22%3A%22administrator%22%7D%5D&#8221;][vc_column][vc_empty_space height=&#8221;50&#8243;][vc_custom_heading text=&#8221;Ascolta le opinioni dei partecipanti!&#8221; font_container=&#8221;tag:h2|text_align:center&#8221; use_theme_fonts=&#8221;yes&#8221;][vc_separator color=&#8221;white&#8221; css=&#8221;.vc_custom_1659374596508{margin-top: -10px !important;}&#8221;][vc_empty_space height=&#8221;60&#8243;]<div class=\"mgl_tubelab mgl_tubelab_container mgl_tubelab_template_default\" data-mgl-tubelab-parameters=\"type=playlist&value=PLLGrER9ieWtBvtd3jbaFSHCKHYMIeoItQ&user=&channel_id=&count=4&cols=4&mode=lightbox&template=default&display=title&pagination=true&size=medium&video_id=&playlists=all&mini=0\">\n\t<div class=\"mgl_tubelab mgl_tubelab_content mgl_tubelab_content-cols4\">\n\t<\/div>\n\t\t\t<div class=\"mgl_tubelab_pagination\">\n\t\t\t<div class=\"mgl_tubelab_pagination_item mgl_tubelab_pagination_item_prev\">\n\t\t\t\t<a href=\"#\" class=\"mgl_tubelab_pagination_prev\">Previous page<\/a>\n\t\t\t<\/div>\n\t\t\t<div class=\"mgl_tubelab_pagination_item mgl_tubelab_pagination_item_next\">\n\t\t\t\t<a href=\"#\" class=\"mgl_tubelab_pagination_next\">Next page<\/a>\n\t\t\t<\/div>\n\t\t<\/div>\n\t<\/div>[vc_empty_space][\/vc_column][\/vc_row]<\/p>\n<\/div>","protected":false},"excerpt":{"rendered":"<p>[vc_row css=&#8221;.vc_custom_1699201228266{margin-top: -20px !important;background-image: url(https:\/\/espamob.com\/wp-content\/uploads\/2023\/11\/Stage-Erasmus-Plus-studenti-e-apprendisti.jpg?id=19645) !important;background-position: 0 0 !important;background-repeat: no-repeat !important;}&#8221; conditional_render=&#8221;%5B%7B%22value_role%22%3A%22administrator%22%7D%5D&#8221;][vc_column][vc_empty_space height=&#8221;220&#8243;][vc_custom_heading text=&#8221;Stage Erasmus Plus: studenti e apprendisti&#8221; font_container=&#8221;tag:h1|font_size:27|text_align:center|color:%23ffffff&#8221; use_theme_fonts=&#8221;yes&#8221; css=&#8221;.vc_custom_1698765033656{margin-bottom: 15px !important;background-color: rgba(136,136,136,0.3) !important;*background-color: rgb(136,136,136) !important;}&#8221;][vc_empty_space height=&#8221;20&#8243;][\/vc_column][\/vc_row][vc_row wrap_container=&#8221;yes&#8221; text_align=&#8221;justify&#8221;][vc_column text_align=&#8221;justify&#8221;][vc_empty_space height=&#8221;50&#8243;][vc_custom_heading text=&#8221;Stage per apprendisti e studenti: realizza il tuo progetto Erasmus Plus con Espamob!&#8221; use_theme_fonts=&#8221;yes&#8221; css=&#8221;.vc_custom_1698765045175{margin-top: 20px !important;}&#8221;][vc_separator][vc_row_inner][vc_column_inner width=&#8221;7\/12&#8243;][vc_column_text]Hai ottenuto una borsa di<\/p>\n","protected":false},"author":2,"featured_media":16440,"parent":0,"menu_order":0,"comment_status":"closed","ping_status":"closed","template":"","meta":{"footnotes":""},"class_list":["post-19000","page","type-page","status-publish","has-post-thumbnail","hentry"],"_links":{"self":[{"href":"https:\/\/espamob.com\/it\/wp-json\/wp\/v2\/pages\/19000","targetHints":{"allow":["GET"]}}],"collection":[{"href":"https:\/\/espamob.com\/it\/wp-json\/wp\/v2\/pages"}],"about":[{"href":"https:\/\/espamob.com\/it\/wp-json\/wp\/v2\/types\/page"}],"author":[{"embeddable":true,"href":"https:\/\/espamob.com\/it\/wp-json\/wp\/v2\/users\/2"}],"replies":[{"embeddable":true,"href":"https:\/\/espamob.com\/it\/wp-json\/wp\/v2\/comments?post=19000"}],"version-history":[{"count":0,"href":"https:\/\/espamob.com\/it\/wp-json\/wp\/v2\/pages\/19000\/revisions"}],"wp:featuredmedia":[{"embeddable":true,"href":"https:\/\/espamob.com\/it\/wp-json\/wp\/v2\/media\/16440"}],"wp:attachment":[{"href":"https:\/\/espamob.com\/it\/wp-json\/wp\/v2\/media?parent=19000"}],"curies":[{"name":"wp","href":"https:\/\/api.w.org\/{rel}","templated":true}]}}