{"id":14585,"date":"2022-07-25T18:13:45","date_gmt":"2022-07-25T18:13:45","guid":{"rendered":"https:\/\/www.espamob.com\/mobility-tool\/"},"modified":"2023-06-16T06:00:04","modified_gmt":"2023-06-16T06:00:04","slug":"mobility-tool","status":"publish","type":"page","link":"https:\/\/espamob.com\/it\/mobility-tool\/","title":{"rendered":"IT &#8211; Mobility Tool"},"content":{"rendered":"<div class=\"wpb-content-wrapper\"><p>[vc_row full_width=&#8221;stretch_row&#8221; wrap_container=&#8221;yes&#8221; is_section=&#8221;yes&#8221; section_skin=&#8221;parallax&#8221; remove_margin_top=&#8221;yes&#8221; remove_margin_bottom=&#8221;yes&#8221; remove_padding_bottom=&#8221;yes&#8221; el_id=&#8221;informacion&#8221; css=&#8221;.vc_custom_1658424984078{margin-top: -20px !important;margin-bottom: -35px !important;background-color: #f4f4f4 !important;}&#8221;][vc_column][vc_custom_heading text=&#8221;La piattaforma Mobility Tool&#8221; font_container=&#8221;tag:h1|text_align:center&#8221; use_theme_fonts=&#8221;yes&#8221; animation_type=&#8221;&#8221;][vc_row_inner][vc_column_inner width=&#8221;1\/2&#8243;][vc_custom_heading text=&#8221;Mobility Tool c\u2019est quoi ?&#8221; font_container=&#8221;tag:h2|font_size:18|text_align:left&#8221; use_theme_fonts=&#8221;yes&#8221;][vc_column_text css=&#8221;.vc_custom_1658943600271{margin-top: -10px !important;}&#8221;]<\/p>\n<p style=\"text-align: justify;\">Il Mobility Tool \u00e8 una piattaforma Erasmus che \u00e8 stata predisposta per consentire la rendicontazione e la gestione dei vari progetti. Questa piattaforma ti sar\u00e0 utile quando il tuo progetto sar\u00e0 confermato da Erasmus e dalla Commissione Europea per il suo finanziamento e quando anche il tuo contratto sar\u00e0 firmato. Durante la validazione del progetto, riceverai quindi l&#8217;accesso alla piattaforma Mobility Tool per poter perfezionare il tuo progetto. Questa \u00e8 l&#8217;Agenzia Nazionale che ti invia un&#8217;e-mail per confermare il tuo progetto che \u00e8 in linea con le diverse fasi del ciclo di vita del progetto nello strumento di gestione online, come ad esempio per la selezione e la firma della convenzione.<\/p>\n<p style=\"text-align: justify;\">Lo strumento per la mobilit\u00e0 ha molte funzionalit\u00e0. In effetti, \u00e8 possibile aggiornare le informazioni di bilancio se necessario, puoi anche inserire le informazioni relative ai partecipanti al progetto non appena hai le informazioni importanti e puoi finalmente presentare il tuo rapporto finale sulla mobilit\u00e0 e sui partecipanti. Se necessario, puoi modificare o aggiungere sulla piattaforma le informazioni relative al tuo progetto, nel tempo man mano che il tuo progetto si concretizza, ma questo prima di validare il report finale!<\/p>\n<p>[\/vc_column_text][vc_custom_heading text=&#8221;Come funziona il Mobility Tool?&#8221; font_container=&#8221;tag:h2|font_size:18|text_align:left&#8221; use_theme_fonts=&#8221;yes&#8221; animation_type=&#8221;&#8221;][vc_column_text css=&#8221;.vc_custom_1658943626476{margin-top: -10px !important;}&#8221;]<\/p>\n<p style=\"text-align: justify;\">Dovresti sapere che Mobility Tool gioca un ruolo molto importante nel ciclo di vita di un progetto di mobilit\u00e0 Erasmus. La dematerializzazione online \u00e8 dedicata alla rendicontazione e gestione del tuo progetto di mobilit\u00e0.<\/p>\n<p style=\"text-align: justify;\">Devi sapere che per presentare una domanda per un progetto di mobilit\u00e0 Erasmus ci sono diverse fasi, ovvero:<\/p>\n<ul style=\"text-align: justify;\">\n<li style=\"font-weight: 400;\" aria-level=\"1\">presentazione della domanda<\/li>\n<li style=\"font-weight: 400;\" aria-level=\"1\">il processo di selezione, ammissibilit\u00e0 e valutazione, decisione<\/li>\n<li style=\"font-weight: 400;\" aria-level=\"1\">contrattare<\/li>\n<li style=\"font-weight: 400;\" aria-level=\"1\">l&#8217;inizio dei progetti<\/li>\n<li style=\"font-weight: 400;\" aria-level=\"1\">realizzazione e monitoraggio dei progetti<\/li>\n<li style=\"font-weight: 400;\" aria-level=\"1\">la valutazione finale<\/li>\n<\/ul>\n<p style=\"text-align: justify;\">Sulla piattaforma Mobility Tool, vedrai che ci sono gi\u00e0 alcune informazioni compilate e altre ancora da completare. In fase di finalizzazione della selezione si consiglia di iscrivere i partecipanti, senza dimenticare cognome, nome, email, paese di destinazione e date della mobilit\u00e0.<\/p>\n<p>[\/vc_column_text][\/vc_column_inner][vc_column_inner width=&#8221;1\/2&#8243;][vc_single_image image=&#8221;14512&#8243; img_size=&#8221;400&#215;400&#8243; alignment=&#8221;center&#8221;]<div id=\"modal-trg-txt-wrap-3555\" class=\"ult-modal-input-wrapper ult-adjust-bottom-margin    \" data-keypress-control=\"keypress-control-enable\" data-overlay-control=\"overlay-control-enable\"><button  data-ultimate-target='#modal-trg-txt-wrap-3555 .btn-modal'  data-responsive-json-new='{\"font-size\":\"\",\"line-height\":\"\"}'  style=\"background:#555555;border-color:#555555;color:#ffffff; \" data-class-id=\"content-69e76483d82ee2-99290628\" class=\"btn-modal ult-responsive btn-primary btn-modal-lg overlay-show ult-align-center btn-id-69e76483d82ee2-99290628\" data-overlay-class=\"overlay-cornerbottomleft\">Budget per il progetto<\/button><\/div>\n<div class=\"ult-overlay content-69e76483d82ee2-99290628 \" data-class=\"content-69e76483d82ee2-99290628\" id=\"button-click-overlay\" style=\"background:rgba(51,51,51,0.8); display:none;\">\n\t<div class=\"ult_modal ult-fade ult-medium\">\n\t\t<div id=\"ult-modal-wrap-4480\" class=\"ult_modal-content ult-hide\" style=\"border-style:solid;border-width:2px;border-radius:0px;border-color:#333333;\">\n\t\t\t<div class=\"ult_modal-header\" style=\"color:#333333;border-color:#333333;\">\n\t\t\t\t<div class=\"modal-icon\"><i class=\"Defaults-envelope-o\"><\/i><\/div><h3  data-ultimate-target='#ult-modal-wrap-4480 .ult_modal-title'  data-responsive-json-new='{\"font-size\":\"\",\"line-height\":\"\"}'  class=\"ult_modal-title ult-responsive\">Budget per il progetto<\/h3>\n\t\t\t<\/div>\n\t\t\t<div  data-ultimate-target='#ult-modal-wrap-4480 .ult_modal-body'  data-responsive-json-new='{\"font-size\":\"\",\"line-height\":\"\"}'  class=\"ult_modal-body ult-responsive ult-html\" style=\"\">\n\t\t\t<\/p>\n<p>[caldera_form id=&#8221;CF61499d9470acd&#8221;]<\/p>\n<p>\n\t\t\t<\/div>\n\t<\/div>\n\t<\/div>\n\t<div class=\"ult-overlay-close top-right\" style=\" \"><div class=\"ult-overlay-close-inside\">Close<\/div><\/div>\n<\/div>[\/vc_column_inner][\/vc_row_inner][vc_custom_heading text=&#8221;Domande frequenti sulla piattaforma Penelope&#8221; font_container=&#8221;tag:h2|font_size:20|text_align:center&#8221; use_theme_fonts=&#8221;yes&#8221; animation_type=&#8221;&#8221;][vc_row_inner][vc_column_inner width=&#8221;2\/3&#8243;][vc_custom_heading text=&#8221;A cosa serve lo strumento per la mobilit\u00e0?&#8221; font_container=&#8221;tag:h3|font_size:18|text_align:left&#8221; use_theme_fonts=&#8221;yes&#8221;][vc_column_text css=&#8221;.vc_custom_1658943641598{margin-top: -10px !important;}&#8221;]<\/p>\n<p style=\"text-align: justify;\">Mobility Tool \u00e8 una piattaforma Erasmus Plus che consentir\u00e0 la rendicontazione e la gestione di diversi progetti. Questa piattaforma ti sar\u00e0 utile quando il tuo progetto sar\u00e0 confermato da Erasmus e dalla Commissione Europea per il suo finanziamento.<\/p>\n<p>[\/vc_column_text][vc_custom_heading text=&#8221;Ci sono altre piattaforme Erasmus?&#8221; font_container=&#8221;tag:h3|font_size:18|text_align:left&#8221; use_theme_fonts=&#8221;yes&#8221; animation_type=&#8221;&#8221;][vc_column_text css=&#8221;.vc_custom_1658943661576{margin-top: -10px !important;}&#8221;]<\/p>\n<p style=\"text-align: justify;\">Ci sono molte piattaforme Erasmus plus create oggi, per aiutare il pi\u00f9 possibile a comprendere il concetto e sapere se il tuo progetto di mobilit\u00e0 \u00e8 fattibile, come Penelope o eTwinning per esempio.<\/p>\n<p>[\/vc_column_text][vc_btn title=&#8221;Contattaci&#8221; style=&#8221;flat&#8221; color=&#8221;inverse&#8221; size=&#8221;lg&#8221; align=&#8221;center&#8221; link=&#8221;url:https%3A%2F%2Fespamob.com%2Fit%2Fcontacto-con-nuestro-equipo-de-movilidad%2F|title:Contacto|rel:nofollow&#8221;][\/vc_column_inner][vc_column_inner width=&#8221;1\/3&#8243;][vc_single_image image=&#8221;14469&#8243; img_size=&#8221;300&#215;300&#8243; alignment=&#8221;center&#8221;][\/vc_column_inner][\/vc_row_inner][\/vc_column][\/vc_row]<\/p>\n<\/div>","protected":false},"excerpt":{"rendered":"<p>[vc_row full_width=&#8221;stretch_row&#8221; wrap_container=&#8221;yes&#8221; is_section=&#8221;yes&#8221; section_skin=&#8221;parallax&#8221; remove_margin_top=&#8221;yes&#8221; remove_margin_bottom=&#8221;yes&#8221; remove_padding_bottom=&#8221;yes&#8221; el_id=&#8221;informacion&#8221; css=&#8221;.vc_custom_1658424984078{margin-top: -20px !important;margin-bottom: -35px !important;background-color: #f4f4f4 !important;}&#8221;][vc_column][vc_custom_heading text=&#8221;La piattaforma Mobility Tool&#8221; font_container=&#8221;tag:h1|text_align:center&#8221; use_theme_fonts=&#8221;yes&#8221; animation_type=&#8221;&#8221;][vc_row_inner][vc_column_inner width=&#8221;1\/2&#8243;][vc_custom_heading text=&#8221;Mobility Tool c\u2019est quoi ?&#8221; font_container=&#8221;tag:h2|font_size:18|text_align:left&#8221; use_theme_fonts=&#8221;yes&#8221;][vc_column_text css=&#8221;.vc_custom_1658943600271{margin-top: -10px !important;}&#8221;] Il Mobility Tool \u00e8 una piattaforma Erasmus che \u00e8 stata predisposta per consentire la rendicontazione e la gestione dei vari progetti.<\/p>\n","protected":false},"author":1,"featured_media":9788,"parent":0,"menu_order":0,"comment_status":"closed","ping_status":"closed","template":"","meta":{"footnotes":""},"class_list":["post-14585","page","type-page","status-publish","has-post-thumbnail","hentry"],"_links":{"self":[{"href":"https:\/\/espamob.com\/it\/wp-json\/wp\/v2\/pages\/14585","targetHints":{"allow":["GET"]}}],"collection":[{"href":"https:\/\/espamob.com\/it\/wp-json\/wp\/v2\/pages"}],"about":[{"href":"https:\/\/espamob.com\/it\/wp-json\/wp\/v2\/types\/page"}],"author":[{"embeddable":true,"href":"https:\/\/espamob.com\/it\/wp-json\/wp\/v2\/users\/1"}],"replies":[{"embeddable":true,"href":"https:\/\/espamob.com\/it\/wp-json\/wp\/v2\/comments?post=14585"}],"version-history":[{"count":0,"href":"https:\/\/espamob.com\/it\/wp-json\/wp\/v2\/pages\/14585\/revisions"}],"wp:featuredmedia":[{"embeddable":true,"href":"https:\/\/espamob.com\/it\/wp-json\/wp\/v2\/media\/9788"}],"wp:attachment":[{"href":"https:\/\/espamob.com\/it\/wp-json\/wp\/v2\/media?parent=14585"}],"curies":[{"name":"wp","href":"https:\/\/api.w.org\/{rel}","templated":true}]}}