{"id":14582,"date":"2022-07-25T18:13:42","date_gmt":"2022-07-25T18:13:42","guid":{"rendered":"https:\/\/www.espamob.com\/europass\/"},"modified":"2023-06-16T06:00:03","modified_gmt":"2023-06-16T06:00:03","slug":"europass","status":"publish","type":"page","link":"https:\/\/espamob.com\/it\/europass\/","title":{"rendered":"IT &#8211; EUROPASS"},"content":{"rendered":"<div class=\"wpb-content-wrapper\"><p>[vc_row full_width=&#8221;stretch_row&#8221; wrap_container=&#8221;yes&#8221; is_section=&#8221;yes&#8221; section_skin=&#8221;parallax&#8221; remove_margin_top=&#8221;yes&#8221; remove_margin_bottom=&#8221;yes&#8221; remove_padding_bottom=&#8221;yes&#8221; el_id=&#8221;informacion&#8221; css=&#8221;.vc_custom_1658424984078{margin-top: -20px !important;margin-bottom: -35px !important;background-color: #f4f4f4 !important;}&#8221;][vc_column][vc_custom_heading text=&#8221;La piattaforma Europass&#8221; font_container=&#8221;tag:h1|text_align:center&#8221; use_theme_fonts=&#8221;yes&#8221; animation_type=&#8221;&#8221;][vc_row_inner][vc_column_inner width=&#8221;1\/2&#8243;][vc_custom_heading text=&#8221;Cos&#8217;\u00e8 Europass?&#8221; font_container=&#8221;tag:h2|font_size:18|text_align:left&#8221; use_theme_fonts=&#8221;yes&#8221; animation_type=&#8221;&#8221;][vc_column_text css=&#8221;.vc_custom_1658943688273{margin-top: -10px !important;}&#8221;]<\/p>\n<p style=\"text-align: justify;\"><span style=\"font-weight: 400;\">La piattaforma Europass <\/span><span style=\"font-weight: 400;\">\u00e8 una piattaforma composta da una serie di strumenti online che ti consentono di impostare la tua carriera cos\u00ec come i tuoi progetti europei. Questa piattaforma \u00e8 un&#8217;iniziativa dell&#8217;Unione Europea che pu\u00f2 aiutare i cittadini a presentare le proprie qualifiche e competenze in modo chiaro e soprattutto ai datori di lavoro. Aiuta anche con la mobilit\u00e0 professionale e geografica. La piattaforma \u00e8 gratuita ed \u00e8 fornita dalla Commissione Europea per darti accesso diretto a diverse opportunit\u00e0 professionali, e questo ovunque in Europa.<\/span><\/p>\n<p style=\"text-align: justify;\"><span style=\"font-weight: 400;\">Inoltre, il documento Europass contiene diverse parti, ovvero: le fasi di apprendimento, i luoghi professionali integrati, le qualifiche e le nuove competenze sviluppate. La piattaforma dispone inoltre di CV, certificati scolastici, passaporto delle lingue con i diversi livelli linguistici e diplomi conseguiti con un documento di mobilit\u00e0.<\/span><\/p>\n<p>[\/vc_column_text][vc_custom_heading text=&#8221;Come funziona Europass?&#8221; font_container=&#8221;tag:h2|font_size:18|text_align:left&#8221; use_theme_fonts=&#8221;yes&#8221; animation_type=&#8221;&#8221;][vc_column_text css=&#8221;.vc_custom_1658775131832{margin-top: -10px !important;}&#8221;]<\/p>\n<p style=\"text-align: justify;\"><span style=\"font-weight: 400;\">Europass \u00e8 composto da cinque documenti, il principale \u00e8 il curriculum vitae di Europass, disponibile in 28 lingue e che ti permette di presentare le tue competenze in modo chiaro e logico. Gli altri quattro documenti sulla piattaforma Europass sono il passaporto delle lingue, la mobilit\u00e0 Europass, il supplemento al diploma e il supplemento al certificato.<\/span><\/p>\n<p style=\"text-align: justify;\"><span style=\"font-weight: 400;\">Il documento Europass \u00e8 attualmente supervisionato da due organizzazioni partner, che sono pi\u00f9 in generale l&#8217;agenzia del paese ospitante che se ne occupa e l&#8217;agenzia Erasmus del paese di origine. Per ottenere il documento \u00e8 sufficiente rivolgersi alla segreteria Erasmus Plus generalmente presente nell&#8217;ateneo dello studente, oppure rivolgersi agli organizzatori del progetto di mobilit\u00e0 o al dipartimento internazionale dell&#8217;azienda.<\/span><\/p>\n<p style=\"text-align: justify;\"><span style=\"font-weight: 400;\">Il est \u00e0 noter que l\u2019outil Europass est un v\u00e9ritable atout en faveur des participants au programme Erasmus plus, car il va apporter beaucoup plus de transparence sur le projet de mobilit\u00e9 et va offrir diff\u00e9rentes perspectives d\u2019apprentissage et de travail lors du s\u00e9jour \u00e0 l\u2019\u00e9tranger.<\/span><\/p>\n<p>[\/vc_column_text][\/vc_column_inner][vc_column_inner width=&#8221;1\/2&#8243;][vc_single_image image=&#8221;14551&#8243; img_size=&#8221;350&#215;113&#8243; alignment=&#8221;center&#8221;]<div id=\"modal-trg-txt-wrap-2263\" class=\"ult-modal-input-wrapper ult-adjust-bottom-margin    \" data-keypress-control=\"keypress-control-enable\" data-overlay-control=\"overlay-control-enable\"><button  data-ultimate-target='#modal-trg-txt-wrap-2263 .btn-modal'  data-responsive-json-new='{\"font-size\":\"\",\"line-height\":\"\"}'  style=\"background:#555555;border-color:#555555;color:#ffffff; \" data-class-id=\"content-69e8c573adc5f7-21901817\" class=\"btn-modal ult-responsive btn-primary btn-modal-lg overlay-show ult-align-center btn-id-69e8c573adc5f7-21901817\" data-overlay-class=\"overlay-cornerbottomleft\">Budget per il progetto<\/button><\/div>\n<div class=\"ult-overlay content-69e8c573adc5f7-21901817 \" data-class=\"content-69e8c573adc5f7-21901817\" id=\"button-click-overlay\" style=\"background:rgba(51,51,51,0.8); display:none;\">\n\t<div class=\"ult_modal ult-fade ult-medium\">\n\t\t<div id=\"ult-modal-wrap-2563\" class=\"ult_modal-content ult-hide\" style=\"border-style:solid;border-width:2px;border-radius:0px;border-color:#333333;\">\n\t\t\t<div class=\"ult_modal-header\" style=\"color:#333333;border-color:#333333;\">\n\t\t\t\t<div class=\"modal-icon\"><i class=\"Defaults-envelope-o\"><\/i><\/div><h3  data-ultimate-target='#ult-modal-wrap-2563 .ult_modal-title'  data-responsive-json-new='{\"font-size\":\"\",\"line-height\":\"\"}'  class=\"ult_modal-title ult-responsive\">Budget per il progetto<\/h3>\n\t\t\t<\/div>\n\t\t\t<div  data-ultimate-target='#ult-modal-wrap-2563 .ult_modal-body'  data-responsive-json-new='{\"font-size\":\"\",\"line-height\":\"\"}'  class=\"ult_modal-body ult-responsive ult-html\" style=\"\">\n\t\t\t<\/p>\n<p>[caldera_form id=&#8221;CF61499d9470acd&#8221;]<\/p>\n<p>\n\t\t\t<\/div>\n\t<\/div>\n\t<\/div>\n\t<div class=\"ult-overlay-close top-right\" style=\" \"><div class=\"ult-overlay-close-inside\">Close<\/div><\/div>\n<\/div>[\/vc_column_inner][\/vc_row_inner][vc_custom_heading text=&#8221;Domande frequenti sulla piattaforma Europass&#8221; font_container=&#8221;tag:h2|font_size:20|text_align:center&#8221; use_theme_fonts=&#8221;yes&#8221; animation_type=&#8221;&#8221;][vc_row_inner][vc_column_inner width=&#8221;2\/3&#8243;][vc_custom_heading text=&#8221;A quoi sert la plateforme Europass ?&#8221; font_container=&#8221;tag:h3|font_size:18|text_align:left&#8221; use_theme_fonts=&#8221;yes&#8221;][vc_column_text css=&#8221;.vc_custom_1658943722982{margin-top: -10px !important;}&#8221;]<\/p>\n<p style=\"text-align: justify;\">La piattaforma Europass \u00e8 composta da un insieme di strumenti europei riconosciuti in 35 paesi, che consentono di gestire le carriere per tutta la vita.<\/p>\n<p>[\/vc_column_text][vc_custom_heading text=&#8221;A chi \u00e8 rivolta la piattaforma Europass?&#8221; font_container=&#8221;tag:h3|font_size:18|text_align:left&#8221; use_theme_fonts=&#8221;yes&#8221; animation_type=&#8221;&#8221;][vc_column_text css=&#8221;.vc_custom_1658943727935{margin-top: -10px !important;}&#8221;]<\/p>\n<p style=\"text-align: justify;\">Europass \u00e8 rivolto a persone che desiderano comunicare efficacemente sulle proprie qualifiche e competenze in Francia e in Europa. Vale anche per i datori di lavoro.<\/p>\n<p>[\/vc_column_text][vc_btn title=&#8221;Contattaci&#8221; style=&#8221;flat&#8221; color=&#8221;inverse&#8221; size=&#8221;lg&#8221; align=&#8221;center&#8221; link=&#8221;url:https%3A%2F%2Fespamob.com%2Fit%2Fcontacto-con-nuestro-equipo-de-movilidad%2F|title:Contacto|rel:nofollow&#8221;][\/vc_column_inner][vc_column_inner width=&#8221;1\/3&#8243;][vc_single_image image=&#8221;14469&#8243; img_size=&#8221;300&#215;300&#8243; alignment=&#8221;center&#8221;][\/vc_column_inner][\/vc_row_inner][\/vc_column][\/vc_row]<\/p>\n<\/div>","protected":false},"excerpt":{"rendered":"<p>[vc_row full_width=&#8221;stretch_row&#8221; wrap_container=&#8221;yes&#8221; is_section=&#8221;yes&#8221; section_skin=&#8221;parallax&#8221; remove_margin_top=&#8221;yes&#8221; remove_margin_bottom=&#8221;yes&#8221; remove_padding_bottom=&#8221;yes&#8221; el_id=&#8221;informacion&#8221; css=&#8221;.vc_custom_1658424984078{margin-top: -20px !important;margin-bottom: -35px !important;background-color: #f4f4f4 !important;}&#8221;][vc_column][vc_custom_heading text=&#8221;La piattaforma Europass&#8221; font_container=&#8221;tag:h1|text_align:center&#8221; use_theme_fonts=&#8221;yes&#8221; animation_type=&#8221;&#8221;][vc_row_inner][vc_column_inner width=&#8221;1\/2&#8243;][vc_custom_heading text=&#8221;Cos&#8217;\u00e8 Europass?&#8221; font_container=&#8221;tag:h2|font_size:18|text_align:left&#8221; use_theme_fonts=&#8221;yes&#8221; animation_type=&#8221;&#8221;][vc_column_text css=&#8221;.vc_custom_1658943688273{margin-top: -10px !important;}&#8221;] La piattaforma Europass \u00e8 una piattaforma composta da una serie di strumenti online che ti consentono di impostare la tua carriera cos\u00ec come i<\/p>\n","protected":false},"author":1,"featured_media":14548,"parent":0,"menu_order":0,"comment_status":"closed","ping_status":"closed","template":"","meta":{"footnotes":""},"class_list":["post-14582","page","type-page","status-publish","has-post-thumbnail","hentry"],"_links":{"self":[{"href":"https:\/\/espamob.com\/it\/wp-json\/wp\/v2\/pages\/14582","targetHints":{"allow":["GET"]}}],"collection":[{"href":"https:\/\/espamob.com\/it\/wp-json\/wp\/v2\/pages"}],"about":[{"href":"https:\/\/espamob.com\/it\/wp-json\/wp\/v2\/types\/page"}],"author":[{"embeddable":true,"href":"https:\/\/espamob.com\/it\/wp-json\/wp\/v2\/users\/1"}],"replies":[{"embeddable":true,"href":"https:\/\/espamob.com\/it\/wp-json\/wp\/v2\/comments?post=14582"}],"version-history":[{"count":0,"href":"https:\/\/espamob.com\/it\/wp-json\/wp\/v2\/pages\/14582\/revisions"}],"wp:featuredmedia":[{"embeddable":true,"href":"https:\/\/espamob.com\/it\/wp-json\/wp\/v2\/media\/14548"}],"wp:attachment":[{"href":"https:\/\/espamob.com\/it\/wp-json\/wp\/v2\/media?parent=14582"}],"curies":[{"name":"wp","href":"https:\/\/api.w.org\/{rel}","templated":true}]}}