{"id":14579,"date":"2022-07-25T18:13:44","date_gmt":"2022-07-25T18:13:44","guid":{"rendered":"https:\/\/www.espamob.com\/etwinning\/"},"modified":"2023-06-16T06:00:01","modified_gmt":"2023-06-16T06:00:01","slug":"etwinning","status":"publish","type":"page","link":"https:\/\/espamob.com\/it\/etwinning\/","title":{"rendered":"IT &#8211; ETWINNING"},"content":{"rendered":"<div class=\"wpb-content-wrapper\"><p>[vc_row full_width=&#8221;stretch_row&#8221; wrap_container=&#8221;yes&#8221; is_section=&#8221;yes&#8221; section_skin=&#8221;parallax&#8221; remove_margin_top=&#8221;yes&#8221; remove_margin_bottom=&#8221;yes&#8221; remove_padding_bottom=&#8221;yes&#8221; el_id=&#8221;informacion&#8221; css=&#8221;.vc_custom_1658424984078{margin-top: -20px !important;margin-bottom: -35px !important;background-color: #f4f4f4 !important;}&#8221;][vc_column][vc_custom_heading text=&#8221;La piattaforma eTwinning&#8221; font_container=&#8221;tag:h1|text_align:center&#8221; use_theme_fonts=&#8221;yes&#8221;][vc_row_inner][vc_column_inner width=&#8221;1\/2&#8243;][vc_custom_heading text=&#8221;eTwinning c\u2019est quoi ?&#8221; font_container=&#8221;tag:h2|font_size:18|text_align:left&#8221; use_theme_fonts=&#8221;yes&#8221;][vc_column_text css=&#8221;.vc_custom_1658943819405{margin-top: -10px !important;}&#8221;]<\/p>\n<p style=\"text-align: justify;\">La piattaforma eTwinning \u00e8 una piattaforma cofinanziata da Erasmus Plus e rappresenta la comunit\u00e0 per stabilimenti in Europa. Il suo obiettivo, infatti, \u00e8 quello di collegare diverse scuole per la creazione di scambi di mobilit\u00e0 in tutta Europa. Sar\u00e0 dedicato ai professionisti delle istituzioni, come educatori, insegnanti, direttori, per consentire la creazione di partnership e per creare nuovi progetti Erasmus.<\/p>\n<p style=\"text-align: justify;\">Uno degli elementi fondamentali di eTwinning \u00e8 la collaborazione tra i diversi partecipanti come insegnanti, alunni, genitori e molti altri. \u00c8 vero che questo aiuta a creare collegamenti, perch\u00e9 gli insegnanti lavorano insieme e organizzeranno attivit\u00e0 per i loro studenti. Avranno un ruolo importante nel prendere decisioni rispettando e sviluppando nuove competenze. Per impostare un progetto eTwinning, \u00e8 necessario il contributo di ogni membro del team<\/p>\n<p>[\/vc_column_text][vc_custom_heading text=&#8221;Come funziona eTwinning?&#8221; font_container=&#8221;tag:h2|font_size:18|text_align:left&#8221; use_theme_fonts=&#8221;yes&#8221; animation_type=&#8221;&#8221;][vc_column_text css=&#8221;.vc_custom_1658944089036{margin-top: -10px !important;}&#8221;]<\/p>\n<p style=\"text-align: justify;\"><span style=\"font-weight: 400;\">Prima di tutto, devi accedere alla piattaforma eTwinning, dove puoi incontrare gli insegnanti nei \u201cgruppi\u201d, ma anche cercare partner di progetto per progetti a distanza eTwinning e progetti di mobilit\u00e0 nell&#8217;ambito di &#8216;Erasmus more. Molti suggerimenti sono disponibili direttamente sulla piattaforma per aiutarti nella tua ricerca. Puoi anche successivamente iscriverti alla formazione nella lingua di tua scelta ed essere sempre aggiornato sulle ultime novit\u00e0 sui progetti di mobilit\u00e0.\u00a0<\/span><\/p>\n<p style=\"text-align: justify;\">Troverai anche il TwinSpace, che \u00e8 uno spazio di lavoro collaborativo, aperto per ogni progetto di mobilit\u00e0 e che permette poi di essere validato dal rispettivo ufficio di assistenza nazionale. In questo spazio, puoi aggiungere i membri di tua scelta come studenti o genitori, ad esempio, o anche partner.<\/p>\n<p>[\/vc_column_text][\/vc_column_inner][vc_column_inner width=&#8221;1\/2&#8243;][vc_single_image image=&#8221;14538&#8243; img_size=&#8221;300&#215;100&#8243; alignment=&#8221;center&#8221;]<div id=\"modal-trg-txt-wrap-7127\" class=\"ult-modal-input-wrapper ult-adjust-bottom-margin    \" data-keypress-control=\"keypress-control-enable\" data-overlay-control=\"overlay-control-enable\"><button  data-ultimate-target='#modal-trg-txt-wrap-7127 .btn-modal'  data-responsive-json-new='{\"font-size\":\"\",\"line-height\":\"\"}'  style=\"background:#555555;border-color:#555555;color:#ffffff; \" data-class-id=\"content-69e8c36a17bea1-53644659\" class=\"btn-modal ult-responsive btn-primary btn-modal-lg overlay-show ult-align-center btn-id-69e8c36a17bea1-53644659\" data-overlay-class=\"overlay-cornerbottomleft\">Budget per il progetto<\/button><\/div>\n<div class=\"ult-overlay content-69e8c36a17bea1-53644659 \" data-class=\"content-69e8c36a17bea1-53644659\" id=\"button-click-overlay\" style=\"background:rgba(51,51,51,0.8); display:none;\">\n\t<div class=\"ult_modal ult-fade ult-medium\">\n\t\t<div id=\"ult-modal-wrap-3435\" class=\"ult_modal-content ult-hide\" style=\"border-style:solid;border-width:2px;border-radius:0px;border-color:#333333;\">\n\t\t\t<div class=\"ult_modal-header\" style=\"color:#333333;border-color:#333333;\">\n\t\t\t\t<div class=\"modal-icon\"><i class=\"Defaults-envelope-o\"><\/i><\/div><h3  data-ultimate-target='#ult-modal-wrap-3435 .ult_modal-title'  data-responsive-json-new='{\"font-size\":\"\",\"line-height\":\"\"}'  class=\"ult_modal-title ult-responsive\">Budget per il progetto<\/h3>\n\t\t\t<\/div>\n\t\t\t<div  data-ultimate-target='#ult-modal-wrap-3435 .ult_modal-body'  data-responsive-json-new='{\"font-size\":\"\",\"line-height\":\"\"}'  class=\"ult_modal-body ult-responsive ult-html\" style=\"\">\n\t\t\t<\/p>\n<p>[caldera_form id=&#8221;CF61499d9470acd&#8221;]<\/p>\n<p>\n\t\t\t<\/div>\n\t<\/div>\n\t<\/div>\n\t<div class=\"ult-overlay-close top-right\" style=\" \"><div class=\"ult-overlay-close-inside\">Close<\/div><\/div>\n<\/div>[\/vc_column_inner][\/vc_row_inner][vc_custom_heading text=&#8221;Domande frequenti sulla piattaforma eTwinning&#8221; font_container=&#8221;tag:h2|font_size:20|text_align:center&#8221; use_theme_fonts=&#8221;yes&#8221; animation_type=&#8221;&#8221;][vc_row_inner][vc_column_inner width=&#8221;2\/3&#8243;][vc_custom_heading text=&#8221;A cosa serve eTwinning?&#8221; font_container=&#8221;tag:h3|font_size:18|text_align:left&#8221; use_theme_fonts=&#8221;yes&#8221; animation_type=&#8221;&#8221;][vc_column_text css=&#8221;.vc_custom_1658944118948{margin-top: -10px !important;}&#8221;]<\/p>\n<p style=\"text-align: justify;\">La piattaforma eTwinning aiuta varie scuole europee ha collaborato all&#8217;uso di tecnologie della comunicazione e dell&#8217;informazione, queste supporto e servizi a scuole.<\/p>\n<p>[\/vc_column_text][vc_custom_heading text=&#8221;A qui s\u2019adresse la plateforme eTwinning?&#8221; font_container=&#8221;tag:h3|font_size:18|text_align:left&#8221; use_theme_fonts=&#8221;yes&#8221;][vc_column_text css=&#8221;.vc_custom_1658944112670{margin-top: -10px !important;}&#8221;]<\/p>\n<p style=\"text-align: justify;\">Questa piattaforma si rivolge principalmente alle scuole in Europa, al fine di aiutarle al meglio nei loro progetti di mobilit\u00e0.<\/p>\n<p>[\/vc_column_text][vc_btn title=&#8221;Contattaci&#8221; style=&#8221;flat&#8221; color=&#8221;inverse&#8221; size=&#8221;lg&#8221; align=&#8221;center&#8221; link=&#8221;url:https%3A%2F%2Fespamob.com%2Fit%2Fcontacto-con-nuestro-equipo-de-movilidad%2F|title:Contacto|rel:nofollow&#8221;][\/vc_column_inner][vc_column_inner width=&#8221;1\/3&#8243;][vc_single_image image=&#8221;14469&#8243; img_size=&#8221;300&#215;300&#8243; alignment=&#8221;center&#8221;][\/vc_column_inner][\/vc_row_inner][\/vc_column][\/vc_row]<\/p>\n<\/div>","protected":false},"excerpt":{"rendered":"<p>[vc_row full_width=&#8221;stretch_row&#8221; wrap_container=&#8221;yes&#8221; is_section=&#8221;yes&#8221; section_skin=&#8221;parallax&#8221; remove_margin_top=&#8221;yes&#8221; remove_margin_bottom=&#8221;yes&#8221; remove_padding_bottom=&#8221;yes&#8221; el_id=&#8221;informacion&#8221; css=&#8221;.vc_custom_1658424984078{margin-top: -20px !important;margin-bottom: -35px !important;background-color: #f4f4f4 !important;}&#8221;][vc_column][vc_custom_heading text=&#8221;La piattaforma eTwinning&#8221; font_container=&#8221;tag:h1|text_align:center&#8221; use_theme_fonts=&#8221;yes&#8221;][vc_row_inner][vc_column_inner width=&#8221;1\/2&#8243;][vc_custom_heading text=&#8221;eTwinning c\u2019est quoi ?&#8221; font_container=&#8221;tag:h2|font_size:18|text_align:left&#8221; use_theme_fonts=&#8221;yes&#8221;][vc_column_text css=&#8221;.vc_custom_1658943819405{margin-top: -10px !important;}&#8221;] La piattaforma eTwinning \u00e8 una piattaforma cofinanziata da Erasmus Plus e rappresenta la comunit\u00e0 per stabilimenti in Europa. Il suo obiettivo, infatti, \u00e8 quello<\/p>\n","protected":false},"author":1,"featured_media":14540,"parent":0,"menu_order":0,"comment_status":"closed","ping_status":"closed","template":"","meta":{"footnotes":""},"class_list":["post-14579","page","type-page","status-publish","has-post-thumbnail","hentry"],"_links":{"self":[{"href":"https:\/\/espamob.com\/it\/wp-json\/wp\/v2\/pages\/14579","targetHints":{"allow":["GET"]}}],"collection":[{"href":"https:\/\/espamob.com\/it\/wp-json\/wp\/v2\/pages"}],"about":[{"href":"https:\/\/espamob.com\/it\/wp-json\/wp\/v2\/types\/page"}],"author":[{"embeddable":true,"href":"https:\/\/espamob.com\/it\/wp-json\/wp\/v2\/users\/1"}],"replies":[{"embeddable":true,"href":"https:\/\/espamob.com\/it\/wp-json\/wp\/v2\/comments?post=14579"}],"version-history":[{"count":0,"href":"https:\/\/espamob.com\/it\/wp-json\/wp\/v2\/pages\/14579\/revisions"}],"wp:featuredmedia":[{"embeddable":true,"href":"https:\/\/espamob.com\/it\/wp-json\/wp\/v2\/media\/14540"}],"wp:attachment":[{"href":"https:\/\/espamob.com\/it\/wp-json\/wp\/v2\/media?parent=14579"}],"curies":[{"name":"wp","href":"https:\/\/api.w.org\/{rel}","templated":true}]}}