{"id":14576,"date":"2022-07-25T18:13:43","date_gmt":"2022-07-25T18:13:43","guid":{"rendered":"https:\/\/www.espamob.com\/epale\/"},"modified":"2023-06-16T05:59:54","modified_gmt":"2023-06-16T05:59:54","slug":"epale","status":"publish","type":"page","link":"https:\/\/espamob.com\/it\/epale\/","title":{"rendered":"IT &#8211; EPALE"},"content":{"rendered":"<div class=\"wpb-content-wrapper\"><p>[vc_row full_width=&#8221;stretch_row&#8221; wrap_container=&#8221;yes&#8221; is_section=&#8221;yes&#8221; section_skin=&#8221;parallax&#8221; remove_margin_top=&#8221;yes&#8221; remove_margin_bottom=&#8221;yes&#8221; remove_padding_bottom=&#8221;yes&#8221; el_id=&#8221;informacion&#8221; css=&#8221;.vc_custom_1658424984078{margin-top: -20px !important;margin-bottom: -35px !important;background-color: #f4f4f4 !important;}&#8221;][vc_column][vc_custom_heading text=&#8221;La piattaforma Epal&#8221; font_container=&#8221;tag:h1|text_align:center&#8221; use_theme_fonts=&#8221;yes&#8221; animation_type=&#8221;&#8221;][vc_row_inner][vc_column_inner width=&#8221;1\/2&#8243;][vc_custom_heading text=&#8221;Cos&#8217;\u00e8 Epal?&#8221; font_container=&#8221;tag:h2|font_size:18|text_align:left&#8221; use_theme_fonts=&#8221;yes&#8221; animation_type=&#8221;&#8221;][vc_column_text css=&#8221;.vc_custom_1658774266930{margin-top: -10px !important;}&#8221;]<\/p>\n<p style=\"text-align: justify;\"><span style=\"font-weight: 400;\">La piattaforma Epale \u00e8 una piattaforma collaborativa destinata a volontari, ricercatori, formatori e tutti gli attori dell&#8217;economia sociale e solidale. Sono infatti pi\u00f9 di 60.000 gli europei attualmente registrati su questa piattaforma, provenienti da una trentina di paesi diversi che lavorano per promuovere l&#8217;accesso degli adulti alla formazione.<\/span><\/p>\n<p style=\"text-align: justify;\"><span style=\"font-weight: 400;\">Va notato che la community della piattaforma Epale si unisce per scambiare e trovare insieme soluzioni e ispirazione per le proprie pratiche quotidiane ma anche per sviluppare le proprie reti e far conoscere la piattaforma. Il vantaggio di questa piattaforma europea \u00e8 che cerca di affrontare tutte le possibili forme generali di istruzione e formazione per adulti, sia formali che informali, fornite da organismi privati \u200b\u200bo pubblici, includendo nel contempo la formazione professionale e l&#8217;istruzione popolare.<\/span><\/p>\n<p>[\/vc_column_text][vc_custom_heading text=&#8221;Comment Epale fonctionne ?&#8221; font_container=&#8221;tag:h2|font_size:18|text_align:left&#8221; use_theme_fonts=&#8221;yes&#8221;][vc_column_text css=&#8221;.vc_custom_1658944227686{margin-top: -10px !important;}&#8221;]<\/p>\n<p style=\"text-align: justify;\">Se ti unisci alla community della piattaforma Epale\u00a0puoi trovare molti strumenti l\u00ec per aiutarti nel tuo progetto di mobilit\u00e0. Infatti, Epale ti permette di arricchire le tue conoscenze e tenerti aggiornato con le innovazioni educative. Devi sapere che Epale \u00e8 organizzato intorno a cinque temi, vale a dire: ambienti di apprendimento, competenze di base, sostegno agli studenti, politiche e finanziamenti nonch\u00e9 qualit\u00e0 della formazione \u00c8 vero che ci sono molte pubblicazioni che vengono pubblicate regolarmente e che offriranno punti di vista complementari su adulti e formazione scolastica.<\/p>\n<p style=\"text-align: justify;\">La piattaforma Epale ha uno spazio che consente la ricerca di partner per avviare diverse forme di collaborazione tra i paesi europei. Questo aiuta a trasformare il pi\u00f9 possibile i progetti Erasmus plus in realt\u00e0.<\/p>\n<p style=\"text-align: justify;\">Attraverso la piattaforma, puoi anche ampliare la tua cerchia professionale, dialogare e organizzare incontri tematici, spesso organizzati in Francia per promuovere le interazioni tra professionisti, che ti consentono di apprendere e formarti in una situazione di lavoro negli approcci pedagogici all&#8217;educazione degli adulti<\/p>\n<p>[\/vc_column_text][\/vc_column_inner][vc_column_inner width=&#8221;1\/2&#8243;][vc_single_image image=&#8221;14530&#8243; img_size=&#8221;300*80&#8243; alignment=&#8221;center&#8221;]<div id=\"modal-trg-txt-wrap-6081\" class=\"ult-modal-input-wrapper ult-adjust-bottom-margin    \" data-keypress-control=\"keypress-control-enable\" data-overlay-control=\"overlay-control-enable\"><button  data-ultimate-target='#modal-trg-txt-wrap-6081 .btn-modal'  data-responsive-json-new='{\"font-size\":\"\",\"line-height\":\"\"}'  style=\"background:#555555;border-color:#555555;color:#ffffff; \" data-class-id=\"content-69f3a79b368495-25521403\" class=\"btn-modal ult-responsive btn-primary btn-modal-lg overlay-show ult-align-center btn-id-69f3a79b368495-25521403\" data-overlay-class=\"overlay-cornerbottomleft\">Budget per il progetto<\/button><\/div>\n<div class=\"ult-overlay content-69f3a79b368495-25521403 \" data-class=\"content-69f3a79b368495-25521403\" id=\"button-click-overlay\" style=\"background:rgba(51,51,51,0.8); display:none;\">\n\t<div class=\"ult_modal ult-fade ult-medium\">\n\t\t<div id=\"ult-modal-wrap-7634\" class=\"ult_modal-content ult-hide\" style=\"border-style:solid;border-width:2px;border-radius:0px;border-color:#333333;\">\n\t\t\t<div class=\"ult_modal-header\" style=\"color:#333333;border-color:#333333;\">\n\t\t\t\t<div class=\"modal-icon\"><i class=\"Defaults-envelope-o\"><\/i><\/div><h3  data-ultimate-target='#ult-modal-wrap-7634 .ult_modal-title'  data-responsive-json-new='{\"font-size\":\"\",\"line-height\":\"\"}'  class=\"ult_modal-title ult-responsive\">Budget per il progetto<\/h3>\n\t\t\t<\/div>\n\t\t\t<div  data-ultimate-target='#ult-modal-wrap-7634 .ult_modal-body'  data-responsive-json-new='{\"font-size\":\"\",\"line-height\":\"\"}'  class=\"ult_modal-body ult-responsive ult-html\" style=\"\">\n\t\t\t<\/p>\n<p>[caldera_form id=&#8221;CF61499d9470acd&#8221;]<\/p>\n<p>\n\t\t\t<\/div>\n\t<\/div>\n\t<\/div>\n\t<div class=\"ult-overlay-close top-right\" style=\" \"><div class=\"ult-overlay-close-inside\">Close<\/div><\/div>\n<\/div>[\/vc_column_inner][\/vc_row_inner][vc_custom_heading text=&#8221;Questions fr\u00e9quentes sur la plateforme Epale&#8221; font_container=&#8221;tag:h2|font_size:20|text_align:center&#8221; use_theme_fonts=&#8221;yes&#8221;][vc_row_inner][vc_column_inner width=&#8221;2\/3&#8243;][vc_custom_heading text=&#8221;A quoi sert Epale ?&#8221; font_container=&#8221;tag:h3|font_size:18|text_align:left&#8221; use_theme_fonts=&#8221;yes&#8221;][vc_column_text css=&#8221;.vc_custom_1658944237630{margin-top: -10px !important;}&#8221;]<\/p>\n<p style=\"text-align: justify;\">Epale \u00e8 una piattaforma Erasmus Plus che ti permetter\u00e0 di creare una rete di professionisti vicini al tuo settore di attivit\u00e0 e promuovendo i progetti di professionisti acquisendo conoscenze e innovazioni educative.<\/p>\n<p>[\/vc_column_text][vc_custom_heading text=&#8221;A chi \u00e8 rivolta la piattaforma Epale?&#8221; font_container=&#8221;tag:h3|font_size:18|text_align:left&#8221; use_theme_fonts=&#8221;yes&#8221; animation_type=&#8221;&#8221;][vc_column_text css=&#8221;.vc_custom_1658774406274{margin-top: -10px !important;}&#8221;]<\/p>\n<p style=\"text-align: justify;\"><span style=\"font-weight: 400;\">La piattaforma Epale \u00e8 rivolta a tutte le forme di istruzione e formazione: formale, informale o non formale, di enti pubblici o privati.<\/span><\/p>\n<p>[\/vc_column_text][vc_btn title=&#8221;Contattaci&#8221; style=&#8221;flat&#8221; color=&#8221;inverse&#8221; size=&#8221;lg&#8221; align=&#8221;center&#8221; link=&#8221;url:https%3A%2F%2Fespamob.com%2Fit%2Fcontacto-con-nuestro-equipo-de-movilidad%2F|title:Contacto|rel:nofollow&#8221;][\/vc_column_inner][vc_column_inner width=&#8221;1\/3&#8243;][vc_single_image image=&#8221;14469&#8243; img_size=&#8221;300&#215;300&#8243; alignment=&#8221;center&#8221;][\/vc_column_inner][\/vc_row_inner][\/vc_column][\/vc_row]<\/p>\n<\/div>","protected":false},"excerpt":{"rendered":"<p>[vc_row full_width=&#8221;stretch_row&#8221; wrap_container=&#8221;yes&#8221; is_section=&#8221;yes&#8221; section_skin=&#8221;parallax&#8221; remove_margin_top=&#8221;yes&#8221; remove_margin_bottom=&#8221;yes&#8221; remove_padding_bottom=&#8221;yes&#8221; el_id=&#8221;informacion&#8221; css=&#8221;.vc_custom_1658424984078{margin-top: -20px !important;margin-bottom: -35px !important;background-color: #f4f4f4 !important;}&#8221;][vc_column][vc_custom_heading text=&#8221;La piattaforma Epal&#8221; font_container=&#8221;tag:h1|text_align:center&#8221; use_theme_fonts=&#8221;yes&#8221; animation_type=&#8221;&#8221;][vc_row_inner][vc_column_inner width=&#8221;1\/2&#8243;][vc_custom_heading text=&#8221;Cos&#8217;\u00e8 Epal?&#8221; font_container=&#8221;tag:h2|font_size:18|text_align:left&#8221; use_theme_fonts=&#8221;yes&#8221; animation_type=&#8221;&#8221;][vc_column_text css=&#8221;.vc_custom_1658774266930{margin-top: -10px !important;}&#8221;] La piattaforma Epale \u00e8 una piattaforma collaborativa destinata a volontari, ricercatori, formatori e tutti gli attori dell&#8217;economia sociale e solidale. Sono infatti pi\u00f9 di<\/p>\n","protected":false},"author":1,"featured_media":17579,"parent":0,"menu_order":0,"comment_status":"closed","ping_status":"closed","template":"","meta":{"footnotes":""},"class_list":["post-14576","page","type-page","status-publish","has-post-thumbnail","hentry"],"_links":{"self":[{"href":"https:\/\/espamob.com\/it\/wp-json\/wp\/v2\/pages\/14576","targetHints":{"allow":["GET"]}}],"collection":[{"href":"https:\/\/espamob.com\/it\/wp-json\/wp\/v2\/pages"}],"about":[{"href":"https:\/\/espamob.com\/it\/wp-json\/wp\/v2\/types\/page"}],"author":[{"embeddable":true,"href":"https:\/\/espamob.com\/it\/wp-json\/wp\/v2\/users\/1"}],"replies":[{"embeddable":true,"href":"https:\/\/espamob.com\/it\/wp-json\/wp\/v2\/comments?post=14576"}],"version-history":[{"count":0,"href":"https:\/\/espamob.com\/it\/wp-json\/wp\/v2\/pages\/14576\/revisions"}],"wp:featuredmedia":[{"embeddable":true,"href":"https:\/\/espamob.com\/it\/wp-json\/wp\/v2\/media\/17579"}],"wp:attachment":[{"href":"https:\/\/espamob.com\/it\/wp-json\/wp\/v2\/media?parent=14576"}],"curies":[{"name":"wp","href":"https:\/\/api.w.org\/{rel}","templated":true}]}}