{"id":13968,"date":"2022-07-11T17:03:59","date_gmt":"2022-07-11T17:03:59","guid":{"rendered":"https:\/\/www.espamob.com\/?page_id=13968"},"modified":"2023-11-22T15:49:11","modified_gmt":"2023-11-22T15:49:11","slug":"isole-baleari","status":"publish","type":"page","link":"https:\/\/espamob.com\/it\/spagna\/isole-baleari\/","title":{"rendered":"IT &#8211; ISLAS BALEARES"},"content":{"rendered":"<div class=\"wpb-content-wrapper\"><p>[vc_row css=&#8221;.vc_custom_1700591934528{margin-top: -20px !important;background-image: url(https:\/\/espamob.com\/wp-content\/uploads\/2023\/11\/Explore-Isloe-Baleari-.webp?id=20822) !important;background-position: center !important;background-repeat: no-repeat !important;background-size: cover !important;}&#8221; conditional_render=&#8221;%5B%7B%22value_role%22%3A%22administrator%22%7D%5D&#8221;][vc_column][vc_empty_space height=&#8221;220&#8243;][vc_custom_heading text=&#8221;Stage e mobilit\u00e0 Erasmus Plus nelle Isole Baleari &#8211; Maiorca &#8211; Minorca &#8211; Ibiza&#8221; font_container=&#8221;tag:h1|font_size:27|text_align:center|color:%23ffffff&#8221; use_theme_fonts=&#8221;yes&#8221; el_class=&#8221;h1blancocentro&#8221; css=&#8221;.vc_custom_1700591582468{background-color: rgba(136,136,136,0.3) !important;*background-color: rgb(136,136,136) !important;}&#8221;][vc_empty_space height=&#8221;15&#8243;][\/vc_column][\/vc_row][vc_row][vc_column][vc_empty_space height=&#8221;15&#8243;][vc_column_text]<\/p>\n<nav aria-label=\"breadcrumb\">\n<ol class=\"breadcrumb\">\n<li class=\"breadcrumb-item\"><a href=\"https:\/\/espamob.com\/it\">Home<\/a><\/li>\n<li class=\"breadcrumb-item\"><a href=\"https:\/\/espamob.com\/it\/spagna\">Tirocinio Erasmus Plus in Spagna<\/a><\/li>\n<li class=\"breadcrumb-item active\" aria-current=\"page\">Tirocinio Erasmus Plus nelle Isloe Baleari<\/li>\n<\/ol>\n<\/nav>\n<p>[\/vc_column_text][vc_custom_heading text=&#8221;Scoprite le opportunit\u00e0 di mobilit\u00e0 e tirocinio Erasmus Plus nelle Isloe Baleari!&#8221; font_container=&#8221;tag:h2|text_align:center&#8221; use_theme_fonts=&#8221;yes&#8221;][vc_custom_heading text=&#8221;Le Isole Baleari, situate nel cuore del Mediterraneo, sono una destinazione scelta da studenti e apprendisti provenienti da diversi Paesi, che offrono un ambiente dinamico per la loro formazione. Grazie al programma Erasmus+, hanno l&#8217;opportunit\u00e0 di svolgere tirocini arricchenti all&#8217;estero, migliorando le loro competenze professionali e i loro studi. I vostri studenti avranno accesso a una variet\u00e0 di settori e aziende nelle Isole Baleari, che offrono opportunit\u00e0 di stage in un&#8217;ampia gamma di campi.<\/p>\n<p>Partecipando a un tirocinio Erasmus Plus nelle Isole Baleari, i ragazzi potranno acquisire una preziosa esperienza lavorativa, scoprendo la cultura spagnola, perfezionando la lingua spagnola e immergendosi nella vita quotidiana di queste splendide isole del Mediterraneo.&#8221; font_container=&#8221;tag:p|text_align:justify&#8221; use_theme_fonts=&#8221;yes&#8221;][vc_custom_heading text=&#8221;Ad Espamob siamo qui per aiutarvi a organizzare la vostra mobilit\u00e0 Erasmus+, grazie ai nostri servizi personalizzati e al nostro attento follow-up per aiutarvi a trovare il tirocinio ideale e a vivere un&#8217;esperienza di successo. In qualit\u00e0 di partner internazionali, ci assicuriamo che trovino un alloggio confortevole per il loro soggiorno, che ottengano una borsa di studio se necessario e che li aiutino a preparare il loro progetto per il prossimo semestre.<\/p>\n<p>Contattateci e preparatevi a vivere un&#8217;esperienza indimenticabile nelle Isole Baleari grazie a Erasmus+! Approfittate di questa opportunit\u00e0 unica offerta dalla cooperazione europea per migliorare la vostra formazione e realizzare progetti gratificanti.&#8221; font_container=&#8221;tag:p|text_align:justify&#8221; use_theme_fonts=&#8221;yes&#8221;][vc_row_inner][vc_column_inner width=&#8221;1\/2&#8243;][vc_btn title=&#8221;Settori di stage&#8221; style=&#8221;custom&#8221; custom_background=&#8221;#e20e00&#8243; custom_text=&#8221;#ffffff&#8221; size=&#8221;lg&#8221; align=&#8221;center&#8221; link=&#8221;url:https%3A%2F%2Fespamob.com%2Fit%2Fsettori-stage-aziende-erasmusplus|title:Settori%20di%20stage|rel:nofollow&#8221; el_class=&#8221;.botonrojo&#8221;][\/vc_column_inner][vc_column_inner width=&#8221;1\/2&#8243;][vc_btn title=&#8221;Contattiamo !&#8221; style=&#8221;custom&#8221; custom_background=&#8221;#e20e00&#8243; custom_text=&#8221;#ffffff&#8221; size=&#8221;lg&#8221; align=&#8221;center&#8221; link=&#8221;url:https%3A%2F%2Fespamob.com%2Fit%2Fcontacto-con-nuestro-equipo-de-movilidad|title:Contacto|rel:nofollow&#8221; el_class=&#8221;botonrojo&#8221;][\/vc_column_inner][\/vc_row_inner][\/vc_column][\/vc_row][vc_row wrap_container=&#8221;yes&#8221; is_section=&#8221;yes&#8221; section_skin=&#8221;parallax&#8221; remove_margin_top=&#8221;yes&#8221; remove_margin_bottom=&#8221;yes&#8221; remove_padding_bottom=&#8221;yes&#8221; remove_border=&#8221;yes&#8221; el_id=&#8221;destino&#8221;][vc_column][vc_custom_heading text=&#8221;Perch\u00e9 fare uno stage in mobilit\u00e0 nelle <strong>Isole Baleari<\/strong>&#8221; font_container=&#8221;tag:h2|text_align:center&#8221; use_theme_fonts=&#8221;yes&#8221;][vc_row_inner][vc_column_inner width=&#8221;1\/3&#8243;]<div class=\"aio-icon-component    style_1\"><div id=\"Info-box-wrap-6600\" class=\"aio-icon-box default-icon\" style=\"\"  ><div class=\"aio-icon-default\"><div class=\"ult-just-icon-wrapper  \"><div class=\"align-icon\" style=\"text-align:center;\">\n<div class=\"aio-icon none \"  style=\"color:#e2001a;font-size:44px;display:inline-block;\">\n\t<i class=\"Defaults-user\"><\/i>\n<\/div><\/div><\/div><\/div><div class=\"aio-icon-header\" ><h3 class=\"aio-icon-title ult-responsive\"  data-ultimate-target='#Info-box-wrap-6600 .aio-icon-title'  data-responsive-json-new='{\"font-size\":\"desktop:20px;\",\"line-height\":\"\"}'  style=\"\">Tessuti economici<\/h3><\/div> <!-- header --><div class=\"aio-icon-description ult-responsive\"  data-ultimate-target='#Info-box-wrap-6600 .aio-icon-description'  data-responsive-json-new='{\"font-size\":\"\",\"line-height\":\"\"}'  style=\"\"><\/p>\n<p style=\"text-align: justify;\">Le Isole Baleari fanno parte delle comunit\u00e0 autonome della Spagna e si trovano nel Mar Balearico. L&#8217;arcipelago \u00e8 composto da cinque isole e pi\u00f9 precisamente da tre: Maiorca, Minorca e Ibiza, le pi\u00f9 conosciute. Queste isole vi sedurranno e offrono diversi settori di attivit\u00e0 come l&#8217;industria alberghiera, il turismo e la ristorazione, adatti a tirocinanti e apprendisti che vogliono acquisire un&#8217;esperienza nuova e arricchente.<\/p>\n<p><\/div> <!-- description --><\/div> <!-- aio-icon-box --><\/div> <!-- aio-icon-component -->[\/vc_column_inner][vc_column_inner width=&#8221;1\/3&#8243;]<div class=\"aio-icon-component    style_1\"><div id=\"Info-box-wrap-4811\" class=\"aio-icon-box default-icon\" style=\"\"  ><div class=\"aio-icon-default\"><div class=\"ult-just-icon-wrapper  \"><div class=\"align-icon\" style=\"text-align:center;\">\n<div class=\"aio-icon none \"  style=\"color:#e2001a;font-size:44px;display:inline-block;\">\n\t<i class=\"Defaults-globe\"><\/i>\n<\/div><\/div><\/div><\/div><div class=\"aio-icon-header\" ><h3 class=\"aio-icon-title ult-responsive\"  data-ultimate-target='#Info-box-wrap-4811 .aio-icon-title'  data-responsive-json-new='{\"font-size\":\"desktop:20px;\",\"line-height\":\"\"}'  style=\"\">Aspetti logistici<\/h3><\/div> <!-- header --><div class=\"aio-icon-description ult-responsive\"  data-ultimate-target='#Info-box-wrap-4811 .aio-icon-description'  data-responsive-json-new='{\"font-size\":\"\",\"line-height\":\"\"}'  style=\"\"><\/p>\n<p style=\"text-align: justify;\">Espamob si impegna a organizzare la vostra mobilit\u00e0 completa. Offrendovi una mobilit\u00e0 unica nelle Isole Baleari, il team sar\u00e0 in grado di offrirvi diverse possibilit\u00e0 di alloggio per soddisfare al meglio le vostre esigenze. Maiorca, Minorca e Ibiza sono isole ricche di luoghi da scoprire ed \u00e8 per questo che faremo del nostro meglio per assicurarci che non vi perdiate dal momento del vostro arrivo, accompagnandovi in ogni passo.<\/p>\n<p><\/div> <!-- description --><\/div> <!-- aio-icon-box --><\/div> <!-- aio-icon-component -->[\/vc_column_inner][vc_column_inner width=&#8221;1\/3&#8243;]<div class=\"aio-icon-component    style_1\"><div id=\"Info-box-wrap-6956\" class=\"aio-icon-box default-icon\" style=\"\"  ><div class=\"aio-icon-default\"><div class=\"ult-just-icon-wrapper  \"><div class=\"align-icon\" style=\"text-align:center;\">\n<div class=\"aio-icon none \"  style=\"color:#e2001a;font-size:44px;display:inline-block;\">\n\t<i class=\"Defaults-sun-o\"><\/i>\n<\/div><\/div><\/div><\/div><div class=\"aio-icon-header\" ><h3 class=\"aio-icon-title ult-responsive\"  data-ultimate-target='#Info-box-wrap-6956 .aio-icon-title'  data-responsive-json-new='{\"font-size\":\"desktop:20px;\",\"line-height\":\"\"}'  style=\"\">Ambiente e clima<\/h3><\/div> <!-- header --><div class=\"aio-icon-description ult-responsive\"  data-ultimate-target='#Info-box-wrap-6956 .aio-icon-description'  data-responsive-json-new='{\"font-size\":\"\",\"line-height\":\"\"}'  style=\"\"><\/p>\n<p style=\"text-align: justify;\">Le Isole Baleari sono caratterizzate da un clima mediterraneo, con estati calde e secche e inverni miti e umidi, che consentono di sfruttare al meglio il proprio soggiorno. La loro posizione geografica li rende molto attraenti per i gruppi di studenti che vengono a fare <a href=\"https:\/\/erasmus-plus.ec.europa.eu\/es\/opportunities\/opportunities-for-individuals\/students\/traineeships-abroad-for-students\" target=\"_blank\" rel=\"noopener\">un tirocinio Erasmus plus<\/a>.<\/p>\n<p><\/div> <!-- description --><\/div> <!-- aio-icon-box --><\/div> <!-- aio-icon-component -->[\/vc_column_inner][\/vc_row_inner][vc_row_inner][vc_column_inner width=&#8221;1\/3&#8243;]<div class=\"aio-icon-component    style_1\"><div id=\"Info-box-wrap-6468\" class=\"aio-icon-box default-icon\" style=\"\"  ><div class=\"aio-icon-default\"><div class=\"ult-just-icon-wrapper  \"><div class=\"align-icon\" style=\"text-align:center;\">\n<div class=\"aio-icon none \"  style=\"color:#e2001a;font-size:44px;display:inline-block;\">\n\t<i class=\"Defaults-building-o\"><\/i>\n<\/div><\/div><\/div><\/div><div class=\"aio-icon-header\" ><h3 class=\"aio-icon-title ult-responsive\"  data-ultimate-target='#Info-box-wrap-6468 .aio-icon-title'  data-responsive-json-new='{\"font-size\":\"desktop:20px;\",\"line-height\":\"\"}'  style=\"\">Luoghi turistici<\/h3><\/div> <!-- header --><div class=\"aio-icon-description ult-responsive\"  data-ultimate-target='#Info-box-wrap-6468 .aio-icon-description'  data-responsive-json-new='{\"font-size\":\"\",\"line-height\":\"\"}'  style=\"\"><\/p>\n<p style=\"text-align: justify;\">\u00a0Queste tre isole molto accoglienti permetteranno ai vostri gruppi di vivere un&#8217;esperienza unica, alla scoperta di un&#8217;architettura che segna bene l&#8217;identit\u00e0 visiva di ciascuna di esse. Maiorca, Minorca e Ibiza sono molto adatte ai gruppi e vi permetteranno di scoprire luoghi insoliti come la Cattedrale di Palma di Maiorca o il porto di Mahon a Minorca e molti altri magnifici luoghi classificati come Patrimonio dell&#8217;Unesco a Ibiza<\/p>\n<p><\/div> <!-- description --><\/div> <!-- aio-icon-box --><\/div> <!-- aio-icon-component -->[\/vc_column_inner][vc_column_inner width=&#8221;1\/3&#8243;]<div class=\"aio-icon-component    style_1\"><div id=\"Info-box-wrap-4407\" class=\"aio-icon-box default-icon\" style=\"\"  ><div class=\"aio-icon-default\"><div class=\"ult-just-icon-wrapper  \"><div class=\"align-icon\" style=\"text-align:center;\">\n<div class=\"aio-icon none \"  style=\"color:#e2001a;font-size:44px;display:inline-block;\">\n\t<i class=\"Defaults-language\"><\/i>\n<\/div><\/div><\/div><\/div><div class=\"aio-icon-header\" ><h3 class=\"aio-icon-title ult-responsive\"  data-ultimate-target='#Info-box-wrap-4407 .aio-icon-title'  data-responsive-json-new='{\"font-size\":\"desktop:20px;\",\"line-height\":\"\"}'  style=\"\">Le lingue<\/h3><\/div> <!-- header --><div class=\"aio-icon-description ult-responsive\"  data-ultimate-target='#Info-box-wrap-4407 .aio-icon-description'  data-responsive-json-new='{\"font-size\":\"\",\"line-height\":\"\"}'  style=\"\"><\/p>\n<p style=\"text-align: justify;\">Le Baleari sono isole piuttosto multiculturali. Qui si parla lo spagnolo, ma \u00e8 possibile scoprire anche altre lingue come l&#8217;inglese o il tedesco, ad esempio. Grazie al loro carattere internazionale, hanno una grande diversit\u00e0 di lingue grazie al settore alberghiero e turistico. Ci sono molte opzioni di stage in diverse lingue per soddisfare le vostre esigenze durante la mobilit\u00e0.<\/p>\n<p><\/div> <!-- description --><\/div> <!-- aio-icon-box --><\/div> <!-- aio-icon-component -->[\/vc_column_inner][vc_column_inner width=&#8221;1\/3&#8243;]<div class=\"aio-icon-component    style_1\"><div id=\"Info-box-wrap-2797\" class=\"aio-icon-box default-icon\" style=\"\"  ><div class=\"aio-icon-default\"><div class=\"ult-just-icon-wrapper  \"><div class=\"align-icon\" style=\"text-align:center;\">\n<div class=\"aio-icon none \"  style=\"color:#e2001a;font-size:44px;display:inline-block;\">\n\t<i class=\"Defaults-slideshare\"><\/i>\n<\/div><\/div><\/div><\/div><div class=\"aio-icon-header\" ><h3 class=\"aio-icon-title ult-responsive\"  data-ultimate-target='#Info-box-wrap-2797 .aio-icon-title'  data-responsive-json-new='{\"font-size\":\"desktop:20px;\",\"line-height\":\"\"}'  style=\"\">Festival popolari<\/h3><\/div> <!-- header --><div class=\"aio-icon-description ult-responsive\"  data-ultimate-target='#Info-box-wrap-2797 .aio-icon-description'  data-responsive-json-new='{\"font-size\":\"\",\"line-height\":\"\"}'  style=\"\"><\/p>\n<p style=\"text-align: justify;\">Anche l&#8217;atmosfera di festa \u00e8 caratteristica delle Isole Baleari. Sono noti per le numerose feste e celebrazioni che si svolgono durante tutto l&#8217;anno. Alcune delle pi\u00f9 famose sono Sant Ferran e la festa della Vergine Carmen. La maggior parte dei festeggiamenti comprende parate, fuochi d&#8217;artificio e molto altro<\/p>\n<p><\/div> <!-- description --><\/div> <!-- aio-icon-box --><\/div> <!-- aio-icon-component -->[\/vc_column_inner][\/vc_row_inner][vc_row_inner][vc_column_inner width=&#8221;1\/3&#8243;]<div class=\"aio-icon-component    style_1\"><div id=\"Info-box-wrap-5053\" class=\"aio-icon-box default-icon\" style=\"\"  ><div class=\"aio-icon-default\"><div class=\"ult-just-icon-wrapper  \"><div class=\"align-icon\" style=\"text-align:center;\">\n<div class=\"aio-icon none \"  style=\"color:#e2001a;font-size:44px;display:inline-block;\">\n\t<i class=\"Defaults-slideshare\"><\/i>\n<\/div><\/div><\/div><\/div><div class=\"aio-icon-header\" ><h3 class=\"aio-icon-title ult-responsive\"  data-ultimate-target='#Info-box-wrap-5053 .aio-icon-title'  data-responsive-json-new='{\"font-size\":\"desktop:20px;\",\"line-height\":\"\"}'  style=\"\">Stage Erasmus nel settore alberghiero<\/h3><\/div> <!-- header --><div class=\"aio-icon-description ult-responsive\"  data-ultimate-target='#Info-box-wrap-5053 .aio-icon-description'  data-responsive-json-new='{\"font-size\":\"\",\"line-height\":\"\"}'  style=\"\"><\/p>\n<p style=\"text-align: justify;\">Con Espamob abbiamo molti contatti in diverse catene alberghiere delle Isole Baleari e in particolare a Maiorca, Minorca e Ibiza. Infatti, \u00e8 possibile lavorare nel settore alberghiero come agente di prenotazione, ma anche nelle relazioni pubbliche e negli eventi. I lavori sono molto diversificati e permetteranno ai tirocinanti e agli studenti di migliorare diverse lingue praticandole e diventando pi\u00f9 fluenti<\/p>\n<p><\/div> <!-- description --><\/div> <!-- aio-icon-box --><\/div> <!-- aio-icon-component -->[\/vc_column_inner][vc_column_inner width=&#8221;1\/3&#8243;]<div class=\"aio-icon-component    style_1\"><div id=\"Info-box-wrap-6995\" class=\"aio-icon-box default-icon\" style=\"\"  ><div class=\"aio-icon-default\"><div class=\"ult-just-icon-wrapper  \"><div class=\"align-icon\" style=\"text-align:center;\">\n<div class=\"aio-icon none \"  style=\"color:#e2001a;font-size:44px;display:inline-block;\">\n\t<i class=\"Defaults-language\"><\/i>\n<\/div><\/div><\/div><\/div><div class=\"aio-icon-header\" ><h3 class=\"aio-icon-title ult-responsive\"  data-ultimate-target='#Info-box-wrap-6995 .aio-icon-title'  data-responsive-json-new='{\"font-size\":\"desktop:20px;\",\"line-height\":\"\"}'  style=\"\">Mobilit\u00e0 di tirocinio Erasmus nel turismo<\/h3><\/div> <!-- header --><div class=\"aio-icon-description ult-responsive\"  data-ultimate-target='#Info-box-wrap-6995 .aio-icon-description'  data-responsive-json-new='{\"font-size\":\"\",\"line-height\":\"\"}'  style=\"\"><\/p>\n<p style=\"text-align: justify;\">Il settore turistico \u00e8 una parte molto importante dell&#8217;economia di isole come Maiorca, Minorca e Ibiza. Si tratta di un settore molto complesso, in quanto esistono diversi tipi di turismo, come il turismo culturale, il turismo di lusso, il turismo gastronomico e molti altri. Uno stage di mobilit\u00e0 nel settore del turismo nelle Isole Baleari sar\u00e0 un&#8217;esperienza unica e arricchente<\/p>\n<p><\/div> <!-- description --><\/div> <!-- aio-icon-box --><\/div> <!-- aio-icon-component -->[\/vc_column_inner][vc_column_inner width=&#8221;1\/3&#8243;]<div class=\"aio-icon-component    style_1\"><div id=\"Info-box-wrap-5315\" class=\"aio-icon-box default-icon\" style=\"\"  ><div class=\"aio-icon-default\"><div class=\"ult-just-icon-wrapper  \"><div class=\"align-icon\" style=\"text-align:center;\">\n<div class=\"aio-icon none \"  style=\"color:#e2001a;font-size:44px;display:inline-block;\">\n\t<i class=\"Defaults-slideshare\"><\/i>\n<\/div><\/div><\/div><\/div><div class=\"aio-icon-header\" ><h3 class=\"aio-icon-title ult-responsive\"  data-ultimate-target='#Info-box-wrap-5315 .aio-icon-title'  data-responsive-json-new='{\"font-size\":\"desktop:20px;\",\"line-height\":\"\"}'  style=\"\">Mobilit\u00e0 per stage Erasmus nel settore della ristorazione<\/h3><\/div> <!-- header --><div class=\"aio-icon-description ult-responsive\"  data-ultimate-target='#Info-box-wrap-5315 .aio-icon-description'  data-responsive-json-new='{\"font-size\":\"\",\"line-height\":\"\"}'  style=\"\"><\/p>\n<p style=\"text-align: justify;\">Le mobilit\u00e0 di stage nel settore della ristorazione sono molto varie e riguardano molte posizioni, come i tirocini in cucina e in pasticceria, o come camerieri di bar o ristoranti. \u00c8 un&#8217;esperienza che permetter\u00e0 a tirocinanti e apprendisti di scoprire molte cose come servire e preparare, accogliere i clienti e parlare lingue straniere<\/p>\n<p><\/div> <!-- description --><\/div> <!-- aio-icon-box --><\/div> <!-- aio-icon-component -->[\/vc_column_inner][\/vc_row_inner]<div id=\"modal-trg-txt-wrap-5633\" class=\"ult-modal-input-wrapper ult-adjust-bottom-margin    \" data-keypress-control=\"keypress-control-enable\" data-overlay-control=\"overlay-control-enable\"><button  data-ultimate-target='#modal-trg-txt-wrap-5633 .btn-modal'  data-responsive-json-new='{\"font-size\":\"\",\"line-height\":\"\"}'  style=\"background:#555555;border-color:#555555;color:#ffffff; \" data-class-id=\"content-69e8ae6ccc36b7-02826303\" class=\"btn-modal ult-responsive btn-primary btn-modal-lg overlay-show ult-align-center btn-id-69e8ae6ccc36b7-02826303\" data-overlay-class=\"overlay-cornerbottomleft\">Budget per il progetto<\/button><\/div>\n<div class=\"ult-overlay content-69e8ae6ccc36b7-02826303 \" data-class=\"content-69e8ae6ccc36b7-02826303\" id=\"button-click-overlay\" style=\"background:rgba(51,51,51,0.8); display:none;\">\n\t<div class=\"ult_modal ult-fade ult-medium\">\n\t\t<div id=\"ult-modal-wrap-5169\" class=\"ult_modal-content ult-hide\" style=\"border-style:solid;border-width:2px;border-radius:0px;border-color:#333333;\">\n\t\t\t<div class=\"ult_modal-header\" style=\"color:#333333;border-color:#333333;\">\n\t\t\t\t<div class=\"modal-icon\"><i class=\"Defaults-envelope-o\"><\/i><\/div><h3  data-ultimate-target='#ult-modal-wrap-5169 .ult_modal-title'  data-responsive-json-new='{\"font-size\":\"\",\"line-height\":\"\"}'  class=\"ult_modal-title ult-responsive\">Budget per il progetto<\/h3>\n\t\t\t<\/div>\n\t\t\t<div  data-ultimate-target='#ult-modal-wrap-5169 .ult_modal-body'  data-responsive-json-new='{\"font-size\":\"\",\"line-height\":\"\"}'  class=\"ult_modal-body ult-responsive ult-html\" style=\"\">\n\t\t\t<\/p>\n<p>[caldera_form id=&#8221;CF61499d9470acd&#8221;]<\/p>\n<p>\n\t\t\t<\/div>\n\t<\/div>\n\t<\/div>\n\t<div class=\"ult-overlay-close top-right\" style=\" \"><div class=\"ult-overlay-close-inside\">Close<\/div><\/div>\n<\/div>[\/vc_column][\/vc_row][vc_row full_width=&#8221;stretch_row&#8221; wrap_container=&#8221;yes&#8221; is_section=&#8221;yes&#8221; section_skin=&#8221;parallax&#8221; remove_margin_top=&#8221;yes&#8221; remove_margin_bottom=&#8221;yes&#8221; remove_padding_bottom=&#8221;yes&#8221; el_id=&#8221;informacion&#8221; css=&#8221;.vc_custom_1657354823619{margin-bottom: -35px !important;background-color: #f4f4f4 !important;}&#8221;][vc_column][vc_custom_heading text=&#8221;Domande frequenti sulla mobilit\u00e0 Erasmus per il tirocinio a Maiorca, Minorca e Ibiza&#8221; font_container=&#8221;tag:h2|text_align:center&#8221; use_theme_fonts=&#8221;yes&#8221;][vc_row_inner][vc_column_inner width=&#8221;2\/3&#8243;][vc_custom_heading text=&#8221;Che cosa pu\u00f2 fare per voi un tirocinio Erasmus plus nelle Isole Baleari?&#8221; font_container=&#8221;tag:h3|font_size:18|text_align:left&#8221; use_theme_fonts=&#8221;yes&#8221; css=&#8221;.vc_custom_1700663862453{margin-bottom: 15px !important;}&#8221;][vc_column_text css=&#8221;.vc_custom_1700663870990{margin-top: -10px !important;}&#8221;]Le Isole Baleari sono multiculturali e turistiche, il che vi permetter\u00e0 di fare un&#8217;esperienza nuova e unica, scoprendo un&#8217;altra cultura e un altro modo di vivere.[\/vc_column_text][vc_custom_heading text=&#8221;Perch\u00e9 fare un tirocinio Erasmus Plus nelle Isole Baleari?&#8221; font_container=&#8221;tag:h3|font_size:18|text_align:left&#8221; use_theme_fonts=&#8221;yes&#8221; css=&#8221;.vc_custom_1700663879556{margin-bottom: 15px !important;}&#8221;][vc_column_text css=&#8221;.vc_custom_1700663988901{margin-top: -10px !important;}&#8221;]Fare un tirocinio nelle Isole Baleari \u00e8 un&#8217;opportunit\u00e0 da sogno per molti studenti che vogliono aggiungere una nuova esperienza al loro CV per il futuro, ma anche acquisire nuove competenze professionali. <a href=\"https:\/\/erasmus-plus.ec.europa.eu\/it\/opportunities\/opportunities-for-individuals\/students\/traineeships-abroad-for-students\" target=\"_blank\" rel=\"noopener\">Gli stage all&#8217;estero<\/a> per gli studenti sono un ottimo modo per aprirsi al mondo.[\/vc_column_text][vc_custom_heading text=&#8221;Cosa pu\u00f2 offrire uno stage nel settore alberghiero delle Isole Baleari?&#8221; font_container=&#8221;tag:h3|font_size:18|text_align:left&#8221; use_theme_fonts=&#8221;yes&#8221; css=&#8221;.vc_custom_1700663902693{margin-bottom: 15px !important;}&#8221;][vc_column_text css=&#8221;.vc_custom_1700663914747{margin-top: -10px !important;}&#8221;]Se siete appassionati del mondo dell&#8217;ospitalit\u00e0 e volete fare un&#8217;esperienza all&#8217;estero, le Isole Baleari vi faranno sognare e vi trasporteranno in un mondo incentrato sul turismo.[\/vc_column_text][\/vc_column_inner][vc_column_inner width=&#8221;1\/3&#8243;][vc_single_image image=&#8221;16981&#8243; img_size=&#8221;full&#8221; alignment=&#8221;center&#8221;][vc_column_text]<strong>Per saperne di pi\u00f9 sulle diverse destinazioni Erasmus Plus in Spagna:<\/strong><\/p>\n<ul>\n<li><a href=\"https:\/\/espamob.com\/it\/spagna\/barcellona\">Tirocinio Erasmus Plus a Barcellona<\/a><\/li>\n<li><a href=\"https:\/\/espamob.com\/it\/spagna\/islas-canarias\">Tirocinio Erasmus Plus nelle Isole Canarie<\/a><\/li>\n<li><a href=\"https:\/\/espamob.com\/it\/spagna\/valencia\">Tirocinio Erasmus Plus a Valencia<\/a><\/li>\n<\/ul>\n<p>[\/vc_column_text][\/vc_column_inner][\/vc_row_inner][vc_btn title=&#8221;Contattaci&#8221; style=&#8221;custom&#8221; custom_background=&#8221;#e3001a&#8221; custom_text=&#8221;#ffffff&#8221; shape=&#8221;rounded&#8221; size=&#8221;lg&#8221; align=&#8221;center&#8221; link=&#8221;url:https%3A%2F%2Fespamob.com%2Fit%2Fcontacto-con-nuestro-equipo-de-movilidad%2F|title:Contacto|rel:nofollow&#8221;][\/vc_column][\/vc_row]<\/p>\n<\/div>","protected":false},"excerpt":{"rendered":"<p>[vc_row css=&#8221;.vc_custom_1700591934528{margin-top: -20px !important;background-image: url(https:\/\/espamob.com\/wp-content\/uploads\/2023\/11\/Explore-Isloe-Baleari-.webp?id=20822) !important;background-position: center !important;background-repeat: no-repeat !important;background-size: cover !important;}&#8221; conditional_render=&#8221;%5B%7B%22value_role%22%3A%22administrator%22%7D%5D&#8221;][vc_column][vc_empty_space height=&#8221;220&#8243;][vc_custom_heading text=&#8221;Stage e mobilit\u00e0 Erasmus Plus nelle Isole Baleari &#8211; Maiorca &#8211; Minorca &#8211; Ibiza&#8221; font_container=&#8221;tag:h1|font_size:27|text_align:center|color:%23ffffff&#8221; use_theme_fonts=&#8221;yes&#8221; el_class=&#8221;h1blancocentro&#8221; css=&#8221;.vc_custom_1700591582468{background-color: rgba(136,136,136,0.3) !important;*background-color: rgb(136,136,136) !important;}&#8221;][vc_empty_space height=&#8221;15&#8243;][\/vc_column][\/vc_row][vc_row][vc_column][vc_empty_space height=&#8221;15&#8243;][vc_column_text] Home Tirocinio Erasmus Plus in Spagna Tirocinio Erasmus Plus nelle Isloe Baleari [\/vc_column_text][vc_custom_heading text=&#8221;Scoprite le opportunit\u00e0 di<\/p>\n","protected":false},"author":1,"featured_media":0,"parent":8971,"menu_order":0,"comment_status":"closed","ping_status":"closed","template":"","meta":{"footnotes":""},"class_list":["post-13968","page","type-page","status-publish","hentry"],"_links":{"self":[{"href":"https:\/\/espamob.com\/it\/wp-json\/wp\/v2\/pages\/13968","targetHints":{"allow":["GET"]}}],"collection":[{"href":"https:\/\/espamob.com\/it\/wp-json\/wp\/v2\/pages"}],"about":[{"href":"https:\/\/espamob.com\/it\/wp-json\/wp\/v2\/types\/page"}],"author":[{"embeddable":true,"href":"https:\/\/espamob.com\/it\/wp-json\/wp\/v2\/users\/1"}],"replies":[{"embeddable":true,"href":"https:\/\/espamob.com\/it\/wp-json\/wp\/v2\/comments?post=13968"}],"version-history":[{"count":0,"href":"https:\/\/espamob.com\/it\/wp-json\/wp\/v2\/pages\/13968\/revisions"}],"up":[{"embeddable":true,"href":"https:\/\/espamob.com\/it\/wp-json\/wp\/v2\/pages\/8971"}],"wp:attachment":[{"href":"https:\/\/espamob.com\/it\/wp-json\/wp\/v2\/media?parent=13968"}],"curies":[{"name":"wp","href":"https:\/\/api.w.org\/{rel}","templated":true}]}}