{"id":13963,"date":"2022-07-14T18:45:19","date_gmt":"2022-07-14T18:45:19","guid":{"rendered":"https:\/\/www.espamob.com\/?page_id=13963"},"modified":"2023-11-22T14:29:56","modified_gmt":"2023-11-22T14:29:56","slug":"islas-canarias","status":"publish","type":"page","link":"https:\/\/espamob.com\/it\/spagna\/islas-canarias\/","title":{"rendered":"IT &#8211; ISLAS CANARIAS"},"content":{"rendered":"<div class=\"wpb-content-wrapper\"><p>[vc_row css=&#8221;.vc_custom_1700593512087{margin-top: -20px !important;background-image: url(https:\/\/espamob.com\/wp-content\/uploads\/2023\/11\/Explore-Isloe-Canarie.webp?id=20860) !important;background-position: center !important;background-repeat: no-repeat !important;background-size: cover !important;}&#8221; conditional_render=&#8221;%5B%7B%22value_role%22%3A%22administrator%22%7D%5D&#8221;][vc_column][vc_empty_space height=&#8221;220&#8243;][vc_custom_heading text=&#8221;Stage e mobilit\u00e0 Erasmus Plus nelle Isole Canarie &#8211; Gran Canaria &#8211; Tenerife &#8211; Fuerteventura&#8221; font_container=&#8221;tag:h1|font_size:27|text_align:center|color:%23ffffff&#8221; use_theme_fonts=&#8221;yes&#8221; el_class=&#8221;h1blancocentro&#8221; css=&#8221;.vc_custom_1700593315749{background-color: rgba(136,136,136,0.3) !important;*background-color: rgb(136,136,136) !important;}&#8221;][vc_empty_space height=&#8221;15&#8243;][\/vc_column][\/vc_row][vc_row][vc_column][vc_empty_space height=&#8221;15&#8243;][vc_column_text]<\/p>\n<nav aria-label=\"breadcrumb\">\n<ol class=\"breadcrumb\">\n<li class=\"breadcrumb-item\"><a href=\"https:\/\/espamob.com\/it\">Home<\/a><\/li>\n<li class=\"breadcrumb-item\"><a href=\"https:\/\/espamob.com\/it\/spagna\">Tirocinio Erasmus Plus in Spagna<\/a><\/li>\n<li class=\"breadcrumb-item active\" aria-current=\"page\">Tirocinio Erasmus Plus nelle Isloe Canarie<\/li>\n<\/ol>\n<\/nav>\n<p>[\/vc_column_text][vc_custom_heading text=&#8221;Scoprite le opportunit\u00e0 di mobilit\u00e0 e tirocinio Erasmus Plus nelle Isloe Canarie!&#8221; font_container=&#8221;tag:h2|text_align:center&#8221; use_theme_fonts=&#8221;yes&#8221;][vc_custom_heading text=&#8221;Le Isole Canarie, situate nell&#8217;Oceano Atlantico, sono una destinazione scelta da studenti e apprendisti di diversi Paesi, che offrono un ambiente dinamico e multiculturale per la loro formazione. Grazie al programma Erasmus+, hanno l&#8217;opportunit\u00e0 di svolgere gratificanti tirocini all&#8217;estero, migliorando le loro competenze professionali e i loro studi. I vostri studenti avranno accesso a un&#8217;ampia gamma di settori e aziende nelle Isole Canarie, che offrono opportunit\u00e0 di stage in diversi campi.<\/p>\n<p>Partecipando a un tirocinio Erasmus Plus alle Isole Canarie, potranno acquisire una preziosa esperienza lavorativa, scoprendo la cultura spagnola, perfezionando la lingua spagnola e immergendosi nella vita quotidiana di queste splendide isole.&#8221; font_container=&#8221;tag:p|text_align:justify&#8221; use_theme_fonts=&#8221;yes&#8221;][vc_custom_heading text=&#8221;Chez Espamob, nous sommes l\u00e0 pour vous accompagner dans l&#8217;organisation de leur mobilit\u00e9 Erasmus+ gr\u00e2ce \u00e0 nos services personnalis\u00e9s et de notre suivi attentif pour trouver le stage id\u00e9al et vivre une exp\u00e9rience r\u00e9ussie. En tant que partenaires internationaux, nous nous assurons de leur trouver un logement confortable pour leur s\u00e9jour, de leur obtenir une bourse si n\u00e9cessaire, et de les aider \u00e0 pr\u00e9parer leur projet pour le semestre \u00e0 venir.<\/p>\n<p>Ad Espamob siamo qui per aiutarvi a organizzare la loro mobilit\u00e0 Erasmus+, grazie ai nostri servizi personalizzati e al nostro attento follow-up per aiutarli a trovare il tirocinio ideale e a vivere un&#8217;esperienza di successo. In qualit\u00e0 di partner internazionali, ci assicuriamo che trovino un alloggio confortevole per il loro soggiorno, otteniamo una borsa di studio se necessario e li aiutiamo a preparare il loro progetto per il prossimo semestre.<\/p>\n<p>Contattateci e preparatevi a vivere un&#8217;esperienza indimenticabile alle Isole Canarie grazie a Erasmus+! Approfittate di questa opportunit\u00e0 unica offerta dalla cooperazione europea per migliorare la vostra formazione e realizzare progetti gratificanti.&#8221; font_container=&#8221;tag:p|text_align:justify&#8221; use_theme_fonts=&#8221;yes&#8221;][vc_row_inner][vc_column_inner width=&#8221;1\/2&#8243;][vc_btn title=&#8221;Settori di stage&#8221; style=&#8221;custom&#8221; custom_background=&#8221;#e20e00&#8243; custom_text=&#8221;#ffffff&#8221; size=&#8221;lg&#8221; align=&#8221;center&#8221; link=&#8221;url:https%3A%2F%2Fespamob.com%2Fit%2Fsettori-stage-aziende-erasmusplus|title:Settori%20di%20stqge|rel:nofollow&#8221; el_class=&#8221;.botonrojo&#8221;][\/vc_column_inner][vc_column_inner width=&#8221;1\/2&#8243;][vc_btn title=&#8221;Contattiamo !&#8221; style=&#8221;custom&#8221; custom_background=&#8221;#e20e00&#8243; custom_text=&#8221;#ffffff&#8221; size=&#8221;lg&#8221; align=&#8221;center&#8221; link=&#8221;url:https%3A%2F%2Fespamob.com%2Fit%2Fcontacto-con-nuestro-equipo-de-movilidad|title:Contacto|rel:nofollow&#8221; el_class=&#8221;botonrojo&#8221;][\/vc_column_inner][vc_column_inner][vc_empty_space][\/vc_column_inner][\/vc_row_inner][\/vc_column][\/vc_row][vc_row wrap_container=&#8221;yes&#8221; is_section=&#8221;yes&#8221; section_skin=&#8221;parallax&#8221; remove_margin_top=&#8221;yes&#8221; remove_margin_bottom=&#8221;yes&#8221; remove_padding_bottom=&#8221;yes&#8221; remove_border=&#8221;yes&#8221; el_id=&#8221;destino&#8221;][vc_column][vc_custom_heading text=&#8221;Perch\u00e9 fare uno stage in mobilit\u00e0 alle <strong>Isole Canarie<\/strong>?&#8221; font_container=&#8221;tag:h2|text_align:center&#8221; use_theme_fonts=&#8221;yes&#8221;][vc_row_inner][vc_column_inner width=&#8221;1\/3&#8243;]<div class=\"aio-icon-component    style_1\"><div id=\"Info-box-wrap-4847\" class=\"aio-icon-box default-icon\" style=\"\"  ><div class=\"aio-icon-default\"><div class=\"ult-just-icon-wrapper  \"><div class=\"align-icon\" style=\"text-align:center;\">\n<div class=\"aio-icon none \"  style=\"color:#e2001a;font-size:44px;display:inline-block;\">\n\t<i class=\"Defaults-user\"><\/i>\n<\/div><\/div><\/div><\/div><div class=\"aio-icon-header\" ><h3 class=\"aio-icon-title ult-responsive\"  data-ultimate-target='#Info-box-wrap-4847 .aio-icon-title'  data-responsive-json-new='{\"font-size\":\"desktop:20px;\",\"line-height\":\"\"}'  style=\"\">Tessuti economici<\/h3><\/div> <!-- header --><div class=\"aio-icon-description ult-responsive\"  data-ultimate-target='#Info-box-wrap-4847 .aio-icon-description'  data-responsive-json-new='{\"font-size\":\"\",\"line-height\":\"\"}'  style=\"\"><\/p>\n<p style=\"text-align: justify;\">Le Isole Canarie fanno parte della Macaronesia, un gruppo di territori vulcanici composto da Canarie, Madeira, Capo Verde e Azzorre. L&#8217;arcipelago delle Canarie \u00e8 composto da sette isole e pi\u00f9 precisamente da tre isole: Gran Canaria, Tenerife e Fuerteventura, le pi\u00f9 conosciute. Queste isole vi sedurranno e offrono diversi settori di attivit\u00e0 come l&#8217;industria alberghiera, il turismo e la ristorazione, adatti a tirocinanti e apprendisti che vogliono acquisire un&#8217;esperienza nuova e arricchente<\/p>\n<p><\/div> <!-- description --><\/div> <!-- aio-icon-box --><\/div> <!-- aio-icon-component -->[\/vc_column_inner][vc_column_inner width=&#8221;1\/3&#8243;]<div class=\"aio-icon-component    style_1\"><div id=\"Info-box-wrap-1831\" class=\"aio-icon-box default-icon\" style=\"\"  ><div class=\"aio-icon-default\"><div class=\"ult-just-icon-wrapper  \"><div class=\"align-icon\" style=\"text-align:center;\">\n<div class=\"aio-icon none \"  style=\"color:#e2001a;font-size:44px;display:inline-block;\">\n\t<i class=\"Defaults-globe\"><\/i>\n<\/div><\/div><\/div><\/div><div class=\"aio-icon-header\" ><h3 class=\"aio-icon-title ult-responsive\"  data-ultimate-target='#Info-box-wrap-1831 .aio-icon-title'  data-responsive-json-new='{\"font-size\":\"desktop:20px;\",\"line-height\":\"\"}'  style=\"\">Aspetti logistici<\/h3><\/div> <!-- header --><div class=\"aio-icon-description ult-responsive\"  data-ultimate-target='#Info-box-wrap-1831 .aio-icon-description'  data-responsive-json-new='{\"font-size\":\"\",\"line-height\":\"\"}'  style=\"\"><\/p>\n<p style=\"text-align: justify;\">Espamob si impegna ad organizzare la vostra mobilit\u00e0 dalla A alla Z. Offrendovi una mobilit\u00e0 unica nelle Isole Canarie, il team sar\u00e0 in grado di proporvi diverse possibilit\u00e0 di alloggio per soddisfare al meglio le vostre esigenze. Gran Canaria, Tenerife e Fuerteventura sono isole ricche di luoghi da scoprire ed \u00e8 per questo che faremo del nostro meglio per assicurarci che non vi perdiate al vostro arrivo, accompagnandovi in ogni passo<\/p>\n<p><\/div> <!-- description --><\/div> <!-- aio-icon-box --><\/div> <!-- aio-icon-component -->[\/vc_column_inner][vc_column_inner width=&#8221;1\/3&#8243;]<div class=\"aio-icon-component    style_1\"><div id=\"Info-box-wrap-4997\" class=\"aio-icon-box default-icon\" style=\"\"  ><div class=\"aio-icon-default\"><div class=\"ult-just-icon-wrapper  \"><div class=\"align-icon\" style=\"text-align:center;\">\n<div class=\"aio-icon none \"  style=\"color:#e2001a;font-size:44px;display:inline-block;\">\n\t<i class=\"Defaults-sun-o\"><\/i>\n<\/div><\/div><\/div><\/div><div class=\"aio-icon-header\" ><h3 class=\"aio-icon-title ult-responsive\"  data-ultimate-target='#Info-box-wrap-4997 .aio-icon-title'  data-responsive-json-new='{\"font-size\":\"desktop:20px;\",\"line-height\":\"\"}'  style=\"\">Ambiente e clima<\/h3><\/div> <!-- header --><div class=\"aio-icon-description ult-responsive\"  data-ultimate-target='#Info-box-wrap-4997 .aio-icon-description'  data-responsive-json-new='{\"font-size\":\"\",\"line-height\":\"\"}'  style=\"\"><\/p>\n<p style=\"text-align: justify;\">Le Isole Canarie, situate nell&#8217;Oceano Atlantico, sono caratterizzate da un clima estremamente mite, che vi permetter\u00e0 di sfruttare al meglio il vostro soggiorno. La temperatura media.<br \/>\nLa temperatura annuale varia tra i 22 e i 24 gradi, il che significa che si pu\u00f2 respirare l&#8217;aria fresca della natura senza sentire troppo il caldo. La loro posizione geografica li rende molto attraenti per i gruppi di studenti che vengono a fare un tirocinio Erasmus plus<\/p>\n<p><\/div> <!-- description --><\/div> <!-- aio-icon-box --><\/div> <!-- aio-icon-component -->[\/vc_column_inner][\/vc_row_inner][vc_row_inner][vc_column_inner width=&#8221;1\/3&#8243;]<div class=\"aio-icon-component    style_1\"><div id=\"Info-box-wrap-7614\" class=\"aio-icon-box default-icon\" style=\"\"  ><div class=\"aio-icon-default\"><div class=\"ult-just-icon-wrapper  \"><div class=\"align-icon\" style=\"text-align:center;\">\n<div class=\"aio-icon none \"  style=\"color:#e2001a;font-size:44px;display:inline-block;\">\n\t<i class=\"Defaults-building-o\"><\/i>\n<\/div><\/div><\/div><\/div><div class=\"aio-icon-header\" ><h3 class=\"aio-icon-title ult-responsive\"  data-ultimate-target='#Info-box-wrap-7614 .aio-icon-title'  data-responsive-json-new='{\"font-size\":\"desktop:20px;\",\"line-height\":\"\"}'  style=\"\">Luoghi turistici<\/h3><\/div> <!-- header --><div class=\"aio-icon-description ult-responsive\"  data-ultimate-target='#Info-box-wrap-7614 .aio-icon-description'  data-responsive-json-new='{\"font-size\":\"\",\"line-height\":\"\"}'  style=\"\"><\/p>\n<p style=\"text-align: justify;\">Queste tre isole molto accoglienti permetteranno ai vostri gruppi di vivere un&#8217;esperienza unica, alla scoperta di un&#8217;architettura che segna bene l&#8217;identit\u00e0 visiva di ciascuna di loro. Gran Canaria, Tenerife e Fuerteventura sono molto adatte ai gruppi e vi permetteranno di scoprire luoghi insoliti come le dune di Maspalomas a Gran Canaria, le spiagge di sabbia nera a Tenerife e il Parco dell&#8217;Oasi con pi\u00f9 di 3000 animali a Fuerteventura<\/p>\n<p><\/div> <!-- description --><\/div> <!-- aio-icon-box --><\/div> <!-- aio-icon-component -->[\/vc_column_inner][vc_column_inner width=&#8221;1\/3&#8243;]<div class=\"aio-icon-component    style_1\"><div id=\"Info-box-wrap-4965\" class=\"aio-icon-box default-icon\" style=\"\"  ><div class=\"aio-icon-default\"><div class=\"ult-just-icon-wrapper  \"><div class=\"align-icon\" style=\"text-align:center;\">\n<div class=\"aio-icon none \"  style=\"color:#e2001a;font-size:44px;display:inline-block;\">\n\t<i class=\"Defaults-language\"><\/i>\n<\/div><\/div><\/div><\/div><div class=\"aio-icon-header\" ><h3 class=\"aio-icon-title ult-responsive\"  data-ultimate-target='#Info-box-wrap-4965 .aio-icon-title'  data-responsive-json-new='{\"font-size\":\"desktop:20px;\",\"line-height\":\"\"}'  style=\"\">Le lingue<\/h3><\/div> <!-- header --><div class=\"aio-icon-description ult-responsive\"  data-ultimate-target='#Info-box-wrap-4965 .aio-icon-description'  data-responsive-json-new='{\"font-size\":\"\",\"line-height\":\"\"}'  style=\"\"><\/p>\n<p style=\"text-align: justify;\">Le Canarie sono isole piuttosto multiculturali. Qui si parla spagnolo, ma \u00e8 possibile imparare anche altre lingue come l&#8217;inglese. L&#8217;ampia variet\u00e0 di lingue disponibili \u00e8 dovuta alla natura internazionale dei settori del turismo, della ristorazione e dell&#8217;alberghiero. Ci sono molte opzioni di stage in diverse lingue per soddisfare al meglio le vostre esigenze di mobilit\u00e0<\/p>\n<p><\/div> <!-- description --><\/div> <!-- aio-icon-box --><\/div> <!-- aio-icon-component -->[\/vc_column_inner][vc_column_inner width=&#8221;1\/3&#8243;]<div class=\"aio-icon-component    style_1\"><div id=\"Info-box-wrap-5646\" class=\"aio-icon-box default-icon\" style=\"\"  ><div class=\"aio-icon-default\"><div class=\"ult-just-icon-wrapper  \"><div class=\"align-icon\" style=\"text-align:center;\">\n<div class=\"aio-icon none \"  style=\"color:#e2001a;font-size:44px;display:inline-block;\">\n\t<i class=\"Defaults-slideshare\"><\/i>\n<\/div><\/div><\/div><\/div><div class=\"aio-icon-header\" ><h3 class=\"aio-icon-title ult-responsive\"  data-ultimate-target='#Info-box-wrap-5646 .aio-icon-title'  data-responsive-json-new='{\"font-size\":\"desktop:20px;\",\"line-height\":\"\"}'  style=\"\">Festival popolari<\/h3><\/div> <!-- header --><div class=\"aio-icon-description ult-responsive\"  data-ultimate-target='#Info-box-wrap-5646 .aio-icon-description'  data-responsive-json-new='{\"font-size\":\"\",\"line-height\":\"\"}'  style=\"\"><\/p>\n<p style=\"text-align: justify;\">Anche l&#8217;atmosfera di festa \u00e8 caratteristica delle Isole Canarie. Sono noti per le numerose feste e celebrazioni che si svolgono durante tutto l&#8217;anno. Tra i pi\u00f9 famosi ci sono il carnevale di Las Palmas de Gran Canaria e il festival Agaete La Rama. La maggior parte dei festeggiamenti comprende parate, fuochi d&#8217;artificio e molto altro<\/p>\n<p><\/div> <!-- description --><\/div> <!-- aio-icon-box --><\/div> <!-- aio-icon-component -->[\/vc_column_inner][\/vc_row_inner][vc_row_inner][vc_column_inner width=&#8221;1\/3&#8243;]<div class=\"aio-icon-component    style_1\"><div id=\"Info-box-wrap-3315\" class=\"aio-icon-box default-icon\" style=\"\"  ><div class=\"aio-icon-default\"><div class=\"ult-just-icon-wrapper  \"><div class=\"align-icon\" style=\"text-align:center;\">\n<div class=\"aio-icon none \"  style=\"color:#e2001a;font-size:44px;display:inline-block;\">\n\t<i class=\"Defaults-slideshare\"><\/i>\n<\/div><\/div><\/div><\/div><div class=\"aio-icon-header\" ><h3 class=\"aio-icon-title ult-responsive\"  data-ultimate-target='#Info-box-wrap-3315 .aio-icon-title'  data-responsive-json-new='{\"font-size\":\"desktop:20px;\",\"line-height\":\"\"}'  style=\"\">Stage Erasmus nell'ospitalit\u00e0<\/h3><\/div> <!-- header --><div class=\"aio-icon-description ult-responsive\"  data-ultimate-target='#Info-box-wrap-3315 .aio-icon-description'  data-responsive-json-new='{\"font-size\":\"\",\"line-height\":\"\"}'  style=\"\"><\/p>\n<p style=\"text-align: justify;\">Con Espamob abbiamo molti contatti in diverse catene alberghiere delle Isole Canarie e pi\u00f9 precisamente a Gran Canaria, Tenerife e Fuerteventura. Infatti, \u00e8 possibile fare uno stage nel settore alberghiero, occupandosi di prenotazioni, di pubbliche relazioni, come agente di vendita, ma anche di gestione di eventi. Le posizioni sono diverse e permetteranno a tirocinanti e apprendisti di migliorare diverse lingue praticandole e diventando pi\u00f9 a loro agio nel parlarle<\/p>\n<p><\/div> <!-- description --><\/div> <!-- aio-icon-box --><\/div> <!-- aio-icon-component -->[\/vc_column_inner][vc_column_inner width=&#8221;1\/3&#8243;]<div class=\"aio-icon-component    style_1\"><div id=\"Info-box-wrap-5378\" class=\"aio-icon-box default-icon\" style=\"\"  ><div class=\"aio-icon-default\"><div class=\"ult-just-icon-wrapper  \"><div class=\"align-icon\" style=\"text-align:center;\">\n<div class=\"aio-icon none \"  style=\"color:#e2001a;font-size:44px;display:inline-block;\">\n\t<i class=\"Defaults-language\"><\/i>\n<\/div><\/div><\/div><\/div><div class=\"aio-icon-header\" ><h3 class=\"aio-icon-title ult-responsive\"  data-ultimate-target='#Info-box-wrap-5378 .aio-icon-title'  data-responsive-json-new='{\"font-size\":\"desktop:20px;\",\"line-height\":\"\"}'  style=\"\">Mobilit\u00e0 per tirocini Erasmus nel turismo<\/h3><\/div> <!-- header --><div class=\"aio-icon-description ult-responsive\"  data-ultimate-target='#Info-box-wrap-5378 .aio-icon-description'  data-responsive-json-new='{\"font-size\":\"\",\"line-height\":\"\"}'  style=\"\"><\/p>\n<p style=\"text-align: justify;\">Il settore turistico \u00e8 una parte molto importante dell&#8217;economia di isole come Gran Canaria, Tenerife e Fuerteventura. Si tratta di un settore complesso, in quanto esistono diversi tipi di turismo, come il turismo di lusso, il turismo gastronomico, il turismo culturale e molti altri. Uno stage di mobilit\u00e0 nel settore del turismo nelle Isole Canarie sar\u00e0 un&#8217;esperienza unica e arricchente.<\/p>\n<p><\/div> <!-- description --><\/div> <!-- aio-icon-box --><\/div> <!-- aio-icon-component -->[\/vc_column_inner][vc_column_inner width=&#8221;1\/3&#8243;]<div class=\"aio-icon-component    style_1\"><div id=\"Info-box-wrap-7751\" class=\"aio-icon-box default-icon\" style=\"\"  ><div class=\"aio-icon-default\"><div class=\"ult-just-icon-wrapper  \"><div class=\"align-icon\" style=\"text-align:center;\">\n<div class=\"aio-icon none \"  style=\"color:#e2001a;font-size:44px;display:inline-block;\">\n\t<i class=\"Defaults-slideshare\"><\/i>\n<\/div><\/div><\/div><\/div><div class=\"aio-icon-header\" ><h3 class=\"aio-icon-title ult-responsive\"  data-ultimate-target='#Info-box-wrap-7751 .aio-icon-title'  data-responsive-json-new='{\"font-size\":\"desktop:20px;\",\"line-height\":\"\"}'  style=\"\">Mobilit\u00e0 per stage Erasmus nel settore della ristorazione<\/h3><\/div> <!-- header --><div class=\"aio-icon-description ult-responsive\"  data-ultimate-target='#Info-box-wrap-7751 .aio-icon-description'  data-responsive-json-new='{\"font-size\":\"\",\"line-height\":\"\"}'  style=\"\"><\/p>\n<p style=\"text-align: justify;\">Le mobilit\u00e0 di stage nel settore della ristorazione sono molto varie e riguardano molti lavori, come le mobilit\u00e0 di stage in cucina e pasticceria, o come cameriere di bar o ristorante. \u00c8 un&#8217;esperienza che permetter\u00e0 ai tirocinanti e agli studenti di scoprire molte cose, come servire e preparare, accogliere i clienti e parlare lingue straniere<\/p>\n<p><\/div> <!-- description --><\/div> <!-- aio-icon-box --><\/div> <!-- aio-icon-component -->[\/vc_column_inner][\/vc_row_inner]<div id=\"modal-trg-txt-wrap-7053\" class=\"ult-modal-input-wrapper ult-adjust-bottom-margin    \" data-keypress-control=\"keypress-control-enable\" data-overlay-control=\"overlay-control-enable\"><button  data-ultimate-target='#modal-trg-txt-wrap-7053 .btn-modal'  data-responsive-json-new='{\"font-size\":\"\",\"line-height\":\"\"}'  style=\"background:#555555;border-color:#555555;color:#ffffff; \" data-class-id=\"content-69f210a8909484-23798479\" class=\"btn-modal ult-responsive btn-primary btn-modal-lg overlay-show ult-align-center btn-id-69f210a8909484-23798479\" data-overlay-class=\"overlay-cornerbottomleft\">Budget per il progetto<\/button><\/div>\n<div class=\"ult-overlay content-69f210a8909484-23798479 \" data-class=\"content-69f210a8909484-23798479\" id=\"button-click-overlay\" style=\"background:rgba(51,51,51,0.8); display:none;\">\n\t<div class=\"ult_modal ult-fade ult-medium\">\n\t\t<div id=\"ult-modal-wrap-3077\" class=\"ult_modal-content ult-hide\" style=\"border-style:solid;border-width:2px;border-radius:0px;border-color:#333333;\">\n\t\t\t<div class=\"ult_modal-header\" style=\"color:#333333;border-color:#333333;\">\n\t\t\t\t<div class=\"modal-icon\"><i class=\"Defaults-envelope-o\"><\/i><\/div><h3  data-ultimate-target='#ult-modal-wrap-3077 .ult_modal-title'  data-responsive-json-new='{\"font-size\":\"\",\"line-height\":\"\"}'  class=\"ult_modal-title ult-responsive\">Budget per il progetto<\/h3>\n\t\t\t<\/div>\n\t\t\t<div  data-ultimate-target='#ult-modal-wrap-3077 .ult_modal-body'  data-responsive-json-new='{\"font-size\":\"\",\"line-height\":\"\"}'  class=\"ult_modal-body ult-responsive ult-html\" style=\"\">\n\t\t\t<\/p>\n<p>[caldera_form id=&#8221;CF61499d9470acd&#8221;]<\/p>\n<p>\n\t\t\t<\/div>\n\t<\/div>\n\t<\/div>\n\t<div class=\"ult-overlay-close top-right\" style=\" \"><div class=\"ult-overlay-close-inside\">Close<\/div><\/div>\n<\/div>[\/vc_column][\/vc_row][vc_row full_width=&#8221;stretch_row&#8221; wrap_container=&#8221;yes&#8221; is_section=&#8221;yes&#8221; section_skin=&#8221;parallax&#8221; remove_margin_top=&#8221;yes&#8221; remove_margin_bottom=&#8221;yes&#8221; remove_padding_bottom=&#8221;yes&#8221; el_id=&#8221;informacion&#8221; css=&#8221;.vc_custom_1657354823619{margin-bottom: -35px !important;background-color: #f4f4f4 !important;}&#8221;][vc_column][vc_custom_heading text=&#8221;Domande frequenti sulla mobilit\u00e0 Erasmus per tirocinio a Gran Canaria, Tenerife e Fuerteventura&#8221; font_container=&#8221;tag:h2|text_align:center&#8221; use_theme_fonts=&#8221;yes&#8221;][vc_row_inner][vc_column_inner width=&#8221;2\/3&#8243;][vc_custom_heading text=&#8221;Cosa ti offre un tirocinio Erasmus plus alle Isole Canarie?&#8221; font_container=&#8221;tag:h3|font_size:18|text_align:left&#8221; use_theme_fonts=&#8221;yes&#8221; css=&#8221;.vc_custom_1700662912330{margin-bottom: 15px !important;}&#8221;][vc_column_text css=&#8221;.vc_custom_1700662921002{margin-top: -10px !important;}&#8221;]Le Isole Canarie sono una destinazione turistica, il che significa che potrete parlare diverse lingue e sviluppare un&#8217;esperienza nuova e unica, scoprendo un&#8217;altra cultura e un altro modo di vivere.[\/vc_column_text][vc_custom_heading text=&#8221;Perch\u00e9 fare un tirocinio alle Canarie?&#8221; font_container=&#8221;tag:h3|font_size:18|text_align:left&#8221; use_theme_fonts=&#8221;yes&#8221; css=&#8221;.vc_custom_1700662928627{margin-bottom: 15px !important;}&#8221;][vc_column_text css=&#8221;.vc_custom_1700663230491{margin-top: -10px !important;}&#8221;]<a href=\"https:\/\/erasmus-plus.ec.europa.eu\/it\" target=\"_blank\" rel=\"noopener\">Un tirocinio<\/a> alle Canarie \u00e8 un&#8217;opportunit\u00e0 ideale per un gran numero di studenti che desiderano aggiungere una nuova esperienza al proprio curriculum, ma anche acquisire nuove competenze professionali.[\/vc_column_text][vc_custom_heading text=&#8221;Cosa pu\u00f2 offrire un tirocinio nel settore alberghiero alle Isole Canarie?&#8221; font_container=&#8221;tag:h3|font_size:18|text_align:left&#8221; use_theme_fonts=&#8221;yes&#8221; css=&#8221;.vc_custom_1700662945643{margin-bottom: 15px !important;}&#8221;][vc_column_text css=&#8221;.vc_custom_1657824861423{margin-top: -10px !important;}&#8221;]<\/p>\n<p style=\"text-align: justify;\">Se siete appassionati del settore alberghiero e desiderate vivere un&#8217;esperienza unica all&#8217;estero, le Isole Canarie vi faranno sognare e vi trasporteranno in un mondo centrato sul turismo.<\/p>\n<p>[\/vc_column_text][\/vc_column_inner][vc_column_inner width=&#8221;1\/3&#8243;][vc_single_image image=&#8221;13916&#8243; img_size=&#8221;full&#8221; alignment=&#8221;center&#8221; label=&#8221;&#8221;][vc_column_text]<strong>Per saperne di pi\u00f9 sulle diverse destinazioni Erasmus Plus in Spagna:<\/strong><\/p>\n<ul>\n<li><a href=\"https:\/\/espamob.com\/it\/spagna\/barcellona\">Tirocinio Erasmus Plus nelle Barcellona<\/a><\/li>\n<li><a href=\"https:\/\/espamob.com\/it\/spagna\/isole-baleari\">Tirocinio Erasmus Plus nelle Isole Baleari<\/a><\/li>\n<li><a href=\"https:\/\/espamob.com\/it\/spagna\/valencia\">Tirocinio Erasmus Plus a Valencia<\/a><\/li>\n<\/ul>\n<p>[\/vc_column_text][\/vc_column_inner][\/vc_row_inner][vc_btn title=&#8221;Contattaci&#8221; style=&#8221;custom&#8221; custom_background=&#8221;#e3001a&#8221; custom_text=&#8221;#ffffff&#8221; shape=&#8221;rounded&#8221; size=&#8221;lg&#8221; align=&#8221;center&#8221; link=&#8221;url:https%3A%2F%2Fespamob.com%2Fit%2Fcontacto-con-nuestro-equipo-de-movilidad%2F|title:Contacto|rel:nofollow&#8221;][\/vc_column][\/vc_row]<\/p>\n<\/div>","protected":false},"excerpt":{"rendered":"<p>[vc_row css=&#8221;.vc_custom_1700593512087{margin-top: -20px !important;background-image: url(https:\/\/espamob.com\/wp-content\/uploads\/2023\/11\/Explore-Isloe-Canarie.webp?id=20860) !important;background-position: center !important;background-repeat: no-repeat !important;background-size: cover !important;}&#8221; conditional_render=&#8221;%5B%7B%22value_role%22%3A%22administrator%22%7D%5D&#8221;][vc_column][vc_empty_space height=&#8221;220&#8243;][vc_custom_heading text=&#8221;Stage e mobilit\u00e0 Erasmus Plus nelle Isole Canarie &#8211; Gran Canaria &#8211; Tenerife &#8211; Fuerteventura&#8221; font_container=&#8221;tag:h1|font_size:27|text_align:center|color:%23ffffff&#8221; use_theme_fonts=&#8221;yes&#8221; el_class=&#8221;h1blancocentro&#8221; css=&#8221;.vc_custom_1700593315749{background-color: rgba(136,136,136,0.3) !important;*background-color: rgb(136,136,136) !important;}&#8221;][vc_empty_space height=&#8221;15&#8243;][\/vc_column][\/vc_row][vc_row][vc_column][vc_empty_space height=&#8221;15&#8243;][vc_column_text] Home Tirocinio Erasmus Plus in Spagna Tirocinio Erasmus Plus nelle Isloe Canarie [\/vc_column_text][vc_custom_heading text=&#8221;Scoprite le opportunit\u00e0<\/p>\n","protected":false},"author":1,"featured_media":0,"parent":8971,"menu_order":0,"comment_status":"closed","ping_status":"closed","template":"","meta":{"footnotes":""},"class_list":["post-13963","page","type-page","status-publish","hentry"],"_links":{"self":[{"href":"https:\/\/espamob.com\/it\/wp-json\/wp\/v2\/pages\/13963","targetHints":{"allow":["GET"]}}],"collection":[{"href":"https:\/\/espamob.com\/it\/wp-json\/wp\/v2\/pages"}],"about":[{"href":"https:\/\/espamob.com\/it\/wp-json\/wp\/v2\/types\/page"}],"author":[{"embeddable":true,"href":"https:\/\/espamob.com\/it\/wp-json\/wp\/v2\/users\/1"}],"replies":[{"embeddable":true,"href":"https:\/\/espamob.com\/it\/wp-json\/wp\/v2\/comments?post=13963"}],"version-history":[{"count":0,"href":"https:\/\/espamob.com\/it\/wp-json\/wp\/v2\/pages\/13963\/revisions"}],"up":[{"embeddable":true,"href":"https:\/\/espamob.com\/it\/wp-json\/wp\/v2\/pages\/8971"}],"wp:attachment":[{"href":"https:\/\/espamob.com\/it\/wp-json\/wp\/v2\/media?parent=13963"}],"curies":[{"name":"wp","href":"https:\/\/api.w.org\/{rel}","templated":true}]}}