{"id":13853,"date":"2022-07-06T18:25:35","date_gmt":"2022-07-06T18:25:35","guid":{"rendered":"https:\/\/www.espamob.com\/spagna\/barcelona\/"},"modified":"2023-11-22T15:55:24","modified_gmt":"2023-11-22T15:55:24","slug":"barcellona","status":"publish","type":"page","link":"https:\/\/espamob.com\/it\/spagna\/barcellona\/","title":{"rendered":"IT &#8211; BARCELONA"},"content":{"rendered":"<div class=\"wpb-content-wrapper\"><p>[vc_row css=&#8221;.vc_custom_1700590028622{margin-top: -20px !important;background-image: url(https:\/\/espamob.com\/wp-content\/uploads\/2023\/11\/Explore-Barcellona.webp?id=20776) !important;background-position: center !important;background-repeat: no-repeat !important;background-size: cover !important;}&#8221; conditional_render=&#8221;%5B%7B%22value_role%22%3A%22administrator%22%7D%5D&#8221;][vc_column][vc_empty_space height=&#8221;220&#8243;][vc_custom_heading text=&#8221;Stage e mobilit\u00e0 Erasmus Plus a Barcellona, Catalogna&#8221; font_container=&#8221;tag:h1|font_size:27|text_align:center|color:%23ffffff&#8221; use_theme_fonts=&#8221;yes&#8221; el_class=&#8221;h1blancocentro&#8221; css=&#8221;.vc_custom_1700589345582{background-color: rgba(136,136,136,0.3) !important;*background-color: rgb(136,136,136) !important;}&#8221;][vc_empty_space height=&#8221;15&#8243;][\/vc_column][\/vc_row][vc_row][vc_column][vc_empty_space][vc_column_text]<\/p>\n<ol class=\"breadcrumb\">\n<li class=\"breadcrumb-item\"><a href=\"https:\/\/espamob.com\/it\">Home<\/a><\/li>\n<li class=\"breadcrumb-item\"><a href=\"https:\/\/espamob.com\/it\/spagna\">Tirocinio Erasmus Plus in Spagna<\/a><\/li>\n<li class=\"breadcrumb-item active\" aria-current=\"page\">Tirocinio Erasmus Plus a Barcellona<\/li>\n<\/ol>\n<p>[\/vc_column_text][vc_custom_heading text=&#8221;Scoprite le opportunit\u00e0 di mobilit\u00e0 e tirocinio Erasmus Plus a Barcellona!&#8221; font_container=&#8221;tag:h2|text_align:center&#8221; use_theme_fonts=&#8221;yes&#8221;][vc_column_text]Barcellona \u00e8 una destinazione popolare per gli studenti e gli apprendisti, in quanto offre un ambiente di apprendimento dinamico. Grazie al programma Erasmus Plus, possono partecipare a tirocini gratificanti che migliorano le loro competenze professionali. I vostri studenti avranno accesso a una moltitudine di settori e aziende a Barcellona, che offrono opportunit\u00e0 di stage in una variet\u00e0 di campi.<\/p>\n<p>Partecipando a uno stage a Barcellona attraverso il programma Erasmus+, potranno acquisire una preziosa esperienza professionale, scoprendo la cultura spagnola, perfezionando le loro conoscenze linguistiche e immergendosi nella vita quotidiana di questa splendida citt\u00e0 mediterranea.<\/p>\n<p>Ad Espamob siamo qui per aiutarvi a organizzare la vostra <a href=\"https:\/\/espamob.com\/it\/spagna\">mobilit\u00e0 Erasmus Plus in Spagna<\/a> con i nostri servizi personalizzati e un attento monitoraggio, in modo che possiate trovare il posto ideale e vivere un&#8217;esperienza di successo. Contattateci e preparatevi a vivere un&#8217;esperienza indimenticabile a Barcellona grazie all&#8217;Erasmus+![\/vc_column_text][vc_row_inner][vc_column_inner width=&#8221;1\/2&#8243;][vc_btn title=&#8221;Settori di stage&#8221; style=&#8221;custom&#8221; custom_background=&#8221;#e3001a&#8221; custom_text=&#8221;#ffffff&#8221; shape=&#8221;rounded&#8221; size=&#8221;lg&#8221; align=&#8221;center&#8221; link=&#8221;url:https%3A%2F%2Fespamob.com%2Fit%2Fsettori-stage-aziende-erasmusplus|title:Settori%20di%20stage&#8221;][\/vc_column_inner][vc_column_inner width=&#8221;1\/2&#8243;][vc_btn title=&#8221;Contattiamo!&#8221; style=&#8221;custom&#8221; custom_background=&#8221;#e3001a&#8221; custom_text=&#8221;#ffffff&#8221; shape=&#8221;rounded&#8221; size=&#8221;lg&#8221; align=&#8221;center&#8221; link=&#8221;url:https%3A%2F%2Fespamob.com%2Fit%2Fcontacto-con-nuestro-equipo-de-movilidad|title:Contacto&#8221;][\/vc_column_inner][\/vc_row_inner][\/vc_column][\/vc_row][vc_row wrap_container=&#8221;yes&#8221; is_section=&#8221;yes&#8221; section_skin=&#8221;parallax&#8221; remove_margin_top=&#8221;yes&#8221; remove_margin_bottom=&#8221;yes&#8221; remove_padding_bottom=&#8221;yes&#8221; remove_border=&#8221;yes&#8221; el_id=&#8221;destino&#8221;][vc_column][vc_custom_heading text=&#8221;Perch\u00e9 fare uno stage di mobilit\u00e0 a <strong>Barcellona<\/strong>?&#8221; font_container=&#8221;tag:h2|text_align:center&#8221; use_theme_fonts=&#8221;yes&#8221;][vc_row_inner][vc_column_inner width=&#8221;1\/3&#8243;]<div class=\"aio-icon-component    style_1\"><div id=\"Info-box-wrap-1053\" class=\"aio-icon-box default-icon\" style=\"\"  ><div class=\"aio-icon-default\"><div class=\"ult-just-icon-wrapper  \"><div class=\"align-icon\" style=\"text-align:center;\">\n<div class=\"aio-icon none \"  style=\"color:#e2001a;font-size:44px;display:inline-block;\">\n\t<i class=\"Defaults-user\"><\/i>\n<\/div><\/div><\/div><\/div><div class=\"aio-icon-header\" ><h3 class=\"aio-icon-title ult-responsive\"  data-ultimate-target='#Info-box-wrap-1053 .aio-icon-title'  data-responsive-json-new='{\"font-size\":\"desktop:20px;\",\"line-height\":\"\"}'  style=\"\">Economia<\/h3><\/div> <!-- header --><div class=\"aio-icon-description ult-responsive\"  data-ultimate-target='#Info-box-wrap-1053 .aio-icon-description'  data-responsive-json-new='{\"font-size\":\"\",\"line-height\":\"\"}'  style=\"\"><\/p>\n<p style=\"text-align: justify;\"><a href=\"https:\/\/erasmus-plus.ec.europa.eu\/it\" target=\"_blank\" rel=\"noopener\"><strong>ERASMUS PLUS<\/strong><\/a> a Barcellona : \u00e8 considerata la seconda citt\u00e0 pi\u00f9 grande della Spagna, con una popolazione di 1,62 milioni di abitanti. \u00c8 una citt\u00e0 molto dinamica e cosmopolita, che vi sedurr\u00e0 e vi offrir\u00e0 diversi settori di attivit\u00e0 adatti a stagisti e apprendisti che vengono a Barcellona per fare un&#8217;esperienza nuova e arricchente. Infatti, ha un capitale culturale unico e questo permetter\u00e0 agli studenti di scoprire e imparare una nuova cultura.<\/p>\n<p><\/div> <!-- description --><\/div> <!-- aio-icon-box --><\/div> <!-- aio-icon-component -->[\/vc_column_inner][vc_column_inner width=&#8221;1\/3&#8243;]<div class=\"aio-icon-component    style_1\"><div id=\"Info-box-wrap-6903\" class=\"aio-icon-box default-icon\" style=\"\"  ><div class=\"aio-icon-default\"><div class=\"ult-just-icon-wrapper  \"><div class=\"align-icon\" style=\"text-align:center;\">\n<div class=\"aio-icon none \"  style=\"color:#e2001a;font-size:44px;display:inline-block;\">\n\t<i class=\"Defaults-globe\"><\/i>\n<\/div><\/div><\/div><\/div><div class=\"aio-icon-header\" ><h3 class=\"aio-icon-title ult-responsive\"  data-ultimate-target='#Info-box-wrap-6903 .aio-icon-title'  data-responsive-json-new='{\"font-size\":\"desktop:20px;\",\"line-height\":\"\"}'  style=\"\">Aspetti logistici<\/h3><\/div> <!-- header --><div class=\"aio-icon-description ult-responsive\"  data-ultimate-target='#Info-box-wrap-6903 .aio-icon-description'  data-responsive-json-new='{\"font-size\":\"\",\"line-height\":\"\"}'  style=\"\"><\/p>\n<p style=\"text-align: justify;\">Espamob si impegna a organizzare la vostra mobilit\u00e0 completa. Offrendovi un&#8217;accoglienza calorosa e unica a <a href=\"https:\/\/www.barcelonaturisme.com\/wv3\/es\/page\/38\/puntos-de-informacion-turistica.html\" target=\"_blank\" rel=\"noopener\">Barcellona<\/a>, il team sar\u00e0 in grado di fornirvi diverse opzioni di alloggio e di trasporto pubblico, per soddisfare al meglio le vostre esigenze. Barcellona \u00e8 una citt\u00e0 ricca di luoghi da scoprire e noi faremo del nostro meglio per assicurarci che non vi perdiate al vostro arrivo, accompagnandovi in ogni passo.<\/p>\n<p><\/div> <!-- description --><\/div> <!-- aio-icon-box --><\/div> <!-- aio-icon-component -->[\/vc_column_inner][vc_column_inner width=&#8221;1\/3&#8243;]<div class=\"aio-icon-component    style_1\"><div id=\"Info-box-wrap-5175\" class=\"aio-icon-box default-icon\" style=\"\"  ><div class=\"aio-icon-default\"><div class=\"ult-just-icon-wrapper  \"><div class=\"align-icon\" style=\"text-align:center;\">\n<div class=\"aio-icon none \"  style=\"color:#e2001a;font-size:44px;display:inline-block;\">\n\t<i class=\"Defaults-sun-o\"><\/i>\n<\/div><\/div><\/div><\/div><div class=\"aio-icon-header\" ><h3 class=\"aio-icon-title ult-responsive\"  data-ultimate-target='#Info-box-wrap-5175 .aio-icon-title'  data-responsive-json-new='{\"font-size\":\"desktop:20px;\",\"line-height\":\"\"}'  style=\"\">Ambiente e clima<\/h3><\/div> <!-- header --><div class=\"aio-icon-description ult-responsive\"  data-ultimate-target='#Info-box-wrap-5175 .aio-icon-description'  data-responsive-json-new='{\"font-size\":\"\",\"line-height\":\"\"}'  style=\"\"><\/p>\n<p style=\"text-align: justify;\">Il clima mediterraneo di Barcellona \u00e8 molto piacevole e vi permetter\u00e0 di sfruttare al meglio la citt\u00e0. Infatti, tra mare e montagna, i suoi paesaggi sono diversificati e sono una delle tante ricchezze della capitale catalana. La posizione geografica di <a href=\"https:\/\/it.wikipedia.org\/wiki\/Barcellona\" target=\"_blank\" rel=\"noopener\">Barcellona<\/a> la rende molto attraente per i gruppi di studenti che vengono a fare un tirocinio Erasmus plus.<\/p>\n<p><\/div> <!-- description --><\/div> <!-- aio-icon-box --><\/div> <!-- aio-icon-component -->[\/vc_column_inner][\/vc_row_inner][vc_row_inner][vc_column_inner width=&#8221;1\/3&#8243;]<div class=\"aio-icon-component    style_1\"><div id=\"Info-box-wrap-4098\" class=\"aio-icon-box default-icon\" style=\"\"  ><div class=\"aio-icon-default\"><div class=\"ult-just-icon-wrapper  \"><div class=\"align-icon\" style=\"text-align:center;\">\n<div class=\"aio-icon none \"  style=\"color:#e2001a;font-size:44px;display:inline-block;\">\n\t<i class=\"Defaults-building-o\"><\/i>\n<\/div><\/div><\/div><\/div><div class=\"aio-icon-header\" ><h3 class=\"aio-icon-title ult-responsive\"  data-ultimate-target='#Info-box-wrap-4098 .aio-icon-title'  data-responsive-json-new='{\"font-size\":\"desktop:20px;\",\"line-height\":\"\"}'  style=\"\">Attrazioni turistiche<\/h3><\/div> <!-- header --><div class=\"aio-icon-description ult-responsive\"  data-ultimate-target='#Info-box-wrap-4098 .aio-icon-description'  data-responsive-json-new='{\"font-size\":\"\",\"line-height\":\"\"}'  style=\"\"><\/p>\n<p style=\"text-align: justify;\">Questa grande e accogliente citt\u00e0 permetter\u00e0 ai vostri gruppi di vivere un&#8217;esperienza unica, scoprendo la sua architettura, che rappresenta una forte identit\u00e0 visiva. Barcellona \u00e8 una citt\u00e0 molto adatta a gruppi numerosi e vi permetter\u00e0 di scoprire luoghi insoliti come la <a href=\"https:\/\/sagradafamilia.org\/es\/home\" target=\"_blank\" rel=\"noopener\">Sagrada Familia<\/a>, la Casa Batllo e molte altre opere architetturali di Gaud\u00ec.<\/p>\n<p><\/div> <!-- description --><\/div> <!-- aio-icon-box --><\/div> <!-- aio-icon-component -->[\/vc_column_inner][vc_column_inner width=&#8221;1\/3&#8243;]<div class=\"aio-icon-component    style_1\"><div id=\"Info-box-wrap-6513\" class=\"aio-icon-box default-icon\" style=\"\"  ><div class=\"aio-icon-default\"><div class=\"ult-just-icon-wrapper  \"><div class=\"align-icon\" style=\"text-align:center;\">\n<div class=\"aio-icon none \"  style=\"color:#e2001a;font-size:44px;display:inline-block;\">\n\t<i class=\"Defaults-language\"><\/i>\n<\/div><\/div><\/div><\/div><div class=\"aio-icon-header\" ><h3 class=\"aio-icon-title ult-responsive\"  data-ultimate-target='#Info-box-wrap-6513 .aio-icon-title'  data-responsive-json-new='{\"font-size\":\"desktop:20px;\",\"line-height\":\"\"}'  style=\"\">Le lingue<\/h3><\/div> <!-- header --><div class=\"aio-icon-description ult-responsive\"  data-ultimate-target='#Info-box-wrap-6513 .aio-icon-description'  data-responsive-json-new='{\"font-size\":\"\",\"line-height\":\"\"}'  style=\"\"><\/p>\n<p style=\"text-align: justify;\">Barcellona \u00e8 una citt\u00e0 multiculturale. Le lingue ufficiali sono lo spagnolo e il catalano, ma \u00e8 possibile imparare anche altre lingue come l&#8217;inglese. Barcellona ha un&#8217;ampia variet\u00e0 di lingue grazie al suo carattere internazionale. Ci sono molte opzioni di stage in diverse lingue per soddisfare le vostre esigenze durante la mobilit\u00e0.<\/p>\n<p><\/div> <!-- description --><\/div> <!-- aio-icon-box --><\/div> <!-- aio-icon-component -->[\/vc_column_inner][vc_column_inner width=&#8221;1\/3&#8243;]<div class=\"aio-icon-component    style_1\"><div id=\"Info-box-wrap-9754\" class=\"aio-icon-box default-icon\" style=\"\"  ><div class=\"aio-icon-default\"><div class=\"ult-just-icon-wrapper  \"><div class=\"align-icon\" style=\"text-align:center;\">\n<div class=\"aio-icon none \"  style=\"color:#e2001a;font-size:44px;display:inline-block;\">\n\t<i class=\"Defaults-slideshare\"><\/i>\n<\/div><\/div><\/div><\/div><div class=\"aio-icon-header\" ><h3 class=\"aio-icon-title ult-responsive\"  data-ultimate-target='#Info-box-wrap-9754 .aio-icon-title'  data-responsive-json-new='{\"font-size\":\"desktop:20px;\",\"line-height\":\"\"}'  style=\"\">Feste popolari<\/h3><\/div> <!-- header --><div class=\"aio-icon-description ult-responsive\"  data-ultimate-target='#Info-box-wrap-9754 .aio-icon-description'  data-responsive-json-new='{\"font-size\":\"\",\"line-height\":\"\"}'  style=\"\"><\/p>\n<p style=\"text-align: justify;\">L&#8217;atmosfera festosa \u00e8 anche caratteristica di Barcellona. La Catalogna \u00e8 nota per i suoi numerosi festival e celebrazioni durante tutto l&#8217;anno. Tra le pi\u00f9 famose ci sono Sant Joan e La Merc\u00e9. Nella maggior parte delle festivit\u00e0 puoi goderti sfilate, fuochi d&#8217;artificio e molto altro.<\/p>\n<p><\/div> <!-- description --><\/div> <!-- aio-icon-box --><\/div> <!-- aio-icon-component -->[\/vc_column_inner][\/vc_row_inner]<div id=\"modal-trg-txt-wrap-1636\" class=\"ult-modal-input-wrapper ult-adjust-bottom-margin    \" data-keypress-control=\"keypress-control-enable\" data-overlay-control=\"overlay-control-enable\"><button  data-ultimate-target='#modal-trg-txt-wrap-1636 .btn-modal'  data-responsive-json-new='{\"font-size\":\"\",\"line-height\":\"\"}'  style=\"background:#555555;border-color:#555555;color:#ffffff; \" data-class-id=\"content-69e7502062a258-35271735\" class=\"btn-modal ult-responsive btn-primary btn-modal-lg overlay-show ult-align-center btn-id-69e7502062a258-35271735\" data-overlay-class=\"overlay-cornerbottomleft\">Budget per il progetto<\/button><\/div>\n<div class=\"ult-overlay content-69e7502062a258-35271735 \" data-class=\"content-69e7502062a258-35271735\" id=\"button-click-overlay\" style=\"background:rgba(51,51,51,0.8); display:none;\">\n\t<div class=\"ult_modal ult-fade ult-medium\">\n\t\t<div id=\"ult-modal-wrap-3986\" class=\"ult_modal-content ult-hide\" style=\"border-style:solid;border-width:2px;border-radius:0px;border-color:#333333;\">\n\t\t\t<div class=\"ult_modal-header\" style=\"color:#333333;border-color:#333333;\">\n\t\t\t\t<div class=\"modal-icon\"><i class=\"Defaults-envelope-o\"><\/i><\/div><h3  data-ultimate-target='#ult-modal-wrap-3986 .ult_modal-title'  data-responsive-json-new='{\"font-size\":\"\",\"line-height\":\"\"}'  class=\"ult_modal-title ult-responsive\">Budget per il progetto<\/h3>\n\t\t\t<\/div>\n\t\t\t<div  data-ultimate-target='#ult-modal-wrap-3986 .ult_modal-body'  data-responsive-json-new='{\"font-size\":\"\",\"line-height\":\"\"}'  class=\"ult_modal-body ult-responsive ult-html\" style=\"\">\n\t\t\t<\/p>\n<p>[caldera_form id=&#8221;CF61499d9470acd&#8221;]<\/p>\n<p>\n\t\t\t<\/div>\n\t<\/div>\n\t<\/div>\n\t<div class=\"ult-overlay-close top-right\" style=\" \"><div class=\"ult-overlay-close-inside\">Close<\/div><\/div>\n<\/div>[\/vc_column][\/vc_row][vc_row full_width=&#8221;stretch_row&#8221; wrap_container=&#8221;yes&#8221; is_section=&#8221;yes&#8221; section_skin=&#8221;parallax&#8221; remove_margin_top=&#8221;yes&#8221; remove_margin_bottom=&#8221;yes&#8221; remove_padding_bottom=&#8221;yes&#8221; el_id=&#8221;informacion&#8221; css=&#8221;.vc_custom_1657354823619{margin-bottom: -35px !important;background-color: #f4f4f4 !important;}&#8221;][vc_column][vc_custom_heading text=&#8221;Domande frequenti sulla mobilit\u00e0 Erasmus per il tirocinio a Barcellona&#8221; font_container=&#8221;tag:h2|text_align:center&#8221; use_theme_fonts=&#8221;yes&#8221;][vc_row_inner][vc_column_inner width=&#8221;2\/3&#8243;][vc_custom_heading text=&#8221;Cosa ti offre un tirocinio Erasmus plus a Barcellona?&#8221; font_container=&#8221;tag:h3|font_size:18|text_align:left&#8221; use_theme_fonts=&#8221;yes&#8221; css=&#8221;.vc_custom_1700663590492{margin-bottom: 15px !important;}&#8221;][vc_column_text css=&#8221;.vc_custom_1700663700844{margin-top: -10px !important;}&#8221;]Barcellona \u00e8 una citt\u00e0 multiculturale che offre <a href=\"https:\/\/espamob.com\/it\/settori-stage-aziende-erasmusplus\">molte opportunit\u00e0 di stage in diversi settori<\/a>, dal turismo alla tecnologia. Non solo potrete sviluppare un&#8217;esperienza unica, ma potrete anche scoprire un&#8217;altra cultura e uno stile di vita entusiasmanti grazie a un tirocinio personalizzato in base alle vostre esigenze e ai vostri interessi.[\/vc_column_text][vc_custom_heading text=&#8221;Perch\u00e9 fare un tirocinio Erasmus Plus a Barcellona?&#8221; font_container=&#8221;tag:h3|font_size:18|text_align:left&#8221; use_theme_fonts=&#8221;yes&#8221; css=&#8221;.vc_custom_1700663609317{margin-bottom: 15px !important;}&#8221;][vc_column_text css=&#8221;.vc_custom_1700663620923{margin-top: -10px !important;}&#8221;]Un tirocinio Erasmus Plus a Barcellona \u00e8 un&#8217;opportunit\u00e0 ideale per molti studenti che vogliono aggiungere una nuova esperienza al loro CV per il futuro, ma anche acquisire nuove competenze professionali.[\/vc_column_text][vc_custom_heading text=&#8221;Come fare un tirocinio di mobilit\u00e0 a Barcellona?&#8221; font_container=&#8221;tag:h3|font_size:18|text_align:left&#8221; use_theme_fonts=&#8221;yes&#8221; css=&#8221;.vc_custom_1700663630628{margin-bottom: 15px !important;}&#8221;][vc_column_text css=&#8221;.vc_custom_1700663758619{margin-top: -10px !important;}&#8221;]Come funziona<a href=\"https:\/\/espamob.com\/it\/fasi-della-mobilita-erasmus\"> il processo di un tirocinio Erasmus Plus<\/a> a Barcellona con Espamob? \u00c8 molto semplice! Tutto quello che dovete fare \u00e8 contattarci per un preventivo, specificando le vostre esigenze. Se accetterete la nostra offerta, ci occuperemo di tutto, dalla pianificazione alla realizzazione, essendo presenti in ogni fase del processo.[\/vc_column_text][\/vc_column_inner][vc_column_inner width=&#8221;1\/3&#8243;][vc_single_image image=&#8221;13367&#8243; img_size=&#8221;300&#215;300&#8243; alignment=&#8221;center&#8221; title=&#8221;Erasmus plus Barcellona&#8221;][vc_column_text]<strong>Per saperne di pi\u00f9 sulle diverse destinazioni Erasmus Plus in Spagna:<\/strong><\/p>\n<ul>\n<li><a href=\"https:\/\/espamob.com\/it\/spagna\/isole-baleari\">Tirocinio Erasmus Plus nelle Isole Baleari<\/a><\/li>\n<li><a href=\"https:\/\/espamob.com\/it\/spagna\/islas-canarias\">Tirocinio Erasmus Plus nelle Isole Canarie<\/a><\/li>\n<li><a href=\"https:\/\/espamob.com\/it\/spagna\/valencia\">Tirocinio Erasmus Plus a Valencia<\/a><\/li>\n<\/ul>\n<p>[\/vc_column_text][\/vc_column_inner][\/vc_row_inner][vc_btn title=&#8221;Contattaci&#8221; style=&#8221;custom&#8221; custom_background=&#8221;#e3001a&#8221; custom_text=&#8221;#ffffff&#8221; shape=&#8221;rounded&#8221; size=&#8221;lg&#8221; align=&#8221;center&#8221; link=&#8221;url:https%3A%2F%2Fespamob.com%2Fit%2Fcontacto-con-nuestro-equipo-de-movilidad%2F|title:Contacto|rel:nofollow&#8221;][\/vc_column][\/vc_row]<\/p>\n<\/div>","protected":false},"excerpt":{"rendered":"<p>[vc_row css=&#8221;.vc_custom_1700590028622{margin-top: -20px !important;background-image: url(https:\/\/espamob.com\/wp-content\/uploads\/2023\/11\/Explore-Barcellona.webp?id=20776) !important;background-position: center !important;background-repeat: no-repeat !important;background-size: cover !important;}&#8221; conditional_render=&#8221;%5B%7B%22value_role%22%3A%22administrator%22%7D%5D&#8221;][vc_column][vc_empty_space height=&#8221;220&#8243;][vc_custom_heading text=&#8221;Stage e mobilit\u00e0 Erasmus Plus a Barcellona, Catalogna&#8221; font_container=&#8221;tag:h1|font_size:27|text_align:center|color:%23ffffff&#8221; use_theme_fonts=&#8221;yes&#8221; el_class=&#8221;h1blancocentro&#8221; css=&#8221;.vc_custom_1700589345582{background-color: rgba(136,136,136,0.3) !important;*background-color: rgb(136,136,136) !important;}&#8221;][vc_empty_space height=&#8221;15&#8243;][\/vc_column][\/vc_row][vc_row][vc_column][vc_empty_space][vc_column_text] Home Tirocinio Erasmus Plus in Spagna Tirocinio Erasmus Plus a Barcellona [\/vc_column_text][vc_custom_heading text=&#8221;Scoprite le opportunit\u00e0 di mobilit\u00e0 e tirocinio Erasmus Plus a Barcellona!&#8221; font_container=&#8221;tag:h2|text_align:center&#8221;<\/p>\n","protected":false},"author":1,"featured_media":0,"parent":8971,"menu_order":0,"comment_status":"closed","ping_status":"closed","template":"","meta":{"footnotes":""},"class_list":["post-13853","page","type-page","status-publish","hentry"],"_links":{"self":[{"href":"https:\/\/espamob.com\/it\/wp-json\/wp\/v2\/pages\/13853","targetHints":{"allow":["GET"]}}],"collection":[{"href":"https:\/\/espamob.com\/it\/wp-json\/wp\/v2\/pages"}],"about":[{"href":"https:\/\/espamob.com\/it\/wp-json\/wp\/v2\/types\/page"}],"author":[{"embeddable":true,"href":"https:\/\/espamob.com\/it\/wp-json\/wp\/v2\/users\/1"}],"replies":[{"embeddable":true,"href":"https:\/\/espamob.com\/it\/wp-json\/wp\/v2\/comments?post=13853"}],"version-history":[{"count":0,"href":"https:\/\/espamob.com\/it\/wp-json\/wp\/v2\/pages\/13853\/revisions"}],"up":[{"embeddable":true,"href":"https:\/\/espamob.com\/it\/wp-json\/wp\/v2\/pages\/8971"}],"wp:attachment":[{"href":"https:\/\/espamob.com\/it\/wp-json\/wp\/v2\/media?parent=13853"}],"curies":[{"name":"wp","href":"https:\/\/api.w.org\/{rel}","templated":true}]}}