{"id":12718,"date":"2021-11-28T15:39:31","date_gmt":"2021-11-28T15:39:31","guid":{"rendered":"https:\/\/www.espamob.com\/hygiene-proprete-sterilisation\/"},"modified":"2024-02-26T21:17:50","modified_gmt":"2024-02-26T21:17:50","slug":"igiene-pulizia-sterilizzazione","status":"publish","type":"page","link":"https:\/\/espamob.com\/it\/settori-stage-aziende-erasmusplus\/igiene-pulizia-sterilizzazione\/","title":{"rendered":"IT &#8211; stage erasmusplus metiers hygiene proprete sterilisation"},"content":{"rendered":"<div class=\"wpb-content-wrapper\"><p>[vc_row css=&#8221;.vc_custom_1701371777289{margin-top: -20px !important;margin-bottom: 40px !important;background-image: url(https:\/\/espamob.com\/wp-content\/uploads\/2023\/11\/Profesiones-de-higiene.webp?id=21300) !important;}&#8221; conditional_render=&#8221;%5B%7B%22value_role%22%3A%22administrator%22%7D%5D&#8221;][vc_column css=&#8221;.vc_custom_1687965657482{padding-top: 30px !important;}&#8221; conditional_render=&#8221;%5B%7B%22value_role%22%3A%22administrator%22%7D%5D&#8221;][vc_empty_space height=&#8221;170&#8243;][vc_custom_heading text=&#8221;Mobilit\u00e0 Erasmus Plus nelle professioni di igiene, pulizia e sterilizzazione&#8221; font_container=&#8221;tag:h1|font_size:27|text_align:center|color:%23ffffff&#8221; use_theme_fonts=&#8221;yes&#8221; css=&#8221;.vc_custom_1701602295563{margin-bottom: 15px !important;background-color: rgba(136,136,136,0.29) !important;*background-color: rgb(136,136,136) !important;}&#8221; animation_type=&#8221;zoomIn&#8221;][vc_empty_space height=&#8221;40&#8243;][\/vc_column][\/vc_row][vc_row conditional_render=&#8221;%5B%7B%22value_role%22%3A%22administrator%22%7D%5D&#8221;][vc_column][vc_raw_html]JTNDbmF2JTIwYXJpYS1sYWJlbCUzRCUyMmJyZWFkY3J1bWIlMjIlM0UlMEElMjAlMjAlM0NvbCUyMGNsYXNzJTNEJTIyYnJlYWRjcnVtYiUyMiUzRSUwQSUyMCUyMCUyMCUyMCUzQ2xpJTIwY2xhc3MlM0QlMjJicmVhZGNydW1iLWl0ZW0lMjIlM0UlM0NhJTIwaHJlZiUzRCUyMmh0dHBzJTNBJTJGJTJGd3d3LmVzcGFtb2IuY29tJTJGaXQlMkYlMjIlM0VIb21lJTNDJTJGYSUzRSUzQyUyRmxpJTNFJTBBJTIwJTIwJTIwJTIwJTNDbGklMjBjbGFzcyUzRCUyMmJyZWFkY3J1bWItaXRlbSUyMiUzRSUzQ2ElMjBocmVmJTNEJTIyaHR0cHMlM0ElMkYlMkZ3d3cuZXNwYW1vYi5jb20lMkZpdCUyRnNldHRvcmktc3RhZ2UtYXppZW5kZS1lcmFzbXVzcGx1cyUyRiUyMiUzRVN0YWdlJTIwaW4lMjBhemllbmRlJTNDJTJGYSUzRSUzQyUyRmxpJTNFJTBBJTIwJTIwJTIwJTIwJTNDbGklMjBjbGFzcyUzRCUyMmJyZWFkY3J1bWItaXRlbSUyMGFjdGl2ZSUyMiUyMGFyaWEtY3VycmVudCUzRCUyMnBhZ2UlMjIlM0VNb2JpbGl0JUMzJUEwJTIwbmVsbGUlMjBwcm9mZXNzaW9uaSUyMGRpJTIwaWdpZW5lJTJDJTIwcHVsaXppYSUyMGUlMjBzdGVyaWxpenphemlvbmUlM0MlMkZsaSUzRSUwQSUyMCUyMCUzQyUyRm9sJTNFJTBBJTNDJTJGbmF2JTNF[\/vc_raw_html][vc_custom_heading text=&#8221;Scopri le opportunit\u00e0 di tirocinio Erasmus Plus nel settore dell&#8217;igiene, pulizia e sterilizzazione&#8221; font_container=&#8221;tag:h2|text_align:center&#8221; use_theme_fonts=&#8221;yes&#8221;][vc_separator]<div class=\"aio-icon-component    style_1\"><div id=\"Info-box-wrap-9437\" class=\"aio-icon-box top-icon\" style=\"\"  ><div class=\"aio-icon-description ult-responsive\"  data-ultimate-target='#Info-box-wrap-9437 .aio-icon-description'  data-responsive-json-new='{\"font-size\":\"\",\"line-height\":\"\"}'  style=\"\"><\/p>\n<p class=\"text-align-justify\" style=\"font-weight: 400; text-align: justify; text-justify: inter-word;\">Questo settore comprende vari lavori legati alla sterilizzazione e alla pulizia.<\/p>\n<p><\/div> <!-- description --><\/div> <!-- aio-icon-box --><\/div> <!-- aio-icon-component -->[\/vc_column][\/vc_row][vc_row css=&#8221;.vc_custom_1636631874200{padding-bottom: 5% !important;}&#8221;][vc_column width=&#8221;1\/2&#8243;]<div class=\"aio-icon-component    style_1\"><div id=\"Info-box-wrap-5783\" class=\"aio-icon-box default-icon\" style=\"\"  ><div class=\"aio-icon-default\"><div class=\"ult-just-icon-wrapper  \"><div class=\"align-icon\" style=\"text-align:center;\">\n<div class=\"aio-icon-img \" style=\"font-size:48px;display:inline-block;\" >\n\t<img decoding=\"async\" class=\"img-icon\" alt=\"null\" src=\"https:\/\/espamob.com\/wp-content\/uploads\/2021\/11\/Sterilization-agent.png\"\/>\n<\/div><\/div><\/div><\/div><div class=\"aio-icon-header\" ><h3 class=\"aio-icon-title ult-responsive\"  data-ultimate-target='#Info-box-wrap-5783 .aio-icon-title'  data-responsive-json-new='{\"font-size\":\"\",\"line-height\":\"\"}'  style=\"\">Agente di sterilizzazione<\/h3><\/div> <!-- header --><div class=\"aio-icon-description ult-responsive\"  data-ultimate-target='#Info-box-wrap-5783 .aio-icon-description'  data-responsive-json-new='{\"font-size\":\"\",\"line-height\":\"\"}'  style=\"\"><\/p>\n<p class=\"text-align-justify\" style=\"font-weight: 400; text-align: justify; text-justify: inter-word;\">Il lavoro dell&#8217;addetto alla sterilizzazione \u00e8 quello di raccogliere, sterilizzare, lavare e disinfettare tutti i panni e gli strumenti in ospedali, sale operatorie, cliniche e case di riposo. Uno stage permetter\u00e0 all&#8217;apprendista di sviluppare nuove competenze in un paese straniero.<\/p>\n<p><\/div> <!-- description --><\/div> <!-- aio-icon-box --><\/div> <!-- aio-icon-component -->[vc_column_text]<\/p>\n<div>\n<p class=\"Pardfaut\"><a href=\"https:\/\/espamob.com\/it\/settori-stage-aziende-erasmusplus\/igiene-pulizia-sterilizzazione\/stage-erasmus-agente-di-sterilizzazione\/\"><span lang=\"IT\">\u2192<\/span><span lang=\"IT\"> Scopri lo stage di agente di sterilizzazione<\/span><\/a><\/p>\n<\/div>\n<p>[\/vc_column_text][\/vc_column][vc_column width=&#8221;1\/2&#8243;]<div class=\"aio-icon-component    style_1\"><div id=\"Info-box-wrap-4596\" class=\"aio-icon-box default-icon\" style=\"\"  ><div class=\"aio-icon-default\"><div class=\"ult-just-icon-wrapper  \"><div class=\"align-icon\" style=\"text-align:center;\">\n<div class=\"aio-icon-img \" style=\"font-size:48px;display:inline-block;\" >\n\t<img decoding=\"async\" class=\"img-icon\" alt=\"null\" src=\"https:\/\/espamob.com\/wp-content\/uploads\/2021\/11\/Cleaning-agent.png\"\/>\n<\/div><\/div><\/div><\/div><div class=\"aio-icon-header\" ><h3 class=\"aio-icon-title ult-responsive\"  data-ultimate-target='#Info-box-wrap-4596 .aio-icon-title'  data-responsive-json-new='{\"font-size\":\"\",\"line-height\":\"\"}'  style=\"\">Pi\u00f9 pulito<\/h3><\/div> <!-- header --><div class=\"aio-icon-description ult-responsive\"  data-ultimate-target='#Info-box-wrap-4596 .aio-icon-description'  data-responsive-json-new='{\"font-size\":\"\",\"line-height\":\"\"}'  style=\"\"><\/p>\n<p class=\"text-align-justify\" style=\"font-weight: 400; text-align: justify; text-justify: inter-word;\">Il professionista esegue compiti di manutenzione ordinaria come spazzare, pulire, lavare e aspirare, in base alle istruzioni ricevute. Uno stage in un paese straniero in questo campo permetter\u00e0 ai giovani apprendisti di sviluppare nuovi metodi e tecniche.<\/p>\n<p><\/div> <!-- description --><\/div> <!-- aio-icon-box --><\/div> <!-- aio-icon-component -->[vc_column_text]<\/p>\n<div>\n<p class=\"Pardfaut\"><a href=\"https:\/\/espamob.com\/it\/settori-stage-aziende-erasmusplus\/igiene-pulizia-sterilizzazione\/stage-erasmus-agente-di-pulizia\/\"><span lang=\"IT\">\u2192<\/span><span lang=\"IT\"> Scopri lo stage di agente di pulizia<\/span><\/a><\/p>\n<\/div>\n<p>[\/vc_column_text][\/vc_column][\/vc_row][vc_row][vc_column][vc_empty_space height=&#8221;10px&#8221;][\/vc_column][\/vc_row][vc_row css=&#8221;.vc_custom_1636631982137{padding-bottom: 3% !important;}&#8221;][vc_column width=&#8221;1\/3&#8243;][\/vc_column][vc_column width=&#8221;1\/3&#8243;]<div id=\"modal-trg-txt-wrap-5737\" class=\"ult-modal-input-wrapper ult-adjust-bottom-margin    \" data-keypress-control=\"keypress-control-enable\" data-overlay-control=\"overlay-control-enable\"><button  data-ultimate-target='#modal-trg-txt-wrap-5737 .btn-modal'  data-responsive-json-new='{\"font-size\":\"\",\"line-height\":\"\"}'  style=\"background:#333333;border-color:#333333;color:#ffffff; \" data-class-id=\"content-69e8149e939fc0-48897827\" class=\"btn-modal ult-responsive btn-primary btn-modal-lg overlay-show-genie ult-align-center btn-id-69e8149e939fc0-48897827\" >Citazione in meno di 5 minuti<\/button><\/div>\n<div class=\"ult-overlay overlay-genie content-69e8149e939fc0-48897827 \" style=\"display:none\" data-class=\"content-69e8149e939fc0-48897827\" data-steps=\"m 701.56545,809.01175 35.16718,0 0,19.68384 -35.16718,0 z;m 698.9986,728.03569 41.23353,0 -3.41953,77.8735 -34.98557,0 z;m 687.08153,513.78234 53.1506,0 C 738.0505,683.9161 737.86917,503.34193 737.27015,806 l -35.90067,0 c -7.82727,-276.34892 -2.06916,-72.79261 -14.28795,-292.21766 z;m 403.87105,257.94772 566.31246,2.93091 C 923.38284,513.78233 738.73561,372.23931 737.27015,806 l -35.90067,0 C 701.32034,404.49318 455.17312,480.07689 403.87105,257.94772 z;M 51.871052,165.94772 1362.1835,168.87863 C 1171.3828,653.78233 738.73561,372.23931 737.27015,806 l -35.90067,0 C 701.32034,404.49318 31.173122,513.78234 51.871052,165.94772 z;m 52,26 1364,4 c -12.8007,666.9037 -273.2644,483.78234 -322.7299,776 l -633.90062,0 C 359.32034,432.49318 -6.6979288,733.83462 52,26 z;m 0,0 1439.999975,0 0,805.99999 -1439.999975,0 z\">\n\t<svg xmlns=\"http:\/\/www.w3.org\/2000\/svg\" width=\"100%\" height=\"100%\" viewBox=\"0 0 1440 806\" preserveAspectRatio=\"none\">\n\t\t\t\t\t\t\t<path class=\"overlay-path\" d=\"m 701.56545,809.01175 35.16718,0 0,19.68384 -35.16718,0 z\" style=\"fill:rgba(51,51,51,0.8);\"\/>\n\t\t\t\t\t\t<\/svg>\n\t<div class=\"ult_modal ult-fade ult-medium\">\n\t\t<div id=\"ult-modal-wrap-9464\" class=\"ult_modal-content ult-hide\" style=\"border-style:solid;border-width:2px;border-radius:0px;border-color:#333333;\">\n\t\t\t<div class=\"ult_modal-header\" style=\"color:#333333;border-color:#333333;\">\n\t\t\t\t<div class=\"modal-icon\"><i class=\"Defaults-envelope-o\"><\/i><\/div><h3  data-ultimate-target='#ult-modal-wrap-9464 .ult_modal-title'  data-responsive-json-new='{\"font-size\":\"\",\"line-height\":\"\"}'  class=\"ult_modal-title ult-responsive\">Citazione in meno di 5 minuti<\/h3>\n\t\t\t<\/div>\n\t\t\t<div  data-ultimate-target='#ult-modal-wrap-9464 .ult_modal-body'  data-responsive-json-new='{\"font-size\":\"\",\"line-height\":\"\"}'  class=\"ult_modal-body ult-responsive ult-html\" style=\"\">\n\t\t\t<\/p>\n<p>[caldera_form id=&#8221;CF61499d9470acd&#8221;]<\/p>\n<p>\n\t\t\t<\/div>\n\t<\/div>\n\t<\/div>\n\t<div class=\"ult-overlay-close top-right\" style=\" \"><div class=\"ult-overlay-close-inside\">Close<\/div><\/div>\n<\/div>[\/vc_column][vc_column width=&#8221;1\/3&#8243;][\/vc_column][\/vc_row][vc_row][vc_column css=&#8221;.vc_custom_1636634852301{padding-bottom: 3% !important;}&#8221;]<div class=\"mgl_tubelab mgl_tubelab_container mgl_tubelab_template_default\" data-mgl-tubelab-parameters=\"type=playlist&value=PLLGrER9ieWtA32I7mddfI7UuFU91w6OtN&user=&channel_id=&count=4&cols=4&mode=lightbox&template=default&display=title&pagination=true&size=medium&video_id=&playlists=all&mini=0\">\n\t<div class=\"mgl_tubelab mgl_tubelab_content mgl_tubelab_content-cols4\">\n\t<\/div>\n\t\t\t<div class=\"mgl_tubelab_pagination\">\n\t\t\t<div class=\"mgl_tubelab_pagination_item mgl_tubelab_pagination_item_prev\">\n\t\t\t\t<a href=\"#\" class=\"mgl_tubelab_pagination_prev\">Previous page<\/a>\n\t\t\t<\/div>\n\t\t\t<div class=\"mgl_tubelab_pagination_item mgl_tubelab_pagination_item_next\">\n\t\t\t\t<a href=\"#\" class=\"mgl_tubelab_pagination_next\">Next page<\/a>\n\t\t\t<\/div>\n\t\t<\/div>\n\t<\/div>[\/vc_column][\/vc_row][vc_row full_width=&#8221;stretch_row&#8221; css=&#8221;.vc_custom_1701247388199{padding-top: 15px !important;padding-bottom: 15px !important;background-color: #f8f893 !important;}&#8221; conditional_render=&#8221;%5B%7B%22value_role%22%3A%22administrator%22%7D%5D&#8221;][vc_column][vc_custom_heading text=&#8221;Avete domande sul vostro tirocinio Erasmus Plus?&#8221; font_container=&#8221;tag:h2|text_align:center&#8221; google_fonts=&#8221;font_family:Open%20Sans%3A300%2C300italic%2Cregular%2Citalic%2C600%2C600italic%2C700%2C700italic%2C800%2C800italic|font_style:300%20light%20regular%3A300%3Anormal&#8221;][vc_column_text]Espamob seleziona i suoi partner per offrirvi un\u2019ampia gamma di tirocini in diversi settori. Approfittate di un\u2019assistenza personalizzata per prepararvi alla vostra esperienza di mobilit\u00e0 in Spagna.<\/p>\n<p>Non aspettate oltre,<strong>\u00a0contattate subito un esperto Espamob<\/strong>\u00a0e fate il primo passo verso un\u2019esperienza Erasmus + di successo![\/vc_column_text][vc_btn title=&#8221;Contatto Espamob&#8221; style=&#8221;custom&#8221; custom_background=&#8221;#e3001a&#8221; custom_text=&#8221;#ffffff&#8221; shape=&#8221;rounded&#8221; align=&#8221;center&#8221; link=&#8221;url:https%3A%2F%2Fespamob.com%2Fit%2Fcontacto-con-nuestro-equipo-de-movilidad|title:Contacto&#8221;][\/vc_column][\/vc_row][vc_row][vc_column][vc_custom_heading text=&#8221;Domande frequenti sugli stage nel settore dell&#8217;igiene, della pulizia e della sterilizzazione&#8221; font_container=&#8221;tag:h2|text_align:center|color:%23cd6155&#8243; use_theme_fonts=&#8221;yes&#8221;][vc_separator][\/vc_column][\/vc_row][vc_row][vc_column width=&#8221;2\/3&#8243;][vc_custom_heading text=&#8221;Perch\u00e9 fare uno stage all&#8217;estero nel settore dell&#8217;igiene ?&#8221; font_container=&#8221;tag:h3|text_align:justify|color:%23cd6155&#8243; use_theme_fonts=&#8221;yes&#8221;][vc_column_text]<\/p>\n<p class=\"text-align-justify\" style=\"font-weight: 400; text-align: justify; text-justify: inter-word;\">Prima di tutto, fare uno stage all&#8217;estero permetter\u00e0 all&#8217;apprendista di sviluppare nuove tecniche che sono tipiche del paese straniero. Inoltre, sar\u00e0 un&#8217;esperienza preziosa da aggiungere al Curriculum.<\/p>\n<p>[\/vc_column_text][vc_custom_heading text=&#8221;\u00c8 possibile andare all&#8217;estero per uno stage anche se non si parla necessariamente bene la lingua del paese ospitante ?&#8221; font_container=&#8221;tag:h3|text_align:justify|color:%23cd6155&#8243; use_theme_fonts=&#8221;yes&#8221;][vc_column_text]<\/p>\n<p class=\"text-align-justify\" style=\"font-weight: 400; text-align: justify; text-justify: inter-word;\">Non tutti gli apprendisti che vengono a fare uno stage all&#8217;estero con Espamob parlano perfettamente la lingua del paese ospitante e non \u00e8 questa la ragione per cui la mobilit\u00e0 non va bene. \u00c8 proprio un&#8217;esperienza come questa che aiuter\u00e0 i giovani a conoscere meglio la lingua e a scoprire il lavoro che gli piace in un altro paese.<\/p>\n<p>[\/vc_column_text][vc_custom_heading text=&#8221;Qual \u00e8 la durata minima e massima di una mobilit\u00e0 nelle professioni di igiene, pulizia e sterilizzazione ?&#8221; font_container=&#8221;tag:h3|text_align:justify|color:%23cd6155&#8243; use_theme_fonts=&#8221;yes&#8221;][vc_column_text]<\/p>\n<p class=\"text-align-justify\" style=\"font-weight: 400; text-align: justify; text-justify: inter-word;\">La durata minima per una mobilit\u00e0 nell&#8217;industria alimentare \u00e8 di due settimane. Gli stage di solito durano tra le due e le quattro settimane, ma questo pu\u00f2 variare. Possiamo anche fare mobilit\u00e0 pi\u00f9 lunghe, fino a sei mesi.<\/p>\n<p><script type=\"application\/ld+json\">{\"@context\":\"https:\/\/schema.org\",\"@type\":\"FAQPage\",\"mainEntity\":[{\"@type\":\"Question\",\"name\":\"Perch\u00e9 fare uno stage all'estero nel settore dell'igiene ?\",\"acceptedAnswer\":{\"@type\":\"Answer\",\"text\":\"Prima di tutto, fare uno stage all'estero permetter\u00e0 all'apprendista di sviluppare nuove tecniche che sono tipiche del paese straniero. Inoltre, sar\u00e0 un'esperienza preziosa da aggiungere al Curriculum.\"}},{\"@type\":\"Question\",\"name\":\"\u00c8 possibile andare all'estero per uno stage anche se non si parla necessariamente bene la lingua del paese ospitante ?\",\"acceptedAnswer\":{\"@type\":\"Answer\",\"text\":\"Non tutti gli apprendisti che vengono a fare uno stage all'estero con Espamob parlano perfettamente la lingua del paese ospitante e non \u00e8 questa la ragione per cui la mobilit\u00e0 non va bene. \u00c8 proprio un'esperienza come questa che aiuter\u00e0 i giovani a conoscere meglio la lingua e a scoprire il lavoro che gli piace in un altro paese.\"}},{\"@type\":\"Question\",\"name\":\"Qual \u00e8 la durata minima e massima di una mobilit\u00e0 nelle professioni di igiene, pulizia e sterilizzazione ?\",\"acceptedAnswer\":{\"@type\":\"Answer\",\"text\":\"La durata minima per una mobilit\u00e0 nell'industria alimentare \u00e8 di due settimane. Gli stage di solito durano tra le due e le quattro settimane, ma questo pu\u00f2 variare. Possiamo anche fare mobilit\u00e0 pi\u00f9 lunghe, fino a sei mesi.\"}}]}<\/script>[\/vc_column_text][\/vc_column][vc_column width=&#8221;1\/3&#8243;][vc_single_image image=&#8221;12210&#8243; img_size=&#8221;400&#215;600&#8243; alignment=&#8221;center&#8221;][\/vc_column][\/vc_row]<\/p>\n<\/div>","protected":false},"excerpt":{"rendered":"<p>[vc_row css=&#8221;.vc_custom_1701371777289{margin-top: -20px !important;margin-bottom: 40px !important;background-image: url(https:\/\/espamob.com\/wp-content\/uploads\/2023\/11\/Profesiones-de-higiene.webp?id=21300) !important;}&#8221; conditional_render=&#8221;%5B%7B%22value_role%22%3A%22administrator%22%7D%5D&#8221;][vc_column css=&#8221;.vc_custom_1687965657482{padding-top: 30px !important;}&#8221; conditional_render=&#8221;%5B%7B%22value_role%22%3A%22administrator%22%7D%5D&#8221;][vc_empty_space height=&#8221;170&#8243;][vc_custom_heading text=&#8221;Mobilit\u00e0 Erasmus Plus nelle professioni di igiene, pulizia e sterilizzazione&#8221; font_container=&#8221;tag:h1|font_size:27|text_align:center|color:%23ffffff&#8221; use_theme_fonts=&#8221;yes&#8221; css=&#8221;.vc_custom_1701602295563{margin-bottom: 15px !important;background-color: rgba(136,136,136,0.29) !important;*background-color: rgb(136,136,136) !important;}&#8221; animation_type=&#8221;zoomIn&#8221;][vc_empty_space height=&#8221;40&#8243;][\/vc_column][\/vc_row][vc_row conditional_render=&#8221;%5B%7B%22value_role%22%3A%22administrator%22%7D%5D&#8221;][vc_column][vc_raw_html]JTNDbmF2JTIwYXJpYS1sYWJlbCUzRCUyMmJyZWFkY3J1bWIlMjIlM0UlMEElMjAlMjAlM0NvbCUyMGNsYXNzJTNEJTIyYnJlYWRjcnVtYiUyMiUzRSUwQSUyMCUyMCUyMCUyMCUzQ2xpJTIwY2xhc3MlM0QlMjJicmVhZGNydW1iLWl0ZW0lMjIlM0UlM0NhJTIwaHJlZiUzRCUyMmh0dHBzJTNBJTJGJTJGd3d3LmVzcGFtb2IuY29tJTJGaXQlMkYlMjIlM0VIb21lJTNDJTJGYSUzRSUzQyUyRmxpJTNFJTBBJTIwJTIwJTIwJTIwJTNDbGklMjBjbGFzcyUzRCUyMmJyZWFkY3J1bWItaXRlbSUyMiUzRSUzQ2ElMjBocmVmJTNEJTIyaHR0cHMlM0ElMkYlMkZ3d3cuZXNwYW1vYi5jb20lMkZpdCUyRnNldHRvcmktc3RhZ2UtYXppZW5kZS1lcmFzbXVzcGx1cyUyRiUyMiUzRVN0YWdlJTIwaW4lMjBhemllbmRlJTNDJTJGYSUzRSUzQyUyRmxpJTNFJTBBJTIwJTIwJTIwJTIwJTNDbGklMjBjbGFzcyUzRCUyMmJyZWFkY3J1bWItaXRlbSUyMGFjdGl2ZSUyMiUyMGFyaWEtY3VycmVudCUzRCUyMnBhZ2UlMjIlM0VNb2JpbGl0JUMzJUEwJTIwbmVsbGUlMjBwcm9mZXNzaW9uaSUyMGRpJTIwaWdpZW5lJTJDJTIwcHVsaXppYSUyMGUlMjBzdGVyaWxpenphemlvbmUlM0MlMkZsaSUzRSUwQSUyMCUyMCUzQyUyRm9sJTNFJTBBJTNDJTJGbmF2JTNF[\/vc_raw_html][vc_custom_heading text=&#8221;Scopri le opportunit\u00e0 di tirocinio Erasmus Plus nel settore dell&#8217;igiene, pulizia e sterilizzazione&#8221; font_container=&#8221;tag:h2|text_align:center&#8221; use_theme_fonts=&#8221;yes&#8221;][vc_separator][\/vc_column][\/vc_row][vc_row css=&#8221;.vc_custom_1636631874200{padding-bottom: 5% !important;}&#8221;][vc_column width=&#8221;1\/2&#8243;][vc_column_text]<\/p>\n","protected":false},"author":2,"featured_media":0,"parent":12757,"menu_order":0,"comment_status":"closed","ping_status":"closed","template":"","meta":{"footnotes":""},"class_list":["post-12718","page","type-page","status-publish","hentry"],"_links":{"self":[{"href":"https:\/\/espamob.com\/it\/wp-json\/wp\/v2\/pages\/12718","targetHints":{"allow":["GET"]}}],"collection":[{"href":"https:\/\/espamob.com\/it\/wp-json\/wp\/v2\/pages"}],"about":[{"href":"https:\/\/espamob.com\/it\/wp-json\/wp\/v2\/types\/page"}],"author":[{"embeddable":true,"href":"https:\/\/espamob.com\/it\/wp-json\/wp\/v2\/users\/2"}],"replies":[{"embeddable":true,"href":"https:\/\/espamob.com\/it\/wp-json\/wp\/v2\/comments?post=12718"}],"version-history":[{"count":0,"href":"https:\/\/espamob.com\/it\/wp-json\/wp\/v2\/pages\/12718\/revisions"}],"up":[{"embeddable":true,"href":"https:\/\/espamob.com\/it\/wp-json\/wp\/v2\/pages\/12757"}],"wp:attachment":[{"href":"https:\/\/espamob.com\/it\/wp-json\/wp\/v2\/media?parent=12718"}],"curies":[{"name":"wp","href":"https:\/\/api.w.org\/{rel}","templated":true}]}}