{"id":11429,"date":"2021-10-22T10:44:20","date_gmt":"2021-10-22T10:44:20","guid":{"rendered":"https:\/\/www.espamob.com\/offre-relation-entreprises-erasmus\/"},"modified":"2023-06-16T05:58:16","modified_gmt":"2023-06-16T05:58:16","slug":"offre-relation-entreprises-erasmus","status":"publish","type":"page","link":"https:\/\/espamob.com\/it\/offre-relation-entreprises-erasmus\/","title":{"rendered":"OFFRE RELATION ENTREPRISES ERASMUS +"},"content":{"rendered":"<div class=\"wpb-content-wrapper\"><p>[vc_row][vc_column][vc_custom_heading text=&#8221;ERASMUS + COMPANY RELATIONS OFFER&#8221; font_container=&#8221;tag:h1|text_align:center&#8221; use_theme_fonts=&#8221;yes&#8221; css=&#8221;.vc_custom_1634899703669{padding-top: 2% !important;}&#8221;][vc_separator][vc_row_inner][vc_column_inner][vc_empty_space][\/vc_column_inner][\/vc_row_inner][vc_custom_heading text=&#8221;Contesto aziendale&#8221; font_container=&#8221;tag:h2|text_align:left|color:%23e30019&#8243;][vc_column_text css=&#8221;.vc_custom_1634901814154{padding-left: 6% !important;}&#8221;]<span style=\"color: #999999;\" data-darkreader-inline-color=\"\">Espamob&#8217; \u00e8 un&#8217;organizzazione partner di Erasmus + mobilit\u00e0 europea. Riceviamo e coordiniamo progetti Erasmus+ da tutti i paesi europei per garantire competenze e mobilit\u00e0 di successo.<\/span><\/p>\n<p><span style=\"color: #999999;\" data-darkreader-inline-color=\"\">Nella nostra agenzia, ti verr\u00e0 richiesto di mettere le tue competenze per sviluppare le migliori relazioni con le nostre aziende partner e crearne di nuove. I nostri uffici sono situati nel quartiere degli affari di Barcellona, a 200 metri dal mare. Saremo lieti di darti il benvenuto nel nostro team multiculturale se soddisfi tutti i nostri criteri di ricerca!<\/span><\/p>\n<p><span style=\"color: #999999;\" data-darkreader-inline-color=\"\">Per questa posizione, ti verranno affidati diversi tipi di missioni:<\/span>[\/vc_column_text][vc_custom_heading text=&#8221;Missione dello stage&#8221; font_container=&#8221;tag:h2|text_align:left|color:%23e30019&#8243;][vc_row_inner][vc_column_inner][vc_custom_heading text=&#8221;La ricerca di nuove collaborazioni&#8221; font_container=&#8221;tag:h3|text_align:left&#8221; css=&#8221;.vc_custom_1634901834311{padding-left: 6% !important;}&#8221;][vc_column_text css=&#8221;.vc_custom_1634902077691{padding-left: 8% !important;}&#8221;]<span style=\"color: #999999;\" data-darkreader-inline-color=\"\">I tuoi compiti principali saranno cercare nuove collaborazioni con aziende per ampliare i contatti di Espamob e sviluppare cos\u00ec i settori di attivit\u00e0 proposti a studenti e istituzioni. Le missioni riguardanti la ricerca di nuove collaborazioni saranno molteplici:<\/span><\/p>\n<ul>\n<li><span style=\"color: #999999;\" data-darkreader-inline-color=\"\">Ricerca di potenziali aziende<\/span><\/li>\n<li><span style=\"color: #999999;\" data-darkreader-inline-color=\"\">Prospezione intelligente<\/span><\/li>\n<li><span style=\"color: #999999;\" data-darkreader-inline-color=\"\">Stabilire collaborazioni strategiche con diversi settori (aziende, associazioni&#8230;)<\/span><\/li>\n<li><span style=\"color: #999999;\" data-darkreader-inline-color=\"\">Promuovere le aziende con diversi mezzi: e-mail, telefono &#8230;<\/span><\/li>\n<li><span style=\"color: #999999;\" data-darkreader-inline-color=\"\">Visite in aziende<\/span><\/li>\n<li><span style=\"color: #999999;\" data-darkreader-inline-color=\"\">Presentazione dei nostri servizi e progetti<\/span><\/li>\n<li><span style=\"color: #999999;\" data-darkreader-inline-color=\"\">Attivazione di collaborazioni con aziende partner<\/span><\/li>\n<li><span style=\"color: #999999;\" data-darkreader-inline-color=\"\">Ottimizzazione del rapporto con il cliente<\/span><\/li>\n<\/ul>\n<p><span style=\"color: #999999;\" data-darkreader-inline-color=\"\">Con il nostro team multiculturale imparerai a creare vere relazioni commerciali con le nostre aziende partner, per raggiungere obiettivi interni. Il tuo coinvolgimento sar\u00e0 fondamentale per la realizzazione di progetti futuri.<\/span>[\/vc_column_text][vc_custom_heading text=&#8221;La logistica&#8221; font_container=&#8221;tag:h3|text_align:left&#8221; css=&#8221;.vc_custom_1634901843713{padding-left: 6% !important;}&#8221;][vc_column_text css=&#8221;.vc_custom_1634902140121{padding-left: 8% !important;}&#8221;]<span style=\"color: #999999;\" data-darkreader-inline-color=\"\">L&#8217;organizzazione di progetti di mobilit\u00e0 con enti e aziende partner \u00e8 un compito che richiede molta logistica e organizzazione. Le mansioni riguardanti la logistica interna saranno variegate:<\/span><\/p>\n<ul>\n<li><span style=\"color: #999999;\" data-darkreader-inline-color=\"\">Definire gli obiettivi interni ma anche gli obiettivi dei progetti e dei partner<\/span><\/li>\n<li><span style=\"color: #999999;\" data-darkreader-inline-color=\"\">Organizzazione dei programmi di mobilit\u00e0<\/span><\/li>\n<li><span style=\"color: #999999;\" data-darkreader-inline-color=\"\">Rispetto delle scadenze<\/span><\/li>\n<li><span style=\"color: #999999;\" data-darkreader-inline-color=\"\">Riunioni ricorrenti con il team per garantire il buon andamento dei progetti<\/span><\/li>\n<\/ul>\n<p>[\/vc_column_text][vc_custom_heading text=&#8221;Follow-up del Progetto&#8221; font_container=&#8221;tag:h3|text_align:left&#8221; css=&#8221;.vc_custom_1634901852668{padding-left: 6% !important;}&#8221;][vc_column_text css=&#8221;.vc_custom_1634902279077{padding-left: 8% !important;}&#8221;]<span style=\"color: #999999;\" data-darkreader-inline-color=\"\">Espamob&#8217; mira a soddisfare i suoi partner grazie alla sua competenza e ai suoi servizi di qualit\u00e0. Per dimostrare questa professionalit\u00e0, il follow-up del progetto \u00e8 una risorsa importante. Le missioni che vi saranno affidate per il follow-up del progetto sono molteplici:<\/span><\/p>\n<ul>\n<li><span style=\"color: #999999;\" data-darkreader-inline-color=\"\">Accoglienza di gruppi<\/span><\/li>\n<li><span style=\"color: #999999;\" data-darkreader-inline-color=\"\">Visite alle aziende<\/span><\/li>\n<li><span style=\"color: #999999;\" data-darkreader-inline-color=\"\">Partecipazione a valutazioni<\/span><\/li>\n<li><span style=\"color: #999999;\" data-darkreader-inline-color=\"\">Costante contatto con le aziende<\/span><\/li>\n<li><span style=\"color: #999999;\" data-darkreader-inline-color=\"\">Garantire il regolare svolgimento dell&#8217;esperienza di lavoro con i partecipanti<\/span><\/li>\n<\/ul>\n<p>[\/vc_column_text][\/vc_column_inner][\/vc_row_inner][vc_custom_heading text=&#8221;Profilo ricercato&#8221; font_container=&#8221;tag:h2|text_align:left|color:%23e30019&#8243;][vc_column_text css=&#8221;.vc_custom_1634902329382{padding-left: 6% !important;}&#8221;]<span style=\"color: #999999;\" data-darkreader-inline-color=\"\">Per questa posizione, cerchiamo uno studente di master o un neolaureato di una scuola commerciale o commerciale. Per candidarsi a questa posizione \u00e8 necessaria una precedente esperienza di vendita. Motivati, versatili e autonomi, cerchiamo la perla rara.<\/span><\/p>\n<p><span style=\"color: #999999;\" data-darkreader-inline-color=\"\">Saranno richieste diverse tipologie di competenze:<\/span>[\/vc_column_text][vc_row_inner][vc_column_inner][vc_custom_heading text=&#8221;Abilit\u00e0 tecniche&#8221; font_container=&#8221;tag:h3|text_align:left&#8221; css=&#8221;.vc_custom_1634902342584{padding-left: 6% !important;}&#8221;][vc_column_text css=&#8221;.vc_custom_1634902937695{padding-left: 8% !important;}&#8221;]<\/p>\n<ul>\n<li><span style=\"color: #999999;\" data-darkreader-inline-color=\"\">Pacchetto ufficio<\/span><\/li>\n<li><span style=\"color: #999999;\" data-darkreader-inline-color=\"\">Spagnolo livello C1, inglese livello B2<\/span><\/li>\n<li><span style=\"color: #999999;\" data-darkreader-inline-color=\"\">Francese e catalano sono un plus<\/span><\/li>\n<\/ul>\n<p>[\/vc_column_text][vc_custom_heading text=&#8221;Abilit\u00e0 funzionali&#8221; font_container=&#8221;tag:h3|text_align:left&#8221; css=&#8221;.vc_custom_1634902352837{padding-left: 6% !important;}&#8221;][vc_column_text css=&#8221;.vc_custom_1634902999785{padding-left: 8% !important;}&#8221;]<\/p>\n<ul>\n<li><span style=\"color: #999999;\" data-darkreader-inline-color=\"\">Grande senso di organizzazione e negoziazione<\/span><\/li>\n<li><span style=\"color: #999999;\" data-darkreader-inline-color=\"\">Spirito commerciale<\/span><\/li>\n<li><span style=\"color: #999999;\" data-darkreader-inline-color=\"\">Visione strategica<\/span><\/li>\n<li><span style=\"color: #999999;\" data-darkreader-inline-color=\"\">Ottimizzazione del tempo<\/span><\/li>\n<li><span style=\"color: #999999;\" data-darkreader-inline-color=\"\">Grande autonomia<\/span><\/li>\n<\/ul>\n<p>[\/vc_column_text][\/vc_column_inner][\/vc_row_inner][vc_row_inner][vc_column_inner width=&#8221;1\/3&#8243;][\/vc_column_inner][vc_column_inner width=&#8221;1\/3&#8243;]\n<div class=\"wpcf7 no-js\" id=\"wpcf7-f11330-o1\" lang=\"en-US\" dir=\"ltr\" data-wpcf7-id=\"11330\">\n<div class=\"screen-reader-response\"><p role=\"status\" aria-live=\"polite\" aria-atomic=\"true\"><\/p> <ul><\/ul><\/div>\n<form action=\"\/it\/wp-json\/wp\/v2\/pages\/11429#wpcf7-f11330-o1\" method=\"post\" class=\"wpcf7-form init\" aria-label=\"Contact form\" enctype=\"multipart\/form-data\" novalidate=\"novalidate\" data-status=\"init\">\n<fieldset class=\"hidden-fields-container\"><input type=\"hidden\" name=\"_wpcf7\" value=\"11330\" \/><input type=\"hidden\" name=\"_wpcf7_version\" value=\"6.1.5\" \/><input type=\"hidden\" name=\"_wpcf7_locale\" value=\"en_US\" \/><input type=\"hidden\" name=\"_wpcf7_unit_tag\" value=\"wpcf7-f11330-o1\" \/><input type=\"hidden\" name=\"_wpcf7_container_post\" value=\"0\" \/><input type=\"hidden\" name=\"_wpcf7_posted_data_hash\" value=\"\" \/><input type=\"hidden\" name=\"_wpcf7_recaptcha_response\" value=\"\" \/>\n<\/fieldset>\n<label >Il tuo curriculum : \n<span class=\"wpcf7-form-control-wrap\" data-name=\"file-863\"><input size=\"40\" class=\"wpcf7-form-control wpcf7-file wpcf7-validates-as-required\" accept=\".pdf\" aria-required=\"true\" aria-invalid=\"false\" type=\"file\" name=\"file-863\" \/><\/span><label>\n<input class=\"wpcf7-form-control wpcf7-submit has-spinner\" type=\"submit\" value=\"Invia\" \/><div class=\"wpcf7-response-output\" aria-hidden=\"true\"><\/div>\n<\/form>\n<\/div>\n[\/vc_column_inner][vc_column_inner width=&#8221;1\/3&#8243;][vc_btn title=&#8221;Scarica l&#8217;offerta in pdf&#8221; size=&#8221;lg&#8221; align=&#8221;center&#8221; link=&#8221;url:https%3A%2F%2Fespamob.com%2Fwp-content%2Fuploads%2F2021%2F10%2FOFFRE-RELATION-ENTREPRISES-ERASMUS-IT.pdf|||&#8221;][\/vc_column_inner][\/vc_row_inner][\/vc_column][\/vc_row]<\/p>\n<\/div>","protected":false},"excerpt":{"rendered":"<p>[vc_row][vc_column][vc_custom_heading text=&#8221;ERASMUS + COMPANY RELATIONS OFFER&#8221; font_container=&#8221;tag:h1|text_align:center&#8221; use_theme_fonts=&#8221;yes&#8221; css=&#8221;.vc_custom_1634899703669{padding-top: 2% !important;}&#8221;][vc_separator][vc_row_inner][vc_column_inner][vc_empty_space][\/vc_column_inner][\/vc_row_inner][vc_custom_heading text=&#8221;Contesto aziendale&#8221; font_container=&#8221;tag:h2|text_align:left|color:%23e30019&#8243;][vc_column_text css=&#8221;.vc_custom_1634901814154{padding-left: 6% !important;}&#8221;]Espamob&#8217; \u00e8 un&#8217;organizzazione partner di Erasmus + mobilit\u00e0 europea. Riceviamo e coordiniamo progetti Erasmus+ da tutti i paesi europei per garantire competenze e mobilit\u00e0 di successo. Nella nostra agenzia, ti verr\u00e0 richiesto di mettere le tue competenze per sviluppare<\/p>\n","protected":false},"author":2,"featured_media":0,"parent":0,"menu_order":0,"comment_status":"closed","ping_status":"closed","template":"","meta":{"footnotes":""},"class_list":["post-11429","page","type-page","status-publish","hentry"],"_links":{"self":[{"href":"https:\/\/espamob.com\/it\/wp-json\/wp\/v2\/pages\/11429","targetHints":{"allow":["GET"]}}],"collection":[{"href":"https:\/\/espamob.com\/it\/wp-json\/wp\/v2\/pages"}],"about":[{"href":"https:\/\/espamob.com\/it\/wp-json\/wp\/v2\/types\/page"}],"author":[{"embeddable":true,"href":"https:\/\/espamob.com\/it\/wp-json\/wp\/v2\/users\/2"}],"replies":[{"embeddable":true,"href":"https:\/\/espamob.com\/it\/wp-json\/wp\/v2\/comments?post=11429"}],"version-history":[{"count":0,"href":"https:\/\/espamob.com\/it\/wp-json\/wp\/v2\/pages\/11429\/revisions"}],"wp:attachment":[{"href":"https:\/\/espamob.com\/it\/wp-json\/wp\/v2\/media?parent=11429"}],"curies":[{"name":"wp","href":"https:\/\/api.w.org\/{rel}","templated":true}]}}