{"id":11364,"date":"2021-10-21T12:03:24","date_gmt":"2021-10-21T12:03:24","guid":{"rendered":"https:\/\/www.espamob.com\/offres-de-stage-mkt-et-communication-espamob\/"},"modified":"2023-06-16T05:58:10","modified_gmt":"2023-06-16T05:58:10","slug":"offres-de-stage-mkt-et-communication-espamob","status":"publish","type":"page","link":"https:\/\/espamob.com\/it\/offres-de-stage-mkt-et-communication-espamob\/","title":{"rendered":"OFFRES DE STAGE MKT ET COMMUNICATION ESPAMOB"},"content":{"rendered":"<div class=\"wpb-content-wrapper\"><p>[vc_row][vc_column][vc_custom_heading text=&#8221;Digital marketing\/communication and project coordination&#8221; font_container=&#8221;tag:h1|text_align:center&#8221; use_theme_fonts=&#8221;yes&#8221; css=&#8221;.vc_custom_1634826182722{padding-top: 2% !important;}&#8221;][vc_separator][vc_video link=&#8221;https:\/\/www.youtube.com\/watch?v=nnLvkDAqiQ4&amp;ab_channel=Espamob%27-EuropeanMobilityProgram&#8221; el_width=&#8221;60&#8243; align=&#8221;center&#8221;][vc_row_inner][vc_column_inner][vc_empty_space][\/vc_column_inner][\/vc_row_inner][vc_custom_heading text=&#8221;Contesto aziendale&#8221; font_container=&#8221;tag:h2|text_align:left|color:%23e30019&#8243;][vc_column_text css=&#8221;.vc_custom_1634826563417{padding-left: 6% !important;}&#8221;]<span style=\"color: #999999;\" data-darkreader-inline-color=\"\">Espamob&#8217; \u00e8 un&#8217;organizzazione <strong>partner di Erasmus +<\/strong> mobilit\u00e0 europea. Riceviamo e coordiniamo progetti Erasmus+ da tutti i paesi europei per garantire competenze e <strong>mobilit\u00e0 di successo<\/strong> in Spagna.<\/span><\/p>\n<p><span style=\"color: #999999;\" data-darkreader-inline-color=\"\">All&#8217;interno della nostra azienda, ti verr\u00e0 richiesto di mettere le tue capacit\u00e0 per sviluppare la <strong>visibilit\u00e0<\/strong> e la <strong>notoriet\u00e0<\/strong> di Espamob. I nostri uffici sono situati nel quartiere degli affari di Barcellona, a 200 metri dal mare. Saremo lieti di darti il benvenuto nel nostro team multinazionale se soddisfi tutti i nostri criteri di ricerca!<\/span><\/p>\n<p><span style=\"color: #999999;\" data-darkreader-inline-color=\"\">Nell&#8217;ambiente di comunicazione e marketing aziendale, ti verranno affidati diversi tipi di missioni:<\/span><\/p>\n<div id=\"simple-translate\">\n<div>\n<div class=\"simple-translate-button isShow\" style=\"background-image: url('moz-extension:\/\/e70d48cc-1379-4f58-afbb-4e126b80ad3d\/icons\/512.png'); height: 22px; width: 22px; top: 61px; left: 597px;\"><\/div>\n<div class=\"simple-translate-panel \" style=\"width: 300px; height: 200px; top: 0px; left: 0px; font-size: 13px; background-color: #181818;\">\n<div class=\"simple-translate-result-wrapper\" style=\"overflow: hidden;\">\n<div class=\"simple-translate-move\" draggable=\"true\"><\/div>\n<div class=\"simple-translate-result-contents\">\n<p class=\"simple-translate-candidate\" dir=\"auto\" style=\"color: #aaaaaa;\">\n<\/div>\n<\/div>\n<\/div>\n<\/div>\n<\/div>\n<p>[\/vc_column_text][vc_custom_heading text=&#8221;Missione dello stage&#8221; font_container=&#8221;tag:h2|text_align:left|color:%23e30019&#8243;][vc_row_inner][vc_column_inner][vc_custom_heading text=&#8221;Digital marketing :&#8221; font_container=&#8221;tag:h3|text_align:left|color:%23000000&#8243; css=&#8221;.vc_custom_1634822065211{padding-left: 6% !important;}&#8221;][vc_column_text css=&#8221;.vc_custom_1634826741304{padding-left: 8% !important;}&#8221;]<span style=\"color: #999999;\" data-darkreader-inline-color=\"\">Il digital marketing di Espamob&#8217; include diversi tipi di attivit\u00e0. Dai social network al montaggio video fino alle campagne di mailing, le missioni che ti verranno affidate saranno molteplici:<\/span><\/p>\n<ul>\n<li><span style=\"color: #999999;\" data-darkreader-inline-color=\"\"><strong>Gestione<\/strong> e <strong>sviluppo<\/strong> di social network<\/span><\/li>\n<li><span style=\"color: #999999;\" data-darkreader-inline-color=\"\">Progettazione di un calendario di pubblicazione<\/span><\/li>\n<li><span style=\"color: #999999;\" data-darkreader-inline-color=\"\"><strong>Animazione<\/strong> delle comunit\u00e0<\/span><\/li>\n<li><span style=\"color: #999999;\" data-darkreader-inline-color=\"\"><strong>Comunicazione<\/strong> esterna tramite mailing<\/span><span style=\"color: #999999;\" data-darkreader-inline-color=\"\">(pianificazione, scrittura, design, gestione database, analisi dei risultati e conservazione)<\/span><\/li>\n<li><span style=\"color: #999999;\" data-darkreader-inline-color=\"\"><strong>Creazione e montaggio<\/strong> di video YouTube<\/span><\/li>\n<li><span style=\"color: #999999;\" data-darkreader-inline-color=\"\"><strong>Produzione<\/strong> di contenuti web<\/span><\/li>\n<li><span style=\"color: #999999;\" data-darkreader-inline-color=\"\"><strong>Gestione<\/strong> di articoli WordPress<\/span><\/li>\n<li><span style=\"color: #999999;\" data-darkreader-inline-color=\"\"><strong>Ottimizzazione<\/strong> SEO<\/span><\/li>\n<\/ul>\n<p>[\/vc_column_text][vc_custom_heading text=&#8221;Pianificazione e coordinamento della mobilit\u00e0 :&#8221; font_container=&#8221;tag:h3|text_align:left|color:%23000000&#8243; css=&#8221;.vc_custom_1634826592704{padding-left: 6% !important;}&#8221;][vc_column_text css=&#8221;.vc_custom_1634826863875{padding-left: 8% !important;}&#8221;]<span style=\"color: #999999;\" data-darkreader-inline-color=\"\">L&#8217;obiettivo principale di Espamob \u00e8 soddisfare i propri clienti grazie alla sua esperienza nell&#8217;organizzazione della mobilit\u00e0. Durante il tuo stage presso la nostra azienda, ti verranno affidate diverse missioni per la pianificazione delle mobilit\u00e0:<\/span><\/p>\n<ul>\n<li><span style=\"color: #999999;\" data-darkreader-inline-color=\"\"><strong>Rapporto<\/strong> con diversi fornitori<\/span><\/li>\n<li><span style=\"color: #999999;\" data-darkreader-inline-color=\"\"><strong>Prospezione<\/strong> intelligente<\/span><\/li>\n<li><span style=\"color: #999999;\" data-darkreader-inline-color=\"\"><strong>Presentazione<\/strong> del servizio e trattativa commerciale<\/span><\/li>\n<li><span style=\"color: #999999;\" data-darkreader-inline-color=\"\"><strong>Accoglienza<\/strong> di gruppi<\/span><\/li>\n<li><span style=\"color: #999999;\" data-darkreader-inline-color=\"\"><strong>Accompagnamento<\/strong> dei partecipanti in azienda<\/span><\/li>\n<li><span style=\"color: #999999;\" data-darkreader-inline-color=\"\"><strong>Creazione<\/strong> di pacchetti di benvenuto<\/span><\/li>\n<li><span style=\"color: #999999;\" data-darkreader-inline-color=\"\"><strong>Redazione<\/strong> di preventivi e contratti commerciali<\/span><\/li>\n<\/ul>\n<div id=\"simple-translate\">\n<div>\n<div class=\"simple-translate-button isShow\" style=\"background-image: url('moz-extension:\/\/e70d48cc-1379-4f58-afbb-4e126b80ad3d\/icons\/512.png'); height: 22px; width: 22px; top: 143px; left: 92px;\"><\/div>\n<div class=\"simple-translate-panel \" style=\"width: 300px; height: 200px; top: 0px; left: 0px; font-size: 13px; background-color: #181818;\">\n<div class=\"simple-translate-result-wrapper\" style=\"overflow: hidden;\">\n<div class=\"simple-translate-move\" draggable=\"true\"><\/div>\n<div class=\"simple-translate-result-contents\">\n<p class=\"simple-translate-candidate\" dir=\"auto\" style=\"color: #aaaaaa;\">\n<\/div>\n<\/div>\n<\/div>\n<\/div>\n<\/div>\n<p>[\/vc_column_text][\/vc_column_inner][\/vc_row_inner][vc_custom_heading text=&#8221;Profilo ricercato :<br \/>\n&#8221; font_container=&#8221;tag:h2|text_align:left|color:%23e30019&#8243;][vc_column_text css=&#8221;.vc_custom_1634826930600{padding-left: 8% !important;}&#8221;]<span style=\"color: #999999;\" data-darkreader-inline-color=\"\">Per questo tirocinio, cerchiamo uno studente in <strong>business school o comunicazione e marketing digitale<\/strong>. Sar\u00e0 <strong>valutata<\/strong> l&#8217;<strong>esperienza<\/strong> pregressa. Motivati, versatili e autonomi, cerchiamo la perla rara.<\/span><\/p>\n<p><span style=\"color: #999999;\" data-darkreader-inline-color=\"\">Saranno richieste diverse tipologie di competenze :<\/span>[\/vc_column_text][vc_row_inner][vc_column_inner][vc_custom_heading text=&#8221;Abilit\u00e0 tecniche :&#8221; font_container=&#8221;tag:h3|text_align:left&#8221; css=&#8221;.vc_custom_1634826942072{padding-left: 6% !important;}&#8221;][vc_column_text css=&#8221;.vc_custom_1634827009468{padding-left: 8% !important;}&#8221;]<\/p>\n<ul>\n<li><span style=\"color: #999999;\" data-darkreader-inline-color=\"\">WordPress<\/span><\/li>\n<li><span style=\"color: #999999;\" data-darkreader-inline-color=\"\">Adobe Suite, Canva, Mailshimp<\/span><\/li>\n<li><span style=\"color: #999999;\" data-darkreader-inline-color=\"\">Software di editing video<\/span><\/li>\n<li><span style=\"color: #999999;\" data-darkreader-inline-color=\"\">Scrittura e ortografia perfette<\/span><\/li>\n<li><span style=\"color: #999999;\" data-darkreader-inline-color=\"\">Traduzione di articoli <\/span><\/li>\n<li><span style=\"color: #999999;\" data-darkreader-inline-color=\"\">Madrelingua francese, spagnolo e inglese livello B2-C1<\/span><\/li>\n<\/ul>\n<p>[\/vc_column_text][vc_custom_heading text=&#8221;Abilit\u00e0 funzionali :&#8221; font_container=&#8221;tag:h3|text_align:left&#8221; css=&#8221;.vc_custom_1634826953430{padding-left: 6% !important;}&#8221;][vc_column_text css=&#8221;.vc_custom_1634827048639{padding-left: 8% !important;}&#8221;]<\/p>\n<ul>\n<li><span style=\"color: #999999;\" data-darkreader-inline-color=\"\">Motivata<\/span><\/li>\n<li><span style=\"color: #999999;\" data-darkreader-inline-color=\"\">Amichevole e sorridente<\/span><\/li>\n<li><span style=\"color: #999999;\" data-darkreader-inline-color=\"\">Autonomo<\/span><\/li>\n<li><span style=\"color: #999999;\" data-darkreader-inline-color=\"\">Forza di proposta<\/span><\/li>\n<\/ul>\n<p>[\/vc_column_text][\/vc_column_inner][\/vc_row_inner][\/vc_column][\/vc_row][vc_row][vc_column width=&#8221;1\/3&#8243;][\/vc_column][vc_column width=&#8221;1\/3&#8243;]\n<div class=\"wpcf7 no-js\" id=\"wpcf7-f11328-o1\" lang=\"en-US\" dir=\"ltr\" data-wpcf7-id=\"11328\">\n<div class=\"screen-reader-response\"><p role=\"status\" aria-live=\"polite\" aria-atomic=\"true\"><\/p> <ul><\/ul><\/div>\n<form action=\"\/it\/wp-json\/wp\/v2\/pages\/11364#wpcf7-f11328-o1\" method=\"post\" class=\"wpcf7-form init\" aria-label=\"Contact form\" enctype=\"multipart\/form-data\" novalidate=\"novalidate\" data-status=\"init\">\n<fieldset class=\"hidden-fields-container\"><input type=\"hidden\" name=\"_wpcf7\" value=\"11328\" \/><input type=\"hidden\" name=\"_wpcf7_version\" value=\"6.1.5\" \/><input type=\"hidden\" name=\"_wpcf7_locale\" value=\"en_US\" \/><input type=\"hidden\" name=\"_wpcf7_unit_tag\" value=\"wpcf7-f11328-o1\" \/><input type=\"hidden\" name=\"_wpcf7_container_post\" value=\"0\" \/><input type=\"hidden\" name=\"_wpcf7_posted_data_hash\" value=\"\" \/><input type=\"hidden\" name=\"_wpcf7_recaptcha_response\" value=\"\" \/>\n<\/fieldset>\n<label >Il tuo curriculum: \n<span class=\"wpcf7-form-control-wrap\" data-name=\"file-863\"><input size=\"40\" class=\"wpcf7-form-control wpcf7-file wpcf7-validates-as-required\" accept=\".pdf\" aria-required=\"true\" aria-invalid=\"false\" type=\"file\" name=\"file-863\" \/><\/span><label>\n<input class=\"wpcf7-form-control wpcf7-submit has-spinner\" type=\"submit\" value=\"Invia\" \/><div class=\"wpcf7-response-output\" aria-hidden=\"true\"><\/div>\n<\/form>\n<\/div>\n[\/vc_column][vc_column width=&#8221;1\/3&#8243;][vc_btn title=&#8221;Scarica l&#8217;offerta in pdf&#8221; size=&#8221;lg&#8221; align=&#8221;center&#8221; link=&#8221;url:https%3A%2F%2Fespamob.com%2Fwp-content%2Fuploads%2F2021%2F10%2FDigital-marketing-communication-and-project-coordination-IT.pdf|||&#8221;][\/vc_column][\/vc_row]<\/p>\n<\/div>","protected":false},"excerpt":{"rendered":"<p>[vc_row][vc_column][vc_custom_heading text=&#8221;Digital marketing\/communication and project coordination&#8221; font_container=&#8221;tag:h1|text_align:center&#8221; use_theme_fonts=&#8221;yes&#8221; css=&#8221;.vc_custom_1634826182722{padding-top: 2% !important;}&#8221;][vc_separator][vc_video link=&#8221;https:\/\/www.youtube.com\/watch?v=nnLvkDAqiQ4&amp;ab_channel=Espamob%27-EuropeanMobilityProgram&#8221; el_width=&#8221;60&#8243; align=&#8221;center&#8221;][vc_row_inner][vc_column_inner][vc_empty_space][\/vc_column_inner][\/vc_row_inner][vc_custom_heading text=&#8221;Contesto aziendale&#8221; font_container=&#8221;tag:h2|text_align:left|color:%23e30019&#8243;][vc_column_text css=&#8221;.vc_custom_1634826563417{padding-left: 6% !important;}&#8221;]Espamob&#8217; \u00e8 un&#8217;organizzazione partner di Erasmus + mobilit\u00e0 europea. Riceviamo e coordiniamo progetti Erasmus+ da tutti i paesi europei per garantire competenze e mobilit\u00e0 di successo in Spagna. All&#8217;interno della nostra azienda, ti verr\u00e0 richiesto di<\/p>\n","protected":false},"author":2,"featured_media":0,"parent":0,"menu_order":0,"comment_status":"closed","ping_status":"closed","template":"","meta":{"footnotes":""},"class_list":["post-11364","page","type-page","status-publish","hentry"],"_links":{"self":[{"href":"https:\/\/espamob.com\/it\/wp-json\/wp\/v2\/pages\/11364","targetHints":{"allow":["GET"]}}],"collection":[{"href":"https:\/\/espamob.com\/it\/wp-json\/wp\/v2\/pages"}],"about":[{"href":"https:\/\/espamob.com\/it\/wp-json\/wp\/v2\/types\/page"}],"author":[{"embeddable":true,"href":"https:\/\/espamob.com\/it\/wp-json\/wp\/v2\/users\/2"}],"replies":[{"embeddable":true,"href":"https:\/\/espamob.com\/it\/wp-json\/wp\/v2\/comments?post=11364"}],"version-history":[{"count":0,"href":"https:\/\/espamob.com\/it\/wp-json\/wp\/v2\/pages\/11364\/revisions"}],"wp:attachment":[{"href":"https:\/\/espamob.com\/it\/wp-json\/wp\/v2\/media?parent=11364"}],"curies":[{"name":"wp","href":"https:\/\/api.w.org\/{rel}","templated":true}]}}