{"id":9346,"date":"2021-05-18T09:24:51","date_gmt":"2021-05-18T09:24:51","guid":{"rendered":"https:\/\/www.espamob.com\/?page_id=9346"},"modified":"2026-04-02T11:10:42","modified_gmt":"2026-04-02T11:10:42","slug":"les-financements-erasmus-plus","status":"publish","type":"page","link":"https:\/\/espamob.com\/fr\/les-financements-erasmus-plus\/","title":{"rendered":"Les financements Erasmus Plus"},"content":{"rendered":"<div class=\"wpb-content-wrapper\"><p>[vc_row][vc_column][vc_custom_heading text=\u00a0\u00bbLes financements pour une mobilit\u00e9 Erasmus Plus\u00a0\u00bb font_container=\u00a0\u00bbtag:h1|text_align:left\u00a0\u00bb use_theme_fonts=\u00a0\u00bbyes\u00a0\u00bb][vc_separator][\/vc_column][\/vc_row][vc_row][vc_column width=\u00a0\u00bb2\/3&Prime;][vc_column_text css=\u00a0\u00bb.vc_custom_1689195692028{padding-top: 0px !important;}\u00a0\u00bb]Le\u00a0<a href=\"https:\/\/espamob.com\/fr\/erasmus-plus-cest-quoi\/\"><strong>programme Erasmus+<\/strong><\/a> est une initiative de l&rsquo;Union europ\u00e9enne visant \u00e0 promouvoir la mobilit\u00e9 des \u00e9tudiants, des enseignants et du personnel dans le domaine de l&rsquo;\u00e9ducation et de la formation. Ce programme permet \u00e0 diff\u00e9rents <a href=\"https:\/\/espamob.com\/fr\/erasmus-plus-public-vise\/\">types de profils<\/a> et porteurs de projets de b\u00e9n\u00e9ficier d&rsquo;opportunit\u00e9s \u00e9gales pour vivre une exp\u00e9rience \u00e0 l&rsquo;\u00e9tranger.<\/p>\n<p>Il existe plusieurs financements Erasmus Plus pour les mobilit\u00e9s europ\u00e9ennes <a href=\"https:\/\/ec.europa.eu\/info\/education\/set-projects-education-and-training\/erasmus-funding-programme_fr\" target=\"_blank\" rel=\"noopener\">Erasmus Plus<\/a>. Ces \u00e9changes internationaux peuvent parfois repr\u00e9senter un co\u00fbt cons\u00e9quent mais restent des opportunit\u00e9s \u00e0 saisir !<\/p>\n<p style=\"text-align: justify;\">C\u2019est pour cela que la Commission Europ\u00e9enne, les universit\u00e9s ou encore certaines r\u00e9gions fran\u00e7aises mettent en place des aides pour favoriser les mobilit\u00e9s. Leur objectif est d&rsquo;offrir des opportunit\u00e9s les plus justes possibles \u00e0 tout types de profils et de projets de mobilit\u00e9s.<\/p>\n<p>[\/vc_column_text][\/vc_column][vc_column width=\u00a0\u00bb1\/3&Prime;][vc_single_image image=\u00a0\u00bb9683&Prime; img_size=\u00a0\u00bbmedium\u00a0\u00bb alignment=\u00a0\u00bbcenter\u00a0\u00bb][vc_btn title=\u00a0\u00bbJe contacte un expert\u00a0\u00bb style=\u00a0\u00bbcustom\u00a0\u00bb custom_background=\u00a0\u00bb#e20000&Prime; custom_text=\u00a0\u00bb#ffffff\u00a0\u00bb align=\u00a0\u00bbcenter\u00a0\u00bb link=\u00a0\u00bburl:https%3A%2F%2Fespamob.com%2Ffr%2Fcontact%2F|title:Je%20contact%20un%20expert\u00a0\u00bb][\/vc_column][\/vc_row][vc_row][vc_column][vc_custom_heading text=\u00a0\u00bbQu&rsquo;est ce que le programme Erasmus+\u00a0\u00bb use_theme_fonts=\u00a0\u00bbyes\u00a0\u00bb][vc_separator][vc_custom_heading text=\u00a0\u00bbLes grands axes du programme Erasmus+\u00a0\u00bb font_container=\u00a0\u00bbtag:h3|text_align:left\u00a0\u00bb use_theme_fonts=\u00a0\u00bbyes\u00a0\u00bb][vc_column_text]Erasmus+ couvre un large \u00e9ventail de domaines, y compris l&rsquo;\u00e9ducation, la formation, la jeunesse et le sport. Le programme est structur\u00e9 autour de trois axes principaux :<\/p>\n<ol>\n<li><strong>Action cl\u00e9 1 (AC1) : Mobilit\u00e9 des individus<\/strong>\u00a0&#8211; Cette action soutient la <a href=\"https:\/\/espamob.com\/fr\/stage-erasmus-plus-etudiants-et-apprentis\/\">mobilit\u00e9 des \u00e9tudiants<\/a>, du <a href=\"https:\/\/espamob.com\/fr\/les-mobilites-des-enseignants-erasmusplus\/\">personnel et des enseignants<\/a> entre les pays participants, favorisant ainsi l&rsquo;apprentissage interculturel et le d\u00e9veloppement professionnel.<\/li>\n<li><strong>Action cl\u00e9 2 (AC2) : Coop\u00e9ration pour l&rsquo;innovation et l&rsquo;\u00e9change de bonnes pratiques<\/strong>\u00a0&#8211; L&rsquo;objectif de cette action est de renforcer la coop\u00e9ration entre les institutions d&rsquo;enseignement et de formation en Europe, afin de d\u00e9velopper de nouvelles approches p\u00e9dagogiques et de partager les meilleures pratiques.<\/li>\n<li><strong>Action cl\u00e9 3 (AC3) : Soutien \u00e0 la r\u00e9forme des politiques<\/strong>\u00a0&#8211; Cette action vise \u00e0 soutenir les initiatives ayant un impact sur la modernisation et l&rsquo;am\u00e9lioration des syst\u00e8mes d&rsquo;\u00e9ducation et de formation au niveau national, r\u00e9gional ou local.<\/li>\n<\/ol>\n<p>[\/vc_column_text][vc_custom_heading text=\u00a0\u00bbLes avantages des financements Erasmus Plus\u00a0\u00bb font_container=\u00a0\u00bbtag:h3|text_align:left\u00a0\u00bb use_theme_fonts=\u00a0\u00bbyes\u00a0\u00bb][vc_column_text]Le programme Erasmus+ offre de nombreux avantages, tant pour les individus que pour les institutions. Voici quelques-uns des b\u00e9n\u00e9fices les plus notables :<\/p>\n<ul>\n<li><strong>D\u00e9velopper ses comp\u00e9tences et am\u00e9liorer son employabilit\u00e9 :<\/strong>\u00a0Participer \u00e0 un programme d&rsquo;\u00e9change ou \u00e0 un projet financ\u00e9 par Erasmus+ permet d&rsquo;acqu\u00e9rir de nouvelles comp\u00e9tences, d&rsquo;am\u00e9liorer sa ma\u00eetrise des langues \u00e9trang\u00e8res et d&rsquo;enrichir son exp\u00e9rience professionnelle.<\/li>\n<li><strong>Renforcer la coop\u00e9ration internationale :<\/strong>\u00a0Gr\u00e2ce aux projets de coop\u00e9ration soutenus par Erasmus+, les institutions d&rsquo;\u00e9ducation et de formation peuvent \u00e9tablir des liens durables avec leurs homologues europ\u00e9ens, contribuant ainsi \u00e0 l&rsquo;\u00e9change de bonnes pratiques et \u00e0 la modernisation des syst\u00e8mes d&rsquo;\u00e9ducation et de formation.<\/li>\n<li><strong>Promouvoir la citoyennet\u00e9 europ\u00e9enne et favoriser la mobilit\u00e9 :<\/strong>\u00a0Les financements Erasmus+ encouragent la mobilit\u00e9 des \u00e9tudiants, du personnel enseignant et non enseignant, contribuant ainsi \u00e0 renforcer le sentiment d&rsquo;appartenance \u00e0 une communaut\u00e9 europ\u00e9enne et \u00e0 promouvoir les valeurs de tol\u00e9rance, de solidarit\u00e9 et de respect mutuel.<\/li>\n<\/ul>\n<p>[\/vc_column_text][vc_row_inner][vc_column_inner][vc_custom_heading text=\u00a0\u00bbFinancements Erasmus Plus : la bourse Erasmus\u00a0\u00bb use_theme_fonts=\u00a0\u00bbyes\u00a0\u00bb][vc_separator][\/vc_column_inner][\/vc_row_inner][\/vc_column][\/vc_row][vc_row][vc_column width=\u00a0\u00bb2\/3&Prime;][vc_custom_heading text=\u00a0\u00bbQu&rsquo;est ce que la bourse Erasmus Plus ?\u00a0\u00bb font_container=\u00a0\u00bbtag:h3|text_align:left\u00a0\u00bb use_theme_fonts=\u00a0\u00bbyes\u00a0\u00bb][vc_column_text]La bourse Erasmus + est une subvention financi\u00e8re accord\u00e9e par l&rsquo;Union europ\u00e9enne pour soutenir les \u00e9tudiants qui participent \u00e0 des programmes de mobilit\u00e9 \u00e0 l&rsquo;\u00e9tranger. Le montant de la bourse varie en fonction de plusieurs facteurs, notamment le pays de destination et la dur\u00e9e du s\u00e9jour.<\/p>\n<p style=\"text-align: justify;\">La bourse Erasmus est propos\u00e9e \u00e0 tous les participants partant en \u00e9change pour les \u00e9tudes, une exp\u00e9rience professionnelle ou pour une p\u00e9riode de stage.<\/p>\n<p style=\"text-align: justify;\">Cette bourse a pour but d&rsquo;aider au quotidien les participants, dans leurs d\u00e9penses de vie quotidienne dans un pays \u00e9tranger ou m\u00eame de participer \u00e0 des activit\u00e9s culturelles, linguistiques ou sociales.<\/p>\n<p>[\/vc_column_text][vc_custom_heading text=\u00a0\u00bbQuel est le montant de la bourse Erasmus Plus ?\u00a0\u00bb font_container=\u00a0\u00bbtag:h3|text_align:left\u00a0\u00bb use_theme_fonts=\u00a0\u00bbyes\u00a0\u00bb][vc_column_text]Le montant de cette bourse d\u00e9pend de plusieurs crit\u00e8res : de la dur\u00e9e de l\u2019\u00e9change ou du stage mais \u00e9galement du pays de destination (certains pays comme la Norv\u00e8ge, la Su\u00e8de ou la Suisse peuvent avoir des co\u00fbts bien plus \u00e9lev\u00e9s que d\u2019autres destinations), de votre r\u00e9mun\u00e9ration s\u2019il s\u2019agit d\u2019un stage, du nombre d\u2019\u00e9tudiants sollicitant les bourses ou encore des autres bourses disponibles pour vous accompagner dans votre projet de mobilit\u00e9.<\/p>\n<p>G\u00e9n\u00e9ralement, cette somme se situe <strong>entre 170 \u20ac et 770 \u20ac<\/strong> mensuels, en fonction du type de mobilit\u00e9.<\/p>\n<p>Vous pouvez retrouver le d\u00e9tail de tous les montants accord\u00e9s <a href=\"https:\/\/erasmus-plus.ec.europa.eu\/fr\/erasmus-programme-guide\" target=\"_blank\" rel=\"noopener\">dans le guide Erasmus Plus<\/a>.[\/vc_column_text][vc_custom_heading text=\u00a0\u00bbQui sont les b\u00e9n\u00e9ficiaire de la bourses Erasmus Plus ?\u00a0\u00bb font_container=\u00a0\u00bbtag:h3|text_align:left\u00a0\u00bb use_theme_fonts=\u00a0\u00bbyes\u00a0\u00bb][vc_column_text]Toutes les universit\u00e9s fran\u00e7aise ainsi qu&rsquo;une grande majorit\u00e9 des \u00e9tablissements d&rsquo;enseignement sup\u00e9rieur participe au programme Europ\u00e9en de mobilit\u00e9 Erasmus +.<\/p>\n<p>Les conditions pour pouvoir b\u00e9n\u00e9ficier d&rsquo;une bourse Erasmus + sont :<\/p>\n<ol>\n<li>Faire vos \u00e9tude dans <strong>un \u00e9tablissement de l&rsquo;enseignement sup\u00e9rieur<\/strong>.<\/li>\n<li>Faire vos \u00e9tudes <strong>dans un pays \u00e9tranger Europ\u00e9en.<\/strong><\/li>\n<li>Faire vos \u00e9tude dans le cadre <strong>d&rsquo;un \u00e9change entre \u00e9tablissement.<\/strong><\/li>\n<\/ol>\n<p>[\/vc_column_text][\/vc_column][vc_column width=\u00a0\u00bb1\/3&Prime;][vc_single_image image=\u00a0\u00bb17475&Prime; img_size=\u00a0\u00bbfull\u00a0\u00bb alignment=\u00a0\u00bbcenter\u00a0\u00bb style=\u00a0\u00bbvc_box_rounded\u00a0\u00bb][vc_btn title=\u00a0\u00bbJe contacte un expert\u00a0\u00bb style=\u00a0\u00bbcustom\u00a0\u00bb custom_background=\u00a0\u00bb#e20000&Prime; custom_text=\u00a0\u00bb#ffffff\u00a0\u00bb align=\u00a0\u00bbcenter\u00a0\u00bb link=\u00a0\u00bburl:https%3A%2F%2Fespamob.com%2Ffr%2Fcontact%2F|title:Je%20contact%20un%20expert\u00a0\u00bb][\/vc_column][\/vc_row][vc_row full_width=\u00a0\u00bbstretch_row\u00a0\u00bb wrap_container=\u00a0\u00bbyes\u00a0\u00bb section_skin=\u00a0\u00bbprimary\u00a0\u00bb css=\u00a0\u00bb.vc_custom_1775126226825{background-color: #041941 !important;}\u00a0\u00bb conditional_render=\u00a0\u00bb%5B%7B%22value_role%22%3A%22administrator%22%7D%5D\u00a0\u00bb][vc_column text_align=\u00a0\u00bbcenter\u00a0\u00bb][vc_row_inner css=\u00a0\u00bb.vc_custom_1775126253286{background-color: #041941 !important;}\u00a0\u00bb][vc_column_inner][vc_empty_space height=\u00a0\u00bb40px\u00a0\u00bb][vc_custom_heading text=\u00a0\u00bbFaire une demande de devis gratuit\u00a0\u00bb font_container=\u00a0\u00bbtag:h2|text_align:center|color:%23ffffff\u00a0\u00bb use_theme_fonts=\u00a0\u00bbyes\u00a0\u00bb][vc_column_text]<\/p>\n<div style=\"text-align: center !important; max-width: 800px; margin: 0 auto; padding: 20px;\">\n<p style=\"color: #ffffff !important; font-size: 18px !important; line-height: 1.6 !important; text-align: center !important; margin-bottom: 25px !important;\">Vous avez une id\u00e9e de projet <strong>Erasmus +<\/strong> en Espagne et vous cherchez un partenaire de confiance pour vous accompagner ?<\/p>\n<p style=\"color: #ffffff !important; font-size: 16px !important; line-height: 1.8 !important; text-align: center !important; font-weight: 300 !important; margin-bottom: 25px !important;\"><strong>Espamob\u2019<\/strong> est l\u00e0 pour vous aider ! Nous vous proposons un devis gratuit et sans engagement pour vous aider \u00e0 g\u00e9rer votre projet de mobilit\u00e9. Gr\u00e2ce \u00e0 notre expertise et \u00e0 notre r\u00e9seau d\u2019entreprises partenaires, nous sommes en mesure de vous offrir un accompagnement personnalis\u00e9 pour r\u00e9pondre \u00e0 vos besoins .<\/p>\n<p style=\"color: #ffffff !important; font-size: 16px !important; line-height: 1.8 !important; text-align: center !important; font-weight: 300 !important;\">Contactez-nous d\u00e8s maintenant pour discuter de votre projet et obtenir votre devis gratuit.<\/p>\n<\/div>\n<p>[\/vc_column_text][vc_btn title=\u00a0\u00bbDEMANDE DE DEVIS\u00a0\u00bb style=\u00a0\u00bbcustom\u00a0\u00bb custom_background=\u00a0\u00bb#e20000&Prime; custom_text=\u00a0\u00bb#ffe033&Prime; size=\u00a0\u00bbxl\u00a0\u00bb align=\u00a0\u00bbcenter\u00a0\u00bb link=\u00a0\u00bburl:https%3A%2F%2Fespamob.com%2Ffr%2Fdemande-de-devis%2F\u00a0\u00bb css=\u00a0\u00bb.vc_custom_1772715991411{margin-top: -5px !important;}\u00a0\u00bb][vc_empty_space height=\u00a0\u00bb35px\u00a0\u00bb][\/vc_column_inner][\/vc_row_inner][\/vc_column][\/vc_row][vc_row][vc_column][vc_custom_heading text=\u00a0\u00bbLes autres financement Erasmus Plus : AMI et bourses sur crit\u00e8res sociaux\u00a0\u00bb use_theme_fonts=\u00a0\u00bbyes\u00a0\u00bb][vc_separator][vc_column_text]<\/p>\n<p style=\"text-align: justify;\">Ces bourses fran\u00e7aises sont principalement destin\u00e9s aux \u00e9tudiants ou jeunes dipl\u00f4m\u00e9s souhaitant effectuer un stage ou continuer leur cursus universitaire en collaboration avec Erasmus Plus.<\/p>\n<p style=\"text-align: justify;\">Il est important de noter que selon votre \u00e9cole et la r\u00e9gion dans laquelle vous viviez, vous pouvez b\u00e9n\u00e9ficier de diverses aides et bourses, renseignez vous aupr\u00e8s de votre \u00e9cole, de votre mairie et de votre conseil r\u00e9gional si vous souhaitez de plus amples informations sur vos possibilit\u00e9s financi\u00e8res pour vous accompagner dans vos mobilit\u00e9s.<\/p>\n<p>[\/vc_column_text][\/vc_column][\/vc_row][vc_row][vc_column width=\u00a0\u00bb1\/2&Prime;][vc_custom_heading text=\u00a0\u00bbLa bourse d\u2019aide \u00e0 la mobilit\u00e9 internationale\u00a0\u00bb font_container=\u00a0\u00bbtag:h3|text_align:left\u00a0\u00bb use_theme_fonts=\u00a0\u00bbyes\u00a0\u00bb][vc_column_text]La bourse AMI fait partie des financement Erasmus Plus possibles.<\/p>\n<p style=\"text-align: justify;\">Elle est destin\u00e9e aux \u00e9tudiants souhaitant vivre une exp\u00e9rience universitaire ou un stage \u00e0 l&rsquo;international. Elle est ouverte \u00e0 tous les \u00e9tudiants en France, mais, dans des quantit\u00e9s parfois limit\u00e9es selon les demandes et les accords avec les \u00e9tablissements scolaires.<\/p>\n<p style=\"text-align: justify;\">Cette bourse peut vous \u00eatre attribu\u00e9e si vous b\u00e9n\u00e9ficiez d\u00e9j\u00e0 en France d\u2019une bourse sur crit\u00e8res sociaux et si vous pr\u00e9parez un dipl\u00f4me national d\u2019\u00e9tudes sup\u00e9rieures reconnu par l\u2019Etat.<\/p>\n<p style=\"text-align: justify;\">Le site du <a href=\"https:\/\/www.service-public.fr\/particuliers\/vosdroits\/F380\" target=\"_blank\" rel=\"noopener\">service public<\/a> fran\u00e7ais vous explique en d\u00e9tails les proc\u00e9dures et les crit\u00e8res n\u00e9cessaires pour en b\u00e9n\u00e9ficier pour vos futurs projets.<\/p>\n<p style=\"text-align: justify;\">Le processus peut \u00eatre parfois long, n&rsquo;h\u00e9sitez pas \u00e0 demander des informations \u00e0 l&rsquo;avance pour pr\u00e9parer au mieux votre projet et vous rendre \u00e0 l&rsquo;\u00e9tranger sans souci !<\/p>\n<p>[\/vc_column_text][vc_custom_heading text=\u00a0\u00bbLes conditions pour l&rsquo;aide \u00e0 la mobilit\u00e9 internationale\u00a0\u00bb font_container=\u00a0\u00bbtag:h3|text_align:left\u00a0\u00bb use_theme_fonts=\u00a0\u00bbyes\u00a0\u00bb][vc_column_text]Pour \u00eatre \u00e9ligible \u00e0 l&rsquo;aide \u00e0 la mobilit\u00e9 internationale (400\u20ac \/ mois), vous devez remplir les crit\u00e8res suivants :<\/p>\n<ul>\n<li>Votre s\u00e9jour subventionn\u00e9 \u00e0 l&rsquo;\u00e9tranger doit avoir une <strong>dur\u00e9e de 2 \u00e0 9 mois cons\u00e9cutifs<\/strong>.<\/li>\n<li>Vous devez<strong> \u00eatre b\u00e9n\u00e9ficiaire d&rsquo;une bourse de l&rsquo;enseignement sup\u00e9rieur<\/strong> sur crit\u00e8res sociaux ou recevoir une allocation annuelle dans le cadre du dispositif des aides sp\u00e9cifiques.<\/li>\n<li>Vous devez \u00eatre en train de <strong>pr\u00e9parer un dipl\u00f4me national<\/strong> qui rel\u00e8ve de l&rsquo;autorit\u00e9 du minist\u00e8re charg\u00e9 de l&rsquo;enseignement sup\u00e9rieur.<\/li>\n<li>Vous devez <strong>\u00eatre inscrit dans un \u00e9tablissement d&rsquo;enseignement sup\u00e9rieur<\/strong> public ou dans un \u00e9tablissement ayant entam\u00e9 une proc\u00e9dure de contractualisation avec l&rsquo;\u00c9tat.<\/li>\n<li>Votre formation ou votre stage \u00e0 l&rsquo;\u00e9tranger <strong>doit s&rsquo;int\u00e9grer dans le cadre de votre parcours d&rsquo;\u00e9tudes<\/strong>.<\/li>\n<\/ul>\n<p>[\/vc_column_text][vc_btn title=\u00a0\u00bbJe contacte un expert\u00a0\u00bb style=\u00a0\u00bbcustom\u00a0\u00bb custom_background=\u00a0\u00bb#e20000&Prime; custom_text=\u00a0\u00bb#ffffff\u00a0\u00bb align=\u00a0\u00bbcenter\u00a0\u00bb link=\u00a0\u00bburl:https%3A%2F%2Fespamob.com%2Ffr%2Fcontact%2F|title:Je%20contact%20un%20expert\u00a0\u00bb][\/vc_column][vc_column width=\u00a0\u00bb1\/2&Prime;][vc_custom_heading text=\u00a0\u00bbLa bourse sur crit\u00e8res sociaux\u00a0\u00bb font_container=\u00a0\u00bbtag:h3|text_align:left\u00a0\u00bb use_theme_fonts=\u00a0\u00bbyes\u00a0\u00bb][vc_column_text]<\/p>\n<p style=\"text-align: justify;\">Lorsque vous effectuez un stage \u00e0 l\u2019\u00e9tranger, vous pouvez garder les <a href=\"https:\/\/www.etudiant.gouv.fr\/fr\/les-bourses-sur-criteres-sociaux-1486\" target=\"_blank\" rel=\"noopener\">bourses<\/a> que vous poss\u00e9dez d\u00e9j\u00e0 pendant votre cursus universitaire en France, comme la bourse CROUS, par exemple.<\/p>\n<p style=\"text-align: justify;\">Cette bourse peut \u00eatre cumul\u00e9e avec votre bourse Erasmus lors de votre mobilit\u00e9, ce qui permet une plus grande aide pour les frais tels que le loyer, les transports en commun ou les activit\u00e9s culturelles&#8230;<\/p>\n<p style=\"text-align: justify;\">Le montant de cette bourse ne change pas lorsque vous partez \u00e0 l\u2019\u00e9tranger et elle est bien-s\u00fbr cumulable avec d&rsquo;autres aides ! Si vous ne b\u00e9n\u00e9ficiez pas de bourse sur crit\u00e8res sociaux et que vous souhaitez conna\u00eetre vos possibilit\u00e9s en faisant une simulation, rendez-vous <a href=\"https:\/\/www.service-public.fr\/particuliers\/vosdroits\/R18296\" target=\"_blank\" rel=\"noopener\">ici<\/a>.<\/p>\n<p>[\/vc_column_text][vc_custom_heading text=\u00a0\u00bbLes conditions pour les bourses sur crit\u00e8res sociaux\u00a0\u00bb font_container=\u00a0\u00bbtag:h3|text_align:left\u00a0\u00bb use_theme_fonts=\u00a0\u00bbyes\u00a0\u00bb][vc_column_text]Les \u00e9tudiants fran\u00e7ais ou originaires d&rsquo;un autre pays de l&rsquo;Union europ\u00e9enne, qui souhaitent, peuvent percevoir une bourse sur crit\u00e8res sociaux dans les m\u00eames conditions qu&rsquo;en France.<\/p>\n<p>Les conditions sont :<\/p>\n<ul>\n<li>\u00catre inscrit dans un pays membre de l&rsquo;UE ou dans un \u00c9tat de l&rsquo;Espace \u00c9conomique Europ\u00e9en.<\/li>\n<li>Poursuivre des \u00e9tudes du sup\u00e9rieur apr\u00e8s les avoir d\u00e9but\u00e9es en France dans l&rsquo;un des \u00c9tats signataires de l&rsquo;accord europ\u00e9en sur le maintien du paiement des bourses aux \u00e9tudiants poursuivant leurs \u00e9tudes \u00e0 l&rsquo;\u00e9tranger. (<a href=\"https:\/\/www.coe.int\/fr\/web\/conventions\/full-list?module=signatures-by-treaty&amp;treatynum=069\" target=\"_blank\" rel=\"noopener\">plus d&rsquo;informations<\/a>)<\/li>\n<\/ul>\n<p>[\/vc_column_text][vc_btn title=\u00a0\u00bbJe contacte un expert\u00a0\u00bb style=\u00a0\u00bbcustom\u00a0\u00bb custom_background=\u00a0\u00bb#e20000&Prime; custom_text=\u00a0\u00bb#ffffff\u00a0\u00bb align=\u00a0\u00bbcenter\u00a0\u00bb link=\u00a0\u00bburl:https%3A%2F%2Fespamob.com%2Ffr%2Fcontact%2F|title:Je%20contact%20un%20expert\u00a0\u00bb][\/vc_column][\/vc_row][vc_row][vc_column][vc_empty_space][vc_custom_heading text=\u00a0\u00bbQuestions fr\u00e9quentes\u00a0\u00bb font_container=\u00a0\u00bbtag:h2|text_align:center\u00a0\u00bb use_theme_fonts=\u00a0\u00bbyes\u00a0\u00bb][vc_separator][\/vc_column][\/vc_row][vc_row][vc_column width=\u00a0\u00bb2\/3&Prime;][vc_custom_heading text=\u00a0\u00bbComment Espamob peut-il m&rsquo;aider \u00e0 obtenir un financement Erasmus Plus ?\u00a0\u00bb font_container=\u00a0\u00bbtag:h3|text_align:left\u00a0\u00bb use_theme_fonts=\u00a0\u00bbyes\u00a0\u00bb][vc_column_text]Espamob peut vous aider \u00e0 toutes les \u00e9tapes de votre projet Erasmus +, depuis la conception de votre projet jusqu&rsquo;\u00e0 la recherche de financements.<\/p>\n<p>Nous vous accompagnons dans la r\u00e9daction de votre demande de financement Erasmus + pour maximiser vos chances d&rsquo;obtenir une subvention.[\/vc_column_text][vc_custom_heading text=\u00a0\u00bbQuelle est l&rsquo;exp\u00e9rience d&rsquo;Espamob en mati\u00e8re de projets Erasmus + ?\u00a0\u00bb font_container=\u00a0\u00bbtag:h3|text_align:left\u00a0\u00bb use_theme_fonts=\u00a0\u00bbyes\u00a0\u00bb][vc_column_text]Espamob a une grande exp\u00e9rience dans l&rsquo;accompagnement de groupes souhaitant r\u00e9aliser une mobilit\u00e9 Erasmus + en Espagne.<\/p>\n<p>Nous avons travaill\u00e9 avec des universit\u00e9s, des entreprises et des organisations de jeunesse pour soutenir des projets Erasmus + de toutes tailles.<\/p>\n<p>Notre \u00e9quipe comprend des experts en financement Erasmus + qui peuvent vous aider \u00e0 obtenir une subvention.[\/vc_column_text][vc_custom_heading text=\u00a0\u00bbComment planifier une stage Erasmus plus avec Espamob ?\u00a0\u00bb font_container=\u00a0\u00bbtag:h3|text_align:left\u00a0\u00bb use_theme_fonts=\u00a0\u00bbyes\u00a0\u00bb][vc_column_text]Pour mettre en place une mobilit\u00e9 Erasmus+ pour des groupes d\u2019\u00e9tudiants ou d\u2019apprentis avec Espamob, il vous suffit de nous contacter afin d\u2019obtenir un devis personnalis\u00e9 qui r\u00e9pondra \u00e0 vos besoins sp\u00e9cifiques.<\/p>\n<p>Ensemble nous d\u00e9terminerons la dur\u00e9e, les dates, le financement et les contours du projet. Nous vous aiderons \u00e9galement \u00e0 d\u00e9finir le montant de la bourse Erasmus + par \u00e9tudiant, qui d\u00e9pend de plusieurs facteurs ( la dur\u00e9e du stage, le co\u00fbt de la vie dans le pays d\u2019accueil, et les frais de voyage).[\/vc_column_text][\/vc_column][vc_column width=\u00a0\u00bb1\/3&Prime;][vc_single_image image=\u00a0\u00bb27520&Prime; img_size=\u00a0\u00bbfull\u00a0\u00bb style=\u00a0\u00bbvc_box_rounded\u00a0\u00bb label=\u00a0\u00bb\u00a0\u00bb][\/vc_column][\/vc_row]<\/p>\n<\/div>","protected":false},"excerpt":{"rendered":"<p>[vc_row][vc_column][vc_custom_heading text=\u00a0\u00bbLes financements pour une mobilit\u00e9 Erasmus Plus\u00a0\u00bb font_container=\u00a0\u00bbtag:h1|text_align:left\u00a0\u00bb use_theme_fonts=\u00a0\u00bbyes\u00a0\u00bb][vc_separator][\/vc_column][\/vc_row][vc_row][vc_column width=\u00a0\u00bb2\/3&Prime;][vc_column_text css=\u00a0\u00bb.vc_custom_1689195692028{padding-top: 0px !important;}\u00a0\u00bb]Le\u00a0programme Erasmus+ est une initiative de l&rsquo;Union europ\u00e9enne visant \u00e0 promouvoir la mobilit\u00e9 des \u00e9tudiants, des enseignants et du personnel dans le domaine de l&rsquo;\u00e9ducation et de la formation. Ce programme permet \u00e0 diff\u00e9rents types de profils et porteurs de projets de<\/p>\n","protected":false},"author":1,"featured_media":17475,"parent":0,"menu_order":0,"comment_status":"closed","ping_status":"closed","template":"","meta":{"footnotes":""},"class_list":["post-9346","page","type-page","status-publish","has-post-thumbnail","hentry"],"_links":{"self":[{"href":"https:\/\/espamob.com\/fr\/wp-json\/wp\/v2\/pages\/9346","targetHints":{"allow":["GET"]}}],"collection":[{"href":"https:\/\/espamob.com\/fr\/wp-json\/wp\/v2\/pages"}],"about":[{"href":"https:\/\/espamob.com\/fr\/wp-json\/wp\/v2\/types\/page"}],"author":[{"embeddable":true,"href":"https:\/\/espamob.com\/fr\/wp-json\/wp\/v2\/users\/1"}],"replies":[{"embeddable":true,"href":"https:\/\/espamob.com\/fr\/wp-json\/wp\/v2\/comments?post=9346"}],"version-history":[{"count":0,"href":"https:\/\/espamob.com\/fr\/wp-json\/wp\/v2\/pages\/9346\/revisions"}],"wp:featuredmedia":[{"embeddable":true,"href":"https:\/\/espamob.com\/fr\/wp-json\/wp\/v2\/media\/17475"}],"wp:attachment":[{"href":"https:\/\/espamob.com\/fr\/wp-json\/wp\/v2\/media?parent=9346"}],"curies":[{"name":"wp","href":"https:\/\/api.w.org\/{rel}","templated":true}]}}