{"id":9344,"date":"2021-05-18T09:24:11","date_gmt":"2021-05-18T09:24:11","guid":{"rendered":"https:\/\/www.espamob.com\/?page_id=9344"},"modified":"2026-04-02T11:11:36","modified_gmt":"2026-04-02T11:11:36","slug":"les-destinations-erasmus-plus","status":"publish","type":"page","link":"https:\/\/espamob.com\/fr\/les-destinations-erasmus-plus\/","title":{"rendered":"Les destinations Erasmus Plus"},"content":{"rendered":"<div class=\"wpb-content-wrapper\"><p>[vc_row][vc_column width=\u00a0\u00bb2\/3&Prime;][vc_custom_heading text=\u00a0\u00bbLes destinations Erasmus Plus\u00a0\u00bb font_container=\u00a0\u00bbtag:h1|text_align:left\u00a0\u00bb use_theme_fonts=\u00a0\u00bbyes\u00a0\u00bb][vc_separator][vc_column_text]<a href=\"https:\/\/espamob.com\/fr\/erasmus-plus-cest-quoi\/\">Le programme\u00a0<strong>Erasmus Plus<\/strong><\/a> est une opportunit\u00e9 unique pour les \u00e9tudiants et les jeunes professionnels de d\u00e9couvrir d&rsquo;autres cultures, d&rsquo;acqu\u00e9rir de nouvelles comp\u00e9tences et de cr\u00e9er des liens internationaux durables. D\u00e9couvrez les <a href=\"https:\/\/erasmus-plus.ec.europa.eu\/fr\/programme-guide\/part-a\/eligible-countries\" target=\"_blank\" rel=\"noopener\">destinations Erasmus Plus<\/a>.<\/p>\n<p style=\"text-align: justify;\">Erasmus Plus comprend des \u201c<em>pays du programme<\/em>\u201d signifiant les pays participants \u00e0 toutes les actions du programmes tels que\u00a0 :<\/p>\n<ul>\n<li style=\"text-align: justify;\"><strong>les pays membres de l\u2019Union Europ\u00e9enne<\/strong><\/li>\n<li aria-level=\"1\"><strong>Islande, Liechtenstein, Norv\u00e8ge, Turquie, Mac\u00e9doine du Nord, Serbie<\/strong><\/li>\n<\/ul>\n<p style=\"text-align: justify;\">Ainsi que de \u201cpays partenaires\u201d, c\u2019est \u00e0 dire des pays qui participent au programme Erasmus + mais pas forc\u00e9ment dans sa totalit\u00e9 (par exemple, seuls quelques programmes peuvent \u00eatre \u00e9ligibles dans le pays), ces pays sont les suivants :<\/p>\n<ul style=\"text-align: justify;\">\n<li aria-level=\"1\"><strong>les pays du voisinage europ\u00e9en \u00e0 l&rsquo;Est <\/strong>(Arm\u00e9nie, Azerba\u00efdjan, Bi\u00e9lorussie, G\u00e9orgie, Moldavie, Ukraine)<strong> et au Sud <\/strong>(Alg\u00e9rie, Maroc, Tunisie, Lybie, Egypte, Palestine, Jordanie, Isra\u00ebl, Liban, Syrie)<strong>, les Balkans occidentaux <\/strong>(Albanie, Bosnie Herz\u00e9govine, Kosovo, Mont\u00e9n\u00e9gro)<strong>, la f\u00e9d\u00e9ration de Russie<\/strong><\/li>\n<\/ul>\n<ul>\n<li aria-level=\"1\"><strong>les pays du monde entier : <\/strong>Am\u00e9rique, Asie, zone Afrique &#8211; Cara\u00efbes \u2013 Pacifique<\/li>\n<\/ul>\n<p style=\"text-align: justify;\">Nous allons maintenant nous concentrer sur les destinations principales pour Erasmus + en Europe : les plus convoit\u00e9es mais \u00e9galement celles qui proposent le plus d\u2019\u00e9changes et de possibilit\u00e9s en mobilit\u00e9s.<\/p>\n<p>[\/vc_column_text][\/vc_column][vc_column width=\u00a0\u00bb1\/3&Prime;][vc_custom_heading text=\u00a0\u00bbL&rsquo;Espagne et Espamob'\u00a0\u00bb use_theme_fonts=\u00a0\u00bbyes\u00a0\u00bb][vc_separator][vc_column_text]Chez Espamob&rsquo;, notre principale destination propos\u00e9e pour des projets Erasmus Plus est l&rsquo;Espagne.<\/p>\n<p>D\u00e9couvrez d\u00e8s maintenant vos possibilit\u00e9s de <a href=\"https:\/\/espamob.com\/fr\/mobilites-stages-erasmus-plus-espagne\/\">mobilit\u00e9s europ\u00e9ennes en Espagne<\/a>.[\/vc_column_text][vc_single_image image=\u00a0\u00bb7738&Prime; img_size=\u00a0\u00bbmedium\u00a0\u00bb][vc_btn title=\u00a0\u00bbContacter Espamob\u00a0\u00bb style=\u00a0\u00bbcustom\u00a0\u00bb custom_background=\u00a0\u00bb#e20000&Prime; custom_text=\u00a0\u00bb#ffffff\u00a0\u00bb align=\u00a0\u00bbcenter\u00a0\u00bb link=\u00a0\u00bburl:https%3A%2F%2Fespamob.com%2Ffr%2Fcontact%2F|title:Nous%20contacter\u00a0\u00bb][\/vc_column][\/vc_row][vc_row][vc_column][vc_custom_heading text=\u00a0\u00bbParmi les destinations Erasmus Plus : l&rsquo;Espagne\u00a0\u00bb use_theme_fonts=\u00a0\u00bbyes\u00a0\u00bb][vc_separator][\/vc_column][\/vc_row][vc_row][vc_column width=\u00a0\u00bb2\/3&Prime;][vc_column_text]<\/p>\n<p style=\"text-align: justify;\">L\u2019Espagne est l\u2019une des destinations les plus pris\u00e9es pour mobilit\u00e9s internationales : pour le cursus scolaire comme pour les stages. Chaque ann\u00e9e des milliers d\u2019\u00e9tudiants arrivent dans certaines des plus grandes villes du pays pour y d\u00e9couvrir de nouvelles pratiques et une nouvelle culture.<\/p>\n<p style=\"text-align: justify;\"><a href=\"https:\/\/espamob.com\/fr\/mobilites-stages-erasmus-plus-espagne\/barcelone\/\">Barcelone<\/a>, Madrid, S\u00e9ville, <a href=\"https:\/\/espamob.com\/fr\/mobilites-stages-erasmus-plus-espagne\/valence\/\">Valence<\/a> ou encore plus g\u00e9n\u00e9ralement <a href=\"https:\/\/espamob.com\/fr\/mobilites-stages-erasmus-plus-espagne\/iles-canaries\/\">les \u00eeles Canaries<\/a> ou <a href=\"https:\/\/espamob.com\/fr\/mobilites-stages-erasmus-plus-espagne\/iles-baleares\/\">les \u00eeles Bal\u00e9ares<\/a> sont tr\u00e8s r\u00e9put\u00e9es et demand\u00e9es. L\u2019Espagne poss\u00e8de de nombreux avantages, la culture, les \u00e9coles partenaires, les activit\u00e9s et l\u2019ambiance g\u00e9n\u00e9rale du pays rendent la destination des plus attrayantes.<\/p>\n<p style=\"text-align: justify;\">Les opportunit\u00e9s sont nombreuses, l&rsquo;Espagne envoie beaucoup de ses \u00e9tudiants \u00e0 l&rsquo;\u00e9tranger, cela lui permet \u00e9galement d&rsquo;en recevoir beaucoup en \u00e9change.<\/p>\n<p style=\"text-align: justify;\">Si vous souhaitez savoir dans quelles villes vous pouvez partir avec Espamob\u2019, rendez vous <a href=\"https:\/\/espamob.com\/en\/mobility-traineeships-in-spain\/\">ici<\/a>.<\/p>\n<p>[\/vc_column_text][\/vc_column][vc_column width=\u00a0\u00bb1\/3&Prime;][vc_single_image image=\u00a0\u00bb9428&Prime; img_size=\u00a0\u00bbLarge\u00a0\u00bb alignment=\u00a0\u00bbcenter\u00a0\u00bb style=\u00a0\u00bbvc_box_rounded\u00a0\u00bb css=\u00a0\u00bb.vc_custom_1689200493693{margin-top: px !important;}\u00a0\u00bb][vc_btn title=\u00a0\u00bbContacter Espamob\u00a0\u00bb style=\u00a0\u00bbcustom\u00a0\u00bb custom_background=\u00a0\u00bb#e20000&Prime; custom_text=\u00a0\u00bb#ffffff\u00a0\u00bb align=\u00a0\u00bbcenter\u00a0\u00bb link=\u00a0\u00bburl:https%3A%2F%2Fespamob.com%2Ffr%2Fcontact%2F|title:Nous%20contacter\u00a0\u00bb][\/vc_column][\/vc_row][vc_row full_width=\u00a0\u00bbstretch_row\u00a0\u00bb wrap_container=\u00a0\u00bbyes\u00a0\u00bb section_skin=\u00a0\u00bbprimary\u00a0\u00bb css=\u00a0\u00bb.vc_custom_1775126226825{background-color: #041941 !important;}\u00a0\u00bb conditional_render=\u00a0\u00bb%5B%7B%22value_role%22%3A%22administrator%22%7D%5D\u00a0\u00bb][vc_column text_align=\u00a0\u00bbcenter\u00a0\u00bb][vc_row_inner css=\u00a0\u00bb.vc_custom_1775126253286{background-color: #041941 !important;}\u00a0\u00bb][vc_column_inner][vc_empty_space height=\u00a0\u00bb40px\u00a0\u00bb][vc_custom_heading text=\u00a0\u00bbFaire une demande de devis gratuit\u00a0\u00bb font_container=\u00a0\u00bbtag:h2|text_align:center|color:%23ffffff\u00a0\u00bb use_theme_fonts=\u00a0\u00bbyes\u00a0\u00bb][vc_column_text]<\/p>\n<div style=\"text-align: center !important; max-width: 800px; margin: 0 auto; padding: 20px;\">\n<p style=\"color: #ffffff !important; font-size: 18px !important; line-height: 1.6 !important; text-align: center !important; margin-bottom: 25px !important;\">Vous avez une id\u00e9e de projet <strong>Erasmus +<\/strong> en Espagne et vous cherchez un partenaire de confiance pour vous accompagner ?<\/p>\n<p style=\"color: #ffffff !important; font-size: 16px !important; line-height: 1.8 !important; text-align: center !important; font-weight: 300 !important; margin-bottom: 25px !important;\"><strong>Espamob\u2019<\/strong> est l\u00e0 pour vous aider ! Nous vous proposons un devis gratuit et sans engagement pour vous aider \u00e0 g\u00e9rer votre projet de mobilit\u00e9. Gr\u00e2ce \u00e0 notre expertise et \u00e0 notre r\u00e9seau d\u2019entreprises partenaires, nous sommes en mesure de vous offrir un accompagnement personnalis\u00e9 pour r\u00e9pondre \u00e0 vos besoins .<\/p>\n<p style=\"color: #ffffff !important; font-size: 16px !important; line-height: 1.8 !important; text-align: center !important; font-weight: 300 !important;\">Contactez-nous d\u00e8s maintenant pour discuter de votre projet et obtenir votre devis gratuit.<\/p>\n<\/div>\n<p>[\/vc_column_text][vc_btn title=\u00a0\u00bbDEMANDE DE DEVIS\u00a0\u00bb style=\u00a0\u00bbcustom\u00a0\u00bb custom_background=\u00a0\u00bb#e20000&Prime; custom_text=\u00a0\u00bb#ffe033&Prime; size=\u00a0\u00bbxl\u00a0\u00bb align=\u00a0\u00bbcenter\u00a0\u00bb link=\u00a0\u00bburl:https%3A%2F%2Fespamob.com%2Ffr%2Fdemande-de-devis%2F\u00a0\u00bb css=\u00a0\u00bb.vc_custom_1772715991411{margin-top: -5px !important;}\u00a0\u00bb][vc_empty_space height=\u00a0\u00bb35px\u00a0\u00bb][\/vc_column_inner][\/vc_row_inner][\/vc_column][\/vc_row][vc_row][vc_column][vc_custom_heading text=\u00a0\u00bbParmi les destinations Erasmus Plus : l&rsquo;Allemagne\u00a0\u00bb use_theme_fonts=\u00a0\u00bbyes\u00a0\u00bb][vc_separator][\/vc_column][\/vc_row][vc_row][vc_column width=\u00a0\u00bb2\/3&Prime;][vc_column_text]<\/p>\n<p style=\"text-align: justify;\">L\u2019Allemagne est le troisi\u00e8me pays recevant le plus d&rsquo;\u00e9tudiants Erasmus Plus. En effet, c&rsquo;est un pays plein de possibilit\u00e9s pour les \u00e9changes universitaires, les stages \u00e9tudiants mais \u00e9galement professionnels.<\/p>\n<p style=\"text-align: justify;\">Centrale en Europe et avec ses grandes villes et universit\u00e9s r\u00e9put\u00e9es, l\u2019Allemagne est tr\u00e8s demand\u00e9e.\u00a0 Elle est \u00e9galement un pays envoyant de nombreux de ses \u00e9tudiants \u00e0 l\u2019\u00e9tranger pour profiter d\u2019\u00e9changes avec d\u2019autres universit\u00e9s partenaires.<\/p>\n<p style=\"text-align: justify;\">Le dynamisme culturel de l\u2019Allemagne rend le pays tr\u00e8s attractif pour les participants au programme Erasmus +. Le pays offre des opportunit\u00e9s aux \u00e9tudiants en \u00e9coles sup\u00e9rieures mais \u00e9galement pour diff\u00e9rents programmes de professionnalisation.<\/p>\n<p>[\/vc_column_text][\/vc_column][vc_column width=\u00a0\u00bb1\/3&Prime;][vc_single_image image=\u00a0\u00bb9442&Prime; img_size=\u00a0\u00bblarge\u00a0\u00bb alignment=\u00a0\u00bbcenter\u00a0\u00bb style=\u00a0\u00bbvc_box_rounded\u00a0\u00bb css=\u00a0\u00bb.vc_custom_1689200530516{margin-top: 0px !important;}\u00a0\u00bb][\/vc_column][\/vc_row][vc_row][vc_column][vc_custom_heading text=\u00a0\u00bbParmi les destinations Erasmus Plus : l&rsquo;Italie\u00a0\u00bb use_theme_fonts=\u00a0\u00bbyes\u00a0\u00bb][vc_separator][\/vc_column][\/vc_row][vc_row][vc_column width=\u00a0\u00bb2\/3&Prime;][vc_column_text]<\/p>\n<p style=\"text-align: justify;\">L\u2019Italie est l\u2019une des destinations pr\u00e9f\u00e9r\u00e9es pour les \u00e9changes Erasmus Plus \u00e9tudiants. L\u2019Italie est r\u00e9put\u00e9e pour sa richesse culturelle, son patrimoine, ses opportunit\u00e9s et son mode de vie au quotidien.<\/p>\n<p style=\"text-align: justify;\">Elle fait partie du top 5 des destinations les plus pris\u00e9es d\u2019Europe. Les grandes \u00e9coles participantes au programme Erasmus y sont nombreuses et offrent de tr\u00e8s belles opportunit\u00e9s aux participants du programme.<\/p>\n<p style=\"text-align: justify;\">De plus, l&rsquo;Italie permet un apprentissage linguistique vari\u00e9. L&rsquo;utilisation de l&rsquo;Anglais et les cours d&rsquo;Italiens permettent un d\u00e9veloppement rapide de nouvelles comp\u00e9tences pour entrer pleinement dans le rythme de vie Italien.<\/p>\n<p>[\/vc_column_text][\/vc_column][vc_column width=\u00a0\u00bb1\/3&Prime;][vc_single_image image=\u00a0\u00bb9452&Prime; img_size=\u00a0\u00bblarge\u00a0\u00bb alignment=\u00a0\u00bbcenter\u00a0\u00bb style=\u00a0\u00bbvc_box_rounded\u00a0\u00bb css=\u00a0\u00bb.vc_custom_1689200874775{margin-top: px !important;}\u00a0\u00bb][\/vc_column][\/vc_row][vc_row][vc_column][vc_custom_heading text=\u00a0\u00bbParmi les destinations Erasmus Plus : la Gr\u00e8ce\u00a0\u00bb use_theme_fonts=\u00a0\u00bbyes\u00a0\u00bb][vc_separator][\/vc_column][\/vc_row][vc_row][vc_column width=\u00a0\u00bb2\/3&Prime;][vc_column_text]Berceau de la d\u00e9mocratie et source d&rsquo;influence pour les arts, la philosophie et la science, la Gr\u00e8ce fascine les \u00e9tudiants du monde entier gr\u00e2ce \u00e0 son histoire mill\u00e9naire et sa culture vibrante.<\/p>\n<p>Les universit\u00e9s grecques offrent des programmes d&rsquo;\u00e9tudes int\u00e9ressants dans des domaines tels que l&rsquo;arch\u00e9ologie, la litt\u00e9rature et le tourisme.<\/p>\n<p>Ath\u00e8nes, Thessalonique et Patras sont quelques-unes des principales villes \u00e9tudiantes.[\/vc_column_text][\/vc_column][vc_column width=\u00a0\u00bb1\/3&Prime;][vc_single_image image=\u00a0\u00bb17491&Prime; img_size=\u00a0\u00bblarge\u00a0\u00bb alignment=\u00a0\u00bbcenter\u00a0\u00bb style=\u00a0\u00bbvc_box_rounded\u00a0\u00bb css=\u00a0\u00bb.vc_custom_1689201156897{margin-top: px !important;}\u00a0\u00bb][\/vc_column][\/vc_row][vc_row][vc_column][vc_custom_heading text=\u00a0\u00bbParmi les destinations Erasmus Plus : les Pays Scandinaves\u00a0\u00bb use_theme_fonts=\u00a0\u00bbyes\u00a0\u00bb][vc_separator][\/vc_column][\/vc_row][vc_row][vc_column width=\u00a0\u00bb2\/3&Prime;][vc_column_text]<\/p>\n<p style=\"text-align: justify;\">De plus en plus, les pays Scandinave tels que la Su\u00e8de, la Norv\u00e8ge ou encore le Danemark sont pris\u00e9s pour les \u00e9changes Erasmus. Central en Europe, ils offrent pleins de possibilit\u00e9s de d\u00e9couvertes culturelles. La ma\u00eetrise et l\u2019ancrage de l\u2019anglais dans la culture permet de s\u2019adapter tr\u00e8s facilement \u00e0 la vie l\u00e0 bas.<\/p>\n<p style=\"text-align: justify;\">Le seul point n\u00e9gatif, le co\u00fbt de la vie peut parfois revenir tr\u00e8s cher, d\u2019o\u00f9 la pr\u00e9sence de diff\u00e9rentes bourses\u00a0pour aider aux d\u00e9penses g\u00e9n\u00e9rales telles que le loyer ou les transports en commun une fois sur place.<\/p>\n<p>[\/vc_column_text][\/vc_column][vc_column width=\u00a0\u00bb1\/3&Prime;][vc_single_image image=\u00a0\u00bb9437&Prime; img_size=\u00a0\u00bblarge\u00a0\u00bb alignment=\u00a0\u00bbcenter\u00a0\u00bb style=\u00a0\u00bbvc_box_rounded\u00a0\u00bb css=\u00a0\u00bb.vc_custom_1689201169524{margin-top: 0px !important;}\u00a0\u00bb][\/vc_column][\/vc_row][vc_row][vc_column][vc_custom_heading text=\u00a0\u00bbParmi les destinations Erasmus Plus : les Pays de l&rsquo;Est\u00a0\u00bb use_theme_fonts=\u00a0\u00bbyes\u00a0\u00bb][vc_separator][\/vc_column][\/vc_row][vc_row][vc_column width=\u00a0\u00bb2\/3&Prime;][vc_column_text]<\/p>\n<p style=\"text-align: justify;\">Depuis quelques ann\u00e9es, les pays de l\u2019Est comme la Croatie, la Hongrie, la R\u00e9publique Tch\u00e9que et d\u2019autres&#8230; sont de plus en plus demand\u00e9s lors des v\u0153ux Erasmus pour des \u00e9changes universitaires, exp\u00e9riences professionnelles ou stages.<\/p>\n<p style=\"text-align: justify;\">En effet, ces pays offrent de belles opportunit\u00e9s aux participants d\u2019Erasmus Plus. Le co\u00fbt de la vie y est peu\/moins cher que dans les autres pays europ\u00e9ens, ce qui est un avantage non n\u00e9gligeable lors d\u2019un \u00e9change Erasmus. Les pays de l\u2019Est sont \u00e9galement centraux en Europe et permettent aux \u00e9tudiants de d\u00e9couvrir de nombreuses cultures voisines.<\/p>\n<p style=\"text-align: justify;\">Quant \u00e0 la langue, dans ces pays, l\u2019Anglais est tr\u00e8s d\u00e9mocratis\u00e9 et utilis\u00e9 autant dans le monde du travail que dans les Universit\u00e9s, cela permet de se rendre dans ses pays en sachant que l\u2019Anglais sera travaill\u00e9 et que la communication et les \u00e9changes avec les habitants seront possibles.<\/p>\n<p>[\/vc_column_text][\/vc_column][vc_column width=\u00a0\u00bb1\/3&Prime;][vc_single_image image=\u00a0\u00bb9447&Prime; img_size=\u00a0\u00bblarge\u00a0\u00bb alignment=\u00a0\u00bbcenter\u00a0\u00bb style=\u00a0\u00bbvc_box_rounded\u00a0\u00bb css=\u00a0\u00bb.vc_custom_1689201182715{margin-top: 0px !important;}\u00a0\u00bb][\/vc_column][\/vc_row][vc_row][vc_column][vc_custom_heading text=\u00a0\u00bbParmi les destinations Erasmus Plus : la Turquie\u00a0\u00bb use_theme_fonts=\u00a0\u00bbyes\u00a0\u00bb][vc_separator][\/vc_column][\/vc_row][vc_row][vc_column width=\u00a0\u00bb2\/3&Prime;][vc_column_text]Avec ses nombreuses universit\u00e9s de qualit\u00e9 et son m\u00e9lange unique de cultures orientales et occidentales, la Turquie est une destination id\u00e9ale pour les \u00e9tudiants en qu\u00eate d&rsquo;aventures.<\/p>\n<p>Istanbul, Ankara et Izmir sont quelques-unes des principales villes \u00e9tudiantes du pays.[\/vc_column_text][\/vc_column][vc_column width=\u00a0\u00bb1\/3&Prime;][vc_single_image image=\u00a0\u00bb17498&Prime; img_size=\u00a0\u00bblarge\u00a0\u00bb alignment=\u00a0\u00bbcenter\u00a0\u00bb style=\u00a0\u00bbvc_box_rounded\u00a0\u00bb css=\u00a0\u00bb.vc_custom_1689201194547{margin-top: 0px !important;}\u00a0\u00bb][\/vc_column][\/vc_row][vc_row][vc_column][vc_custom_heading text=\u00a0\u00bbQuestions fr\u00e9quentes\u00a0\u00bb font_container=\u00a0\u00bbtag:h2|text_align:center\u00a0\u00bb use_theme_fonts=\u00a0\u00bbyes\u00a0\u00bb][vc_separator][\/vc_column][\/vc_row][vc_row][vc_column width=\u00a0\u00bb2\/3&Prime;][vc_custom_heading text=\u00a0\u00bbQuelles sont les destinations possibles dans le cadre du programme Erasmus + ?\u00a0\u00bb font_container=\u00a0\u00bbtag:h3|text_align:left\u00a0\u00bb use_theme_fonts=\u00a0\u00bbyes\u00a0\u00bb][vc_column_text]Le programme Erasmus + couvre 33 pays : les 27 \u00c9tats membres de l&rsquo;Union Europ\u00e9enne ainsi que l&rsquo;Islande, le Liechtenstein, la Mac\u00e9doine du Nord, la Norv\u00e8ge, la Serbie, la Turquie et le Royaume-Uni.<\/p>\n<p>Cependant, des opportunit\u00e9s de mobilit\u00e9 peuvent aussi \u00eatre disponibles dans d&rsquo;autres pays partenaires en fonction du type de projet.[\/vc_column_text][vc_custom_heading text=\u00a0\u00bbQuelles sont les destinations Erasmus + les plus populaires ?\u00a0\u00bb font_container=\u00a0\u00bbtag:h3|text_align:left\u00a0\u00bb use_theme_fonts=\u00a0\u00bbyes\u00a0\u00bb][vc_column_text]Les destinations Erasmus + les plus populaires varient chaque ann\u00e9e, mais g\u00e9n\u00e9ralement, l&rsquo;Espagne, l&rsquo;Allemagne, le Royaume-Uni, la France et l&rsquo;Italie figurent parmi les destinations les plus choisies par les \u00e9tudiants.<\/p>\n<p>N\u00e9anmoins, la destination devrait d\u00e9pendre du domaine d&rsquo;\u00e9tude, des objectifs personnels et professionnels, et des opportunit\u00e9s offertes par chaque universit\u00e9.[\/vc_column_text][vc_custom_heading text=\u00a0\u00bbComment Espamob peut-il m&rsquo;aider \u00e0 choisir ma destination Erasmus + ?\u00a0\u00bb font_container=\u00a0\u00bbtag:h3|text_align:left\u00a0\u00bb use_theme_fonts=\u00a0\u00bbyes\u00a0\u00bb][vc_column_text]Espamob dispose d&rsquo;une grande exp\u00e9rience en mati\u00e8re de mobilit\u00e9 Erasmus + en Espagne. Nous vous aidons \u00e0 choisir la destination qui correspond le mieux \u00e0 vos objectifs acad\u00e9miques et professionnels.<\/p>\n<p>Nous vous conseillons sur les universit\u00e9s et les entreprises partenaires, et nous vous aidons \u00e0 organiser votre s\u00e9jour, y compris la recherche de logement et l&rsquo;accueil \u00e0 l&rsquo;a\u00e9roport[\/vc_column_text][\/vc_column][vc_column width=\u00a0\u00bb1\/3&Prime;][vc_single_image image=\u00a0\u00bb27520&Prime; img_size=\u00a0\u00bbfull\u00a0\u00bb alignment=\u00a0\u00bbcenter\u00a0\u00bb style=\u00a0\u00bbvc_box_rounded\u00a0\u00bb css=\u00a0\u00bb.vc_custom_1775128283634{margin-top: 0px !important;}\u00a0\u00bb label=\u00a0\u00bb\u00a0\u00bb][\/vc_column][\/vc_row]<\/p>\n<\/div>","protected":false},"excerpt":{"rendered":"<p>[vc_row][vc_column width=\u00a0\u00bb2\/3&Prime;][vc_custom_heading text=\u00a0\u00bbLes destinations Erasmus Plus\u00a0\u00bb font_container=\u00a0\u00bbtag:h1|text_align:left\u00a0\u00bb use_theme_fonts=\u00a0\u00bbyes\u00a0\u00bb][vc_separator][vc_column_text]Le programme\u00a0Erasmus Plus est une opportunit\u00e9 unique pour les \u00e9tudiants et les jeunes professionnels de d\u00e9couvrir d&rsquo;autres cultures, d&rsquo;acqu\u00e9rir de nouvelles comp\u00e9tences et de cr\u00e9er des liens internationaux durables. D\u00e9couvrez les destinations Erasmus Plus. Erasmus Plus comprend des \u201cpays du programme\u201d signifiant les pays participants \u00e0 toutes les<\/p>\n","protected":false},"author":1,"featured_media":17506,"parent":0,"menu_order":0,"comment_status":"closed","ping_status":"closed","template":"","meta":{"footnotes":""},"class_list":["post-9344","page","type-page","status-publish","has-post-thumbnail","hentry"],"_links":{"self":[{"href":"https:\/\/espamob.com\/fr\/wp-json\/wp\/v2\/pages\/9344","targetHints":{"allow":["GET"]}}],"collection":[{"href":"https:\/\/espamob.com\/fr\/wp-json\/wp\/v2\/pages"}],"about":[{"href":"https:\/\/espamob.com\/fr\/wp-json\/wp\/v2\/types\/page"}],"author":[{"embeddable":true,"href":"https:\/\/espamob.com\/fr\/wp-json\/wp\/v2\/users\/1"}],"replies":[{"embeddable":true,"href":"https:\/\/espamob.com\/fr\/wp-json\/wp\/v2\/comments?post=9344"}],"version-history":[{"count":0,"href":"https:\/\/espamob.com\/fr\/wp-json\/wp\/v2\/pages\/9344\/revisions"}],"wp:featuredmedia":[{"embeddable":true,"href":"https:\/\/espamob.com\/fr\/wp-json\/wp\/v2\/media\/17506"}],"wp:attachment":[{"href":"https:\/\/espamob.com\/fr\/wp-json\/wp\/v2\/media?parent=9344"}],"curies":[{"name":"wp","href":"https:\/\/api.w.org\/{rel}","templated":true}]}}