{"id":9342,"date":"2021-05-18T09:23:37","date_gmt":"2021-05-18T09:23:37","guid":{"rendered":"https:\/\/www.espamob.com\/?page_id=9342"},"modified":"2026-04-02T11:14:39","modified_gmt":"2026-04-02T11:14:39","slug":"erasmus-plus-public-vise","status":"publish","type":"page","link":"https:\/\/espamob.com\/fr\/erasmus-plus-public-vise\/","title":{"rendered":"Qui peut b\u00e9n\u00e9ficier du programme Erasmus Plus ?"},"content":{"rendered":"<div class=\"wpb-content-wrapper\"><p>[vc_row][vc_column][vc_custom_heading text=\u00a0\u00bbQui peut b\u00e9n\u00e9ficier du programme Erasmus ?\u00a0\u00bb font_container=\u00a0\u00bbtag:h1|text_align:left\u00a0\u00bb use_theme_fonts=\u00a0\u00bbyes\u00a0\u00bb][vc_separator][\/vc_column][\/vc_row][vc_row][vc_column width=\u00a0\u00bb2\/3&Prime;][vc_column_text]Pour b\u00e9n\u00e9ficier du programme Erasmus Plus, il faut respecter certaines conditions.<\/p>\n<p>Le programme Erasmus Plus est une initiative de l&rsquo;Union Europ\u00e9enne qui vise \u00e0 promouvoir l&rsquo;\u00e9ducation, la formation, la jeunesse et le sport en Europe.<\/p>\n<p>Depuis sa cr\u00e9ation en 1987, ce programme a permis \u00e0 des millions de personnes de vivre une exp\u00e9rience unique \u00e0 l&rsquo;\u00e9tranger. D\u00e9couvrez si vous pouvez b\u00e9n\u00e9ficier du programme Erasmus Plus.<\/p>\n<p>Erasmus Plus cible un large public afin d\u2019offrir des opportunit\u00e9s professionnelles tout en d\u00e9couvrant de nouvelles cultures dans les pays membres de l\u2019Union Europ\u00e9enne.<\/p>\n<p>Que vous soyez \u00e9tudiants, \u00e0 la recherche d\u2019un emploi, lyc\u00e9ens, apprentis ou tout autre statut et que\u00a0 vous avez en t\u00eate un projet professionnel \u00e0 l\u2019\u00e9tranger, le programme Erasmus Plus peut vous correspondre.[\/vc_column_text][\/vc_column][vc_column width=\u00a0\u00bb1\/3&Prime;][vc_single_image image=\u00a0\u00bb9719&Prime; img_size=\u00a0\u00bbmedium\u00a0\u00bb alignment=\u00a0\u00bbcenter\u00a0\u00bb style=\u00a0\u00bbvc_box_rounded\u00a0\u00bb][vc_btn title=\u00a0\u00bbEn savoir plus\u00a0\u00bb style=\u00a0\u00bbcustom\u00a0\u00bb custom_background=\u00a0\u00bb#e20000&Prime; custom_text=\u00a0\u00bb#ffffff\u00a0\u00bb align=\u00a0\u00bbcenter\u00a0\u00bb link=\u00a0\u00bburl:https%3A%2F%2Fespamob.com%2Ffr%2Fcontact%2F|title:En%20savoir%20plus|target:_blank\u00a0\u00bb][\/vc_column][\/vc_row][vc_row][vc_column][vc_custom_heading text=\u00a0\u00bbB\u00e9n\u00e9ficier du programme Erasmus Plus quand on est \u00e9tudiant\u00a0\u00bb use_theme_fonts=\u00a0\u00bbyes\u00a0\u00bb css=\u00a0\u00bb.vc_custom_1688566417181{margin-top: px !important;}\u00a0\u00bb][vc_separator][\/vc_column][\/vc_row][vc_row][vc_column width=\u00a0\u00bb1\/3&Prime;][vc_single_image image=\u00a0\u00bb9586&Prime; img_size=\u00a0\u00bbmedium\u00a0\u00bb alignment=\u00a0\u00bbcenter\u00a0\u00bb style=\u00a0\u00bbvc_box_rounded\u00a0\u00bb css=\u00a0\u00bb.vc_custom_1688566558101{margin-top: 40px !important;}\u00a0\u00bb][vc_btn title=\u00a0\u00bbJe suis \u00e9tudiant\u00a0\u00bb style=\u00a0\u00bbcustom\u00a0\u00bb custom_background=\u00a0\u00bb#e20000&Prime; custom_text=\u00a0\u00bb#ffffff\u00a0\u00bb align=\u00a0\u00bbcenter\u00a0\u00bb link=\u00a0\u00bburl:https%3A%2F%2Fespamob.com%2Ffr%2Fstage-erasmus-plus-etudiants-et-apprentis%2F|title:Je%20suis%20%C3%A9tudiant|target:_blank\u00a0\u00bb][\/vc_column][vc_column width=\u00a0\u00bb2\/3&Prime;][vc_custom_heading text=\u00a0\u00bbPourquoi b\u00e9n\u00e9ficier du programme Erasmus Plus en tant qu&rsquo;\u00e9tudiant ?\u00a0\u00bb font_container=\u00a0\u00bbtag:h3|text_align:left\u00a0\u00bb use_theme_fonts=\u00a0\u00bbyes\u00a0\u00bb css=\u00a0\u00bb.vc_custom_1688567410983{margin-top: 20px !important;}\u00a0\u00bb][vc_column_text]<\/p>\n<p style=\"text-align: justify;\">Les \u00e9tudiants en \u00e9tudes sup\u00e9rieures (licences, masters ou doctorats) sont consid\u00e9r\u00e9s comme la cible principale du programme Erasmus Plus. Ils peuvent effectuer des mobilit\u00e9s de diff\u00e9rentes fa\u00e7ons :<\/p>\n<ul style=\"text-align: justify;\">\n<li aria-level=\"1\"><strong>En stage \u00e0 l\u2019\u00e9trangers<\/strong><\/li>\n<\/ul>\n<p style=\"text-align: justify;\">Le but du stage \u00e0 l\u2019\u00e9tranger est de d\u00e9velopper les comp\u00e9tences linguistiques, culturelles et de communications de l\u2019\u00e9tudiant tout en le formant \u00e0 la vie professionnelle en entreprise avec un stage li\u00e9 aux domaines d&rsquo;\u00e9tudes.<\/p>\n<p style=\"text-align: justify;\">Ce stage peut \u00e9galement \u00eatre combin\u00e9 \u00e0 une p\u00e9riode d&rsquo;\u00e9tude \u00e0 l\u2019\u00e9tranger : d\u2019o\u00f9 la deuxi\u00e8me\u00a0 fa\u00e7on de b\u00e9n\u00e9ficier d\u2019une exp\u00e9rience Erasmus +.<\/p>\n<ul style=\"text-align: justify;\">\n<li aria-level=\"1\"><strong>Echange universitaire pour un semestre ou une ann\u00e9e enti\u00e8re dans un pays de l\u2019Union Europ\u00e9enne<\/strong><\/li>\n<\/ul>\n<p style=\"text-align: justify;\">Pour participer \u00e0 cet \u00e9change il faut \u00eatre inscrit dans un \u00e9tablissement du sup\u00e9rieur donc le dipl\u00f4me est reconnu par l\u2019Etat.<\/p>\n<p style=\"text-align: justify;\">Il est n\u00e9cessaire que cette exp\u00e9rience soit li\u00e9e au domaine d&rsquo;\u00e9tude afin d\u2019apporter de nouvelles comp\u00e9tences compl\u00e9mentaires \u00e0 celles du cursus de base. Cet \u00e9change universitaire permet de gagner en exp\u00e9rience professionnelle mais aussi \u00e0 un d\u00e9veloppement personnel, d\u00e9velopper son aisance relationnelle et communicationnelle en se m\u00ealant \u00e0 de nouvelles cultures.<\/p>\n<p style=\"text-align: justify;\">Cet \u00e9change universitaire peut durer entre 3 et 12 mois. Il est possible de le faire plusieurs fois et d\u2019allier stages et \u00e9changes universitaires mais cela ne doit jamais \u00eatre plus long que <em>12 mois au total<\/em>.<\/p>\n<p>[\/vc_column_text][vc_custom_heading text=\u00a0\u00bbConditions pour b\u00e9n\u00e9ficier du programme Erasmus Plus :\u00a0\u00bb font_container=\u00a0\u00bbtag:h3|text_align:left\u00a0\u00bb use_theme_fonts=\u00a0\u00bbyes\u00a0\u00bb css=\u00a0\u00bb.vc_custom_1688566950116{margin-top: 20px !important;}\u00a0\u00bb][vc_column_text]Pour les\u00a0<a href=\"https:\/\/espamob.com\/fr\/stage-erasmus-plus-etudiants-et-apprentis\/\"><strong>\u00e9tudiants souhaitant partir en mobilit\u00e9 Erasmus Plus<\/strong><\/a>, des crit\u00e8res suppl\u00e9mentaires doivent \u00eatre pris en compte :<\/p>\n<ul>\n<li>Le niveau d&rsquo;\u00e9tudes\u00a0: le programme est ouvert aux \u00e9tudiants inscrits dans un \u00e9tablissement d&rsquo;enseignement sup\u00e9rieur et ayant valid\u00e9 au moins une ann\u00e9e d&rsquo;\u00e9tudes compl\u00e8te.<\/li>\n<li>La dur\u00e9e du s\u00e9jour\u00a0: les mobilit\u00e9s acad\u00e9miques peuvent durer entre 3 et 12 mois, tandis que les stages sont pr\u00e9vus pour une dur\u00e9e de 2 \u00e0 12 mois.<\/li>\n<li>Le nombre de mobilit\u00e9s autoris\u00e9es\u00a0: chaque \u00e9tudiant peut b\u00e9n\u00e9ficier d&rsquo;un maximum de 12 mois de mobilit\u00e9 par cycle d&rsquo;\u00e9tudes (licence, master, doctorat).<\/li>\n<\/ul>\n<p>[\/vc_column_text][\/vc_column][\/vc_row][vc_row][vc_column][vc_custom_heading text=\u00a0\u00bbB\u00e9n\u00e9ficier du programme Erasmus Plus quand on est demandeurs d&#8217;emploi\u00a0\u00bb use_theme_fonts=\u00a0\u00bbyes\u00a0\u00bb css=\u00a0\u00bb.vc_custom_1688566398947{margin-top: 20px !important;}\u00a0\u00bb][vc_separator][\/vc_column][\/vc_row][vc_row][vc_column width=\u00a0\u00bb1\/3&Prime;][vc_single_image image=\u00a0\u00bb9491&Prime; img_size=\u00a0\u00bbmedium\u00a0\u00bb alignment=\u00a0\u00bbcenter\u00a0\u00bb style=\u00a0\u00bbvc_box_rounded\u00a0\u00bb][vc_btn title=\u00a0\u00bbEn savoir plus\u00a0\u00bb style=\u00a0\u00bbcustom\u00a0\u00bb custom_background=\u00a0\u00bb#e20000&Prime; custom_text=\u00a0\u00bb#ffffff\u00a0\u00bb align=\u00a0\u00bbcenter\u00a0\u00bb link=\u00a0\u00bburl:https%3A%2F%2Fespamob.com%2Ffr%2Fcontact%2F|title:En%20savoir%20plus|target:_blank\u00a0\u00bb][\/vc_column][vc_column width=\u00a0\u00bb2\/3&Prime;][vc_custom_heading text=\u00a0\u00bbErasmus+ : une opportunit\u00e9 pour les demandeurs d&#8217;emploi\u00a0\u00bb font_container=\u00a0\u00bbtag:h3|text_align:left\u00a0\u00bb use_theme_fonts=\u00a0\u00bbyes\u00a0\u00bb css=\u00a0\u00bb.vc_custom_1688567426517{margin-top: 20px !important;}\u00a0\u00bb][vc_column_text]<\/p>\n<p style=\"text-align: justify;\">Le programme Erasmus + s&rsquo;ouvre largement \u00e0 tous, y compris aux demandeurs d&#8217;emploi qui souhaitent enrichir leur parcours professionnel. Gr\u00e2ce au programme soutenu par P\u00f4le Emploi, \u00ab\u00a0Erasmus +, un levier pour l&#8217;emploi\u00a0\u00bb, les demandeurs d&#8217;emploi ont la possibilit\u00e9 d&rsquo;acqu\u00e9rir de nouvelles comp\u00e9tences et une exp\u00e9rience professionnelle pr\u00e9cieuse.<\/p>\n<p style=\"text-align: justify;\">Ce programme permet d&rsquo;effectuer <strong>des stages de 3 \u00e0 6 mois<\/strong> dans des entreprises europ\u00e9ennes, sans limite d&rsquo;\u00e2ge et en ouvrant l&rsquo;acc\u00e8s \u00e0 tous les secteurs d&rsquo;activit\u00e9.<\/p>\n<p>[\/vc_column_text][vc_custom_heading text=\u00a0\u00bbLes avantages d&rsquo;un stage Erasmus+ pour les demandeurs d&#8217;emploi\u00a0\u00bb font_container=\u00a0\u00bbtag:h3|text_align:left\u00a0\u00bb use_theme_fonts=\u00a0\u00bbyes\u00a0\u00bb css=\u00a0\u00bb.vc_custom_1688567348135{margin-top: 20px !important;}\u00a0\u00bb][vc_column_text]Un stage \u00e0 l&rsquo;\u00e9tranger dans le cadre de ce programme est un atout majeur pour votre CV. Cela d\u00e9montre votre ouverture d&rsquo;esprit, votre adaptabilit\u00e9 et votre engagement actif dans le d\u00e9veloppement de vos comp\u00e9tences professionnelles.<\/p>\n<p>C&rsquo;est une occasion unique d&rsquo;\u00e9largir vos horizons culturels et de vivre une exp\u00e9rience enrichissante.<\/p>\n<p>Pour plus d&rsquo;informations, le site internet de <a href=\"https:\/\/www.pole-emploi.fr\/\" target=\"_blank\" rel=\"noopener\">P\u00f4le Emploi<\/a> est \u00e0 votre disposition. Vous pouvez \u00e9galement prendre rendez-vous avec votre conseiller P\u00f4le Emploi pour discuter de vos options et voir comment ce programme peut \u00eatre adapt\u00e9 \u00e0 vos besoins et aspirations professionnelles.[\/vc_column_text][\/vc_column][\/vc_row][vc_row][vc_column][vc_custom_heading text=\u00a0\u00bbB\u00e9n\u00e9ficier du programme Erasmus Plus quand on est enseignant\u00a0\u00bb use_theme_fonts=\u00a0\u00bbyes\u00a0\u00bb css=\u00a0\u00bb.vc_custom_1688566443598{margin-top: 30px !important;}\u00a0\u00bb][vc_separator][\/vc_column][\/vc_row][vc_row][vc_column width=\u00a0\u00bb1\/3&Prime;][vc_single_image image=\u00a0\u00bb9497&Prime; img_size=\u00a0\u00bbmedium\u00a0\u00bb alignment=\u00a0\u00bbcenter\u00a0\u00bb style=\u00a0\u00bbvc_box_rounded\u00a0\u00bb][vc_btn title=\u00a0\u00bbJe suis enseignant\u00a0\u00bb style=\u00a0\u00bbcustom\u00a0\u00bb custom_background=\u00a0\u00bb#e20000&Prime; custom_text=\u00a0\u00bb#ffffff\u00a0\u00bb align=\u00a0\u00bbcenter\u00a0\u00bb link=\u00a0\u00bburl:https%3A%2F%2Fespamob.com%2Ffr%2Fles-mobilites-des-enseignants-erasmusplus%2F|title:Je%20suis%20enseignant|target:_blank\u00a0\u00bb][\/vc_column][vc_column width=\u00a0\u00bb2\/3&Prime;][vc_custom_heading text=\u00a0\u00bbErasmus+ les enseignants et les professionnels de l&rsquo;\u00e9ducation\u00a0\u00bb font_container=\u00a0\u00bbtag:h3|text_align:left\u00a0\u00bb use_theme_fonts=\u00a0\u00bbyes\u00a0\u00bb css=\u00a0\u00bb.vc_custom_1688567464651{margin-top: 20px !important;}\u00a0\u00bb][vc_column_text]<\/p>\n<p style=\"text-align: justify;\"><a href=\"https:\/\/agence.erasmusplus.fr\/programme-erasmus\/les-domaines-dactivite\/formation-et-enseignement-professionnels\/\" target=\"_blank\" rel=\"noopener\">Ce programme<\/a> est d\u00e9di\u00e9 aux apprentis en formations et il offre des opportunit\u00e9s professionnelles partout en Europe.<\/p>\n<p style=\"text-align: justify;\">Pour l\u2019enseignement, <a href=\"https:\/\/espamob.com\/fr\/les-mobilites-des-enseignants-erasmusplus\/\">Erasmus + offre l&rsquo;opportunit\u00e9 aux professeurs<\/a> ou personnes appartenant au secteur de l\u2019\u00e9ducation, d\u2019aller vivre une nouvelle exp\u00e9rience en Europe. Cette exp\u00e9rience permet de s\u2019adapter \u00e0 de nouvelles formes d\u2019enseignements, de d\u00e9couvrir de nouvelles m\u00e9thodes de travail encore peu connues dans le pays d&rsquo;origine.<\/p>\n<p style=\"text-align: justify;\">Il s&rsquo;agit \u00e9galement de pouvoir partager et donner de son savoir \u00e0 d\u2019autres enseignants dans des conditions culturelles nouvelles, cr\u00e9er un lien et une relation d&rsquo;\u00e9change durable.<\/p>\n<p>[\/vc_column_text][vc_custom_heading text=\u00a0\u00bbLes conditions sp\u00e9cifiques pour les enseignants\u00a0\u00bb font_container=\u00a0\u00bbtag:h3|text_align:left\u00a0\u00bb use_theme_fonts=\u00a0\u00bbyes\u00a0\u00bb css=\u00a0\u00bb.vc_custom_1688567522801{margin-top: 20px !important;}\u00a0\u00bb][vc_column_text]Pour les\u00a0<strong>enseignants et les chercheurs<\/strong>, les crit\u00e8res varient selon le type d&rsquo;action envisag\u00e9 :<\/p>\n<ul>\n<li>Pour les formations professionnelles et les p\u00e9riodes d&rsquo;observation, il est g\u00e9n\u00e9ralement n\u00e9cessaire de travailler dans un \u00e9tablissement d&rsquo;enseignement ou de recherche participant au programme.<\/li>\n<li>Pour les missions d&rsquo;enseignement, les professeurs doivent \u00eatre invit\u00e9s par un \u00e9tablissement partenaire et enseigner dans leur domaine d&rsquo;expertise.<\/li>\n<li>Pour les collaborations entre chercheurs, un projet de recherche conjoint doit \u00eatre \u00e9labor\u00e9 et soumis aux instances comp\u00e9tentes pour obtenir un financement Erasmus Plus.<\/li>\n<\/ul>\n<p>[\/vc_column_text][\/vc_column][\/vc_row][vc_row full_width=\u00a0\u00bbstretch_row\u00a0\u00bb wrap_container=\u00a0\u00bbyes\u00a0\u00bb section_skin=\u00a0\u00bbprimary\u00a0\u00bb css=\u00a0\u00bb.vc_custom_1775126226825{background-color: #041941 !important;}\u00a0\u00bb conditional_render=\u00a0\u00bb%5B%7B%22value_role%22%3A%22administrator%22%7D%5D\u00a0\u00bb][vc_column text_align=\u00a0\u00bbcenter\u00a0\u00bb][vc_row_inner css=\u00a0\u00bb.vc_custom_1775126253286{background-color: #041941 !important;}\u00a0\u00bb][vc_column_inner][vc_empty_space height=\u00a0\u00bb40px\u00a0\u00bb][vc_custom_heading text=\u00a0\u00bbFaire une demande de devis gratuit\u00a0\u00bb font_container=\u00a0\u00bbtag:h2|text_align:center|color:%23ffffff\u00a0\u00bb use_theme_fonts=\u00a0\u00bbyes\u00a0\u00bb][vc_column_text]<\/p>\n<div style=\"text-align: center !important; max-width: 800px; margin: 0 auto; padding: 20px;\">\n<p style=\"color: #ffffff !important; font-size: 18px !important; line-height: 1.6 !important; text-align: center !important; margin-bottom: 25px !important;\">Vous avez une id\u00e9e de projet <strong>Erasmus +<\/strong> en Espagne et vous cherchez un partenaire de confiance pour vous accompagner ?<\/p>\n<p style=\"color: #ffffff !important; font-size: 16px !important; line-height: 1.8 !important; text-align: center !important; font-weight: 300 !important; margin-bottom: 25px !important;\"><strong>Espamob\u2019<\/strong> est l\u00e0 pour vous aider ! Nous vous proposons un devis gratuit et sans engagement pour vous aider \u00e0 g\u00e9rer votre projet de mobilit\u00e9. Gr\u00e2ce \u00e0 notre expertise et \u00e0 notre r\u00e9seau d\u2019entreprises partenaires, nous sommes en mesure de vous offrir un accompagnement personnalis\u00e9 pour r\u00e9pondre \u00e0 vos besoins .<\/p>\n<p style=\"color: #ffffff !important; font-size: 16px !important; line-height: 1.8 !important; text-align: center !important; font-weight: 300 !important;\">Contactez-nous d\u00e8s maintenant pour discuter de votre projet et obtenir votre devis gratuit.<\/p>\n<\/div>\n<p>[\/vc_column_text][vc_btn title=\u00a0\u00bbDEMANDE DE DEVIS\u00a0\u00bb style=\u00a0\u00bbcustom\u00a0\u00bb custom_background=\u00a0\u00bb#e20000&Prime; custom_text=\u00a0\u00bb#ffe033&Prime; size=\u00a0\u00bbxl\u00a0\u00bb align=\u00a0\u00bbcenter\u00a0\u00bb link=\u00a0\u00bburl:https%3A%2F%2Fespamob.com%2Ffr%2Fdemande-de-devis%2F\u00a0\u00bb css=\u00a0\u00bb.vc_custom_1772715991411{margin-top: -5px !important;}\u00a0\u00bb][vc_empty_space height=\u00a0\u00bb30px\u00a0\u00bb][\/vc_column_inner][\/vc_row_inner][\/vc_column][\/vc_row][vc_row][vc_column][vc_custom_heading text=\u00a0\u00bbLes groupes peuvent-ils b\u00e9n\u00e9ficier du programme Erasmus Plus ?\u00a0\u00bb use_theme_fonts=\u00a0\u00bbyes\u00a0\u00bb css=\u00a0\u00bb.vc_custom_1688567759521{margin-top: 20px !important;}\u00a0\u00bb][vc_separator][\/vc_column][\/vc_row][vc_row][vc_column width=\u00a0\u00bb1\/3&Prime;][vc_single_image image=\u00a0\u00bb9604&Prime; img_size=\u00a0\u00bbmedium\u00a0\u00bb alignment=\u00a0\u00bbcenter\u00a0\u00bb style=\u00a0\u00bbvc_box_rounded\u00a0\u00bb][vc_btn title=\u00a0\u00bbEn savoir plus\u00a0\u00bb style=\u00a0\u00bbcustom\u00a0\u00bb custom_background=\u00a0\u00bb#e20000&Prime; custom_text=\u00a0\u00bb#ffffff\u00a0\u00bb align=\u00a0\u00bbcenter\u00a0\u00bb link=\u00a0\u00bburl:https%3A%2F%2Fespamob.com%2Ffr%2Fcontact%2F|title:Contact|target:_blank\u00a0\u00bb][\/vc_column][vc_column width=\u00a0\u00bb2\/3&Prime;][vc_custom_heading text=\u00a0\u00bbErasmus Plus en groupe : ce qu&rsquo;il faut retenir\u00a0\u00bb font_container=\u00a0\u00bbtag:h3|text_align:left\u00a0\u00bb use_theme_fonts=\u00a0\u00bbyes\u00a0\u00bb css=\u00a0\u00bb.vc_custom_1688567906424{margin-top: 20px !important;}\u00a0\u00bb][vc_column_text]<\/p>\n<p style=\"text-align: justify;\">Vous pouvez b\u00e9n\u00e9ficier du programme Erasmus Plus en groupe.<\/p>\n<p style=\"text-align: justify;\">Cela permet par exemple \u00e0 des enseignants ou directeurs de centre de formation de pouvoir emmener leurs \u00e9l\u00e8ves \u00e0 l\u2019\u00e9tranger pour une exp\u00e9rience de stage plus ou moins longue (de 2 \u00e0 12 mois).<\/p>\n<p style=\"text-align: justify;\">Ces projets de groupes peuvent s&rsquo;effectuer dans <a href=\"https:\/\/espamob.com\/fr\/les-destinations-erasmus-plus\/\">des destinations<\/a>, d\u00e8s lors que le pays\u00a0 \/ la ville en question ont les capacit\u00e9s n\u00e9cessaires et les ressources pour accueillir des groupes dans des secteurs d&rsquo;activit\u00e9s sp\u00e9cialis\u00e9s.<\/p>\n<p style=\"text-align: justify;\">Ces \u00e9changes permettent un d\u00e9veloppement des comp\u00e9tences professionnelles tout en alliant cela \u00e0 la d\u00e9couverte d\u2019une autre culture, un d\u00e9veloppement linguistique et relationnel.<\/p>\n<p>[\/vc_column_text][vc_custom_heading text=\u00a0\u00bbEspamob et votre projet de mobilit\u00e9 de groupe\u00a0\u00bb font_container=\u00a0\u00bbtag:h3|text_align:left\u00a0\u00bb use_theme_fonts=\u00a0\u00bbyes\u00a0\u00bb css=\u00a0\u00bb.vc_custom_1688568003709{margin-top: 20px !important;}\u00a0\u00bb][vc_column_text]Gr\u00e2ce \u00e0 notre expertise et \u00e0 notre r\u00e9seau \u00e9tendu <a href=\"https:\/\/espamob.com\/fr\/mobilites-stages-erasmus-plus-espagne\/\">en Espagne<\/a>, nous assurons des stages de qualit\u00e9 pour tous les groupes souhaitant b\u00e9n\u00e9ficier du programme Erasmus Plus.<\/p>\n<p>De l&rsquo;accueil \u00e0 l&rsquo;a\u00e9roport \u00e0 l&rsquo;accompagnement administratif, nous g\u00e9rons tous les aspects logistiques, permettant ainsi une exp\u00e9rience sereine et enrichissante.<\/p>\n<p>Chez Espamob, nous nous investissons pour rendre chaque mobilit\u00e9s Erasmus Plus r\u00e9ussie et m\u00e9morable. N&rsquo;h\u00e9sitez pas \u00e0 nous contacter pour vos projets de mobilit\u00e9 de groupe.[\/vc_column_text][\/vc_column][\/vc_row][vc_row][vc_column][vc_custom_heading text=\u00a0\u00bbAccessibilit\u00e9 Handicap\u00a0\u00bb use_theme_fonts=\u00a0\u00bbyes\u00a0\u00bb css=\u00a0\u00bb.vc_custom_1623843387542{margin-top: 20px !important;}\u00a0\u00bb][vc_separator][\/vc_column][\/vc_row][vc_row][vc_column width=\u00a0\u00bb1\/3&Prime;][vc_single_image image=\u00a0\u00bb9478&Prime; img_size=\u00a0\u00bbmedium\u00a0\u00bb alignment=\u00a0\u00bbcenter\u00a0\u00bb style=\u00a0\u00bbvc_box_rounded\u00a0\u00bb][\/vc_column][vc_column width=\u00a0\u00bb2\/3&Prime;][vc_custom_heading text=\u00a0\u00bbErasmus Plus : un engagement pour l&rsquo;inclusion\u00a0\u00bb font_container=\u00a0\u00bbtag:h3|text_align:left\u00a0\u00bb use_theme_fonts=\u00a0\u00bbyes\u00a0\u00bb css=\u00a0\u00bb.vc_custom_1688568259194{margin-top: 20px !important;}\u00a0\u00bb][vc_column_text]Erasmus Plus est fermement engag\u00e9 \u00e0 offrir des opportunit\u00e9s et un accompagnement aux personnes en situation de handicap, qu\u2019il soit mental, physique, sensoriel ou autre.<\/p>\n<p>Le programme se distingue par son attachement profond \u00e0 l&rsquo;\u00e9quit\u00e9 et \u00e0 l&rsquo;inclusion, mettant ainsi en place des mesures qui encouragent la participation de tous, quelles que soient leurs capacit\u00e9s.<\/p>\n<p>Au del\u00e0 de l&rsquo;exp\u00e9rience acad\u00e9mique et professionnelle, les \u00e9changes Erasmus+ favorisent l&rsquo;acceptation des diff\u00e9rences et valorisent la diversit\u00e9.[\/vc_column_text][vc_custom_heading text=\u00a0\u00bbB\u00e9n\u00e9ficier du programme Erasmus Plus en situation de handicap\u00a0\u00bb font_container=\u00a0\u00bbtag:h3|text_align:left\u00a0\u00bb use_theme_fonts=\u00a0\u00bbyes\u00a0\u00bb css=\u00a0\u00bb.vc_custom_1688568309479{margin-top: 20px !important;}\u00a0\u00bb][vc_column_text]Dans le but d&rsquo;ouvrir ses programmes au plus grand nombre, Erasmus+ a mis en place des aides financi\u00e8res suppl\u00e9mentaires sp\u00e9cifiques pour soutenir les personnes en situation de handicap lors de leur \u00e9change.<\/p>\n<p>Ces aides peuvent couvrir des besoins divers tels qu&rsquo;un auxiliaire de vie, un accompagnement personnalis\u00e9 ou des co\u00fbts suppl\u00e9mentaires d&rsquo;h\u00e9bergement adapt\u00e9.<\/p>\n<p>C&rsquo;est une initiative qui permet \u00e0 tous de vivre l&rsquo;exp\u00e9rience Erasmus+ dans les meilleures conditions possibles et de b\u00e9n\u00e9ficier pleinement de leur s\u00e9jour \u00e0 l&rsquo;\u00e9tranger.<\/p>\n<p>Pour plus d&rsquo;informations sur les mobilit\u00e9s en situation de handicap, vous pouvez consulter <a href=\"https:\/\/agence.erasmusplus.fr\/erasmus-accompagne-les-personnes-en-situation-de-handicap\/\" target=\"_blank\" rel=\"noopener\">cet article d\u00e9taill\u00e9<\/a>.[\/vc_column_text][\/vc_column][\/vc_row][vc_row][vc_column][vc_custom_heading text=\u00a0\u00bbQuestions fr\u00e9quentes\u00a0\u00bb font_container=\u00a0\u00bbtag:h1|text_align:left\u00a0\u00bb use_theme_fonts=\u00a0\u00bbyes\u00a0\u00bb][vc_separator][\/vc_column][\/vc_row][vc_row][vc_column width=\u00a0\u00bb2\/3&Prime;][vc_custom_heading text=\u00a0\u00bbQui sont les b\u00e9n\u00e9ficiaires du programme Erasmus Plus ?\u00a0\u00bb font_container=\u00a0\u00bbtag:h3|text_align:left\u00a0\u00bb use_theme_fonts=\u00a0\u00bbyes\u00a0\u00bb css=\u00a0\u00bb.vc_custom_1688569834070{margin-top: 20px !important;}\u00a0\u00bb][vc_column_text]Le programme Erasmus Plus vise principalement les \u00e9tudiants, les enseignants, les formateurs, et plus g\u00e9n\u00e9ralement les institutions d&rsquo;enseignement et de formation en Europe. Il est \u00e9galement possible pour les demandeurs d&#8217;emploi de b\u00e9n\u00e9ficier du programme d&rsquo;Erasmus Plus.<\/p>\n<p>Ce programme offre une opportunit\u00e9 unique d&rsquo;\u00e9largir ses horizons, de d\u00e9couvrir d&rsquo;autres cultures et d&rsquo;am\u00e9liorer ses comp\u00e9tences par le biais d&rsquo;un stage ou d&rsquo;un \u00e9change universitaire \u00e0 l&rsquo;\u00e9tranger.[\/vc_column_text][vc_custom_heading text=\u00a0\u00bbB\u00e9n\u00e9ficier du programme Erasmus Plus en situation de handicap\u00a0\u00bb font_container=\u00a0\u00bbtag:h3|text_align:left\u00a0\u00bb use_theme_fonts=\u00a0\u00bbyes\u00a0\u00bb css=\u00a0\u00bb.vc_custom_1688568309479{margin-top: 20px !important;}\u00a0\u00bb][vc_column_text]Espamob offre un soutien complet aux b\u00e9n\u00e9ficiaires du programme Erasmus Plus, couvrant toutes les \u00e9tapes du processus, de la pr\u00e9paration \u00e0 l&rsquo;arriv\u00e9e et tout au long du s\u00e9jour.<\/p>\n<p>Nous nous occupons de l&rsquo;accueil \u00e0 l&rsquo;a\u00e9roport, du placement en entreprise pour les stagiaires, du soutien administratif, et bien plus encore.<\/p>\n<p>Nous veillons \u00e0 ce que chaque participant tire le meilleur parti de son exp\u00e9rience Erasmus Plus.[\/vc_column_text][vc_custom_heading text=\u00a0\u00bbDans quelles villes Espamob accompagne-t-il les b\u00e9n\u00e9ficiaires d&rsquo;Erasmus Plus ?\u00a0\u00bb font_container=\u00a0\u00bbtag:h3|text_align:left\u00a0\u00bb use_theme_fonts=\u00a0\u00bbyes\u00a0\u00bb css=\u00a0\u00bb.vc_custom_1688570381963{margin-top: 20px !important;}\u00a0\u00bb][vc_column_text]Espamob accompagne les b\u00e9n\u00e9ficiaires d&rsquo;Erasmus Plus dans plusieurs villes espagnoles, notamment \u00e0 Valence, \u00e0 Barcelone, aux \u00eeles Bal\u00e9ares et aux \u00eeles Canaries.<\/p>\n<p>Chaque ville offre un environnement unique et stimulant pour une exp\u00e9rience de stage ou d&rsquo;\u00e9change universitaire.[\/vc_column_text][\/vc_column][vc_column width=\u00a0\u00bb1\/3&Prime;][vc_single_image image=\u00a0\u00bb27520&Prime; img_size=\u00a0\u00bbmedium\u00a0\u00bb alignment=\u00a0\u00bbcenter\u00a0\u00bb style=\u00a0\u00bbvc_box_rounded\u00a0\u00bb label=\u00a0\u00bb\u00a0\u00bb][\/vc_column][\/vc_row]<\/p>\n<\/div>","protected":false},"excerpt":{"rendered":"<p>[vc_row][vc_column][vc_custom_heading text=\u00a0\u00bbQui peut b\u00e9n\u00e9ficier du programme Erasmus ?\u00a0\u00bb font_container=\u00a0\u00bbtag:h1|text_align:left\u00a0\u00bb use_theme_fonts=\u00a0\u00bbyes\u00a0\u00bb][vc_separator][\/vc_column][\/vc_row][vc_row][vc_column width=\u00a0\u00bb2\/3&Prime;][vc_column_text]Pour b\u00e9n\u00e9ficier du programme Erasmus Plus, il faut respecter certaines conditions. Le programme Erasmus Plus est une initiative de l&rsquo;Union Europ\u00e9enne qui vise \u00e0 promouvoir l&rsquo;\u00e9ducation, la formation, la jeunesse et le sport en Europe. Depuis sa cr\u00e9ation en 1987, ce programme a permis \u00e0<\/p>\n","protected":false},"author":1,"featured_media":9719,"parent":0,"menu_order":0,"comment_status":"closed","ping_status":"closed","template":"","meta":{"footnotes":""},"class_list":["post-9342","page","type-page","status-publish","has-post-thumbnail","hentry"],"_links":{"self":[{"href":"https:\/\/espamob.com\/fr\/wp-json\/wp\/v2\/pages\/9342","targetHints":{"allow":["GET"]}}],"collection":[{"href":"https:\/\/espamob.com\/fr\/wp-json\/wp\/v2\/pages"}],"about":[{"href":"https:\/\/espamob.com\/fr\/wp-json\/wp\/v2\/types\/page"}],"author":[{"embeddable":true,"href":"https:\/\/espamob.com\/fr\/wp-json\/wp\/v2\/users\/1"}],"replies":[{"embeddable":true,"href":"https:\/\/espamob.com\/fr\/wp-json\/wp\/v2\/comments?post=9342"}],"version-history":[{"count":0,"href":"https:\/\/espamob.com\/fr\/wp-json\/wp\/v2\/pages\/9342\/revisions"}],"wp:featuredmedia":[{"embeddable":true,"href":"https:\/\/espamob.com\/fr\/wp-json\/wp\/v2\/media\/9719"}],"wp:attachment":[{"href":"https:\/\/espamob.com\/fr\/wp-json\/wp\/v2\/media?parent=9342"}],"curies":[{"name":"wp","href":"https:\/\/api.w.org\/{rel}","templated":true}]}}