{"id":9340,"date":"2021-05-18T09:23:02","date_gmt":"2021-05-18T09:23:02","guid":{"rendered":"https:\/\/www.espamob.com\/?page_id=9340"},"modified":"2026-04-02T11:29:43","modified_gmt":"2026-04-02T11:29:43","slug":"les-plateformes-erasmus","status":"publish","type":"page","link":"https:\/\/espamob.com\/fr\/les-plateformes-erasmus\/","title":{"rendered":"Les plateformes Erasmus +"},"content":{"rendered":"<div class=\"wpb-content-wrapper\"><p>[vc_row][vc_column width=\u00a0\u00bb1\/4&Prime;][vc_single_image image=\u00a0\u00bb9805&Prime; img_size=\u00a0\u00bbmedium\u00a0\u00bb css=\u00a0\u00bb.vc_custom_1623058494904{margin-top: 15px !important;}\u00a0\u00bb][\/vc_column][vc_column width=\u00a0\u00bb3\/4&Prime;][vc_custom_heading text=\u00a0\u00bbLes plateformes Erasmus Plus\u00a0\u00bb font_container=\u00a0\u00bbtag:h1|text_align:left\u00a0\u00bb use_theme_fonts=\u00a0\u00bbyes\u00a0\u00bb][vc_separator][vc_column_text css=\u00a0\u00bb.vc_custom_1684016125969{margin-bottom: 50px !important;}\u00a0\u00bb]<\/p>\n<p style=\"text-align: justify;\"><strong>Les plateformes Erasmus Plus :<\/strong> L&rsquo;avantage du processus Erasmus + est que toutes les d\u00e9marches sont d\u00e9mat\u00e9rialis\u00e9es et disponibles directement en ligne. Cela permet un suivi complet de vos projets de fa\u00e7on rapide et facile et d\u2019avoir un acc\u00e8s continu \u00e0 l\u2019information et au statut de vos projets actuels ou futurs. C&rsquo;est pour rendre votre exp\u00e9rience plus agr\u00e9able que la Commission Europ\u00e9enne, et Erasmus Plus ont mis en place des nombreuses plateformes pour vos diff\u00e9rents besoins lors de vos mobilit\u00e9s.<\/p>\n<p>[\/vc_column_text][\/vc_column][\/vc_row][vc_row][vc_column][vc_custom_heading text=\u00a0\u00bbLes plateformes Erasmus Plus : Le Mobility Tool\u00a0\u00bb use_theme_fonts=\u00a0\u00bbyes\u00a0\u00bb][vc_separator][\/vc_column][\/vc_row][vc_row][vc_column width=\u00a0\u00bb2\/3&Prime;][vc_column_text]<\/p>\n<p style=\"text-align: justify;\">Le Mobility Tool est une plateforme en ligne mise en place par Erasmus permettant <i>le reporting et la gestion<\/i> de vos projets.<\/p>\n<p style=\"text-align: justify;\">Ce mobility tool est utile lorsque votre projet est valid\u00e9 pour financement par Erasmus et la commission europ\u00e9enne et que votre contrat est sign\u00e9. Au moment de la validation de ce projet, vous recevez par mail des acc\u00e8s \u00e0 la plateforme vous permettant de g\u00e9rer votre projet. \u00a0L\u2019Agence nationale vous envoie ce mail lorsque celle-ci a confirm\u00e9 un certain nombre d\u2019\u00e9tapes du cycle de vie des projets dans son outil de gestion en ligne (s\u00e9lection, signature de la convention\u2026). Les acc\u00e8s au Mobility Tool sont donn\u00e9s \u00e0 la personne en charge du projet ou repr\u00e9sentant l\u00e9gal lors du d\u00e9p\u00f4t de candidature pour subvention.<\/p>\n<p style=\"text-align: justify;\">Le Mobility Tool a plusieurs utilit\u00e9s :<\/p>\n<ul style=\"text-align: justify;\">\n<li aria-level=\"1\">encoder les informations relatives aux participants du projet et ce, d\u00e8s que vous disposez de ces informations ;<\/li>\n<\/ul>\n<ul>\n<li aria-level=\"1\">mettre \u00e0 jour les informations budg\u00e9taires si n\u00e9cessaire ;<\/li>\n<\/ul>\n<ul>\n<li aria-level=\"1\">ET soumettre votre rapport final \u2013 Cet outil permettra de g\u00e9n\u00e9rer le(s) rapport(s) du\/des participant(s) et le rapport du b\u00e9n\u00e9ficiaire.<\/li>\n<\/ul>\n<p style=\"text-align: justify;\">Vous pouvez aussi utiliser la plateforme pour avoir acc\u00e8s aux informations de votre projet et en ajouter de nouvelles si n\u00e9cessaire au fur et \u00e0 mesure de la d\u00e9finition de votre projet.<\/p>\n<p style=\"text-align: justify;\">Une fois que toutes les informations y sont incluses, vous pouvez \u00e9tablir le rapport final. Attention, une fois les informations valid\u00e9es, pas de retour en arri\u00e8re possible !<\/p>\n<p>[\/vc_column_text][\/vc_column][vc_column width=\u00a0\u00bb1\/3&Prime;][vc_single_image image=\u00a0\u00bb9786&Prime; img_size=\u00a0\u00bbmedium\u00a0\u00bb alignment=\u00a0\u00bbcenter\u00a0\u00bb][\/vc_column][\/vc_row][vc_row][vc_column width=\u00a0\u00bb1\/2&Prime;][vc_custom_heading text=\u00a0\u00bbLes plateformes Erasmus Plus : EPALE\u00a0\u00bb use_theme_fonts=\u00a0\u00bbyes\u00a0\u00bb][vc_separator][vc_single_image image=\u00a0\u00bb9514&Prime; img_size=\u00a0\u00bbmedium\u00a0\u00bb alignment=\u00a0\u00bbcenter\u00a0\u00bb][vc_column_text]<\/p>\n<p style=\"text-align: justify;\"><a href=\"https:\/\/espamob.com\/fr\/les-plateformes-erasmus\/epale\/\">EPALE est une plateforme<\/a> collaborative d\u00e9di\u00e9e aux formateurs, b\u00e9n\u00e9voles, chercheurs et diff\u00e9rents acteurs de l\u2019\u00e9conomie sociale et solidaire.<\/p>\n<p style=\"text-align: justify;\">Ces professionnels travaillent ensemble sur la plateforme pour am\u00e9liorer l\u2019acc\u00e8s \u00e0 la formation des adultes \u00e0 un niveau Europ\u00e9en. EPALE s&rsquo;adresse \u00e0 toutes les formes d\u2019\u00e9ducation et de formations : formelles, informelles ou non formelles, provenant d\u2019organismes publics ou priv\u00e9s.<\/p>\n<p style=\"text-align: justify;\">L\u2019avantage de cette plateforme est qu\u2019elle ouvre \u00e0 la cr\u00e9ation d\u2019un r\u00e9seau de professionnels proche de votre secteur d\u2019activit\u00e9, la valorisation de projets professionnels, la recherche de partenaires comme <a href=\"https:\/\/epale.ec.europa.eu\/en\/organisations\/espamob-spain\" target=\"_blank\" rel=\"noopener\">Espamob&rsquo; \/ EPALE<\/a>, le gain de connaissances et d\u2019informations en innovations p\u00e9dagogiques.<\/p>\n<p>[\/vc_column_text][\/vc_column][vc_column width=\u00a0\u00bb1\/2&Prime;][vc_custom_heading text=\u00a0\u00bbLes plateformes Erasmus Plus : PENELOPE\u00a0\u00bb use_theme_fonts=\u00a0\u00bbyes\u00a0\u00bb][vc_separator][vc_single_image image=\u00a0\u00bb9519&Prime; img_size=\u00a0\u00bbmedium\u00a0\u00bb alignment=\u00a0\u00bbcenter\u00a0\u00bb][vc_column_text]<\/p>\n<p style=\"text-align: justify;\"><a href=\"https:\/\/espamob.com\/fr\/les-plateformes-erasmus\/penelope\/\">La plateforme Penelope<\/a> est <strong>LA<\/strong> plateforme d\u2019accompagnement des projets Erasmus +.<\/p>\n<p style=\"text-align: justify;\">Elle vous donne toutes les informations n\u00e9cessaires pour effectuer des demandes de subventions aupr\u00e8s d\u2019Erasmus + pour des partenariats ou des projets de mobilit\u00e9s Europ\u00e9ennes.<\/p>\n<p style=\"text-align: justify;\">Cliquez <a href=\"https:\/\/www.erasmusplus.fr\/penelope\/\" target=\"_blank\" rel=\"noopener\">ici<\/a> pour un acc\u00e8s direct \u00e0 la plateforme et en savoir plus sur les processus de d\u00e9p\u00f4ts de candidature pour des subventions.<\/p>\n<p style=\"text-align: justify;\">La plateforme\u00a0 Penelope ne s\u2019arr\u00eate pas l\u00e0, si vous b\u00e9n\u00e9ficiez d\u00e9j\u00e0 de subventions, Penelope continue de vous accompagner pendant toute la dur\u00e9e de vos processus pour vous guider et vous donner les informations n\u00e9cessaires au bon fonctionnement de vos candidatures.<\/p>\n<p>[\/vc_column_text][\/vc_column][\/vc_row][vc_row][vc_column width=\u00a0\u00bb1\/2&Prime;][vc_custom_heading text=\u00a0\u00bbLes plateformes Erasmus Plus : eTwinning\u00a0\u00bb use_theme_fonts=\u00a0\u00bbyes\u00a0\u00bb][vc_separator][vc_single_image image=\u00a0\u00bb9509&Prime; img_size=\u00a0\u00bb202&#215;144&Prime; alignment=\u00a0\u00bbcenter\u00a0\u00bb css=\u00a0\u00bb.vc_custom_1623055928114{margin-top: px !important;}\u00a0\u00bb][vc_column_text]<\/p>\n<p style=\"text-align: justify;\"><a href=\"https:\/\/espamob.com\/fr\/les-plateformes-erasmus\/etwinning\/\">La plateforme eTwinning<\/a> est une plateforme cofinanc\u00e9 par Erasmus Plus. Elle repr\u00e9sente la communaut\u00e9 pour les \u00e9tablissements d\u2019Europe.<\/p>\n<p style=\"text-align: justify;\">Son but est de mettre en lien des \u00e9tablissements scolaires pour la cr\u00e9ation d\u2019\u00e9changes partout en Europe.<\/p>\n<p style=\"text-align: justify;\">Elle est d\u00e9di\u00e9e aux professionnels de ces \u00e9tablissements : directeurs, \u00e9ducateurs, enseignants&#8230;afin de cr\u00e9er des partenariats, \u00e9changer des informations et cr\u00e9er de nouveaux projets Europ\u00e9ens.<\/p>\n<p style=\"text-align: justify;\"><a href=\"https:\/\/school-education.ec.europa.eu\/en\/etwinning\" target=\"_blank\" rel=\"noopener\">Cette plateforme<\/a> est compos\u00e9e de plus de 931 863 enseignants, 217 088 \u00e9coles et plus de 121 570 projets.<\/p>\n<p>[\/vc_column_text][\/vc_column][vc_column width=\u00a0\u00bb1\/2&Prime;][vc_custom_heading text=\u00a0\u00bbLes plateformes Erasmus Plus : Europass\u00a0\u00bb use_theme_fonts=\u00a0\u00bbyes\u00a0\u00bb][vc_separator][vc_single_image image=\u00a0\u00bb9504&Prime; img_size=\u00a0\u00bb220&#215;104&Prime; alignment=\u00a0\u00bbcenter\u00a0\u00bb css=\u00a0\u00bb.vc_custom_1623055911418{margin-top: 40px !important;margin-bottom: 56px !important;}\u00a0\u00bb][vc_column_text]<\/p>\n<p style=\"text-align: justify;\"><a href=\"https:\/\/espamob.com\/fr\/les-plateformes-erasmus\/europass\/\" target=\"_blank\" rel=\"noopener\">La plateforme Europass<\/a> est compos\u00e9e d&rsquo;un ensemble d\u2019outils et d\u2019informations en ligne vous permettant de g\u00e9rer facilement votre carri\u00e8re et vos projets europ\u00e9ens, ou encore votre parcours d\u2019apprentissage.<\/p>\n<p style=\"text-align: justify;\">Cet outil est fourni par la Commission Europ\u00e9enne gratuitement pour donner un acc\u00e8s \u00e0 diff\u00e9rentes opportunit\u00e9s professionnelles partout en Europe \u00e0 ses utilisateurs, de fa\u00e7on simple et tr\u00e8s professionnelle.<\/p>\n<p style=\"text-align: justify;\"><a href=\"https:\/\/europa.eu\/europass\/fr\" target=\"_blank\" rel=\"noopener\">L\u2019Europass<\/a> vous guide dans la cr\u00e9ation de divers documents :<\/p>\n<ul style=\"text-align: justify;\">\n<li aria-level=\"1\">Le CV, disponible en 28 langues<\/li>\n<li aria-level=\"1\">La lettre de motivation<\/li>\n<li aria-level=\"1\">L\u2019Europass mobilit\u00e9<\/li>\n<li aria-level=\"1\">Le passeport de langues<\/li>\n<li aria-level=\"1\">Le suppl\u00e9ment descriptif du certificat et du dipl\u00f4me<\/li>\n<\/ul>\n<p>Tous ces outils pourront vous \u00eatre d&rsquo;une grande aide dans le d\u00e9veloppement de votre r\u00e9seau partout en Europe.[\/vc_column_text][\/vc_column][\/vc_row][vc_row][vc_column][vc_custom_heading text=\u00a0\u00bbLes plateformes Erasmus Plus : Erasmus App\u00a0\u00bb use_theme_fonts=\u00a0\u00bbyes\u00a0\u00bb][vc_separator][\/vc_column][\/vc_row][vc_row][vc_column width=\u00a0\u00bb5\/6&Prime;][vc_column_text]<\/p>\n<p style=\"text-align: justify;\">L&rsquo;<a href=\"https:\/\/erasmusapp.eu\/\" target=\"_blank\" rel=\"noopener\">Erasmus App<\/a> est, comme son nom l\u2019indique, l\u2019application d\u00e9di\u00e9e \u00e0 Erasmus +. Compatible sur t\u00e9l\u00e9phone et tablette, cette application lanc\u00e9e par la Commission Europ\u00e9enne a \u00e9t\u00e9 con\u00e7ue pour les \u00e9tudiants, les participants aux \u00e9changes , jeunes dipl\u00f4m\u00e9s ou encore les personnes en formation professionnelle. Son objectif principal est de faciliter l\u2019accompagnement dans les d\u00e9marches administratives et le suivi des mobilit\u00e9s Europ\u00e9ennes.<\/p>\n<p style=\"text-align: justify;\">Elle met \u00e9galement en avant les avanc\u00e9es et les innovations digitales amen\u00e9es par Erasmus Plus et la Commission Europ\u00e9enne. L\u2019application est tr\u00e8s utile et s\u2019accompagne tr\u00e8s bien des nouvelles <a href=\"https:\/\/espamob.com\/fr\/erasmus-plus-cest-quoi\/\">mobilit\u00e9s hybrides<\/a> mises en place par Erasmus en 2020.<\/p>\n<p>[\/vc_column_text][\/vc_column][vc_column width=\u00a0\u00bb1\/6&Prime;][vc_single_image image=\u00a0\u00bb9420&Prime; img_size=\u00a0\u00bb135&#215;135&Prime; onclick=\u00a0\u00bbcustom_link\u00a0\u00bb css=\u00a0\u00bb.vc_custom_1623053271412{margin-top: 0px !important;}\u00a0\u00bb link=\u00a0\u00bbhttps:\/\/erasmusapp.eu\/\u00a0\u00bb][\/vc_column][\/vc_row][vc_row full_width=\u00a0\u00bbstretch_row\u00a0\u00bb wrap_container=\u00a0\u00bbyes\u00a0\u00bb section_skin=\u00a0\u00bbprimary\u00a0\u00bb css=\u00a0\u00bb.vc_custom_1775126226825{background-color: #041941 !important;}\u00a0\u00bb conditional_render=\u00a0\u00bb%5B%7B%22value_role%22%3A%22administrator%22%7D%5D\u00a0\u00bb][vc_column text_align=\u00a0\u00bbcenter\u00a0\u00bb][vc_row_inner css=\u00a0\u00bb.vc_custom_1775126253286{background-color: #041941 !important;}\u00a0\u00bb][vc_column_inner][vc_empty_space height=\u00a0\u00bb40px\u00a0\u00bb][vc_custom_heading text=\u00a0\u00bbVous avez des questions sur les plateformes Erasmus Plus ?\u00a0\u00bb font_container=\u00a0\u00bbtag:h2|text_align:center|color:%23ffffff\u00a0\u00bb use_theme_fonts=\u00a0\u00bbyes\u00a0\u00bb][vc_column_text]<\/p>\n<div style=\"text-align: center !important; max-width: 800px; margin: 0 auto; padding: 20px;\">\n<p style=\"color: #ffffff !important; font-size: 18px !important; line-height: 1.6 !important; text-align: center !important; margin-bottom: 25px !important;\">Nos experts chez Espamob sont pr\u00eats \u00e0 vous aider ! Que vous ayez besoin d\u2019aide pour naviguer dans Mobility Tool+, pour partager des exp\u00e9riences sur EPALE, ou pour comprendre comment utiliser au mieux Penelope, eTwinning et Europass, nous sommes l\u00e0 pour vous.<\/p>\n<p style=\"color: #ffffff !important; font-size: 16px !important; line-height: 1.8 !important; text-align: center !important; font-weight: 300 !important; margin-bottom: 25px !important;\">N\u2019attendez plus, contactez un expert Espamob d\u00e8s maintenant et faites le premier pas vers une exp\u00e9rience Erasmus + r\u00e9ussie !<\/p>\n<\/div>\n<p>[\/vc_column_text][vc_btn title=\u00a0\u00bbCONTACTER UN EXPERT\u00a0\u00bb style=\u00a0\u00bbcustom\u00a0\u00bb custom_background=\u00a0\u00bb#e20000&Prime; custom_text=\u00a0\u00bb#ffe033&Prime; size=\u00a0\u00bbxl\u00a0\u00bb align=\u00a0\u00bbcenter\u00a0\u00bb link=\u00a0\u00bburl:https%3A%2F%2Fespamob.com%2Ffr%2Fdemande-de-devis%2F\u00a0\u00bb css=\u00a0\u00bb.vc_custom_1775128109901{margin-top: -5px !important;}\u00a0\u00bb][vc_empty_space height=\u00a0\u00bb30px\u00a0\u00bb][\/vc_column_inner][\/vc_row_inner][\/vc_column][\/vc_row][vc_row][vc_column][vc_custom_heading text=\u00a0\u00bbQuestions fr\u00e9quentes\u00a0\u00bb use_theme_fonts=\u00a0\u00bbyes\u00a0\u00bb][vc_separator][\/vc_column][\/vc_row][vc_row][vc_column width=\u00a0\u00bb2\/3&Prime;][vc_custom_heading text=\u00a0\u00bbQuels services Espamob propose-t-il ?\u00a0\u00bb font_container=\u00a0\u00bbtag:h3|text_align:left\u00a0\u00bb use_theme_fonts=\u00a0\u00bbyes\u00a0\u00bb][vc_column_text]Espamob est une agence sp\u00e9cialis\u00e9e dans l&rsquo;accompagnement de groupes souhaitant r\u00e9aliser une mobilit\u00e9 Erasmus + en Espagne. Nous offrons un service complet, de la cr\u00e9ation du projet \u00e0 la recherche de financement, en passant par l&rsquo;accueil dans les universit\u00e9s et les entreprises partenaires.<\/p>\n<p>Espamob propose une gamme de services pour faciliter votre exp\u00e9rience Erasmus +, notamment l&rsquo;aide \u00e0 la r\u00e9daction <strong>de votre demande de financement<\/strong>, l&rsquo;accueil et l&rsquo;orientation dans les universit\u00e9s et les entreprises partenaires, la recherche de logement, et le transfert depuis et vers l&rsquo;a\u00e9roport.<\/p>\n<p>&nbsp;[\/vc_column_text][vc_custom_heading text=\u00a0\u00bbComment Espamob peut-il m&rsquo;aider \u00e0 obtenir un financement Erasmus + ?\u00a0\u00bb font_container=\u00a0\u00bbtag:h3|text_align:left\u00a0\u00bb use_theme_fonts=\u00a0\u00bbyes\u00a0\u00bb][vc_column_text]Espamob dispose d&rsquo;une grande exp\u00e9rience dans la gestion des projets Erasmus + et peut vous aider \u00e0 maximiser vos chances d&rsquo;obtenir un financement.<\/p>\n<p>Nous vous accompagnons dans la r\u00e9daction de votre demande de financement et vous aidons \u00e0 comprendre les crit\u00e8res d&rsquo;\u00e9ligibilit\u00e9 et les attentes du programme Erasmus +.[\/vc_column_text][\/vc_column][vc_column width=\u00a0\u00bb1\/3&Prime;][vc_single_image image=\u00a0\u00bb27520&Prime; img_size=\u00a0\u00bbfull\u00a0\u00bb style=\u00a0\u00bbvc_box_rounded\u00a0\u00bb][\/vc_column][\/vc_row][vc_row full_width=\u00a0\u00bbstretch_row\u00a0\u00bb wrap_container=\u00a0\u00bbyes\u00a0\u00bb section_skin=\u00a0\u00bbprimary\u00a0\u00bb css=\u00a0\u00bb.vc_custom_1775126226825{background-color: #041941 !important;}\u00a0\u00bb conditional_render=\u00a0\u00bb%5B%7B%22value_role%22%3A%22administrator%22%7D%5D\u00a0\u00bb][vc_column text_align=\u00a0\u00bbcenter\u00a0\u00bb][vc_row_inner css=\u00a0\u00bb.vc_custom_1775126253286{background-color: #041941 !important;}\u00a0\u00bb][vc_column_inner][vc_empty_space height=\u00a0\u00bb40px\u00a0\u00bb][vc_custom_heading text=\u00a0\u00bbFaire une demande de devis gratuit\u00a0\u00bb font_container=\u00a0\u00bbtag:h2|text_align:center|color:%23ffffff\u00a0\u00bb use_theme_fonts=\u00a0\u00bbyes\u00a0\u00bb][vc_column_text]<\/p>\n<div style=\"text-align: center !important; max-width: 800px; margin: 0 auto; padding: 20px;\">\n<p style=\"color: #ffffff !important; font-size: 18px !important; line-height: 1.6 !important; text-align: center !important; margin-bottom: 25px !important;\">Vous avez une id\u00e9e de projet <strong>Erasmus +<\/strong> en Espagne et vous cherchez un partenaire de confiance pour vous accompagner ?<\/p>\n<p style=\"color: #ffffff !important; font-size: 16px !important; line-height: 1.8 !important; text-align: center !important; font-weight: 300 !important; margin-bottom: 25px !important;\"><strong>Espamob\u2019<\/strong> est l\u00e0 pour vous aider ! Nous vous proposons un devis gratuit et sans engagement pour vous aider \u00e0 g\u00e9rer votre projet de mobilit\u00e9. Gr\u00e2ce \u00e0 notre expertise et \u00e0 notre r\u00e9seau d\u2019entreprises partenaires, nous sommes en mesure de vous offrir un accompagnement personnalis\u00e9 pour r\u00e9pondre \u00e0 vos besoins .<\/p>\n<p style=\"color: #ffffff !important; font-size: 16px !important; line-height: 1.8 !important; text-align: center !important; font-weight: 300 !important;\">Contactez-nous d\u00e8s maintenant pour discuter de votre projet et obtenir votre devis gratuit.<\/p>\n<\/div>\n<p>[\/vc_column_text][vc_btn title=\u00a0\u00bbDEMANDE DE DEVIS\u00a0\u00bb style=\u00a0\u00bbcustom\u00a0\u00bb custom_background=\u00a0\u00bb#e20000&Prime; custom_text=\u00a0\u00bb#ffe033&Prime; size=\u00a0\u00bbxl\u00a0\u00bb align=\u00a0\u00bbcenter\u00a0\u00bb link=\u00a0\u00bburl:https%3A%2F%2Fespamob.com%2Ffr%2Fdemande-de-devis%2F\u00a0\u00bb css=\u00a0\u00bb.vc_custom_1772715991411{margin-top: -5px !important;}\u00a0\u00bb][vc_empty_space height=\u00a0\u00bb30px\u00a0\u00bb][\/vc_column_inner][\/vc_row_inner][\/vc_column][\/vc_row]<\/p>\n<\/div>","protected":false},"excerpt":{"rendered":"<p>[vc_row][vc_column width=\u00a0\u00bb1\/4&Prime;][vc_single_image image=\u00a0\u00bb9805&Prime; img_size=\u00a0\u00bbmedium\u00a0\u00bb css=\u00a0\u00bb.vc_custom_1623058494904{margin-top: 15px !important;}\u00a0\u00bb][\/vc_column][vc_column width=\u00a0\u00bb3\/4&Prime;][vc_custom_heading text=\u00a0\u00bbLes plateformes Erasmus Plus\u00a0\u00bb font_container=\u00a0\u00bbtag:h1|text_align:left\u00a0\u00bb use_theme_fonts=\u00a0\u00bbyes\u00a0\u00bb][vc_separator][vc_column_text css=\u00a0\u00bb.vc_custom_1684016125969{margin-bottom: 50px !important;}\u00a0\u00bb] Les plateformes Erasmus Plus : L&rsquo;avantage du processus Erasmus + est que toutes les d\u00e9marches sont d\u00e9mat\u00e9rialis\u00e9es et disponibles directement en ligne. Cela permet un suivi complet de vos projets de fa\u00e7on rapide et facile et d\u2019avoir un<\/p>\n","protected":false},"author":1,"featured_media":9805,"parent":0,"menu_order":0,"comment_status":"closed","ping_status":"closed","template":"","meta":{"footnotes":""},"class_list":["post-9340","page","type-page","status-publish","has-post-thumbnail","hentry"],"_links":{"self":[{"href":"https:\/\/espamob.com\/fr\/wp-json\/wp\/v2\/pages\/9340","targetHints":{"allow":["GET"]}}],"collection":[{"href":"https:\/\/espamob.com\/fr\/wp-json\/wp\/v2\/pages"}],"about":[{"href":"https:\/\/espamob.com\/fr\/wp-json\/wp\/v2\/types\/page"}],"author":[{"embeddable":true,"href":"https:\/\/espamob.com\/fr\/wp-json\/wp\/v2\/users\/1"}],"replies":[{"embeddable":true,"href":"https:\/\/espamob.com\/fr\/wp-json\/wp\/v2\/comments?post=9340"}],"version-history":[{"count":0,"href":"https:\/\/espamob.com\/fr\/wp-json\/wp\/v2\/pages\/9340\/revisions"}],"wp:featuredmedia":[{"embeddable":true,"href":"https:\/\/espamob.com\/fr\/wp-json\/wp\/v2\/media\/9805"}],"wp:attachment":[{"href":"https:\/\/espamob.com\/fr\/wp-json\/wp\/v2\/media?parent=9340"}],"curies":[{"name":"wp","href":"https:\/\/api.w.org\/{rel}","templated":true}]}}