{"id":7894,"date":"2016-12-15T09:11:11","date_gmt":"2016-12-15T09:11:11","guid":{"rendered":"https:\/\/www.espamob.com\/contact-with-our-mobility-team\/"},"modified":"2026-04-08T13:28:02","modified_gmt":"2026-04-08T13:28:02","slug":"contact","status":"publish","type":"page","link":"https:\/\/espamob.com\/fr\/contact\/","title":{"rendered":"FR &#8211; Contact"},"content":{"rendered":"<div class=\"wpb-content-wrapper\"><p>[vc_row css=\u00a0\u00bb.vc_custom_1685374040407{margin-top: -20px !important;background-image: url(https:\/\/espamob.com\/wp-content\/uploads\/2023\/05\/Contactez-nous-300px.png?id=16330) !important;background-position: center !important;background-repeat: no-repeat !important;background-size: cover !important;}\u00a0\u00bb conditional_render=\u00a0\u00bb%5B%7B%22value_role%22%3A%22administrator%22%7D%5D\u00a0\u00bb][vc_column][vc_empty_space height=\u00a0\u00bb180&Prime;][vc_custom_heading text=\u00a0\u00bbExpert en Mobilit\u00e9 Erasmus Plus : Contactez notre \u00e9quipe d\u00e8s maintenant !\u00a0\u00bb font_container=\u00a0\u00bbtag:h1|font_size:27|text_align:right\u00a0\u00bb use_theme_fonts=\u00a0\u00bbyes\u00a0\u00bb css=\u00a0\u00bb.vc_custom_1685375090149{margin-bottom: 15px !important;}\u00a0\u00bb][vc_empty_space height=\u00a0\u00bb60&Prime;][\/vc_column][\/vc_row][vc_row full_width=\u00a0\u00bbstretch_row\u00a0\u00bb css=\u00a0\u00bb.vc_custom_1685374857070{margin-top: 25px !important;margin-bottom: 0px !important;}\u00a0\u00bb conditional_render=\u00a0\u00bb%5B%7B%22value_role%22%3A%22administrator%22%7D%5D\u00a0\u00bb][vc_column width=\u00a0\u00bb5\/12&Prime;][vc_custom_heading text=\u00a0\u00bbUne \u00e9quipe d&rsquo;expert en Mobilit\u00e9 Erasmus Plus : Contactez nous d\u00e8s maintenant.\u00a0\u00bb use_theme_fonts=\u00a0\u00bbyes\u00a0\u00bb][vc_column_text]<\/p>\n<p style=\"text-align: justify;\">Expert en Mobilit\u00e9 Erasmus Plus : Pour toute question ou demande d&rsquo;information, n&rsquo;h\u00e9sitez pas \u00e0 nous contacter. Notre \u00e9quipe de professionnels multilingues, bas\u00e9e \u00e0 Barcelone, est sp\u00e9cialis\u00e9e dans les programmes de mobilit\u00e9 europ\u00e9enne, en particulier les mobilit\u00e9s Erasmus Plus.<\/p>\n<p style=\"text-align: justify;\">Nous sommes l\u00e0 pour vous aider \u00e0 organiser et r\u00e9aliser votre mobilit\u00e9 en Espagne, que ce soit pour des apprentis, des \u00e9tudiants ou des formateurs. Gr\u00e2ce \u00e0 nos solides relations avec nos prestataires, nous sommes en mesure de vous offrir une r\u00e9activit\u00e9 et une flexibilit\u00e9 optimales afin de r\u00e9pondre \u00e0 tous vos besoins et interrogations.<\/p>\n<p style=\"text-align: justify;\">Vous pouvez nous contacter par t\u00e9l\u00e9phone, par e-mail ou en remplissant simplement le formulaire de contact ci-dessous. Notre \u00e9quipe se fera un plaisir de vous r\u00e9pondre dans les plus brefs d\u00e9lais.<\/p>\n<p style=\"text-align: left;\">N&rsquo;attendez plus, contactez-nous d\u00e8s maintenant pour b\u00e9n\u00e9ficier de notre expertise et faire de votre exp\u00e9rience de mobilit\u00e9 en Espagne un succ\u00e8s !<\/p>\n<p>[\/vc_column_text][vc_separator border_width=\u00a0\u00bb2&Prime; css=\u00a0\u00bb.vc_custom_1631791915056{padding-left: 20px !important;}\u00a0\u00bb gradient=\u00a0\u00bbyes\u00a0\u00bb][vc_empty_space][vc_row_inner][vc_column_inner width=\u00a0\u00bb1\/2&Prime;]<div class=\"aio-icon-component    style_1\"><div id=\"Info-box-wrap-9293\" class=\"aio-icon-box left-icon\" style=\"\"  ><div class=\"aio-icon-left\"><div class=\"ult-just-icon-wrapper  \"><div class=\"align-icon\" style=\"text-align:center;\">\n<div class=\"aio-icon circle \"  style=\"color:#333;background:#ffffff;font-size:32px;display:inline-block;\">\n\t<i class=\"Defaults-phone\"><\/i>\n<\/div><\/div><\/div><\/div><div class=\"aio-ibd-block\"><div class=\"aio-icon-header\" ><h3 class=\"aio-icon-title ult-responsive\"  data-ultimate-target='#Info-box-wrap-9293 .aio-icon-title'  data-responsive-json-new='{\"font-size\":\"\",\"line-height\":\"\"}'  style=\"\">T\u00e9l\u00e9phone Espagne<\/h3><\/div> <!-- header --><div class=\"aio-icon-description ult-responsive\"  data-ultimate-target='#Info-box-wrap-9293 .aio-icon-description'  data-responsive-json-new='{\"font-size\":\"\",\"line-height\":\"\"}'  style=\"\">(+34) 931 780 015<\/div> <!-- description --><\/div> <!-- aio-ibd-block --><\/div> <!-- aio-icon-box --><\/div> <!-- aio-icon-component -->[\/vc_column_inner][vc_column_inner width=\u00a0\u00bb1\/2&Prime; css=\u00a0\u00bb.vc_custom_1637670023870{padding-bottom: 5% !important;}\u00a0\u00bb]<div class=\"aio-icon-component    style_1\"><div id=\"Info-box-wrap-1471\" class=\"aio-icon-box left-icon\" style=\"\"  ><div class=\"aio-icon-left\"><div class=\"ult-just-icon-wrapper  \"><div class=\"align-icon\" style=\"text-align:center;\">\n<div class=\"aio-icon circle \"  style=\"color:#333;background:#ffffff;font-size:32px;display:inline-block;\">\n\t<i class=\"Defaults-at\"><\/i>\n<\/div><\/div><\/div><\/div><div class=\"aio-ibd-block\"><div class=\"aio-icon-header\" ><h3 class=\"aio-icon-title ult-responsive\"  data-ultimate-target='#Info-box-wrap-1471 .aio-icon-title'  data-responsive-json-new='{\"font-size\":\"\",\"line-height\":\"\"}'  style=\"\">Courrier \u00e9lectronique<\/h3><\/div> <!-- header --><div class=\"aio-icon-description ult-responsive\"  data-ultimate-target='#Info-box-wrap-1471 .aio-icon-description'  data-responsive-json-new='{\"font-size\":\"\",\"line-height\":\"\"}'  style=\"\">contact@espamob.com<\/p>\n<p><\/div> <!-- description --><\/div> <!-- aio-ibd-block --><\/div> <!-- aio-icon-box --><\/div> <!-- aio-icon-component -->[\/vc_column_inner][\/vc_row_inner][vc_row_inner][vc_column_inner][vc_single_image image=\u00a0\u00bb15599&Prime; img_size=\u00a0\u00bbfull\u00a0\u00bb alignment=\u00a0\u00bbcenter\u00a0\u00bb css=\u00a0\u00bb.vc_custom_1683233783999{margin-top: -15px !important;margin-bottom: -15px !important;}\u00a0\u00bb animation_delay=\u00a0\u00bb100&Prime; animation_type=\u00a0\u00bbrollIn\u00a0\u00bb el_class=\u00a0\u00bb.imagenyourerasmus\u00a0\u00bb][\/vc_column_inner][\/vc_row_inner][\/vc_column][vc_column width=\u00a0\u00bb7\/12&Prime;][vc_custom_heading text=\u00a0\u00bbAdresse et Contact\u00a0\u00bb use_theme_fonts=\u00a0\u00bbyes\u00a0\u00bb]\n<div class=\"wpcf7 no-js\" id=\"wpcf7-f16259-o1\" lang=\"en-US\" dir=\"ltr\" data-wpcf7-id=\"16259\">\n<div class=\"screen-reader-response\"><p role=\"status\" aria-live=\"polite\" aria-atomic=\"true\"><\/p> <ul><\/ul><\/div>\n<form action=\"\/fr\/wp-json\/wp\/v2\/pages\/7894#wpcf7-f16259-o1\" method=\"post\" class=\"wpcf7-form init\" aria-label=\"Contact form\" novalidate=\"novalidate\" data-status=\"init\">\n<fieldset class=\"hidden-fields-container\"><input type=\"hidden\" name=\"_wpcf7\" value=\"16259\" \/><input type=\"hidden\" name=\"_wpcf7_version\" value=\"6.1.5\" \/><input type=\"hidden\" name=\"_wpcf7_locale\" value=\"en_US\" \/><input type=\"hidden\" name=\"_wpcf7_unit_tag\" value=\"wpcf7-f16259-o1\" \/><input type=\"hidden\" name=\"_wpcf7_container_post\" value=\"0\" \/><input type=\"hidden\" name=\"_wpcf7_posted_data_hash\" value=\"\" \/><input type=\"hidden\" name=\"_wpcf7_recaptcha_response\" value=\"\" \/>\n<\/fieldset>\n<strong>Nom,Pr\u00e9nom (Obligatoire): <\/strong><span class=\"wpcf7-form-control-wrap\" data-name=\"text-582\"><input size=\"40\" maxlength=\"400\" class=\"wpcf7-form-control wpcf7-text wpcf7-validates-as-required formulaire\" aria-required=\"true\" aria-invalid=\"false\" value=\"\" type=\"text\" name=\"text-582\" \/><\/span>\n\n<strong>Email (Obligatoire)<\/strong><span class=\"wpcf7-form-control-wrap\" data-name=\"email-483\"><input size=\"40\" maxlength=\"400\" class=\"wpcf7-form-control wpcf7-email wpcf7-validates-as-required wpcf7-text wpcf7-validates-as-email formulaire\" aria-required=\"true\" aria-invalid=\"false\" value=\"\" type=\"email\" name=\"email-483\" \/><\/span>\n\n<strong>Nom de l&#039;\u00e9tablissement (Obligatoire)<\/strong><span class=\"wpcf7-form-control-wrap\" data-name=\"text-297\"><input size=\"40\" maxlength=\"400\" class=\"wpcf7-form-control wpcf7-text wpcf7-validates-as-required formulaire\" aria-required=\"true\" aria-invalid=\"false\" value=\"\" type=\"text\" name=\"text-297\" \/><\/span>\n\n<strong>Num\u00e9ro de t\u00e9l\u00e9phone (Optionel)<\/strong><span class=\"wpcf7-form-control-wrap\" data-name=\"tel-198\"><input size=\"40\" maxlength=\"400\" class=\"wpcf7-form-control wpcf7-tel wpcf7-text wpcf7-validates-as-tel formulaire\" aria-invalid=\"false\" value=\"\" type=\"tel\" name=\"tel-198\" \/><\/span>\n\n<strong>Votre message<\/strong><span class=\"wpcf7-form-control-wrap\" data-name=\"textarea-454\"><textarea cols=\"40\" rows=\"10\" maxlength=\"2000\" class=\"wpcf7-form-control wpcf7-textarea formulaire\" aria-invalid=\"false\" name=\"textarea-454\"><\/textarea><\/span>\n\n<input class=\"wpcf7-form-control wpcf7-submit has-spinner formulaire\" type=\"submit\" value=\"Envoy\u00e9\" \/><div class=\"wpcf7-response-output\" aria-hidden=\"true\"><\/div>\n<\/form>\n<\/div>\n[\/vc_column][\/vc_row][vc_row full_width=\u00a0\u00bbstretch_row\u00a0\u00bb is_section=\u00a0\u00bbyes\u00a0\u00bb css=\u00a0\u00bb.vc_custom_1685107547183{margin-bottom: 50px !important;}\u00a0\u00bb][vc_column width=\u00a0\u00bb1\/3&Prime;]<div data-id=\"mpc_icon_column-9469de1a1ba12bf\" class=\"mpc-icon-column mpc-init mpc-parent-hover mpc-transition mpc-icon-column--style_1 mpc-align--center \" ><div data-id=\"mpc_icon-8369de1a1ba12fc\" class=\"mpc-icon mpc-init mpc-transition mpc-effect-none mpc-icon-hover \"><div class=\"mpc-icon-wrap\"><i class=\"mpc-icon-part mpc-regular mpc-transition  etl etl-browser\"><\/i><i class=\"mpc-icon-part mpc-hover mpc-transition  etl etl-browser\"><\/i><\/div><\/div><div class=\"mpc-icon-column__content-wrap\"><div class=\"mpc-icon-column__content\"><h3 class=\"mpc-icon-column__heading mpc-typography--mpc_preset_20 mpc-transition\">DEMANDE DE DEVIS<\/h3><div class=\"mpc-icon-column__description mpc-typography--mpc_preset_1 mpc-transition\"><p><span style=\"font-weight: 400;\">Demandez un devis d\u00e8s maintenant !<\/span><\/p>\n<\/div><\/div><\/div><\/div>[vc_empty_space height=\u00a0\u00bb10&Prime;][vc_btn title=\u00a0\u00bbDEMANDE DE DEVIS\u00a0\u00bb color=\u00a0\u00bbjuicy-pink\u00a0\u00bb size=\u00a0\u00bblg\u00a0\u00bb align=\u00a0\u00bbcenter\u00a0\u00bb skin=\u00a0\u00bbprimary\u00a0\u00bb link=\u00a0\u00bburl:https%3A%2F%2Fespamob.com%2Ffr%2Fdemande-de-devis%2F\u00a0\u00bb el_id=\u00a0\u00bbabrirmodalbox\u00a0\u00bb el_class=\u00a0\u00bbcolorrojoespamob\u00a0\u00bb][\/vc_column][vc_column width=\u00a0\u00bb1\/3&Prime;]<div data-id=\"mpc_icon_column-7769de1a1ba13fa\" class=\"mpc-icon-column mpc-init mpc-parent-hover mpc-transition mpc-icon-column--style_1 mpc-align--center \" ><div data-id=\"mpc_icon-2969de1a1ba141c\" class=\"mpc-icon mpc-init mpc-transition mpc-effect-none mpc-icon-hover \"><div class=\"mpc-icon-wrap\"><i class=\"mpc-icon-part mpc-regular mpc-transition  etl etl-map\"><\/i><i class=\"mpc-icon-part mpc-hover mpc-transition  etl etl-map\"><\/i><\/div><\/div><div class=\"mpc-icon-column__content-wrap\"><div class=\"mpc-icon-column__content\"><h3 class=\"mpc-icon-column__heading mpc-transition\">ERASMUS EN ESPAGNE<\/h3><div class=\"mpc-icon-column__description mpc-transition\"><p><span style=\"font-weight: 400;\">D\u00e9couvrez nos destinations !<\/span><\/p>\n<\/div><\/div><\/div><\/div>[vc_empty_space height=\u00a0\u00bb10&Prime;][vc_btn title=\u00a0\u00bbL&rsquo;ESPAGNE\u00a0\u00bb style=\u00a0\u00bbcustom\u00a0\u00bb custom_background=\u00a0\u00bb#e3001a\u00a0\u00bb custom_text=\u00a0\u00bb#ffffff\u00a0\u00bb shape=\u00a0\u00bbrounded\u00a0\u00bb size=\u00a0\u00bblg\u00a0\u00bb align=\u00a0\u00bbcenter\u00a0\u00bb link=\u00a0\u00bburl:https%3A%2F%2Fespamob.com%2Ffr%2Fmobilites-stages-erasmus-plus-espagne%2F\u00a0\u00bb][\/vc_column][vc_column width=\u00a0\u00bb1\/3&Prime;]<div data-id=\"mpc_icon_column-7469de1a1ba14d8\" class=\"mpc-icon-column mpc-init mpc-parent-hover mpc-transition mpc-icon-column--style_1 mpc-align--center \" ><div data-id=\"mpc_icon-2669de1a1ba14f7\" class=\"mpc-icon mpc-init mpc-transition mpc-effect-none mpc-icon-hover \"><div class=\"mpc-icon-wrap\"><i class=\"mpc-icon-part mpc-regular mpc-transition  etl etl-grid\"><\/i><i class=\"mpc-icon-part mpc-hover mpc-transition  etl etl-grid\"><\/i><\/div><\/div><div class=\"mpc-icon-column__content-wrap\"><div class=\"mpc-icon-column__content\"><h3 class=\"mpc-icon-column__heading mpc-transition\">SECTEURS DE STAGE<\/h3><div class=\"mpc-icon-column__description mpc-transition\"><p><span style=\"font-weight: 400;\">D\u00e9couvrez nos secteurs de stage !<\/span><\/p>\n<\/div><\/div><\/div><\/div>[vc_empty_space height=\u00a0\u00bb10&Prime;][vc_btn title=\u00a0\u00bbSECTEURS DE STAGE\u00a0\u00bb style=\u00a0\u00bbcustom\u00a0\u00bb custom_background=\u00a0\u00bb#e3001a\u00a0\u00bb custom_text=\u00a0\u00bb#ffffff\u00a0\u00bb shape=\u00a0\u00bbrounded\u00a0\u00bb size=\u00a0\u00bblg\u00a0\u00bb align=\u00a0\u00bbcenter\u00a0\u00bb link=\u00a0\u00bburl:https%3A%2F%2Fespamob.com%2Ffr%2Fsecteur-stage-entreprise-erasmusplus%2F\u00a0\u00bb][\/vc_column][\/vc_row][vc_row conditional_render=\u00a0\u00bb%5B%7B%22value_role%22%3A%22administrator%22%7D%5D\u00a0\u00bb][vc_column][vc_goo_maps location=\u00a0\u00bbEspamob Carrer del Doctor Trueta, 183, Sant Mart\u00ed, 08005 Barcelona\u00a0\u00bb height=\u00a0\u00bb300&Prime; zoom=\u00a0\u00bb12&Prime; css=\u00a0\u00bb\u00a0\u00bb css_params=\u00a0\u00bb\u00a0\u00bb][\/vc_column][\/vc_row]<\/p>\n<\/div>","protected":false},"excerpt":{"rendered":"<p>[vc_row css=\u00a0\u00bb.vc_custom_1685374040407{margin-top: -20px !important;background-image: url(https:\/\/espamob.com\/wp-content\/uploads\/2023\/05\/Contactez-nous-300px.png?id=16330) !important;background-position: center !important;background-repeat: no-repeat !important;background-size: cover !important;}\u00a0\u00bb conditional_render=\u00a0\u00bb%5B%7B%22value_role%22%3A%22administrator%22%7D%5D\u00a0\u00bb][vc_column][vc_empty_space height=\u00a0\u00bb180&Prime;][vc_custom_heading text=\u00a0\u00bbExpert en Mobilit\u00e9 Erasmus Plus : Contactez notre \u00e9quipe d\u00e8s maintenant !\u00a0\u00bb font_container=\u00a0\u00bbtag:h1|font_size:27|text_align:right\u00a0\u00bb use_theme_fonts=\u00a0\u00bbyes\u00a0\u00bb css=\u00a0\u00bb.vc_custom_1685375090149{margin-bottom: 15px !important;}\u00a0\u00bb][vc_empty_space height=\u00a0\u00bb60&Prime;][\/vc_column][\/vc_row][vc_row full_width=\u00a0\u00bbstretch_row\u00a0\u00bb css=\u00a0\u00bb.vc_custom_1685374857070{margin-top: 25px !important;margin-bottom: 0px !important;}\u00a0\u00bb conditional_render=\u00a0\u00bb%5B%7B%22value_role%22%3A%22administrator%22%7D%5D\u00a0\u00bb][vc_column width=\u00a0\u00bb5\/12&Prime;][vc_custom_heading text=\u00a0\u00bbUne \u00e9quipe d&rsquo;expert en Mobilit\u00e9 Erasmus Plus : Contactez nous d\u00e8s maintenant.\u00a0\u00bb use_theme_fonts=\u00a0\u00bbyes\u00a0\u00bb][vc_column_text] Expert en<\/p>\n","protected":false},"author":1,"featured_media":0,"parent":0,"menu_order":0,"comment_status":"closed","ping_status":"closed","template":"","meta":{"footnotes":""},"class_list":["post-7894","page","type-page","status-publish","hentry"],"_links":{"self":[{"href":"https:\/\/espamob.com\/fr\/wp-json\/wp\/v2\/pages\/7894","targetHints":{"allow":["GET"]}}],"collection":[{"href":"https:\/\/espamob.com\/fr\/wp-json\/wp\/v2\/pages"}],"about":[{"href":"https:\/\/espamob.com\/fr\/wp-json\/wp\/v2\/types\/page"}],"author":[{"embeddable":true,"href":"https:\/\/espamob.com\/fr\/wp-json\/wp\/v2\/users\/1"}],"replies":[{"embeddable":true,"href":"https:\/\/espamob.com\/fr\/wp-json\/wp\/v2\/comments?post=7894"}],"version-history":[{"count":6,"href":"https:\/\/espamob.com\/fr\/wp-json\/wp\/v2\/pages\/7894\/revisions"}],"predecessor-version":[{"id":28428,"href":"https:\/\/espamob.com\/fr\/wp-json\/wp\/v2\/pages\/7894\/revisions\/28428"}],"wp:attachment":[{"href":"https:\/\/espamob.com\/fr\/wp-json\/wp\/v2\/media?parent=7894"}],"curies":[{"name":"wp","href":"https:\/\/api.w.org\/{rel}","templated":true}]}}