{"id":7836,"date":"2016-12-05T12:08:28","date_gmt":"2016-12-05T12:08:28","guid":{"rendered":"https:\/\/www.espamob.com\/traineeships-in-companies-for-vocational-training\/"},"modified":"2023-06-16T05:57:23","modified_gmt":"2023-06-16T05:57:23","slug":"stages-en-entreprise-pour-la-formation-professionnelle","status":"publish","type":"page","link":"https:\/\/espamob.com\/fr\/stages-en-entreprise-pour-la-formation-professionnelle\/","title":{"rendered":"FR &#8211; Stages en entreprise (antigua)"},"content":{"rendered":"<div class=\"wpb-content-wrapper\"><p>[vc_row full_width=\u00a0\u00bbstretch_row\u00a0\u00bb bg_type=\u00a0\u00bbbg_color\u00a0\u00bb css=\u00a0\u00bb.vc_custom_1569925911390{margin-top: -20px !important;margin-bottom: -20px !important;padding-top: 90px !important;padding-bottom: 60px !important;}\u00a0\u00bb][vc_column width=\u00a0\u00bb1\/2&Prime;][vc_custom_heading text=\u00a0\u00bbSTAGES EN ENTREPRISE POUR LA FORMATION PROFESSIONNELLE\u00a0\u00bb font_container=\u00a0\u00bbtag:h1|text_align:left|color:%23ffffff\u00a0\u00bb use_theme_fonts=\u00a0\u00bbyes\u00a0\u00bb skin=\u00a0\u00bbquaternary\u00a0\u00bb css=\u00a0\u00bb.vc_custom_1569925893477{margin-bottom: -20px !important;}\u00a0\u00bb][vc_row_inner css=\u00a0\u00bb.vc_custom_1569925935934{margin-top: 20px !important;padding-top: 20px !important;}\u00a0\u00bb][vc_column_inner width=\u00a0\u00bb5\/6&Prime;][vc_column_text]<\/p>\n<p style=\"text-align: left;\"><span style=\"color: #808080;\"><span style=\"font-weight: 400;\">Chez Espamob\u2019 nous proposons des <\/span><span style=\"font-weight: 400;\">stages en entreprise pour la formation professionnelle<\/span><span style=\"font-weight: 400;\"> situ\u00e9es en Espagne. Gr\u00e2ce aux programmes Erasmus Plus, Fond Social Europ\u00e9en (FSE) et autres subventions nationales, r\u00e9gionales et locales, aucun frais financiers ne sont \u00e0 engager, par les entreprises d\u2019accueil.<\/span><\/span><\/p>\n<p>&nbsp;<\/p>\n<p>[\/vc_column_text][\/vc_column_inner][vc_column_inner width=\u00a0\u00bb1\/6&Prime;][\/vc_column_inner][\/vc_row_inner][\/vc_column][vc_column width=\u00a0\u00bb1\/2&Prime;]<div class=\"mgl_tubelab mgl_tubelab_single mgl_tubelab_template_default\">\n\t\n\t\t\n\t\t<a class=\"mgl_tubelab_video mgl_tubelab_lightbox\" href=\"http:\/\/www.youtube.com\/watch?v=VSVG1EILuYY\" title=\"Play\" target=\"_blank\" rel=\"noopener\">\n\t\t\t<span class=\"mgl_tubelab_video_play\">\n\t\t\t\t<i class=\"mgl_tubelab-icon-play\"><\/i>\n\t\t\t<\/span>\n\t\t\t<span class=\"mgl_tubelab_video_time\">\n\t\t\t\t0:49\t\t\t<\/span>\n\t\t\t<img decoding=\"async\" class=\"mgl_tubelab_video_thumbnail\" src=\"https:\/\/i.ytimg.com\/vi\/VSVG1EILuYY\/mqdefault.jpg\" alt=\"\">\n\t\t<\/a>\n\n\t\t\t\n\t\n\t<\/div>[\/vc_column][\/vc_row][vc_row][vc_column][vc_column_text]<\/p>\n<p style=\"text-align: justify;\"><span style=\"font-weight: 400;\">Chez <\/span><b>Espamob\u2019<\/b><span style=\"font-weight: 400;\"> nous nous assurons que les participants aient une assurance responsabilit\u00e9 civile et rapatriement, une couverture m\u00e9dicale en cas d&rsquo;accident de travail et une carte europ\u00e9enne d&rsquo;assurance maladie, valides durant toute la dur\u00e9e du programme de mobilit\u00e9. Les stages en entreprise pour la formation professionnelle en <\/span><span style=\"font-weight: 400;\">Espagne sont l\u00e9galement encadr\u00e9s gr\u00e2ce aux documents officiels europ\u00e9ens, dont l\u2019\u00e9quipe <\/span><b>Espamob\u2019<\/b><span style=\"font-weight: 400;\"> prend en charge leur signature (convention de stage, charte de qualit\u00e9 et Europass) et \u00e0 la mise \u00e0 disposition, par l\u2019entreprise d\u2019accueil, d\u2019un tuteur de stage durant la <a href=\"https:\/\/espamob.com\/fr\/experience-des-programmes-de-mobilite\/\">mobilit\u00e9<\/a>.\u00a0<\/span><span style=\"font-weight: 400;\">Enfin, chez <\/span><b>Espamob\u2019<\/b><span style=\"font-weight: 400;\">, nous r\u00e9alisons nous m\u00eame la s\u00e9lection des entreprises d\u2019accueil, afin de permettre une parfaite ad\u00e9quation entre l\u2019entreprise et l\u2019apprenti candidat. Nous nous effor\u00e7ons de r\u00e9pondre de mani\u00e8re optimale aux besoins des formations professionnelles et d\u2019assurer un suivi r\u00e9gulier des stagiaires, afin de garantir le succ\u00e8s de chaque mobilit\u00e9. <\/span><\/p>\n<p>[\/vc_column_text][\/vc_column][\/vc_row][vc_row][vc_column][vc_custom_heading text=\u00a0\u00bbD\u00e9couvrez tous les programmes de mobilit\u00e9 et stages en entreprise pour la formation professionnelle!\u00a0\u00bb use_theme_fonts=\u00a0\u00bbyes\u00a0\u00bb css=\u00a0\u00bb.vc_custom_1520604775536{margin-bottom: 15px !important;}\u00a0\u00bb][vc_separator][vc_column_text][featured-cnt-img content_words_limit=\u00a0\u00bb250&Prime; limit=\u00a0\u00bb22&Prime; orderby=\u00a0\u00bbtitle\u00a0\u00bb order=\u00a0\u00bbASC\u00a0\u00bb design=\u00a0\u00bbdesign-11&Prime; grid=\u00a0\u00bb2&Prime; cat_id=\u00a0\u00bb543&Prime;][\/vc_column_text][\/vc_column][\/vc_row][vc_row][vc_column][vc_custom_heading text=\u00a0\u00bb\u00c9coutez les opinions des participants\u00a0\u00bb font_container=\u00a0\u00bbtag:h3|text_align:left\u00a0\u00bb use_theme_fonts=\u00a0\u00bbyes\u00a0\u00bb css=\u00a0\u00bb.vc_custom_1483355268693{margin-bottom: 15px !important;}\u00a0\u00bb][vc_separator]<div class=\"mgl_tubelab mgl_tubelab_container mgl_tubelab_template_default\" data-mgl-tubelab-parameters=\"type=playlist&value=PLLGrER9ieWtA32I7mddfI7UuFU91w6OtN&user=&channel_id=&count=4&cols=4&mode=lightbox&template=default&display=title&pagination=true&size=medium&video_id=&playlists=all&mini=0\">\n\t<div class=\"mgl_tubelab mgl_tubelab_content mgl_tubelab_content-cols4\">\n\t<\/div>\n\t\t\t<div class=\"mgl_tubelab_pagination\">\n\t\t\t<div class=\"mgl_tubelab_pagination_item mgl_tubelab_pagination_item_prev\">\n\t\t\t\t<a href=\"#\" class=\"mgl_tubelab_pagination_prev\">Previous page<\/a>\n\t\t\t<\/div>\n\t\t\t<div class=\"mgl_tubelab_pagination_item mgl_tubelab_pagination_item_next\">\n\t\t\t\t<a href=\"#\" class=\"mgl_tubelab_pagination_next\">Next page<\/a>\n\t\t\t<\/div>\n\t\t<\/div>\n\t<\/div>[\/vc_column][\/vc_row]<\/p>\n<\/div>","protected":false},"excerpt":{"rendered":"<p>[vc_row full_width=\u00a0\u00bbstretch_row\u00a0\u00bb bg_type=\u00a0\u00bbbg_color\u00a0\u00bb css=\u00a0\u00bb.vc_custom_1569925911390{margin-top: -20px !important;margin-bottom: -20px !important;padding-top: 90px !important;padding-bottom: 60px !important;}\u00a0\u00bb][vc_column width=\u00a0\u00bb1\/2&Prime;][vc_custom_heading text=\u00a0\u00bbSTAGES EN ENTREPRISE POUR LA FORMATION PROFESSIONNELLE\u00a0\u00bb font_container=\u00a0\u00bbtag:h1|text_align:left|color:%23ffffff\u00a0\u00bb use_theme_fonts=\u00a0\u00bbyes\u00a0\u00bb skin=\u00a0\u00bbquaternary\u00a0\u00bb css=\u00a0\u00bb.vc_custom_1569925893477{margin-bottom: -20px !important;}\u00a0\u00bb][vc_row_inner css=\u00a0\u00bb.vc_custom_1569925935934{margin-top: 20px !important;padding-top: 20px !important;}\u00a0\u00bb][vc_column_inner width=\u00a0\u00bb5\/6&Prime;][vc_column_text] Chez Espamob\u2019 nous proposons des stages en entreprise pour la formation professionnelle situ\u00e9es en Espagne. Gr\u00e2ce aux programmes Erasmus Plus, Fond Social Europ\u00e9en<\/p>\n","protected":false},"author":1,"featured_media":0,"parent":0,"menu_order":0,"comment_status":"closed","ping_status":"closed","template":"","meta":{"footnotes":""},"class_list":["post-7836","page","type-page","status-publish","hentry"],"_links":{"self":[{"href":"https:\/\/espamob.com\/fr\/wp-json\/wp\/v2\/pages\/7836","targetHints":{"allow":["GET"]}}],"collection":[{"href":"https:\/\/espamob.com\/fr\/wp-json\/wp\/v2\/pages"}],"about":[{"href":"https:\/\/espamob.com\/fr\/wp-json\/wp\/v2\/types\/page"}],"author":[{"embeddable":true,"href":"https:\/\/espamob.com\/fr\/wp-json\/wp\/v2\/users\/1"}],"replies":[{"embeddable":true,"href":"https:\/\/espamob.com\/fr\/wp-json\/wp\/v2\/comments?post=7836"}],"version-history":[{"count":0,"href":"https:\/\/espamob.com\/fr\/wp-json\/wp\/v2\/pages\/7836\/revisions"}],"wp:attachment":[{"href":"https:\/\/espamob.com\/fr\/wp-json\/wp\/v2\/media?parent=7836"}],"curies":[{"name":"wp","href":"https:\/\/api.w.org\/{rel}","templated":true}]}}