{"id":7496,"date":"2016-12-22T09:23:07","date_gmt":"2016-12-22T09:23:07","guid":{"rendered":"https:\/\/www.espamob.com\/privacy-policy\/"},"modified":"2023-06-16T05:57:21","modified_gmt":"2023-06-16T05:57:21","slug":"politique-de-confidentialite","status":"publish","type":"page","link":"https:\/\/espamob.com\/fr\/politique-de-confidentialite\/","title":{"rendered":"FR &#8211; Politique de confidentialit\u00e9"},"content":{"rendered":"<div class=\"wpb-content-wrapper\"><p>[vc_row][vc_column][vc_custom_heading text=\u00a0\u00bbPolitique de confidentialit\u00e9\u00a0\u00bb font_container=\u00a0\u00bbtag:h1|text_align:left\u00a0\u00bb use_theme_fonts=\u00a0\u00bbyes\u00a0\u00bb][vc_separator][vc_column_text]<\/p>\n<p style=\"text-align: justify;\"><span style=\"font-weight: 400;\">Les sites Espamob.com (collectivement \u201cEspamob.com\u201d dans ce document) se rapportent aux sites h\u00e9berg\u00e9s sur Espamob.com\/fr, Espamob.com\/fr, Espamob.com\/it,Espamob.com\/pl, Espamob.com\/dw et d&rsquo;autres domaines connexes et sous-domaines de ceux-ci.<\/span><\/p>\n<p>[\/vc_column_text][\/vc_column][\/vc_row][vc_row][vc_column][vc_custom_heading text=\u00a0\u00bbSite Web Visiteur\u00a0\u00bb use_theme_fonts=\u00a0\u00bbyes\u00a0\u00bb][vc_separator][vc_column_text]<\/p>\n<p style=\"text-align: justify;\"><span style=\"font-weight: 400;\">Comme la plupart des op\u00e9rateurs de sites Web, Espamob.com recueille des informations qui ne sont pas personnellement identifiables du type que les navigateurs et les serveurs Web rendent disponibles, comme le type de navigateur, la langue, le site de r\u00e9f\u00e9rence, la date et l&rsquo;heure de chaque demande de visiteur. L\u2019objectif d\u2019 Espamob.com dans la collecte d&rsquo;informations non-personnellement identifiables est de mieux comprendre comment les visiteurs d&rsquo;Espamob.com utilisent son site Web. De temps \u00e0 autre, Espamob.com peut publier des informations qui ne sont pas personnellement identifiables, comme par exemple en publiant un rapport sur les tendances de l&rsquo;utilisation de son site Web.<\/span><\/p>\n<p style=\"text-align: justify;\"><span style=\"font-weight: 400;\">Espamob.com collecte des informations potentiellement identifiables telles que les adresses IP (Internet Protocol) mais ne divulgue pas ces informations, sauf dans les circonstances d\u2019utilisation et divulgation des informations d&rsquo;identification personnelle, comme d\u00e9crites ci-dessous.<\/span><\/p>\n<p>[\/vc_column_text][\/vc_column][\/vc_row][vc_row][vc_column][vc_custom_heading text=\u00a0\u00bbCollecte d&rsquo;informations d&rsquo;identification personnelle\u00a0\u00bb use_theme_fonts=\u00a0\u00bbyes\u00a0\u00bb][vc_separator][vc_column_text]<\/p>\n<p style=\"text-align: justify;\"><span style=\"font-weight: 400;\">Certains visiteurs d\u2019Espamob.com choisissent d&rsquo;interagir avec Espamob.com de mani\u00e8re qui exige Espamob.com pour recueillir des informations d&rsquo;identification personnelle. La quantit\u00e9 et le type d&rsquo;informations recueillies par Espamob.com d\u00e9pendent de la nature de l\u2019interaction. Par exemple, nous demandons aux visiteurs qui utilisent nos forums de fournir un nom d&rsquo;utilisateur et une adresse e-mail. Dans chaque cas, Espamob.com ne recueille ces informations que dans la mesure n\u00e9cessaire ou appropri\u00e9e pour remplir le but de l&rsquo;interaction du visiteur avec Espamob.com. Espamob.com ne divulgue pas d&rsquo;informations d&rsquo;identification personnelle autres que celles d\u00e9crites ci-dessous. Et les visiteurs peuvent toujours refuser de fournir des informations d&rsquo;identification personnelle, avec la r\u00e9serve qu&rsquo;il peut les emp\u00eacher de s&rsquo;engager dans certaines activit\u00e9s li\u00e9es au site Web.<\/span><\/p>\n<p>[\/vc_column_text][\/vc_column][\/vc_row][vc_row][vc_column][vc_custom_heading text=\u00a0\u00bbStatistiques agr\u00e9g\u00e9es\u00a0\u00bb use_theme_fonts=\u00a0\u00bbyes\u00a0\u00bb][vc_separator][vc_column_text]<\/p>\n<p style=\"text-align: justify;\"><span style=\"font-weight: 400;\">Espamob.com peut recueillir des statistiques sur le comportement des visiteurs de ses sites Web. Par exemple, Espamob.com peut r\u00e9v\u00e9ler combien de t\u00e9l\u00e9chargements, une version particuli\u00e8re a obtenu, ou dire quels plugins sont les plus populaires, bas\u00e9s sur les contr\u00f4les d&rsquo;api.Espamob.com, un service web utilis\u00e9 par les installations d&rsquo;Espamob pour v\u00e9rifier les nouvelles versions d&rsquo;Espamob et des plugins. Toutefois, Espamob.com ne divulgue pas d&rsquo;informations d&rsquo;identification personnelle autres que celles d\u00e9crites ci-dessous.<\/span><\/p>\n<p>[\/vc_column_text][\/vc_column][\/vc_row][vc_row][vc_column][vc_custom_heading text=\u00a0\u00bbProtection de certaines informations personnelles\u00a0\u00bb use_theme_fonts=\u00a0\u00bbyes\u00a0\u00bb][vc_separator][vc_column_text]<\/p>\n<p style=\"text-align: justify;\"><span style=\"font-weight: 400;\">Espamob.com divulgue des renseignements susceptibles d&rsquo;identifier personnellement et d&rsquo;identifier personnellement seulement ceux de ses employ\u00e9s, entrepreneurs et organisations affili\u00e9es qui ont besoin de conna\u00eetre ces informations afin de le traiter au nom d&rsquo;Espamob.com ou de fournir des services disponibles \u00e0 Espamob.com, et qui ont convenu de ne pas les divulguer \u00e0 d&rsquo;autres. Certains de ces employ\u00e9s, entrepreneurs et organisations affili\u00e9es peuvent \u00eatre situ\u00e9s \u00e0 l&rsquo;ext\u00e9rieur de votre pays d&rsquo;origine; En utilisant Espamob.com, vous consentez au transfert de ces informations \u00e0 ceux-ci. Espamob.com ne louera pas ou ne vendra pas de renseignements susceptibles de vous identifier personnellement et de les identifier personnellement. Sauf pour ses employ\u00e9s, entrepreneurs et organisations affili\u00e9es, comme d\u00e9crit ci-dessus, Espamob.com ne divulgue des renseignements potentiellement identifiables et identifiant personnellement que lorsque la loi l&rsquo;exige ou lorsque Espamob.com croit de bonne foi que la divulgation est raisonnablement n\u00e9cessaire pour prot\u00e9ger les biens ou les droits d&rsquo;Espamob.com, de tiers ou du public en g\u00e9n\u00e9ral. Si vous \u00eates un utilisateur enregistr\u00e9 d&rsquo;un site Web Espamob.com et avez fourni votre adresse e-mail, Espamob.com peut parfois vous envoyer un courriel pour vous informer de nouvelles fonctionnalit\u00e9s, solliciter vos commentaires, ou tout simplement vous tenir au courant de ce qui se passe Avec Espamob.com et nos produits. Nous utilisons principalement notre blog pour communiquer ce type d&rsquo;information, donc nous nous attendons \u00e0 garder ce type de courrier \u00e9lectronique \u00e0 un minimum. Si vous nous envoyez une demande (par exemple via un courriel de support ou via un de nos m\u00e9canismes de r\u00e9troaction), nous nous r\u00e9servons le droit de le publier afin de nous aider \u00e0 clarifier ou r\u00e9pondre \u00e0 votre demande ou \u00e0 nous aider \u00e0 soutenir d&rsquo;autres utilisateurs. Espamob.com prend toutes les mesures raisonnablement n\u00e9cessaires pour se prot\u00e9ger contre l&rsquo;acc\u00e8s, l&rsquo;utilisation, la modification ou la destruction non autoris\u00e9s d&rsquo;informations potentiellement identifiables et identifiant personnellement.<\/span><\/p>\n<p>[\/vc_column_text][\/vc_column][\/vc_row][vc_row][vc_column][vc_custom_heading text=\u00a0\u00bbCookie\u00a0\u00bb use_theme_fonts=\u00a0\u00bbyes\u00a0\u00bb][vc_separator][vc_column_text]<\/p>\n<p style=\"text-align: justify;\"><span style=\"font-weight: 400;\">Un cookie est une cha\u00eene d&rsquo;informations qu&rsquo;un site Web stocke sur l&rsquo;ordinateur d&rsquo;un visiteur et que le navigateur du visiteur fournit au site Web \u00e0 chaque fois du visiteur. Espamob.com utilise des cookies pour aider Espamob.com \u00e0 identifier et suivre les visiteurs, leur utilisation d&rsquo;Espamob.com, et leurs pr\u00e9f\u00e9rences d&rsquo;acc\u00e8s au site Web. Les visiteurs d&rsquo;Espamob.com qui ne souhaitent pas que les cookies soient plac\u00e9s sur leurs ordinateurs doivent configurer leur navigateur pour refuser les cookies, avant d&rsquo;utiliser les sites Web d&rsquo;Espamob.com, avec l&rsquo;inconv\u00e9nient que certaines fonctionnalit\u00e9s des sites Web Espamob.com peuvent ne pas fonctionner correctement sans l&rsquo;aide de cookies.<\/span><\/p>\n<p>[\/vc_column_text][\/vc_column][\/vc_row][vc_row][vc_column][vc_custom_heading text=\u00a0\u00bbPolitique de confidentialit\u00e9\u00a0\u00bb use_theme_fonts=\u00a0\u00bbyes\u00a0\u00bb][vc_separator][vc_column_text]<\/p>\n<p style=\"text-align: justify;\"><span style=\"font-weight: 400;\">Bien que la plupart des changements soient susceptibles d&rsquo;\u00eatre mineurs, Espamob.com peut changer sa politique de confidentialit\u00e9 de temps en temps, et \u00e0 la seule discr\u00e9tion d&rsquo;Espamob.com. Espamob.com encourage les visiteurs \u00e0 v\u00e9rifier fr\u00e9quemment cette page pour toute modification de sa politique de confidentialit\u00e9. Votre utilisation de ce site apr\u00e8s toute modification de cette politique de confidentialit\u00e9 constituera votre acceptation de ce changement.<\/span><\/p>\n<p>[\/vc_column_text][\/vc_column][\/vc_row]<\/p>\n<\/div>","protected":false},"excerpt":{"rendered":"<p>[vc_row][vc_column][vc_custom_heading text=\u00a0\u00bbPolitique de confidentialit\u00e9\u00a0\u00bb font_container=\u00a0\u00bbtag:h1|text_align:left\u00a0\u00bb use_theme_fonts=\u00a0\u00bbyes\u00a0\u00bb][vc_separator][vc_column_text] Les sites Espamob.com (collectivement \u201cEspamob.com\u201d dans ce document) se rapportent aux sites h\u00e9berg\u00e9s sur Espamob.com\/fr, Espamob.com\/fr, Espamob.com\/it,Espamob.com\/pl, Espamob.com\/dw et d&rsquo;autres domaines connexes et sous-domaines de ceux-ci. [\/vc_column_text][\/vc_column][\/vc_row][vc_row][vc_column][vc_custom_heading text=\u00a0\u00bbSite Web Visiteur\u00a0\u00bb use_theme_fonts=\u00a0\u00bbyes\u00a0\u00bb][vc_separator][vc_column_text] Comme la plupart des op\u00e9rateurs de sites Web, Espamob.com recueille des informations qui ne sont pas personnellement identifiables<\/p>\n","protected":false},"author":1,"featured_media":0,"parent":0,"menu_order":0,"comment_status":"closed","ping_status":"closed","template":"","meta":{"footnotes":""},"class_list":["post-7496","page","type-page","status-publish","hentry"],"_links":{"self":[{"href":"https:\/\/espamob.com\/fr\/wp-json\/wp\/v2\/pages\/7496","targetHints":{"allow":["GET"]}}],"collection":[{"href":"https:\/\/espamob.com\/fr\/wp-json\/wp\/v2\/pages"}],"about":[{"href":"https:\/\/espamob.com\/fr\/wp-json\/wp\/v2\/types\/page"}],"author":[{"embeddable":true,"href":"https:\/\/espamob.com\/fr\/wp-json\/wp\/v2\/users\/1"}],"replies":[{"embeddable":true,"href":"https:\/\/espamob.com\/fr\/wp-json\/wp\/v2\/comments?post=7496"}],"version-history":[{"count":0,"href":"https:\/\/espamob.com\/fr\/wp-json\/wp\/v2\/pages\/7496\/revisions"}],"wp:attachment":[{"href":"https:\/\/espamob.com\/fr\/wp-json\/wp\/v2\/media?parent=7496"}],"curies":[{"name":"wp","href":"https:\/\/api.w.org\/{rel}","templated":true}]}}