{"id":18496,"date":"2023-08-25T10:49:30","date_gmt":"2023-08-25T10:49:30","guid":{"rendered":"https:\/\/www.espamob.com\/secteur-stage-entreprise-erasmusplus\/beaute\/stage-erasmus-parfumerie\/"},"modified":"2024-02-19T18:19:32","modified_gmt":"2024-02-19T18:19:32","slug":"stage-erasmus-parfumerie","status":"publish","type":"page","link":"https:\/\/espamob.com\/fr\/secteur-stage-entreprise-erasmusplus\/beaute\/stage-erasmus-parfumerie\/","title":{"rendered":"Stage Erasmus : Parfumerie"},"content":{"rendered":"<div class=\"wpb-content-wrapper\"><p>[vc_row css=\u00a0\u00bb.vc_custom_1708366717786{margin-top: -20px !important;margin-bottom: 40px !important;background-image: url(https:\/\/espamob.com\/wp-content\/uploads\/2024\/02\/Perfumeria.webp?id=23578) !important;}\u00a0\u00bb conditional_render=\u00a0\u00bb%5B%7B%22value_role%22%3A%22administrator%22%7D%5D\u00a0\u00bb][vc_column css=\u00a0\u00bb.vc_custom_1687965657482{padding-top: 30px !important;}\u00a0\u00bb conditional_render=\u00a0\u00bb%5B%7B%22value_role%22%3A%22administrator%22%7D%5D\u00a0\u00bb][vc_empty_space height=\u00a0\u00bb170&Prime;][vc_custom_heading text=\u00a0\u00bbStage Erasmus : Parfumerie\u00a0\u00bb font_container=\u00a0\u00bbtag:h1|font_size:27|text_align:center|color:%23ffffff\u00a0\u00bb use_theme_fonts=\u00a0\u00bbyes\u00a0\u00bb css=\u00a0\u00bb.vc_custom_1708366351518{margin-bottom: 15px !important;background-color: rgba(136,136,136,0.29) !important;*background-color: rgb(136,136,136) !important;}\u00a0\u00bb animation_type=\u00a0\u00bbzoomIn\u00a0\u00bb][vc_empty_space height=\u00a0\u00bb40&Prime;][\/vc_column][\/vc_row][vc_row wrap_container=\u00a0\u00bbyes\u00a0\u00bb text_align=\u00a0\u00bbjustify\u00a0\u00bb][vc_column text_align=\u00a0\u00bbjustify\u00a0\u00bb][vc_column_text]<\/p>\n<nav aria-label=\"breadcrumb\">\n<ol class=\"breadcrumb\">\n<li class=\"breadcrumb-item\"><a href=\"https:\/\/espamob.com\/\">Home<\/a><\/li>\n<li class=\"breadcrumb-item\"><a href=\"https:\/\/espamob.com\/fr\/secteur-stage-entreprise-erasmusplus\/\">Secteurs de stages<\/a><\/li>\n<li class=\"breadcrumb-item\"><a href=\"https:\/\/espamob.com\/fr\/secteur-stage-entreprise-erasmusplus\/beaute\/\">Beaut\u00e9<\/a><\/li>\n<li class=\"breadcrumb-item active\" aria-current=\"page\">Stage Erasmus : Parfumerie<\/li>\n<\/ol>\n<\/nav>\n<p>[\/vc_column_text][vc_custom_heading text=\u00a0\u00bbStage Erasmus Parfumerie : l&rsquo;opportunit\u00e9 parfaite pour votre carri\u00e8re\u00a0\u00bb use_theme_fonts=\u00a0\u00bbyes\u00a0\u00bb css=\u00a0\u00bb.vc_custom_1687363443929{margin-top: 20px !important;}\u00a0\u00bb][vc_separator][vc_row_inner][vc_column_inner width=\u00a0\u00bb7\/12&Prime;][vc_column_text]<\/p>\n<p>Dans un monde en constante \u00e9volution, les opportunit\u00e9s de stage sont de plus en plus recherch\u00e9es, notamment dans le domaine de la beaut\u00e9 et du soin. Le secteur de la parfumerie est un secteur en pleine croissance, offrant une multitude de m\u00e9tiers passionnants et vari\u00e9s. Partir en stage Erasmus dans ce domaine peut \u00eatre une exp\u00e9rience unique et enrichissante pour d\u00e9velopper vos comp\u00e9tences professionnelles et \u00e9ventuellement donner un coup d&rsquo;acc\u00e9l\u00e9rateur \u00e0 votre carri\u00e8re.<\/p>\n<h2>Les avantages d&rsquo;un stage Erasmus en parfumerie<\/h2>\n<p>Tout d&rsquo;abord, il est important de noter que les stages Erasmus sont soutenus par le programme <a href=\"https:\/\/erasmus-plus.ec.europa.eu\/fr\" target=\"_blank\" rel=\"noopener\">Erasmus +<\/a>, qui vise \u00e0 promouvoir l&rsquo;\u00e9ducation, la formation, la jeunesse et le sport en Europe. En choisissant un stage Erasmus en parfumerie, vous b\u00e9n\u00e9ficiez non seulement d&rsquo;un soutien financier, mais aussi d&rsquo;un r\u00e9seau d&rsquo;\u00e9tablissements partenaires et d&rsquo;une reconnaissance de la qualit\u00e9 de votre stage.<\/p>\n<p><strong>Voici quelques-uns des avantages d&rsquo;un stage Erasmus en parfumerie :<\/p>\n<p><\/strong><\/p>\n<ul>\n<li>Acqu\u00e9rir une exp\u00e9rience professionnelle internationale : un stage Erasmus est une occasion unique de travailler dans un autre pays et d&rsquo;acqu\u00e9rir une exp\u00e9rience pr\u00e9cieuse sur le march\u00e9 international. Cela peut \u00eatre un atout majeur pour votre CV et une chance d&rsquo;am\u00e9liorer vos comp\u00e9tences linguistiques.<\/li>\n<li>D\u00e9velopper vos comp\u00e9tences techniques et cr\u00e9atives : travailler dans une parfumerie \u00e0 l&rsquo;\u00e9tranger vous permet de d\u00e9couvrir de nouvelles m\u00e9thodes de travail, d&rsquo;apprendre les derni\u00e8res tendances et innovations en mati\u00e8re de parfums, et de d\u00e9velopper votre sens olfactif.<\/li>\n<li>Renforcer votre r\u00e9seau professionnel : un stage Erasmus offre l&rsquo;occasion de rencontrer des professionnels du secteur et de nouer des contacts qui pourraient s&rsquo;av\u00e9rer pr\u00e9cieux pour votre future carri\u00e8re.<\/li>\n<\/ul>\n<p>[\/vc_column_text][\/vc_column_inner][vc_column_inner width=\u00a0\u00bb1\/12&Prime;][\/vc_column_inner][vc_column_inner width=\u00a0\u00bb4\/12&Prime;][vc_single_image image=\u00a0\u00bb18462&Prime; img_size=\u00a0\u00bb400*400&Prime; alignment=\u00a0\u00bbright\u00a0\u00bb style=\u00a0\u00bbvc_box_rounded\u00a0\u00bb][vc_btn title=\u00a0\u00bbJe veux en savoir plus\u00a0\u00bb style=\u00a0\u00bbcustom\u00a0\u00bb custom_background=\u00a0\u00bb#e20000&Prime; custom_text=\u00a0\u00bb#ffffff\u00a0\u00bb align=\u00a0\u00bbcenter\u00a0\u00bb link=\u00a0\u00bburl:https%3A%2F%2Fespamob.com%2Ffr%2Fcontact%2F|title:FR%20Secteurs|target:_blank\u00a0\u00bb][\/vc_column_inner][\/vc_row_inner][vc_custom_heading text=\u00a0\u00bbLes diff\u00e9rents m\u00e9tiers accessibles en parfumerie\u00a0\u00bb font_container=\u00a0\u00bbtag:h3|text_align:left\u00a0\u00bb use_theme_fonts=\u00a0\u00bbyes\u00a0\u00bb css=\u00a0\u00bb.vc_custom_1689259044425{margin-top: 20px !important;}\u00a0\u00bb][vc_separator][vc_row_inner][vc_column_inner width=\u00a0\u00bb7\/12&Prime;][vc_column_text]<\/p>\n<p>Le secteur de la parfumerie est tr\u00e8s diversifi\u00e9 et offre de nombreuses opportunit\u00e9s de stage selon vos centres d&rsquo;int\u00e9r\u00eat et vos comp\u00e9tences. Voici quelques exemples de m\u00e9tiers auxquels vous pouvez \u00eatre expos\u00e9 durant votre stage :<\/p>\n<ol>\n<li><strong>Nez ou parfumeur :<\/strong> c&rsquo;est le cr\u00e9ateur de parfums, celui qui \u00e9labore des compositions olfactives en associant des notes et des accords harmonieux. Il faut g\u00e9n\u00e9ralement plusieurs ann\u00e9es de formation pour ma\u00eetriser cet art d\u00e9licat.<\/li>\n<li><strong>Evaluateur :<\/strong> il a pour r\u00f4le de tester et de valider les parfums cr\u00e9\u00e9s par le nez. L&rsquo;\u00e9valuateur doit poss\u00e9der un sens olfactif tr\u00e8s d\u00e9velopp\u00e9 et avoir une excellente connaissance des mati\u00e8res premi\u00e8res utilis\u00e9es en parfumerie.<\/li>\n<li><strong>Charg\u00e9 de marketing :<\/strong> son objectif est de promouvoir et de vendre les parfums aupr\u00e8s des consommateurs. Il est responsable de la strat\u00e9gie marketing, du positionnement des produits et de leur communication.<\/li>\n<li><strong>Responsable de production :<\/strong> il coordonne l&rsquo;ensemble des \u00e9tapes de fabrication d&rsquo;un parfum, depuis la cr\u00e9ation jusqu&rsquo;\u00e0 la mise en vente. Ce poste n\u00e9cessite de bonnes comp\u00e9tences organisationnelles et manag\u00e9riales.<\/li>\n<\/ol>\n<h3>D&rsquo;autres m\u00e9tiers li\u00e9s au secteur de la beaut\u00e9 et du soin<\/h3>\n<p>En plus des m\u00e9tiers sp\u00e9cifiques \u00e0 la parfumerie, un stage Erasmus dans ce domaine peut \u00e9galement vous permettre d&rsquo;explorer d&rsquo;autres professions li\u00e9es au secteur de la beaut\u00e9 et du soin, telles que :<\/p>\n<ul>\n<li>Conseiller en image<\/li>\n<li>Esth\u00e9ticienne<\/li>\n<li>Cosm\u00e9tologue<\/li>\n<li>Chimiste sp\u00e9cialis\u00e9 en cosm\u00e9tique<\/li>\n<\/ul>\n<h2>Trouver le stage Erasmus Parfumerie qui vous convient<\/h2>\n<p>Pour trouver l&rsquo;opportunit\u00e9 de stage id\u00e9ale en parfumerie, il est essentiel de prendre en compte certains crit\u00e8res tels que la dur\u00e9e et le lieu du stage, ainsi que les domaines de comp\u00e9tence recherch\u00e9s. N&rsquo;h\u00e9sitez pas \u00e0 consulter les offres de stages disponibles sur les sites sp\u00e9cialis\u00e9s ou \u00e0 contacter directement les entreprises de parfumerie qui vous int\u00e9ressent.<\/p>\n<p>Un stage Erasmus en parfumerie est une exp\u00e9rience unique et stimulante qui vous permettra de d\u00e9velopper vos comp\u00e9tences professionnelles tout en d\u00e9couvrant de nouvelles cultures et m\u00e9thodes de travail. Alors n&rsquo;attendez plus et lancez-vous dans cette aventure enrichissante !<\/p>\n<p>[\/vc_column_text][\/vc_column_inner][vc_column_inner width=\u00a0\u00bb1\/12&Prime;][\/vc_column_inner][vc_column_inner width=\u00a0\u00bb4\/12&Prime;][vc_raw_html]JTNDZGl2JTIwc3R5bGUlM0QlMjJwYWRkaW5nJTNBJTIwMzBweCUzQmJhY2tncm91bmQtY29sb3IlM0ElMjAlMjNGNEY0RjQlM0IlMjIlM0UlMEElMjAlMjAlMjAlMjAlM0NoNCUzRUQlQzMlQTljb3V2cmV6JTIwdG91cyUyMGxlcyUyMHNlY3RldXJzJTIwZGUlMjBzdGFnZXMlM0MlMkZoNCUzRSUwQSUyMCUyMCUyMCUyMCUzQ3AlM0VFc3BhbW9iJTIwZXN0JTIwc3AlQzMlQTljaWFsaXN0ZSUyMGRhbnMlMjBsJUUyJTgwJTk5YWNjb21wYWduZW1lbnQlMjBkZSUyMGdyb3VwZSUyMGRhbnMlMjBsZXVyJTIwbW9iaWxpdCVDMyVBOSUyMEVyYXNtdXMlMjAlMkIuJTIwRCVDMyVBOWNvdXZyZXolMjBlbiUyMHF1ZWxxdWVzJTIwY2xpcyUyMHRvdXMlMjBsZXMlMjBzZWN0ZXVycyUyMGRlJTIwc3RhZ2UlMjBFcmFzbXVzJTIwZW4lMjBFc3BhZ25lLiUzQyUyRnAlM0UlMEElMjAlMjAlMjAlMjAlM0NhJTIwY2xhc3MlM0QlMjJ2Y19nZW5lcmFsJTIwdmNfYnRuMyUyMHZjX2J0bjMtc2l6ZS1tZCUyMHZjX2J0bjMtc2hhcGUtZGVmYXVsdCUyMHZjX2J0bjMtc3R5bGUtY3VzdG9tJTIwd3BiX2N1c3RvbV82Njg3YjI2ZjM5NDg4ZGRiYjg1ZGRiM2MxY2U4ZTExMSUyMGJ0biUyMiUyMHN0eWxlJTNEJTIyYmFja2dyb3VuZC1jb2xvciUzQSUyM2UyMDAwMCUzQiUyMGNvbG9yJTNBJTIzZmZmZmZmJTNCJTIwYmFja2dyb3VuZC1jb2xvciUzQSUyM2UyMDAwMCUzQiUyMGNvbG9yJTNBJTIzZmZmZmZmJTNCJTIyJTIwaHJlZiUzRCUyMmh0dHBzJTNBJTJGJTJGd3d3LmVzcGFtb2IuY29tJTJGZnIlMkZjb250YWN0JTJGJTIyJTIwdGl0bGUlM0QlMjJGUiUyMFNlY3RldXJzJTIyJTIwdGFyZ2V0JTNEJTIyX2JsYW5rJTIyJTNFSmUlMjBkJUMzJUE5Y291dnJlJTIwbGVzJTIwc2VjdGV1cnMlM0MlMkZhJTNFJTBBJTNDJTJGZGl2JTNF[\/vc_raw_html][\/vc_column_inner][\/vc_row_inner][\/vc_column][\/vc_row][vc_row full_width=\u00a0\u00bbstretch_row\u00a0\u00bb wrap_container=\u00a0\u00bbyes\u00a0\u00bb is_section=\u00a0\u00bbyes\u00a0\u00bb css=\u00a0\u00bb.vc_custom_1688548809334{margin-top: 20px !important;border-top-width: 0px !important;background-color: #f8f392 !important;}\u00a0\u00bb conditional_render=\u00a0\u00bb%5B%7B%22value_role%22%3A%22administrator%22%7D%5D\u00a0\u00bb][vc_column][vc_row_inner css=\u00a0\u00bb.vc_custom_1688548648248{background-color: #f8f392 !important;}\u00a0\u00bb][vc_column_inner][vc_custom_heading text=\u00a0\u00bbFaire une demande de devis gratuit\u00a0\u00bb font_container=\u00a0\u00bbtag:h2|text_align:center\u00a0\u00bb use_theme_fonts=\u00a0\u00bbyes\u00a0\u00bb][vc_column_text]<\/p>\n<p style=\"text-align: justify;\">Vous avez une id\u00e9e de  projet Erasmus +  en Espagne et vous cherchez un partenaire de confiance pour vous accompagner ? <strong>Espamob\u2019<\/strong> est l\u00e0 pour vous aider ! Nous vous proposons un devis gratuit et sans engagement pour vous aider \u00e0 g\u00e9rer votre projet de mobilit\u00e9. Gr\u00e2ce \u00e0 notre expertise  et \u00e0 notre r\u00e9seau d\u2019entreprises partenaires, nous sommes en mesure de vous offrir un accompagnement personnalis\u00e9 pour r\u00e9pondre \u00e0 vos besoins sp\u00e9cifiques. Contactez-nous d\u00e8s maintenant pour discuter de votre projet et obtenir votre devis gratuit.<\/p>\n<p>[\/vc_column_text]<div id=\"modal-trg-txt-wrap-4626\" class=\"ult-modal-input-wrapper ult-adjust-bottom-margin    \" data-keypress-control=\"keypress-control-enable\" data-overlay-control=\"overlay-control-enable\"><style>\n\t\t\t\t\t.btn-modal.btn-id-69e7b1d5e19b52-56990693:hover {\n\t\t\t\t\t\tbackground-color: #e20000 !important;\n\t\t\t\t\t}\n\t\t\t\t\t<\/style><button  data-ultimate-target='#modal-trg-txt-wrap-4626 .btn-modal'  data-responsive-json-new='{\"font-size\":\"\",\"line-height\":\"\"}'  style=\"background:#888888;border-color:#888888;color:#ffffff; \" data-class-id=\"content-69e7b1d5e19b52-56990693\" class=\"btn-modal ult-responsive btn-primary btn-modal-md overlay-show ult-align-center btn-id-69e7b1d5e19b52-56990693\" data-overlay-class=\"overlay-cornerbottomleft\">DEMANDE DEVIS GRATUIT<\/button><\/div>\n<div class=\"ult-overlay content-69e7b1d5e19b52-56990693 \" data-class=\"content-69e7b1d5e19b52-56990693\" id=\"button-click-overlay\" style=\"background:rgba(51,51,51,0.8); display:none;\">\n\t<div class=\"ult_modal ult-fade ult-medium\">\n\t\t<div id=\"ult-modal-wrap-1220\" class=\"ult_modal-content ult-hide\" style=\"border-style:solid;border-width:2px;border-radius:0px;border-color:#333333;\">\n\t\t\t<div class=\"ult_modal-header\" style=\"color:#333333;border-color:#333333;\">\n\t\t\t\t<h3  data-ultimate-target='#ult-modal-wrap-1220 .ult_modal-title'  data-responsive-json-new='{\"font-size\":\"\",\"line-height\":\"\"}'  class=\"ult_modal-title ult-responsive\">Demande devis gratuit<\/h3>\n\t\t\t<\/div>\n\t\t\t<div  data-ultimate-target='#ult-modal-wrap-1220 .ult_modal-body'  data-responsive-json-new='{\"font-size\":\"\",\"line-height\":\"\"}'  class=\"ult_modal-body ult-responsive ult-html\" style=\"\">\n\t\t\t<\/p>\n<p>[caldera_form id=\u00a0\u00bbCF614462cc44616&Prime;]<\/p>\n<p>\n\t\t\t<\/div>\n\t<\/div>\n\t<\/div>\n\t<div class=\"ult-overlay-close top-right\" style=\"width:80px;height:80px; \"><div class=\"ult-overlay-close-inside\">Close<\/div><\/div>\n<\/div>[\/vc_column_inner][\/vc_row_inner][\/vc_column][\/vc_row][vc_row wrap_container=\u00a0\u00bbyes\u00a0\u00bb css=\u00a0\u00bb.vc_custom_1689256499740{margin-top: 15px !important;}\u00a0\u00bb conditional_render=\u00a0\u00bb%5B%7B%22value_role%22%3A%22administrator%22%7D%5D\u00a0\u00bb][vc_column][vc_custom_heading text=\u00a0\u00bbQuestions fr\u00e9quentes\u00a0\u00bb font_container=\u00a0\u00bbtag:h2|text_align:center|color:%23000000&Prime; use_theme_fonts=\u00a0\u00bbyes\u00a0\u00bb][vc_separator][vc_row_inner][vc_column_inner width=\u00a0\u00bb7\/12&Prime;][vc_column_text]<\/p>\n<h3>Quels sont les avantages de choisir Espamob pour r\u00e9aliser un stage Erasmus en Espagne dans le domaine de la parfumerie ?<\/h3>\n<p>En choisissant Espamob pour r\u00e9aliser un stage Erasmus dans le domaine de la parfumerie en Espagne, vous b\u00e9n\u00e9ficierez de plusieurs avantages. Espamob poss\u00e8de un r\u00e9seau de partenaires dans le secteur de la parfumerie en Espagne, ce qui facilitera la recherche et l&rsquo;accueil dans les entreprises partenaires. De plus, Espamob s&rsquo;occupe de trouver les logements sur place, ce qui vous permettra de vous concentrer sur votre stage. Enfin, Espamob offre un accompagnement complet dans la cr\u00e9ation de votre projet et la recherche de financement, vous assurant ainsi une exp\u00e9rience Erasmus r\u00e9ussie.<\/p>\n<h3>Comment Espamob accompagne-t-il les groupes dans la cr\u00e9ation de leur projet de stage Erasmus en parfumerie en Espagne ?<\/h3>\n<p>Espamob accompagne les groupes dans la cr\u00e9ation de leur projet de stage Erasmus en parfumerie en Espagne en leur fournissant une assistance personnalis\u00e9e. L&rsquo;agence vous aidera \u00e0 d\u00e9finir vos objectifs et \u00e0 choisir les entreprises partenaires les mieux adapt\u00e9es \u00e0 votre projet. Espamob vous conseillera \u00e9galement sur la dur\u00e9e et le contenu de votre stage, en prenant en compte vos besoins et vos attentes. Gr\u00e2ce \u00e0 son expertise et \u00e0 son r\u00e9seau de contacts, Espamob vous garantit un projet de stage Erasmus en parfumerie en Espagne de qualit\u00e9.<\/p>\n<h3>Est-ce qu&rsquo;Espamob propose un service de r\u00e9cup\u00e9ration \u00e0 l&rsquo;a\u00e9roport pour les groupes qui r\u00e9alisent un stage Erasmus en parfumerie en Espagne ?<\/h3>\n<p>Oui, Espamob propose un service de r\u00e9cup\u00e9ration \u00e0 l&rsquo;a\u00e9roport pour les groupes qui r\u00e9alisent un stage Erasmus en parfumerie en Espagne. L&rsquo;agence se charge d&rsquo;organiser le transport depuis l&rsquo;a\u00e9roport jusqu&rsquo;\u00e0 votre logement, afin de faciliter votre arriv\u00e9e et de vous assurer un accueil chaleureux. Ce service vous permettra de vous installer rapidement et de commencer votre exp\u00e9rience Erasmus en parfumerie en Espagne en toute tranquillit\u00e9.<\/p>\n<p>[\/vc_column_text][\/vc_column_inner][vc_column_inner width=\u00a0\u00bb1\/12&Prime;][\/vc_column_inner][vc_column_inner width=\u00a0\u00bb4\/12&Prime;][vc_single_image image=\u00a0\u00bb15074&Prime; img_size=\u00a0\u00bbfull\u00a0\u00bb][vc_column_text]<strong>Renseignez-vous sur les diff\u00e9rentes destinations Erasmus + en Espagne :<\/strong><\/p>\n<ul>\n<li><a href=\"https:\/\/espamob.com\/fr\/secteur-stage-entreprise-erasmusplus\/beaute\/stage-erasmus-esthetique\">Stage Erasmus Esth\u00e9tique<\/a><\/li>\n<li><a href=\"https:\/\/espamob.com\/fr\/secteur-stage-entreprise-erasmusplus\/beaute\/stage-erasmus-coiffure\">Stage Erasmus Coiffure<\/a><\/li>\n<li><a href=\"https:\/\/espamob.com\/fr\/secteur-stage-entreprise-erasmusplus\/beaute\/stage-erasmus-manucure\">Stage Erasmus Manucure<\/a><\/li>\n<li><a href=\"https:\/\/espamob.com\/fr\/secteur-stage-entreprise-erasmusplus\/beaute\/stage-erasmus-cosmetique\">Stage Erasmus Cosm\u00e9tique<\/a><\/li>\n<\/ul>\n<p>[\/vc_column_text][\/vc_column_inner][\/vc_row_inner][\/vc_column][\/vc_row]<\/p>\n<\/div>","protected":false},"excerpt":{"rendered":"<p>[vc_row css=\u00a0\u00bb.vc_custom_1708366717786{margin-top: -20px !important;margin-bottom: 40px !important;background-image: url(https:\/\/espamob.com\/wp-content\/uploads\/2024\/02\/Perfumeria.webp?id=23578) !important;}\u00a0\u00bb conditional_render=\u00a0\u00bb%5B%7B%22value_role%22%3A%22administrator%22%7D%5D\u00a0\u00bb][vc_column css=\u00a0\u00bb.vc_custom_1687965657482{padding-top: 30px !important;}\u00a0\u00bb conditional_render=\u00a0\u00bb%5B%7B%22value_role%22%3A%22administrator%22%7D%5D\u00a0\u00bb][vc_empty_space height=\u00a0\u00bb170&Prime;][vc_custom_heading text=\u00a0\u00bbStage Erasmus : Parfumerie\u00a0\u00bb font_container=\u00a0\u00bbtag:h1|font_size:27|text_align:center|color:%23ffffff\u00a0\u00bb use_theme_fonts=\u00a0\u00bbyes\u00a0\u00bb css=\u00a0\u00bb.vc_custom_1708366351518{margin-bottom: 15px !important;background-color: rgba(136,136,136,0.29) !important;*background-color: rgb(136,136,136) !important;}\u00a0\u00bb animation_type=\u00a0\u00bbzoomIn\u00a0\u00bb][vc_empty_space height=\u00a0\u00bb40&Prime;][\/vc_column][\/vc_row][vc_row wrap_container=\u00a0\u00bbyes\u00a0\u00bb text_align=\u00a0\u00bbjustify\u00a0\u00bb][vc_column text_align=\u00a0\u00bbjustify\u00a0\u00bb][vc_column_text] Home Secteurs de stages Beaut\u00e9 Stage Erasmus : Parfumerie [\/vc_column_text][vc_custom_heading text=\u00a0\u00bbStage Erasmus Parfumerie : l&rsquo;opportunit\u00e9 parfaite pour votre carri\u00e8re\u00a0\u00bb use_theme_fonts=\u00a0\u00bbyes\u00a0\u00bb css=\u00a0\u00bb.vc_custom_1687363443929{margin-top: 20px !important;}\u00a0\u00bb][vc_separator][vc_row_inner][vc_column_inner<\/p>\n","protected":false},"author":2,"featured_media":0,"parent":11893,"menu_order":0,"comment_status":"open","ping_status":"closed","template":"","meta":{"footnotes":""},"class_list":["post-18496","page","type-page","status-publish","hentry"],"_links":{"self":[{"href":"https:\/\/espamob.com\/fr\/wp-json\/wp\/v2\/pages\/18496","targetHints":{"allow":["GET"]}}],"collection":[{"href":"https:\/\/espamob.com\/fr\/wp-json\/wp\/v2\/pages"}],"about":[{"href":"https:\/\/espamob.com\/fr\/wp-json\/wp\/v2\/types\/page"}],"author":[{"embeddable":true,"href":"https:\/\/espamob.com\/fr\/wp-json\/wp\/v2\/users\/2"}],"replies":[{"embeddable":true,"href":"https:\/\/espamob.com\/fr\/wp-json\/wp\/v2\/comments?post=18496"}],"version-history":[{"count":0,"href":"https:\/\/espamob.com\/fr\/wp-json\/wp\/v2\/pages\/18496\/revisions"}],"up":[{"embeddable":true,"href":"https:\/\/espamob.com\/fr\/wp-json\/wp\/v2\/pages\/11893"}],"wp:attachment":[{"href":"https:\/\/espamob.com\/fr\/wp-json\/wp\/v2\/media?parent=18496"}],"curies":[{"name":"wp","href":"https:\/\/api.w.org\/{rel}","templated":true}]}}