{"id":18494,"date":"2023-08-25T10:49:30","date_gmt":"2023-08-25T10:49:30","guid":{"rendered":"https:\/\/www.espamob.com\/secteur-stage-entreprise-erasmusplus\/beaute\/stage-erasmus-manucure\/"},"modified":"2024-05-14T09:57:49","modified_gmt":"2024-05-14T09:57:49","slug":"stage-erasmus-manucure","status":"publish","type":"page","link":"https:\/\/espamob.com\/fr\/secteur-stage-entreprise-erasmusplus\/beaute\/stage-erasmus-manucure\/","title":{"rendered":"Stage Erasmus : Onglerie"},"content":{"rendered":"<div class=\"wpb-content-wrapper\"><p>[vc_row css=\u00a0\u00bb.vc_custom_1708366679073{margin-top: -20px !important;margin-bottom: 40px !important;background-image: url(https:\/\/espamob.com\/wp-content\/uploads\/2024\/02\/Manicura-Pedicura.webp?id=23568) !important;}\u00a0\u00bb conditional_render=\u00a0\u00bb%5B%7B%22value_role%22%3A%22administrator%22%7D%5D\u00a0\u00bb][vc_column css=\u00a0\u00bb.vc_custom_1687965657482{padding-top: 30px !important;}\u00a0\u00bb conditional_render=\u00a0\u00bb%5B%7B%22value_role%22%3A%22administrator%22%7D%5D\u00a0\u00bb][vc_empty_space height=\u00a0\u00bb170&Prime;][vc_custom_heading text=\u00a0\u00bbStage Erasmus : Manucure\u00a0\u00bb font_container=\u00a0\u00bbtag:h1|font_size:27|text_align:center|color:%23ffffff\u00a0\u00bb use_theme_fonts=\u00a0\u00bbyes\u00a0\u00bb css=\u00a0\u00bb.vc_custom_1708366336818{margin-bottom: 15px !important;background-color: rgba(136,136,136,0.29) !important;*background-color: rgb(136,136,136) !important;}\u00a0\u00bb animation_type=\u00a0\u00bbzoomIn\u00a0\u00bb][vc_empty_space height=\u00a0\u00bb40&Prime;][\/vc_column][\/vc_row][vc_row wrap_container=\u00a0\u00bbyes\u00a0\u00bb text_align=\u00a0\u00bbjustify\u00a0\u00bb][vc_column text_align=\u00a0\u00bbjustify\u00a0\u00bb][vc_column_text]<\/p>\n<nav aria-label=\"breadcrumb\">\n<ol class=\"breadcrumb\">\n<li class=\"breadcrumb-item\"><a href=\"https:\/\/espamob.com\/\">Home<\/a><\/li>\n<li class=\"breadcrumb-item\"><a href=\"https:\/\/espamob.com\/fr\/secteur-stage-entreprise-erasmusplus\/\">Secteurs de stages<\/a><\/li>\n<li class=\"breadcrumb-item\"><a href=\"https:\/\/espamob.com\/fr\/secteur-stage-entreprise-erasmusplus\/beaute\/\">Beaut\u00e9<\/a><\/li>\n<li class=\"breadcrumb-item active\" aria-current=\"page\">Stage Erasmus : Manucure<\/li>\n<\/ol>\n<\/nav>\n<p>[\/vc_column_text][vc_custom_heading text=\u00a0\u00bbStage Erasmus Onglerie: Amplifiez vos comp\u00e9tences \u00e0 l&rsquo;international\u00a0\u00bb use_theme_fonts=\u00a0\u00bbyes\u00a0\u00bb css=\u00a0\u00bb.vc_custom_1715678232472{margin-top: 20px !important;}\u00a0\u00bb][vc_separator][vc_row_inner][vc_column_inner width=\u00a0\u00bb7\/12&Prime;][vc_column_text]Dans le domaine de la beaut\u00e9 et du bien-\u00eatre, les professionnels de l&rsquo;onglerie (manucure\/p\u00e9dicure) cherchent constamment \u00e0 perfectionner et \u00e0 am\u00e9liorer leurs comp\u00e9tences. Un stage Erasmus dans ce secteur repr\u00e9sente donc une occasion exceptionnelle de se d\u00e9marquer sur le march\u00e9 du travail.<\/p>\n<h2>Qu\u2019est-ce que le stage Erasmus en onglerie ?<\/h2>\n<p>Le stage Erasmus Coiffure est un programme de mobilit\u00e9 europ\u00e9en destin\u00e9 aux apprentis en esth\u00e9tique souhaitant se sp\u00e9cialiser dans le domaine de l&rsquo;onglerie. Ce programme permet aux apprentis de r\u00e9aliser un stage dans un institut \u00e0 l&rsquo;\u00e9tranger. Il fait partie du dispositif Erasmus+, visant \u00e0 promouvoir la coop\u00e9ration entre les \u00e9tablissements d\u2019enseignement sup\u00e9rieur et les entreprises gr\u00e2ce \u00e0 des stages professionnels.<\/p>\n<h3>Les objectifs du stage Erasmus onglerie<\/h3>\n<p>Les principaux objectifs de ce stage Erasmus sont :<\/p>\n<ul>\n<li>Offrir aux \u00e9tudiants une exp\u00e9rience professionnelle \u00e0 l&rsquo;international.<\/li>\n<li>Leur permettre de se familiariser avec les techniques et m\u00e9thodes de travail utilis\u00e9es dans les instituts europ\u00e9ens.<\/li>\n<li>Am\u00e9liorer leurs comp\u00e9tences linguistiques.<\/li>\n<li>Apprendre de nouvelles techniques et tendances.<\/li>\n<\/ul>\n<h3>Financement du stage Erasmus Onglerie<\/h3>\n<p>Le stage Erasmus en onglerie est partiellement financ\u00e9 par le programme Erasmus+, permettant aux \u00e9tudiants de recevoir une bourse pour couvrir leurs frais de subsistance, tels que le logement et le transport. Ils peuvent \u00e9galement solliciter des aides suppl\u00e9mentaires aupr\u00e8s de certains organismes ou collectivit\u00e9s territoriales.+[\/vc_column_text][\/vc_column_inner][vc_column_inner width=\u00a0\u00bb1\/12&Prime;][\/vc_column_inner][vc_column_inner width=\u00a0\u00bb4\/12&Prime;][vc_single_image image=\u00a0\u00bb18457&Prime; img_size=\u00a0\u00bb400*400&Prime; alignment=\u00a0\u00bbright\u00a0\u00bb style=\u00a0\u00bbvc_box_rounded\u00a0\u00bb][vc_btn title=\u00a0\u00bbJe veux en savoir plus\u00a0\u00bb style=\u00a0\u00bbcustom\u00a0\u00bb custom_background=\u00a0\u00bb#e20000&Prime; custom_text=\u00a0\u00bb#ffffff\u00a0\u00bb align=\u00a0\u00bbcenter\u00a0\u00bb link=\u00a0\u00bburl:https%3A%2F%2Fespamob.com%2Ffr%2Fcontact%2F|title:FR%20Secteurs|target:_blank\u00a0\u00bb][\/vc_column_inner][\/vc_row_inner][vc_custom_heading text=\u00a0\u00bbRetour d\u2019exp\u00e9rience &#8211; stage Erasmus en Onglerie\u00a0\u00bb font_container=\u00a0\u00bbtag:h3|text_align:left\u00a0\u00bb use_theme_fonts=\u00a0\u00bbyes\u00a0\u00bb css=\u00a0\u00bb.vc_custom_1715678282495{margin-top: 20px !important;}\u00a0\u00bb][vc_separator][vc_row_inner][vc_column_inner width=\u00a0\u00bb7\/12&Prime;][vc_column_text]Pour illustrer les opportunit\u00e9s offertes par un stage Erasmus Plus en Espagne, voici le t\u00e9moignage concret d&rsquo;une apprentie en esth\u00e9tique, sp\u00e9cialis\u00e9e en proth\u00e9sie ongulaire<\/p>\n<h3>Profil de l\u2019\u00e9tudiant<\/h3>\n<p>Marie, 20 ans, est apprentie en deuxi\u00e8me ann\u00e9e de BP esth\u00e9tique dans un CFA fran\u00e7ais. Son \u00e9tablissement scolaire a d\u00e9cid\u00e9 de lui offrir la chance de partir en mobilit\u00e9 Erasmus pendant une semaine afin de d\u00e9couvrir les pratiques et m\u00e9thodes d&rsquo;un institut.espagnol.<\/p>\n<h3>Destination du stage<\/h3>\n<p>Pour Marie c&rsquo;est direction Barcelone ! L&rsquo;\u00e9quipe d&rsquo;Espamob a trouv\u00e9 une entreprise sp\u00e9cialis\u00e9e dans le domaine, pr\u00eate \u00e0 l&rsquo;accueillir et \u00e0 lui transmettre le savoir-faire espagnol.<\/p>\n<h3>Missions durant le stage<\/h3>\n<ul>\n<li>Organisation et rangement de l&rsquo;institut<\/li>\n<li>Application de semi-permanent<\/li>\n<li>Massages des mains et des pieds<\/li>\n<li>Gommages des mains et des pieds<\/li>\n<li>Assurer le bien-\u00eatre du client<\/li>\n<\/ul>\n<h3>R\u00e9sultats du stage<\/h3>\n<p>La semaine est pass\u00e9e tr\u00e8s vite pour Marie, qui aurait aim\u00e9 rester plus longtemps pour continuer \u00e0 apprendre. Dans cet institut barcelonais, elle a pu observer et mettre en pratique ses comp\u00e9tences, accompagn\u00e9e de sa tutrice toujours pr\u00e9sente pour la soutenir en cas de besoin. En plus d&rsquo;am\u00e9liorer sa m\u00e9thode, elle a \u00e9galement pu perfectionner ses comp\u00e9tences linguistiques en travaillant quotidiennement aux c\u00f4t\u00e9s d&rsquo;une \u00e9quipe ne partageant pas sa langue maternelle.<\/p>\n<h2>Les avantages du stage Erasmus en Onglerie<\/h2>\n<p>En optant pour un stage en Espagne dans le cadre du programme Erasmus +, vous b\u00e9n\u00e9ficierez de nombreux avantages :<\/p>\n<ul>\n<li><strong>Am\u00e9lioration des comp\u00e9tences techniques<\/strong> gr\u00e2ce \u00e0 l&rsquo;apprentissage de nouvelles m\u00e9thodes de travail aupr\u00e8s de professionnels exp\u00e9riment\u00e9s.<\/li>\n<li><strong>D\u00e9veloppement du niveau de langue<\/strong> <strong>(espagnol &amp; anglais)<\/strong> en le pratiquant quotidiennement dans un contexte professionnel.<\/li>\n<li><strong>\u00c9largissement du r\u00e9seau<\/strong> en rencontrant des professionnels et des \u00e9tudiants venant de toute l&rsquo;Europe.<\/li>\n<li><strong>Acquisition d&rsquo;une exp\u00e9rience professionnelle enrichissante<\/strong>, valorisant votre CV et vous d\u00e9marquant aupr\u00e8s des futurs employeurs.<\/li>\n<\/ul>\n<p>En r\u00e9sum\u00e9, ce stage repr\u00e9sente une opportunit\u00e9 pr\u00e9cieuse pour les \u00e9tudiants et les apprentis souhaitant se sp\u00e9cialiser en esth\u00e9tique en tant que proth\u00e9siste. Ne manquez pas cette chance et renseignez-vous d\u00e8s maintenant pour organiser la mobilit\u00e9 id\u00e9ale pour vos apprentis.[\/vc_column_text][\/vc_column_inner][vc_column_inner width=\u00a0\u00bb1\/12&Prime;][\/vc_column_inner][vc_column_inner width=\u00a0\u00bb4\/12&Prime;][vc_raw_html]JTNDZGl2JTIwc3R5bGUlM0QlMjJwYWRkaW5nJTNBJTIwMzBweCUzQmJhY2tncm91bmQtY29sb3IlM0ElMjAlMjNGNEY0RjQlM0IlMjIlM0UlMEElMjAlMjAlMjAlMjAlM0NoNCUzRUQlQzMlQTljb3V2cmV6JTIwdG91cyUyMGxlcyUyMHNlY3RldXJzJTIwZGUlMjBzdGFnZXMlM0MlMkZoNCUzRSUwQSUyMCUyMCUyMCUyMCUzQ3AlM0VFc3BhbW9iJTIwZXN0JTIwc3AlQzMlQTljaWFsaXN0ZSUyMGRhbnMlMjBsJUUyJTgwJTk5YWNjb21wYWduZW1lbnQlMjBkZSUyMGdyb3VwZSUyMGRhbnMlMjBsZXVyJTIwbW9iaWxpdCVDMyVBOSUyMEVyYXNtdXMlMjAlMkIuJTIwRCVDMyVBOWNvdXZyZXolMjBlbiUyMHF1ZWxxdWVzJTIwY2xpcyUyMHRvdXMlMjBsZXMlMjBzZWN0ZXVycyUyMGRlJTIwc3RhZ2UlMjBFcmFzbXVzJTIwZW4lMjBFc3BhZ25lLiUzQyUyRnAlM0UlMEElMjAlMjAlMjAlMjAlM0NhJTIwY2xhc3MlM0QlMjJ2Y19nZW5lcmFsJTIwdmNfYnRuMyUyMHZjX2J0bjMtc2l6ZS1tZCUyMHZjX2J0bjMtc2hhcGUtZGVmYXVsdCUyMHZjX2J0bjMtc3R5bGUtY3VzdG9tJTIwd3BiX2N1c3RvbV82Njg3YjI2ZjM5NDg4ZGRiYjg1ZGRiM2MxY2U4ZTExMSUyMGJ0biUyMiUyMHN0eWxlJTNEJTIyYmFja2dyb3VuZC1jb2xvciUzQSUyM2UyMDAwMCUzQiUyMGNvbG9yJTNBJTIzZmZmZmZmJTNCJTIwYmFja2dyb3VuZC1jb2xvciUzQSUyM2UyMDAwMCUzQiUyMGNvbG9yJTNBJTIzZmZmZmZmJTNCJTIyJTIwaHJlZiUzRCUyMmh0dHBzJTNBJTJGJTJGd3d3LmVzcGFtb2IuY29tJTJGZnIlMkZjb250YWN0JTJGJTIyJTIwdGl0bGUlM0QlMjJGUiUyMFNlY3RldXJzJTIyJTIwdGFyZ2V0JTNEJTIyX2JsYW5rJTIyJTNFSmUlMjBkJUMzJUE5Y291dnJlJTIwbGVzJTIwc2VjdGV1cnMlM0MlMkZhJTNFJTBBJTNDJTJGZGl2JTNF[\/vc_raw_html][vc_custom_heading text=\u00a0\u00bbD\u00e9couvrez le retour d&rsquo;exp\u00e9rience Erasmus + de participants :\u00a0\u00bb font_container=\u00a0\u00bbtag:h3|text_align:left\u00a0\u00bb use_theme_fonts=\u00a0\u00bbyes\u00a0\u00bb][vc_separator][vc_column_text]<\/p>\n<blockquote class=\"instagram-media\" data-instgrm-permalink=\"https:\/\/www.instagram.com\/reel\/C6OwCJIsb3L\/?utm_source=ig_embed&amp;utm_campaign=loading\" data-instgrm-version=\"14\" style=\" background:#FFF; border:0; border-radius:3px; box-shadow:0 0 1px 0 rgba(0,0,0,0.5),0 1px 10px 0 rgba(0,0,0,0.15); margin: 1px; max-width:540px; min-width:326px; padding:0; width:99.375%; width:-webkit-calc(100% - 2px); width:calc(100% - 2px);\">\n<div style=\"padding:16px;\">\n<p> <a href=\"https:\/\/www.instagram.com\/reel\/C6OwCJIsb3L\/?utm_source=ig_embed&amp;utm_campaign=loading\" style=\" background:#FFFFFF; line-height:0; padding:0 0; text-align:center; text-decoration:none; width:100%;\" target=\"_blank\" rel=\"noopener\"><\/p>\n<div style=\" display: flex; flex-direction: row; align-items: center;\">\n<div style=\"background-color: #F4F4F4; border-radius: 50%; flex-grow: 0; height: 40px; margin-right: 14px; width: 40px;\"><\/div>\n<div style=\"display: flex; flex-direction: column; flex-grow: 1; justify-content: center;\">\n<div style=\" background-color: #F4F4F4; border-radius: 4px; flex-grow: 0; height: 14px; margin-bottom: 6px; width: 100px;\"><\/div>\n<div style=\" background-color: #F4F4F4; border-radius: 4px; flex-grow: 0; height: 14px; width: 60px;\"><\/div>\n<\/div>\n<\/div>\n<div style=\"padding: 19% 0;\"><\/div>\n<div style=\"display:block; height:50px; margin:0 auto 12px; width:50px;\"><svg width=\"50px\" height=\"50px\" viewBox=\"0 0 60 60\" version=\"1.1\" xmlns=\"https:\/\/www.w3.org\/2000\/svg\" xmlns:xlink=\"https:\/\/www.w3.org\/1999\/xlink\"><g stroke=\"none\" stroke-width=\"1\" fill=\"none\" fill-rule=\"evenodd\"><g transform=\"translate(-511.000000, -20.000000)\" fill=\"#000000\"><g><path d=\"M556.869,30.41 C554.814,30.41 553.148,32.076 553.148,34.131 C553.148,36.186 554.814,37.852 556.869,37.852 C558.924,37.852 560.59,36.186 560.59,34.131 C560.59,32.076 558.924,30.41 556.869,30.41 M541,60.657 C535.114,60.657 530.342,55.887 530.342,50 C530.342,44.114 535.114,39.342 541,39.342 C546.887,39.342 551.658,44.114 551.658,50 C551.658,55.887 546.887,60.657 541,60.657 M541,33.886 C532.1,33.886 524.886,41.1 524.886,50 C524.886,58.899 532.1,66.113 541,66.113 C549.9,66.113 557.115,58.899 557.115,50 C557.115,41.1 549.9,33.886 541,33.886 M565.378,62.101 C565.244,65.022 564.756,66.606 564.346,67.663 C563.803,69.06 563.154,70.057 562.106,71.106 C561.058,72.155 560.06,72.803 558.662,73.347 C557.607,73.757 556.021,74.244 553.102,74.378 C549.944,74.521 548.997,74.552 541,74.552 C533.003,74.552 532.056,74.521 528.898,74.378 C525.979,74.244 524.393,73.757 523.338,73.347 C521.94,72.803 520.942,72.155 519.894,71.106 C518.846,70.057 518.197,69.06 517.654,67.663 C517.244,66.606 516.755,65.022 516.623,62.101 C516.479,58.943 516.448,57.996 516.448,50 C516.448,42.003 516.479,41.056 516.623,37.899 C516.755,34.978 517.244,33.391 517.654,32.338 C518.197,30.938 518.846,29.942 519.894,28.894 C520.942,27.846 521.94,27.196 523.338,26.654 C524.393,26.244 525.979,25.756 528.898,25.623 C532.057,25.479 533.004,25.448 541,25.448 C548.997,25.448 549.943,25.479 553.102,25.623 C556.021,25.756 557.607,26.244 558.662,26.654 C560.06,27.196 561.058,27.846 562.106,28.894 C563.154,29.942 563.803,30.938 564.346,32.338 C564.756,33.391 565.244,34.978 565.378,37.899 C565.522,41.056 565.552,42.003 565.552,50 C565.552,57.996 565.522,58.943 565.378,62.101 M570.82,37.631 C570.674,34.438 570.167,32.258 569.425,30.349 C568.659,28.377 567.633,26.702 565.965,25.035 C564.297,23.368 562.623,22.342 560.652,21.575 C558.743,20.834 556.562,20.326 553.369,20.18 C550.169,20.033 549.148,20 541,20 C532.853,20 531.831,20.033 528.631,20.18 C525.438,20.326 523.257,20.834 521.349,21.575 C519.376,22.342 517.703,23.368 516.035,25.035 C514.368,26.702 513.342,28.377 512.574,30.349 C511.834,32.258 511.326,34.438 511.181,37.631 C511.035,40.831 511,41.851 511,50 C511,58.147 511.035,59.17 511.181,62.369 C511.326,65.562 511.834,67.743 512.574,69.651 C513.342,71.625 514.368,73.296 516.035,74.965 C517.703,76.634 519.376,77.658 521.349,78.425 C523.257,79.167 525.438,79.673 528.631,79.82 C531.831,79.965 532.853,80.001 541,80.001 C549.148,80.001 550.169,79.965 553.369,79.82 C556.562,79.673 558.743,79.167 560.652,78.425 C562.623,77.658 564.297,76.634 565.965,74.965 C567.633,73.296 568.659,71.625 569.425,69.651 C570.167,67.743 570.674,65.562 570.82,62.369 C570.966,59.17 571,58.147 571,50 C571,41.851 570.966,40.831 570.82,37.631\"><\/path><\/g><\/g><\/g><\/svg><\/div>\n<div style=\"padding-top: 8px;\">\n<div style=\" color:#3897f0; font-family:Arial,sans-serif; font-size:14px; font-style:normal; font-weight:550; line-height:18px;\">Ver esta publicaci\u00f3n en Instagram<\/div>\n<\/div>\n<div style=\"padding: 12.5% 0;\"><\/div>\n<div style=\"display: flex; flex-direction: row; margin-bottom: 14px; align-items: center;\">\n<div>\n<div style=\"background-color: #F4F4F4; border-radius: 50%; height: 12.5px; width: 12.5px; transform: translateX(0px) translateY(7px);\"><\/div>\n<div style=\"background-color: #F4F4F4; height: 12.5px; transform: rotate(-45deg) translateX(3px) translateY(1px); width: 12.5px; flex-grow: 0; margin-right: 14px; margin-left: 2px;\"><\/div>\n<div style=\"background-color: #F4F4F4; border-radius: 50%; height: 12.5px; width: 12.5px; transform: translateX(9px) translateY(-18px);\"><\/div>\n<\/div>\n<div style=\"margin-left: 8px;\">\n<div style=\" background-color: #F4F4F4; border-radius: 50%; flex-grow: 0; height: 20px; width: 20px;\"><\/div>\n<div style=\" width: 0; height: 0; border-top: 2px solid transparent; border-left: 6px solid #f4f4f4; border-bottom: 2px solid transparent; transform: translateX(16px) translateY(-4px) rotate(30deg)\"><\/div>\n<\/div>\n<div style=\"margin-left: auto;\">\n<div style=\" width: 0px; border-top: 8px solid #F4F4F4; border-right: 8px solid transparent; transform: translateY(16px);\"><\/div>\n<div style=\" background-color: #F4F4F4; flex-grow: 0; height: 12px; width: 16px; transform: translateY(-4px);\"><\/div>\n<div style=\" width: 0; height: 0; border-top: 8px solid #F4F4F4; border-left: 8px solid transparent; transform: translateY(-4px) translateX(8px);\"><\/div>\n<\/div>\n<\/div>\n<div style=\"display: flex; flex-direction: column; flex-grow: 1; justify-content: center; margin-bottom: 24px;\">\n<div style=\" background-color: #F4F4F4; border-radius: 4px; flex-grow: 0; height: 14px; margin-bottom: 6px; width: 224px;\"><\/div>\n<div style=\" background-color: #F4F4F4; border-radius: 4px; flex-grow: 0; height: 14px; width: 144px;\"><\/div>\n<\/div>\n<p><\/a><\/p>\n<p style=\" color:#c9c8cd; font-family:Arial,sans-serif; font-size:14px; line-height:17px; margin-bottom:0; margin-top:8px; overflow:hidden; padding:8px 0 7px; text-align:center; text-overflow:ellipsis; white-space:nowrap;\"><a href=\"https:\/\/www.instagram.com\/reel\/C6OwCJIsb3L\/?utm_source=ig_embed&amp;utm_campaign=loading\" style=\" color:#c9c8cd; font-family:Arial,sans-serif; font-size:14px; font-style:normal; font-weight:normal; line-height:17px; text-decoration:none;\" target=\"_blank\" rel=\"noopener\">Una publicaci\u00f3n compartida de ESPAMOB&#39; &#8211; ERASMUS+ (@espamobspain)<\/a><\/p>\n<\/div>\n<\/blockquote>\n<p><script async src=\"\/\/www.instagram.com\/embed.js\"><\/script>[\/vc_column_text][\/vc_column_inner][\/vc_row_inner][\/vc_column][\/vc_row][vc_row full_width=\u00a0\u00bbstretch_row\u00a0\u00bb wrap_container=\u00a0\u00bbyes\u00a0\u00bb is_section=\u00a0\u00bbyes\u00a0\u00bb css=\u00a0\u00bb.vc_custom_1688548809334{margin-top: 20px !important;border-top-width: 0px !important;background-color: #f8f392 !important;}\u00a0\u00bb conditional_render=\u00a0\u00bb%5B%7B%22value_role%22%3A%22administrator%22%7D%5D\u00a0\u00bb][vc_column][vc_row_inner css=\u00a0\u00bb.vc_custom_1688548648248{background-color: #f8f392 !important;}\u00a0\u00bb][vc_column_inner][vc_custom_heading text=\u00a0\u00bbFaire une demande de devis gratuit\u00a0\u00bb font_container=\u00a0\u00bbtag:h2|text_align:center\u00a0\u00bb use_theme_fonts=\u00a0\u00bbyes\u00a0\u00bb][vc_column_text]<\/p>\n<p style=\"text-align: justify;\">Vous avez une id\u00e9e de  projet Erasmus +  en Espagne et vous cherchez un partenaire de confiance pour vous accompagner ? <strong>Espamob\u2019<\/strong> est l\u00e0 pour vous aider ! Nous vous proposons un devis gratuit et sans engagement pour vous aider \u00e0 g\u00e9rer votre projet de mobilit\u00e9. Gr\u00e2ce \u00e0 notre expertise  et \u00e0 notre r\u00e9seau d\u2019entreprises partenaires, nous sommes en mesure de vous offrir un accompagnement personnalis\u00e9 pour r\u00e9pondre \u00e0 vos besoins sp\u00e9cifiques. Contactez-nous d\u00e8s maintenant pour discuter de votre projet et obtenir votre devis gratuit.<\/p>\n<p>[\/vc_column_text]<div id=\"modal-trg-txt-wrap-5999\" class=\"ult-modal-input-wrapper ult-adjust-bottom-margin    \" data-keypress-control=\"keypress-control-enable\" data-overlay-control=\"overlay-control-enable\"><style>\n\t\t\t\t\t.btn-modal.btn-id-6a01e1464ac582-14909043:hover {\n\t\t\t\t\t\tbackground-color: #e20000 !important;\n\t\t\t\t\t}\n\t\t\t\t\t<\/style><button  data-ultimate-target='#modal-trg-txt-wrap-5999 .btn-modal'  data-responsive-json-new='{\"font-size\":\"\",\"line-height\":\"\"}'  style=\"background:#888888;border-color:#888888;color:#ffffff; \" data-class-id=\"content-6a01e1464ac582-14909043\" class=\"btn-modal ult-responsive btn-primary btn-modal-md overlay-show ult-align-center btn-id-6a01e1464ac582-14909043\" data-overlay-class=\"overlay-cornerbottomleft\">DEMANDE DEVIS GRATUIT<\/button><\/div>\n<div class=\"ult-overlay content-6a01e1464ac582-14909043 \" data-class=\"content-6a01e1464ac582-14909043\" id=\"button-click-overlay\" style=\"background:rgba(51,51,51,0.8); display:none;\">\n\t<div class=\"ult_modal ult-fade ult-medium\">\n\t\t<div id=\"ult-modal-wrap-8157\" class=\"ult_modal-content ult-hide\" style=\"border-style:solid;border-width:2px;border-radius:0px;border-color:#333333;\">\n\t\t\t<div class=\"ult_modal-header\" style=\"color:#333333;border-color:#333333;\">\n\t\t\t\t<h3  data-ultimate-target='#ult-modal-wrap-8157 .ult_modal-title'  data-responsive-json-new='{\"font-size\":\"\",\"line-height\":\"\"}'  class=\"ult_modal-title ult-responsive\">Demande devis gratuit<\/h3>\n\t\t\t<\/div>\n\t\t\t<div  data-ultimate-target='#ult-modal-wrap-8157 .ult_modal-body'  data-responsive-json-new='{\"font-size\":\"\",\"line-height\":\"\"}'  class=\"ult_modal-body ult-responsive ult-html\" style=\"\">\n\t\t\t<\/p>\n<p>[caldera_form id=\u00a0\u00bbCF614462cc44616&Prime;]<\/p>\n<p>\n\t\t\t<\/div>\n\t<\/div>\n\t<\/div>\n\t<div class=\"ult-overlay-close top-right\" style=\"width:80px;height:80px; \"><div class=\"ult-overlay-close-inside\">Close<\/div><\/div>\n<\/div>[\/vc_column_inner][\/vc_row_inner][\/vc_column][\/vc_row][vc_row wrap_container=\u00a0\u00bbyes\u00a0\u00bb css=\u00a0\u00bb.vc_custom_1689256499740{margin-top: 15px !important;}\u00a0\u00bb conditional_render=\u00a0\u00bb%5B%7B%22value_role%22%3A%22administrator%22%7D%5D\u00a0\u00bb][vc_column][vc_custom_heading text=\u00a0\u00bbQuestions fr\u00e9quentes\u00a0\u00bb font_container=\u00a0\u00bbtag:h2|text_align:center|color:%23000000&Prime; use_theme_fonts=\u00a0\u00bbyes\u00a0\u00bb][vc_separator][vc_row_inner][vc_column_inner width=\u00a0\u00bb7\/12&Prime;][vc_column_text]<\/p>\n<h3>Quels sont les services propos\u00e9s par Espamob pour les stages Erasmus en Espagne ?<\/h3>\n<p>Espamob propose un accompagnement complet pour les groupes souhaitant r\u00e9aliser un stage Erasmus en Espagne. L&rsquo;agence g\u00e8re la cr\u00e9ation du projet, la recherche de financement, l&rsquo;accueil dans les universit\u00e9s et les entreprises partenaires, la recherche de logements sur place et assure le transport depuis l&rsquo;a\u00e9roport.<\/p>\n<h3>Est-ce que Espamob propose des stages Erasmus dans le domaine de la manucure ?<\/h3>\n<p>Oui, Espamob propose des stages Erasmus dans diff\u00e9rents domaines, y compris la manucure. L&rsquo;agence peut vous aider \u00e0 trouver des entreprises partenaires en Espagne sp\u00e9cialis\u00e9es dans ce domaine et vous accompagner tout au long de votre stage.<\/p>\n<h3>Comment financer un stage Erasmus avec Espamob ?<\/h3>\n<p>Espamob vous propose un accompagnement dans la recherche de financement pour votre stage Erasmus. L&rsquo;agence peut vous aider \u00e0 identifier les diff\u00e9rents dispositifs de financement disponibles, tels que les bourses Erasmus+ ou d&rsquo;autres sources de financement externes. Elle vous guidera \u00e9galement dans la r\u00e9daction des dossiers de demande de financement.<\/p>\n<p>[\/vc_column_text][\/vc_column_inner][vc_column_inner width=\u00a0\u00bb1\/12&Prime;][\/vc_column_inner][vc_column_inner width=\u00a0\u00bb4\/12&Prime;][vc_single_image image=\u00a0\u00bb15074&Prime; img_size=\u00a0\u00bbfull\u00a0\u00bb][vc_column_text]<strong>Renseignez-vous sur les diff\u00e9rentes destinations Erasmus + en Espagne :<\/strong><\/p>\n<ul>\n<li><a href=\"https:\/\/espamob.com\/fr\/secteur-stage-entreprise-erasmusplus\/beaute\/stage-erasmus-esthetique\">Stage Erasmus Esth\u00e9tique<\/a><\/li>\n<li><a href=\"https:\/\/espamob.com\/fr\/secteur-stage-entreprise-erasmusplus\/beaute\/stage-erasmus-coiffure\">Stage Erasmus Coiffure<\/a><\/li>\n<li><a href=\"https:\/\/espamob.com\/fr\/secteur-stage-entreprise-erasmusplus\/beaute\/stage-erasmus-cosmetique\">Stage Erasmus Cosm\u00e9tique<\/a><\/li>\n<li><a href=\"https:\/\/espamob.com\/fr\/secteur-stage-entreprise-erasmusplus\/beaute\/stage-erasmus-parfumerie\">Stage Erasmus Parfumerie<\/a><\/li>\n<\/ul>\n<p>[\/vc_column_text][\/vc_column_inner][\/vc_row_inner][\/vc_column][\/vc_row]<\/p>\n<\/div>","protected":false},"excerpt":{"rendered":"<p>[vc_row css=\u00a0\u00bb.vc_custom_1708366679073{margin-top: -20px !important;margin-bottom: 40px !important;background-image: url(https:\/\/espamob.com\/wp-content\/uploads\/2024\/02\/Manicura-Pedicura.webp?id=23568) !important;}\u00a0\u00bb conditional_render=\u00a0\u00bb%5B%7B%22value_role%22%3A%22administrator%22%7D%5D\u00a0\u00bb][vc_column css=\u00a0\u00bb.vc_custom_1687965657482{padding-top: 30px !important;}\u00a0\u00bb conditional_render=\u00a0\u00bb%5B%7B%22value_role%22%3A%22administrator%22%7D%5D\u00a0\u00bb][vc_empty_space height=\u00a0\u00bb170&Prime;][vc_custom_heading text=\u00a0\u00bbStage Erasmus : Manucure\u00a0\u00bb font_container=\u00a0\u00bbtag:h1|font_size:27|text_align:center|color:%23ffffff\u00a0\u00bb use_theme_fonts=\u00a0\u00bbyes\u00a0\u00bb css=\u00a0\u00bb.vc_custom_1708366336818{margin-bottom: 15px !important;background-color: rgba(136,136,136,0.29) !important;*background-color: rgb(136,136,136) !important;}\u00a0\u00bb animation_type=\u00a0\u00bbzoomIn\u00a0\u00bb][vc_empty_space height=\u00a0\u00bb40&Prime;][\/vc_column][\/vc_row][vc_row wrap_container=\u00a0\u00bbyes\u00a0\u00bb text_align=\u00a0\u00bbjustify\u00a0\u00bb][vc_column text_align=\u00a0\u00bbjustify\u00a0\u00bb][vc_column_text] Home Secteurs de stages Beaut\u00e9 Stage Erasmus : Manucure [\/vc_column_text][vc_custom_heading text=\u00a0\u00bbStage Erasmus Onglerie: Amplifiez vos comp\u00e9tences \u00e0 l&rsquo;international\u00a0\u00bb use_theme_fonts=\u00a0\u00bbyes\u00a0\u00bb css=\u00a0\u00bb.vc_custom_1715678232472{margin-top: 20px !important;}\u00a0\u00bb][vc_separator][vc_row_inner][vc_column_inner width=\u00a0\u00bb7\/12&Prime;][vc_column_text]Dans<\/p>\n","protected":false},"author":2,"featured_media":0,"parent":11893,"menu_order":0,"comment_status":"closed","ping_status":"closed","template":"","meta":{"footnotes":""},"class_list":["post-18494","page","type-page","status-publish","hentry"],"_links":{"self":[{"href":"https:\/\/espamob.com\/fr\/wp-json\/wp\/v2\/pages\/18494","targetHints":{"allow":["GET"]}}],"collection":[{"href":"https:\/\/espamob.com\/fr\/wp-json\/wp\/v2\/pages"}],"about":[{"href":"https:\/\/espamob.com\/fr\/wp-json\/wp\/v2\/types\/page"}],"author":[{"embeddable":true,"href":"https:\/\/espamob.com\/fr\/wp-json\/wp\/v2\/users\/2"}],"replies":[{"embeddable":true,"href":"https:\/\/espamob.com\/fr\/wp-json\/wp\/v2\/comments?post=18494"}],"version-history":[{"count":0,"href":"https:\/\/espamob.com\/fr\/wp-json\/wp\/v2\/pages\/18494\/revisions"}],"up":[{"embeddable":true,"href":"https:\/\/espamob.com\/fr\/wp-json\/wp\/v2\/pages\/11893"}],"wp:attachment":[{"href":"https:\/\/espamob.com\/fr\/wp-json\/wp\/v2\/media?parent=18494"}],"curies":[{"name":"wp","href":"https:\/\/api.w.org\/{rel}","templated":true}]}}