{"id":18397,"date":"2023-08-28T00:00:00","date_gmt":"2023-08-28T00:00:00","guid":{"rendered":"https:\/\/www.espamob.com\/?page_id=18397"},"modified":"2024-02-22T20:37:45","modified_gmt":"2024-02-22T20:37:45","slug":"stage-erasmus-infirmerie","status":"publish","type":"page","link":"https:\/\/espamob.com\/fr\/secteur-stage-entreprise-erasmusplus\/sante\/stage-erasmus-infirmerie\/","title":{"rendered":"Stage Erasmus : Infirmerie"},"content":{"rendered":"<div class=\"wpb-content-wrapper\"><p>[vc_row css=\u00a0\u00bb.vc_custom_1708634158657{margin-top: -20px !important;margin-bottom: 40px !important;background-image: url(https:\/\/espamob.com\/wp-content\/uploads\/2024\/02\/Enfermeria.webp?id=23757) !important;}\u00a0\u00bb conditional_render=\u00a0\u00bb%5B%7B%22value_role%22%3A%22administrator%22%7D%5D\u00a0\u00bb][vc_column css=\u00a0\u00bb.vc_custom_1687965657482{padding-top: 30px !important;}\u00a0\u00bb conditional_render=\u00a0\u00bb%5B%7B%22value_role%22%3A%22administrator%22%7D%5D\u00a0\u00bb][vc_empty_space height=\u00a0\u00bb170&Prime;][vc_custom_heading text=\u00a0\u00bbStage Erasmus : Infirmerie\u00a0\u00bb font_container=\u00a0\u00bbtag:h1|font_size:27|text_align:center|color:%23ffffff\u00a0\u00bb use_theme_fonts=\u00a0\u00bbyes\u00a0\u00bb css=\u00a0\u00bb.vc_custom_1708634089931{margin-bottom: 15px !important;background-color: rgba(136,136,136,0.29) !important;*background-color: rgb(136,136,136) !important;}\u00a0\u00bb animation_type=\u00a0\u00bbzoomIn\u00a0\u00bb][vc_empty_space height=\u00a0\u00bb40&Prime;][\/vc_column][\/vc_row][vc_row wrap_container=\u00a0\u00bbyes\u00a0\u00bb text_align=\u00a0\u00bbjustify\u00a0\u00bb][vc_column text_align=\u00a0\u00bbjustify\u00a0\u00bb][vc_column_text]<\/p>\n<nav aria-label=\"breadcrumb\">\n<ol class=\"breadcrumb\">\n<li class=\"breadcrumb-item\"><a href=\"https:\/\/espamob.com\/\">Home<\/a><\/li>\n<li class=\"breadcrumb-item\"><a href=\"https:\/\/espamob.com\/fr\/secteur-stage-entreprise-erasmusplus\/\">Secteurs de stages<\/a><\/li>\n<li class=\"breadcrumb-item\"><a href=\"https:\/\/espamob.com\/fr\/secteur-stage-entreprise-erasmusplus\/sante\/\">Sant\u00e9<\/a><\/li>\n<li class=\"breadcrumb-item active\" aria-current=\"page\">Stage Erasmus : Infirmerie<\/li>\n<\/ol>\n<\/nav>\n<p>[\/vc_column_text][vc_custom_heading text=\u00a0\u00bbLe stage Erasmus en infirmerie : une exp\u00e9rience enrichissante pour les \u00e9tudiants en soins infirmiers\u00a0\u00bb use_theme_fonts=\u00a0\u00bbyes\u00a0\u00bb css=\u00a0\u00bb.vc_custom_1687363443929{margin-top: 20px !important;}\u00a0\u00bb][vc_separator][vc_row_inner][vc_column_inner width=\u00a0\u00bb7\/12&Prime;][vc_column_text]<\/p>\n<p>Dans un monde de plus en plus globalis\u00e9 et interconnect\u00e9, il est essentiel pour les futurs professionnels de la sant\u00e9 de d\u00e9velopper leurs comp\u00e9tences linguistiques et culturelles. C&rsquo;est dans cette optique que le <strong>stage Erasmus en infirmerie<\/strong> offre aux \u00e9tudiants en soins infirmiers l&rsquo;opportunit\u00e9 de vivre une exp\u00e9rience de formation unique \u00e0 l&rsquo;\u00e9tranger.<\/p>\n<h2>Qu&rsquo;est-ce que le programme Erasmus ?<\/h2>\n<p>Le programme Erasmus (European Region Action Scheme for the Mobility of University Students) est une initiative europ\u00e9enne qui vise \u00e0 promouvoir la mobilit\u00e9 des \u00e9tudiants et des enseignants entre les \u00e9tablissements d&rsquo;enseignement sup\u00e9rieur au sein de l&rsquo;Union europ\u00e9enne. Cr\u00e9\u00e9 en 1987, ce programme a permis \u00e0 des millions d&rsquo;\u00e9tudiants de partir \u00e9tudier ou effectuer un stage \u00e0 l&rsquo;\u00e9tranger, favorisant ainsi leur d\u00e9veloppement personnel et professionnel.<\/p>\n<h2>Les avantages du stage Erasmus en infirmerie<\/h2>\n<p>Le stage Erasmus en infirmerie pr\u00e9sente de nombreux avantages pour les \u00e9tudiants en soins infirmiers :<\/p>\n<ul>\n<li><strong>Am\u00e9lioration des comp\u00e9tences linguistiques :<\/strong> suivre un stage \u00e0 l&rsquo;\u00e9tranger permet aux \u00e9tudiants d&rsquo;am\u00e9liorer leurs connaissances des langues \u00e9trang\u00e8res, ce qui est particuli\u00e8rement utile dans un contexte professionnel o\u00f9 la communication avec les patients et les coll\u00e8gues est primordiale.<\/li>\n<li><strong>D\u00e9couverte de nouvelles pratiques professionnelles :<\/strong> chaque pays poss\u00e8de ses propres m\u00e9thodes et protocoles en mati\u00e8re de soins infirmiers. Effectuer un stage \u00e0 l&rsquo;\u00e9tranger permet d&rsquo;apprendre de nouvelles techniques et d&rsquo;\u00e9largir son champ de comp\u00e9tences.<\/li>\n<li><strong>D\u00e9veloppement de la capacit\u00e9 d&rsquo;adaptation :<\/strong> s&rsquo;adapter \u00e0 un nouvel environnement, une nouvelle culture et une nouvelle langue est un v\u00e9ritable d\u00e9fi. R\u00e9ussir \u00e0 surmonter ces obstacles renforce la confiance en soi et la capacit\u00e9 d&rsquo;adaptation des \u00e9tudiants, des qualit\u00e9s indispensables pour leur futur m\u00e9tier.<\/li>\n<li><strong>Renforcement du r\u00e9seau professionnel :<\/strong> effectuer un stage dans un autre pays permet d&rsquo;\u00e9tablir des contacts avec des professionnels de la sant\u00e9 locaux, ce qui peut \u00eatre utile pour la carri\u00e8re future de l&rsquo;\u00e9tudiant.<\/li>\n<\/ul>\n<h2>Comment trouver un stage Erasmus en infirmerie ?<\/h2>\n<p>Pour participer \u00e0 un stage Erasmus en infirmerie, il est n\u00e9cessaire de suivre quelques \u00e9tapes cl\u00e9s :<\/p>\n<ol>\n<li><strong>Se renseigner aupr\u00e8s de l&rsquo;Institut de Formation en Soins Infirmiers (IFSI) :<\/strong> les IFSI sont g\u00e9n\u00e9ralement partenaires de plusieurs universit\u00e9s \u00e9trang\u00e8res, ils peuvent donc aider les \u00e9tudiants \u00e0 trouver un stage correspondant \u00e0 leurs attentes.<\/li>\n<li><strong>Pr\u00e9parer son dossier de candidature :<\/strong> pour postuler \u00e0 un stage Erasmus, il est n\u00e9cessaire de fournir un dossier de candidature contenant les documents suivants : CV, lettre de motivation, relev\u00e9s de notes, certificat de langue (si n\u00e9cessaire) et formulaire de demande de bourse Erasmus.<\/li>\n<li><strong>Rechercher un stage dans une structure de sant\u00e9 \u00e0 l&rsquo;\u00e9tranger :<\/strong> il existe plusieurs sites internet sp\u00e9cialis\u00e9s dans la recherche de stages \u00e0 l&rsquo;\u00e9tranger, tels que ErasmusIntern ou AIESEC. Les \u00e9tudiants peuvent \u00e9galement se rapprocher des ambassades et consulats des pays qui les int\u00e9ressent.<\/li>\n<li><strong>Soumettre son dossier de candidature :<\/strong> une fois le stage trouv\u00e9, il convient d&rsquo;envoyer son dossier de candidature \u00e0 l&rsquo;\u00e9tablissement d&rsquo;accueil afin d&rsquo;obtenir une r\u00e9ponse positive&#8230; ou n\u00e9gative. Il est conseill\u00e9 de postuler \u00e0 plusieurs stages pour maximiser ses chances.<\/li>\n<\/ol>\n<p>[\/vc_column_text][\/vc_column_inner][vc_column_inner width=\u00a0\u00bb1\/12&Prime;][\/vc_column_inner][vc_column_inner width=\u00a0\u00bb4\/12&Prime;][vc_single_image image=\u00a0\u00bb18213&Prime; img_size=\u00a0\u00bb400*400&Prime; alignment=\u00a0\u00bbright\u00a0\u00bb style=\u00a0\u00bbvc_box_rounded\u00a0\u00bb][vc_btn title=\u00a0\u00bbJe veux en savoir plus\u00a0\u00bb style=\u00a0\u00bbcustom\u00a0\u00bb custom_background=\u00a0\u00bb#e20000&Prime; custom_text=\u00a0\u00bb#ffffff\u00a0\u00bb align=\u00a0\u00bbcenter\u00a0\u00bb link=\u00a0\u00bburl:https%3A%2F%2Fespamob.com%2Ffr%2Fcontact%2F|title:FR%20Secteurs|target:_blank\u00a0\u00bb][\/vc_column_inner][\/vc_row_inner][vc_custom_heading text=\u00a0\u00bbLes conditions et la dur\u00e9e du stage Erasmus en infirmerie\u00a0\u00bb font_container=\u00a0\u00bbtag:h3|text_align:left\u00a0\u00bb use_theme_fonts=\u00a0\u00bbyes\u00a0\u00bb css=\u00a0\u00bb.vc_custom_1689259044425{margin-top: 20px !important;}\u00a0\u00bb][vc_separator][vc_row_inner][vc_column_inner width=\u00a0\u00bb7\/12&Prime;][vc_column_text]<\/p>\n<p>Le stage Erasmus en infirmerie doit r\u00e9pondre \u00e0 certaines conditions :<\/p>\n<ul>\n<li>La dur\u00e9e minimale du stage est de 2 mois et la dur\u00e9e maximale est de 12 mois.<\/li>\n<li>Le stage doit \u00eatre effectu\u00e9 dans un \u00e9tablissement de sant\u00e9 situ\u00e9 dans un pays membre de l&rsquo;Union europ\u00e9enne ou dans un pays partenaire du programme Erasmus.<\/li>\n<li>Le stage doit \u00eatre reconnu par l&rsquo;IFSI d&rsquo;origine et donner lieu \u00e0 l&rsquo;obtention de cr\u00e9dits ECTS (European Credit Transfer System).<\/li>\n<li>Les \u00e9tudiants doivent b\u00e9n\u00e9ficier d&rsquo;une bourse Erasmus pour financer leur s\u00e9jour \u00e0 l&rsquo;\u00e9tranger. Le montant de cette bourse varie en fonction du pays d&rsquo;accueil et de la dur\u00e9e du stage.<\/li>\n<\/ul>\n<h3>La reconnaissance des stages Erasmus en infirmerie par les IFSI<\/h3>\n<p>Pour que le stage Erasmus en infirmerie soit reconnu par l&rsquo;IFSI, il est n\u00e9cessaire de suivre un certain nombre de proc\u00e9dures :<\/p>\n<ol>\n<li>R\u00e9diger un contrat d&rsquo;\u00e9tudes (Learning Agreement) d\u00e9taillant le programme du stage, les objectifs \u00e0 atteindre et les comp\u00e9tences \u00e0 d\u00e9velopper.<\/li>\n<li>Faire valider ce contrat par l&rsquo;IFSI d&rsquo;origine et par l&rsquo;\u00e9tablissement d&rsquo;accueil.<\/li>\n<li>A la fin du stage, obtenir une attestation de stage et un rapport d&rsquo;\u00e9valuation de la part de l&rsquo;\u00e9tablissement d&rsquo;accueil.<\/li>\n<li>Pr\u00e9senter ces documents \u00e0 l&rsquo;IFSI d&rsquo;origine afin de valider le stage et obtenir les cr\u00e9dits ECTS correspondants.<\/li>\n<\/ol>\n<p>En somme, le stage Erasmus en infirmerie repr\u00e9sente une opportunit\u00e9 unique pour les \u00e9tudiants en soins infirmiers de se former \u00e0 l&rsquo;international, d&rsquo;am\u00e9liorer leurs comp\u00e9tences linguistiques et professionnelles et de vivre une exp\u00e9rience humaine enrichissante.<\/p>\n<p>[\/vc_column_text][\/vc_column_inner][vc_column_inner width=\u00a0\u00bb1\/12&Prime;][\/vc_column_inner][vc_column_inner width=\u00a0\u00bb4\/12&Prime;][vc_raw_html]JTNDZGl2JTIwc3R5bGUlM0QlMjJwYWRkaW5nJTNBJTIwMzBweCUzQmJhY2tncm91bmQtY29sb3IlM0ElMjAlMjNGNEY0RjQlM0IlMjIlM0UlMEElMjAlMjAlMjAlMjAlM0NoNCUzRUQlQzMlQTljb3V2cmV6JTIwdG91cyUyMGxlcyUyMHNlY3RldXJzJTIwZGUlMjBzdGFnZXMlM0MlMkZoNCUzRSUwQSUyMCUyMCUyMCUyMCUzQ3AlM0VFc3BhbW9iJTIwZXN0JTIwc3AlQzMlQTljaWFsaXN0ZSUyMGRhbnMlMjBsJUUyJTgwJTk5YWNjb21wYWduZW1lbnQlMjBkZSUyMGdyb3VwZSUyMGRhbnMlMjBsZXVyJTIwbW9iaWxpdCVDMyVBOSUyMEVyYXNtdXMlMjAlMkIuJTIwRCVDMyVBOWNvdXZyZXolMjBlbiUyMHF1ZWxxdWVzJTIwY2xpcyUyMHRvdXMlMjBsZXMlMjBzZWN0ZXVycyUyMGRlJTIwc3RhZ2UlMjBFcmFzbXVzJTIwZW4lMjBFc3BhZ25lLiUzQyUyRnAlM0UlMEElMjAlMjAlMjAlMjAlM0NhJTIwY2xhc3MlM0QlMjJ2Y19nZW5lcmFsJTIwdmNfYnRuMyUyMHZjX2J0bjMtc2l6ZS1tZCUyMHZjX2J0bjMtc2hhcGUtZGVmYXVsdCUyMHZjX2J0bjMtc3R5bGUtY3VzdG9tJTIwd3BiX2N1c3RvbV82Njg3YjI2ZjM5NDg4ZGRiYjg1ZGRiM2MxY2U4ZTExMSUyMGJ0biUyMiUyMHN0eWxlJTNEJTIyYmFja2dyb3VuZC1jb2xvciUzQSUyM2UyMDAwMCUzQiUyMGNvbG9yJTNBJTIzZmZmZmZmJTNCJTIwYmFja2dyb3VuZC1jb2xvciUzQSUyM2UyMDAwMCUzQiUyMGNvbG9yJTNBJTIzZmZmZmZmJTNCJTIyJTIwaHJlZiUzRCUyMmh0dHBzJTNBJTJGJTJGd3d3LmVzcGFtb2IuY29tJTJGZnIlMkZjb250YWN0JTJGJTIyJTIwdGl0bGUlM0QlMjJGUiUyMFNlY3RldXJzJTIyJTIwdGFyZ2V0JTNEJTIyX2JsYW5rJTIyJTNFSmUlMjBkJUMzJUE5Y291dnJlJTIwbGVzJTIwc2VjdGV1cnMlM0MlMkZhJTNFJTBBJTNDJTJGZGl2JTNF[\/vc_raw_html][\/vc_column_inner][\/vc_row_inner][\/vc_column][\/vc_row][vc_row full_width=\u00a0\u00bbstretch_row\u00a0\u00bb wrap_container=\u00a0\u00bbyes\u00a0\u00bb is_section=\u00a0\u00bbyes\u00a0\u00bb css=\u00a0\u00bb.vc_custom_1688548809334{margin-top: 20px !important;border-top-width: 0px !important;background-color: #f8f392 !important;}\u00a0\u00bb conditional_render=\u00a0\u00bb%5B%7B%22value_role%22%3A%22administrator%22%7D%5D\u00a0\u00bb][vc_column][vc_row_inner css=\u00a0\u00bb.vc_custom_1688548648248{background-color: #f8f392 !important;}\u00a0\u00bb][vc_column_inner][vc_custom_heading text=\u00a0\u00bbFaire une demande de devis gratuit\u00a0\u00bb font_container=\u00a0\u00bbtag:h2|text_align:center\u00a0\u00bb use_theme_fonts=\u00a0\u00bbyes\u00a0\u00bb][vc_column_text]<\/p>\n<p style=\"text-align: justify;\">Vous avez une id\u00e9e de  projet Erasmus +  en Espagne et vous cherchez un partenaire de confiance pour vous accompagner ? <strong>Espamob\u2019<\/strong> est l\u00e0 pour vous aider ! Nous vous proposons un devis gratuit et sans engagement pour vous aider \u00e0 g\u00e9rer votre projet de mobilit\u00e9. Gr\u00e2ce \u00e0 notre expertise  et \u00e0 notre r\u00e9seau d\u2019entreprises partenaires, nous sommes en mesure de vous offrir un accompagnement personnalis\u00e9 pour r\u00e9pondre \u00e0 vos besoins sp\u00e9cifiques. Contactez-nous d\u00e8s maintenant pour discuter de votre projet et obtenir votre devis gratuit.<\/p>\n<p>[\/vc_column_text]<div id=\"modal-trg-txt-wrap-2577\" class=\"ult-modal-input-wrapper ult-adjust-bottom-margin    \" data-keypress-control=\"keypress-control-enable\" data-overlay-control=\"overlay-control-enable\"><style>\n\t\t\t\t\t.btn-modal.btn-id-69e77b5d5ebfb6-21300516:hover {\n\t\t\t\t\t\tbackground-color: #e20000 !important;\n\t\t\t\t\t}\n\t\t\t\t\t<\/style><button  data-ultimate-target='#modal-trg-txt-wrap-2577 .btn-modal'  data-responsive-json-new='{\"font-size\":\"\",\"line-height\":\"\"}'  style=\"background:#888888;border-color:#888888;color:#ffffff; \" data-class-id=\"content-69e77b5d5ebfb6-21300516\" class=\"btn-modal ult-responsive btn-primary btn-modal-md overlay-show ult-align-center btn-id-69e77b5d5ebfb6-21300516\" data-overlay-class=\"overlay-cornerbottomleft\">DEMANDE DEVIS GRATUIT<\/button><\/div>\n<div class=\"ult-overlay content-69e77b5d5ebfb6-21300516 \" data-class=\"content-69e77b5d5ebfb6-21300516\" id=\"button-click-overlay\" style=\"background:rgba(51,51,51,0.8); display:none;\">\n\t<div class=\"ult_modal ult-fade ult-medium\">\n\t\t<div id=\"ult-modal-wrap-2352\" class=\"ult_modal-content ult-hide\" style=\"border-style:solid;border-width:2px;border-radius:0px;border-color:#333333;\">\n\t\t\t<div class=\"ult_modal-header\" style=\"color:#333333;border-color:#333333;\">\n\t\t\t\t<h3  data-ultimate-target='#ult-modal-wrap-2352 .ult_modal-title'  data-responsive-json-new='{\"font-size\":\"\",\"line-height\":\"\"}'  class=\"ult_modal-title ult-responsive\">Demande devis gratuit<\/h3>\n\t\t\t<\/div>\n\t\t\t<div  data-ultimate-target='#ult-modal-wrap-2352 .ult_modal-body'  data-responsive-json-new='{\"font-size\":\"\",\"line-height\":\"\"}'  class=\"ult_modal-body ult-responsive ult-html\" style=\"\">\n\t\t\t<\/p>\n<p>[caldera_form id=\u00a0\u00bbCF614462cc44616&Prime;]<\/p>\n<p>\n\t\t\t<\/div>\n\t<\/div>\n\t<\/div>\n\t<div class=\"ult-overlay-close top-right\" style=\"width:80px;height:80px; \"><div class=\"ult-overlay-close-inside\">Close<\/div><\/div>\n<\/div>[\/vc_column_inner][\/vc_row_inner][\/vc_column][\/vc_row][vc_row wrap_container=\u00a0\u00bbyes\u00a0\u00bb css=\u00a0\u00bb.vc_custom_1689256499740{margin-top: 15px !important;}\u00a0\u00bb conditional_render=\u00a0\u00bb%5B%7B%22value_role%22%3A%22administrator%22%7D%5D\u00a0\u00bb][vc_column][vc_custom_heading text=\u00a0\u00bbQuestions fr\u00e9quentes\u00a0\u00bb font_container=\u00a0\u00bbtag:h2|text_align:center|color:%23000000&Prime; use_theme_fonts=\u00a0\u00bbyes\u00a0\u00bb][vc_separator][vc_row_inner][vc_column_inner width=\u00a0\u00bb7\/12&Prime;][vc_column_text]<\/p>\n<h3>Quels sont les avantages de choisir Espamob pour r\u00e9aliser un stage Erasmus en infirmerie en Espagne ?<\/h3>\n<p>En choisissant Espamob pour r\u00e9aliser un stage Erasmus en infirmerie en Espagne, vous b\u00e9n\u00e9ficierez d&rsquo;un accompagnement complet dans toutes les \u00e9tapes de votre projet. Espamob vous aidera \u00e0 cr\u00e9er votre projet, \u00e0 trouver des financements, \u00e0 organiser votre accueil dans les universit\u00e9s et les entreprises partenaires pour votre stage. De plus, Espamob se charge de trouver des logements sur place et de vous r\u00e9cup\u00e9rer \u00e0 l&rsquo;a\u00e9roport, vous offrant ainsi un s\u00e9jour confortable et sans tracas.<\/p>\n<h3>Comment Espamob aide-t-il \u00e0 trouver des financements pour un stage Erasmus en infirmerie en Espagne ?<\/h3>\n<p>Espamob dispose d&rsquo;une grande exp\u00e9rience dans la recherche de financements pour les projets de mobilit\u00e9 Erasmus. L&rsquo;agence vous guidera dans les d\u00e9marches administratives pour obtenir des bourses de mobilit\u00e9, des subventions ou d&rsquo;autres formes de financement. Espamob vous aidera \u00e0 constituer votre dossier de demande de financement et vous donnera des conseils pour maximiser vos chances de succ\u00e8s.<\/p>\n<h3>Quelles sont les garanties offertes par Espamob pour un stage Erasmus en infirmerie en Espagne ?<\/h3>\n<p>Espamob s&rsquo;engage \u00e0 vous offrir un accompagnement de qualit\u00e9 tout au long de votre projet de stage Erasmus en infirmerie en Espagne. L&rsquo;agence travaille en \u00e9troite collaboration avec des universit\u00e9s et des entreprises partenaires de confiance, garantissant ainsi des opportunit\u00e9s de stage pertinentes et enrichissantes. De plus, Espamob met tout en \u0153uvre pour assurer votre confort et votre s\u00e9curit\u00e9 en trouvant des logements adapt\u00e9s \u00e0 vos besoins et en vous accueillant \u00e0 l&rsquo;a\u00e9roport. En choisissant Espamob, vous pouvez avoir l&rsquo;assurance d&rsquo;un s\u00e9jour r\u00e9ussi et b\u00e9n\u00e9fique pour votre parcours professionnel.<\/p>\n<p>[\/vc_column_text][\/vc_column_inner][vc_column_inner width=\u00a0\u00bb1\/12&Prime;][\/vc_column_inner][vc_column_inner width=\u00a0\u00bb4\/12&Prime;][vc_single_image image=\u00a0\u00bb15074&Prime; img_size=\u00a0\u00bbfull\u00a0\u00bb][vc_column_text]<strong>Renseignez-vous sur les diff\u00e9rentes destinations Erasmus + en Espagne :<\/strong><\/p>\n<ul>\n<li><a href=\"https:\/\/espamob.com\/fr\/secteur-stage-entreprise-erasmusplus\/sante\/stage-erasmus-veterinaire\">Stage Erasmus V\u00e9t\u00e9rinaire<\/a><\/li>\n<li><a href=\"https:\/\/espamob.com\/fr\/secteur-stage-entreprise-erasmusplus\/sante\/stage-erasmus-prothesiste-dentaire\">Stage Erasmus Proth\u00e9siste dentaire<\/a><\/li>\n<li><a href=\"https:\/\/espamob.com\/fr\/secteur-stage-entreprise-erasmusplus\/sante\/stage-erasmus-aide-soignant\">Stage Erasmus Aide soignant<\/a><\/li>\n<\/ul>\n<p>[\/vc_column_text][\/vc_column_inner][\/vc_row_inner][\/vc_column][\/vc_row]<\/p>\n<\/div>","protected":false},"excerpt":{"rendered":"<p>[vc_row css=\u00a0\u00bb.vc_custom_1708634158657{margin-top: -20px !important;margin-bottom: 40px !important;background-image: url(https:\/\/espamob.com\/wp-content\/uploads\/2024\/02\/Enfermeria.webp?id=23757) !important;}\u00a0\u00bb conditional_render=\u00a0\u00bb%5B%7B%22value_role%22%3A%22administrator%22%7D%5D\u00a0\u00bb][vc_column css=\u00a0\u00bb.vc_custom_1687965657482{padding-top: 30px !important;}\u00a0\u00bb conditional_render=\u00a0\u00bb%5B%7B%22value_role%22%3A%22administrator%22%7D%5D\u00a0\u00bb][vc_empty_space height=\u00a0\u00bb170&Prime;][vc_custom_heading text=\u00a0\u00bbStage Erasmus : Infirmerie\u00a0\u00bb font_container=\u00a0\u00bbtag:h1|font_size:27|text_align:center|color:%23ffffff\u00a0\u00bb use_theme_fonts=\u00a0\u00bbyes\u00a0\u00bb css=\u00a0\u00bb.vc_custom_1708634089931{margin-bottom: 15px !important;background-color: rgba(136,136,136,0.29) !important;*background-color: rgb(136,136,136) !important;}\u00a0\u00bb animation_type=\u00a0\u00bbzoomIn\u00a0\u00bb][vc_empty_space height=\u00a0\u00bb40&Prime;][\/vc_column][\/vc_row][vc_row wrap_container=\u00a0\u00bbyes\u00a0\u00bb text_align=\u00a0\u00bbjustify\u00a0\u00bb][vc_column text_align=\u00a0\u00bbjustify\u00a0\u00bb][vc_column_text] Home Secteurs de stages Sant\u00e9 Stage Erasmus : Infirmerie [\/vc_column_text][vc_custom_heading text=\u00a0\u00bbLe stage Erasmus en infirmerie : une exp\u00e9rience enrichissante pour les \u00e9tudiants en<\/p>\n","protected":false},"author":2,"featured_media":0,"parent":12157,"menu_order":0,"comment_status":"closed","ping_status":"closed","template":"","meta":{"footnotes":""},"class_list":["post-18397","page","type-page","status-publish","hentry"],"_links":{"self":[{"href":"https:\/\/espamob.com\/fr\/wp-json\/wp\/v2\/pages\/18397","targetHints":{"allow":["GET"]}}],"collection":[{"href":"https:\/\/espamob.com\/fr\/wp-json\/wp\/v2\/pages"}],"about":[{"href":"https:\/\/espamob.com\/fr\/wp-json\/wp\/v2\/types\/page"}],"author":[{"embeddable":true,"href":"https:\/\/espamob.com\/fr\/wp-json\/wp\/v2\/users\/2"}],"replies":[{"embeddable":true,"href":"https:\/\/espamob.com\/fr\/wp-json\/wp\/v2\/comments?post=18397"}],"version-history":[{"count":0,"href":"https:\/\/espamob.com\/fr\/wp-json\/wp\/v2\/pages\/18397\/revisions"}],"up":[{"embeddable":true,"href":"https:\/\/espamob.com\/fr\/wp-json\/wp\/v2\/pages\/12157"}],"wp:attachment":[{"href":"https:\/\/espamob.com\/fr\/wp-json\/wp\/v2\/media?parent=18397"}],"curies":[{"name":"wp","href":"https:\/\/api.w.org\/{rel}","templated":true}]}}