{"id":18390,"date":"2023-08-25T00:00:00","date_gmt":"2023-08-25T00:00:00","guid":{"rendered":"https:\/\/www.espamob.com\/?page_id=18390"},"modified":"2025-11-03T16:04:22","modified_gmt":"2025-11-03T16:04:22","slug":"stage-erasmus-reception","status":"publish","type":"page","link":"https:\/\/espamob.com\/fr\/secteur-stage-entreprise-erasmusplus\/hotellerie-restauration\/stage-erasmus-reception\/","title":{"rendered":"Stage Erasmus : R\u00e9ception"},"content":{"rendered":"<div class=\"wpb-content-wrapper\"><p>[vc_row css=\u00a0\u00bb.vc_custom_1706811342981{margin-top: -20px !important;margin-bottom: 40px !important;background-image: url(https:\/\/espamob.com\/wp-content\/uploads\/2024\/02\/Bienvenida-y-recepcion.webp?id=23230) !important;}\u00a0\u00bb conditional_render=\u00a0\u00bb%5B%7B%22value_role%22%3A%22administrator%22%7D%5D\u00a0\u00bb][vc_column css=\u00a0\u00bb.vc_custom_1687965657482{padding-top: 30px !important;}\u00a0\u00bb conditional_render=\u00a0\u00bb%5B%7B%22value_role%22%3A%22administrator%22%7D%5D\u00a0\u00bb][vc_empty_space height=\u00a0\u00bb170&Prime;][vc_custom_heading text=\u00a0\u00bbStage Erasmus : R\u00e9ception\u00a0\u00bb font_container=\u00a0\u00bbtag:h1|font_size:27|text_align:center|color:%23ffffff\u00a0\u00bb use_theme_fonts=\u00a0\u00bbyes\u00a0\u00bb css=\u00a0\u00bb.vc_custom_1706811144905{margin-bottom: 15px !important;background-color: rgba(136,136,136,0.29) !important;*background-color: rgb(136,136,136) !important;}\u00a0\u00bb animation_type=\u00a0\u00bbzoomIn\u00a0\u00bb][vc_empty_space height=\u00a0\u00bb40&Prime;][\/vc_column][\/vc_row][vc_row wrap_container=\u00a0\u00bbyes\u00a0\u00bb text_align=\u00a0\u00bbjustify\u00a0\u00bb][vc_column text_align=\u00a0\u00bbjustify\u00a0\u00bb][vc_column_text]<\/p>\n<nav aria-label=\"breadcrumb\">\n<ol class=\"breadcrumb\">\n<li class=\"breadcrumb-item\"><a href=\"https:\/\/espamob.com\/\">Home<\/a><\/li>\n<li class=\"breadcrumb-item\"><a href=\"https:\/\/espamob.com\/fr\/secteur-stage-entreprise-erasmusplus\/\">Secteurs de stages<\/a><\/li>\n<li class=\"breadcrumb-item\"><a href=\"https:\/\/espamob.com\/fr\/secteur-stage-entreprise-erasmusplus\/hotellerie-restauration\/\">H\u00f4tellerie et restauration<\/a><\/li>\n<li class=\"breadcrumb-item active\" aria-current=\"page\">Stage Erasmus : R\u00e9ception<\/li>\n<\/ol>\n<\/nav>\n<p>[\/vc_column_text][vc_custom_heading text=\u00a0\u00bbProfitez pleinement de votre stage Erasmus R\u00e9ception\u00a0\u00bb use_theme_fonts=\u00a0\u00bbyes\u00a0\u00bb css=\u00a0\u00bb.vc_custom_1687363443929{margin-top: 20px !important;}\u00a0\u00bb][vc_separator][vc_row_inner][vc_column_inner width=\u00a0\u00bb7\/12&Prime;][vc_column_text]<\/p>\n<p>Le <strong>stage Erasmus R\u00e9ception<\/strong> est une exp\u00e9rience unique pour les \u00e9tudiants souhaitant enrichir leur cursus et d\u00e9couvrir de nouveaux horizons. Ce programme europ\u00e9en, qui offre un soutien financier aux participants, permet d&rsquo;effectuer un stage \u00e0 l&rsquo;\u00e9tranger tout en b\u00e9n\u00e9ficiant d&rsquo;une aide \u00e0 la mobilit\u00e9. Dans cet article, nous vous pr\u00e9sentons les diff\u00e9rentes \u00e9tapes \u00e0 suivre pour profiter au mieux de cette opportunit\u00e9.<\/p>\n<h2>Pr\u00e9parer son dossier de candidature<\/h2>\n<p>Avant de partir en stage Erasmus R\u00e9ception, il est essentiel de constituer un dossier de candidature complet et pertinent. Celui-ci devra comporter plusieurs \u00e9l\u00e9ments :<\/p>\n<ul>\n<li>Un <strong>curriculum vitae<\/strong>, de pr\u00e9f\u00e9rence r\u00e9dig\u00e9 dans la langue du pays d&rsquo;accueil<\/li>\n<li>Une <strong>lettre de motivation<\/strong>, \u00e9galement traduite si n\u00e9cessaire<\/li>\n<li>Les <strong>bulletins de notes<\/strong> des deux derni\u00e8res ann\u00e9es d&rsquo;\u00e9tudes<\/li>\n<li>Une <strong>fiche d&rsquo;\u00e9tat civil<\/strong> ou une copie de la carte d&rsquo;identit\u00e9<\/li>\n<li>Une <strong>attestation de langue<\/strong>, si le niveau requis est sup\u00e9rieur \u00e0 B2<\/li>\n<\/ul>\n<h2>Trouver un stage adapt\u00e9 \u00e0 ses besoins<\/h2>\n<p>Pour d\u00e9nicher le stage Erasmus R\u00e9ception id\u00e9al, il est important de prendre en compte plusieurs crit\u00e8res :<\/p>\n<ol>\n<li>La <strong>dur\u00e9e du stage<\/strong>, qui varie g\u00e9n\u00e9ralement entre 2 et 12 mois<\/li>\n<li>Le <strong>niveau d&rsquo;\u00e9tudes<\/strong> requis, ainsi que les comp\u00e9tences et qualifications demand\u00e9es<\/li>\n<li>Le <strong>secteur d&rsquo;activit\u00e9<\/strong> dans lequel vous souhaitez vous orienter<\/li>\n<li>La <strong>r\u00e9mun\u00e9ration<\/strong> propos\u00e9e (si elle est pr\u00e9vue)<\/li>\n<li>Les <strong>conditions de travail et d&rsquo;accueil<\/strong> au sein de l&rsquo;entreprise<\/li>\n<\/ol>\n<p>N&rsquo;h\u00e9sitez pas \u00e0 consulter les offres de stage disponibles sur les plateformes en ligne d\u00e9di\u00e9es et \u00e0 contacter votre \u00e9tablissement d&rsquo;origine pour b\u00e9n\u00e9ficier d&rsquo;un accompagnement personnalis\u00e9.<\/p>\n<p>[\/vc_column_text][\/vc_column_inner][vc_column_inner width=\u00a0\u00bb1\/12&Prime;][\/vc_column_inner][vc_column_inner width=\u00a0\u00bb4\/12&Prime;][vc_single_image image=\u00a0\u00bb18308&Prime; img_size=\u00a0\u00bb400*400&Prime; alignment=\u00a0\u00bbright\u00a0\u00bb style=\u00a0\u00bbvc_box_rounded\u00a0\u00bb][vc_btn title=\u00a0\u00bbJe veux en savoir plus\u00a0\u00bb style=\u00a0\u00bbcustom\u00a0\u00bb custom_background=\u00a0\u00bb#e20000&Prime; custom_text=\u00a0\u00bb#ffffff\u00a0\u00bb align=\u00a0\u00bbcenter\u00a0\u00bb link=\u00a0\u00bburl:https%3A%2F%2Fespamob.com%2Ffr%2Fcontact%2F|title:FR%20Secteurs|target:_blank\u00a0\u00bb][vc_video link=\u00a0\u00bbhttps:\/\/youtu.be\/asrbpf8IHe0&Prime; align=\u00a0\u00bbcenter\u00a0\u00bb][\/vc_column_inner][\/vc_row_inner][vc_custom_heading text=\u00a0\u00bbFaire une demande d&rsquo;aide \u00e0 la mobilit\u00e9 Erasmus\u00a0\u00bb font_container=\u00a0\u00bbtag:h3|text_align:left\u00a0\u00bb use_theme_fonts=\u00a0\u00bbyes\u00a0\u00bb css=\u00a0\u00bb.vc_custom_1689259044425{margin-top: 20px !important;}\u00a0\u00bb][vc_separator][vc_row_inner][vc_column_inner width=\u00a0\u00bb7\/12&Prime;][vc_column_text]<\/p>\n<p>Une fois le stage trouv\u00e9, vous devez constituer un dossier de demande d&rsquo;aide \u00e0 la mobilit\u00e9 Erasmus. Ce document, \u00e0 remettre \u00e0 votre \u00e9tablissement d&rsquo;origine, doit comprendre :<\/p>\n<ul>\n<li>Une <strong>attestation d&rsquo;acceptation<\/strong> de l&rsquo;entreprise d&rsquo;accueil, indiquant les dates du stage et la mission confi\u00e9e<\/li>\n<li>Une <strong>d\u00e9claration sur l&rsquo;honneur<\/strong> attestant que vous ne percevrez pas d&rsquo;autre aide financi\u00e8re durant la p\u00e9riode de stage<\/li>\n<li>Un <strong>document d&rsquo;\u00e9valuation<\/strong> de vos besoins en terme de logement, transport et autres frais li\u00e9s \u00e0 la mobilit\u00e9<\/li>\n<\/ul>\n<p>Apr\u00e8s validation de votre dossier, vous recevrez une <strong>convention de stage Erasmus<\/strong>, qui devra \u00eatre sign\u00e9e par toutes les parties concern\u00e9es (l&rsquo;\u00e9tudiant, l&rsquo;\u00e9tablissement d&rsquo;origine et l&rsquo;entreprise d&rsquo;accueil).<\/p>\n<h2>Organiser son s\u00e9jour \u00e0 l&rsquo;\u00e9tranger<\/h2>\n<p>Pour profiter pleinement de votre stage Erasmus R\u00e9ception, il est important de pr\u00e9parer minutieusement votre s\u00e9jour \u00e0 l&rsquo;\u00e9tranger. Voici quelques conseils pour partir serein :<\/p>\n<ul>\n<li><strong>Anticipez vos d\u00e9marches administratives<\/strong> : renseignez-vous sur les formalit\u00e9s \u00e0 effectuer (visas, assurance maladie, etc.) et constituez un dossier comprenant tous les documents n\u00e9cessaires.<\/li>\n<li><strong>Trouvez un logement adapt\u00e9<\/strong> : consultez les offres disponibles sur les sites sp\u00e9cialis\u00e9s et n&rsquo;h\u00e9sitez pas \u00e0 solliciter l&rsquo;aide des r\u00e9seaux sociaux et des associations locales.<\/li>\n<li><strong>Pr\u00e9parez-vous financi\u00e8rement<\/strong> : \u00e9valuez le co\u00fbt de la vie dans le pays d&rsquo;accueil et mettez en place un budget pr\u00e9visionnel pour \u00e9viter les mauvaises surprises.<\/li>\n<li><strong>Apprenez la langue du pays<\/strong> : si vous ne ma\u00eetrisez pas d\u00e9j\u00e0 la langue de votre destination, inscrivez-vous \u00e0 des cours ou utilisez des applications d\u00e9di\u00e9es pour progresser rapidement.<\/li>\n<\/ul>\n<h2>Profiter pleinement de son exp\u00e9rience Erasmus R\u00e9ception<\/h2>\n<h3>S&rsquo;immerger dans la culture locale<\/h3>\n<p>Pour enrichir votre s\u00e9jour \u00e0 l&rsquo;\u00e9tranger, il est essentiel de vous immerger dans la culture locale. Participez aux \u00e9v\u00e9nements et activit\u00e9s organis\u00e9s par votre entreprise d&rsquo;accueil, inscrivez-vous \u00e0 des clubs ou associations et n&rsquo;h\u00e9sitez pas \u00e0 voyager pour d\u00e9couvrir les richesses du pays.<\/p>\n<h3>\u00c9largir son r\u00e9seau professionnel<\/h3>\n<p>Le stage Erasmus R\u00e9ception est \u00e9galement l&rsquo;occasion de d\u00e9velopper un r\u00e9seau professionnel international. Profitez de cette exp\u00e9rience pour rencontrer des professionnels de votre secteur d&rsquo;activit\u00e9, \u00e9changer avec eux et ainsi construire des relations durables.<\/p>\n<h3>Valoriser son exp\u00e9rience sur le march\u00e9 du travail<\/h3>\n<p>Enfin, n&rsquo;oubliez pas que votre stage Erasmus R\u00e9ception peut \u00eatre un v\u00e9ritable atout pour votre insertion professionnelle. Mettez en avant vos comp\u00e9tences acquises et les projets r\u00e9alis\u00e9s lors de votre s\u00e9jour \u00e0 l&rsquo;\u00e9tranger pour s\u00e9duire les recruteurs et d\u00e9crocher le poste qui vous correspond.<\/p>\n<p>[\/vc_column_text][\/vc_column_inner][vc_column_inner width=\u00a0\u00bb1\/12&Prime;][\/vc_column_inner][vc_column_inner width=\u00a0\u00bb4\/12&Prime;][vc_raw_html]JTNDZGl2JTIwc3R5bGUlM0QlMjJwYWRkaW5nJTNBJTIwMzBweCUzQmJhY2tncm91bmQtY29sb3IlM0ElMjAlMjNGNEY0RjQlM0IlMjIlM0UlMEElMjAlMjAlMjAlMjAlM0NoNCUzRUQlQzMlQTljb3V2cmV6JTIwdG91cyUyMGxlcyUyMHNlY3RldXJzJTIwZGUlMjBzdGFnZXMlM0MlMkZoNCUzRSUwQSUyMCUyMCUyMCUyMCUzQ3AlM0VFc3BhbW9iJTIwZXN0JTIwc3AlQzMlQTljaWFsaXN0ZSUyMGRhbnMlMjBsJUUyJTgwJTk5YWNjb21wYWduZW1lbnQlMjBkZSUyMGdyb3VwZSUyMGRhbnMlMjBsZXVyJTIwbW9iaWxpdCVDMyVBOSUyMEVyYXNtdXMlMjAlMkIuJTIwRCVDMyVBOWNvdXZyZXolMjBlbiUyMHF1ZWxxdWVzJTIwY2xpcyUyMHRvdXMlMjBsZXMlMjBzZWN0ZXVycyUyMGRlJTIwc3RhZ2UlMjBFcmFzbXVzJTIwZW4lMjBFc3BhZ25lLiUzQyUyRnAlM0UlMEElMjAlMjAlMjAlMjAlM0NhJTIwY2xhc3MlM0QlMjJ2Y19nZW5lcmFsJTIwdmNfYnRuMyUyMHZjX2J0bjMtc2l6ZS1tZCUyMHZjX2J0bjMtc2hhcGUtZGVmYXVsdCUyMHZjX2J0bjMtc3R5bGUtY3VzdG9tJTIwd3BiX2N1c3RvbV82Njg3YjI2ZjM5NDg4ZGRiYjg1ZGRiM2MxY2U4ZTExMSUyMGJ0biUyMiUyMHN0eWxlJTNEJTIyYmFja2dyb3VuZC1jb2xvciUzQSUyM2UyMDAwMCUzQiUyMGNvbG9yJTNBJTIzZmZmZmZmJTNCJTIwYmFja2dyb3VuZC1jb2xvciUzQSUyM2UyMDAwMCUzQiUyMGNvbG9yJTNBJTIzZmZmZmZmJTNCJTIyJTIwaHJlZiUzRCUyMmh0dHBzJTNBJTJGJTJGd3d3LmVzcGFtb2IuY29tJTJGZnIlMkZjb250YWN0JTJGJTIyJTIwdGl0bGUlM0QlMjJGUiUyMFNlY3RldXJzJTIyJTIwdGFyZ2V0JTNEJTIyX2JsYW5rJTIyJTNFSmUlMjBkJUMzJUE5Y291dnJlJTIwbGVzJTIwc2VjdGV1cnMlM0MlMkZhJTNFJTBBJTNDJTJGZGl2JTNF[\/vc_raw_html][vc_custom_heading text=\u00a0\u00bbD\u00e9couvrez le retour d&rsquo;exp\u00e9riences d&rsquo;\u00e9tudiants :\u00a0\u00bb font_container=\u00a0\u00bbtag:h3|text_align:left\u00a0\u00bb use_theme_fonts=\u00a0\u00bbyes\u00a0\u00bb css=\u00a0\u00bb.vc_custom_1693216908231{margin-top: 20px !important;}\u00a0\u00bb][vc_separator][vc_video link=\u00a0\u00bbhttps:\/\/www.youtube.com\/watch?v=mWIQWC6a6uo&#038;ab_channel=Espamob%27-EuropeanMobilityProgram\u00a0\u00bb align=\u00a0\u00bbcenter\u00a0\u00bb][\/vc_column_inner][\/vc_row_inner][\/vc_column][\/vc_row][vc_row full_width=\u00a0\u00bbstretch_row\u00a0\u00bb wrap_container=\u00a0\u00bbyes\u00a0\u00bb is_section=\u00a0\u00bbyes\u00a0\u00bb css=\u00a0\u00bb.vc_custom_1688548809334{margin-top: 20px !important;border-top-width: 0px !important;background-color: #f8f392 !important;}\u00a0\u00bb conditional_render=\u00a0\u00bb%5B%7B%22value_role%22%3A%22administrator%22%7D%5D\u00a0\u00bb][vc_column][vc_row_inner css=\u00a0\u00bb.vc_custom_1688548648248{background-color: #f8f392 !important;}\u00a0\u00bb][vc_column_inner][vc_custom_heading text=\u00a0\u00bbFaire une demande de devis gratuit\u00a0\u00bb font_container=\u00a0\u00bbtag:h2|text_align:center\u00a0\u00bb use_theme_fonts=\u00a0\u00bbyes\u00a0\u00bb][vc_column_text]<\/p>\n<p style=\"text-align: justify;\">Vous avez une id\u00e9e de  projet Erasmus +  en Espagne et vous cherchez un partenaire de confiance pour vous accompagner ? <strong>Espamob\u2019<\/strong> est l\u00e0 pour vous aider ! Nous vous proposons un devis gratuit et sans engagement pour vous aider \u00e0 g\u00e9rer votre projet de mobilit\u00e9. Gr\u00e2ce \u00e0 notre expertise  et \u00e0 notre r\u00e9seau d\u2019entreprises partenaires, nous sommes en mesure de vous offrir un accompagnement personnalis\u00e9 pour r\u00e9pondre \u00e0 vos besoins sp\u00e9cifiques. Contactez-nous d\u00e8s maintenant pour discuter de votre projet et obtenir votre devis gratuit.<\/p>\n<p>[\/vc_column_text]<div id=\"modal-trg-txt-wrap-3160\" class=\"ult-modal-input-wrapper ult-adjust-bottom-margin    \" data-keypress-control=\"keypress-control-enable\" data-overlay-control=\"overlay-control-enable\"><style>\n\t\t\t\t\t.btn-modal.btn-id-69e77bb4e8a6d9-33702674:hover {\n\t\t\t\t\t\tbackground-color: #e20000 !important;\n\t\t\t\t\t}\n\t\t\t\t\t<\/style><button  data-ultimate-target='#modal-trg-txt-wrap-3160 .btn-modal'  data-responsive-json-new='{\"font-size\":\"\",\"line-height\":\"\"}'  style=\"background:#888888;border-color:#888888;color:#ffffff; \" data-class-id=\"content-69e77bb4e8a6d9-33702674\" class=\"btn-modal ult-responsive btn-primary btn-modal-md overlay-show ult-align-center btn-id-69e77bb4e8a6d9-33702674\" data-overlay-class=\"overlay-cornerbottomleft\">DEMANDE DEVIS GRATUIT<\/button><\/div>\n<div class=\"ult-overlay content-69e77bb4e8a6d9-33702674 \" data-class=\"content-69e77bb4e8a6d9-33702674\" id=\"button-click-overlay\" style=\"background:rgba(51,51,51,0.8); display:none;\">\n\t<div class=\"ult_modal ult-fade ult-medium\">\n\t\t<div id=\"ult-modal-wrap-7898\" class=\"ult_modal-content ult-hide\" style=\"border-style:solid;border-width:2px;border-radius:0px;border-color:#333333;\">\n\t\t\t<div class=\"ult_modal-header\" style=\"color:#333333;border-color:#333333;\">\n\t\t\t\t<h3  data-ultimate-target='#ult-modal-wrap-7898 .ult_modal-title'  data-responsive-json-new='{\"font-size\":\"\",\"line-height\":\"\"}'  class=\"ult_modal-title ult-responsive\">Demande devis gratuit<\/h3>\n\t\t\t<\/div>\n\t\t\t<div  data-ultimate-target='#ult-modal-wrap-7898 .ult_modal-body'  data-responsive-json-new='{\"font-size\":\"\",\"line-height\":\"\"}'  class=\"ult_modal-body ult-responsive ult-html\" style=\"\">\n\t\t\t<\/p>\n<p>[caldera_form id=\u00a0\u00bbCF614462cc44616&Prime;]<\/p>\n<p>\n\t\t\t<\/div>\n\t<\/div>\n\t<\/div>\n\t<div class=\"ult-overlay-close top-right\" style=\"width:80px;height:80px; \"><div class=\"ult-overlay-close-inside\">Close<\/div><\/div>\n<\/div>[\/vc_column_inner][\/vc_row_inner][\/vc_column][\/vc_row][vc_row wrap_container=\u00a0\u00bbyes\u00a0\u00bb css=\u00a0\u00bb.vc_custom_1689256499740{margin-top: 15px !important;}\u00a0\u00bb conditional_render=\u00a0\u00bb%5B%7B%22value_role%22%3A%22administrator%22%7D%5D\u00a0\u00bb][vc_column][vc_custom_heading text=\u00a0\u00bbQuestions fr\u00e9quentes\u00a0\u00bb font_container=\u00a0\u00bbtag:h2|text_align:center|color:%23000000&Prime; use_theme_fonts=\u00a0\u00bbyes\u00a0\u00bb][vc_separator][vc_row_inner][vc_column_inner width=\u00a0\u00bb7\/12&Prime;][vc_column_text]<\/p>\n<h3>Quels sont les services propos\u00e9s par Espamob pour les groupes en mobilit\u00e9 Erasmus + en Espagne ?<\/h3>\n<p>Espamob propose une gestion compl\u00e8te des projets de mobilit\u00e9 Erasmus + en Espagne. Cela inclut l&rsquo;accompagnement dans la cr\u00e9ation du projet, la recherche de financement, l&rsquo;accueil dans les universit\u00e9s et les entreprises partenaires pour les stages, la recherche de logements sur place et la prise en charge des groupes \u00e0 l&rsquo;a\u00e9roport.<\/p>\n<h3>Comment Espamob peut-il aider \u00e0 financer notre mobilit\u00e9 Erasmus + en Espagne ?<\/h3>\n<p>Espamob poss\u00e8de une expertise dans la recherche de financement pour les projets de mobilit\u00e9 Erasmus +. L&rsquo;agence peut vous guider dans les d\u00e9marches administratives pour obtenir des subventions et vous conseiller sur les diff\u00e9rentes sources de financement disponibles.<\/p>\n<h3>Quels sont les avantages de choisir Espamob pour notre stage Erasmus + en Espagne ?<\/h3>\n<p>En choisissant Espamob, vous b\u00e9n\u00e9ficiez d&rsquo;une prise en charge compl\u00e8te de votre projet de stage Erasmus + en Espagne. L&rsquo;agence s&rsquo;occupe de tous les aspects logistiques, de la cr\u00e9ation du projet \u00e0 l&rsquo;accueil sur place, en passant par la recherche de financement et la recherche de logements. Vous pouvez ainsi vous concentrer sur votre exp\u00e9rience de stage en toute tranquillit\u00e9.<\/p>\n<p>[\/vc_column_text][\/vc_column_inner][vc_column_inner width=\u00a0\u00bb1\/12&Prime;][\/vc_column_inner][vc_column_inner width=\u00a0\u00bb4\/12&Prime;][vc_single_image image=\u00a0\u00bb15074&Prime; img_size=\u00a0\u00bbfull\u00a0\u00bb][vc_column_text]<strong>Renseignez-vous sur les diff\u00e9rentes destinations Erasmus + en Espagne :<\/strong><\/p>\n<ul>\n<li><a href=\"https:\/\/espamob.com\/fr\/secteur-stage-entreprise-erasmusplus\/hotellerie-restauration\/stage-erasmus-restauration\">Stage Erasmus Restauration<\/a><\/li>\n<li><a href=\"https:\/\/espamob.com\/fr\/secteur-stage-entreprise-erasmusplus\/hotellerie-restauration\/stage-erasmus-barman\">Stage Erasmus Barman<\/a><\/li>\n<\/ul>\n<p>[\/vc_column_text][\/vc_column_inner][\/vc_row_inner][\/vc_column][\/vc_row]<\/p>\n<\/div>","protected":false},"excerpt":{"rendered":"<p>[vc_row css=\u00a0\u00bb.vc_custom_1706811342981{margin-top: -20px !important;margin-bottom: 40px !important;background-image: url(https:\/\/espamob.com\/wp-content\/uploads\/2024\/02\/Bienvenida-y-recepcion.webp?id=23230) !important;}\u00a0\u00bb conditional_render=\u00a0\u00bb%5B%7B%22value_role%22%3A%22administrator%22%7D%5D\u00a0\u00bb][vc_column css=\u00a0\u00bb.vc_custom_1687965657482{padding-top: 30px !important;}\u00a0\u00bb conditional_render=\u00a0\u00bb%5B%7B%22value_role%22%3A%22administrator%22%7D%5D\u00a0\u00bb][vc_empty_space height=\u00a0\u00bb170&Prime;][vc_custom_heading text=\u00a0\u00bbStage Erasmus : R\u00e9ception\u00a0\u00bb font_container=\u00a0\u00bbtag:h1|font_size:27|text_align:center|color:%23ffffff\u00a0\u00bb use_theme_fonts=\u00a0\u00bbyes\u00a0\u00bb css=\u00a0\u00bb.vc_custom_1706811144905{margin-bottom: 15px !important;background-color: rgba(136,136,136,0.29) !important;*background-color: rgb(136,136,136) !important;}\u00a0\u00bb animation_type=\u00a0\u00bbzoomIn\u00a0\u00bb][vc_empty_space height=\u00a0\u00bb40&Prime;][\/vc_column][\/vc_row][vc_row wrap_container=\u00a0\u00bbyes\u00a0\u00bb text_align=\u00a0\u00bbjustify\u00a0\u00bb][vc_column text_align=\u00a0\u00bbjustify\u00a0\u00bb][vc_column_text] Home Secteurs de stages H\u00f4tellerie et restauration Stage Erasmus : R\u00e9ception [\/vc_column_text][vc_custom_heading text=\u00a0\u00bbProfitez pleinement de votre stage Erasmus R\u00e9ception\u00a0\u00bb use_theme_fonts=\u00a0\u00bbyes\u00a0\u00bb css=\u00a0\u00bb.vc_custom_1687363443929{margin-top: 20px !important;}\u00a0\u00bb][vc_separator][vc_row_inner][vc_column_inner<\/p>\n","protected":false},"author":2,"featured_media":0,"parent":11876,"menu_order":0,"comment_status":"closed","ping_status":"closed","template":"","meta":{"footnotes":""},"class_list":["post-18390","page","type-page","status-publish","hentry"],"_links":{"self":[{"href":"https:\/\/espamob.com\/fr\/wp-json\/wp\/v2\/pages\/18390","targetHints":{"allow":["GET"]}}],"collection":[{"href":"https:\/\/espamob.com\/fr\/wp-json\/wp\/v2\/pages"}],"about":[{"href":"https:\/\/espamob.com\/fr\/wp-json\/wp\/v2\/types\/page"}],"author":[{"embeddable":true,"href":"https:\/\/espamob.com\/fr\/wp-json\/wp\/v2\/users\/2"}],"replies":[{"embeddable":true,"href":"https:\/\/espamob.com\/fr\/wp-json\/wp\/v2\/comments?post=18390"}],"version-history":[{"count":0,"href":"https:\/\/espamob.com\/fr\/wp-json\/wp\/v2\/pages\/18390\/revisions"}],"up":[{"embeddable":true,"href":"https:\/\/espamob.com\/fr\/wp-json\/wp\/v2\/pages\/11876"}],"wp:attachment":[{"href":"https:\/\/espamob.com\/fr\/wp-json\/wp\/v2\/media?parent=18390"}],"curies":[{"name":"wp","href":"https:\/\/api.w.org\/{rel}","templated":true}]}}